{"id":11875,"date":"2026-03-06T15:28:18","date_gmt":"2026-03-06T15:28:18","guid":{"rendered":"https:\/\/ksproducts.ca\/?post_type=product&#038;p=11875"},"modified":"2026-03-06T15:28:18","modified_gmt":"2026-03-06T15:28:18","slug":"four-a-pizza-blackstone-pizza-series-avec-chariot","status":"publish","type":"product","link":"https:\/\/ksproducts.ca\/fr\/product\/blackstone-pizza-series-pizza-oven-with-cart\/","title":{"rendered":"Four \u00e0 pizza Blackstone Pizza Series avec chariot"},"content":{"rendered":"<ul>\n<li>Capable d'atteindre jusqu'\u00e0 900\u00b0 degr\u00e9s Fahrenheit.<\/li>\n<li>Base en fonte pour une r\u00e9partition uniforme de la chaleur sur la pierre du fond.<\/li>\n<li>Allumage \u00e9lectrique \u00e0 s\u00e9curit\u00e9 automatique.<\/li>\n<li>R\u00e9gulateur de haute pression r\u00e9glable.<\/li>\n<li>Base mobile d\u00e9tachable du chariot pour une utilisation sur le comptoir.<\/li>\n<li>Pierres en cordi\u00e9rite de 16\u2033 pour des pizzas jusqu'\u00e0 16\u2033 de diam\u00e8tre.<\/li>\n<li>Technologie brevet\u00e9e \u00e0 2 pierres, avec une pierre fixe sur le toit du four et une pierre rotative sur la base.<\/li>\n<li>Cuit les pizzas en 90 secondes seulement.<\/li>\n<li>4 roues pivotantes verrouillables.<\/li>\n<li>Berceau pour bouteille de propane en vrac \u00e0 la base du chariot (les bouteilles de propane sont vendues s\u00e9par\u00e9ment).<\/li>\n<\/ul>","protected":false},"excerpt":{"rendered":"<p>Cette housse pour plancha Blackstone 5 Burner est con\u00e7ue pour prot\u00e9ger votre plancha de 44\u201d tout au long de l'ann\u00e9e. Le mat\u00e9riau r\u00e9sistant aux intemp\u00e9ries et les boucles lat\u00e9rales s\u00e9curis\u00e9es garantissent la protection de votre investissement, quelles que soient les conditions m\u00e9t\u00e9orologiques, afin que vous puissiez continuer \u00e0 cuisiner le petit-d\u00e9jeuner, le d\u00e9jeuner et le d\u00eener, ann\u00e9e apr\u00e8s ann\u00e9e.<\/p>","protected":false},"featured_media":11876,"comment_status":"open","ping_status":"closed","template":"","meta":[],"product_cat":[406],"product_tag":[],"class_list":{"0":"post-11875","1":"product","2":"type-product","3":"status-publish","4":"has-post-thumbnail","6":"product_cat-pizza","7":"product_shipping_class-class-5","9":"first","10":"instock","11":"taxable","12":"shipping-taxable","13":"purchasable","14":"product-type-simple"},"yoast_head":"<!-- This site is optimized with the Yoast SEO plugin v27.3 - https:\/\/yoast.com\/product\/yoast-seo-wordpress\/ -->\n<title>Blackstone Pizza Series Pizza Oven with Cart - Ks Products<\/title>\n<meta name=\"robots\" content=\"index, follow, max-snippet:-1, max-image-preview:large, max-video-preview:-1\" \/>\n<link rel=\"canonical\" href=\"https:\/\/ksproducts.ca\/fr\/product\/four-a-pizza-blackstone-pizza-series-avec-chariot\/\" \/>\n<meta property=\"og:locale\" content=\"fr_CA\" \/>\n<meta property=\"og:type\" content=\"article\" \/>\n<meta property=\"og:title\" content=\"Blackstone Pizza Series Pizza Oven with Cart - Ks Products\" \/>\n<meta property=\"og:description\" content=\"This Blackstone 5 Burner griddle Cover is designed to protect your 44\u201d griddle all year long. Weather-resistant material paired with secure side buckles ensure your investment stays protected no matter what mother nature throws at you, so you can continue to cook breakfast, lunch, and dinner year after year.\" \/>\n<meta property=\"og:url\" content=\"https:\/\/ksproducts.ca\/fr\/product\/four-a-pizza-blackstone-pizza-series-avec-chariot\/\" \/>\n<meta property=\"og:site_name\" content=\"Ks Products\" \/>\n<meta property=\"og:image\" content=\"https:\/\/ksproducts.ca\/wp-content\/uploads\/2026\/03\/Blackstone-Pizza-Series-Pizza-Oven-with-Cart.png\" \/>\n\t<meta property=\"og:image:width\" content=\"790\" \/>\n\t<meta property=\"og:image:height\" content=\"736\" \/>\n\t<meta property=\"og:image:type\" content=\"image\/png\" \/>\n<meta name=\"twitter:card\" content=\"summary_large_image\" \/>\n<meta name=\"twitter:label1\" content=\"Estimation du temps de lecture\" \/>\n\t<meta name=\"twitter:data1\" content=\"1 minute\" \/>\n<script type=\"application\/ld+json\" class=\"yoast-schema-graph\">{\"@context\":\"https:\\\/\\\/schema.org\",\"@graph\":[{\"@type\":\"WebPage\",\"@id\":\"https:\\\/\\\/ksproducts.ca\\\/product\\\/blackstone-pizza-series-pizza-oven-with-cart\\\/\",\"url\":\"https:\\\/\\\/ksproducts.ca\\\/product\\\/blackstone-pizza-series-pizza-oven-with-cart\\\/\",\"name\":\"Blackstone Pizza Series Pizza Oven with Cart - Ks Products\",\"isPartOf\":{\"@id\":\"https:\\\/\\\/ksproducts.ca\\\/#website\"},\"primaryImageOfPage\":{\"@id\":\"https:\\\/\\\/ksproducts.ca\\\/product\\\/blackstone-pizza-series-pizza-oven-with-cart\\\/#primaryimage\"},\"image\":{\"@id\":\"https:\\\/\\\/ksproducts.ca\\\/product\\\/blackstone-pizza-series-pizza-oven-with-cart\\\/#primaryimage\"},\"thumbnailUrl\":\"https:\\\/\\\/ksproducts.ca\\\/wp-content\\\/uploads\\\/2026\\\/03\\\/Blackstone-Pizza-Series-Pizza-Oven-with-Cart.png\",\"datePublished\":\"2026-03-06T15:28:18+00:00\",\"breadcrumb\":{\"@id\":\"https:\\\/\\\/ksproducts.ca\\\/product\\\/blackstone-pizza-series-pizza-oven-with-cart\\\/#breadcrumb\"},\"inLanguage\":\"fr-CA\",\"potentialAction\":[{\"@type\":\"ReadAction\",\"target\":[\"https:\\\/\\\/ksproducts.ca\\\/product\\\/blackstone-pizza-series-pizza-oven-with-cart\\\/\"]}]},{\"@type\":\"ImageObject\",\"inLanguage\":\"fr-CA\",\"@id\":\"https:\\\/\\\/ksproducts.ca\\\/product\\\/blackstone-pizza-series-pizza-oven-with-cart\\\/#primaryimage\",\"url\":\"https:\\\/\\\/ksproducts.ca\\\/wp-content\\\/uploads\\\/2026\\\/03\\\/Blackstone-Pizza-Series-Pizza-Oven-with-Cart.png\",\"contentUrl\":\"https:\\\/\\\/ksproducts.ca\\\/wp-content\\\/uploads\\\/2026\\\/03\\\/Blackstone-Pizza-Series-Pizza-Oven-with-Cart.png\",\"width\":790,\"height\":736,\"caption\":\"Blackstone Pizza Series Pizza Oven with Cart\"},{\"@type\":\"BreadcrumbList\",\"@id\":\"https:\\\/\\\/ksproducts.ca\\\/product\\\/blackstone-pizza-series-pizza-oven-with-cart\\\/#breadcrumb\",\"itemListElement\":[{\"@type\":\"ListItem\",\"position\":1,\"name\":\"Home\",\"item\":\"https:\\\/\\\/ksproducts.ca\\\/\"},{\"@type\":\"ListItem\",\"position\":2,\"name\":\"Shop\",\"item\":\"https:\\\/\\\/ksproducts.ca\\\/shop\\\/\"},{\"@type\":\"ListItem\",\"position\":3,\"name\":\"Blackstone Pizza Series Pizza Oven with Cart\"}]},{\"@type\":\"WebSite\",\"@id\":\"https:\\\/\\\/ksproducts.ca\\\/#website\",\"url\":\"https:\\\/\\\/ksproducts.ca\\\/\",\"name\":\"Ks Products\",\"description\":\"Outdoor cooking and living, made easy in Canada\",\"publisher\":{\"@id\":\"https:\\\/\\\/ksproducts.ca\\\/#organization\"},\"potentialAction\":[{\"@type\":\"SearchAction\",\"target\":{\"@type\":\"EntryPoint\",\"urlTemplate\":\"https:\\\/\\\/ksproducts.ca\\\/?s={search_term_string}\"},\"query-input\":{\"@type\":\"PropertyValueSpecification\",\"valueRequired\":true,\"valueName\":\"search_term_string\"}}],\"inLanguage\":\"fr-CA\"},{\"@type\":\"Organization\",\"@id\":\"https:\\\/\\\/ksproducts.ca\\\/#organization\",\"name\":\"Ks Products\",\"url\":\"https:\\\/\\\/ksproducts.ca\\\/\",\"logo\":{\"@type\":\"ImageObject\",\"inLanguage\":\"fr-CA\",\"@id\":\"https:\\\/\\\/ksproducts.ca\\\/#\\\/schema\\\/logo\\\/image\\\/\",\"url\":\"https:\\\/\\\/ksproducts.ca\\\/wp-content\\\/uploads\\\/2023\\\/09\\\/Kennedy-Sales-Logo-header-1.png\",\"contentUrl\":\"https:\\\/\\\/ksproducts.ca\\\/wp-content\\\/uploads\\\/2023\\\/09\\\/Kennedy-Sales-Logo-header-1.png\",\"width\":150,\"height\":77,\"caption\":\"Ks Products\"},\"image\":{\"@id\":\"https:\\\/\\\/ksproducts.ca\\\/#\\\/schema\\\/logo\\\/image\\\/\"}}]}<\/script>\n<!-- \/ Yoast SEO plugin. -->","yoast_head_json":{"title":"Four \u00e0 pizza Blackstone Pizza Series avec chariot - Ks Products","robots":{"index":"index","follow":"follow","max-snippet":"max-snippet:-1","max-image-preview":"max-image-preview:large","max-video-preview":"max-video-preview:-1"},"canonical":"https:\/\/ksproducts.ca\/fr\/product\/four-a-pizza-blackstone-pizza-series-avec-chariot\/","og_locale":"fr_CA","og_type":"article","og_title":"Blackstone Pizza Series Pizza Oven with Cart - Ks Products","og_description":"This Blackstone 5 Burner griddle Cover is designed to protect your 44\u201d griddle all year long. Weather-resistant material paired with secure side buckles ensure your investment stays protected no matter what mother nature throws at you, so you can continue to cook breakfast, lunch, and dinner year after year.","og_url":"https:\/\/ksproducts.ca\/fr\/product\/four-a-pizza-blackstone-pizza-series-avec-chariot\/","og_site_name":"Ks Products","og_image":[{"width":790,"height":736,"url":"https:\/\/ksproducts.ca\/wp-content\/uploads\/2026\/03\/Blackstone-Pizza-Series-Pizza-Oven-with-Cart.png","type":"image\/png"}],"twitter_card":"summary_large_image","twitter_misc":{"Estimation du temps de lecture":"1 minute"},"schema":{"@context":"https:\/\/schema.org","@graph":[{"@type":"WebPage","@id":"https:\/\/ksproducts.ca\/product\/blackstone-pizza-series-pizza-oven-with-cart\/","url":"https:\/\/ksproducts.ca\/product\/blackstone-pizza-series-pizza-oven-with-cart\/","name":"Four \u00e0 pizza Blackstone Pizza Series avec chariot - Ks Products","isPartOf":{"@id":"https:\/\/ksproducts.ca\/#website"},"primaryImageOfPage":{"@id":"https:\/\/ksproducts.ca\/product\/blackstone-pizza-series-pizza-oven-with-cart\/#primaryimage"},"image":{"@id":"https:\/\/ksproducts.ca\/product\/blackstone-pizza-series-pizza-oven-with-cart\/#primaryimage"},"thumbnailUrl":"https:\/\/ksproducts.ca\/wp-content\/uploads\/2026\/03\/Blackstone-Pizza-Series-Pizza-Oven-with-Cart.png","datePublished":"2026-03-06T15:28:18+00:00","breadcrumb":{"@id":"https:\/\/ksproducts.ca\/product\/blackstone-pizza-series-pizza-oven-with-cart\/#breadcrumb"},"inLanguage":"fr-CA","potentialAction":[{"@type":"ReadAction","target":["https:\/\/ksproducts.ca\/product\/blackstone-pizza-series-pizza-oven-with-cart\/"]}]},{"@type":"ImageObject","inLanguage":"fr-CA","@id":"https:\/\/ksproducts.ca\/product\/blackstone-pizza-series-pizza-oven-with-cart\/#primaryimage","url":"https:\/\/ksproducts.ca\/wp-content\/uploads\/2026\/03\/Blackstone-Pizza-Series-Pizza-Oven-with-Cart.png","contentUrl":"https:\/\/ksproducts.ca\/wp-content\/uploads\/2026\/03\/Blackstone-Pizza-Series-Pizza-Oven-with-Cart.png","width":790,"height":736,"caption":"Blackstone Pizza Series Pizza Oven with Cart"},{"@type":"BreadcrumbList","@id":"https:\/\/ksproducts.ca\/product\/blackstone-pizza-series-pizza-oven-with-cart\/#breadcrumb","itemListElement":[{"@type":"ListItem","position":1,"name":"Home","item":"https:\/\/ksproducts.ca\/"},{"@type":"ListItem","position":2,"name":"Shop","item":"https:\/\/ksproducts.ca\/shop\/"},{"@type":"ListItem","position":3,"name":"Blackstone Pizza Series Pizza Oven with Cart"}]},{"@type":"WebSite","@id":"https:\/\/ksproducts.ca\/#website","url":"https:\/\/ksproducts.ca\/","name":"Produits Ks","description":"Cuisiner et vivre en plein air, c'est facile au Canada","publisher":{"@id":"https:\/\/ksproducts.ca\/#organization"},"potentialAction":[{"@type":"SearchAction","target":{"@type":"EntryPoint","urlTemplate":"https:\/\/ksproducts.ca\/?s={search_term_string}"},"query-input":{"@type":"PropertyValueSpecification","valueRequired":true,"valueName":"search_term_string"}}],"inLanguage":"fr-CA"},{"@type":"Organization","@id":"https:\/\/ksproducts.ca\/#organization","name":"Produits Ks","url":"https:\/\/ksproducts.ca\/","logo":{"@type":"ImageObject","inLanguage":"fr-CA","@id":"https:\/\/ksproducts.ca\/#\/schema\/logo\/image\/","url":"https:\/\/ksproducts.ca\/wp-content\/uploads\/2023\/09\/Kennedy-Sales-Logo-header-1.png","contentUrl":"https:\/\/ksproducts.ca\/wp-content\/uploads\/2023\/09\/Kennedy-Sales-Logo-header-1.png","width":150,"height":77,"caption":"Ks Products"},"image":{"@id":"https:\/\/ksproducts.ca\/#\/schema\/logo\/image\/"}}]}},"_links":{"self":[{"href":"https:\/\/ksproducts.ca\/fr\/wp-json\/wp\/v2\/product\/11875","targetHints":{"allow":["GET"]}}],"collection":[{"href":"https:\/\/ksproducts.ca\/fr\/wp-json\/wp\/v2\/product"}],"about":[{"href":"https:\/\/ksproducts.ca\/fr\/wp-json\/wp\/v2\/types\/product"}],"replies":[{"embeddable":true,"href":"https:\/\/ksproducts.ca\/fr\/wp-json\/wp\/v2\/comments?post=11875"}],"version-history":[{"count":1,"href":"https:\/\/ksproducts.ca\/fr\/wp-json\/wp\/v2\/product\/11875\/revisions"}],"predecessor-version":[{"id":11877,"href":"https:\/\/ksproducts.ca\/fr\/wp-json\/wp\/v2\/product\/11875\/revisions\/11877"}],"wp:featuredmedia":[{"embeddable":true,"href":"https:\/\/ksproducts.ca\/fr\/wp-json\/wp\/v2\/media\/11876"}],"wp:attachment":[{"href":"https:\/\/ksproducts.ca\/fr\/wp-json\/wp\/v2\/media?parent=11875"}],"wp:term":[{"taxonomy":"product_cat","embeddable":true,"href":"https:\/\/ksproducts.ca\/fr\/wp-json\/wp\/v2\/product_cat?post=11875"},{"taxonomy":"product_tag","embeddable":true,"href":"https:\/\/ksproducts.ca\/fr\/wp-json\/wp\/v2\/product_tag?post=11875"}],"curies":[{"name":"wp","href":"https:\/\/api.w.org\/{rel}","templated":true}]}}