{"id":11881,"date":"2026-03-06T15:37:20","date_gmt":"2026-03-06T15:37:20","guid":{"rendered":"https:\/\/ksproducts.ca\/?post_type=product&#038;p=11881"},"modified":"2026-03-16T17:21:26","modified_gmt":"2026-03-16T17:21:26","slug":"bac-a-peinture-vaughan","status":"publish","type":"product","link":"https:\/\/ksproducts.ca\/fr\/product\/vaughan-paint-tray\/","title":{"rendered":"Bac \u00e0 peinture Vaughan"},"content":{"rendered":"<ul>\n<li>Permet de maintenir les bacs \u00e0 peinture en m\u00e9tal ou en plastique universellement utilis\u00e9s afin d'\u00e9viter tout mouvement lors de l'utilisation des pinceaux.<\/li>\n<li>Le fond est \u00e9quip\u00e9 de deux aimants qui maintiennent les brosses en acier en place.<\/li>\n<li>La pince r\u00e9glable maintient en place le rouleau de peinture de la perche d'extension<\/li>\n<\/ul>","protected":false},"excerpt":{"rendered":"<p>Le support de bac \u00e0 peinture Vaughan\u00ae est l'outil id\u00e9al pour faciliter le travail. Il \u00e9limine la n\u00e9cessit\u00e9 de se pencher pour d\u00e9placer ou ramasser un bac \u00e0 peinture et r\u00e9duit les tensions au niveau du dos et des jambes. Le support peut maintenir en toute s\u00e9curit\u00e9 le rouleau de peinture \u00e0 rallonge en position verticale pour \u00e9viter qu'il ne glisse sur le sol. Permet de garder les choses organis\u00e9es et d'\u00e9viter les d\u00e9versements de peinture ou les accidents. Comprend un porte-pinceau magn\u00e9tique pour les pinceaux en acier et fonctionne avec les bacs \u00e0 peinture en plastique ou en m\u00e9tal. Livr\u00e9 avec 2 pi\u00e8ces de rev\u00eatement transparent et 1 pi\u00e8ce de bac \u00e0 peinture en plastique. D\u00e9placez facilement le support pendant les travaux sans renverser de peinture.<\/p>","protected":false},"featured_media":11882,"comment_status":"open","ping_status":"closed","template":"","meta":[],"product_cat":[435],"product_tag":[],"class_list":{"0":"post-11881","1":"product","2":"type-product","3":"status-publish","4":"has-post-thumbnail","6":"product_cat-whiteboards-glass-boards","7":"product_shipping_class-class-1","9":"first","10":"instock","11":"taxable","12":"shipping-taxable","13":"purchasable","14":"product-type-simple"},"yoast_head":"<!-- This site is optimized with the Yoast SEO plugin v27.3 - https:\/\/yoast.com\/product\/yoast-seo-wordpress\/ -->\n<title>Vaughan Paint Tray - Ks Products<\/title>\n<meta name=\"robots\" content=\"index, follow, max-snippet:-1, max-image-preview:large, max-video-preview:-1\" \/>\n<link rel=\"canonical\" href=\"https:\/\/ksproducts.ca\/fr\/product\/bac-a-peinture-vaughan\/\" \/>\n<meta property=\"og:locale\" content=\"fr_CA\" \/>\n<meta property=\"og:type\" content=\"article\" \/>\n<meta property=\"og:title\" content=\"Vaughan Paint Tray - Ks Products\" \/>\n<meta property=\"og:description\" content=\"The Vaughan\u00ae Paint Tray Holder is the perfect tool to make the job easier. Eliminates the need to bend over to move or pick up a roller tray and reduces back and leg strain. The holder can safely hold the extension pole paint roller in an upright position to keep from lying \ufb02at on the \ufb02oor. Helps keep things organized and prevents paint spills or accidents. Features a magnetic brush holder for steel brushes and works with plastic or metal paint trays. Comes with 2 pieces of clear tray liner and 1-piece plastic paint tray. Conveniently move the holder around during jobs without spillage.\" \/>\n<meta property=\"og:url\" content=\"https:\/\/ksproducts.ca\/fr\/product\/bac-a-peinture-vaughan\/\" \/>\n<meta property=\"og:site_name\" content=\"Ks Products\" \/>\n<meta property=\"article:modified_time\" content=\"2026-03-16T17:21:26+00:00\" \/>\n<meta property=\"og:image\" content=\"https:\/\/ksproducts.ca\/wp-content\/uploads\/2026\/03\/Vaughan-Paint-Tray.jpg\" \/>\n\t<meta property=\"og:image:width\" content=\"600\" \/>\n\t<meta property=\"og:image:height\" content=\"600\" \/>\n\t<meta property=\"og:image:type\" content=\"image\/jpeg\" \/>\n<meta name=\"twitter:card\" content=\"summary_large_image\" \/>\n<meta name=\"twitter:label1\" content=\"Estimation du temps de lecture\" \/>\n\t<meta name=\"twitter:data1\" content=\"1 minute\" \/>\n<script type=\"application\/ld+json\" class=\"yoast-schema-graph\">{\"@context\":\"https:\\\/\\\/schema.org\",\"@graph\":[{\"@type\":\"WebPage\",\"@id\":\"https:\\\/\\\/ksproducts.ca\\\/product\\\/vaughan-paint-tray\\\/\",\"url\":\"https:\\\/\\\/ksproducts.ca\\\/product\\\/vaughan-paint-tray\\\/\",\"name\":\"Vaughan Paint Tray - Ks Products\",\"isPartOf\":{\"@id\":\"https:\\\/\\\/ksproducts.ca\\\/#website\"},\"primaryImageOfPage\":{\"@id\":\"https:\\\/\\\/ksproducts.ca\\\/product\\\/vaughan-paint-tray\\\/#primaryimage\"},\"image\":{\"@id\":\"https:\\\/\\\/ksproducts.ca\\\/product\\\/vaughan-paint-tray\\\/#primaryimage\"},\"thumbnailUrl\":\"https:\\\/\\\/ksproducts.ca\\\/wp-content\\\/uploads\\\/2026\\\/03\\\/Vaughan-Paint-Tray.jpg\",\"datePublished\":\"2026-03-06T15:37:20+00:00\",\"dateModified\":\"2026-03-16T17:21:26+00:00\",\"breadcrumb\":{\"@id\":\"https:\\\/\\\/ksproducts.ca\\\/product\\\/vaughan-paint-tray\\\/#breadcrumb\"},\"inLanguage\":\"fr-CA\",\"potentialAction\":[{\"@type\":\"ReadAction\",\"target\":[\"https:\\\/\\\/ksproducts.ca\\\/product\\\/vaughan-paint-tray\\\/\"]}]},{\"@type\":\"ImageObject\",\"inLanguage\":\"fr-CA\",\"@id\":\"https:\\\/\\\/ksproducts.ca\\\/product\\\/vaughan-paint-tray\\\/#primaryimage\",\"url\":\"https:\\\/\\\/ksproducts.ca\\\/wp-content\\\/uploads\\\/2026\\\/03\\\/Vaughan-Paint-Tray.jpg\",\"contentUrl\":\"https:\\\/\\\/ksproducts.ca\\\/wp-content\\\/uploads\\\/2026\\\/03\\\/Vaughan-Paint-Tray.jpg\",\"width\":600,\"height\":600,\"caption\":\"Vaughan Paint Tray\"},{\"@type\":\"BreadcrumbList\",\"@id\":\"https:\\\/\\\/ksproducts.ca\\\/product\\\/vaughan-paint-tray\\\/#breadcrumb\",\"itemListElement\":[{\"@type\":\"ListItem\",\"position\":1,\"name\":\"Home\",\"item\":\"https:\\\/\\\/ksproducts.ca\\\/\"},{\"@type\":\"ListItem\",\"position\":2,\"name\":\"Shop\",\"item\":\"https:\\\/\\\/ksproducts.ca\\\/shop\\\/\"},{\"@type\":\"ListItem\",\"position\":3,\"name\":\"Vaughan Paint Tray\"}]},{\"@type\":\"WebSite\",\"@id\":\"https:\\\/\\\/ksproducts.ca\\\/#website\",\"url\":\"https:\\\/\\\/ksproducts.ca\\\/\",\"name\":\"Ks Products\",\"description\":\"Outdoor cooking and living, made easy in Canada\",\"publisher\":{\"@id\":\"https:\\\/\\\/ksproducts.ca\\\/#organization\"},\"potentialAction\":[{\"@type\":\"SearchAction\",\"target\":{\"@type\":\"EntryPoint\",\"urlTemplate\":\"https:\\\/\\\/ksproducts.ca\\\/?s={search_term_string}\"},\"query-input\":{\"@type\":\"PropertyValueSpecification\",\"valueRequired\":true,\"valueName\":\"search_term_string\"}}],\"inLanguage\":\"fr-CA\"},{\"@type\":\"Organization\",\"@id\":\"https:\\\/\\\/ksproducts.ca\\\/#organization\",\"name\":\"Ks Products\",\"url\":\"https:\\\/\\\/ksproducts.ca\\\/\",\"logo\":{\"@type\":\"ImageObject\",\"inLanguage\":\"fr-CA\",\"@id\":\"https:\\\/\\\/ksproducts.ca\\\/#\\\/schema\\\/logo\\\/image\\\/\",\"url\":\"https:\\\/\\\/ksproducts.ca\\\/wp-content\\\/uploads\\\/2023\\\/09\\\/Kennedy-Sales-Logo-header-1.png\",\"contentUrl\":\"https:\\\/\\\/ksproducts.ca\\\/wp-content\\\/uploads\\\/2023\\\/09\\\/Kennedy-Sales-Logo-header-1.png\",\"width\":150,\"height\":77,\"caption\":\"Ks Products\"},\"image\":{\"@id\":\"https:\\\/\\\/ksproducts.ca\\\/#\\\/schema\\\/logo\\\/image\\\/\"}}]}<\/script>\n<!-- \/ Yoast SEO plugin. -->","yoast_head_json":{"title":"Bac \u00e0 peinture Vaughan - Ks Products","robots":{"index":"index","follow":"follow","max-snippet":"max-snippet:-1","max-image-preview":"max-image-preview:large","max-video-preview":"max-video-preview:-1"},"canonical":"https:\/\/ksproducts.ca\/fr\/product\/bac-a-peinture-vaughan\/","og_locale":"fr_CA","og_type":"article","og_title":"Vaughan Paint Tray - Ks Products","og_description":"The Vaughan\u00ae Paint Tray Holder is the perfect tool to make the job easier. Eliminates the need to bend over to move or pick up a roller tray and reduces back and leg strain. The holder can safely hold the extension pole paint roller in an upright position to keep from lying \ufb02at on the \ufb02oor. Helps keep things organized and prevents paint spills or accidents. Features a magnetic brush holder for steel brushes and works with plastic or metal paint trays. Comes with 2 pieces of clear tray liner and 1-piece plastic paint tray. Conveniently move the holder around during jobs without spillage.","og_url":"https:\/\/ksproducts.ca\/fr\/product\/bac-a-peinture-vaughan\/","og_site_name":"Ks Products","article_modified_time":"2026-03-16T17:21:26+00:00","og_image":[{"width":600,"height":600,"url":"https:\/\/ksproducts.ca\/wp-content\/uploads\/2026\/03\/Vaughan-Paint-Tray.jpg","type":"image\/jpeg"}],"twitter_card":"summary_large_image","twitter_misc":{"Estimation du temps de lecture":"1 minute"},"schema":{"@context":"https:\/\/schema.org","@graph":[{"@type":"WebPage","@id":"https:\/\/ksproducts.ca\/product\/vaughan-paint-tray\/","url":"https:\/\/ksproducts.ca\/product\/vaughan-paint-tray\/","name":"Bac \u00e0 peinture Vaughan - Ks Products","isPartOf":{"@id":"https:\/\/ksproducts.ca\/#website"},"primaryImageOfPage":{"@id":"https:\/\/ksproducts.ca\/product\/vaughan-paint-tray\/#primaryimage"},"image":{"@id":"https:\/\/ksproducts.ca\/product\/vaughan-paint-tray\/#primaryimage"},"thumbnailUrl":"https:\/\/ksproducts.ca\/wp-content\/uploads\/2026\/03\/Vaughan-Paint-Tray.jpg","datePublished":"2026-03-06T15:37:20+00:00","dateModified":"2026-03-16T17:21:26+00:00","breadcrumb":{"@id":"https:\/\/ksproducts.ca\/product\/vaughan-paint-tray\/#breadcrumb"},"inLanguage":"fr-CA","potentialAction":[{"@type":"ReadAction","target":["https:\/\/ksproducts.ca\/product\/vaughan-paint-tray\/"]}]},{"@type":"ImageObject","inLanguage":"fr-CA","@id":"https:\/\/ksproducts.ca\/product\/vaughan-paint-tray\/#primaryimage","url":"https:\/\/ksproducts.ca\/wp-content\/uploads\/2026\/03\/Vaughan-Paint-Tray.jpg","contentUrl":"https:\/\/ksproducts.ca\/wp-content\/uploads\/2026\/03\/Vaughan-Paint-Tray.jpg","width":600,"height":600,"caption":"Vaughan Paint Tray"},{"@type":"BreadcrumbList","@id":"https:\/\/ksproducts.ca\/product\/vaughan-paint-tray\/#breadcrumb","itemListElement":[{"@type":"ListItem","position":1,"name":"Home","item":"https:\/\/ksproducts.ca\/"},{"@type":"ListItem","position":2,"name":"Shop","item":"https:\/\/ksproducts.ca\/shop\/"},{"@type":"ListItem","position":3,"name":"Vaughan Paint Tray"}]},{"@type":"WebSite","@id":"https:\/\/ksproducts.ca\/#website","url":"https:\/\/ksproducts.ca\/","name":"Produits Ks","description":"Cuisiner et vivre en plein air, c'est facile au Canada","publisher":{"@id":"https:\/\/ksproducts.ca\/#organization"},"potentialAction":[{"@type":"SearchAction","target":{"@type":"EntryPoint","urlTemplate":"https:\/\/ksproducts.ca\/?s={search_term_string}"},"query-input":{"@type":"PropertyValueSpecification","valueRequired":true,"valueName":"search_term_string"}}],"inLanguage":"fr-CA"},{"@type":"Organization","@id":"https:\/\/ksproducts.ca\/#organization","name":"Produits Ks","url":"https:\/\/ksproducts.ca\/","logo":{"@type":"ImageObject","inLanguage":"fr-CA","@id":"https:\/\/ksproducts.ca\/#\/schema\/logo\/image\/","url":"https:\/\/ksproducts.ca\/wp-content\/uploads\/2023\/09\/Kennedy-Sales-Logo-header-1.png","contentUrl":"https:\/\/ksproducts.ca\/wp-content\/uploads\/2023\/09\/Kennedy-Sales-Logo-header-1.png","width":150,"height":77,"caption":"Ks Products"},"image":{"@id":"https:\/\/ksproducts.ca\/#\/schema\/logo\/image\/"}}]}},"_links":{"self":[{"href":"https:\/\/ksproducts.ca\/fr\/wp-json\/wp\/v2\/product\/11881","targetHints":{"allow":["GET"]}}],"collection":[{"href":"https:\/\/ksproducts.ca\/fr\/wp-json\/wp\/v2\/product"}],"about":[{"href":"https:\/\/ksproducts.ca\/fr\/wp-json\/wp\/v2\/types\/product"}],"replies":[{"embeddable":true,"href":"https:\/\/ksproducts.ca\/fr\/wp-json\/wp\/v2\/comments?post=11881"}],"version-history":[{"count":1,"href":"https:\/\/ksproducts.ca\/fr\/wp-json\/wp\/v2\/product\/11881\/revisions"}],"predecessor-version":[{"id":11883,"href":"https:\/\/ksproducts.ca\/fr\/wp-json\/wp\/v2\/product\/11881\/revisions\/11883"}],"wp:featuredmedia":[{"embeddable":true,"href":"https:\/\/ksproducts.ca\/fr\/wp-json\/wp\/v2\/media\/11882"}],"wp:attachment":[{"href":"https:\/\/ksproducts.ca\/fr\/wp-json\/wp\/v2\/media?parent=11881"}],"wp:term":[{"taxonomy":"product_cat","embeddable":true,"href":"https:\/\/ksproducts.ca\/fr\/wp-json\/wp\/v2\/product_cat?post=11881"},{"taxonomy":"product_tag","embeddable":true,"href":"https:\/\/ksproducts.ca\/fr\/wp-json\/wp\/v2\/product_tag?post=11881"}],"curies":[{"name":"wp","href":"https:\/\/api.w.org\/{rel}","templated":true}]}}