{"id":11888,"date":"2026-03-06T15:50:50","date_gmt":"2026-03-06T15:50:50","guid":{"rendered":"https:\/\/ksproducts.ca\/?post_type=product&#038;p=11888"},"modified":"2026-03-06T17:58:03","modified_gmt":"2026-03-06T17:58:03","slug":"treuil-novawinch-super-b-4500lb-cable-synthetique-12v","status":"publish","type":"product","link":"https:\/\/ksproducts.ca\/fr\/product\/novawinch-super-b-4500lb-winch-12v-synthetic-rope\/","title":{"rendered":"Treuil Novawinch Super B 4,500lb, 12v corde synth\u00e9tique"},"content":{"rendered":"<div data-product-detail-layout=\"simple\" data-section-width=\"full\" data-gallery-placement=\"left\" data-gallery-design=\"slideshow\" data-gallery-thumbnail-placement=\"below\" data-gallery-click-action=\"lightbox\" data-gallery-hover-action=\"zoom\" data-gallery-zoom-factor=\"2\" data-content-vertical-alignment=\"top\" data-content-horizontal-alignment=\"left\" data-payment-plan-select-display=\"radio\" data-payment-plan-select-border-shape=\"square\">\n<div class=\"product-content-wrapper\">\n<div class=\"product-meta\">\n<div class=\"product-description hidden-down-md\">\n<ul data-rte-list=\"true\">\n<li>\n<p class=\"\" data-rte-preserve-empty=\"true\">High-Torque permanent magnet motor (up to 2.6hp)<\/p>\n<\/li>\n<li>\n<p class=\"\" data-rte-preserve-empty=\"true\">360\u00ba All-metal free spool control<\/p>\n<\/li>\n<li>\n<p class=\"\" data-rte-preserve-empty=\"true\">Mechanical plus automatic load holding brake<\/p>\n<\/li>\n<li>\n<p class=\"\" data-rte-preserve-empty=\"true\">Planetary compact gearset with a 180:1 ratio<\/p>\n<\/li>\n<li>\n<p class=\"\" data-rte-preserve-empty=\"true\">Welded, steel drum &#8211; stronger and costlier than cheap cast aluminum<\/p>\n<\/li>\n<li>\n<p class=\"\" data-rte-preserve-empty=\"true\">Standard ATV mount pattern: 4.9\u201d x3\u201d<\/p>\n<\/li>\n<\/ul>\n<\/div>\n<\/div>\n<\/div>\n<\/div>\n<section class=\"ProductItem-additional\">\n<div id=\"item-67643875c8d73d3ce2d67648\" class=\"sqs-layout sqs-grid-12 columns-12\" data-layout-label=\"Post Body\" data-type=\"item\">\n<div class=\"row sqs-row\">\n<div class=\"col sqs-col-12 span-12\">\n<div id=\"block-fa23f5b27f8b98c1261b\" class=\"sqs-block website-component-block sqs-block-website-component sqs-block-html html-block\" data-block-css=\"[&quot;https:\/\/definitions.sqspcdn.com\/website-component-definition\/static-assets\/website.components.html\/3b3d0dcb-1c3a-478a-a047-0b5372690c40_265\/website.components.html.styles.css&quot;]\" data-block-scripts=\"[&quot;https:\/\/definitions.sqspcdn.com\/website-component-definition\/static-assets\/website.components.html\/3b3d0dcb-1c3a-478a-a047-0b5372690c40_265\/website.components.html.visitor.js&quot;]\" data-block-type=\"1337\" data-definition-name=\"website.components.html\" data-sqsp-block=\"text\">\n<div class=\"sqs-block-content\">\n<div class=\"sqs-text-block-container\">\n<div class=\"sqs-html-content\" data-sqsp-text-block-content=\"\"><\/div>\n<\/div>\n<\/div>\n<\/div>\n<\/div>\n<\/div>\n<\/div>\n<\/section>\n","protected":false},"excerpt":{"rendered":"<p>Construite pour durer, la nouvelle s\u00e9rie Super B de Novawinch est une b\u00eate de somme. Nous avons int\u00e9gr\u00e9 un moteur \u00e0 couple \u00e9lev\u00e9 (que nous enroulons dans notre usine), un jeu d'engrenages ultra-compact pour s'assurer qu'il s'int\u00e8gre dans les espaces les plus restreints et une construction enti\u00e8rement m\u00e9tallique - il peut faire face \u00e0 tout ce que vous trouverez sur le sentier.<\/p>","protected":false},"featured_media":11889,"comment_status":"open","ping_status":"closed","template":"","meta":[],"product_cat":[451],"product_tag":[],"class_list":{"0":"post-11888","1":"product","2":"type-product","3":"status-publish","4":"has-post-thumbnail","6":"product_cat-tools-equipment","7":"product_shipping_class-class-4","9":"first","10":"instock","11":"taxable","12":"shipping-taxable","13":"purchasable","14":"product-type-simple"},"yoast_head":"<!-- This site is optimized with the Yoast SEO plugin v27.3 - https:\/\/yoast.com\/product\/yoast-seo-wordpress\/ -->\n<title>Novawinch Super B 4,500lb Winch, 12v Synthetic Rope - Ks Products<\/title>\n<meta name=\"robots\" content=\"index, follow, max-snippet:-1, max-image-preview:large, max-video-preview:-1\" \/>\n<link rel=\"canonical\" href=\"https:\/\/ksproducts.ca\/fr\/product\/treuil-novawinch-super-b-4500lb-cable-synthetique-12v\/\" \/>\n<meta property=\"og:locale\" content=\"fr_CA\" \/>\n<meta property=\"og:type\" content=\"article\" \/>\n<meta property=\"og:title\" content=\"Novawinch Super B 4,500lb Winch, 12v Synthetic Rope - Ks Products\" \/>\n<meta property=\"og:description\" content=\"Built to last, the new Super B Series from Novawinch is a workhorse. We\u2019ve packed a high-torque motor (that we wind at our factory), an ultra-compact gearset to insure this fits into the tightest of spaces and all-metal construction - it can handle whatever you\u2019ll find on the trail.\" \/>\n<meta property=\"og:url\" content=\"https:\/\/ksproducts.ca\/fr\/product\/treuil-novawinch-super-b-4500lb-cable-synthetique-12v\/\" \/>\n<meta property=\"og:site_name\" content=\"Ks Products\" \/>\n<meta property=\"article:modified_time\" content=\"2026-03-06T17:58:03+00:00\" \/>\n<meta property=\"og:image\" content=\"https:\/\/ksproducts.ca\/wp-content\/uploads\/2026\/03\/Novawinch-Super-B-4500lb-Winch-12v-Synthetic-Rope.webp\" \/>\n\t<meta property=\"og:image:width\" content=\"500\" \/>\n\t<meta property=\"og:image:height\" content=\"333\" \/>\n\t<meta property=\"og:image:type\" content=\"image\/webp\" \/>\n<meta name=\"twitter:card\" content=\"summary_large_image\" \/>\n<meta name=\"twitter:label1\" content=\"Estimation du temps de lecture\" \/>\n\t<meta name=\"twitter:data1\" content=\"1 minute\" \/>\n<script type=\"application\/ld+json\" class=\"yoast-schema-graph\">{\"@context\":\"https:\\\/\\\/schema.org\",\"@graph\":[{\"@type\":\"WebPage\",\"@id\":\"https:\\\/\\\/ksproducts.ca\\\/product\\\/novawinch-super-b-4500lb-winch-12v-synthetic-rope\\\/\",\"url\":\"https:\\\/\\\/ksproducts.ca\\\/product\\\/novawinch-super-b-4500lb-winch-12v-synthetic-rope\\\/\",\"name\":\"Novawinch Super B 4,500lb Winch, 12v Synthetic Rope - Ks Products\",\"isPartOf\":{\"@id\":\"https:\\\/\\\/ksproducts.ca\\\/#website\"},\"primaryImageOfPage\":{\"@id\":\"https:\\\/\\\/ksproducts.ca\\\/product\\\/novawinch-super-b-4500lb-winch-12v-synthetic-rope\\\/#primaryimage\"},\"image\":{\"@id\":\"https:\\\/\\\/ksproducts.ca\\\/product\\\/novawinch-super-b-4500lb-winch-12v-synthetic-rope\\\/#primaryimage\"},\"thumbnailUrl\":\"https:\\\/\\\/ksproducts.ca\\\/wp-content\\\/uploads\\\/2026\\\/03\\\/Novawinch-Super-B-4500lb-Winch-12v-Synthetic-Rope.webp\",\"datePublished\":\"2026-03-06T15:50:50+00:00\",\"dateModified\":\"2026-03-06T17:58:03+00:00\",\"breadcrumb\":{\"@id\":\"https:\\\/\\\/ksproducts.ca\\\/product\\\/novawinch-super-b-4500lb-winch-12v-synthetic-rope\\\/#breadcrumb\"},\"inLanguage\":\"fr-CA\",\"potentialAction\":[{\"@type\":\"ReadAction\",\"target\":[\"https:\\\/\\\/ksproducts.ca\\\/product\\\/novawinch-super-b-4500lb-winch-12v-synthetic-rope\\\/\"]}]},{\"@type\":\"ImageObject\",\"inLanguage\":\"fr-CA\",\"@id\":\"https:\\\/\\\/ksproducts.ca\\\/product\\\/novawinch-super-b-4500lb-winch-12v-synthetic-rope\\\/#primaryimage\",\"url\":\"https:\\\/\\\/ksproducts.ca\\\/wp-content\\\/uploads\\\/2026\\\/03\\\/Novawinch-Super-B-4500lb-Winch-12v-Synthetic-Rope.webp\",\"contentUrl\":\"https:\\\/\\\/ksproducts.ca\\\/wp-content\\\/uploads\\\/2026\\\/03\\\/Novawinch-Super-B-4500lb-Winch-12v-Synthetic-Rope.webp\",\"width\":500,\"height\":333,\"caption\":\"Novawinch Super B 4,500lb Winch, 12v Synthetic Rope\"},{\"@type\":\"BreadcrumbList\",\"@id\":\"https:\\\/\\\/ksproducts.ca\\\/product\\\/novawinch-super-b-4500lb-winch-12v-synthetic-rope\\\/#breadcrumb\",\"itemListElement\":[{\"@type\":\"ListItem\",\"position\":1,\"name\":\"Home\",\"item\":\"https:\\\/\\\/ksproducts.ca\\\/\"},{\"@type\":\"ListItem\",\"position\":2,\"name\":\"Shop\",\"item\":\"https:\\\/\\\/ksproducts.ca\\\/shop\\\/\"},{\"@type\":\"ListItem\",\"position\":3,\"name\":\"Novawinch Super B 4,500lb Winch, 12v Synthetic Rope\"}]},{\"@type\":\"WebSite\",\"@id\":\"https:\\\/\\\/ksproducts.ca\\\/#website\",\"url\":\"https:\\\/\\\/ksproducts.ca\\\/\",\"name\":\"Ks Products\",\"description\":\"Outdoor cooking and living, made easy in Canada\",\"publisher\":{\"@id\":\"https:\\\/\\\/ksproducts.ca\\\/#organization\"},\"potentialAction\":[{\"@type\":\"SearchAction\",\"target\":{\"@type\":\"EntryPoint\",\"urlTemplate\":\"https:\\\/\\\/ksproducts.ca\\\/?s={search_term_string}\"},\"query-input\":{\"@type\":\"PropertyValueSpecification\",\"valueRequired\":true,\"valueName\":\"search_term_string\"}}],\"inLanguage\":\"fr-CA\"},{\"@type\":\"Organization\",\"@id\":\"https:\\\/\\\/ksproducts.ca\\\/#organization\",\"name\":\"Ks Products\",\"url\":\"https:\\\/\\\/ksproducts.ca\\\/\",\"logo\":{\"@type\":\"ImageObject\",\"inLanguage\":\"fr-CA\",\"@id\":\"https:\\\/\\\/ksproducts.ca\\\/#\\\/schema\\\/logo\\\/image\\\/\",\"url\":\"https:\\\/\\\/ksproducts.ca\\\/wp-content\\\/uploads\\\/2023\\\/09\\\/Kennedy-Sales-Logo-header-1.png\",\"contentUrl\":\"https:\\\/\\\/ksproducts.ca\\\/wp-content\\\/uploads\\\/2023\\\/09\\\/Kennedy-Sales-Logo-header-1.png\",\"width\":150,\"height\":77,\"caption\":\"Ks Products\"},\"image\":{\"@id\":\"https:\\\/\\\/ksproducts.ca\\\/#\\\/schema\\\/logo\\\/image\\\/\"}}]}<\/script>\n<!-- \/ Yoast SEO plugin. -->","yoast_head_json":{"title":"Treuil Novawinch Super B 4\u00a0500 lb, c\u00e2ble synth\u00e9tique 12 V - Ks Products","robots":{"index":"index","follow":"follow","max-snippet":"max-snippet:-1","max-image-preview":"max-image-preview:large","max-video-preview":"max-video-preview:-1"},"canonical":"https:\/\/ksproducts.ca\/fr\/product\/treuil-novawinch-super-b-4500lb-cable-synthetique-12v\/","og_locale":"fr_CA","og_type":"article","og_title":"Novawinch Super B 4,500lb Winch, 12v Synthetic Rope - Ks Products","og_description":"Built to last, the new Super B Series from Novawinch is a workhorse. We\u2019ve packed a high-torque motor (that we wind at our factory), an ultra-compact gearset to insure this fits into the tightest of spaces and all-metal construction - it can handle whatever you\u2019ll find on the trail.","og_url":"https:\/\/ksproducts.ca\/fr\/product\/treuil-novawinch-super-b-4500lb-cable-synthetique-12v\/","og_site_name":"Ks Products","article_modified_time":"2026-03-06T17:58:03+00:00","og_image":[{"width":500,"height":333,"url":"https:\/\/ksproducts.ca\/wp-content\/uploads\/2026\/03\/Novawinch-Super-B-4500lb-Winch-12v-Synthetic-Rope.webp","type":"image\/webp"}],"twitter_card":"summary_large_image","twitter_misc":{"Estimation du temps de lecture":"1 minute"},"schema":{"@context":"https:\/\/schema.org","@graph":[{"@type":"WebPage","@id":"https:\/\/ksproducts.ca\/product\/novawinch-super-b-4500lb-winch-12v-synthetic-rope\/","url":"https:\/\/ksproducts.ca\/product\/novawinch-super-b-4500lb-winch-12v-synthetic-rope\/","name":"Treuil Novawinch Super B 4\u00a0500 lb, c\u00e2ble synth\u00e9tique 12 V - Ks Products","isPartOf":{"@id":"https:\/\/ksproducts.ca\/#website"},"primaryImageOfPage":{"@id":"https:\/\/ksproducts.ca\/product\/novawinch-super-b-4500lb-winch-12v-synthetic-rope\/#primaryimage"},"image":{"@id":"https:\/\/ksproducts.ca\/product\/novawinch-super-b-4500lb-winch-12v-synthetic-rope\/#primaryimage"},"thumbnailUrl":"https:\/\/ksproducts.ca\/wp-content\/uploads\/2026\/03\/Novawinch-Super-B-4500lb-Winch-12v-Synthetic-Rope.webp","datePublished":"2026-03-06T15:50:50+00:00","dateModified":"2026-03-06T17:58:03+00:00","breadcrumb":{"@id":"https:\/\/ksproducts.ca\/product\/novawinch-super-b-4500lb-winch-12v-synthetic-rope\/#breadcrumb"},"inLanguage":"fr-CA","potentialAction":[{"@type":"ReadAction","target":["https:\/\/ksproducts.ca\/product\/novawinch-super-b-4500lb-winch-12v-synthetic-rope\/"]}]},{"@type":"ImageObject","inLanguage":"fr-CA","@id":"https:\/\/ksproducts.ca\/product\/novawinch-super-b-4500lb-winch-12v-synthetic-rope\/#primaryimage","url":"https:\/\/ksproducts.ca\/wp-content\/uploads\/2026\/03\/Novawinch-Super-B-4500lb-Winch-12v-Synthetic-Rope.webp","contentUrl":"https:\/\/ksproducts.ca\/wp-content\/uploads\/2026\/03\/Novawinch-Super-B-4500lb-Winch-12v-Synthetic-Rope.webp","width":500,"height":333,"caption":"Novawinch Super B 4,500lb Winch, 12v Synthetic Rope"},{"@type":"BreadcrumbList","@id":"https:\/\/ksproducts.ca\/product\/novawinch-super-b-4500lb-winch-12v-synthetic-rope\/#breadcrumb","itemListElement":[{"@type":"ListItem","position":1,"name":"Home","item":"https:\/\/ksproducts.ca\/"},{"@type":"ListItem","position":2,"name":"Shop","item":"https:\/\/ksproducts.ca\/shop\/"},{"@type":"ListItem","position":3,"name":"Novawinch Super B 4,500lb Winch, 12v Synthetic Rope"}]},{"@type":"WebSite","@id":"https:\/\/ksproducts.ca\/#website","url":"https:\/\/ksproducts.ca\/","name":"Produits Ks","description":"Cuisiner et vivre en plein air, c'est facile au Canada","publisher":{"@id":"https:\/\/ksproducts.ca\/#organization"},"potentialAction":[{"@type":"SearchAction","target":{"@type":"EntryPoint","urlTemplate":"https:\/\/ksproducts.ca\/?s={search_term_string}"},"query-input":{"@type":"PropertyValueSpecification","valueRequired":true,"valueName":"search_term_string"}}],"inLanguage":"fr-CA"},{"@type":"Organization","@id":"https:\/\/ksproducts.ca\/#organization","name":"Produits Ks","url":"https:\/\/ksproducts.ca\/","logo":{"@type":"ImageObject","inLanguage":"fr-CA","@id":"https:\/\/ksproducts.ca\/#\/schema\/logo\/image\/","url":"https:\/\/ksproducts.ca\/wp-content\/uploads\/2023\/09\/Kennedy-Sales-Logo-header-1.png","contentUrl":"https:\/\/ksproducts.ca\/wp-content\/uploads\/2023\/09\/Kennedy-Sales-Logo-header-1.png","width":150,"height":77,"caption":"Ks Products"},"image":{"@id":"https:\/\/ksproducts.ca\/#\/schema\/logo\/image\/"}}]}},"_links":{"self":[{"href":"https:\/\/ksproducts.ca\/fr\/wp-json\/wp\/v2\/product\/11888","targetHints":{"allow":["GET"]}}],"collection":[{"href":"https:\/\/ksproducts.ca\/fr\/wp-json\/wp\/v2\/product"}],"about":[{"href":"https:\/\/ksproducts.ca\/fr\/wp-json\/wp\/v2\/types\/product"}],"replies":[{"embeddable":true,"href":"https:\/\/ksproducts.ca\/fr\/wp-json\/wp\/v2\/comments?post=11888"}],"version-history":[{"count":1,"href":"https:\/\/ksproducts.ca\/fr\/wp-json\/wp\/v2\/product\/11888\/revisions"}],"predecessor-version":[{"id":11890,"href":"https:\/\/ksproducts.ca\/fr\/wp-json\/wp\/v2\/product\/11888\/revisions\/11890"}],"wp:featuredmedia":[{"embeddable":true,"href":"https:\/\/ksproducts.ca\/fr\/wp-json\/wp\/v2\/media\/11889"}],"wp:attachment":[{"href":"https:\/\/ksproducts.ca\/fr\/wp-json\/wp\/v2\/media?parent=11888"}],"wp:term":[{"taxonomy":"product_cat","embeddable":true,"href":"https:\/\/ksproducts.ca\/fr\/wp-json\/wp\/v2\/product_cat?post=11888"},{"taxonomy":"product_tag","embeddable":true,"href":"https:\/\/ksproducts.ca\/fr\/wp-json\/wp\/v2\/product_tag?post=11888"}],"curies":[{"name":"wp","href":"https:\/\/api.w.org\/{rel}","templated":true}]}}