{"id":11900,"date":"2026-03-06T16:07:06","date_gmt":"2026-03-06T16:07:06","guid":{"rendered":"https:\/\/ksproducts.ca\/?post_type=product&#038;p=11900"},"modified":"2026-03-06T17:56:11","modified_gmt":"2026-03-06T17:56:11","slug":"treuil-de-levage-novawinch-ch500","status":"publish","type":"product","link":"https:\/\/ksproducts.ca\/fr\/product\/novawinch-ch500-hoist-winch\/","title":{"rendered":"Treuil de levage Novawinch CH500"},"content":{"rendered":"<ul data-rte-list=\"default\">\n<li>\n<p class=\"\">C\u00e2ble de batterie 5,9\u2019 (1,8 m), c\u00e2ble moteur 4,3\u2019 (1,3 m) contr\u00f4leur<\/p>\n<\/li>\n<li>\n<p class=\"\">Peut \u00eatre mont\u00e9 verticalement ou horizontalement<\/p>\n<\/li>\n<li>\n<p class=\"\">15\u2019 de c\u00e2ble m\u00e9tallique de qualit\u00e9 a\u00e9ronautique<\/p>\n<\/li>\n<\/ul>","protected":false},"excerpt":{"rendered":"<p>Construit avec une cote de s\u00e9curit\u00e9 de 4:1 pour le levage, le CH500 est le treuil id\u00e9al pour soulever et d\u00e9placer en toute s\u00e9curit\u00e9 des mat\u00e9riaux pesant jusqu'\u00e0 500 lb. Ce treuil est dot\u00e9 d'une entr\u00e9e et d'une sortie de courant compl\u00e8tes et d'un frein m\u00e9canique \u00e0 pleine charge pour garantir un fonctionnement s\u00fbr et facile.<\/p>","protected":false},"featured_media":11902,"comment_status":"open","ping_status":"closed","template":"","meta":[],"product_cat":[451],"product_tag":[],"class_list":{"0":"post-11900","1":"product","2":"type-product","3":"status-publish","4":"has-post-thumbnail","6":"product_cat-tools-equipment","7":"product_shipping_class-class-3","9":"first","10":"instock","11":"taxable","12":"shipping-taxable","13":"purchasable","14":"product-type-simple"},"yoast_head":"<!-- This site is optimized with the Yoast SEO plugin v27.3 - https:\/\/yoast.com\/product\/yoast-seo-wordpress\/ -->\n<title>Novawinch CH500 Hoist Winch - Ks Products<\/title>\n<meta name=\"robots\" content=\"index, follow, max-snippet:-1, max-image-preview:large, max-video-preview:-1\" \/>\n<link rel=\"canonical\" href=\"https:\/\/ksproducts.ca\/fr\/product\/treuil-de-levage-novawinch-ch500\/\" \/>\n<meta property=\"og:locale\" content=\"fr_CA\" \/>\n<meta property=\"og:type\" content=\"article\" \/>\n<meta property=\"og:title\" content=\"Novawinch CH500 Hoist Winch - Ks Products\" \/>\n<meta property=\"og:description\" content=\"Built with a 4:1 safety rating for lifting, the CH500 is the right winch to safely lift and move materials up to 500lbs. This hoist features full power in and power out and a full-load mechanical brake to ensure secure and easy operation.\" \/>\n<meta property=\"og:url\" content=\"https:\/\/ksproducts.ca\/fr\/product\/treuil-de-levage-novawinch-ch500\/\" \/>\n<meta property=\"og:site_name\" content=\"Ks Products\" \/>\n<meta property=\"article:modified_time\" content=\"2026-03-06T17:56:11+00:00\" \/>\n<meta property=\"og:image\" content=\"https:\/\/ksproducts.ca\/wp-content\/uploads\/2026\/03\/Novawinch-CH500-Hoist-Winch-1.webp\" \/>\n\t<meta property=\"og:image:width\" content=\"800\" \/>\n\t<meta property=\"og:image:height\" content=\"484\" \/>\n\t<meta property=\"og:image:type\" content=\"image\/webp\" \/>\n<meta name=\"twitter:card\" content=\"summary_large_image\" \/>\n<meta name=\"twitter:label1\" content=\"Estimation du temps de lecture\" \/>\n\t<meta name=\"twitter:data1\" content=\"1 minute\" \/>\n<script type=\"application\/ld+json\" class=\"yoast-schema-graph\">{\"@context\":\"https:\\\/\\\/schema.org\",\"@graph\":[{\"@type\":\"WebPage\",\"@id\":\"https:\\\/\\\/ksproducts.ca\\\/product\\\/novawinch-ch500-hoist-winch\\\/\",\"url\":\"https:\\\/\\\/ksproducts.ca\\\/product\\\/novawinch-ch500-hoist-winch\\\/\",\"name\":\"Novawinch CH500 Hoist Winch - Ks Products\",\"isPartOf\":{\"@id\":\"https:\\\/\\\/ksproducts.ca\\\/#website\"},\"primaryImageOfPage\":{\"@id\":\"https:\\\/\\\/ksproducts.ca\\\/product\\\/novawinch-ch500-hoist-winch\\\/#primaryimage\"},\"image\":{\"@id\":\"https:\\\/\\\/ksproducts.ca\\\/product\\\/novawinch-ch500-hoist-winch\\\/#primaryimage\"},\"thumbnailUrl\":\"https:\\\/\\\/ksproducts.ca\\\/wp-content\\\/uploads\\\/2026\\\/03\\\/Novawinch-CH500-Hoist-Winch-1.webp\",\"datePublished\":\"2026-03-06T16:07:06+00:00\",\"dateModified\":\"2026-03-06T17:56:11+00:00\",\"breadcrumb\":{\"@id\":\"https:\\\/\\\/ksproducts.ca\\\/product\\\/novawinch-ch500-hoist-winch\\\/#breadcrumb\"},\"inLanguage\":\"fr-CA\",\"potentialAction\":[{\"@type\":\"ReadAction\",\"target\":[\"https:\\\/\\\/ksproducts.ca\\\/product\\\/novawinch-ch500-hoist-winch\\\/\"]}]},{\"@type\":\"ImageObject\",\"inLanguage\":\"fr-CA\",\"@id\":\"https:\\\/\\\/ksproducts.ca\\\/product\\\/novawinch-ch500-hoist-winch\\\/#primaryimage\",\"url\":\"https:\\\/\\\/ksproducts.ca\\\/wp-content\\\/uploads\\\/2026\\\/03\\\/Novawinch-CH500-Hoist-Winch-1.webp\",\"contentUrl\":\"https:\\\/\\\/ksproducts.ca\\\/wp-content\\\/uploads\\\/2026\\\/03\\\/Novawinch-CH500-Hoist-Winch-1.webp\",\"width\":800,\"height\":484,\"caption\":\"Novawinch CH500 Hoist Winch\"},{\"@type\":\"BreadcrumbList\",\"@id\":\"https:\\\/\\\/ksproducts.ca\\\/product\\\/novawinch-ch500-hoist-winch\\\/#breadcrumb\",\"itemListElement\":[{\"@type\":\"ListItem\",\"position\":1,\"name\":\"Home\",\"item\":\"https:\\\/\\\/ksproducts.ca\\\/\"},{\"@type\":\"ListItem\",\"position\":2,\"name\":\"Shop\",\"item\":\"https:\\\/\\\/ksproducts.ca\\\/shop\\\/\"},{\"@type\":\"ListItem\",\"position\":3,\"name\":\"Novawinch CH500 Hoist Winch\"}]},{\"@type\":\"WebSite\",\"@id\":\"https:\\\/\\\/ksproducts.ca\\\/#website\",\"url\":\"https:\\\/\\\/ksproducts.ca\\\/\",\"name\":\"Ks Products\",\"description\":\"Outdoor cooking and living, made easy in Canada\",\"publisher\":{\"@id\":\"https:\\\/\\\/ksproducts.ca\\\/#organization\"},\"potentialAction\":[{\"@type\":\"SearchAction\",\"target\":{\"@type\":\"EntryPoint\",\"urlTemplate\":\"https:\\\/\\\/ksproducts.ca\\\/?s={search_term_string}\"},\"query-input\":{\"@type\":\"PropertyValueSpecification\",\"valueRequired\":true,\"valueName\":\"search_term_string\"}}],\"inLanguage\":\"fr-CA\"},{\"@type\":\"Organization\",\"@id\":\"https:\\\/\\\/ksproducts.ca\\\/#organization\",\"name\":\"Ks Products\",\"url\":\"https:\\\/\\\/ksproducts.ca\\\/\",\"logo\":{\"@type\":\"ImageObject\",\"inLanguage\":\"fr-CA\",\"@id\":\"https:\\\/\\\/ksproducts.ca\\\/#\\\/schema\\\/logo\\\/image\\\/\",\"url\":\"https:\\\/\\\/ksproducts.ca\\\/wp-content\\\/uploads\\\/2023\\\/09\\\/Kennedy-Sales-Logo-header-1.png\",\"contentUrl\":\"https:\\\/\\\/ksproducts.ca\\\/wp-content\\\/uploads\\\/2023\\\/09\\\/Kennedy-Sales-Logo-header-1.png\",\"width\":150,\"height\":77,\"caption\":\"Ks Products\"},\"image\":{\"@id\":\"https:\\\/\\\/ksproducts.ca\\\/#\\\/schema\\\/logo\\\/image\\\/\"}}]}<\/script>\n<!-- \/ Yoast SEO plugin. -->","yoast_head_json":{"title":"Treuil de levage Novawinch CH500 - Ks Products","robots":{"index":"index","follow":"follow","max-snippet":"max-snippet:-1","max-image-preview":"max-image-preview:large","max-video-preview":"max-video-preview:-1"},"canonical":"https:\/\/ksproducts.ca\/fr\/product\/treuil-de-levage-novawinch-ch500\/","og_locale":"fr_CA","og_type":"article","og_title":"Novawinch CH500 Hoist Winch - Ks Products","og_description":"Built with a 4:1 safety rating for lifting, the CH500 is the right winch to safely lift and move materials up to 500lbs. This hoist features full power in and power out and a full-load mechanical brake to ensure secure and easy operation.","og_url":"https:\/\/ksproducts.ca\/fr\/product\/treuil-de-levage-novawinch-ch500\/","og_site_name":"Ks Products","article_modified_time":"2026-03-06T17:56:11+00:00","og_image":[{"width":800,"height":484,"url":"https:\/\/ksproducts.ca\/wp-content\/uploads\/2026\/03\/Novawinch-CH500-Hoist-Winch-1.webp","type":"image\/webp"}],"twitter_card":"summary_large_image","twitter_misc":{"Estimation du temps de lecture":"1 minute"},"schema":{"@context":"https:\/\/schema.org","@graph":[{"@type":"WebPage","@id":"https:\/\/ksproducts.ca\/product\/novawinch-ch500-hoist-winch\/","url":"https:\/\/ksproducts.ca\/product\/novawinch-ch500-hoist-winch\/","name":"Treuil de levage Novawinch CH500 - Ks Products","isPartOf":{"@id":"https:\/\/ksproducts.ca\/#website"},"primaryImageOfPage":{"@id":"https:\/\/ksproducts.ca\/product\/novawinch-ch500-hoist-winch\/#primaryimage"},"image":{"@id":"https:\/\/ksproducts.ca\/product\/novawinch-ch500-hoist-winch\/#primaryimage"},"thumbnailUrl":"https:\/\/ksproducts.ca\/wp-content\/uploads\/2026\/03\/Novawinch-CH500-Hoist-Winch-1.webp","datePublished":"2026-03-06T16:07:06+00:00","dateModified":"2026-03-06T17:56:11+00:00","breadcrumb":{"@id":"https:\/\/ksproducts.ca\/product\/novawinch-ch500-hoist-winch\/#breadcrumb"},"inLanguage":"fr-CA","potentialAction":[{"@type":"ReadAction","target":["https:\/\/ksproducts.ca\/product\/novawinch-ch500-hoist-winch\/"]}]},{"@type":"ImageObject","inLanguage":"fr-CA","@id":"https:\/\/ksproducts.ca\/product\/novawinch-ch500-hoist-winch\/#primaryimage","url":"https:\/\/ksproducts.ca\/wp-content\/uploads\/2026\/03\/Novawinch-CH500-Hoist-Winch-1.webp","contentUrl":"https:\/\/ksproducts.ca\/wp-content\/uploads\/2026\/03\/Novawinch-CH500-Hoist-Winch-1.webp","width":800,"height":484,"caption":"Novawinch CH500 Hoist Winch"},{"@type":"BreadcrumbList","@id":"https:\/\/ksproducts.ca\/product\/novawinch-ch500-hoist-winch\/#breadcrumb","itemListElement":[{"@type":"ListItem","position":1,"name":"Home","item":"https:\/\/ksproducts.ca\/"},{"@type":"ListItem","position":2,"name":"Shop","item":"https:\/\/ksproducts.ca\/shop\/"},{"@type":"ListItem","position":3,"name":"Novawinch CH500 Hoist Winch"}]},{"@type":"WebSite","@id":"https:\/\/ksproducts.ca\/#website","url":"https:\/\/ksproducts.ca\/","name":"Produits Ks","description":"Cuisiner et vivre en plein air, c'est facile au Canada","publisher":{"@id":"https:\/\/ksproducts.ca\/#organization"},"potentialAction":[{"@type":"SearchAction","target":{"@type":"EntryPoint","urlTemplate":"https:\/\/ksproducts.ca\/?s={search_term_string}"},"query-input":{"@type":"PropertyValueSpecification","valueRequired":true,"valueName":"search_term_string"}}],"inLanguage":"fr-CA"},{"@type":"Organization","@id":"https:\/\/ksproducts.ca\/#organization","name":"Produits Ks","url":"https:\/\/ksproducts.ca\/","logo":{"@type":"ImageObject","inLanguage":"fr-CA","@id":"https:\/\/ksproducts.ca\/#\/schema\/logo\/image\/","url":"https:\/\/ksproducts.ca\/wp-content\/uploads\/2023\/09\/Kennedy-Sales-Logo-header-1.png","contentUrl":"https:\/\/ksproducts.ca\/wp-content\/uploads\/2023\/09\/Kennedy-Sales-Logo-header-1.png","width":150,"height":77,"caption":"Ks Products"},"image":{"@id":"https:\/\/ksproducts.ca\/#\/schema\/logo\/image\/"}}]}},"_links":{"self":[{"href":"https:\/\/ksproducts.ca\/fr\/wp-json\/wp\/v2\/product\/11900","targetHints":{"allow":["GET"]}}],"collection":[{"href":"https:\/\/ksproducts.ca\/fr\/wp-json\/wp\/v2\/product"}],"about":[{"href":"https:\/\/ksproducts.ca\/fr\/wp-json\/wp\/v2\/types\/product"}],"replies":[{"embeddable":true,"href":"https:\/\/ksproducts.ca\/fr\/wp-json\/wp\/v2\/comments?post=11900"}],"version-history":[{"count":1,"href":"https:\/\/ksproducts.ca\/fr\/wp-json\/wp\/v2\/product\/11900\/revisions"}],"predecessor-version":[{"id":11903,"href":"https:\/\/ksproducts.ca\/fr\/wp-json\/wp\/v2\/product\/11900\/revisions\/11903"}],"wp:featuredmedia":[{"embeddable":true,"href":"https:\/\/ksproducts.ca\/fr\/wp-json\/wp\/v2\/media\/11902"}],"wp:attachment":[{"href":"https:\/\/ksproducts.ca\/fr\/wp-json\/wp\/v2\/media?parent=11900"}],"wp:term":[{"taxonomy":"product_cat","embeddable":true,"href":"https:\/\/ksproducts.ca\/fr\/wp-json\/wp\/v2\/product_cat?post=11900"},{"taxonomy":"product_tag","embeddable":true,"href":"https:\/\/ksproducts.ca\/fr\/wp-json\/wp\/v2\/product_tag?post=11900"}],"curies":[{"name":"wp","href":"https:\/\/api.w.org\/{rel}","templated":true}]}}