{"id":11904,"date":"2026-03-06T16:25:53","date_gmt":"2026-03-06T16:25:53","guid":{"rendered":"https:\/\/ksproducts.ca\/?post_type=product&#038;p=11904"},"modified":"2026-03-06T17:55:09","modified_gmt":"2026-03-06T17:55:09","slug":"novawinch-fenix-3500lb-atv-utv-winch-synthetic-rope","status":"publish","type":"product","link":"https:\/\/ksproducts.ca\/fr\/product\/novawinch-fenix-3500lb-atv-utv-winch-synthetic-rope\/","title":{"rendered":"Novawinch Fenix 3,500lb ATV\/UTV Winch, c\u00e2ble synth\u00e9tique"},"content":{"rendered":"<ul data-rte-list=\"default\">\n<li>\n<p class=\"\">Moteurs plus performants. Avec des enroulements plus gros, le treuil FENIX peut fournir plus de puissance au tambour. Les roulements \u00e0 rouleaux (au lieu des douilles concurrentes) offrent une exp\u00e9rience plus douce.<\/p>\n<\/li>\n<li>\n<p class=\"\">Les engrenages plus larges, en acier taill\u00e9, r\u00e9partissent les charges, ce qui permet un meilleur engagement et une plus longue dur\u00e9e de vie.<\/p>\n<\/li>\n<li>\n<p class=\"\">Toutes les pi\u00e8ces dont vous avez besoin. Des boulons de montage aux c\u00e2bles \u00e9lectriques, tout ce dont vous avez besoin est un kit de montage sp\u00e9cifique au v\u00e9hicule.<\/p>\n<\/li>\n<\/ul>","protected":false},"excerpt":{"rendered":"<p>Vous cherchez un treuil auquel vous pouvez faire confiance ? Voici celui qu'il vous faut. Vous reconna\u00eetrez peut-\u00eatre ce treuil, pi\u00e8ce pour pi\u00e8ce, d'un fabricant de treuils de premier plan. Ce treuil est constamment class\u00e9 #1 et la raison en est de meilleures pi\u00e8ces avec une conception sup\u00e9rieure.<\/p>","protected":false},"featured_media":11907,"comment_status":"open","ping_status":"closed","template":"","meta":[],"product_cat":[451],"product_tag":[],"class_list":{"0":"post-11904","1":"product","2":"type-product","3":"status-publish","4":"has-post-thumbnail","6":"product_cat-tools-equipment","7":"product_shipping_class-class-4","9":"first","10":"instock","11":"taxable","12":"shipping-taxable","13":"purchasable","14":"product-type-simple"},"yoast_head":"<!-- This site is optimized with the Yoast SEO plugin v27.3 - https:\/\/yoast.com\/product\/yoast-seo-wordpress\/ -->\n<title>Novawinch Fenix 3,500lb ATV\/UTV Winch, Synthetic Rope - Ks Products<\/title>\n<meta name=\"robots\" content=\"index, follow, max-snippet:-1, max-image-preview:large, max-video-preview:-1\" \/>\n<link rel=\"canonical\" href=\"https:\/\/ksproducts.ca\/fr\/product\/novawinch-fenix-3500lb-atv-utv-winch-synthetic-rope\/\" \/>\n<meta property=\"og:locale\" content=\"fr_CA\" \/>\n<meta property=\"og:type\" content=\"article\" \/>\n<meta property=\"og:title\" content=\"Novawinch Fenix 3,500lb ATV\/UTV Winch, Synthetic Rope - Ks Products\" \/>\n<meta property=\"og:description\" content=\"Looking for a winch you can trust? This is the one. You might recognize this winch, part for part, from a leading winch manufacturer. This winch is consistently rated #1 and the reason is better parts with a superior design\" \/>\n<meta property=\"og:url\" content=\"https:\/\/ksproducts.ca\/fr\/product\/novawinch-fenix-3500lb-atv-utv-winch-synthetic-rope\/\" \/>\n<meta property=\"og:site_name\" content=\"Ks Products\" \/>\n<meta property=\"article:modified_time\" content=\"2026-03-06T17:55:09+00:00\" \/>\n<meta property=\"og:image\" content=\"https:\/\/ksproducts.ca\/wp-content\/uploads\/2026\/03\/Novawinch-Fenix-3500lb-ATVUTV-Winch-Synthetic-Rope.webp\" \/>\n\t<meta property=\"og:image:width\" content=\"800\" \/>\n\t<meta property=\"og:image:height\" content=\"533\" \/>\n\t<meta property=\"og:image:type\" content=\"image\/webp\" \/>\n<meta name=\"twitter:card\" content=\"summary_large_image\" \/>\n<meta name=\"twitter:label1\" content=\"Estimation du temps de lecture\" \/>\n\t<meta name=\"twitter:data1\" content=\"1 minute\" \/>\n<script type=\"application\/ld+json\" class=\"yoast-schema-graph\">{\"@context\":\"https:\\\/\\\/schema.org\",\"@graph\":[{\"@type\":\"WebPage\",\"@id\":\"https:\\\/\\\/ksproducts.ca\\\/product\\\/novawinch-fenix-3500lb-atv-utv-winch-synthetic-rope\\\/\",\"url\":\"https:\\\/\\\/ksproducts.ca\\\/product\\\/novawinch-fenix-3500lb-atv-utv-winch-synthetic-rope\\\/\",\"name\":\"Novawinch Fenix 3,500lb ATV\\\/UTV Winch, Synthetic Rope - Ks Products\",\"isPartOf\":{\"@id\":\"https:\\\/\\\/ksproducts.ca\\\/#website\"},\"primaryImageOfPage\":{\"@id\":\"https:\\\/\\\/ksproducts.ca\\\/product\\\/novawinch-fenix-3500lb-atv-utv-winch-synthetic-rope\\\/#primaryimage\"},\"image\":{\"@id\":\"https:\\\/\\\/ksproducts.ca\\\/product\\\/novawinch-fenix-3500lb-atv-utv-winch-synthetic-rope\\\/#primaryimage\"},\"thumbnailUrl\":\"https:\\\/\\\/ksproducts.ca\\\/wp-content\\\/uploads\\\/2026\\\/03\\\/Novawinch-Fenix-3500lb-ATVUTV-Winch-Synthetic-Rope.webp\",\"datePublished\":\"2026-03-06T16:25:53+00:00\",\"dateModified\":\"2026-03-06T17:55:09+00:00\",\"breadcrumb\":{\"@id\":\"https:\\\/\\\/ksproducts.ca\\\/product\\\/novawinch-fenix-3500lb-atv-utv-winch-synthetic-rope\\\/#breadcrumb\"},\"inLanguage\":\"fr-CA\",\"potentialAction\":[{\"@type\":\"ReadAction\",\"target\":[\"https:\\\/\\\/ksproducts.ca\\\/product\\\/novawinch-fenix-3500lb-atv-utv-winch-synthetic-rope\\\/\"]}]},{\"@type\":\"ImageObject\",\"inLanguage\":\"fr-CA\",\"@id\":\"https:\\\/\\\/ksproducts.ca\\\/product\\\/novawinch-fenix-3500lb-atv-utv-winch-synthetic-rope\\\/#primaryimage\",\"url\":\"https:\\\/\\\/ksproducts.ca\\\/wp-content\\\/uploads\\\/2026\\\/03\\\/Novawinch-Fenix-3500lb-ATVUTV-Winch-Synthetic-Rope.webp\",\"contentUrl\":\"https:\\\/\\\/ksproducts.ca\\\/wp-content\\\/uploads\\\/2026\\\/03\\\/Novawinch-Fenix-3500lb-ATVUTV-Winch-Synthetic-Rope.webp\",\"width\":800,\"height\":533,\"caption\":\"Novawinch Fenix 3,500lb ATVUTV Winch, Synthetic Rope\"},{\"@type\":\"BreadcrumbList\",\"@id\":\"https:\\\/\\\/ksproducts.ca\\\/product\\\/novawinch-fenix-3500lb-atv-utv-winch-synthetic-rope\\\/#breadcrumb\",\"itemListElement\":[{\"@type\":\"ListItem\",\"position\":1,\"name\":\"Home\",\"item\":\"https:\\\/\\\/ksproducts.ca\\\/\"},{\"@type\":\"ListItem\",\"position\":2,\"name\":\"Shop\",\"item\":\"https:\\\/\\\/ksproducts.ca\\\/shop\\\/\"},{\"@type\":\"ListItem\",\"position\":3,\"name\":\"Novawinch Fenix 3,500lb ATV\\\/UTV Winch, Synthetic Rope\"}]},{\"@type\":\"WebSite\",\"@id\":\"https:\\\/\\\/ksproducts.ca\\\/#website\",\"url\":\"https:\\\/\\\/ksproducts.ca\\\/\",\"name\":\"Ks Products\",\"description\":\"Outdoor cooking and living, made easy in Canada\",\"publisher\":{\"@id\":\"https:\\\/\\\/ksproducts.ca\\\/#organization\"},\"potentialAction\":[{\"@type\":\"SearchAction\",\"target\":{\"@type\":\"EntryPoint\",\"urlTemplate\":\"https:\\\/\\\/ksproducts.ca\\\/?s={search_term_string}\"},\"query-input\":{\"@type\":\"PropertyValueSpecification\",\"valueRequired\":true,\"valueName\":\"search_term_string\"}}],\"inLanguage\":\"fr-CA\"},{\"@type\":\"Organization\",\"@id\":\"https:\\\/\\\/ksproducts.ca\\\/#organization\",\"name\":\"Ks Products\",\"url\":\"https:\\\/\\\/ksproducts.ca\\\/\",\"logo\":{\"@type\":\"ImageObject\",\"inLanguage\":\"fr-CA\",\"@id\":\"https:\\\/\\\/ksproducts.ca\\\/#\\\/schema\\\/logo\\\/image\\\/\",\"url\":\"https:\\\/\\\/ksproducts.ca\\\/wp-content\\\/uploads\\\/2023\\\/09\\\/Kennedy-Sales-Logo-header-1.png\",\"contentUrl\":\"https:\\\/\\\/ksproducts.ca\\\/wp-content\\\/uploads\\\/2023\\\/09\\\/Kennedy-Sales-Logo-header-1.png\",\"width\":150,\"height\":77,\"caption\":\"Ks Products\"},\"image\":{\"@id\":\"https:\\\/\\\/ksproducts.ca\\\/#\\\/schema\\\/logo\\\/image\\\/\"}}]}<\/script>\n<!-- \/ Yoast SEO plugin. -->","yoast_head_json":{"title":"Novawinch Fenix 3,500lb ATV\/UTV Winch, c\u00e2ble synth\u00e9tique - Ks Products","robots":{"index":"index","follow":"follow","max-snippet":"max-snippet:-1","max-image-preview":"max-image-preview:large","max-video-preview":"max-video-preview:-1"},"canonical":"https:\/\/ksproducts.ca\/fr\/product\/novawinch-fenix-3500lb-atv-utv-winch-synthetic-rope\/","og_locale":"fr_CA","og_type":"article","og_title":"Novawinch Fenix 3,500lb ATV\/UTV Winch, Synthetic Rope - Ks Products","og_description":"Looking for a winch you can trust? This is the one. You might recognize this winch, part for part, from a leading winch manufacturer. This winch is consistently rated #1 and the reason is better parts with a superior design","og_url":"https:\/\/ksproducts.ca\/fr\/product\/novawinch-fenix-3500lb-atv-utv-winch-synthetic-rope\/","og_site_name":"Ks Products","article_modified_time":"2026-03-06T17:55:09+00:00","og_image":[{"width":800,"height":533,"url":"https:\/\/ksproducts.ca\/wp-content\/uploads\/2026\/03\/Novawinch-Fenix-3500lb-ATVUTV-Winch-Synthetic-Rope.webp","type":"image\/webp"}],"twitter_card":"summary_large_image","twitter_misc":{"Estimation du temps de lecture":"1 minute"},"schema":{"@context":"https:\/\/schema.org","@graph":[{"@type":"WebPage","@id":"https:\/\/ksproducts.ca\/product\/novawinch-fenix-3500lb-atv-utv-winch-synthetic-rope\/","url":"https:\/\/ksproducts.ca\/product\/novawinch-fenix-3500lb-atv-utv-winch-synthetic-rope\/","name":"Novawinch Fenix 3,500lb ATV\/UTV Winch, c\u00e2ble synth\u00e9tique - Ks Products","isPartOf":{"@id":"https:\/\/ksproducts.ca\/#website"},"primaryImageOfPage":{"@id":"https:\/\/ksproducts.ca\/product\/novawinch-fenix-3500lb-atv-utv-winch-synthetic-rope\/#primaryimage"},"image":{"@id":"https:\/\/ksproducts.ca\/product\/novawinch-fenix-3500lb-atv-utv-winch-synthetic-rope\/#primaryimage"},"thumbnailUrl":"https:\/\/ksproducts.ca\/wp-content\/uploads\/2026\/03\/Novawinch-Fenix-3500lb-ATVUTV-Winch-Synthetic-Rope.webp","datePublished":"2026-03-06T16:25:53+00:00","dateModified":"2026-03-06T17:55:09+00:00","breadcrumb":{"@id":"https:\/\/ksproducts.ca\/product\/novawinch-fenix-3500lb-atv-utv-winch-synthetic-rope\/#breadcrumb"},"inLanguage":"fr-CA","potentialAction":[{"@type":"ReadAction","target":["https:\/\/ksproducts.ca\/product\/novawinch-fenix-3500lb-atv-utv-winch-synthetic-rope\/"]}]},{"@type":"ImageObject","inLanguage":"fr-CA","@id":"https:\/\/ksproducts.ca\/product\/novawinch-fenix-3500lb-atv-utv-winch-synthetic-rope\/#primaryimage","url":"https:\/\/ksproducts.ca\/wp-content\/uploads\/2026\/03\/Novawinch-Fenix-3500lb-ATVUTV-Winch-Synthetic-Rope.webp","contentUrl":"https:\/\/ksproducts.ca\/wp-content\/uploads\/2026\/03\/Novawinch-Fenix-3500lb-ATVUTV-Winch-Synthetic-Rope.webp","width":800,"height":533,"caption":"Novawinch Fenix 3,500lb ATVUTV Winch, Synthetic Rope"},{"@type":"BreadcrumbList","@id":"https:\/\/ksproducts.ca\/product\/novawinch-fenix-3500lb-atv-utv-winch-synthetic-rope\/#breadcrumb","itemListElement":[{"@type":"ListItem","position":1,"name":"Home","item":"https:\/\/ksproducts.ca\/"},{"@type":"ListItem","position":2,"name":"Shop","item":"https:\/\/ksproducts.ca\/shop\/"},{"@type":"ListItem","position":3,"name":"Novawinch Fenix 3,500lb ATV\/UTV Winch, Synthetic Rope"}]},{"@type":"WebSite","@id":"https:\/\/ksproducts.ca\/#website","url":"https:\/\/ksproducts.ca\/","name":"Produits Ks","description":"Cuisiner et vivre en plein air, c'est facile au Canada","publisher":{"@id":"https:\/\/ksproducts.ca\/#organization"},"potentialAction":[{"@type":"SearchAction","target":{"@type":"EntryPoint","urlTemplate":"https:\/\/ksproducts.ca\/?s={search_term_string}"},"query-input":{"@type":"PropertyValueSpecification","valueRequired":true,"valueName":"search_term_string"}}],"inLanguage":"fr-CA"},{"@type":"Organization","@id":"https:\/\/ksproducts.ca\/#organization","name":"Produits Ks","url":"https:\/\/ksproducts.ca\/","logo":{"@type":"ImageObject","inLanguage":"fr-CA","@id":"https:\/\/ksproducts.ca\/#\/schema\/logo\/image\/","url":"https:\/\/ksproducts.ca\/wp-content\/uploads\/2023\/09\/Kennedy-Sales-Logo-header-1.png","contentUrl":"https:\/\/ksproducts.ca\/wp-content\/uploads\/2023\/09\/Kennedy-Sales-Logo-header-1.png","width":150,"height":77,"caption":"Ks Products"},"image":{"@id":"https:\/\/ksproducts.ca\/#\/schema\/logo\/image\/"}}]}},"_links":{"self":[{"href":"https:\/\/ksproducts.ca\/fr\/wp-json\/wp\/v2\/product\/11904","targetHints":{"allow":["GET"]}}],"collection":[{"href":"https:\/\/ksproducts.ca\/fr\/wp-json\/wp\/v2\/product"}],"about":[{"href":"https:\/\/ksproducts.ca\/fr\/wp-json\/wp\/v2\/types\/product"}],"replies":[{"embeddable":true,"href":"https:\/\/ksproducts.ca\/fr\/wp-json\/wp\/v2\/comments?post=11904"}],"version-history":[{"count":1,"href":"https:\/\/ksproducts.ca\/fr\/wp-json\/wp\/v2\/product\/11904\/revisions"}],"predecessor-version":[{"id":11908,"href":"https:\/\/ksproducts.ca\/fr\/wp-json\/wp\/v2\/product\/11904\/revisions\/11908"}],"wp:featuredmedia":[{"embeddable":true,"href":"https:\/\/ksproducts.ca\/fr\/wp-json\/wp\/v2\/media\/11907"}],"wp:attachment":[{"href":"https:\/\/ksproducts.ca\/fr\/wp-json\/wp\/v2\/media?parent=11904"}],"wp:term":[{"taxonomy":"product_cat","embeddable":true,"href":"https:\/\/ksproducts.ca\/fr\/wp-json\/wp\/v2\/product_cat?post=11904"},{"taxonomy":"product_tag","embeddable":true,"href":"https:\/\/ksproducts.ca\/fr\/wp-json\/wp\/v2\/product_tag?post=11904"}],"curies":[{"name":"wp","href":"https:\/\/api.w.org\/{rel}","templated":true}]}}