{"id":11909,"date":"2026-03-06T16:30:06","date_gmt":"2026-03-06T16:30:06","guid":{"rendered":"https:\/\/ksproducts.ca\/?post_type=product&#038;p=11909"},"modified":"2026-03-06T16:30:06","modified_gmt":"2026-03-06T16:30:06","slug":"treuil-novawinch-fenix-4500lb-treuil-utv-atv-corde-synthetique","status":"publish","type":"product","link":"https:\/\/ksproducts.ca\/fr\/product\/novawinch-fenix-4500lb-atv-utv-winch-synthetic-rope\/","title":{"rendered":"Novawinch Fenix 4,500lb ATV\/UTV Winch, c\u00e2ble synth\u00e9tique"},"content":{"rendered":"<ul>\n<li data-start=\"324\" data-end=\"384\">Capacit\u00e9 de traction de 4 500 lb pour le treuillage de gros VTT\/UTV<\/li>\n<li data-section-id=\"1pmzi8q\" data-start=\"385\" data-end=\"459\">\n<p data-start=\"387\" data-end=\"459\">Moteur CC s\u00e9rie 2,8 kW \/ 3,7 CV 12V pour une forte puissance de traction<\/p>\n<\/li>\n<li data-section-id=\"6ijytv\" data-start=\"460\" data-end=\"512\">\n<p data-start=\"462\" data-end=\"512\">Disponible avec c\u00e2ble de treuil en acier ou en mat\u00e9riau synth\u00e9tique<\/p>\n<\/li>\n<li data-section-id=\"y8jkk4\" data-start=\"513\" data-end=\"602\">\n<p data-start=\"515\" data-end=\"602\">Syst\u00e8me d'engrenages plan\u00e9taires \u00e0 3 \u00e9tages avec un rapport de r\u00e9duction de 191:1 pour des performances efficaces<\/p>\n<\/li>\n<li data-section-id=\"nnkmxe\" data-start=\"603\" data-end=\"689\">\n<p data-start=\"605\" data-end=\"689\">Contacteur \u00e9tanche et indice de protection IP67 pour emp\u00eacher l'entr\u00e9e d'eau et de poussi\u00e8re<\/p>\n<\/li>\n<li data-section-id=\"rkpfia\" data-start=\"690\" data-end=\"754\">\n<p data-start=\"692\" data-end=\"754\">Frein m\u00e9canique \u00e0 maintien de charge automatique pour une s\u00e9curit\u00e9 accrue<\/p>\n<\/li>\n<li data-section-id=\"173ld9e\" data-start=\"755\" data-end=\"826\">\n<p data-start=\"757\" data-end=\"826\">Embrayage ergonomique \u00e0 came \u00e0 roue libre pour un contr\u00f4le facile de la ligne<\/p>\n<\/li>\n<li data-section-id=\"795u5q\" data-start=\"827\" data-end=\"897\">\n<p data-start=\"829\" data-end=\"897\">Manette caoutchout\u00e9e avec c\u00e2ble de 3,6 m pour une utilisation pratique<\/p>\n<\/li>\n<li data-section-id=\"1bjkbuc\" data-start=\"898\" data-end=\"957\">\n<p data-start=\"900\" data-end=\"957\">motif de boulonnage de montage de 3,0\u2033 \u00d7 4,9\u2033 pour la compatibilit\u00e9<\/p>\n<\/li>\n<li data-section-id=\"1nln0xb\" data-start=\"958\" data-end=\"1005\">\n<p data-start=\"960\" data-end=\"1005\">Quincaillerie en acier inoxydable pour la durabilit\u00e9<\/p>\n<\/li>\n<li data-section-id=\"cixdkp\" data-start=\"1006\" data-end=\"1035\" data-is-last-node=\"\">\n<p data-start=\"1008\" data-end=\"1035\" data-is-last-node=\"\">Garantie limit\u00e9e de 3 ans<\/p>\n<\/li>\n<\/ul>","protected":false},"excerpt":{"rendered":"<p>Le treuil de la s\u00e9rie Fenix est con\u00e7u pour les applications de VTT et d'UTV de grande taille, offrant une puissante capacit\u00e9 de traction de 4 500 lb. \u00c9quip\u00e9 d'un moteur durable, de composants \u00e9tanches et d'un syst\u00e8me de freinage fiable, il offre des performances fiables pour les t\u00e2ches de r\u00e9cup\u00e9ration hors route difficiles.<\/p>\n<p>&nbsp;<\/p>","protected":false},"featured_media":11910,"comment_status":"open","ping_status":"closed","template":"","meta":[],"product_cat":[451],"product_tag":[],"class_list":{"0":"post-11909","1":"product","2":"type-product","3":"status-publish","4":"has-post-thumbnail","6":"product_cat-tools-equipment","7":"product_shipping_class-class-1","9":"first","10":"instock","11":"taxable","12":"shipping-taxable","13":"purchasable","14":"product-type-simple"},"yoast_head":"<!-- This site is optimized with the Yoast SEO plugin v27.3 - https:\/\/yoast.com\/product\/yoast-seo-wordpress\/ -->\n<title>Novawinch Fenix 4,500lb ATV\/UTV Winch, Synthetic Rope - Ks Products<\/title>\n<meta name=\"robots\" content=\"index, follow, max-snippet:-1, max-image-preview:large, max-video-preview:-1\" \/>\n<link rel=\"canonical\" href=\"https:\/\/ksproducts.ca\/fr\/product\/treuil-novawinch-fenix-4500lb-treuil-utv-atv-corde-synthetique\/\" \/>\n<meta property=\"og:locale\" content=\"fr_CA\" \/>\n<meta property=\"og:type\" content=\"article\" \/>\n<meta property=\"og:title\" content=\"Novawinch Fenix 4,500lb ATV\/UTV Winch, Synthetic Rope - Ks Products\" \/>\n<meta property=\"og:description\" content=\"The Fenix Series Winch is built for large ATV and UTV applications, delivering powerful 4,500 lb pulling capacity. Equipped with a durable motor, weather-sealed components, and a reliable braking system, it provides dependable performance for tough off-road recovery tasks.  &nbsp;\" \/>\n<meta property=\"og:url\" content=\"https:\/\/ksproducts.ca\/fr\/product\/treuil-novawinch-fenix-4500lb-treuil-utv-atv-corde-synthetique\/\" \/>\n<meta property=\"og:site_name\" content=\"Ks Products\" \/>\n<meta property=\"og:image\" content=\"https:\/\/ksproducts.ca\/wp-content\/uploads\/2026\/03\/Novawinch-Fenix-4500lb-ATVUTV-Winch-Synthetic-Rope.webp\" \/>\n\t<meta property=\"og:image:width\" content=\"800\" \/>\n\t<meta property=\"og:image:height\" content=\"604\" \/>\n\t<meta property=\"og:image:type\" content=\"image\/webp\" \/>\n<meta name=\"twitter:card\" content=\"summary_large_image\" \/>\n<meta name=\"twitter:label1\" content=\"Estimation du temps de lecture\" \/>\n\t<meta name=\"twitter:data1\" content=\"1 minute\" \/>\n<script type=\"application\/ld+json\" class=\"yoast-schema-graph\">{\"@context\":\"https:\\\/\\\/schema.org\",\"@graph\":[{\"@type\":\"WebPage\",\"@id\":\"https:\\\/\\\/ksproducts.ca\\\/product\\\/novawinch-fenix-4500lb-atv-utv-winch-synthetic-rope\\\/\",\"url\":\"https:\\\/\\\/ksproducts.ca\\\/product\\\/novawinch-fenix-4500lb-atv-utv-winch-synthetic-rope\\\/\",\"name\":\"Novawinch Fenix 4,500lb ATV\\\/UTV Winch, Synthetic Rope - Ks Products\",\"isPartOf\":{\"@id\":\"https:\\\/\\\/ksproducts.ca\\\/#website\"},\"primaryImageOfPage\":{\"@id\":\"https:\\\/\\\/ksproducts.ca\\\/product\\\/novawinch-fenix-4500lb-atv-utv-winch-synthetic-rope\\\/#primaryimage\"},\"image\":{\"@id\":\"https:\\\/\\\/ksproducts.ca\\\/product\\\/novawinch-fenix-4500lb-atv-utv-winch-synthetic-rope\\\/#primaryimage\"},\"thumbnailUrl\":\"https:\\\/\\\/ksproducts.ca\\\/wp-content\\\/uploads\\\/2026\\\/03\\\/Novawinch-Fenix-4500lb-ATVUTV-Winch-Synthetic-Rope.webp\",\"datePublished\":\"2026-03-06T16:30:06+00:00\",\"breadcrumb\":{\"@id\":\"https:\\\/\\\/ksproducts.ca\\\/product\\\/novawinch-fenix-4500lb-atv-utv-winch-synthetic-rope\\\/#breadcrumb\"},\"inLanguage\":\"fr-CA\",\"potentialAction\":[{\"@type\":\"ReadAction\",\"target\":[\"https:\\\/\\\/ksproducts.ca\\\/product\\\/novawinch-fenix-4500lb-atv-utv-winch-synthetic-rope\\\/\"]}]},{\"@type\":\"ImageObject\",\"inLanguage\":\"fr-CA\",\"@id\":\"https:\\\/\\\/ksproducts.ca\\\/product\\\/novawinch-fenix-4500lb-atv-utv-winch-synthetic-rope\\\/#primaryimage\",\"url\":\"https:\\\/\\\/ksproducts.ca\\\/wp-content\\\/uploads\\\/2026\\\/03\\\/Novawinch-Fenix-4500lb-ATVUTV-Winch-Synthetic-Rope.webp\",\"contentUrl\":\"https:\\\/\\\/ksproducts.ca\\\/wp-content\\\/uploads\\\/2026\\\/03\\\/Novawinch-Fenix-4500lb-ATVUTV-Winch-Synthetic-Rope.webp\",\"width\":800,\"height\":604,\"caption\":\"Novawinch Fenix 4,500lb ATVUTV Winch, Synthetic Rope\"},{\"@type\":\"BreadcrumbList\",\"@id\":\"https:\\\/\\\/ksproducts.ca\\\/product\\\/novawinch-fenix-4500lb-atv-utv-winch-synthetic-rope\\\/#breadcrumb\",\"itemListElement\":[{\"@type\":\"ListItem\",\"position\":1,\"name\":\"Home\",\"item\":\"https:\\\/\\\/ksproducts.ca\\\/\"},{\"@type\":\"ListItem\",\"position\":2,\"name\":\"Shop\",\"item\":\"https:\\\/\\\/ksproducts.ca\\\/shop\\\/\"},{\"@type\":\"ListItem\",\"position\":3,\"name\":\"Novawinch Fenix 4,500lb ATV\\\/UTV Winch, Synthetic Rope\"}]},{\"@type\":\"WebSite\",\"@id\":\"https:\\\/\\\/ksproducts.ca\\\/#website\",\"url\":\"https:\\\/\\\/ksproducts.ca\\\/\",\"name\":\"Ks Products\",\"description\":\"Outdoor cooking and living, made easy in Canada\",\"publisher\":{\"@id\":\"https:\\\/\\\/ksproducts.ca\\\/#organization\"},\"potentialAction\":[{\"@type\":\"SearchAction\",\"target\":{\"@type\":\"EntryPoint\",\"urlTemplate\":\"https:\\\/\\\/ksproducts.ca\\\/?s={search_term_string}\"},\"query-input\":{\"@type\":\"PropertyValueSpecification\",\"valueRequired\":true,\"valueName\":\"search_term_string\"}}],\"inLanguage\":\"fr-CA\"},{\"@type\":\"Organization\",\"@id\":\"https:\\\/\\\/ksproducts.ca\\\/#organization\",\"name\":\"Ks Products\",\"url\":\"https:\\\/\\\/ksproducts.ca\\\/\",\"logo\":{\"@type\":\"ImageObject\",\"inLanguage\":\"fr-CA\",\"@id\":\"https:\\\/\\\/ksproducts.ca\\\/#\\\/schema\\\/logo\\\/image\\\/\",\"url\":\"https:\\\/\\\/ksproducts.ca\\\/wp-content\\\/uploads\\\/2023\\\/09\\\/Kennedy-Sales-Logo-header-1.png\",\"contentUrl\":\"https:\\\/\\\/ksproducts.ca\\\/wp-content\\\/uploads\\\/2023\\\/09\\\/Kennedy-Sales-Logo-header-1.png\",\"width\":150,\"height\":77,\"caption\":\"Ks Products\"},\"image\":{\"@id\":\"https:\\\/\\\/ksproducts.ca\\\/#\\\/schema\\\/logo\\\/image\\\/\"}}]}<\/script>\n<!-- \/ Yoast SEO plugin. -->","yoast_head_json":{"title":"Treuil Novawinch Fenix 4 500 lb pour VTT\/UTV, c\u00e2ble synth\u00e9tique - Ks Products","robots":{"index":"index","follow":"follow","max-snippet":"max-snippet:-1","max-image-preview":"max-image-preview:large","max-video-preview":"max-video-preview:-1"},"canonical":"https:\/\/ksproducts.ca\/fr\/product\/treuil-novawinch-fenix-4500lb-treuil-utv-atv-corde-synthetique\/","og_locale":"fr_CA","og_type":"article","og_title":"Novawinch Fenix 4,500lb ATV\/UTV Winch, Synthetic Rope - Ks Products","og_description":"The Fenix Series Winch is built for large ATV and UTV applications, delivering powerful 4,500 lb pulling capacity. Equipped with a durable motor, weather-sealed components, and a reliable braking system, it provides dependable performance for tough off-road recovery tasks.  &nbsp;","og_url":"https:\/\/ksproducts.ca\/fr\/product\/treuil-novawinch-fenix-4500lb-treuil-utv-atv-corde-synthetique\/","og_site_name":"Ks Products","og_image":[{"width":800,"height":604,"url":"https:\/\/ksproducts.ca\/wp-content\/uploads\/2026\/03\/Novawinch-Fenix-4500lb-ATVUTV-Winch-Synthetic-Rope.webp","type":"image\/webp"}],"twitter_card":"summary_large_image","twitter_misc":{"Estimation du temps de lecture":"1 minute"},"schema":{"@context":"https:\/\/schema.org","@graph":[{"@type":"WebPage","@id":"https:\/\/ksproducts.ca\/product\/novawinch-fenix-4500lb-atv-utv-winch-synthetic-rope\/","url":"https:\/\/ksproducts.ca\/product\/novawinch-fenix-4500lb-atv-utv-winch-synthetic-rope\/","name":"Treuil Novawinch Fenix 4 500 lb pour VTT\/UTV, c\u00e2ble synth\u00e9tique - Ks Products","isPartOf":{"@id":"https:\/\/ksproducts.ca\/#website"},"primaryImageOfPage":{"@id":"https:\/\/ksproducts.ca\/product\/novawinch-fenix-4500lb-atv-utv-winch-synthetic-rope\/#primaryimage"},"image":{"@id":"https:\/\/ksproducts.ca\/product\/novawinch-fenix-4500lb-atv-utv-winch-synthetic-rope\/#primaryimage"},"thumbnailUrl":"https:\/\/ksproducts.ca\/wp-content\/uploads\/2026\/03\/Novawinch-Fenix-4500lb-ATVUTV-Winch-Synthetic-Rope.webp","datePublished":"2026-03-06T16:30:06+00:00","breadcrumb":{"@id":"https:\/\/ksproducts.ca\/product\/novawinch-fenix-4500lb-atv-utv-winch-synthetic-rope\/#breadcrumb"},"inLanguage":"fr-CA","potentialAction":[{"@type":"ReadAction","target":["https:\/\/ksproducts.ca\/product\/novawinch-fenix-4500lb-atv-utv-winch-synthetic-rope\/"]}]},{"@type":"ImageObject","inLanguage":"fr-CA","@id":"https:\/\/ksproducts.ca\/product\/novawinch-fenix-4500lb-atv-utv-winch-synthetic-rope\/#primaryimage","url":"https:\/\/ksproducts.ca\/wp-content\/uploads\/2026\/03\/Novawinch-Fenix-4500lb-ATVUTV-Winch-Synthetic-Rope.webp","contentUrl":"https:\/\/ksproducts.ca\/wp-content\/uploads\/2026\/03\/Novawinch-Fenix-4500lb-ATVUTV-Winch-Synthetic-Rope.webp","width":800,"height":604,"caption":"Novawinch Fenix 4,500lb ATVUTV Winch, Synthetic Rope"},{"@type":"BreadcrumbList","@id":"https:\/\/ksproducts.ca\/product\/novawinch-fenix-4500lb-atv-utv-winch-synthetic-rope\/#breadcrumb","itemListElement":[{"@type":"ListItem","position":1,"name":"Home","item":"https:\/\/ksproducts.ca\/"},{"@type":"ListItem","position":2,"name":"Shop","item":"https:\/\/ksproducts.ca\/shop\/"},{"@type":"ListItem","position":3,"name":"Novawinch Fenix 4,500lb ATV\/UTV Winch, Synthetic Rope"}]},{"@type":"WebSite","@id":"https:\/\/ksproducts.ca\/#website","url":"https:\/\/ksproducts.ca\/","name":"Produits Ks","description":"Cuisiner et vivre en plein air, c'est facile au Canada","publisher":{"@id":"https:\/\/ksproducts.ca\/#organization"},"potentialAction":[{"@type":"SearchAction","target":{"@type":"EntryPoint","urlTemplate":"https:\/\/ksproducts.ca\/?s={search_term_string}"},"query-input":{"@type":"PropertyValueSpecification","valueRequired":true,"valueName":"search_term_string"}}],"inLanguage":"fr-CA"},{"@type":"Organization","@id":"https:\/\/ksproducts.ca\/#organization","name":"Produits Ks","url":"https:\/\/ksproducts.ca\/","logo":{"@type":"ImageObject","inLanguage":"fr-CA","@id":"https:\/\/ksproducts.ca\/#\/schema\/logo\/image\/","url":"https:\/\/ksproducts.ca\/wp-content\/uploads\/2023\/09\/Kennedy-Sales-Logo-header-1.png","contentUrl":"https:\/\/ksproducts.ca\/wp-content\/uploads\/2023\/09\/Kennedy-Sales-Logo-header-1.png","width":150,"height":77,"caption":"Ks Products"},"image":{"@id":"https:\/\/ksproducts.ca\/#\/schema\/logo\/image\/"}}]}},"_links":{"self":[{"href":"https:\/\/ksproducts.ca\/fr\/wp-json\/wp\/v2\/product\/11909","targetHints":{"allow":["GET"]}}],"collection":[{"href":"https:\/\/ksproducts.ca\/fr\/wp-json\/wp\/v2\/product"}],"about":[{"href":"https:\/\/ksproducts.ca\/fr\/wp-json\/wp\/v2\/types\/product"}],"replies":[{"embeddable":true,"href":"https:\/\/ksproducts.ca\/fr\/wp-json\/wp\/v2\/comments?post=11909"}],"version-history":[{"count":1,"href":"https:\/\/ksproducts.ca\/fr\/wp-json\/wp\/v2\/product\/11909\/revisions"}],"predecessor-version":[{"id":11911,"href":"https:\/\/ksproducts.ca\/fr\/wp-json\/wp\/v2\/product\/11909\/revisions\/11911"}],"wp:featuredmedia":[{"embeddable":true,"href":"https:\/\/ksproducts.ca\/fr\/wp-json\/wp\/v2\/media\/11910"}],"wp:attachment":[{"href":"https:\/\/ksproducts.ca\/fr\/wp-json\/wp\/v2\/media?parent=11909"}],"wp:term":[{"taxonomy":"product_cat","embeddable":true,"href":"https:\/\/ksproducts.ca\/fr\/wp-json\/wp\/v2\/product_cat?post=11909"},{"taxonomy":"product_tag","embeddable":true,"href":"https:\/\/ksproducts.ca\/fr\/wp-json\/wp\/v2\/product_tag?post=11909"}],"curies":[{"name":"wp","href":"https:\/\/api.w.org\/{rel}","templated":true}]}}