{"id":11912,"date":"2026-03-06T16:35:05","date_gmt":"2026-03-06T16:35:05","guid":{"rendered":"https:\/\/ksproducts.ca\/?post_type=product&#038;p=11912"},"modified":"2026-03-06T17:54:38","modified_gmt":"2026-03-06T17:54:38","slug":"treuil-novawinch-stinger-12000lb-12v-fil","status":"publish","type":"product","link":"https:\/\/ksproducts.ca\/fr\/product\/novawinch-stinger-12000lb-winch-12v-wire\/","title":{"rendered":"Novawinch Stinger 12,000lb Winch - 12v, Wire"},"content":{"rendered":"<ul data-rte-list=\"default\">\n<li>\n<p data-rte-preserve-empty=\"true\">Le syst\u00e8me DUO Remote : Vivez une libert\u00e9 totale. Passez sans effort entre le mode sans fil haute fr\u00e9quence pour le rep\u00e9rage depuis la ligne de cr\u00eate et le c\u00e2ble filaire plug-and-play pour une fiabilit\u00e9 essentielle en mission.<\/p>\n<\/li>\n<li>\n<p data-rte-preserve-empty=\"true\">Bord synth\u00e9tique : R\u00e9duisez le poids et augmentez la s\u00e9curit\u00e9. Notre corde synth\u00e9tique haute r\u00e9sistance offre une r\u00e9sistance \u00e0 la rupture incroyable avec une fraction de la masse de l'acier \u2014 plus facile \u00e0 manipuler, plus rapide \u00e0 gr\u00e9er, et risque de recul nul.<\/p>\n<\/li>\n<li>\n<p data-rte-preserve-empty=\"true\">Le joint \u201c Double-Lock \u201d : Ne laissez pas les \u00e9l\u00e9ments interrompre la mission. Avec un joint de tambour \u00e0 double \u00e9tage et une certification de niveau militaire IP68\/69K, le Stinger r\u00e9siste aux lavages sous pression de 1 450 PSI et aux submersions en eau profonde.<\/p>\n<\/li>\n<li>\n<p data-rte-preserve-empty=\"true\">Gestion thermique avanc\u00e9e : Le moteur s\u00e9rie \u00e0 couple \u00e9lev\u00e9 est con\u00e7u pour fonctionner plus froidement et plus longtemps. Les remont\u00e9es de ligne \u00e0 haute vitesse ne feront pas fondre votre confiance ni votre moteur.<\/p>\n<\/li>\n<li>\n<p data-rte-preserve-empty=\"true\">Puissance Silencieuse : Les engrenages plan\u00e9taires en acier enti\u00e8rement tremp\u00e9 et usin\u00e9 offrent une traction douce, silencieuse et d'une force redoutable \u00e0 chaque utilisation.<\/p>\n<\/li>\n<\/ul>","protected":false},"excerpt":{"rendered":"<p>Quand le sentier se d\u00e9fend, il faut d'abord frapper. Le Novawinch Stinger 12 000 est l'arme de r\u00e9cup\u00e9ration ultime pour l'overlander moderne. Combinant une \u00e9norme capacit\u00e9 de traction de 12 000 livres avec l'agilit\u00e9 l\u00e9g\u00e8re d'une corde synth\u00e9tique de premi\u00e8re qualit\u00e9, le Stinger est con\u00e7u pour ceux qui exigent des performances de pointe sans le poids mort. Dot\u00e9 du syst\u00e8me r\u00e9volutionnaire DUO Remote, vous avez maintenant le pouvoir de choisir et la pr\u00e9cision d'un contr\u00f4le total dans la paume de votre main.<\/p>","protected":false},"featured_media":11913,"comment_status":"open","ping_status":"closed","template":"","meta":[],"product_cat":[451],"product_tag":[],"class_list":{"0":"post-11912","1":"product","2":"type-product","3":"status-publish","4":"has-post-thumbnail","6":"product_cat-tools-equipment","7":"product_shipping_class-class-4","9":"first","10":"instock","11":"taxable","12":"shipping-taxable","13":"purchasable","14":"product-type-simple"},"yoast_head":"<!-- This site is optimized with the Yoast SEO plugin v27.4 - https:\/\/yoast.com\/product\/yoast-seo-wordpress\/ -->\n<title>Novawinch Stinger 12,000lb Winch - 12v, Wire - Ks Products<\/title>\n<meta name=\"robots\" content=\"index, follow, max-snippet:-1, max-image-preview:large, max-video-preview:-1\" \/>\n<link rel=\"canonical\" href=\"https:\/\/ksproducts.ca\/fr\/product\/treuil-novawinch-stinger-12000lb-12v-fil\/\" \/>\n<meta property=\"og:locale\" content=\"fr_CA\" \/>\n<meta property=\"og:type\" content=\"article\" \/>\n<meta property=\"og:title\" content=\"Novawinch Stinger 12,000lb Winch - 12v, Wire - Ks Products\" \/>\n<meta property=\"og:description\" content=\"When the trail fights back, sting first. The Novawinch Stinger 12,000 is the ultimate recovery weapon for the modern overlander. Combining a massive 12,000 lb. pull capacity with the lightweight agility of premium synthetic rope, the Stinger is designed for those who demand peak performance without the dead weight. Featuring the revolutionary DUO Remote system, you now have the power of choice and the precision of total control in the palm of your hand.\" \/>\n<meta property=\"og:url\" content=\"https:\/\/ksproducts.ca\/fr\/product\/treuil-novawinch-stinger-12000lb-12v-fil\/\" \/>\n<meta property=\"og:site_name\" content=\"Ks Products\" \/>\n<meta property=\"article:modified_time\" content=\"2026-03-06T17:54:38+00:00\" \/>\n<meta property=\"og:image\" content=\"https:\/\/ksproducts.ca\/wp-content\/uploads\/2026\/03\/Novawinch-Stinger-12000lb-Winch-12v-Wire.webp\" \/>\n\t<meta property=\"og:image:width\" content=\"800\" \/>\n\t<meta property=\"og:image:height\" content=\"533\" \/>\n\t<meta property=\"og:image:type\" content=\"image\/webp\" \/>\n<meta name=\"twitter:card\" content=\"summary_large_image\" \/>\n<meta name=\"twitter:label1\" content=\"Estimation du temps de lecture\" \/>\n\t<meta name=\"twitter:data1\" content=\"1 minute\" \/>\n<script type=\"application\/ld+json\" class=\"yoast-schema-graph\">{\"@context\":\"https:\\\/\\\/schema.org\",\"@graph\":[{\"@type\":\"WebPage\",\"@id\":\"https:\\\/\\\/ksproducts.ca\\\/product\\\/novawinch-stinger-12000lb-winch-12v-wire\\\/\",\"url\":\"https:\\\/\\\/ksproducts.ca\\\/product\\\/novawinch-stinger-12000lb-winch-12v-wire\\\/\",\"name\":\"Novawinch Stinger 12,000lb Winch - 12v, Wire - Ks Products\",\"isPartOf\":{\"@id\":\"https:\\\/\\\/ksproducts.ca\\\/#website\"},\"primaryImageOfPage\":{\"@id\":\"https:\\\/\\\/ksproducts.ca\\\/product\\\/novawinch-stinger-12000lb-winch-12v-wire\\\/#primaryimage\"},\"image\":{\"@id\":\"https:\\\/\\\/ksproducts.ca\\\/product\\\/novawinch-stinger-12000lb-winch-12v-wire\\\/#primaryimage\"},\"thumbnailUrl\":\"https:\\\/\\\/ksproducts.ca\\\/wp-content\\\/uploads\\\/2026\\\/03\\\/Novawinch-Stinger-12000lb-Winch-12v-Wire.webp\",\"datePublished\":\"2026-03-06T16:35:05+00:00\",\"dateModified\":\"2026-03-06T17:54:38+00:00\",\"breadcrumb\":{\"@id\":\"https:\\\/\\\/ksproducts.ca\\\/product\\\/novawinch-stinger-12000lb-winch-12v-wire\\\/#breadcrumb\"},\"inLanguage\":\"fr-CA\",\"potentialAction\":[{\"@type\":\"ReadAction\",\"target\":[\"https:\\\/\\\/ksproducts.ca\\\/product\\\/novawinch-stinger-12000lb-winch-12v-wire\\\/\"]}]},{\"@type\":\"ImageObject\",\"inLanguage\":\"fr-CA\",\"@id\":\"https:\\\/\\\/ksproducts.ca\\\/product\\\/novawinch-stinger-12000lb-winch-12v-wire\\\/#primaryimage\",\"url\":\"https:\\\/\\\/ksproducts.ca\\\/wp-content\\\/uploads\\\/2026\\\/03\\\/Novawinch-Stinger-12000lb-Winch-12v-Wire.webp\",\"contentUrl\":\"https:\\\/\\\/ksproducts.ca\\\/wp-content\\\/uploads\\\/2026\\\/03\\\/Novawinch-Stinger-12000lb-Winch-12v-Wire.webp\",\"width\":800,\"height\":533,\"caption\":\"Novawinch Stinger 12,000lb Winch 12v, Wire\"},{\"@type\":\"BreadcrumbList\",\"@id\":\"https:\\\/\\\/ksproducts.ca\\\/product\\\/novawinch-stinger-12000lb-winch-12v-wire\\\/#breadcrumb\",\"itemListElement\":[{\"@type\":\"ListItem\",\"position\":1,\"name\":\"Home\",\"item\":\"https:\\\/\\\/ksproducts.ca\\\/\"},{\"@type\":\"ListItem\",\"position\":2,\"name\":\"Shop\",\"item\":\"https:\\\/\\\/ksproducts.ca\\\/shop\\\/\"},{\"@type\":\"ListItem\",\"position\":3,\"name\":\"Novawinch Stinger 12,000lb Winch &#8211; 12v, Wire\"}]},{\"@type\":\"WebSite\",\"@id\":\"https:\\\/\\\/ksproducts.ca\\\/#website\",\"url\":\"https:\\\/\\\/ksproducts.ca\\\/\",\"name\":\"Ks Products\",\"description\":\"Outdoor cooking and living, made easy in Canada\",\"publisher\":{\"@id\":\"https:\\\/\\\/ksproducts.ca\\\/#organization\"},\"potentialAction\":[{\"@type\":\"SearchAction\",\"target\":{\"@type\":\"EntryPoint\",\"urlTemplate\":\"https:\\\/\\\/ksproducts.ca\\\/?s={search_term_string}\"},\"query-input\":{\"@type\":\"PropertyValueSpecification\",\"valueRequired\":true,\"valueName\":\"search_term_string\"}}],\"inLanguage\":\"fr-CA\"},{\"@type\":\"Organization\",\"@id\":\"https:\\\/\\\/ksproducts.ca\\\/#organization\",\"name\":\"Ks Products\",\"url\":\"https:\\\/\\\/ksproducts.ca\\\/\",\"logo\":{\"@type\":\"ImageObject\",\"inLanguage\":\"fr-CA\",\"@id\":\"https:\\\/\\\/ksproducts.ca\\\/#\\\/schema\\\/logo\\\/image\\\/\",\"url\":\"https:\\\/\\\/ksproducts.ca\\\/wp-content\\\/uploads\\\/2023\\\/09\\\/Kennedy-Sales-Logo-header-1.png\",\"contentUrl\":\"https:\\\/\\\/ksproducts.ca\\\/wp-content\\\/uploads\\\/2023\\\/09\\\/Kennedy-Sales-Logo-header-1.png\",\"width\":150,\"height\":77,\"caption\":\"Ks Products\"},\"image\":{\"@id\":\"https:\\\/\\\/ksproducts.ca\\\/#\\\/schema\\\/logo\\\/image\\\/\"}}]}<\/script>\n<!-- \/ Yoast SEO plugin. -->","yoast_head_json":{"title":"Treuil Novawinch Stinger 12 000 lb - 12 V, \u00e0 c\u00e2ble - Ks Products","robots":{"index":"index","follow":"follow","max-snippet":"max-snippet:-1","max-image-preview":"max-image-preview:large","max-video-preview":"max-video-preview:-1"},"canonical":"https:\/\/ksproducts.ca\/fr\/product\/treuil-novawinch-stinger-12000lb-12v-fil\/","og_locale":"fr_CA","og_type":"article","og_title":"Novawinch Stinger 12,000lb Winch - 12v, Wire - Ks Products","og_description":"When the trail fights back, sting first. The Novawinch Stinger 12,000 is the ultimate recovery weapon for the modern overlander. Combining a massive 12,000 lb. pull capacity with the lightweight agility of premium synthetic rope, the Stinger is designed for those who demand peak performance without the dead weight. Featuring the revolutionary DUO Remote system, you now have the power of choice and the precision of total control in the palm of your hand.","og_url":"https:\/\/ksproducts.ca\/fr\/product\/treuil-novawinch-stinger-12000lb-12v-fil\/","og_site_name":"Ks Products","article_modified_time":"2026-03-06T17:54:38+00:00","og_image":[{"width":800,"height":533,"url":"https:\/\/ksproducts.ca\/wp-content\/uploads\/2026\/03\/Novawinch-Stinger-12000lb-Winch-12v-Wire.webp","type":"image\/webp"}],"twitter_card":"summary_large_image","twitter_misc":{"Estimation du temps de lecture":"1 minute"},"schema":{"@context":"https:\/\/schema.org","@graph":[{"@type":"WebPage","@id":"https:\/\/ksproducts.ca\/product\/novawinch-stinger-12000lb-winch-12v-wire\/","url":"https:\/\/ksproducts.ca\/product\/novawinch-stinger-12000lb-winch-12v-wire\/","name":"Treuil Novawinch Stinger 12 000 lb - 12 V, \u00e0 c\u00e2ble - Ks Products","isPartOf":{"@id":"https:\/\/ksproducts.ca\/#website"},"primaryImageOfPage":{"@id":"https:\/\/ksproducts.ca\/product\/novawinch-stinger-12000lb-winch-12v-wire\/#primaryimage"},"image":{"@id":"https:\/\/ksproducts.ca\/product\/novawinch-stinger-12000lb-winch-12v-wire\/#primaryimage"},"thumbnailUrl":"https:\/\/ksproducts.ca\/wp-content\/uploads\/2026\/03\/Novawinch-Stinger-12000lb-Winch-12v-Wire.webp","datePublished":"2026-03-06T16:35:05+00:00","dateModified":"2026-03-06T17:54:38+00:00","breadcrumb":{"@id":"https:\/\/ksproducts.ca\/product\/novawinch-stinger-12000lb-winch-12v-wire\/#breadcrumb"},"inLanguage":"fr-CA","potentialAction":[{"@type":"ReadAction","target":["https:\/\/ksproducts.ca\/product\/novawinch-stinger-12000lb-winch-12v-wire\/"]}]},{"@type":"ImageObject","inLanguage":"fr-CA","@id":"https:\/\/ksproducts.ca\/product\/novawinch-stinger-12000lb-winch-12v-wire\/#primaryimage","url":"https:\/\/ksproducts.ca\/wp-content\/uploads\/2026\/03\/Novawinch-Stinger-12000lb-Winch-12v-Wire.webp","contentUrl":"https:\/\/ksproducts.ca\/wp-content\/uploads\/2026\/03\/Novawinch-Stinger-12000lb-Winch-12v-Wire.webp","width":800,"height":533,"caption":"Novawinch Stinger 12,000lb Winch 12v, Wire"},{"@type":"BreadcrumbList","@id":"https:\/\/ksproducts.ca\/product\/novawinch-stinger-12000lb-winch-12v-wire\/#breadcrumb","itemListElement":[{"@type":"ListItem","position":1,"name":"Home","item":"https:\/\/ksproducts.ca\/"},{"@type":"ListItem","position":2,"name":"Shop","item":"https:\/\/ksproducts.ca\/shop\/"},{"@type":"ListItem","position":3,"name":"Novawinch Stinger 12,000lb Winch &#8211; 12v, Wire"}]},{"@type":"WebSite","@id":"https:\/\/ksproducts.ca\/#website","url":"https:\/\/ksproducts.ca\/","name":"Produits Ks","description":"Cuisiner et vivre en plein air, c'est facile au Canada","publisher":{"@id":"https:\/\/ksproducts.ca\/#organization"},"potentialAction":[{"@type":"SearchAction","target":{"@type":"EntryPoint","urlTemplate":"https:\/\/ksproducts.ca\/?s={search_term_string}"},"query-input":{"@type":"PropertyValueSpecification","valueRequired":true,"valueName":"search_term_string"}}],"inLanguage":"fr-CA"},{"@type":"Organization","@id":"https:\/\/ksproducts.ca\/#organization","name":"Produits Ks","url":"https:\/\/ksproducts.ca\/","logo":{"@type":"ImageObject","inLanguage":"fr-CA","@id":"https:\/\/ksproducts.ca\/#\/schema\/logo\/image\/","url":"https:\/\/ksproducts.ca\/wp-content\/uploads\/2023\/09\/Kennedy-Sales-Logo-header-1.png","contentUrl":"https:\/\/ksproducts.ca\/wp-content\/uploads\/2023\/09\/Kennedy-Sales-Logo-header-1.png","width":150,"height":77,"caption":"Ks Products"},"image":{"@id":"https:\/\/ksproducts.ca\/#\/schema\/logo\/image\/"}}]}},"_links":{"self":[{"href":"https:\/\/ksproducts.ca\/fr\/wp-json\/wp\/v2\/product\/11912","targetHints":{"allow":["GET"]}}],"collection":[{"href":"https:\/\/ksproducts.ca\/fr\/wp-json\/wp\/v2\/product"}],"about":[{"href":"https:\/\/ksproducts.ca\/fr\/wp-json\/wp\/v2\/types\/product"}],"replies":[{"embeddable":true,"href":"https:\/\/ksproducts.ca\/fr\/wp-json\/wp\/v2\/comments?post=11912"}],"version-history":[{"count":1,"href":"https:\/\/ksproducts.ca\/fr\/wp-json\/wp\/v2\/product\/11912\/revisions"}],"predecessor-version":[{"id":11914,"href":"https:\/\/ksproducts.ca\/fr\/wp-json\/wp\/v2\/product\/11912\/revisions\/11914"}],"wp:featuredmedia":[{"embeddable":true,"href":"https:\/\/ksproducts.ca\/fr\/wp-json\/wp\/v2\/media\/11913"}],"wp:attachment":[{"href":"https:\/\/ksproducts.ca\/fr\/wp-json\/wp\/v2\/media?parent=11912"}],"wp:term":[{"taxonomy":"product_cat","embeddable":true,"href":"https:\/\/ksproducts.ca\/fr\/wp-json\/wp\/v2\/product_cat?post=11912"},{"taxonomy":"product_tag","embeddable":true,"href":"https:\/\/ksproducts.ca\/fr\/wp-json\/wp\/v2\/product_tag?post=11912"}],"curies":[{"name":"wp","href":"https:\/\/api.w.org\/{rel}","templated":true}]}}