{"id":11918,"date":"2026-03-06T17:03:25","date_gmt":"2026-03-06T17:03:25","guid":{"rendered":"https:\/\/ksproducts.ca\/?post_type=product&#038;p=11918"},"modified":"2026-03-06T17:53:51","modified_gmt":"2026-03-06T17:53:51","slug":"treuil-novawinch-pro-plus-12500-lb-12v","status":"publish","type":"product","link":"https:\/\/ksproducts.ca\/fr\/product\/novawinch-pro-plus-12500lb-winch-12v\/","title":{"rendered":"Treuil Novawinch PRO Plus 12,500lb, 12v"},"content":{"rendered":"<ul>\n<li data-section-id=\"1p69t3b\" data-start=\"1704\" data-end=\"1762\">\n<p data-start=\"1706\" data-end=\"1762\">Capacit\u00e9 de traction de 12 500 lb pour le d\u00e9pannage intensif<\/p>\n<\/li>\n<li data-section-id=\"1yxejn4\" data-start=\"1763\" data-end=\"1818\">\n<p data-start=\"1765\" data-end=\"1818\">C\u00e2ble de treuil haute r\u00e9sistance avec crochet en alliage forg\u00e9<\/p>\n<\/li>\n<li data-section-id=\"1wa69bt\" data-start=\"1819\" data-end=\"1888\">\n<p data-start=\"1821\" data-end=\"1888\">Moteur s\u00e9rie \u00e9quilibre la vitesse de ligne et l'efficacit\u00e9 thermique<\/p>\n<\/li>\n<li data-section-id=\"18f1c2e\" data-start=\"1889\" data-end=\"1978\">\n<p data-start=\"1891\" data-end=\"1978\">Joint de tambour \u00e0 deux \u00e9tages<\/p>\n<\/li>\n<li data-section-id=\"18f1c2e\" data-start=\"1889\" data-end=\"1978\">\n<p data-start=\"1891\" data-end=\"1978\">&amp; indice de protection IP68\/IP69K pour la protection contre l'eau, la boue et la poussi\u00e8re<\/p>\n<\/li>\n<li data-section-id=\"lmhlvf\" data-start=\"1979\" data-end=\"2056\">\n<p data-start=\"1981\" data-end=\"2056\">Engrenages plan\u00e9taires en acier tremp\u00e9 avec couronne rotative pour la durabilit\u00e9<\/p>\n<\/li>\n<li data-section-id=\"10vcsd0\" data-start=\"2057\" data-end=\"2121\">\n<p data-start=\"2059\" data-end=\"2121\">Frein m\u00e9tallique 6\u00e8me g\u00e9n\u00e9ration pour une forte puissance de maintien de charge<\/p>\n<\/li>\n<li data-section-id=\"1ar4fmj\" data-start=\"2122\" data-end=\"2198\">\n<p data-start=\"2124\" data-end=\"2198\">Module de commande amovible et c\u00e2bles de d\u00e9port pour une installation flexible<\/p>\n<\/li>\n<li data-section-id=\"103zqtf\" data-start=\"2199\" data-end=\"2291\">\n<p data-start=\"2201\" data-end=\"2291\">Manette filaire \u201chomme mort\u201d caoutchout\u00e9e de 12 pieds, t\u00e9l\u00e9commande sans fil DUO en option<\/p>\n<\/li>\n<li data-section-id=\"n5kmu3\" data-start=\"2292\" data-end=\"2363\">\n<p data-start=\"2294\" data-end=\"2363\">Quincaillerie en acier inoxydable rev\u00eatue par poudrage pour une r\u00e9sistance \u00e0 la corrosion<\/p>\n<\/li>\n<\/ul>","protected":false},"excerpt":{"rendered":"<p>Le Novawinch 12 500 PRO PLUS est un treuil de r\u00e9cup\u00e9ration haute performance con\u00e7u pour les pistes extr\u00eames et l'overlanding. Avec une capacit\u00e9 de traction de 12 500 lb, une construction robuste et une \u00e9tanch\u00e9it\u00e9 avanc\u00e9e, il fonctionne de mani\u00e8re fiable dans la boue, l'eau et les terrains difficiles.<\/p>","protected":false},"featured_media":11919,"comment_status":"open","ping_status":"closed","template":"","meta":[],"product_cat":[451],"product_tag":[],"class_list":{"0":"post-11918","1":"product","2":"type-product","3":"status-publish","4":"has-post-thumbnail","6":"product_cat-tools-equipment","7":"product_shipping_class-class-4","9":"first","10":"instock","11":"taxable","12":"shipping-taxable","13":"purchasable","14":"product-type-simple"},"yoast_head":"<!-- This site is optimized with the Yoast SEO plugin v27.3 - https:\/\/yoast.com\/product\/yoast-seo-wordpress\/ -->\n<title>Novawinch PRO Plus 12,500lb Winch, 12v - Ks Products<\/title>\n<meta name=\"robots\" content=\"index, follow, max-snippet:-1, max-image-preview:large, max-video-preview:-1\" \/>\n<link rel=\"canonical\" href=\"https:\/\/ksproducts.ca\/fr\/product\/treuil-novawinch-pro-plus-12500-lb-12v\/\" \/>\n<meta property=\"og:locale\" content=\"fr_CA\" \/>\n<meta property=\"og:type\" content=\"article\" \/>\n<meta property=\"og:title\" content=\"Novawinch PRO Plus 12,500lb Winch, 12v - Ks Products\" \/>\n<meta property=\"og:description\" content=\"The Novawinch 12,500 PRO PLUS is a high-performance recovery winch built for extreme trails and overlanding. With 12,500 lb pulling capacity, rugged construction, and advanced sealing, it performs reliably in mud, water, and challenging terrain.\" \/>\n<meta property=\"og:url\" content=\"https:\/\/ksproducts.ca\/fr\/product\/treuil-novawinch-pro-plus-12500-lb-12v\/\" \/>\n<meta property=\"og:site_name\" content=\"Ks Products\" \/>\n<meta property=\"article:modified_time\" content=\"2026-03-06T17:53:51+00:00\" \/>\n<meta property=\"og:image\" content=\"https:\/\/ksproducts.ca\/wp-content\/uploads\/2026\/03\/Novawinch-PRO-Plus-12500lb-Winch-12v.webp\" \/>\n\t<meta property=\"og:image:width\" content=\"800\" \/>\n\t<meta property=\"og:image:height\" content=\"520\" \/>\n\t<meta property=\"og:image:type\" content=\"image\/webp\" \/>\n<meta name=\"twitter:card\" content=\"summary_large_image\" \/>\n<meta name=\"twitter:label1\" content=\"Estimation du temps de lecture\" \/>\n\t<meta name=\"twitter:data1\" content=\"1 minute\" \/>\n<script type=\"application\/ld+json\" class=\"yoast-schema-graph\">{\"@context\":\"https:\\\/\\\/schema.org\",\"@graph\":[{\"@type\":\"WebPage\",\"@id\":\"https:\\\/\\\/ksproducts.ca\\\/product\\\/novawinch-pro-plus-12500lb-winch-12v\\\/\",\"url\":\"https:\\\/\\\/ksproducts.ca\\\/product\\\/novawinch-pro-plus-12500lb-winch-12v\\\/\",\"name\":\"Novawinch PRO Plus 12,500lb Winch, 12v - Ks Products\",\"isPartOf\":{\"@id\":\"https:\\\/\\\/ksproducts.ca\\\/#website\"},\"primaryImageOfPage\":{\"@id\":\"https:\\\/\\\/ksproducts.ca\\\/product\\\/novawinch-pro-plus-12500lb-winch-12v\\\/#primaryimage\"},\"image\":{\"@id\":\"https:\\\/\\\/ksproducts.ca\\\/product\\\/novawinch-pro-plus-12500lb-winch-12v\\\/#primaryimage\"},\"thumbnailUrl\":\"https:\\\/\\\/ksproducts.ca\\\/wp-content\\\/uploads\\\/2026\\\/03\\\/Novawinch-PRO-Plus-12500lb-Winch-12v.webp\",\"datePublished\":\"2026-03-06T17:03:25+00:00\",\"dateModified\":\"2026-03-06T17:53:51+00:00\",\"breadcrumb\":{\"@id\":\"https:\\\/\\\/ksproducts.ca\\\/product\\\/novawinch-pro-plus-12500lb-winch-12v\\\/#breadcrumb\"},\"inLanguage\":\"fr-CA\",\"potentialAction\":[{\"@type\":\"ReadAction\",\"target\":[\"https:\\\/\\\/ksproducts.ca\\\/product\\\/novawinch-pro-plus-12500lb-winch-12v\\\/\"]}]},{\"@type\":\"ImageObject\",\"inLanguage\":\"fr-CA\",\"@id\":\"https:\\\/\\\/ksproducts.ca\\\/product\\\/novawinch-pro-plus-12500lb-winch-12v\\\/#primaryimage\",\"url\":\"https:\\\/\\\/ksproducts.ca\\\/wp-content\\\/uploads\\\/2026\\\/03\\\/Novawinch-PRO-Plus-12500lb-Winch-12v.webp\",\"contentUrl\":\"https:\\\/\\\/ksproducts.ca\\\/wp-content\\\/uploads\\\/2026\\\/03\\\/Novawinch-PRO-Plus-12500lb-Winch-12v.webp\",\"width\":800,\"height\":520,\"caption\":\"Novawinch PRO Plus 12,500lb Winch, 12v\"},{\"@type\":\"BreadcrumbList\",\"@id\":\"https:\\\/\\\/ksproducts.ca\\\/product\\\/novawinch-pro-plus-12500lb-winch-12v\\\/#breadcrumb\",\"itemListElement\":[{\"@type\":\"ListItem\",\"position\":1,\"name\":\"Home\",\"item\":\"https:\\\/\\\/ksproducts.ca\\\/\"},{\"@type\":\"ListItem\",\"position\":2,\"name\":\"Shop\",\"item\":\"https:\\\/\\\/ksproducts.ca\\\/shop\\\/\"},{\"@type\":\"ListItem\",\"position\":3,\"name\":\"Novawinch PRO Plus 12,500lb Winch, 12v\"}]},{\"@type\":\"WebSite\",\"@id\":\"https:\\\/\\\/ksproducts.ca\\\/#website\",\"url\":\"https:\\\/\\\/ksproducts.ca\\\/\",\"name\":\"Ks Products\",\"description\":\"Outdoor cooking and living, made easy in Canada\",\"publisher\":{\"@id\":\"https:\\\/\\\/ksproducts.ca\\\/#organization\"},\"potentialAction\":[{\"@type\":\"SearchAction\",\"target\":{\"@type\":\"EntryPoint\",\"urlTemplate\":\"https:\\\/\\\/ksproducts.ca\\\/?s={search_term_string}\"},\"query-input\":{\"@type\":\"PropertyValueSpecification\",\"valueRequired\":true,\"valueName\":\"search_term_string\"}}],\"inLanguage\":\"fr-CA\"},{\"@type\":\"Organization\",\"@id\":\"https:\\\/\\\/ksproducts.ca\\\/#organization\",\"name\":\"Ks Products\",\"url\":\"https:\\\/\\\/ksproducts.ca\\\/\",\"logo\":{\"@type\":\"ImageObject\",\"inLanguage\":\"fr-CA\",\"@id\":\"https:\\\/\\\/ksproducts.ca\\\/#\\\/schema\\\/logo\\\/image\\\/\",\"url\":\"https:\\\/\\\/ksproducts.ca\\\/wp-content\\\/uploads\\\/2023\\\/09\\\/Kennedy-Sales-Logo-header-1.png\",\"contentUrl\":\"https:\\\/\\\/ksproducts.ca\\\/wp-content\\\/uploads\\\/2023\\\/09\\\/Kennedy-Sales-Logo-header-1.png\",\"width\":150,\"height\":77,\"caption\":\"Ks Products\"},\"image\":{\"@id\":\"https:\\\/\\\/ksproducts.ca\\\/#\\\/schema\\\/logo\\\/image\\\/\"}}]}<\/script>\n<!-- \/ Yoast SEO plugin. -->","yoast_head_json":{"title":"Treuil Novawinch PRO Plus 12 500 lb, 12 V - Produits Ks","robots":{"index":"index","follow":"follow","max-snippet":"max-snippet:-1","max-image-preview":"max-image-preview:large","max-video-preview":"max-video-preview:-1"},"canonical":"https:\/\/ksproducts.ca\/fr\/product\/treuil-novawinch-pro-plus-12500-lb-12v\/","og_locale":"fr_CA","og_type":"article","og_title":"Novawinch PRO Plus 12,500lb Winch, 12v - Ks Products","og_description":"The Novawinch 12,500 PRO PLUS is a high-performance recovery winch built for extreme trails and overlanding. With 12,500 lb pulling capacity, rugged construction, and advanced sealing, it performs reliably in mud, water, and challenging terrain.","og_url":"https:\/\/ksproducts.ca\/fr\/product\/treuil-novawinch-pro-plus-12500-lb-12v\/","og_site_name":"Ks Products","article_modified_time":"2026-03-06T17:53:51+00:00","og_image":[{"width":800,"height":520,"url":"https:\/\/ksproducts.ca\/wp-content\/uploads\/2026\/03\/Novawinch-PRO-Plus-12500lb-Winch-12v.webp","type":"image\/webp"}],"twitter_card":"summary_large_image","twitter_misc":{"Estimation du temps de lecture":"1 minute"},"schema":{"@context":"https:\/\/schema.org","@graph":[{"@type":"WebPage","@id":"https:\/\/ksproducts.ca\/product\/novawinch-pro-plus-12500lb-winch-12v\/","url":"https:\/\/ksproducts.ca\/product\/novawinch-pro-plus-12500lb-winch-12v\/","name":"Treuil Novawinch PRO Plus 12 500 lb, 12 V - Produits Ks","isPartOf":{"@id":"https:\/\/ksproducts.ca\/#website"},"primaryImageOfPage":{"@id":"https:\/\/ksproducts.ca\/product\/novawinch-pro-plus-12500lb-winch-12v\/#primaryimage"},"image":{"@id":"https:\/\/ksproducts.ca\/product\/novawinch-pro-plus-12500lb-winch-12v\/#primaryimage"},"thumbnailUrl":"https:\/\/ksproducts.ca\/wp-content\/uploads\/2026\/03\/Novawinch-PRO-Plus-12500lb-Winch-12v.webp","datePublished":"2026-03-06T17:03:25+00:00","dateModified":"2026-03-06T17:53:51+00:00","breadcrumb":{"@id":"https:\/\/ksproducts.ca\/product\/novawinch-pro-plus-12500lb-winch-12v\/#breadcrumb"},"inLanguage":"fr-CA","potentialAction":[{"@type":"ReadAction","target":["https:\/\/ksproducts.ca\/product\/novawinch-pro-plus-12500lb-winch-12v\/"]}]},{"@type":"ImageObject","inLanguage":"fr-CA","@id":"https:\/\/ksproducts.ca\/product\/novawinch-pro-plus-12500lb-winch-12v\/#primaryimage","url":"https:\/\/ksproducts.ca\/wp-content\/uploads\/2026\/03\/Novawinch-PRO-Plus-12500lb-Winch-12v.webp","contentUrl":"https:\/\/ksproducts.ca\/wp-content\/uploads\/2026\/03\/Novawinch-PRO-Plus-12500lb-Winch-12v.webp","width":800,"height":520,"caption":"Novawinch PRO Plus 12,500lb Winch, 12v"},{"@type":"BreadcrumbList","@id":"https:\/\/ksproducts.ca\/product\/novawinch-pro-plus-12500lb-winch-12v\/#breadcrumb","itemListElement":[{"@type":"ListItem","position":1,"name":"Home","item":"https:\/\/ksproducts.ca\/"},{"@type":"ListItem","position":2,"name":"Shop","item":"https:\/\/ksproducts.ca\/shop\/"},{"@type":"ListItem","position":3,"name":"Novawinch PRO Plus 12,500lb Winch, 12v"}]},{"@type":"WebSite","@id":"https:\/\/ksproducts.ca\/#website","url":"https:\/\/ksproducts.ca\/","name":"Produits Ks","description":"Cuisiner et vivre en plein air, c'est facile au Canada","publisher":{"@id":"https:\/\/ksproducts.ca\/#organization"},"potentialAction":[{"@type":"SearchAction","target":{"@type":"EntryPoint","urlTemplate":"https:\/\/ksproducts.ca\/?s={search_term_string}"},"query-input":{"@type":"PropertyValueSpecification","valueRequired":true,"valueName":"search_term_string"}}],"inLanguage":"fr-CA"},{"@type":"Organization","@id":"https:\/\/ksproducts.ca\/#organization","name":"Produits Ks","url":"https:\/\/ksproducts.ca\/","logo":{"@type":"ImageObject","inLanguage":"fr-CA","@id":"https:\/\/ksproducts.ca\/#\/schema\/logo\/image\/","url":"https:\/\/ksproducts.ca\/wp-content\/uploads\/2023\/09\/Kennedy-Sales-Logo-header-1.png","contentUrl":"https:\/\/ksproducts.ca\/wp-content\/uploads\/2023\/09\/Kennedy-Sales-Logo-header-1.png","width":150,"height":77,"caption":"Ks Products"},"image":{"@id":"https:\/\/ksproducts.ca\/#\/schema\/logo\/image\/"}}]}},"_links":{"self":[{"href":"https:\/\/ksproducts.ca\/fr\/wp-json\/wp\/v2\/product\/11918","targetHints":{"allow":["GET"]}}],"collection":[{"href":"https:\/\/ksproducts.ca\/fr\/wp-json\/wp\/v2\/product"}],"about":[{"href":"https:\/\/ksproducts.ca\/fr\/wp-json\/wp\/v2\/types\/product"}],"replies":[{"embeddable":true,"href":"https:\/\/ksproducts.ca\/fr\/wp-json\/wp\/v2\/comments?post=11918"}],"version-history":[{"count":3,"href":"https:\/\/ksproducts.ca\/fr\/wp-json\/wp\/v2\/product\/11918\/revisions"}],"predecessor-version":[{"id":11925,"href":"https:\/\/ksproducts.ca\/fr\/wp-json\/wp\/v2\/product\/11918\/revisions\/11925"}],"wp:featuredmedia":[{"embeddable":true,"href":"https:\/\/ksproducts.ca\/fr\/wp-json\/wp\/v2\/media\/11919"}],"wp:attachment":[{"href":"https:\/\/ksproducts.ca\/fr\/wp-json\/wp\/v2\/media?parent=11918"}],"wp:term":[{"taxonomy":"product_cat","embeddable":true,"href":"https:\/\/ksproducts.ca\/fr\/wp-json\/wp\/v2\/product_cat?post=11918"},{"taxonomy":"product_tag","embeddable":true,"href":"https:\/\/ksproducts.ca\/fr\/wp-json\/wp\/v2\/product_tag?post=11918"}],"curies":[{"name":"wp","href":"https:\/\/api.w.org\/{rel}","templated":true}]}}