{"id":11921,"date":"2026-03-06T17:10:55","date_gmt":"2026-03-06T17:10:55","guid":{"rendered":"https:\/\/ksproducts.ca\/?post_type=product&#038;p=11921"},"modified":"2026-03-06T17:51:52","modified_gmt":"2026-03-06T17:51:52","slug":"treuil-novawinch-pro-plus-12500lb-12v-corde-synthetique","status":"publish","type":"product","link":"https:\/\/ksproducts.ca\/fr\/product\/novawinch-pro-plus-12500lb-winch-12v-synthetic-rope\/","title":{"rendered":"Novawinch PRO Plus 12,500lb Winch, 12v Synthetic Rope"},"content":{"rendered":"<ul>\n<li data-section-id=\"1p69t3b\" data-start=\"381\" data-end=\"439\">\n<p data-start=\"383\" data-end=\"439\">Capacit\u00e9 de traction de 12 500 lb pour le d\u00e9pannage intensif<\/p>\n<\/li>\n<li data-section-id=\"5e8fv5\" data-start=\"440\" data-end=\"505\">\n<p data-start=\"442\" data-end=\"505\">corde synth\u00e9tique haute r\u00e9sistance de 85 pieds avec crochet en alliage forg\u00e9<\/p>\n<\/li>\n<li data-section-id=\"o6lew8\" data-start=\"506\" data-end=\"597\">\n<p data-start=\"508\" data-end=\"597\">Vitesse de ligne plus rapide avec moteur s\u00e9rie bobin\u00e9 en cuivre suppl\u00e9mentaire pour une efficacit\u00e9 thermique<\/p>\n<\/li>\n<li data-section-id=\"2x8fgp\" data-start=\"598\" data-end=\"692\">\n<p data-start=\"600\" data-end=\"692\">Joint de tambour double \u00e9tage et indice IP68\/IP69K pour une protection in\u00e9gal\u00e9e contre l'eau, la boue et la poussi\u00e8re<\/p>\n<\/li>\n<li data-section-id=\"1ckw85c\" data-start=\"693\" data-end=\"769\">\n<p data-start=\"695\" data-end=\"769\">Engrenages plan\u00e9taires en acier enti\u00e8rement tremp\u00e9s et usin\u00e9s avec couronne rotative<\/p>\n<\/li>\n<li data-section-id=\"1llfnwv\" data-start=\"770\" data-end=\"839\">\n<p data-start=\"772\" data-end=\"839\">Frein en m\u00e9tal de 6e g\u00e9n\u00e9ration offrant une forte puissance de maintien de charge<\/p>\n<\/li>\n<li data-section-id=\"1d5y2ve\" data-start=\"840\" data-end=\"912\">\n<p data-start=\"842\" data-end=\"912\">Module de commande amovible et c\u00e2bles de d\u00e9port pour montage flexible<\/p>\n<\/li>\n<li data-section-id=\"103zqtf\" data-start=\"913\" data-end=\"1005\">\n<p data-start=\"915\" data-end=\"1005\">Manette filaire \u201chomme mort\u201d caoutchout\u00e9e de 12 pieds, t\u00e9l\u00e9commande sans fil DUO en option<\/p>\n<\/li>\n<li data-section-id=\"9jp8sc\" data-start=\"1006\" data-end=\"1103\" data-is-last-node=\"\">\n<p data-start=\"1008\" data-end=\"1103\" data-is-last-node=\"\">Ferrure en acier inoxydable thermolaqu\u00e9 pour une r\u00e9sistance \u00e0 la corrosion et une durabilit\u00e9 accrue<\/p>\n<\/li>\n<\/ul>","protected":false},"excerpt":{"rendered":"<p>Le treuil Novawinch 12 500 PRO PLUS offre des performances hors route extr\u00eames avec une capacit\u00e9 de traction de 12 500 lb et 85 pieds de c\u00e2ble synth\u00e9tique. Con\u00e7u pour la durabilit\u00e9, la vitesse et la polyvalence, il est dot\u00e9 d'une \u00e9tanch\u00e9it\u00e9 avanc\u00e9e, d'engrenages en acier tremp\u00e9 et de moteurs haute performance pour faire face \u00e0 la boue, \u00e0 l'eau et aux d\u00e9fis les plus difficiles sur les pistes.<\/p>","protected":false},"featured_media":11922,"comment_status":"open","ping_status":"closed","template":"","meta":[],"product_cat":[451],"product_tag":[],"class_list":{"0":"post-11921","1":"product","2":"type-product","3":"status-publish","4":"has-post-thumbnail","6":"product_cat-tools-equipment","7":"product_shipping_class-class-4","9":"first","10":"instock","11":"taxable","12":"shipping-taxable","13":"purchasable","14":"product-type-simple"},"yoast_head":"<!-- This site is optimized with the Yoast SEO plugin v27.4 - https:\/\/yoast.com\/product\/yoast-seo-wordpress\/ -->\n<title>Novawinch PRO Plus 12,500lb Winch, 12v Synthetic Rope - Ks Products<\/title>\n<meta name=\"robots\" content=\"index, follow, max-snippet:-1, max-image-preview:large, max-video-preview:-1\" \/>\n<link rel=\"canonical\" href=\"https:\/\/ksproducts.ca\/fr\/product\/treuil-novawinch-pro-plus-12500lb-12v-corde-synthetique\/\" \/>\n<meta property=\"og:locale\" content=\"fr_CA\" \/>\n<meta property=\"og:type\" content=\"article\" \/>\n<meta property=\"og:title\" content=\"Novawinch PRO Plus 12,500lb Winch, 12v Synthetic Rope - Ks Products\" \/>\n<meta property=\"og:description\" content=\"The Novawinch 12,500 PRO PLUS Winch delivers extreme off-road performance with 12,500 lb pulling capacity and 85 ft of synthetic rope. Engineered for durability, speed, and versatility, it features advanced sealing, hardened steel gears, and high-performance motors to handle mud, water, and the toughest trail challenges.\" \/>\n<meta property=\"og:url\" content=\"https:\/\/ksproducts.ca\/fr\/product\/treuil-novawinch-pro-plus-12500lb-12v-corde-synthetique\/\" \/>\n<meta property=\"og:site_name\" content=\"Ks Products\" \/>\n<meta property=\"article:modified_time\" content=\"2026-03-06T17:51:52+00:00\" \/>\n<meta property=\"og:image\" content=\"https:\/\/ksproducts.ca\/wp-content\/uploads\/2026\/03\/Novawinch-PRO-Plus-12500lb-Winch-12v-Synthetic-Rope.webp\" \/>\n\t<meta property=\"og:image:width\" content=\"800\" \/>\n\t<meta property=\"og:image:height\" content=\"520\" \/>\n\t<meta property=\"og:image:type\" content=\"image\/webp\" \/>\n<meta name=\"twitter:card\" content=\"summary_large_image\" \/>\n<meta name=\"twitter:label1\" content=\"Estimation du temps de lecture\" \/>\n\t<meta name=\"twitter:data1\" content=\"1 minute\" \/>\n<script type=\"application\/ld+json\" class=\"yoast-schema-graph\">{\"@context\":\"https:\\\/\\\/schema.org\",\"@graph\":[{\"@type\":\"WebPage\",\"@id\":\"https:\\\/\\\/ksproducts.ca\\\/product\\\/novawinch-pro-plus-12500lb-winch-12v-synthetic-rope\\\/\",\"url\":\"https:\\\/\\\/ksproducts.ca\\\/product\\\/novawinch-pro-plus-12500lb-winch-12v-synthetic-rope\\\/\",\"name\":\"Novawinch PRO Plus 12,500lb Winch, 12v Synthetic Rope - Ks Products\",\"isPartOf\":{\"@id\":\"https:\\\/\\\/ksproducts.ca\\\/#website\"},\"primaryImageOfPage\":{\"@id\":\"https:\\\/\\\/ksproducts.ca\\\/product\\\/novawinch-pro-plus-12500lb-winch-12v-synthetic-rope\\\/#primaryimage\"},\"image\":{\"@id\":\"https:\\\/\\\/ksproducts.ca\\\/product\\\/novawinch-pro-plus-12500lb-winch-12v-synthetic-rope\\\/#primaryimage\"},\"thumbnailUrl\":\"https:\\\/\\\/ksproducts.ca\\\/wp-content\\\/uploads\\\/2026\\\/03\\\/Novawinch-PRO-Plus-12500lb-Winch-12v-Synthetic-Rope.webp\",\"datePublished\":\"2026-03-06T17:10:55+00:00\",\"dateModified\":\"2026-03-06T17:51:52+00:00\",\"breadcrumb\":{\"@id\":\"https:\\\/\\\/ksproducts.ca\\\/product\\\/novawinch-pro-plus-12500lb-winch-12v-synthetic-rope\\\/#breadcrumb\"},\"inLanguage\":\"fr-CA\",\"potentialAction\":[{\"@type\":\"ReadAction\",\"target\":[\"https:\\\/\\\/ksproducts.ca\\\/product\\\/novawinch-pro-plus-12500lb-winch-12v-synthetic-rope\\\/\"]}]},{\"@type\":\"ImageObject\",\"inLanguage\":\"fr-CA\",\"@id\":\"https:\\\/\\\/ksproducts.ca\\\/product\\\/novawinch-pro-plus-12500lb-winch-12v-synthetic-rope\\\/#primaryimage\",\"url\":\"https:\\\/\\\/ksproducts.ca\\\/wp-content\\\/uploads\\\/2026\\\/03\\\/Novawinch-PRO-Plus-12500lb-Winch-12v-Synthetic-Rope.webp\",\"contentUrl\":\"https:\\\/\\\/ksproducts.ca\\\/wp-content\\\/uploads\\\/2026\\\/03\\\/Novawinch-PRO-Plus-12500lb-Winch-12v-Synthetic-Rope.webp\",\"width\":800,\"height\":520,\"caption\":\"Novawinch PRO Plus 12,500lb Winch, 12v Synthetic Rope\"},{\"@type\":\"BreadcrumbList\",\"@id\":\"https:\\\/\\\/ksproducts.ca\\\/product\\\/novawinch-pro-plus-12500lb-winch-12v-synthetic-rope\\\/#breadcrumb\",\"itemListElement\":[{\"@type\":\"ListItem\",\"position\":1,\"name\":\"Home\",\"item\":\"https:\\\/\\\/ksproducts.ca\\\/\"},{\"@type\":\"ListItem\",\"position\":2,\"name\":\"Shop\",\"item\":\"https:\\\/\\\/ksproducts.ca\\\/shop\\\/\"},{\"@type\":\"ListItem\",\"position\":3,\"name\":\"Novawinch PRO Plus 12,500lb Winch, 12v Synthetic Rope\"}]},{\"@type\":\"WebSite\",\"@id\":\"https:\\\/\\\/ksproducts.ca\\\/#website\",\"url\":\"https:\\\/\\\/ksproducts.ca\\\/\",\"name\":\"Ks Products\",\"description\":\"Outdoor cooking and living, made easy in Canada\",\"publisher\":{\"@id\":\"https:\\\/\\\/ksproducts.ca\\\/#organization\"},\"potentialAction\":[{\"@type\":\"SearchAction\",\"target\":{\"@type\":\"EntryPoint\",\"urlTemplate\":\"https:\\\/\\\/ksproducts.ca\\\/?s={search_term_string}\"},\"query-input\":{\"@type\":\"PropertyValueSpecification\",\"valueRequired\":true,\"valueName\":\"search_term_string\"}}],\"inLanguage\":\"fr-CA\"},{\"@type\":\"Organization\",\"@id\":\"https:\\\/\\\/ksproducts.ca\\\/#organization\",\"name\":\"Ks Products\",\"url\":\"https:\\\/\\\/ksproducts.ca\\\/\",\"logo\":{\"@type\":\"ImageObject\",\"inLanguage\":\"fr-CA\",\"@id\":\"https:\\\/\\\/ksproducts.ca\\\/#\\\/schema\\\/logo\\\/image\\\/\",\"url\":\"https:\\\/\\\/ksproducts.ca\\\/wp-content\\\/uploads\\\/2023\\\/09\\\/Kennedy-Sales-Logo-header-1.png\",\"contentUrl\":\"https:\\\/\\\/ksproducts.ca\\\/wp-content\\\/uploads\\\/2023\\\/09\\\/Kennedy-Sales-Logo-header-1.png\",\"width\":150,\"height\":77,\"caption\":\"Ks Products\"},\"image\":{\"@id\":\"https:\\\/\\\/ksproducts.ca\\\/#\\\/schema\\\/logo\\\/image\\\/\"}}]}<\/script>\n<!-- \/ Yoast SEO plugin. -->","yoast_head_json":{"title":"Treuil Novawinch PRO Plus 12 500 lb, c\u00e2ble synth\u00e9tique 12 V - Ks Products","robots":{"index":"index","follow":"follow","max-snippet":"max-snippet:-1","max-image-preview":"max-image-preview:large","max-video-preview":"max-video-preview:-1"},"canonical":"https:\/\/ksproducts.ca\/fr\/product\/treuil-novawinch-pro-plus-12500lb-12v-corde-synthetique\/","og_locale":"fr_CA","og_type":"article","og_title":"Novawinch PRO Plus 12,500lb Winch, 12v Synthetic Rope - Ks Products","og_description":"The Novawinch 12,500 PRO PLUS Winch delivers extreme off-road performance with 12,500 lb pulling capacity and 85 ft of synthetic rope. Engineered for durability, speed, and versatility, it features advanced sealing, hardened steel gears, and high-performance motors to handle mud, water, and the toughest trail challenges.","og_url":"https:\/\/ksproducts.ca\/fr\/product\/treuil-novawinch-pro-plus-12500lb-12v-corde-synthetique\/","og_site_name":"Ks Products","article_modified_time":"2026-03-06T17:51:52+00:00","og_image":[{"width":800,"height":520,"url":"https:\/\/ksproducts.ca\/wp-content\/uploads\/2026\/03\/Novawinch-PRO-Plus-12500lb-Winch-12v-Synthetic-Rope.webp","type":"image\/webp"}],"twitter_card":"summary_large_image","twitter_misc":{"Estimation du temps de lecture":"1 minute"},"schema":{"@context":"https:\/\/schema.org","@graph":[{"@type":"WebPage","@id":"https:\/\/ksproducts.ca\/product\/novawinch-pro-plus-12500lb-winch-12v-synthetic-rope\/","url":"https:\/\/ksproducts.ca\/product\/novawinch-pro-plus-12500lb-winch-12v-synthetic-rope\/","name":"Treuil Novawinch PRO Plus 12 500 lb, c\u00e2ble synth\u00e9tique 12 V - Ks Products","isPartOf":{"@id":"https:\/\/ksproducts.ca\/#website"},"primaryImageOfPage":{"@id":"https:\/\/ksproducts.ca\/product\/novawinch-pro-plus-12500lb-winch-12v-synthetic-rope\/#primaryimage"},"image":{"@id":"https:\/\/ksproducts.ca\/product\/novawinch-pro-plus-12500lb-winch-12v-synthetic-rope\/#primaryimage"},"thumbnailUrl":"https:\/\/ksproducts.ca\/wp-content\/uploads\/2026\/03\/Novawinch-PRO-Plus-12500lb-Winch-12v-Synthetic-Rope.webp","datePublished":"2026-03-06T17:10:55+00:00","dateModified":"2026-03-06T17:51:52+00:00","breadcrumb":{"@id":"https:\/\/ksproducts.ca\/product\/novawinch-pro-plus-12500lb-winch-12v-synthetic-rope\/#breadcrumb"},"inLanguage":"fr-CA","potentialAction":[{"@type":"ReadAction","target":["https:\/\/ksproducts.ca\/product\/novawinch-pro-plus-12500lb-winch-12v-synthetic-rope\/"]}]},{"@type":"ImageObject","inLanguage":"fr-CA","@id":"https:\/\/ksproducts.ca\/product\/novawinch-pro-plus-12500lb-winch-12v-synthetic-rope\/#primaryimage","url":"https:\/\/ksproducts.ca\/wp-content\/uploads\/2026\/03\/Novawinch-PRO-Plus-12500lb-Winch-12v-Synthetic-Rope.webp","contentUrl":"https:\/\/ksproducts.ca\/wp-content\/uploads\/2026\/03\/Novawinch-PRO-Plus-12500lb-Winch-12v-Synthetic-Rope.webp","width":800,"height":520,"caption":"Novawinch PRO Plus 12,500lb Winch, 12v Synthetic Rope"},{"@type":"BreadcrumbList","@id":"https:\/\/ksproducts.ca\/product\/novawinch-pro-plus-12500lb-winch-12v-synthetic-rope\/#breadcrumb","itemListElement":[{"@type":"ListItem","position":1,"name":"Home","item":"https:\/\/ksproducts.ca\/"},{"@type":"ListItem","position":2,"name":"Shop","item":"https:\/\/ksproducts.ca\/shop\/"},{"@type":"ListItem","position":3,"name":"Novawinch PRO Plus 12,500lb Winch, 12v Synthetic Rope"}]},{"@type":"WebSite","@id":"https:\/\/ksproducts.ca\/#website","url":"https:\/\/ksproducts.ca\/","name":"Produits Ks","description":"Cuisiner et vivre en plein air, c'est facile au Canada","publisher":{"@id":"https:\/\/ksproducts.ca\/#organization"},"potentialAction":[{"@type":"SearchAction","target":{"@type":"EntryPoint","urlTemplate":"https:\/\/ksproducts.ca\/?s={search_term_string}"},"query-input":{"@type":"PropertyValueSpecification","valueRequired":true,"valueName":"search_term_string"}}],"inLanguage":"fr-CA"},{"@type":"Organization","@id":"https:\/\/ksproducts.ca\/#organization","name":"Produits Ks","url":"https:\/\/ksproducts.ca\/","logo":{"@type":"ImageObject","inLanguage":"fr-CA","@id":"https:\/\/ksproducts.ca\/#\/schema\/logo\/image\/","url":"https:\/\/ksproducts.ca\/wp-content\/uploads\/2023\/09\/Kennedy-Sales-Logo-header-1.png","contentUrl":"https:\/\/ksproducts.ca\/wp-content\/uploads\/2023\/09\/Kennedy-Sales-Logo-header-1.png","width":150,"height":77,"caption":"Ks Products"},"image":{"@id":"https:\/\/ksproducts.ca\/#\/schema\/logo\/image\/"}}]}},"_links":{"self":[{"href":"https:\/\/ksproducts.ca\/fr\/wp-json\/wp\/v2\/product\/11921","targetHints":{"allow":["GET"]}}],"collection":[{"href":"https:\/\/ksproducts.ca\/fr\/wp-json\/wp\/v2\/product"}],"about":[{"href":"https:\/\/ksproducts.ca\/fr\/wp-json\/wp\/v2\/types\/product"}],"replies":[{"embeddable":true,"href":"https:\/\/ksproducts.ca\/fr\/wp-json\/wp\/v2\/comments?post=11921"}],"version-history":[{"count":1,"href":"https:\/\/ksproducts.ca\/fr\/wp-json\/wp\/v2\/product\/11921\/revisions"}],"predecessor-version":[{"id":11923,"href":"https:\/\/ksproducts.ca\/fr\/wp-json\/wp\/v2\/product\/11921\/revisions\/11923"}],"wp:featuredmedia":[{"embeddable":true,"href":"https:\/\/ksproducts.ca\/fr\/wp-json\/wp\/v2\/media\/11922"}],"wp:attachment":[{"href":"https:\/\/ksproducts.ca\/fr\/wp-json\/wp\/v2\/media?parent=11921"}],"wp:term":[{"taxonomy":"product_cat","embeddable":true,"href":"https:\/\/ksproducts.ca\/fr\/wp-json\/wp\/v2\/product_cat?post=11921"},{"taxonomy":"product_tag","embeddable":true,"href":"https:\/\/ksproducts.ca\/fr\/wp-json\/wp\/v2\/product_tag?post=11921"}],"curies":[{"name":"wp","href":"https:\/\/api.w.org\/{rel}","templated":true}]}}