{"id":11929,"date":"2026-03-06T17:20:31","date_gmt":"2026-03-06T17:20:31","guid":{"rendered":"https:\/\/ksproducts.ca\/?post_type=product&#038;p=11929"},"modified":"2026-03-06T17:50:54","modified_gmt":"2026-03-06T17:50:54","slug":"treuil-hydraulique-novawinch-hen10000","status":"publish","type":"product","link":"https:\/\/ksproducts.ca\/fr\/product\/novawinch-hen10000-hydraulic-winch\/","title":{"rendered":"Treuil hydraulique Novawinch HEN10000"},"content":{"rendered":"<ul>\n<li data-section-id=\"130ito1\" data-start=\"490\" data-end=\"587\">\n<p data-start=\"492\" data-end=\"587\">Con\u00e7u pour une utilisation industrielle et commerciale exigeante \u2013 r\u00e9cup\u00e9ration, sauvetage, remorques, grues<\/p>\n<\/li>\n<li data-section-id=\"158dxry\" data-start=\"588\" data-end=\"660\">\n<p data-start=\"590\" data-end=\"660\">125% tests de traction en ligne garantissent des performances au-del\u00e0 de la capacit\u00e9 nominale<\/p>\n<\/li>\n<li data-section-id=\"11lyrl4\" data-start=\"661\" data-end=\"734\">\n<p data-start=\"663\" data-end=\"734\">Espace suppl\u00e9mentaire entre le tambour et le c\u00e2ble (1,5\u00d7 le diam\u00e8tre du c\u00e2ble) pour une utilisation s\u00fbre du c\u00e2ble<\/p>\n<\/li>\n<li data-section-id=\"1032w2i\" data-start=\"735\" data-end=\"813\">\n<p data-start=\"737\" data-end=\"813\">R\u00e9sistance du c\u00e2ble d'acier de premi\u00e8re couche \u2265 2\u00d7 la traction nominale de la ligne pour une s\u00e9curit\u00e9 maximale<\/p>\n<\/li>\n<li data-section-id=\"147dxdb\" data-start=\"814\" data-end=\"871\">\n<p data-start=\"816\" data-end=\"871\">Les doubles trous de tambour assurent un montage s\u00e9curis\u00e9 du c\u00e2ble m\u00e9tallique<\/p>\n<\/li>\n<li data-section-id=\"1oqjiz7\" data-start=\"872\" data-end=\"935\">\n<p data-start=\"874\" data-end=\"935\">Alimentation hydraulique pour un fonctionnement constant et fiable<\/p>\n<\/li>\n<li data-section-id=\"rt72b3\" data-start=\"936\" data-end=\"1014\">\n<p data-start=\"938\" data-end=\"1014\">Conforme aux normes EN14492-1:2006<\/p>\n<\/li>\n<\/ul>","protected":false},"excerpt":{"rendered":"<p data-start=\"143\" data-end=\"460\">Le treuil hydraulique HEN de Novawinch est un outil industriel de qualit\u00e9 commerciale con\u00e7u pour les applications les plus exigeantes. Id\u00e9al pour les op\u00e9rations de r\u00e9cup\u00e9ration et de sauvetage, les remorques lourdes \u00e0 plateau et les grues, il offre des performances fiables et est enti\u00e8rement test\u00e9 pour r\u00e9pondre aux normes EN14492-1:2006 et SAE J706.<\/p>","protected":false},"featured_media":11930,"comment_status":"open","ping_status":"closed","template":"","meta":[],"product_cat":[451],"product_tag":[],"class_list":{"0":"post-11929","1":"product","2":"type-product","3":"status-publish","4":"has-post-thumbnail","6":"product_cat-tools-equipment","7":"product_shipping_class-class-4","9":"first","10":"instock","11":"taxable","12":"shipping-taxable","13":"purchasable","14":"product-type-simple"},"yoast_head":"<!-- This site is optimized with the Yoast SEO plugin v27.4 - https:\/\/yoast.com\/product\/yoast-seo-wordpress\/ -->\n<title>Novawinch HEN10000 Hydraulic Winch - Ks Products<\/title>\n<meta name=\"robots\" content=\"index, follow, max-snippet:-1, max-image-preview:large, max-video-preview:-1\" \/>\n<link rel=\"canonical\" href=\"https:\/\/ksproducts.ca\/fr\/product\/treuil-hydraulique-novawinch-hen10000\/\" \/>\n<meta property=\"og:locale\" content=\"fr_CA\" \/>\n<meta property=\"og:type\" content=\"article\" \/>\n<meta property=\"og:title\" content=\"Novawinch HEN10000 Hydraulic Winch - Ks Products\" \/>\n<meta property=\"og:description\" content=\"The Novawinch HEN Series Hydraulic Winch is a commercial-grade, industrial workhorse built for the most demanding applications. Ideal for recovery, rescue operations, heavy-duty flat-bed trailers, and crane use, it delivers reliable performance and is fully tested to meet EN14492-1:2006 and SAE J706 standards.\" \/>\n<meta property=\"og:url\" content=\"https:\/\/ksproducts.ca\/fr\/product\/treuil-hydraulique-novawinch-hen10000\/\" \/>\n<meta property=\"og:site_name\" content=\"Ks Products\" \/>\n<meta property=\"article:modified_time\" content=\"2026-03-06T17:50:54+00:00\" \/>\n<meta property=\"og:image\" content=\"https:\/\/ksproducts.ca\/wp-content\/uploads\/2026\/03\/Novawinch-HEN10000-Hydraulic-Winch.webp\" \/>\n\t<meta property=\"og:image:width\" content=\"800\" \/>\n\t<meta property=\"og:image:height\" content=\"533\" \/>\n\t<meta property=\"og:image:type\" content=\"image\/webp\" \/>\n<meta name=\"twitter:card\" content=\"summary_large_image\" \/>\n<meta name=\"twitter:label1\" content=\"Estimation du temps de lecture\" \/>\n\t<meta name=\"twitter:data1\" content=\"1 minute\" \/>\n<script type=\"application\/ld+json\" class=\"yoast-schema-graph\">{\"@context\":\"https:\\\/\\\/schema.org\",\"@graph\":[{\"@type\":\"WebPage\",\"@id\":\"https:\\\/\\\/ksproducts.ca\\\/product\\\/novawinch-hen10000-hydraulic-winch\\\/\",\"url\":\"https:\\\/\\\/ksproducts.ca\\\/product\\\/novawinch-hen10000-hydraulic-winch\\\/\",\"name\":\"Novawinch HEN10000 Hydraulic Winch - Ks Products\",\"isPartOf\":{\"@id\":\"https:\\\/\\\/ksproducts.ca\\\/#website\"},\"primaryImageOfPage\":{\"@id\":\"https:\\\/\\\/ksproducts.ca\\\/product\\\/novawinch-hen10000-hydraulic-winch\\\/#primaryimage\"},\"image\":{\"@id\":\"https:\\\/\\\/ksproducts.ca\\\/product\\\/novawinch-hen10000-hydraulic-winch\\\/#primaryimage\"},\"thumbnailUrl\":\"https:\\\/\\\/ksproducts.ca\\\/wp-content\\\/uploads\\\/2026\\\/03\\\/Novawinch-HEN10000-Hydraulic-Winch.webp\",\"datePublished\":\"2026-03-06T17:20:31+00:00\",\"dateModified\":\"2026-03-06T17:50:54+00:00\",\"breadcrumb\":{\"@id\":\"https:\\\/\\\/ksproducts.ca\\\/product\\\/novawinch-hen10000-hydraulic-winch\\\/#breadcrumb\"},\"inLanguage\":\"fr-CA\",\"potentialAction\":[{\"@type\":\"ReadAction\",\"target\":[\"https:\\\/\\\/ksproducts.ca\\\/product\\\/novawinch-hen10000-hydraulic-winch\\\/\"]}]},{\"@type\":\"ImageObject\",\"inLanguage\":\"fr-CA\",\"@id\":\"https:\\\/\\\/ksproducts.ca\\\/product\\\/novawinch-hen10000-hydraulic-winch\\\/#primaryimage\",\"url\":\"https:\\\/\\\/ksproducts.ca\\\/wp-content\\\/uploads\\\/2026\\\/03\\\/Novawinch-HEN10000-Hydraulic-Winch.webp\",\"contentUrl\":\"https:\\\/\\\/ksproducts.ca\\\/wp-content\\\/uploads\\\/2026\\\/03\\\/Novawinch-HEN10000-Hydraulic-Winch.webp\",\"width\":800,\"height\":533,\"caption\":\"Novawinch HEN10000 Hydraulic Winch\"},{\"@type\":\"BreadcrumbList\",\"@id\":\"https:\\\/\\\/ksproducts.ca\\\/product\\\/novawinch-hen10000-hydraulic-winch\\\/#breadcrumb\",\"itemListElement\":[{\"@type\":\"ListItem\",\"position\":1,\"name\":\"Home\",\"item\":\"https:\\\/\\\/ksproducts.ca\\\/\"},{\"@type\":\"ListItem\",\"position\":2,\"name\":\"Shop\",\"item\":\"https:\\\/\\\/ksproducts.ca\\\/shop\\\/\"},{\"@type\":\"ListItem\",\"position\":3,\"name\":\"Novawinch HEN10000 Hydraulic Winch\"}]},{\"@type\":\"WebSite\",\"@id\":\"https:\\\/\\\/ksproducts.ca\\\/#website\",\"url\":\"https:\\\/\\\/ksproducts.ca\\\/\",\"name\":\"Ks Products\",\"description\":\"Outdoor cooking and living, made easy in Canada\",\"publisher\":{\"@id\":\"https:\\\/\\\/ksproducts.ca\\\/#organization\"},\"potentialAction\":[{\"@type\":\"SearchAction\",\"target\":{\"@type\":\"EntryPoint\",\"urlTemplate\":\"https:\\\/\\\/ksproducts.ca\\\/?s={search_term_string}\"},\"query-input\":{\"@type\":\"PropertyValueSpecification\",\"valueRequired\":true,\"valueName\":\"search_term_string\"}}],\"inLanguage\":\"fr-CA\"},{\"@type\":\"Organization\",\"@id\":\"https:\\\/\\\/ksproducts.ca\\\/#organization\",\"name\":\"Ks Products\",\"url\":\"https:\\\/\\\/ksproducts.ca\\\/\",\"logo\":{\"@type\":\"ImageObject\",\"inLanguage\":\"fr-CA\",\"@id\":\"https:\\\/\\\/ksproducts.ca\\\/#\\\/schema\\\/logo\\\/image\\\/\",\"url\":\"https:\\\/\\\/ksproducts.ca\\\/wp-content\\\/uploads\\\/2023\\\/09\\\/Kennedy-Sales-Logo-header-1.png\",\"contentUrl\":\"https:\\\/\\\/ksproducts.ca\\\/wp-content\\\/uploads\\\/2023\\\/09\\\/Kennedy-Sales-Logo-header-1.png\",\"width\":150,\"height\":77,\"caption\":\"Ks Products\"},\"image\":{\"@id\":\"https:\\\/\\\/ksproducts.ca\\\/#\\\/schema\\\/logo\\\/image\\\/\"}}]}<\/script>\n<!-- \/ Yoast SEO plugin. -->","yoast_head_json":{"title":"Treuil hydraulique Novawinch HEN10000 - Ks Products","robots":{"index":"index","follow":"follow","max-snippet":"max-snippet:-1","max-image-preview":"max-image-preview:large","max-video-preview":"max-video-preview:-1"},"canonical":"https:\/\/ksproducts.ca\/fr\/product\/treuil-hydraulique-novawinch-hen10000\/","og_locale":"fr_CA","og_type":"article","og_title":"Novawinch HEN10000 Hydraulic Winch - Ks Products","og_description":"The Novawinch HEN Series Hydraulic Winch is a commercial-grade, industrial workhorse built for the most demanding applications. Ideal for recovery, rescue operations, heavy-duty flat-bed trailers, and crane use, it delivers reliable performance and is fully tested to meet EN14492-1:2006 and SAE J706 standards.","og_url":"https:\/\/ksproducts.ca\/fr\/product\/treuil-hydraulique-novawinch-hen10000\/","og_site_name":"Ks Products","article_modified_time":"2026-03-06T17:50:54+00:00","og_image":[{"width":800,"height":533,"url":"https:\/\/ksproducts.ca\/wp-content\/uploads\/2026\/03\/Novawinch-HEN10000-Hydraulic-Winch.webp","type":"image\/webp"}],"twitter_card":"summary_large_image","twitter_misc":{"Estimation du temps de lecture":"1 minute"},"schema":{"@context":"https:\/\/schema.org","@graph":[{"@type":"WebPage","@id":"https:\/\/ksproducts.ca\/product\/novawinch-hen10000-hydraulic-winch\/","url":"https:\/\/ksproducts.ca\/product\/novawinch-hen10000-hydraulic-winch\/","name":"Treuil hydraulique Novawinch HEN10000 - Ks Products","isPartOf":{"@id":"https:\/\/ksproducts.ca\/#website"},"primaryImageOfPage":{"@id":"https:\/\/ksproducts.ca\/product\/novawinch-hen10000-hydraulic-winch\/#primaryimage"},"image":{"@id":"https:\/\/ksproducts.ca\/product\/novawinch-hen10000-hydraulic-winch\/#primaryimage"},"thumbnailUrl":"https:\/\/ksproducts.ca\/wp-content\/uploads\/2026\/03\/Novawinch-HEN10000-Hydraulic-Winch.webp","datePublished":"2026-03-06T17:20:31+00:00","dateModified":"2026-03-06T17:50:54+00:00","breadcrumb":{"@id":"https:\/\/ksproducts.ca\/product\/novawinch-hen10000-hydraulic-winch\/#breadcrumb"},"inLanguage":"fr-CA","potentialAction":[{"@type":"ReadAction","target":["https:\/\/ksproducts.ca\/product\/novawinch-hen10000-hydraulic-winch\/"]}]},{"@type":"ImageObject","inLanguage":"fr-CA","@id":"https:\/\/ksproducts.ca\/product\/novawinch-hen10000-hydraulic-winch\/#primaryimage","url":"https:\/\/ksproducts.ca\/wp-content\/uploads\/2026\/03\/Novawinch-HEN10000-Hydraulic-Winch.webp","contentUrl":"https:\/\/ksproducts.ca\/wp-content\/uploads\/2026\/03\/Novawinch-HEN10000-Hydraulic-Winch.webp","width":800,"height":533,"caption":"Novawinch HEN10000 Hydraulic Winch"},{"@type":"BreadcrumbList","@id":"https:\/\/ksproducts.ca\/product\/novawinch-hen10000-hydraulic-winch\/#breadcrumb","itemListElement":[{"@type":"ListItem","position":1,"name":"Home","item":"https:\/\/ksproducts.ca\/"},{"@type":"ListItem","position":2,"name":"Shop","item":"https:\/\/ksproducts.ca\/shop\/"},{"@type":"ListItem","position":3,"name":"Novawinch HEN10000 Hydraulic Winch"}]},{"@type":"WebSite","@id":"https:\/\/ksproducts.ca\/#website","url":"https:\/\/ksproducts.ca\/","name":"Produits Ks","description":"Cuisiner et vivre en plein air, c'est facile au Canada","publisher":{"@id":"https:\/\/ksproducts.ca\/#organization"},"potentialAction":[{"@type":"SearchAction","target":{"@type":"EntryPoint","urlTemplate":"https:\/\/ksproducts.ca\/?s={search_term_string}"},"query-input":{"@type":"PropertyValueSpecification","valueRequired":true,"valueName":"search_term_string"}}],"inLanguage":"fr-CA"},{"@type":"Organization","@id":"https:\/\/ksproducts.ca\/#organization","name":"Produits Ks","url":"https:\/\/ksproducts.ca\/","logo":{"@type":"ImageObject","inLanguage":"fr-CA","@id":"https:\/\/ksproducts.ca\/#\/schema\/logo\/image\/","url":"https:\/\/ksproducts.ca\/wp-content\/uploads\/2023\/09\/Kennedy-Sales-Logo-header-1.png","contentUrl":"https:\/\/ksproducts.ca\/wp-content\/uploads\/2023\/09\/Kennedy-Sales-Logo-header-1.png","width":150,"height":77,"caption":"Ks Products"},"image":{"@id":"https:\/\/ksproducts.ca\/#\/schema\/logo\/image\/"}}]}},"_links":{"self":[{"href":"https:\/\/ksproducts.ca\/fr\/wp-json\/wp\/v2\/product\/11929","targetHints":{"allow":["GET"]}}],"collection":[{"href":"https:\/\/ksproducts.ca\/fr\/wp-json\/wp\/v2\/product"}],"about":[{"href":"https:\/\/ksproducts.ca\/fr\/wp-json\/wp\/v2\/types\/product"}],"replies":[{"embeddable":true,"href":"https:\/\/ksproducts.ca\/fr\/wp-json\/wp\/v2\/comments?post=11929"}],"version-history":[{"count":1,"href":"https:\/\/ksproducts.ca\/fr\/wp-json\/wp\/v2\/product\/11929\/revisions"}],"predecessor-version":[{"id":11931,"href":"https:\/\/ksproducts.ca\/fr\/wp-json\/wp\/v2\/product\/11929\/revisions\/11931"}],"wp:featuredmedia":[{"embeddable":true,"href":"https:\/\/ksproducts.ca\/fr\/wp-json\/wp\/v2\/media\/11930"}],"wp:attachment":[{"href":"https:\/\/ksproducts.ca\/fr\/wp-json\/wp\/v2\/media?parent=11929"}],"wp:term":[{"taxonomy":"product_cat","embeddable":true,"href":"https:\/\/ksproducts.ca\/fr\/wp-json\/wp\/v2\/product_cat?post=11929"},{"taxonomy":"product_tag","embeddable":true,"href":"https:\/\/ksproducts.ca\/fr\/wp-json\/wp\/v2\/product_tag?post=11929"}],"curies":[{"name":"wp","href":"https:\/\/api.w.org\/{rel}","templated":true}]}}