{"id":11932,"date":"2026-03-06T17:28:25","date_gmt":"2026-03-06T17:28:25","guid":{"rendered":"https:\/\/ksproducts.ca\/?post_type=product&#038;p=11932"},"modified":"2026-03-06T17:29:56","modified_gmt":"2026-03-06T17:29:56","slug":"novawinch-hen18000-treuil-hydraulique-treuil-a-debrayage-manuel","status":"publish","type":"product","link":"https:\/\/ksproducts.ca\/fr\/product\/novawinch-hen18000-hydraulic-winch-manual-freespool\/","title":{"rendered":"Novawinch HEN18000 Treuil hydraulique, manuel Freespool"},"content":{"rendered":"<ul>\n<li data-section-id=\"1q2i62c\" data-start=\"521\" data-end=\"596\">\n<p data-start=\"523\" data-end=\"596\">Capacit\u00e9 de traction nominale\u00a0: 18\u00a0000\u00a0lb \/ 8\u00a0165\u00a0kg pour les applications \u00e0 usage extr\u00eame<\/p>\n<\/li>\n<li data-section-id=\"so51mq\" data-start=\"597\" data-end=\"696\">\n<p data-start=\"599\" data-end=\"696\">Moteur hydraulique avec valves de contr\u00f4le de la charge pour un transfert de puissance efficace et une longue dur\u00e9e de vie<\/p>\n<\/li>\n<li data-section-id=\"o74z8g\" data-start=\"697\" data-end=\"781\">\n<p data-start=\"699\" data-end=\"781\">Train d'engrenages plan\u00e9taires \u00e0 deux \u00e9tages pour des vitesses de ligne plus \u00e9lev\u00e9es et une r\u00e9sistance r\u00e9duite<\/p>\n<\/li>\n<li data-section-id=\"2w9vjv\" data-start=\"782\" data-end=\"883\">\n<p data-start=\"784\" data-end=\"883\">Le frein hydraulique multidisque automatique garantit l'absence de tra\u00een\u00e9e et un fonctionnement s\u00fbr avec un c\u00e2ble synth\u00e9tique.<\/p>\n<\/li>\n<li data-section-id=\"1u4rzak\" data-start=\"884\" data-end=\"936\">\n<p data-start=\"886\" data-end=\"936\">Fonctionnement \u00e0 faible bruit : &lt; 80 dB pour une utilisation plus silencieuse<\/p>\n<\/li>\n<li data-section-id=\"9kte21\" data-start=\"937\" data-end=\"1007\">\n<p data-start=\"939\" data-end=\"1007\">Finition durable enduite de poudre pour une r\u00e9sistance sup\u00e9rieure \u00e0 la corrosion<\/p>\n<\/li>\n<li data-section-id=\"1xrbktm\" data-start=\"1008\" data-end=\"1072\">\n<p data-start=\"1010\" data-end=\"1072\">Commande en roue libre avec rotation \u00e0 360\u00b0 pour une utilisation facile<\/p>\n<\/li>\n<li data-section-id=\"pw61d8\" data-start=\"1073\" data-end=\"1104\">\n<p data-start=\"1075\" data-end=\"1104\">C\u00e2ble m\u00e9tallique : 13 mm \u00d7 25 m<\/p>\n<\/li>\n<li data-section-id=\"6f7qym\" data-start=\"1105\" data-end=\"1138\">\n<p data-start=\"1107\" data-end=\"1138\">Taille du tambour : 88 mm \u00d7 220 mm<\/p>\n<\/li>\n<li data-section-id=\"cx2jhy\" data-start=\"1139\" data-end=\"1187\">\n<p data-start=\"1141\" data-end=\"1187\">Chapeau : Guide \u00e0 roulettes \u00e0 4 voies inclus<\/p>\n<\/li>\n<li data-section-id=\"11zetif\" data-start=\"1188\" data-end=\"1247\">\n<p data-start=\"1190\" data-end=\"1247\">Trous de boulons : 254 mm \u00d7 165,1 mm pour un montage s\u00fbr<\/p>\n<\/li>\n<li data-section-id=\"1a4b0km\" data-start=\"1248\" data-end=\"1297\">\n<p data-start=\"1250\" data-end=\"1297\">Conforme ROHS pour un fonctionnement ext\u00e9rieur s\u00fbr<\/p>\n<\/li>\n<li data-section-id=\"1x1ezkt\" data-start=\"1298\" data-end=\"1361\">\n<p data-start=\"1300\" data-end=\"1361\">Conception compacte : Dimensions 620,7 mm \u00d7 215 mm \u00d7 238,5 mm<\/p>\n<\/li>\n<\/ul>","protected":false},"excerpt":{"rendered":"<p>Le treuil hydraulique 18 000 de Novawinch offre des performances industrielles avec une force de traction de 18 000 livres pour les applications de r\u00e9cup\u00e9ration et de levage \u00e0 usage intensif. \u00c9quip\u00e9 d'un moteur hydraulique robuste, d'un syst\u00e8me de freinage automatique multidisque et d'un train d'engrenages plan\u00e9taire durable \u00e0 deux \u00e9tages, il assure un fonctionnement efficace, fiable et silencieux dans les environnements les plus difficiles.<\/p>","protected":false},"featured_media":11934,"comment_status":"open","ping_status":"closed","template":"","meta":[],"product_cat":[451],"product_tag":[],"class_list":{"0":"post-11932","1":"product","2":"type-product","3":"status-publish","4":"has-post-thumbnail","6":"product_cat-tools-equipment","7":"product_shipping_class-class-1","9":"first","10":"instock","11":"taxable","12":"shipping-taxable","13":"purchasable","14":"product-type-simple"},"yoast_head":"<!-- This site is optimized with the Yoast SEO plugin v27.4 - https:\/\/yoast.com\/product\/yoast-seo-wordpress\/ -->\n<title>Novawinch HEN18000 Hydraulic Winch, Manual Freespool - Ks Products<\/title>\n<meta name=\"robots\" content=\"index, follow, max-snippet:-1, max-image-preview:large, max-video-preview:-1\" \/>\n<link rel=\"canonical\" href=\"https:\/\/ksproducts.ca\/fr\/product\/novawinch-hen18000-treuil-hydraulique-treuil-a-debrayage-manuel\/\" \/>\n<meta property=\"og:locale\" content=\"fr_CA\" \/>\n<meta property=\"og:type\" content=\"article\" \/>\n<meta property=\"og:title\" content=\"Novawinch HEN18000 Hydraulic Winch, Manual Freespool - Ks Products\" \/>\n<meta property=\"og:description\" content=\"The Novawinch 18,000 Hydraulic Winch delivers industrial-strength performance with 18,000 lb line pull for heavy-duty recovery and lifting applications. Equipped with a robust hydraulic motor, automatic multi-disc braking system, and a durable 2-stage planetary gear train, it ensures efficient, reliable, and low-noise operation in the toughest environments.\" \/>\n<meta property=\"og:url\" content=\"https:\/\/ksproducts.ca\/fr\/product\/novawinch-hen18000-treuil-hydraulique-treuil-a-debrayage-manuel\/\" \/>\n<meta property=\"og:site_name\" content=\"Ks Products\" \/>\n<meta property=\"article:modified_time\" content=\"2026-03-06T17:29:56+00:00\" \/>\n<meta property=\"og:image\" content=\"https:\/\/ksproducts.ca\/wp-content\/uploads\/2026\/03\/Novawinch-HEN18000-Hydraulic-Winch-Manual-Freespool.webp\" \/>\n\t<meta property=\"og:image:width\" content=\"800\" \/>\n\t<meta property=\"og:image:height\" content=\"617\" \/>\n\t<meta property=\"og:image:type\" content=\"image\/webp\" \/>\n<meta name=\"twitter:card\" content=\"summary_large_image\" \/>\n<meta name=\"twitter:label1\" content=\"Estimation du temps de lecture\" \/>\n\t<meta name=\"twitter:data1\" content=\"1 minute\" \/>\n<script type=\"application\/ld+json\" class=\"yoast-schema-graph\">{\"@context\":\"https:\\\/\\\/schema.org\",\"@graph\":[{\"@type\":\"WebPage\",\"@id\":\"https:\\\/\\\/ksproducts.ca\\\/product\\\/novawinch-hen18000-hydraulic-winch-manual-freespool\\\/\",\"url\":\"https:\\\/\\\/ksproducts.ca\\\/product\\\/novawinch-hen18000-hydraulic-winch-manual-freespool\\\/\",\"name\":\"Novawinch HEN18000 Hydraulic Winch, Manual Freespool - Ks Products\",\"isPartOf\":{\"@id\":\"https:\\\/\\\/ksproducts.ca\\\/#website\"},\"primaryImageOfPage\":{\"@id\":\"https:\\\/\\\/ksproducts.ca\\\/product\\\/novawinch-hen18000-hydraulic-winch-manual-freespool\\\/#primaryimage\"},\"image\":{\"@id\":\"https:\\\/\\\/ksproducts.ca\\\/product\\\/novawinch-hen18000-hydraulic-winch-manual-freespool\\\/#primaryimage\"},\"thumbnailUrl\":\"https:\\\/\\\/ksproducts.ca\\\/wp-content\\\/uploads\\\/2026\\\/03\\\/Novawinch-HEN18000-Hydraulic-Winch-Manual-Freespool.webp\",\"datePublished\":\"2026-03-06T17:28:25+00:00\",\"dateModified\":\"2026-03-06T17:29:56+00:00\",\"breadcrumb\":{\"@id\":\"https:\\\/\\\/ksproducts.ca\\\/product\\\/novawinch-hen18000-hydraulic-winch-manual-freespool\\\/#breadcrumb\"},\"inLanguage\":\"fr-CA\",\"potentialAction\":[{\"@type\":\"ReadAction\",\"target\":[\"https:\\\/\\\/ksproducts.ca\\\/product\\\/novawinch-hen18000-hydraulic-winch-manual-freespool\\\/\"]}]},{\"@type\":\"ImageObject\",\"inLanguage\":\"fr-CA\",\"@id\":\"https:\\\/\\\/ksproducts.ca\\\/product\\\/novawinch-hen18000-hydraulic-winch-manual-freespool\\\/#primaryimage\",\"url\":\"https:\\\/\\\/ksproducts.ca\\\/wp-content\\\/uploads\\\/2026\\\/03\\\/Novawinch-HEN18000-Hydraulic-Winch-Manual-Freespool.webp\",\"contentUrl\":\"https:\\\/\\\/ksproducts.ca\\\/wp-content\\\/uploads\\\/2026\\\/03\\\/Novawinch-HEN18000-Hydraulic-Winch-Manual-Freespool.webp\",\"width\":800,\"height\":617,\"caption\":\"Novawinch HEN18000 Hydraulic Winch, Manual Freespool\"},{\"@type\":\"BreadcrumbList\",\"@id\":\"https:\\\/\\\/ksproducts.ca\\\/product\\\/novawinch-hen18000-hydraulic-winch-manual-freespool\\\/#breadcrumb\",\"itemListElement\":[{\"@type\":\"ListItem\",\"position\":1,\"name\":\"Home\",\"item\":\"https:\\\/\\\/ksproducts.ca\\\/\"},{\"@type\":\"ListItem\",\"position\":2,\"name\":\"Shop\",\"item\":\"https:\\\/\\\/ksproducts.ca\\\/shop\\\/\"},{\"@type\":\"ListItem\",\"position\":3,\"name\":\"Novawinch HEN18000 Hydraulic Winch, Manual Freespool\"}]},{\"@type\":\"WebSite\",\"@id\":\"https:\\\/\\\/ksproducts.ca\\\/#website\",\"url\":\"https:\\\/\\\/ksproducts.ca\\\/\",\"name\":\"Ks Products\",\"description\":\"Outdoor cooking and living, made easy in Canada\",\"publisher\":{\"@id\":\"https:\\\/\\\/ksproducts.ca\\\/#organization\"},\"potentialAction\":[{\"@type\":\"SearchAction\",\"target\":{\"@type\":\"EntryPoint\",\"urlTemplate\":\"https:\\\/\\\/ksproducts.ca\\\/?s={search_term_string}\"},\"query-input\":{\"@type\":\"PropertyValueSpecification\",\"valueRequired\":true,\"valueName\":\"search_term_string\"}}],\"inLanguage\":\"fr-CA\"},{\"@type\":\"Organization\",\"@id\":\"https:\\\/\\\/ksproducts.ca\\\/#organization\",\"name\":\"Ks Products\",\"url\":\"https:\\\/\\\/ksproducts.ca\\\/\",\"logo\":{\"@type\":\"ImageObject\",\"inLanguage\":\"fr-CA\",\"@id\":\"https:\\\/\\\/ksproducts.ca\\\/#\\\/schema\\\/logo\\\/image\\\/\",\"url\":\"https:\\\/\\\/ksproducts.ca\\\/wp-content\\\/uploads\\\/2023\\\/09\\\/Kennedy-Sales-Logo-header-1.png\",\"contentUrl\":\"https:\\\/\\\/ksproducts.ca\\\/wp-content\\\/uploads\\\/2023\\\/09\\\/Kennedy-Sales-Logo-header-1.png\",\"width\":150,\"height\":77,\"caption\":\"Ks Products\"},\"image\":{\"@id\":\"https:\\\/\\\/ksproducts.ca\\\/#\\\/schema\\\/logo\\\/image\\\/\"}}]}<\/script>\n<!-- \/ Yoast SEO plugin. -->","yoast_head_json":{"title":"Treuil hydraulique Novawinch HEN18000, d\u00e9brayage manuel - Ks Products","robots":{"index":"index","follow":"follow","max-snippet":"max-snippet:-1","max-image-preview":"max-image-preview:large","max-video-preview":"max-video-preview:-1"},"canonical":"https:\/\/ksproducts.ca\/fr\/product\/novawinch-hen18000-treuil-hydraulique-treuil-a-debrayage-manuel\/","og_locale":"fr_CA","og_type":"article","og_title":"Novawinch HEN18000 Hydraulic Winch, Manual Freespool - Ks Products","og_description":"The Novawinch 18,000 Hydraulic Winch delivers industrial-strength performance with 18,000 lb line pull for heavy-duty recovery and lifting applications. Equipped with a robust hydraulic motor, automatic multi-disc braking system, and a durable 2-stage planetary gear train, it ensures efficient, reliable, and low-noise operation in the toughest environments.","og_url":"https:\/\/ksproducts.ca\/fr\/product\/novawinch-hen18000-treuil-hydraulique-treuil-a-debrayage-manuel\/","og_site_name":"Ks Products","article_modified_time":"2026-03-06T17:29:56+00:00","og_image":[{"width":800,"height":617,"url":"https:\/\/ksproducts.ca\/wp-content\/uploads\/2026\/03\/Novawinch-HEN18000-Hydraulic-Winch-Manual-Freespool.webp","type":"image\/webp"}],"twitter_card":"summary_large_image","twitter_misc":{"Estimation du temps de lecture":"1 minute"},"schema":{"@context":"https:\/\/schema.org","@graph":[{"@type":"WebPage","@id":"https:\/\/ksproducts.ca\/product\/novawinch-hen18000-hydraulic-winch-manual-freespool\/","url":"https:\/\/ksproducts.ca\/product\/novawinch-hen18000-hydraulic-winch-manual-freespool\/","name":"Treuil hydraulique Novawinch HEN18000, d\u00e9brayage manuel - Ks Products","isPartOf":{"@id":"https:\/\/ksproducts.ca\/#website"},"primaryImageOfPage":{"@id":"https:\/\/ksproducts.ca\/product\/novawinch-hen18000-hydraulic-winch-manual-freespool\/#primaryimage"},"image":{"@id":"https:\/\/ksproducts.ca\/product\/novawinch-hen18000-hydraulic-winch-manual-freespool\/#primaryimage"},"thumbnailUrl":"https:\/\/ksproducts.ca\/wp-content\/uploads\/2026\/03\/Novawinch-HEN18000-Hydraulic-Winch-Manual-Freespool.webp","datePublished":"2026-03-06T17:28:25+00:00","dateModified":"2026-03-06T17:29:56+00:00","breadcrumb":{"@id":"https:\/\/ksproducts.ca\/product\/novawinch-hen18000-hydraulic-winch-manual-freespool\/#breadcrumb"},"inLanguage":"fr-CA","potentialAction":[{"@type":"ReadAction","target":["https:\/\/ksproducts.ca\/product\/novawinch-hen18000-hydraulic-winch-manual-freespool\/"]}]},{"@type":"ImageObject","inLanguage":"fr-CA","@id":"https:\/\/ksproducts.ca\/product\/novawinch-hen18000-hydraulic-winch-manual-freespool\/#primaryimage","url":"https:\/\/ksproducts.ca\/wp-content\/uploads\/2026\/03\/Novawinch-HEN18000-Hydraulic-Winch-Manual-Freespool.webp","contentUrl":"https:\/\/ksproducts.ca\/wp-content\/uploads\/2026\/03\/Novawinch-HEN18000-Hydraulic-Winch-Manual-Freespool.webp","width":800,"height":617,"caption":"Novawinch HEN18000 Hydraulic Winch, Manual Freespool"},{"@type":"BreadcrumbList","@id":"https:\/\/ksproducts.ca\/product\/novawinch-hen18000-hydraulic-winch-manual-freespool\/#breadcrumb","itemListElement":[{"@type":"ListItem","position":1,"name":"Home","item":"https:\/\/ksproducts.ca\/"},{"@type":"ListItem","position":2,"name":"Shop","item":"https:\/\/ksproducts.ca\/shop\/"},{"@type":"ListItem","position":3,"name":"Novawinch HEN18000 Hydraulic Winch, Manual Freespool"}]},{"@type":"WebSite","@id":"https:\/\/ksproducts.ca\/#website","url":"https:\/\/ksproducts.ca\/","name":"Produits Ks","description":"Cuisiner et vivre en plein air, c'est facile au Canada","publisher":{"@id":"https:\/\/ksproducts.ca\/#organization"},"potentialAction":[{"@type":"SearchAction","target":{"@type":"EntryPoint","urlTemplate":"https:\/\/ksproducts.ca\/?s={search_term_string}"},"query-input":{"@type":"PropertyValueSpecification","valueRequired":true,"valueName":"search_term_string"}}],"inLanguage":"fr-CA"},{"@type":"Organization","@id":"https:\/\/ksproducts.ca\/#organization","name":"Produits Ks","url":"https:\/\/ksproducts.ca\/","logo":{"@type":"ImageObject","inLanguage":"fr-CA","@id":"https:\/\/ksproducts.ca\/#\/schema\/logo\/image\/","url":"https:\/\/ksproducts.ca\/wp-content\/uploads\/2023\/09\/Kennedy-Sales-Logo-header-1.png","contentUrl":"https:\/\/ksproducts.ca\/wp-content\/uploads\/2023\/09\/Kennedy-Sales-Logo-header-1.png","width":150,"height":77,"caption":"Ks Products"},"image":{"@id":"https:\/\/ksproducts.ca\/#\/schema\/logo\/image\/"}}]}},"_links":{"self":[{"href":"https:\/\/ksproducts.ca\/fr\/wp-json\/wp\/v2\/product\/11932","targetHints":{"allow":["GET"]}}],"collection":[{"href":"https:\/\/ksproducts.ca\/fr\/wp-json\/wp\/v2\/product"}],"about":[{"href":"https:\/\/ksproducts.ca\/fr\/wp-json\/wp\/v2\/types\/product"}],"replies":[{"embeddable":true,"href":"https:\/\/ksproducts.ca\/fr\/wp-json\/wp\/v2\/comments?post=11932"}],"version-history":[{"count":3,"href":"https:\/\/ksproducts.ca\/fr\/wp-json\/wp\/v2\/product\/11932\/revisions"}],"predecessor-version":[{"id":11936,"href":"https:\/\/ksproducts.ca\/fr\/wp-json\/wp\/v2\/product\/11932\/revisions\/11936"}],"wp:featuredmedia":[{"embeddable":true,"href":"https:\/\/ksproducts.ca\/fr\/wp-json\/wp\/v2\/media\/11934"}],"wp:attachment":[{"href":"https:\/\/ksproducts.ca\/fr\/wp-json\/wp\/v2\/media?parent=11932"}],"wp:term":[{"taxonomy":"product_cat","embeddable":true,"href":"https:\/\/ksproducts.ca\/fr\/wp-json\/wp\/v2\/product_cat?post=11932"},{"taxonomy":"product_tag","embeddable":true,"href":"https:\/\/ksproducts.ca\/fr\/wp-json\/wp\/v2\/product_tag?post=11932"}],"curies":[{"name":"wp","href":"https:\/\/api.w.org\/{rel}","templated":true}]}}