{"id":11944,"date":"2026-03-06T18:01:40","date_gmt":"2026-03-06T18:01:40","guid":{"rendered":"https:\/\/ksproducts.ca\/?post_type=product&#038;p=11944"},"modified":"2026-03-06T18:01:40","modified_gmt":"2026-03-06T18:01:40","slug":"treuil-portable-novawinch-pt1100-110-120v","status":"publish","type":"product","link":"https:\/\/ksproducts.ca\/fr\/product\/novawinch-pt1100-portable-winch-110-120v\/","title":{"rendered":"Treuil portable Novawinch PT1100, 110-120v"},"content":{"rendered":"<ul>\n<li data-section-id=\"5mlpeq\" data-start=\"507\" data-end=\"573\">\n<p data-start=\"509\" data-end=\"573\">Capacit\u00e9 de traction : 1 100 lb pour les t\u00e2ches de levage et de hissage<\/p>\n<\/li>\n<li data-section-id=\"nnpt8q\" data-start=\"574\" data-end=\"674\">\n<p data-start=\"576\" data-end=\"674\">Moteur Brushless Synchronous \u2013 plus efficace, dur\u00e9e de vie plus longue et consommation d'\u00e9nergie r\u00e9duite<\/p>\n<\/li>\n<li data-section-id=\"n6hp66\" data-start=\"675\" data-end=\"755\">\n<p data-start=\"677\" data-end=\"755\">Bo\u00eetier en alliage d'aluminium A380 avec cadre en acier pour plus de solidit\u00e9 et de durabilit\u00e9<\/p>\n<\/li>\n<li data-section-id=\"12f2a02\" data-start=\"756\" data-end=\"827\">\n<p data-start=\"758\" data-end=\"827\">Syst\u00e8me de freinage dynamique \u00e0 double ressort pour la stabilit\u00e9 en fonctionnement<\/p>\n<\/li>\n<li data-section-id=\"9swmv1\" data-start=\"828\" data-end=\"910\">\n<p data-start=\"830\" data-end=\"910\">Tambour de grand diam\u00e8tre avec rainure et tendeur de corde emp\u00eachant le \u201cnidification\u201d de la corde\u201d<\/p>\n<\/li>\n<li data-section-id=\"x4a98a\" data-start=\"911\" data-end=\"960\">\n<p data-start=\"913\" data-end=\"960\">La conception de la poup\u00e9e de guidage prolonge la dur\u00e9e de vie de la corde<\/p>\n<\/li>\n<li data-section-id=\"qn8kkx\" data-start=\"961\" data-end=\"1029\">\n<p data-start=\"963\" data-end=\"1029\">Crochet rotatif \u00e0 360\u00b0 avec languette de s\u00e9curit\u00e9 pour une fixation s\u00fbre<\/p>\n<\/li>\n<li data-section-id=\"1fg7ovs\" data-start=\"1030\" data-end=\"1111\">\n<p data-start=\"1032\" data-end=\"1111\">La conception portable permet une utilisation dans plusieurs endroits sans montage complexe<\/p>\n<\/li>\n<li data-section-id=\"1emt1o7\" data-start=\"1112\" data-end=\"1174\">\n<p data-start=\"1114\" data-end=\"1174\">Alimentation 120V CA pour un fonctionnement pratique en mode plug-and-play<\/p>\n<\/li>\n<\/ul>","protected":false},"excerpt":{"rendered":"<p>Le Novawinch PT1100 est un treuil compact et portable qui offre une puissance de traction de 1 100 livres pour les applications de levage et d'h\u00e9litreuillage. Avec un moteur Synchro Brushless, une construction durable en aluminium et en acier, et des caract\u00e9ristiques innovantes de tambour et de freinage, il fournit un fonctionnement fiable, s\u00fbr et efficace partout o\u00f9 vous en avez besoin.<\/p>","protected":false},"featured_media":11945,"comment_status":"open","ping_status":"closed","template":"","meta":[],"product_cat":[451],"product_tag":[],"class_list":{"0":"post-11944","1":"product","2":"type-product","3":"status-publish","4":"has-post-thumbnail","6":"product_cat-tools-equipment","7":"product_shipping_class-class-3","9":"first","10":"instock","11":"taxable","12":"shipping-taxable","13":"purchasable","14":"product-type-simple"},"yoast_head":"<!-- This site is optimized with the Yoast SEO plugin v27.4 - https:\/\/yoast.com\/product\/yoast-seo-wordpress\/ -->\n<title>Novawinch PT1100 Portable Winch, 110-120v - Ks Products<\/title>\n<meta name=\"robots\" content=\"index, follow, max-snippet:-1, max-image-preview:large, max-video-preview:-1\" \/>\n<link rel=\"canonical\" href=\"https:\/\/ksproducts.ca\/fr\/product\/treuil-portable-novawinch-pt1100-110-120v\/\" \/>\n<meta property=\"og:locale\" content=\"fr_CA\" \/>\n<meta property=\"og:type\" content=\"article\" \/>\n<meta property=\"og:title\" content=\"Novawinch PT1100 Portable Winch, 110-120v - Ks Products\" \/>\n<meta property=\"og:description\" content=\"The Novawinch PT1100 is a compact, portable winch delivering 1,100 lbs of pulling power for lifting and hoisting applications. With a Synchro Brushless motor, durable aluminum and steel construction, and innovative drum and braking features, it provides reliable, safe, and efficient operation wherever you need it.\" \/>\n<meta property=\"og:url\" content=\"https:\/\/ksproducts.ca\/fr\/product\/treuil-portable-novawinch-pt1100-110-120v\/\" \/>\n<meta property=\"og:site_name\" content=\"Ks Products\" \/>\n<meta property=\"og:image\" content=\"https:\/\/ksproducts.ca\/wp-content\/uploads\/2026\/03\/Novawinch-PT1100-Portable-Winch-110-120v.webp\" \/>\n\t<meta property=\"og:image:width\" content=\"600\" \/>\n\t<meta property=\"og:image:height\" content=\"500\" \/>\n\t<meta property=\"og:image:type\" content=\"image\/webp\" \/>\n<meta name=\"twitter:card\" content=\"summary_large_image\" \/>\n<meta name=\"twitter:label1\" content=\"Estimation du temps de lecture\" \/>\n\t<meta name=\"twitter:data1\" content=\"1 minute\" \/>\n<script type=\"application\/ld+json\" class=\"yoast-schema-graph\">{\"@context\":\"https:\\\/\\\/schema.org\",\"@graph\":[{\"@type\":\"WebPage\",\"@id\":\"https:\\\/\\\/ksproducts.ca\\\/product\\\/novawinch-pt1100-portable-winch-110-120v\\\/\",\"url\":\"https:\\\/\\\/ksproducts.ca\\\/product\\\/novawinch-pt1100-portable-winch-110-120v\\\/\",\"name\":\"Novawinch PT1100 Portable Winch, 110-120v - Ks Products\",\"isPartOf\":{\"@id\":\"https:\\\/\\\/ksproducts.ca\\\/#website\"},\"primaryImageOfPage\":{\"@id\":\"https:\\\/\\\/ksproducts.ca\\\/product\\\/novawinch-pt1100-portable-winch-110-120v\\\/#primaryimage\"},\"image\":{\"@id\":\"https:\\\/\\\/ksproducts.ca\\\/product\\\/novawinch-pt1100-portable-winch-110-120v\\\/#primaryimage\"},\"thumbnailUrl\":\"https:\\\/\\\/ksproducts.ca\\\/wp-content\\\/uploads\\\/2026\\\/03\\\/Novawinch-PT1100-Portable-Winch-110-120v.webp\",\"datePublished\":\"2026-03-06T18:01:40+00:00\",\"breadcrumb\":{\"@id\":\"https:\\\/\\\/ksproducts.ca\\\/product\\\/novawinch-pt1100-portable-winch-110-120v\\\/#breadcrumb\"},\"inLanguage\":\"fr-CA\",\"potentialAction\":[{\"@type\":\"ReadAction\",\"target\":[\"https:\\\/\\\/ksproducts.ca\\\/product\\\/novawinch-pt1100-portable-winch-110-120v\\\/\"]}]},{\"@type\":\"ImageObject\",\"inLanguage\":\"fr-CA\",\"@id\":\"https:\\\/\\\/ksproducts.ca\\\/product\\\/novawinch-pt1100-portable-winch-110-120v\\\/#primaryimage\",\"url\":\"https:\\\/\\\/ksproducts.ca\\\/wp-content\\\/uploads\\\/2026\\\/03\\\/Novawinch-PT1100-Portable-Winch-110-120v.webp\",\"contentUrl\":\"https:\\\/\\\/ksproducts.ca\\\/wp-content\\\/uploads\\\/2026\\\/03\\\/Novawinch-PT1100-Portable-Winch-110-120v.webp\",\"width\":600,\"height\":500,\"caption\":\"Novawinch PT1100 Portable Winch, 110 120v\"},{\"@type\":\"BreadcrumbList\",\"@id\":\"https:\\\/\\\/ksproducts.ca\\\/product\\\/novawinch-pt1100-portable-winch-110-120v\\\/#breadcrumb\",\"itemListElement\":[{\"@type\":\"ListItem\",\"position\":1,\"name\":\"Home\",\"item\":\"https:\\\/\\\/ksproducts.ca\\\/\"},{\"@type\":\"ListItem\",\"position\":2,\"name\":\"Shop\",\"item\":\"https:\\\/\\\/ksproducts.ca\\\/shop\\\/\"},{\"@type\":\"ListItem\",\"position\":3,\"name\":\"Novawinch PT1100 Portable Winch, 110-120v\"}]},{\"@type\":\"WebSite\",\"@id\":\"https:\\\/\\\/ksproducts.ca\\\/#website\",\"url\":\"https:\\\/\\\/ksproducts.ca\\\/\",\"name\":\"Ks Products\",\"description\":\"Outdoor cooking and living, made easy in Canada\",\"publisher\":{\"@id\":\"https:\\\/\\\/ksproducts.ca\\\/#organization\"},\"potentialAction\":[{\"@type\":\"SearchAction\",\"target\":{\"@type\":\"EntryPoint\",\"urlTemplate\":\"https:\\\/\\\/ksproducts.ca\\\/?s={search_term_string}\"},\"query-input\":{\"@type\":\"PropertyValueSpecification\",\"valueRequired\":true,\"valueName\":\"search_term_string\"}}],\"inLanguage\":\"fr-CA\"},{\"@type\":\"Organization\",\"@id\":\"https:\\\/\\\/ksproducts.ca\\\/#organization\",\"name\":\"Ks Products\",\"url\":\"https:\\\/\\\/ksproducts.ca\\\/\",\"logo\":{\"@type\":\"ImageObject\",\"inLanguage\":\"fr-CA\",\"@id\":\"https:\\\/\\\/ksproducts.ca\\\/#\\\/schema\\\/logo\\\/image\\\/\",\"url\":\"https:\\\/\\\/ksproducts.ca\\\/wp-content\\\/uploads\\\/2023\\\/09\\\/Kennedy-Sales-Logo-header-1.png\",\"contentUrl\":\"https:\\\/\\\/ksproducts.ca\\\/wp-content\\\/uploads\\\/2023\\\/09\\\/Kennedy-Sales-Logo-header-1.png\",\"width\":150,\"height\":77,\"caption\":\"Ks Products\"},\"image\":{\"@id\":\"https:\\\/\\\/ksproducts.ca\\\/#\\\/schema\\\/logo\\\/image\\\/\"}}]}<\/script>\n<!-- \/ Yoast SEO plugin. -->","yoast_head_json":{"title":"Treuil portable Novawinch PT1100, 110-120v - Ks Products","robots":{"index":"index","follow":"follow","max-snippet":"max-snippet:-1","max-image-preview":"max-image-preview:large","max-video-preview":"max-video-preview:-1"},"canonical":"https:\/\/ksproducts.ca\/fr\/product\/treuil-portable-novawinch-pt1100-110-120v\/","og_locale":"fr_CA","og_type":"article","og_title":"Novawinch PT1100 Portable Winch, 110-120v - Ks Products","og_description":"The Novawinch PT1100 is a compact, portable winch delivering 1,100 lbs of pulling power for lifting and hoisting applications. With a Synchro Brushless motor, durable aluminum and steel construction, and innovative drum and braking features, it provides reliable, safe, and efficient operation wherever you need it.","og_url":"https:\/\/ksproducts.ca\/fr\/product\/treuil-portable-novawinch-pt1100-110-120v\/","og_site_name":"Ks Products","og_image":[{"width":600,"height":500,"url":"https:\/\/ksproducts.ca\/wp-content\/uploads\/2026\/03\/Novawinch-PT1100-Portable-Winch-110-120v.webp","type":"image\/webp"}],"twitter_card":"summary_large_image","twitter_misc":{"Estimation du temps de lecture":"1 minute"},"schema":{"@context":"https:\/\/schema.org","@graph":[{"@type":"WebPage","@id":"https:\/\/ksproducts.ca\/product\/novawinch-pt1100-portable-winch-110-120v\/","url":"https:\/\/ksproducts.ca\/product\/novawinch-pt1100-portable-winch-110-120v\/","name":"Treuil portable Novawinch PT1100, 110-120v - Ks Products","isPartOf":{"@id":"https:\/\/ksproducts.ca\/#website"},"primaryImageOfPage":{"@id":"https:\/\/ksproducts.ca\/product\/novawinch-pt1100-portable-winch-110-120v\/#primaryimage"},"image":{"@id":"https:\/\/ksproducts.ca\/product\/novawinch-pt1100-portable-winch-110-120v\/#primaryimage"},"thumbnailUrl":"https:\/\/ksproducts.ca\/wp-content\/uploads\/2026\/03\/Novawinch-PT1100-Portable-Winch-110-120v.webp","datePublished":"2026-03-06T18:01:40+00:00","breadcrumb":{"@id":"https:\/\/ksproducts.ca\/product\/novawinch-pt1100-portable-winch-110-120v\/#breadcrumb"},"inLanguage":"fr-CA","potentialAction":[{"@type":"ReadAction","target":["https:\/\/ksproducts.ca\/product\/novawinch-pt1100-portable-winch-110-120v\/"]}]},{"@type":"ImageObject","inLanguage":"fr-CA","@id":"https:\/\/ksproducts.ca\/product\/novawinch-pt1100-portable-winch-110-120v\/#primaryimage","url":"https:\/\/ksproducts.ca\/wp-content\/uploads\/2026\/03\/Novawinch-PT1100-Portable-Winch-110-120v.webp","contentUrl":"https:\/\/ksproducts.ca\/wp-content\/uploads\/2026\/03\/Novawinch-PT1100-Portable-Winch-110-120v.webp","width":600,"height":500,"caption":"Novawinch PT1100 Portable Winch, 110 120v"},{"@type":"BreadcrumbList","@id":"https:\/\/ksproducts.ca\/product\/novawinch-pt1100-portable-winch-110-120v\/#breadcrumb","itemListElement":[{"@type":"ListItem","position":1,"name":"Home","item":"https:\/\/ksproducts.ca\/"},{"@type":"ListItem","position":2,"name":"Shop","item":"https:\/\/ksproducts.ca\/shop\/"},{"@type":"ListItem","position":3,"name":"Novawinch PT1100 Portable Winch, 110-120v"}]},{"@type":"WebSite","@id":"https:\/\/ksproducts.ca\/#website","url":"https:\/\/ksproducts.ca\/","name":"Produits Ks","description":"Cuisiner et vivre en plein air, c'est facile au Canada","publisher":{"@id":"https:\/\/ksproducts.ca\/#organization"},"potentialAction":[{"@type":"SearchAction","target":{"@type":"EntryPoint","urlTemplate":"https:\/\/ksproducts.ca\/?s={search_term_string}"},"query-input":{"@type":"PropertyValueSpecification","valueRequired":true,"valueName":"search_term_string"}}],"inLanguage":"fr-CA"},{"@type":"Organization","@id":"https:\/\/ksproducts.ca\/#organization","name":"Produits Ks","url":"https:\/\/ksproducts.ca\/","logo":{"@type":"ImageObject","inLanguage":"fr-CA","@id":"https:\/\/ksproducts.ca\/#\/schema\/logo\/image\/","url":"https:\/\/ksproducts.ca\/wp-content\/uploads\/2023\/09\/Kennedy-Sales-Logo-header-1.png","contentUrl":"https:\/\/ksproducts.ca\/wp-content\/uploads\/2023\/09\/Kennedy-Sales-Logo-header-1.png","width":150,"height":77,"caption":"Ks Products"},"image":{"@id":"https:\/\/ksproducts.ca\/#\/schema\/logo\/image\/"}}]}},"_links":{"self":[{"href":"https:\/\/ksproducts.ca\/fr\/wp-json\/wp\/v2\/product\/11944","targetHints":{"allow":["GET"]}}],"collection":[{"href":"https:\/\/ksproducts.ca\/fr\/wp-json\/wp\/v2\/product"}],"about":[{"href":"https:\/\/ksproducts.ca\/fr\/wp-json\/wp\/v2\/types\/product"}],"replies":[{"embeddable":true,"href":"https:\/\/ksproducts.ca\/fr\/wp-json\/wp\/v2\/comments?post=11944"}],"version-history":[{"count":1,"href":"https:\/\/ksproducts.ca\/fr\/wp-json\/wp\/v2\/product\/11944\/revisions"}],"predecessor-version":[{"id":11946,"href":"https:\/\/ksproducts.ca\/fr\/wp-json\/wp\/v2\/product\/11944\/revisions\/11946"}],"wp:featuredmedia":[{"embeddable":true,"href":"https:\/\/ksproducts.ca\/fr\/wp-json\/wp\/v2\/media\/11945"}],"wp:attachment":[{"href":"https:\/\/ksproducts.ca\/fr\/wp-json\/wp\/v2\/media?parent=11944"}],"wp:term":[{"taxonomy":"product_cat","embeddable":true,"href":"https:\/\/ksproducts.ca\/fr\/wp-json\/wp\/v2\/product_cat?post=11944"},{"taxonomy":"product_tag","embeddable":true,"href":"https:\/\/ksproducts.ca\/fr\/wp-json\/wp\/v2\/product_tag?post=11944"}],"curies":[{"name":"wp","href":"https:\/\/api.w.org\/{rel}","templated":true}]}}