{"id":11953,"date":"2026-03-06T18:14:50","date_gmt":"2026-03-06T18:14:50","guid":{"rendered":"https:\/\/ksproducts.ca\/?post_type=product&#038;p=11953"},"modified":"2026-03-06T18:14:50","modified_gmt":"2026-03-06T18:14:50","slug":"mini-mover-3-12v-motorized-jockey-wheel-for-trailers-up-to-6000lbs","status":"publish","type":"product","link":"https:\/\/ksproducts.ca\/fr\/product\/mini-mover-3-12v-motorized-jockey-wheel-for-trailers-up-to-6000lbs\/","title":{"rendered":"Mini Mover 3, roue jockey motoris\u00e9e 12v pour remorques jusqu'\u00e0 6,000lbs"},"content":{"rendered":"<ul data-rte-list=\"true\">\n<li>\n<p data-rte-preserve-empty=\"true\">Mounts easily to almost any trailer frame with clamp or through-bolts<\/p>\n<\/li>\n<li>\n<p data-rte-preserve-empty=\"true\">Can move up to 6,000lbs of rolling weight and handle up to 1,000 lbs of tongue weight<\/p>\n<\/li>\n<li>\n<p data-rte-preserve-empty=\"true\">Powers forward and reverse with full steering &#8211; makes final positioning a snap<\/p>\n<\/li>\n<li>\n<p data-rte-preserve-empty=\"true\">Can be removed from trailer with 2 bolts for transport. Clamp stays bolted to trailer.<\/p>\n<\/li>\n<li>\n<p data-rte-preserve-empty=\"true\">Connects to 12v battery (not included)<\/p>\n<\/li>\n<li>\n<p data-rte-preserve-empty=\"true\">Can maneuver up a 7\u00ba grade, fully loaded<\/p>\n<\/li>\n<li>\n<p data-rte-preserve-empty=\"true\">Features a 8\u201d no flat adventure tread tire<\/p>\n<\/li>\n<li>\n<p data-rte-preserve-empty=\"true\">The Mini Mover 3 standard model needs 15\u201d minimum between the ground and trailer frame.\u00a0 It can extend to cover a trailer frame that is 30\u201d from ground at maximum.<\/p>\n<\/li>\n<li>\n<p data-rte-preserve-empty=\"true\">Amp draw: 50amps<\/p>\n<\/li>\n<\/ul>","protected":false},"excerpt":{"rendered":"<p>La derni\u00e8re version du Mini Mover vous permet de vous d\u00e9barrasser des tracas li\u00e9s \u00e0 la conduite d'une remorque ! Con\u00e7u pour d\u00e9placer et diriger les remorques vers leur emplacement de stationnement id\u00e9al, il est enti\u00e8rement propuls\u00e9 par notre puissant moteur \u00e9lectrique. D\u00e9placez jusqu'\u00e0 6 000 livres de poids roulant (poids de la fl\u00e8che de 1 000 livres) sur des pentes allant jusqu'\u00e0 7\u00ba gr\u00e2ce \u00e0 notre pneu tout-terrain de 8 pouces sans m\u00e9plat.<\/p>","protected":false},"featured_media":11954,"comment_status":"open","ping_status":"closed","template":"","meta":[],"product_cat":[451],"product_tag":[],"class_list":{"0":"post-11953","1":"product","2":"type-product","3":"status-publish","4":"has-post-thumbnail","6":"product_cat-tools-equipment","7":"product_shipping_class-class-3","9":"first","10":"instock","11":"taxable","12":"shipping-taxable","13":"purchasable","14":"product-type-simple"},"yoast_head":"<!-- This site is optimized with the Yoast SEO plugin v27.3 - https:\/\/yoast.com\/product\/yoast-seo-wordpress\/ -->\n<title>Mini Mover 3, 12v Motorized Jockey Wheel for Trailers up to 6,000lbs - Ks Products<\/title>\n<meta name=\"robots\" content=\"index, follow, max-snippet:-1, max-image-preview:large, max-video-preview:-1\" \/>\n<link rel=\"canonical\" href=\"https:\/\/ksproducts.ca\/fr\/product\/mini-mover-3-12v-motorized-jockey-wheel-for-trailers-up-to-6000lbs\/\" \/>\n<meta property=\"og:locale\" content=\"fr_CA\" \/>\n<meta property=\"og:type\" content=\"article\" \/>\n<meta property=\"og:title\" content=\"Mini Mover 3, 12v Motorized Jockey Wheel for Trailers up to 6,000lbs - Ks Products\" \/>\n<meta property=\"og:description\" content=\"Take the hassle out of trailering with the latest version of the Mini Mover! Built to move and steer trailers into their perfect parking spot fully powered by our strong electric motor. Move up to 6,000lbs of rolling weight (tongue weight of 1,000lbs) over inclines up to 7\u00ba with our 8\u201d no-flat all-terrain tire.\" \/>\n<meta property=\"og:url\" content=\"https:\/\/ksproducts.ca\/fr\/product\/mini-mover-3-12v-motorized-jockey-wheel-for-trailers-up-to-6000lbs\/\" \/>\n<meta property=\"og:site_name\" content=\"Ks Products\" \/>\n<meta property=\"og:image\" content=\"https:\/\/ksproducts.ca\/wp-content\/uploads\/2026\/03\/Mini-Mover-3-12v-Motorized-Jockey-Wheel-for-Trailers-up-to-6000lbs.webp\" \/>\n\t<meta property=\"og:image:width\" content=\"775\" \/>\n\t<meta property=\"og:image:height\" content=\"800\" \/>\n\t<meta property=\"og:image:type\" content=\"image\/webp\" \/>\n<meta name=\"twitter:card\" content=\"summary_large_image\" \/>\n<meta name=\"twitter:label1\" content=\"Estimation du temps de lecture\" \/>\n\t<meta name=\"twitter:data1\" content=\"1 minute\" \/>\n<script type=\"application\/ld+json\" class=\"yoast-schema-graph\">{\"@context\":\"https:\\\/\\\/schema.org\",\"@graph\":[{\"@type\":\"WebPage\",\"@id\":\"https:\\\/\\\/ksproducts.ca\\\/product\\\/mini-mover-3-12v-motorized-jockey-wheel-for-trailers-up-to-6000lbs\\\/\",\"url\":\"https:\\\/\\\/ksproducts.ca\\\/product\\\/mini-mover-3-12v-motorized-jockey-wheel-for-trailers-up-to-6000lbs\\\/\",\"name\":\"Mini Mover 3, 12v Motorized Jockey Wheel for Trailers up to 6,000lbs - Ks Products\",\"isPartOf\":{\"@id\":\"https:\\\/\\\/ksproducts.ca\\\/#website\"},\"primaryImageOfPage\":{\"@id\":\"https:\\\/\\\/ksproducts.ca\\\/product\\\/mini-mover-3-12v-motorized-jockey-wheel-for-trailers-up-to-6000lbs\\\/#primaryimage\"},\"image\":{\"@id\":\"https:\\\/\\\/ksproducts.ca\\\/product\\\/mini-mover-3-12v-motorized-jockey-wheel-for-trailers-up-to-6000lbs\\\/#primaryimage\"},\"thumbnailUrl\":\"https:\\\/\\\/ksproducts.ca\\\/wp-content\\\/uploads\\\/2026\\\/03\\\/Mini-Mover-3-12v-Motorized-Jockey-Wheel-for-Trailers-up-to-6000lbs.webp\",\"datePublished\":\"2026-03-06T18:14:50+00:00\",\"breadcrumb\":{\"@id\":\"https:\\\/\\\/ksproducts.ca\\\/product\\\/mini-mover-3-12v-motorized-jockey-wheel-for-trailers-up-to-6000lbs\\\/#breadcrumb\"},\"inLanguage\":\"fr-CA\",\"potentialAction\":[{\"@type\":\"ReadAction\",\"target\":[\"https:\\\/\\\/ksproducts.ca\\\/product\\\/mini-mover-3-12v-motorized-jockey-wheel-for-trailers-up-to-6000lbs\\\/\"]}]},{\"@type\":\"ImageObject\",\"inLanguage\":\"fr-CA\",\"@id\":\"https:\\\/\\\/ksproducts.ca\\\/product\\\/mini-mover-3-12v-motorized-jockey-wheel-for-trailers-up-to-6000lbs\\\/#primaryimage\",\"url\":\"https:\\\/\\\/ksproducts.ca\\\/wp-content\\\/uploads\\\/2026\\\/03\\\/Mini-Mover-3-12v-Motorized-Jockey-Wheel-for-Trailers-up-to-6000lbs.webp\",\"contentUrl\":\"https:\\\/\\\/ksproducts.ca\\\/wp-content\\\/uploads\\\/2026\\\/03\\\/Mini-Mover-3-12v-Motorized-Jockey-Wheel-for-Trailers-up-to-6000lbs.webp\",\"width\":775,\"height\":800,\"caption\":\"Mini Mover 3, 12v Motorized Jockey Wheel for Trailers up to 6,000lbs\"},{\"@type\":\"BreadcrumbList\",\"@id\":\"https:\\\/\\\/ksproducts.ca\\\/product\\\/mini-mover-3-12v-motorized-jockey-wheel-for-trailers-up-to-6000lbs\\\/#breadcrumb\",\"itemListElement\":[{\"@type\":\"ListItem\",\"position\":1,\"name\":\"Home\",\"item\":\"https:\\\/\\\/ksproducts.ca\\\/\"},{\"@type\":\"ListItem\",\"position\":2,\"name\":\"Shop\",\"item\":\"https:\\\/\\\/ksproducts.ca\\\/shop\\\/\"},{\"@type\":\"ListItem\",\"position\":3,\"name\":\"Mini Mover 3, 12v Motorized Jockey Wheel for Trailers up to 6,000lbs\"}]},{\"@type\":\"WebSite\",\"@id\":\"https:\\\/\\\/ksproducts.ca\\\/#website\",\"url\":\"https:\\\/\\\/ksproducts.ca\\\/\",\"name\":\"Ks Products\",\"description\":\"Outdoor cooking and living, made easy in Canada\",\"publisher\":{\"@id\":\"https:\\\/\\\/ksproducts.ca\\\/#organization\"},\"potentialAction\":[{\"@type\":\"SearchAction\",\"target\":{\"@type\":\"EntryPoint\",\"urlTemplate\":\"https:\\\/\\\/ksproducts.ca\\\/?s={search_term_string}\"},\"query-input\":{\"@type\":\"PropertyValueSpecification\",\"valueRequired\":true,\"valueName\":\"search_term_string\"}}],\"inLanguage\":\"fr-CA\"},{\"@type\":\"Organization\",\"@id\":\"https:\\\/\\\/ksproducts.ca\\\/#organization\",\"name\":\"Ks Products\",\"url\":\"https:\\\/\\\/ksproducts.ca\\\/\",\"logo\":{\"@type\":\"ImageObject\",\"inLanguage\":\"fr-CA\",\"@id\":\"https:\\\/\\\/ksproducts.ca\\\/#\\\/schema\\\/logo\\\/image\\\/\",\"url\":\"https:\\\/\\\/ksproducts.ca\\\/wp-content\\\/uploads\\\/2023\\\/09\\\/Kennedy-Sales-Logo-header-1.png\",\"contentUrl\":\"https:\\\/\\\/ksproducts.ca\\\/wp-content\\\/uploads\\\/2023\\\/09\\\/Kennedy-Sales-Logo-header-1.png\",\"width\":150,\"height\":77,\"caption\":\"Ks Products\"},\"image\":{\"@id\":\"https:\\\/\\\/ksproducts.ca\\\/#\\\/schema\\\/logo\\\/image\\\/\"}}]}<\/script>\n<!-- \/ Yoast SEO plugin. -->","yoast_head_json":{"title":"Mini Mover 3, 12v Motorized Jockey Wheel for Trailers up to 6,000lbs - Ks Products","robots":{"index":"index","follow":"follow","max-snippet":"max-snippet:-1","max-image-preview":"max-image-preview:large","max-video-preview":"max-video-preview:-1"},"canonical":"https:\/\/ksproducts.ca\/fr\/product\/mini-mover-3-12v-motorized-jockey-wheel-for-trailers-up-to-6000lbs\/","og_locale":"fr_CA","og_type":"article","og_title":"Mini Mover 3, 12v Motorized Jockey Wheel for Trailers up to 6,000lbs - Ks Products","og_description":"Take the hassle out of trailering with the latest version of the Mini Mover! Built to move and steer trailers into their perfect parking spot fully powered by our strong electric motor. Move up to 6,000lbs of rolling weight (tongue weight of 1,000lbs) over inclines up to 7\u00ba with our 8\u201d no-flat all-terrain tire.","og_url":"https:\/\/ksproducts.ca\/fr\/product\/mini-mover-3-12v-motorized-jockey-wheel-for-trailers-up-to-6000lbs\/","og_site_name":"Ks Products","og_image":[{"width":775,"height":800,"url":"https:\/\/ksproducts.ca\/wp-content\/uploads\/2026\/03\/Mini-Mover-3-12v-Motorized-Jockey-Wheel-for-Trailers-up-to-6000lbs.webp","type":"image\/webp"}],"twitter_card":"summary_large_image","twitter_misc":{"Estimation du temps de lecture":"1 minute"},"schema":{"@context":"https:\/\/schema.org","@graph":[{"@type":"WebPage","@id":"https:\/\/ksproducts.ca\/product\/mini-mover-3-12v-motorized-jockey-wheel-for-trailers-up-to-6000lbs\/","url":"https:\/\/ksproducts.ca\/product\/mini-mover-3-12v-motorized-jockey-wheel-for-trailers-up-to-6000lbs\/","name":"Mini Mover 3, 12v Motorized Jockey Wheel for Trailers up to 6,000lbs - Ks Products","isPartOf":{"@id":"https:\/\/ksproducts.ca\/#website"},"primaryImageOfPage":{"@id":"https:\/\/ksproducts.ca\/product\/mini-mover-3-12v-motorized-jockey-wheel-for-trailers-up-to-6000lbs\/#primaryimage"},"image":{"@id":"https:\/\/ksproducts.ca\/product\/mini-mover-3-12v-motorized-jockey-wheel-for-trailers-up-to-6000lbs\/#primaryimage"},"thumbnailUrl":"https:\/\/ksproducts.ca\/wp-content\/uploads\/2026\/03\/Mini-Mover-3-12v-Motorized-Jockey-Wheel-for-Trailers-up-to-6000lbs.webp","datePublished":"2026-03-06T18:14:50+00:00","breadcrumb":{"@id":"https:\/\/ksproducts.ca\/product\/mini-mover-3-12v-motorized-jockey-wheel-for-trailers-up-to-6000lbs\/#breadcrumb"},"inLanguage":"fr-CA","potentialAction":[{"@type":"ReadAction","target":["https:\/\/ksproducts.ca\/product\/mini-mover-3-12v-motorized-jockey-wheel-for-trailers-up-to-6000lbs\/"]}]},{"@type":"ImageObject","inLanguage":"fr-CA","@id":"https:\/\/ksproducts.ca\/product\/mini-mover-3-12v-motorized-jockey-wheel-for-trailers-up-to-6000lbs\/#primaryimage","url":"https:\/\/ksproducts.ca\/wp-content\/uploads\/2026\/03\/Mini-Mover-3-12v-Motorized-Jockey-Wheel-for-Trailers-up-to-6000lbs.webp","contentUrl":"https:\/\/ksproducts.ca\/wp-content\/uploads\/2026\/03\/Mini-Mover-3-12v-Motorized-Jockey-Wheel-for-Trailers-up-to-6000lbs.webp","width":775,"height":800,"caption":"Mini Mover 3, 12v Motorized Jockey Wheel for Trailers up to 6,000lbs"},{"@type":"BreadcrumbList","@id":"https:\/\/ksproducts.ca\/product\/mini-mover-3-12v-motorized-jockey-wheel-for-trailers-up-to-6000lbs\/#breadcrumb","itemListElement":[{"@type":"ListItem","position":1,"name":"Home","item":"https:\/\/ksproducts.ca\/"},{"@type":"ListItem","position":2,"name":"Shop","item":"https:\/\/ksproducts.ca\/shop\/"},{"@type":"ListItem","position":3,"name":"Mini Mover 3, 12v Motorized Jockey Wheel for Trailers up to 6,000lbs"}]},{"@type":"WebSite","@id":"https:\/\/ksproducts.ca\/#website","url":"https:\/\/ksproducts.ca\/","name":"Produits Ks","description":"Cuisiner et vivre en plein air, c'est facile au Canada","publisher":{"@id":"https:\/\/ksproducts.ca\/#organization"},"potentialAction":[{"@type":"SearchAction","target":{"@type":"EntryPoint","urlTemplate":"https:\/\/ksproducts.ca\/?s={search_term_string}"},"query-input":{"@type":"PropertyValueSpecification","valueRequired":true,"valueName":"search_term_string"}}],"inLanguage":"fr-CA"},{"@type":"Organization","@id":"https:\/\/ksproducts.ca\/#organization","name":"Produits Ks","url":"https:\/\/ksproducts.ca\/","logo":{"@type":"ImageObject","inLanguage":"fr-CA","@id":"https:\/\/ksproducts.ca\/#\/schema\/logo\/image\/","url":"https:\/\/ksproducts.ca\/wp-content\/uploads\/2023\/09\/Kennedy-Sales-Logo-header-1.png","contentUrl":"https:\/\/ksproducts.ca\/wp-content\/uploads\/2023\/09\/Kennedy-Sales-Logo-header-1.png","width":150,"height":77,"caption":"Ks Products"},"image":{"@id":"https:\/\/ksproducts.ca\/#\/schema\/logo\/image\/"}}]}},"_links":{"self":[{"href":"https:\/\/ksproducts.ca\/fr\/wp-json\/wp\/v2\/product\/11953","targetHints":{"allow":["GET"]}}],"collection":[{"href":"https:\/\/ksproducts.ca\/fr\/wp-json\/wp\/v2\/product"}],"about":[{"href":"https:\/\/ksproducts.ca\/fr\/wp-json\/wp\/v2\/types\/product"}],"replies":[{"embeddable":true,"href":"https:\/\/ksproducts.ca\/fr\/wp-json\/wp\/v2\/comments?post=11953"}],"version-history":[{"count":1,"href":"https:\/\/ksproducts.ca\/fr\/wp-json\/wp\/v2\/product\/11953\/revisions"}],"predecessor-version":[{"id":11955,"href":"https:\/\/ksproducts.ca\/fr\/wp-json\/wp\/v2\/product\/11953\/revisions\/11955"}],"wp:featuredmedia":[{"embeddable":true,"href":"https:\/\/ksproducts.ca\/fr\/wp-json\/wp\/v2\/media\/11954"}],"wp:attachment":[{"href":"https:\/\/ksproducts.ca\/fr\/wp-json\/wp\/v2\/media?parent=11953"}],"wp:term":[{"taxonomy":"product_cat","embeddable":true,"href":"https:\/\/ksproducts.ca\/fr\/wp-json\/wp\/v2\/product_cat?post=11953"},{"taxonomy":"product_tag","embeddable":true,"href":"https:\/\/ksproducts.ca\/fr\/wp-json\/wp\/v2\/product_tag?post=11953"}],"curies":[{"name":"wp","href":"https:\/\/api.w.org\/{rel}","templated":true}]}}