{"id":11956,"date":"2026-03-06T18:17:38","date_gmt":"2026-03-06T18:17:38","guid":{"rendered":"https:\/\/ksproducts.ca\/?post_type=product&#038;p=11956"},"modified":"2026-03-06T18:17:38","modified_gmt":"2026-03-06T18:17:38","slug":"blaster-industrial-graphite-dry-lubricant-156g","status":"publish","type":"product","link":"https:\/\/ksproducts.ca\/fr\/product\/blaster-industrial-graphite-dry-lubricant-156g\/","title":{"rendered":"B'laster Industrial Graphite Dry Lubricant - 156g"},"content":{"rendered":"<ul>\n<li>Dark gray lubricant dries tack free<\/li>\n<li>Thread lubricant (anti-seize)<\/li>\n<li>Use on Gaskets, Transfer &amp; Conveyor Belts, Rollers, Wheels &amp; Gears<\/li>\n<\/ul>","protected":false},"excerpt":{"rendered":"<p>Le lubrifiant sec B'laster Graphite r\u00e9duit l'usure et prolonge la dur\u00e9e de vie des \u00e9quipements. Il cr\u00e9e un film \u00e0 s\u00e9chage rapide qui assure une lubrification durable. Il est recommand\u00e9 comme lubrifiant d'entretien g\u00e9n\u00e9ral sur les joints, les courroies de transfert et les bandes transporteuses. Il peut \u00e9galement \u00eatre utilis\u00e9 pour les temp\u00e9ratures \u00e9lev\u00e9es, les faibles charges, les serrures, les rouleaux, les roues, les engrenages, les cha\u00eenes et les palans.<\/p>","protected":false},"featured_media":11957,"comment_status":"open","ping_status":"closed","template":"","meta":[],"product_cat":[430],"product_tag":[],"class_list":{"0":"post-11956","1":"product","2":"type-product","3":"status-publish","4":"has-post-thumbnail","6":"product_cat-automotive-gear","7":"product_shipping_class-class-1","9":"first","10":"instock","11":"taxable","12":"shipping-taxable","13":"purchasable","14":"product-type-simple"},"yoast_head":"<!-- This site is optimized with the Yoast SEO plugin v27.3 - https:\/\/yoast.com\/product\/yoast-seo-wordpress\/ -->\n<title>B&#039;laster Industrial Graphite Dry Lubricant - 156g - Ks Products<\/title>\n<meta name=\"robots\" content=\"index, follow, max-snippet:-1, max-image-preview:large, max-video-preview:-1\" \/>\n<link rel=\"canonical\" href=\"https:\/\/ksproducts.ca\/fr\/product\/blaster-industrial-graphite-dry-lubricant-156g\/\" \/>\n<meta property=\"og:locale\" content=\"fr_CA\" \/>\n<meta property=\"og:type\" content=\"article\" \/>\n<meta property=\"og:title\" content=\"B&#039;laster Industrial Graphite Dry Lubricant - 156g - Ks Products\" \/>\n<meta property=\"og:description\" content=\"B&#039;laster Graphite Dry Lubricant reduces wear to extend equipment life. It creates a quick drying film that provides long-lasting lubrication. It&#039;s recommended as a general maintenance lubricant on gaskets, transfer belts and conveyor belts. Also for use for high temperature, low load, locks, rollers, wheels, gears, chains and hoists.\" \/>\n<meta property=\"og:url\" content=\"https:\/\/ksproducts.ca\/fr\/product\/blaster-industrial-graphite-dry-lubricant-156g\/\" \/>\n<meta property=\"og:site_name\" content=\"Ks Products\" \/>\n<meta property=\"og:image\" content=\"https:\/\/ksproducts.ca\/wp-content\/uploads\/2023\/09\/Kennedy-Sales-Logo-header-1.png\" \/>\n\t<meta property=\"og:image:width\" content=\"150\" \/>\n\t<meta property=\"og:image:height\" content=\"77\" \/>\n\t<meta property=\"og:image:type\" content=\"image\/png\" \/>\n<meta name=\"twitter:card\" content=\"summary_large_image\" \/>\n<meta name=\"twitter:label1\" content=\"Estimation du temps de lecture\" \/>\n\t<meta name=\"twitter:data1\" content=\"1 minute\" \/>\n<script type=\"application\/ld+json\" class=\"yoast-schema-graph\">{\"@context\":\"https:\\\/\\\/schema.org\",\"@graph\":[{\"@type\":\"WebPage\",\"@id\":\"https:\\\/\\\/ksproducts.ca\\\/product\\\/blaster-industrial-graphite-dry-lubricant-156g\\\/\",\"url\":\"https:\\\/\\\/ksproducts.ca\\\/product\\\/blaster-industrial-graphite-dry-lubricant-156g\\\/\",\"name\":\"B'laster Industrial Graphite Dry Lubricant - 156g - Ks Products\",\"isPartOf\":{\"@id\":\"https:\\\/\\\/ksproducts.ca\\\/#website\"},\"primaryImageOfPage\":{\"@id\":\"https:\\\/\\\/ksproducts.ca\\\/product\\\/blaster-industrial-graphite-dry-lubricant-156g\\\/#primaryimage\"},\"image\":{\"@id\":\"https:\\\/\\\/ksproducts.ca\\\/product\\\/blaster-industrial-graphite-dry-lubricant-156g\\\/#primaryimage\"},\"thumbnailUrl\":\"https:\\\/\\\/ksproducts.ca\\\/wp-content\\\/uploads\\\/2026\\\/03\\\/Blaster-Industrial-Graphite-Dry-Lubricant-156g.avif\",\"datePublished\":\"2026-03-06T18:17:38+00:00\",\"breadcrumb\":{\"@id\":\"https:\\\/\\\/ksproducts.ca\\\/product\\\/blaster-industrial-graphite-dry-lubricant-156g\\\/#breadcrumb\"},\"inLanguage\":\"fr-CA\",\"potentialAction\":[{\"@type\":\"ReadAction\",\"target\":[\"https:\\\/\\\/ksproducts.ca\\\/product\\\/blaster-industrial-graphite-dry-lubricant-156g\\\/\"]}]},{\"@type\":\"ImageObject\",\"inLanguage\":\"fr-CA\",\"@id\":\"https:\\\/\\\/ksproducts.ca\\\/product\\\/blaster-industrial-graphite-dry-lubricant-156g\\\/#primaryimage\",\"url\":\"https:\\\/\\\/ksproducts.ca\\\/wp-content\\\/uploads\\\/2026\\\/03\\\/Blaster-Industrial-Graphite-Dry-Lubricant-156g.avif\",\"contentUrl\":\"https:\\\/\\\/ksproducts.ca\\\/wp-content\\\/uploads\\\/2026\\\/03\\\/Blaster-Industrial-Graphite-Dry-Lubricant-156g.avif\",\"width\":1000,\"height\":1000,\"caption\":\"B'laster Industrial Graphite Dry Lubricant 156g\"},{\"@type\":\"BreadcrumbList\",\"@id\":\"https:\\\/\\\/ksproducts.ca\\\/product\\\/blaster-industrial-graphite-dry-lubricant-156g\\\/#breadcrumb\",\"itemListElement\":[{\"@type\":\"ListItem\",\"position\":1,\"name\":\"Home\",\"item\":\"https:\\\/\\\/ksproducts.ca\\\/\"},{\"@type\":\"ListItem\",\"position\":2,\"name\":\"Shop\",\"item\":\"https:\\\/\\\/ksproducts.ca\\\/shop\\\/\"},{\"@type\":\"ListItem\",\"position\":3,\"name\":\"B&#8217;laster Industrial Graphite Dry Lubricant &#8211; 156g\"}]},{\"@type\":\"WebSite\",\"@id\":\"https:\\\/\\\/ksproducts.ca\\\/#website\",\"url\":\"https:\\\/\\\/ksproducts.ca\\\/\",\"name\":\"Ks Products\",\"description\":\"Outdoor cooking and living, made easy in Canada\",\"publisher\":{\"@id\":\"https:\\\/\\\/ksproducts.ca\\\/#organization\"},\"potentialAction\":[{\"@type\":\"SearchAction\",\"target\":{\"@type\":\"EntryPoint\",\"urlTemplate\":\"https:\\\/\\\/ksproducts.ca\\\/?s={search_term_string}\"},\"query-input\":{\"@type\":\"PropertyValueSpecification\",\"valueRequired\":true,\"valueName\":\"search_term_string\"}}],\"inLanguage\":\"fr-CA\"},{\"@type\":\"Organization\",\"@id\":\"https:\\\/\\\/ksproducts.ca\\\/#organization\",\"name\":\"Ks Products\",\"url\":\"https:\\\/\\\/ksproducts.ca\\\/\",\"logo\":{\"@type\":\"ImageObject\",\"inLanguage\":\"fr-CA\",\"@id\":\"https:\\\/\\\/ksproducts.ca\\\/#\\\/schema\\\/logo\\\/image\\\/\",\"url\":\"https:\\\/\\\/ksproducts.ca\\\/wp-content\\\/uploads\\\/2023\\\/09\\\/Kennedy-Sales-Logo-header-1.png\",\"contentUrl\":\"https:\\\/\\\/ksproducts.ca\\\/wp-content\\\/uploads\\\/2023\\\/09\\\/Kennedy-Sales-Logo-header-1.png\",\"width\":150,\"height\":77,\"caption\":\"Ks Products\"},\"image\":{\"@id\":\"https:\\\/\\\/ksproducts.ca\\\/#\\\/schema\\\/logo\\\/image\\\/\"}}]}<\/script>\n<!-- \/ Yoast SEO plugin. -->","yoast_head_json":{"title":"B'laster Industrial Graphite Dry Lubricant - 156g - Ks Products","robots":{"index":"index","follow":"follow","max-snippet":"max-snippet:-1","max-image-preview":"max-image-preview:large","max-video-preview":"max-video-preview:-1"},"canonical":"https:\/\/ksproducts.ca\/fr\/product\/blaster-industrial-graphite-dry-lubricant-156g\/","og_locale":"fr_CA","og_type":"article","og_title":"B'laster Industrial Graphite Dry Lubricant - 156g - Ks Products","og_description":"B'laster Graphite Dry Lubricant reduces wear to extend equipment life. It creates a quick drying film that provides long-lasting lubrication. It's recommended as a general maintenance lubricant on gaskets, transfer belts and conveyor belts. Also for use for high temperature, low load, locks, rollers, wheels, gears, chains and hoists.","og_url":"https:\/\/ksproducts.ca\/fr\/product\/blaster-industrial-graphite-dry-lubricant-156g\/","og_site_name":"Ks Products","og_image":[{"width":150,"height":77,"url":"https:\/\/ksproducts.ca\/wp-content\/uploads\/2023\/09\/Kennedy-Sales-Logo-header-1.png","type":"image\/png"}],"twitter_card":"summary_large_image","twitter_misc":{"Estimation du temps de lecture":"1 minute"},"schema":{"@context":"https:\/\/schema.org","@graph":[{"@type":"WebPage","@id":"https:\/\/ksproducts.ca\/product\/blaster-industrial-graphite-dry-lubricant-156g\/","url":"https:\/\/ksproducts.ca\/product\/blaster-industrial-graphite-dry-lubricant-156g\/","name":"B'laster Industrial Graphite Dry Lubricant - 156g - Ks Products","isPartOf":{"@id":"https:\/\/ksproducts.ca\/#website"},"primaryImageOfPage":{"@id":"https:\/\/ksproducts.ca\/product\/blaster-industrial-graphite-dry-lubricant-156g\/#primaryimage"},"image":{"@id":"https:\/\/ksproducts.ca\/product\/blaster-industrial-graphite-dry-lubricant-156g\/#primaryimage"},"thumbnailUrl":"https:\/\/ksproducts.ca\/wp-content\/uploads\/2026\/03\/Blaster-Industrial-Graphite-Dry-Lubricant-156g.avif","datePublished":"2026-03-06T18:17:38+00:00","breadcrumb":{"@id":"https:\/\/ksproducts.ca\/product\/blaster-industrial-graphite-dry-lubricant-156g\/#breadcrumb"},"inLanguage":"fr-CA","potentialAction":[{"@type":"ReadAction","target":["https:\/\/ksproducts.ca\/product\/blaster-industrial-graphite-dry-lubricant-156g\/"]}]},{"@type":"ImageObject","inLanguage":"fr-CA","@id":"https:\/\/ksproducts.ca\/product\/blaster-industrial-graphite-dry-lubricant-156g\/#primaryimage","url":"https:\/\/ksproducts.ca\/wp-content\/uploads\/2026\/03\/Blaster-Industrial-Graphite-Dry-Lubricant-156g.avif","contentUrl":"https:\/\/ksproducts.ca\/wp-content\/uploads\/2026\/03\/Blaster-Industrial-Graphite-Dry-Lubricant-156g.avif","width":1000,"height":1000,"caption":"B'laster Industrial Graphite Dry Lubricant 156g"},{"@type":"BreadcrumbList","@id":"https:\/\/ksproducts.ca\/product\/blaster-industrial-graphite-dry-lubricant-156g\/#breadcrumb","itemListElement":[{"@type":"ListItem","position":1,"name":"Home","item":"https:\/\/ksproducts.ca\/"},{"@type":"ListItem","position":2,"name":"Shop","item":"https:\/\/ksproducts.ca\/shop\/"},{"@type":"ListItem","position":3,"name":"B&#8217;laster Industrial Graphite Dry Lubricant &#8211; 156g"}]},{"@type":"WebSite","@id":"https:\/\/ksproducts.ca\/#website","url":"https:\/\/ksproducts.ca\/","name":"Produits Ks","description":"Cuisiner et vivre en plein air, c'est facile au Canada","publisher":{"@id":"https:\/\/ksproducts.ca\/#organization"},"potentialAction":[{"@type":"SearchAction","target":{"@type":"EntryPoint","urlTemplate":"https:\/\/ksproducts.ca\/?s={search_term_string}"},"query-input":{"@type":"PropertyValueSpecification","valueRequired":true,"valueName":"search_term_string"}}],"inLanguage":"fr-CA"},{"@type":"Organization","@id":"https:\/\/ksproducts.ca\/#organization","name":"Produits Ks","url":"https:\/\/ksproducts.ca\/","logo":{"@type":"ImageObject","inLanguage":"fr-CA","@id":"https:\/\/ksproducts.ca\/#\/schema\/logo\/image\/","url":"https:\/\/ksproducts.ca\/wp-content\/uploads\/2023\/09\/Kennedy-Sales-Logo-header-1.png","contentUrl":"https:\/\/ksproducts.ca\/wp-content\/uploads\/2023\/09\/Kennedy-Sales-Logo-header-1.png","width":150,"height":77,"caption":"Ks Products"},"image":{"@id":"https:\/\/ksproducts.ca\/#\/schema\/logo\/image\/"}}]}},"_links":{"self":[{"href":"https:\/\/ksproducts.ca\/fr\/wp-json\/wp\/v2\/product\/11956","targetHints":{"allow":["GET"]}}],"collection":[{"href":"https:\/\/ksproducts.ca\/fr\/wp-json\/wp\/v2\/product"}],"about":[{"href":"https:\/\/ksproducts.ca\/fr\/wp-json\/wp\/v2\/types\/product"}],"replies":[{"embeddable":true,"href":"https:\/\/ksproducts.ca\/fr\/wp-json\/wp\/v2\/comments?post=11956"}],"version-history":[{"count":1,"href":"https:\/\/ksproducts.ca\/fr\/wp-json\/wp\/v2\/product\/11956\/revisions"}],"predecessor-version":[{"id":11958,"href":"https:\/\/ksproducts.ca\/fr\/wp-json\/wp\/v2\/product\/11956\/revisions\/11958"}],"wp:featuredmedia":[{"embeddable":true,"href":"https:\/\/ksproducts.ca\/fr\/wp-json\/wp\/v2\/media\/11957"}],"wp:attachment":[{"href":"https:\/\/ksproducts.ca\/fr\/wp-json\/wp\/v2\/media?parent=11956"}],"wp:term":[{"taxonomy":"product_cat","embeddable":true,"href":"https:\/\/ksproducts.ca\/fr\/wp-json\/wp\/v2\/product_cat?post=11956"},{"taxonomy":"product_tag","embeddable":true,"href":"https:\/\/ksproducts.ca\/fr\/wp-json\/wp\/v2\/product_tag?post=11956"}],"curies":[{"name":"wp","href":"https:\/\/api.w.org\/{rel}","templated":true}]}}