{"id":11959,"date":"2026-03-06T18:21:18","date_gmt":"2026-03-06T18:21:18","guid":{"rendered":"https:\/\/ksproducts.ca\/?post_type=product&#038;p=11959"},"modified":"2026-03-06T18:21:18","modified_gmt":"2026-03-06T18:21:18","slug":"four-a-pizza-avec-friteuse-blackstone-e-series","status":"publish","type":"product","link":"https:\/\/ksproducts.ca\/fr\/product\/blackstone-e-series-pizza-oven-with-air-fryer\/","title":{"rendered":"Four \u00e0 pizza avec friteuse Blackstone E-Series"},"content":{"rendered":"<ul class=\"sc-hcupDf iBooxU pf-47_ acumin\" data-pf-type=\"MetafieldValue\">\n<li class=\"sc-xiLah hUMvDY metafield-list.single_line_text_field\">Four \u00e0 pizza \u00e9lectrique 120V et friteuse combin\u00e9e<\/li>\n<li class=\"sc-xiLah hUMvDY metafield-list.single_line_text_field\">Plaque \u00e0 pizza rotative de 14\u201d en acier<\/li>\n<li class=\"sc-xiLah hUMvDY metafield-list.single_line_text_field\">Plateau de cuisson pouvant servir de panier pour la friteuse \u00e0 air puls\u00e9<\/li>\n<li class=\"sc-xiLah hUMvDY metafield-list.single_line_text_field\">Commandes de l'\u00e9cran tactile du panneau avant<\/li>\n<li class=\"sc-xiLah hUMvDY metafield-list.single_line_text_field\">Pour l'int\u00e9rieur et l'ext\u00e9rieur<\/li>\n<li class=\"sc-xiLah hUMvDY metafield-list.single_line_text_field\">Longueur du cordon de 5 pieds<\/li>\n<\/ul>","protected":false},"excerpt":{"rendered":"<p>Faites entrer la f\u00eate de la pizza \u00e0 l'int\u00e9rieur avec le four \u00e0 pizza et la friteuse \u00e0 air de la s\u00e9rie E de Blackstone. Aliment\u00e9 par l'\u00e9lectricit\u00e9 et con\u00e7u avec la polyvalence embl\u00e9matique de la marque Blackstone, vous ne serez limit\u00e9 que par votre imagination. Avec une plaque \u00e0 pizza rotative en acier de 14\u201d et un plateau de cuisson qui peut servir de panier pour la friteuse, vous pouvez cr\u00e9er des pizzas, des frites et bien plus encore avec un seul four. Son design \u00e9l\u00e9gant s'harmonise avec toutes les cuisines et les commandes \u00e0 \u00e9cran tactile se trouvent sur le panneau avant. Affichage de la temp\u00e9rature :  R\u00e9glage de la temp\u00e9rature.  Modes de minuterie :  Pizza fra\u00eeche Pizza congel\u00e9e R\u00e9chauffer Friteuse Inclusions :  Plateau de cuisson circulaire de 14 pouces Plateau de 14 pouces qui, une fois ins\u00e9r\u00e9 dans le plateau de cuisson, sert de panier pour la friteuse \u00e0 air comprim\u00e9 Plateau ramasse-miettes amovible sous le plateau rotatif pour faciliter le nettoyage<\/p>","protected":false},"featured_media":11960,"comment_status":"open","ping_status":"closed","template":"","meta":[],"product_cat":[406],"product_tag":[],"class_list":{"0":"post-11959","1":"product","2":"type-product","3":"status-publish","4":"has-post-thumbnail","6":"product_cat-pizza","7":"product_shipping_class-class-4","9":"first","10":"instock","11":"taxable","12":"shipping-taxable","13":"purchasable","14":"product-type-simple"},"yoast_head":"<!-- This site is optimized with the Yoast SEO plugin v27.3 - https:\/\/yoast.com\/product\/yoast-seo-wordpress\/ -->\n<title>Blackstone E-Series Pizza Oven with Air Fryer - Ks Products<\/title>\n<meta name=\"robots\" content=\"index, follow, max-snippet:-1, max-image-preview:large, max-video-preview:-1\" \/>\n<link rel=\"canonical\" href=\"https:\/\/ksproducts.ca\/fr\/product\/four-a-pizza-avec-friteuse-blackstone-e-series\/\" \/>\n<meta property=\"og:locale\" content=\"fr_CA\" \/>\n<meta property=\"og:type\" content=\"article\" \/>\n<meta property=\"og:title\" content=\"Blackstone E-Series Pizza Oven with Air Fryer - Ks Products\" \/>\n<meta property=\"og:description\" content=\"Bring the pizza party indoors with Blackstone\u2019s E-Series Pizza Oven and Air Fryer. Powered by electricity and designed with the iconic versatility of the Blackstone brand you\u2019ll only be limited by your imagination. With a 14\u201d rotating steel pizza plate and a baking tray that can double as an Air Fryer basket, you can create pizzas, french fries, and so much more with one oven. Featuring a sleek design to compliment any kitchen and touchscreen controls on the front panel. Display Set:\u00a0 Set temperature.\u00a0 Timer\u00a0 Modes:\u00a0 Fresh Pizza\u00a0 Frozen Pizza\u00a0 Reheat\u00a0 Air Fry\u00a0 Inclusions:\u00a0 14\u201d Circular baking tray\u00a0 14\u201d trivet, when inserted into the baking tray doubles as the air fryer basket\u00a0 Removable crumb tray beneath rotating plate for easy cleaning\" \/>\n<meta property=\"og:url\" content=\"https:\/\/ksproducts.ca\/fr\/product\/four-a-pizza-avec-friteuse-blackstone-e-series\/\" \/>\n<meta property=\"og:site_name\" content=\"Ks Products\" \/>\n<meta property=\"og:image\" content=\"https:\/\/ksproducts.ca\/wp-content\/uploads\/2026\/03\/Blackstone-E-Series-Pizza-Oven-with-Air-Fryer.jpg\" \/>\n\t<meta property=\"og:image:width\" content=\"800\" \/>\n\t<meta property=\"og:image:height\" content=\"500\" \/>\n\t<meta property=\"og:image:type\" content=\"image\/jpeg\" \/>\n<meta name=\"twitter:card\" content=\"summary_large_image\" \/>\n<meta name=\"twitter:label1\" content=\"Estimation du temps de lecture\" \/>\n\t<meta name=\"twitter:data1\" content=\"1 minute\" \/>\n<script type=\"application\/ld+json\" class=\"yoast-schema-graph\">{\"@context\":\"https:\\\/\\\/schema.org\",\"@graph\":[{\"@type\":\"WebPage\",\"@id\":\"https:\\\/\\\/ksproducts.ca\\\/product\\\/blackstone-e-series-pizza-oven-with-air-fryer\\\/\",\"url\":\"https:\\\/\\\/ksproducts.ca\\\/product\\\/blackstone-e-series-pizza-oven-with-air-fryer\\\/\",\"name\":\"Blackstone E-Series Pizza Oven with Air Fryer - Ks Products\",\"isPartOf\":{\"@id\":\"https:\\\/\\\/ksproducts.ca\\\/#website\"},\"primaryImageOfPage\":{\"@id\":\"https:\\\/\\\/ksproducts.ca\\\/product\\\/blackstone-e-series-pizza-oven-with-air-fryer\\\/#primaryimage\"},\"image\":{\"@id\":\"https:\\\/\\\/ksproducts.ca\\\/product\\\/blackstone-e-series-pizza-oven-with-air-fryer\\\/#primaryimage\"},\"thumbnailUrl\":\"https:\\\/\\\/ksproducts.ca\\\/wp-content\\\/uploads\\\/2026\\\/03\\\/Blackstone-E-Series-Pizza-Oven-with-Air-Fryer.jpg\",\"datePublished\":\"2026-03-06T18:21:18+00:00\",\"breadcrumb\":{\"@id\":\"https:\\\/\\\/ksproducts.ca\\\/product\\\/blackstone-e-series-pizza-oven-with-air-fryer\\\/#breadcrumb\"},\"inLanguage\":\"fr-CA\",\"potentialAction\":[{\"@type\":\"ReadAction\",\"target\":[\"https:\\\/\\\/ksproducts.ca\\\/product\\\/blackstone-e-series-pizza-oven-with-air-fryer\\\/\"]}]},{\"@type\":\"ImageObject\",\"inLanguage\":\"fr-CA\",\"@id\":\"https:\\\/\\\/ksproducts.ca\\\/product\\\/blackstone-e-series-pizza-oven-with-air-fryer\\\/#primaryimage\",\"url\":\"https:\\\/\\\/ksproducts.ca\\\/wp-content\\\/uploads\\\/2026\\\/03\\\/Blackstone-E-Series-Pizza-Oven-with-Air-Fryer.jpg\",\"contentUrl\":\"https:\\\/\\\/ksproducts.ca\\\/wp-content\\\/uploads\\\/2026\\\/03\\\/Blackstone-E-Series-Pizza-Oven-with-Air-Fryer.jpg\",\"width\":800,\"height\":500,\"caption\":\"Blackstone E Series Pizza Oven with Air Fryer\"},{\"@type\":\"BreadcrumbList\",\"@id\":\"https:\\\/\\\/ksproducts.ca\\\/product\\\/blackstone-e-series-pizza-oven-with-air-fryer\\\/#breadcrumb\",\"itemListElement\":[{\"@type\":\"ListItem\",\"position\":1,\"name\":\"Home\",\"item\":\"https:\\\/\\\/ksproducts.ca\\\/\"},{\"@type\":\"ListItem\",\"position\":2,\"name\":\"Shop\",\"item\":\"https:\\\/\\\/ksproducts.ca\\\/shop\\\/\"},{\"@type\":\"ListItem\",\"position\":3,\"name\":\"Blackstone E-Series Pizza Oven with Air Fryer\"}]},{\"@type\":\"WebSite\",\"@id\":\"https:\\\/\\\/ksproducts.ca\\\/#website\",\"url\":\"https:\\\/\\\/ksproducts.ca\\\/\",\"name\":\"Ks Products\",\"description\":\"Outdoor cooking and living, made easy in Canada\",\"publisher\":{\"@id\":\"https:\\\/\\\/ksproducts.ca\\\/#organization\"},\"potentialAction\":[{\"@type\":\"SearchAction\",\"target\":{\"@type\":\"EntryPoint\",\"urlTemplate\":\"https:\\\/\\\/ksproducts.ca\\\/?s={search_term_string}\"},\"query-input\":{\"@type\":\"PropertyValueSpecification\",\"valueRequired\":true,\"valueName\":\"search_term_string\"}}],\"inLanguage\":\"fr-CA\"},{\"@type\":\"Organization\",\"@id\":\"https:\\\/\\\/ksproducts.ca\\\/#organization\",\"name\":\"Ks Products\",\"url\":\"https:\\\/\\\/ksproducts.ca\\\/\",\"logo\":{\"@type\":\"ImageObject\",\"inLanguage\":\"fr-CA\",\"@id\":\"https:\\\/\\\/ksproducts.ca\\\/#\\\/schema\\\/logo\\\/image\\\/\",\"url\":\"https:\\\/\\\/ksproducts.ca\\\/wp-content\\\/uploads\\\/2023\\\/09\\\/Kennedy-Sales-Logo-header-1.png\",\"contentUrl\":\"https:\\\/\\\/ksproducts.ca\\\/wp-content\\\/uploads\\\/2023\\\/09\\\/Kennedy-Sales-Logo-header-1.png\",\"width\":150,\"height\":77,\"caption\":\"Ks Products\"},\"image\":{\"@id\":\"https:\\\/\\\/ksproducts.ca\\\/#\\\/schema\\\/logo\\\/image\\\/\"}}]}<\/script>\n<!-- \/ Yoast SEO plugin. -->","yoast_head_json":{"title":"Four \u00e0 pizza Blackstone E-Series avec friteuse - Ks Products","robots":{"index":"index","follow":"follow","max-snippet":"max-snippet:-1","max-image-preview":"max-image-preview:large","max-video-preview":"max-video-preview:-1"},"canonical":"https:\/\/ksproducts.ca\/fr\/product\/four-a-pizza-avec-friteuse-blackstone-e-series\/","og_locale":"fr_CA","og_type":"article","og_title":"Blackstone E-Series Pizza Oven with Air Fryer - Ks Products","og_description":"Bring the pizza party indoors with Blackstone\u2019s E-Series Pizza Oven and Air Fryer. Powered by electricity and designed with the iconic versatility of the Blackstone brand you\u2019ll only be limited by your imagination. With a 14\u201d rotating steel pizza plate and a baking tray that can double as an Air Fryer basket, you can create pizzas, french fries, and so much more with one oven. Featuring a sleek design to compliment any kitchen and touchscreen controls on the front panel. Display Set:\u00a0 Set temperature.\u00a0 Timer\u00a0 Modes:\u00a0 Fresh Pizza\u00a0 Frozen Pizza\u00a0 Reheat\u00a0 Air Fry\u00a0 Inclusions:\u00a0 14\u201d Circular baking tray\u00a0 14\u201d trivet, when inserted into the baking tray doubles as the air fryer basket\u00a0 Removable crumb tray beneath rotating plate for easy cleaning","og_url":"https:\/\/ksproducts.ca\/fr\/product\/four-a-pizza-avec-friteuse-blackstone-e-series\/","og_site_name":"Ks Products","og_image":[{"width":800,"height":500,"url":"https:\/\/ksproducts.ca\/wp-content\/uploads\/2026\/03\/Blackstone-E-Series-Pizza-Oven-with-Air-Fryer.jpg","type":"image\/jpeg"}],"twitter_card":"summary_large_image","twitter_misc":{"Estimation du temps de lecture":"1 minute"},"schema":{"@context":"https:\/\/schema.org","@graph":[{"@type":"WebPage","@id":"https:\/\/ksproducts.ca\/product\/blackstone-e-series-pizza-oven-with-air-fryer\/","url":"https:\/\/ksproducts.ca\/product\/blackstone-e-series-pizza-oven-with-air-fryer\/","name":"Four \u00e0 pizza Blackstone E-Series avec friteuse - Ks Products","isPartOf":{"@id":"https:\/\/ksproducts.ca\/#website"},"primaryImageOfPage":{"@id":"https:\/\/ksproducts.ca\/product\/blackstone-e-series-pizza-oven-with-air-fryer\/#primaryimage"},"image":{"@id":"https:\/\/ksproducts.ca\/product\/blackstone-e-series-pizza-oven-with-air-fryer\/#primaryimage"},"thumbnailUrl":"https:\/\/ksproducts.ca\/wp-content\/uploads\/2026\/03\/Blackstone-E-Series-Pizza-Oven-with-Air-Fryer.jpg","datePublished":"2026-03-06T18:21:18+00:00","breadcrumb":{"@id":"https:\/\/ksproducts.ca\/product\/blackstone-e-series-pizza-oven-with-air-fryer\/#breadcrumb"},"inLanguage":"fr-CA","potentialAction":[{"@type":"ReadAction","target":["https:\/\/ksproducts.ca\/product\/blackstone-e-series-pizza-oven-with-air-fryer\/"]}]},{"@type":"ImageObject","inLanguage":"fr-CA","@id":"https:\/\/ksproducts.ca\/product\/blackstone-e-series-pizza-oven-with-air-fryer\/#primaryimage","url":"https:\/\/ksproducts.ca\/wp-content\/uploads\/2026\/03\/Blackstone-E-Series-Pizza-Oven-with-Air-Fryer.jpg","contentUrl":"https:\/\/ksproducts.ca\/wp-content\/uploads\/2026\/03\/Blackstone-E-Series-Pizza-Oven-with-Air-Fryer.jpg","width":800,"height":500,"caption":"Blackstone E Series Pizza Oven with Air Fryer"},{"@type":"BreadcrumbList","@id":"https:\/\/ksproducts.ca\/product\/blackstone-e-series-pizza-oven-with-air-fryer\/#breadcrumb","itemListElement":[{"@type":"ListItem","position":1,"name":"Home","item":"https:\/\/ksproducts.ca\/"},{"@type":"ListItem","position":2,"name":"Shop","item":"https:\/\/ksproducts.ca\/shop\/"},{"@type":"ListItem","position":3,"name":"Blackstone E-Series Pizza Oven with Air Fryer"}]},{"@type":"WebSite","@id":"https:\/\/ksproducts.ca\/#website","url":"https:\/\/ksproducts.ca\/","name":"Produits Ks","description":"Cuisiner et vivre en plein air, c'est facile au Canada","publisher":{"@id":"https:\/\/ksproducts.ca\/#organization"},"potentialAction":[{"@type":"SearchAction","target":{"@type":"EntryPoint","urlTemplate":"https:\/\/ksproducts.ca\/?s={search_term_string}"},"query-input":{"@type":"PropertyValueSpecification","valueRequired":true,"valueName":"search_term_string"}}],"inLanguage":"fr-CA"},{"@type":"Organization","@id":"https:\/\/ksproducts.ca\/#organization","name":"Produits Ks","url":"https:\/\/ksproducts.ca\/","logo":{"@type":"ImageObject","inLanguage":"fr-CA","@id":"https:\/\/ksproducts.ca\/#\/schema\/logo\/image\/","url":"https:\/\/ksproducts.ca\/wp-content\/uploads\/2023\/09\/Kennedy-Sales-Logo-header-1.png","contentUrl":"https:\/\/ksproducts.ca\/wp-content\/uploads\/2023\/09\/Kennedy-Sales-Logo-header-1.png","width":150,"height":77,"caption":"Ks Products"},"image":{"@id":"https:\/\/ksproducts.ca\/#\/schema\/logo\/image\/"}}]}},"_links":{"self":[{"href":"https:\/\/ksproducts.ca\/fr\/wp-json\/wp\/v2\/product\/11959","targetHints":{"allow":["GET"]}}],"collection":[{"href":"https:\/\/ksproducts.ca\/fr\/wp-json\/wp\/v2\/product"}],"about":[{"href":"https:\/\/ksproducts.ca\/fr\/wp-json\/wp\/v2\/types\/product"}],"replies":[{"embeddable":true,"href":"https:\/\/ksproducts.ca\/fr\/wp-json\/wp\/v2\/comments?post=11959"}],"version-history":[{"count":1,"href":"https:\/\/ksproducts.ca\/fr\/wp-json\/wp\/v2\/product\/11959\/revisions"}],"predecessor-version":[{"id":11961,"href":"https:\/\/ksproducts.ca\/fr\/wp-json\/wp\/v2\/product\/11959\/revisions\/11961"}],"wp:featuredmedia":[{"embeddable":true,"href":"https:\/\/ksproducts.ca\/fr\/wp-json\/wp\/v2\/media\/11960"}],"wp:attachment":[{"href":"https:\/\/ksproducts.ca\/fr\/wp-json\/wp\/v2\/media?parent=11959"}],"wp:term":[{"taxonomy":"product_cat","embeddable":true,"href":"https:\/\/ksproducts.ca\/fr\/wp-json\/wp\/v2\/product_cat?post=11959"},{"taxonomy":"product_tag","embeddable":true,"href":"https:\/\/ksproducts.ca\/fr\/wp-json\/wp\/v2\/product_tag?post=11959"}],"curies":[{"name":"wp","href":"https:\/\/api.w.org\/{rel}","templated":true}]}}