{"id":11971,"date":"2026-03-06T18:48:09","date_gmt":"2026-03-06T18:48:09","guid":{"rendered":"https:\/\/ksproducts.ca\/?post_type=product&#038;p=11971"},"modified":"2026-03-16T14:51:28","modified_gmt":"2026-03-16T14:51:28","slug":"sangle-a-cliquet-pour-chat-2-pieces-16-pieds-avec-crochets-enduits-de-caoutchouc-capacite-de-travail-1000lb","status":"publish","type":"product","link":"https:\/\/ksproducts.ca\/fr\/product\/cat-2-piece-16ft-ratchet-tie-down-with-rubber-coated-hooks-1000lb-work-capacity\/","title":{"rendered":"CAT 2-piece 16ft Ratchet Tie Down with Rubber Coated Hooks - 1,000lb Work Capacity"},"content":{"rendered":"<ul class=\"a-unordered-list a-vertical a-spacing-mini\">\n<li class=\"a-spacing-mini\"><span class=\"a-list-item\">TAILLE ET CAPACIT\u00c9 : 16 pieds de long x 1-1\/2 pouces de large ; 1 000 livres de r\u00e9sistance au travail ; 3 000 livres de r\u00e9sistance \u00e0 la rupture.<\/span><\/li>\n<li class=\"a-spacing-mini\"><span class=\"a-list-item\">PROT\u00c9GEZ VOS BIENS : Les crochets souples int\u00e9gr\u00e9s et les crochets recouverts de caoutchouc aident \u00e0 pr\u00e9venir les \u00e9raflures, les marques ou autres dommages \u00e0 la fois sur votre chargement et sur votre v\u00e9hicule.<\/span><\/li>\n<li class=\"a-spacing-mini\"><span class=\"a-list-item\">Polyvalence d'utilisations : Id\u00e9al pour d\u00e9placer des meubles, s\u00e9curiser des \u00e9quipements sportifs, des planches de surf, des v\u00e9los, des VTT, des motos, des tondeuses, du bois, des caisses, et plus encore<\/span><\/li>\n<li class=\"a-spacing-mini\"><span class=\"a-list-item\">CONFORTABLE : La poign\u00e9e \u00e0 cliquet surdimensionn\u00e9e gain\u00e9e de caoutchouc est ergonomique, confortable et offre une prise antid\u00e9rapante<\/span><\/li>\n<li class=\"a-spacing-mini\"><span class=\"a-list-item\">GARANTIE : Les sangles pour chats sont prot\u00e9g\u00e9es par une garantie de satisfaction 100%.<\/span><\/li>\n<\/ul>","protected":false},"excerpt":{"rendered":"<p>S\u00e9curisez votre chargement en toute s\u00e9curit\u00e9 et confortablement avec ces sangles \u00e0 cliquet de 16 pieds. Avec une r\u00e9sistance de 1 000 lb et des crochets recouverts de caoutchouc pour prot\u00e9ger les surfaces, elles sont parfaites pour d\u00e9placer des meubles, des \u00e9quipements sportifs, des v\u00e9hicules et bien plus encore.<\/p>","protected":false},"featured_media":11973,"comment_status":"open","ping_status":"closed","template":"","meta":[],"product_cat":[451],"product_tag":[],"class_list":{"0":"post-11971","1":"product","2":"type-product","3":"status-publish","4":"has-post-thumbnail","6":"product_cat-tools-equipment","7":"product_shipping_class-class-1","9":"first","10":"instock","11":"taxable","12":"shipping-taxable","13":"purchasable","14":"product-type-simple"},"yoast_head":"<!-- This site is optimized with the Yoast SEO plugin v27.3 - https:\/\/yoast.com\/product\/yoast-seo-wordpress\/ -->\n<title>CAT 2-piece 16ft Ratchet Tie Down with Rubber Coated Hooks - 1,000lb Work Capacity - Ks Products<\/title>\n<meta name=\"robots\" content=\"index, follow, max-snippet:-1, max-image-preview:large, max-video-preview:-1\" \/>\n<link rel=\"canonical\" href=\"https:\/\/ksproducts.ca\/fr\/product\/sangle-a-cliquet-pour-chat-2-pieces-16-pieds-avec-crochets-enduits-de-caoutchouc-capacite-de-travail-1000lb\/\" \/>\n<meta property=\"og:locale\" content=\"fr_CA\" \/>\n<meta property=\"og:type\" content=\"article\" \/>\n<meta property=\"og:title\" content=\"CAT 2-piece 16ft Ratchet Tie Down with Rubber Coated Hooks - 1,000lb Work Capacity - Ks Products\" \/>\n<meta property=\"og:description\" content=\"Secure your cargo safely and comfortably with these 16-foot ratchet straps. With a 1,000 lb working strength and rubber-coated hooks to protect surfaces, they\u2019re perfect for moving furniture, sports gear, vehicles, and more.\" \/>\n<meta property=\"og:url\" content=\"https:\/\/ksproducts.ca\/fr\/product\/sangle-a-cliquet-pour-chat-2-pieces-16-pieds-avec-crochets-enduits-de-caoutchouc-capacite-de-travail-1000lb\/\" \/>\n<meta property=\"og:site_name\" content=\"Ks Products\" \/>\n<meta property=\"article:modified_time\" content=\"2026-03-16T14:51:28+00:00\" \/>\n<meta property=\"og:image\" content=\"https:\/\/ksproducts.ca\/wp-content\/uploads\/2026\/03\/CAT-2-piece-16ft-Ratchet-Tie-Down-with-Rubber-Coated-Hooks-1000lb-Work-Capacity-1.jpg\" \/>\n\t<meta property=\"og:image:width\" content=\"700\" \/>\n\t<meta property=\"og:image:height\" content=\"700\" \/>\n\t<meta property=\"og:image:type\" content=\"image\/jpeg\" \/>\n<meta name=\"twitter:card\" content=\"summary_large_image\" \/>\n<meta name=\"twitter:label1\" content=\"Estimation du temps de lecture\" \/>\n\t<meta name=\"twitter:data1\" content=\"1 minute\" \/>\n<script type=\"application\/ld+json\" class=\"yoast-schema-graph\">{\"@context\":\"https:\\\/\\\/schema.org\",\"@graph\":[{\"@type\":\"WebPage\",\"@id\":\"https:\\\/\\\/ksproducts.ca\\\/product\\\/cat-2-piece-16ft-ratchet-tie-down-with-rubber-coated-hooks-1000lb-work-capacity\\\/\",\"url\":\"https:\\\/\\\/ksproducts.ca\\\/product\\\/cat-2-piece-16ft-ratchet-tie-down-with-rubber-coated-hooks-1000lb-work-capacity\\\/\",\"name\":\"CAT 2-piece 16ft Ratchet Tie Down with Rubber Coated Hooks - 1,000lb Work Capacity - Ks Products\",\"isPartOf\":{\"@id\":\"https:\\\/\\\/ksproducts.ca\\\/#website\"},\"primaryImageOfPage\":{\"@id\":\"https:\\\/\\\/ksproducts.ca\\\/product\\\/cat-2-piece-16ft-ratchet-tie-down-with-rubber-coated-hooks-1000lb-work-capacity\\\/#primaryimage\"},\"image\":{\"@id\":\"https:\\\/\\\/ksproducts.ca\\\/product\\\/cat-2-piece-16ft-ratchet-tie-down-with-rubber-coated-hooks-1000lb-work-capacity\\\/#primaryimage\"},\"thumbnailUrl\":\"https:\\\/\\\/ksproducts.ca\\\/wp-content\\\/uploads\\\/2026\\\/03\\\/CAT-2-piece-16ft-Ratchet-Tie-Down-with-Rubber-Coated-Hooks-1000lb-Work-Capacity-1.jpg\",\"datePublished\":\"2026-03-06T18:48:09+00:00\",\"dateModified\":\"2026-03-16T14:51:28+00:00\",\"breadcrumb\":{\"@id\":\"https:\\\/\\\/ksproducts.ca\\\/product\\\/cat-2-piece-16ft-ratchet-tie-down-with-rubber-coated-hooks-1000lb-work-capacity\\\/#breadcrumb\"},\"inLanguage\":\"fr-CA\",\"potentialAction\":[{\"@type\":\"ReadAction\",\"target\":[\"https:\\\/\\\/ksproducts.ca\\\/product\\\/cat-2-piece-16ft-ratchet-tie-down-with-rubber-coated-hooks-1000lb-work-capacity\\\/\"]}]},{\"@type\":\"ImageObject\",\"inLanguage\":\"fr-CA\",\"@id\":\"https:\\\/\\\/ksproducts.ca\\\/product\\\/cat-2-piece-16ft-ratchet-tie-down-with-rubber-coated-hooks-1000lb-work-capacity\\\/#primaryimage\",\"url\":\"https:\\\/\\\/ksproducts.ca\\\/wp-content\\\/uploads\\\/2026\\\/03\\\/CAT-2-piece-16ft-Ratchet-Tie-Down-with-Rubber-Coated-Hooks-1000lb-Work-Capacity-1.jpg\",\"contentUrl\":\"https:\\\/\\\/ksproducts.ca\\\/wp-content\\\/uploads\\\/2026\\\/03\\\/CAT-2-piece-16ft-Ratchet-Tie-Down-with-Rubber-Coated-Hooks-1000lb-Work-Capacity-1.jpg\",\"width\":700,\"height\":700,\"caption\":\"CAT 2 piece 16ft Ratchet Tie Down with Rubber Coated Hooks 1,000lb Work Capacity\"},{\"@type\":\"BreadcrumbList\",\"@id\":\"https:\\\/\\\/ksproducts.ca\\\/product\\\/cat-2-piece-16ft-ratchet-tie-down-with-rubber-coated-hooks-1000lb-work-capacity\\\/#breadcrumb\",\"itemListElement\":[{\"@type\":\"ListItem\",\"position\":1,\"name\":\"Home\",\"item\":\"https:\\\/\\\/ksproducts.ca\\\/\"},{\"@type\":\"ListItem\",\"position\":2,\"name\":\"Shop\",\"item\":\"https:\\\/\\\/ksproducts.ca\\\/shop\\\/\"},{\"@type\":\"ListItem\",\"position\":3,\"name\":\"CAT 2-piece 16ft Ratchet Tie Down with Rubber Coated Hooks &#8211; 1,000lb Work Capacity\"}]},{\"@type\":\"WebSite\",\"@id\":\"https:\\\/\\\/ksproducts.ca\\\/#website\",\"url\":\"https:\\\/\\\/ksproducts.ca\\\/\",\"name\":\"Ks Products\",\"description\":\"Outdoor cooking and living, made easy in Canada\",\"publisher\":{\"@id\":\"https:\\\/\\\/ksproducts.ca\\\/#organization\"},\"potentialAction\":[{\"@type\":\"SearchAction\",\"target\":{\"@type\":\"EntryPoint\",\"urlTemplate\":\"https:\\\/\\\/ksproducts.ca\\\/?s={search_term_string}\"},\"query-input\":{\"@type\":\"PropertyValueSpecification\",\"valueRequired\":true,\"valueName\":\"search_term_string\"}}],\"inLanguage\":\"fr-CA\"},{\"@type\":\"Organization\",\"@id\":\"https:\\\/\\\/ksproducts.ca\\\/#organization\",\"name\":\"Ks Products\",\"url\":\"https:\\\/\\\/ksproducts.ca\\\/\",\"logo\":{\"@type\":\"ImageObject\",\"inLanguage\":\"fr-CA\",\"@id\":\"https:\\\/\\\/ksproducts.ca\\\/#\\\/schema\\\/logo\\\/image\\\/\",\"url\":\"https:\\\/\\\/ksproducts.ca\\\/wp-content\\\/uploads\\\/2023\\\/09\\\/Kennedy-Sales-Logo-header-1.png\",\"contentUrl\":\"https:\\\/\\\/ksproducts.ca\\\/wp-content\\\/uploads\\\/2023\\\/09\\\/Kennedy-Sales-Logo-header-1.png\",\"width\":150,\"height\":77,\"caption\":\"Ks Products\"},\"image\":{\"@id\":\"https:\\\/\\\/ksproducts.ca\\\/#\\\/schema\\\/logo\\\/image\\\/\"}}]}<\/script>\n<!-- \/ Yoast SEO plugin. -->","yoast_head_json":{"title":"Kit de 2 sangles d'arrimage \u00e0 cliquet de 16 pieds avec crochets recouverts de caoutchouc CAT - Capacit\u00e9 de travail de 1 000 lb - Ks Products","robots":{"index":"index","follow":"follow","max-snippet":"max-snippet:-1","max-image-preview":"max-image-preview:large","max-video-preview":"max-video-preview:-1"},"canonical":"https:\/\/ksproducts.ca\/fr\/product\/sangle-a-cliquet-pour-chat-2-pieces-16-pieds-avec-crochets-enduits-de-caoutchouc-capacite-de-travail-1000lb\/","og_locale":"fr_CA","og_type":"article","og_title":"CAT 2-piece 16ft Ratchet Tie Down with Rubber Coated Hooks - 1,000lb Work Capacity - Ks Products","og_description":"Secure your cargo safely and comfortably with these 16-foot ratchet straps. With a 1,000 lb working strength and rubber-coated hooks to protect surfaces, they\u2019re perfect for moving furniture, sports gear, vehicles, and more.","og_url":"https:\/\/ksproducts.ca\/fr\/product\/sangle-a-cliquet-pour-chat-2-pieces-16-pieds-avec-crochets-enduits-de-caoutchouc-capacite-de-travail-1000lb\/","og_site_name":"Ks Products","article_modified_time":"2026-03-16T14:51:28+00:00","og_image":[{"width":700,"height":700,"url":"https:\/\/ksproducts.ca\/wp-content\/uploads\/2026\/03\/CAT-2-piece-16ft-Ratchet-Tie-Down-with-Rubber-Coated-Hooks-1000lb-Work-Capacity-1.jpg","type":"image\/jpeg"}],"twitter_card":"summary_large_image","twitter_misc":{"Estimation du temps de lecture":"1 minute"},"schema":{"@context":"https:\/\/schema.org","@graph":[{"@type":"WebPage","@id":"https:\/\/ksproducts.ca\/product\/cat-2-piece-16ft-ratchet-tie-down-with-rubber-coated-hooks-1000lb-work-capacity\/","url":"https:\/\/ksproducts.ca\/product\/cat-2-piece-16ft-ratchet-tie-down-with-rubber-coated-hooks-1000lb-work-capacity\/","name":"Kit de 2 sangles d'arrimage \u00e0 cliquet de 16 pieds avec crochets recouverts de caoutchouc CAT - Capacit\u00e9 de travail de 1 000 lb - Ks Products","isPartOf":{"@id":"https:\/\/ksproducts.ca\/#website"},"primaryImageOfPage":{"@id":"https:\/\/ksproducts.ca\/product\/cat-2-piece-16ft-ratchet-tie-down-with-rubber-coated-hooks-1000lb-work-capacity\/#primaryimage"},"image":{"@id":"https:\/\/ksproducts.ca\/product\/cat-2-piece-16ft-ratchet-tie-down-with-rubber-coated-hooks-1000lb-work-capacity\/#primaryimage"},"thumbnailUrl":"https:\/\/ksproducts.ca\/wp-content\/uploads\/2026\/03\/CAT-2-piece-16ft-Ratchet-Tie-Down-with-Rubber-Coated-Hooks-1000lb-Work-Capacity-1.jpg","datePublished":"2026-03-06T18:48:09+00:00","dateModified":"2026-03-16T14:51:28+00:00","breadcrumb":{"@id":"https:\/\/ksproducts.ca\/product\/cat-2-piece-16ft-ratchet-tie-down-with-rubber-coated-hooks-1000lb-work-capacity\/#breadcrumb"},"inLanguage":"fr-CA","potentialAction":[{"@type":"ReadAction","target":["https:\/\/ksproducts.ca\/product\/cat-2-piece-16ft-ratchet-tie-down-with-rubber-coated-hooks-1000lb-work-capacity\/"]}]},{"@type":"ImageObject","inLanguage":"fr-CA","@id":"https:\/\/ksproducts.ca\/product\/cat-2-piece-16ft-ratchet-tie-down-with-rubber-coated-hooks-1000lb-work-capacity\/#primaryimage","url":"https:\/\/ksproducts.ca\/wp-content\/uploads\/2026\/03\/CAT-2-piece-16ft-Ratchet-Tie-Down-with-Rubber-Coated-Hooks-1000lb-Work-Capacity-1.jpg","contentUrl":"https:\/\/ksproducts.ca\/wp-content\/uploads\/2026\/03\/CAT-2-piece-16ft-Ratchet-Tie-Down-with-Rubber-Coated-Hooks-1000lb-Work-Capacity-1.jpg","width":700,"height":700,"caption":"CAT 2 piece 16ft Ratchet Tie Down with Rubber Coated Hooks 1,000lb Work Capacity"},{"@type":"BreadcrumbList","@id":"https:\/\/ksproducts.ca\/product\/cat-2-piece-16ft-ratchet-tie-down-with-rubber-coated-hooks-1000lb-work-capacity\/#breadcrumb","itemListElement":[{"@type":"ListItem","position":1,"name":"Home","item":"https:\/\/ksproducts.ca\/"},{"@type":"ListItem","position":2,"name":"Shop","item":"https:\/\/ksproducts.ca\/shop\/"},{"@type":"ListItem","position":3,"name":"CAT 2-piece 16ft Ratchet Tie Down with Rubber Coated Hooks &#8211; 1,000lb Work Capacity"}]},{"@type":"WebSite","@id":"https:\/\/ksproducts.ca\/#website","url":"https:\/\/ksproducts.ca\/","name":"Produits Ks","description":"Cuisiner et vivre en plein air, c'est facile au Canada","publisher":{"@id":"https:\/\/ksproducts.ca\/#organization"},"potentialAction":[{"@type":"SearchAction","target":{"@type":"EntryPoint","urlTemplate":"https:\/\/ksproducts.ca\/?s={search_term_string}"},"query-input":{"@type":"PropertyValueSpecification","valueRequired":true,"valueName":"search_term_string"}}],"inLanguage":"fr-CA"},{"@type":"Organization","@id":"https:\/\/ksproducts.ca\/#organization","name":"Produits Ks","url":"https:\/\/ksproducts.ca\/","logo":{"@type":"ImageObject","inLanguage":"fr-CA","@id":"https:\/\/ksproducts.ca\/#\/schema\/logo\/image\/","url":"https:\/\/ksproducts.ca\/wp-content\/uploads\/2023\/09\/Kennedy-Sales-Logo-header-1.png","contentUrl":"https:\/\/ksproducts.ca\/wp-content\/uploads\/2023\/09\/Kennedy-Sales-Logo-header-1.png","width":150,"height":77,"caption":"Ks Products"},"image":{"@id":"https:\/\/ksproducts.ca\/#\/schema\/logo\/image\/"}}]}},"_links":{"self":[{"href":"https:\/\/ksproducts.ca\/fr\/wp-json\/wp\/v2\/product\/11971","targetHints":{"allow":["GET"]}}],"collection":[{"href":"https:\/\/ksproducts.ca\/fr\/wp-json\/wp\/v2\/product"}],"about":[{"href":"https:\/\/ksproducts.ca\/fr\/wp-json\/wp\/v2\/types\/product"}],"replies":[{"embeddable":true,"href":"https:\/\/ksproducts.ca\/fr\/wp-json\/wp\/v2\/comments?post=11971"}],"version-history":[{"count":1,"href":"https:\/\/ksproducts.ca\/fr\/wp-json\/wp\/v2\/product\/11971\/revisions"}],"predecessor-version":[{"id":11974,"href":"https:\/\/ksproducts.ca\/fr\/wp-json\/wp\/v2\/product\/11971\/revisions\/11974"}],"wp:featuredmedia":[{"embeddable":true,"href":"https:\/\/ksproducts.ca\/fr\/wp-json\/wp\/v2\/media\/11973"}],"wp:attachment":[{"href":"https:\/\/ksproducts.ca\/fr\/wp-json\/wp\/v2\/media?parent=11971"}],"wp:term":[{"taxonomy":"product_cat","embeddable":true,"href":"https:\/\/ksproducts.ca\/fr\/wp-json\/wp\/v2\/product_cat?post=11971"},{"taxonomy":"product_tag","embeddable":true,"href":"https:\/\/ksproducts.ca\/fr\/wp-json\/wp\/v2\/product_tag?post=11971"}],"curies":[{"name":"wp","href":"https:\/\/api.w.org\/{rel}","templated":true}]}}