{"id":11975,"date":"2026-03-06T18:51:55","date_gmt":"2026-03-06T18:51:55","guid":{"rendered":"https:\/\/ksproducts.ca\/?post_type=product&#038;p=11975"},"modified":"2026-03-16T14:52:03","modified_gmt":"2026-03-16T14:52:03","slug":"cat-2-piece-12ft-cam-tie-down-with-rubber-coated-hooks-500lb-work-capacity","status":"publish","type":"product","link":"https:\/\/ksproducts.ca\/fr\/product\/cat-2-piece-12ft-cam-tie-down-with-rubber-coated-hooks-500lb-work-capacity\/","title":{"rendered":"CAT 2-piece 12ft Cam Tie Down with Rubber Coated Hooks - 500lb Work Capacity"},"content":{"rendered":"<ul>\n<li>Des crochets souples int\u00e9gr\u00e9s et des crochets recouverts de caoutchouc aident \u00e0 pr\u00e9venir les ray<\/li>\n<li>Parfait pour d\u00e9placer des meubles et pour s\u00e9curiser des \u00e9quipements de sport, des planches de surf, des v\u00e9los, des VTT, des motos, des tondeuses, du bois de construction ou des caisses<\/li>\n<li>Poign\u00e9e souple en caoutchouc pour un confort accru<\/li>\n<\/ul>","protected":false},"excerpt":{"rendered":"<p>Cet ensemble comprend des sangles larges d'une r\u00e9sistance de 500 lb et d'une r\u00e9sistance \u00e0 la rupture de 1500 lb. Elles sont con\u00e7ues et fabriqu\u00e9es pour r\u00e9pondre aux t\u00e2ches et aux conditions les plus exigeantes. Non seulement elles sont esth\u00e9tiques, mais ces sangles offrent r\u00e9sistance, performance et commodit\u00e9. Toutes les sangles d'arrimage CAT sont fabriqu\u00e9es avec des mat\u00e9riaux et une construction de premi\u00e8re qualit\u00e9 pour offrir des performances constantes. Les sangles CAT sont l\u00e0 pour vous quand vous en avez besoin, con\u00e7ues pour une large gamme d'applications au travail, dans les loisirs et partout ailleurs.<\/p>","protected":false},"featured_media":11976,"comment_status":"open","ping_status":"closed","template":"","meta":[],"product_cat":[451],"product_tag":[],"class_list":{"0":"post-11975","1":"product","2":"type-product","3":"status-publish","4":"has-post-thumbnail","6":"product_cat-tools-equipment","7":"product_shipping_class-class-1","9":"first","10":"instock","11":"taxable","12":"shipping-taxable","13":"purchasable","14":"product-type-simple"},"yoast_head":"<!-- This site is optimized with the Yoast SEO plugin v27.3 - https:\/\/yoast.com\/product\/yoast-seo-wordpress\/ -->\n<title>CAT 2-piece 12ft Cam Tie Down with Rubber Coated Hooks - 500lb Work Capacity - Ks Products<\/title>\n<meta name=\"robots\" content=\"index, follow, max-snippet:-1, max-image-preview:large, max-video-preview:-1\" \/>\n<link rel=\"canonical\" href=\"https:\/\/ksproducts.ca\/fr\/product\/cat-2-piece-12ft-cam-tie-down-with-rubber-coated-hooks-500lb-work-capacity\/\" \/>\n<meta property=\"og:locale\" content=\"fr_CA\" \/>\n<meta property=\"og:type\" content=\"article\" \/>\n<meta property=\"og:title\" content=\"CAT 2-piece 12ft Cam Tie Down with Rubber Coated Hooks - 500lb Work Capacity - Ks Products\" \/>\n<meta property=\"og:description\" content=\"This set features wide straps with 500-lb working strength and 1500-lb breaking strength. It is designed and built to perform in the most demanding tasks and conditions. Not only do they look good, but these straps offer strength, performance, and convenience. All CAT tie downs feature premium materials and construction to deliver consistent performance. CAT straps are there for you when you need them, purpose-built for a wide range of applications at work, at play and everywhere in between.\" \/>\n<meta property=\"og:url\" content=\"https:\/\/ksproducts.ca\/fr\/product\/cat-2-piece-12ft-cam-tie-down-with-rubber-coated-hooks-500lb-work-capacity\/\" \/>\n<meta property=\"og:site_name\" content=\"Ks Products\" \/>\n<meta property=\"article:modified_time\" content=\"2026-03-16T14:52:03+00:00\" \/>\n<meta property=\"og:image\" content=\"https:\/\/ksproducts.ca\/wp-content\/uploads\/2026\/03\/CAT-2-piece-12ft-Cam-Tie-Down-with-Rubber-Coated-Hooks-500lb-Work-Capacity.jpg\" \/>\n\t<meta property=\"og:image:width\" content=\"600\" \/>\n\t<meta property=\"og:image:height\" content=\"600\" \/>\n\t<meta property=\"og:image:type\" content=\"image\/jpeg\" \/>\n<meta name=\"twitter:card\" content=\"summary_large_image\" \/>\n<meta name=\"twitter:label1\" content=\"Estimation du temps de lecture\" \/>\n\t<meta name=\"twitter:data1\" content=\"1 minute\" \/>\n<script type=\"application\/ld+json\" class=\"yoast-schema-graph\">{\"@context\":\"https:\\\/\\\/schema.org\",\"@graph\":[{\"@type\":\"WebPage\",\"@id\":\"https:\\\/\\\/ksproducts.ca\\\/product\\\/cat-2-piece-12ft-cam-tie-down-with-rubber-coated-hooks-500lb-work-capacity\\\/\",\"url\":\"https:\\\/\\\/ksproducts.ca\\\/product\\\/cat-2-piece-12ft-cam-tie-down-with-rubber-coated-hooks-500lb-work-capacity\\\/\",\"name\":\"CAT 2-piece 12ft Cam Tie Down with Rubber Coated Hooks - 500lb Work Capacity - Ks Products\",\"isPartOf\":{\"@id\":\"https:\\\/\\\/ksproducts.ca\\\/#website\"},\"primaryImageOfPage\":{\"@id\":\"https:\\\/\\\/ksproducts.ca\\\/product\\\/cat-2-piece-12ft-cam-tie-down-with-rubber-coated-hooks-500lb-work-capacity\\\/#primaryimage\"},\"image\":{\"@id\":\"https:\\\/\\\/ksproducts.ca\\\/product\\\/cat-2-piece-12ft-cam-tie-down-with-rubber-coated-hooks-500lb-work-capacity\\\/#primaryimage\"},\"thumbnailUrl\":\"https:\\\/\\\/ksproducts.ca\\\/wp-content\\\/uploads\\\/2026\\\/03\\\/CAT-2-piece-12ft-Cam-Tie-Down-with-Rubber-Coated-Hooks-500lb-Work-Capacity.jpg\",\"datePublished\":\"2026-03-06T18:51:55+00:00\",\"dateModified\":\"2026-03-16T14:52:03+00:00\",\"breadcrumb\":{\"@id\":\"https:\\\/\\\/ksproducts.ca\\\/product\\\/cat-2-piece-12ft-cam-tie-down-with-rubber-coated-hooks-500lb-work-capacity\\\/#breadcrumb\"},\"inLanguage\":\"fr-CA\",\"potentialAction\":[{\"@type\":\"ReadAction\",\"target\":[\"https:\\\/\\\/ksproducts.ca\\\/product\\\/cat-2-piece-12ft-cam-tie-down-with-rubber-coated-hooks-500lb-work-capacity\\\/\"]}]},{\"@type\":\"ImageObject\",\"inLanguage\":\"fr-CA\",\"@id\":\"https:\\\/\\\/ksproducts.ca\\\/product\\\/cat-2-piece-12ft-cam-tie-down-with-rubber-coated-hooks-500lb-work-capacity\\\/#primaryimage\",\"url\":\"https:\\\/\\\/ksproducts.ca\\\/wp-content\\\/uploads\\\/2026\\\/03\\\/CAT-2-piece-12ft-Cam-Tie-Down-with-Rubber-Coated-Hooks-500lb-Work-Capacity.jpg\",\"contentUrl\":\"https:\\\/\\\/ksproducts.ca\\\/wp-content\\\/uploads\\\/2026\\\/03\\\/CAT-2-piece-12ft-Cam-Tie-Down-with-Rubber-Coated-Hooks-500lb-Work-Capacity.jpg\",\"width\":600,\"height\":600,\"caption\":\"CAT 2 piece 12ft Cam Tie Down with Rubber Coated Hooks 500lb Work Capacity\"},{\"@type\":\"BreadcrumbList\",\"@id\":\"https:\\\/\\\/ksproducts.ca\\\/product\\\/cat-2-piece-12ft-cam-tie-down-with-rubber-coated-hooks-500lb-work-capacity\\\/#breadcrumb\",\"itemListElement\":[{\"@type\":\"ListItem\",\"position\":1,\"name\":\"Home\",\"item\":\"https:\\\/\\\/ksproducts.ca\\\/\"},{\"@type\":\"ListItem\",\"position\":2,\"name\":\"Shop\",\"item\":\"https:\\\/\\\/ksproducts.ca\\\/shop\\\/\"},{\"@type\":\"ListItem\",\"position\":3,\"name\":\"CAT 2-piece 12ft Cam Tie Down with Rubber Coated Hooks &#8211; 500lb Work Capacity\"}]},{\"@type\":\"WebSite\",\"@id\":\"https:\\\/\\\/ksproducts.ca\\\/#website\",\"url\":\"https:\\\/\\\/ksproducts.ca\\\/\",\"name\":\"Ks Products\",\"description\":\"Outdoor cooking and living, made easy in Canada\",\"publisher\":{\"@id\":\"https:\\\/\\\/ksproducts.ca\\\/#organization\"},\"potentialAction\":[{\"@type\":\"SearchAction\",\"target\":{\"@type\":\"EntryPoint\",\"urlTemplate\":\"https:\\\/\\\/ksproducts.ca\\\/?s={search_term_string}\"},\"query-input\":{\"@type\":\"PropertyValueSpecification\",\"valueRequired\":true,\"valueName\":\"search_term_string\"}}],\"inLanguage\":\"fr-CA\"},{\"@type\":\"Organization\",\"@id\":\"https:\\\/\\\/ksproducts.ca\\\/#organization\",\"name\":\"Ks Products\",\"url\":\"https:\\\/\\\/ksproducts.ca\\\/\",\"logo\":{\"@type\":\"ImageObject\",\"inLanguage\":\"fr-CA\",\"@id\":\"https:\\\/\\\/ksproducts.ca\\\/#\\\/schema\\\/logo\\\/image\\\/\",\"url\":\"https:\\\/\\\/ksproducts.ca\\\/wp-content\\\/uploads\\\/2023\\\/09\\\/Kennedy-Sales-Logo-header-1.png\",\"contentUrl\":\"https:\\\/\\\/ksproducts.ca\\\/wp-content\\\/uploads\\\/2023\\\/09\\\/Kennedy-Sales-Logo-header-1.png\",\"width\":150,\"height\":77,\"caption\":\"Ks Products\"},\"image\":{\"@id\":\"https:\\\/\\\/ksproducts.ca\\\/#\\\/schema\\\/logo\\\/image\\\/\"}}]}<\/script>\n<!-- \/ Yoast SEO plugin. -->","yoast_head_json":{"title":"CAT 2-piece 12ft Cam Tie Down with Rubber Coated Hooks - 500lb Work Capacity - Ks Products","robots":{"index":"index","follow":"follow","max-snippet":"max-snippet:-1","max-image-preview":"max-image-preview:large","max-video-preview":"max-video-preview:-1"},"canonical":"https:\/\/ksproducts.ca\/fr\/product\/cat-2-piece-12ft-cam-tie-down-with-rubber-coated-hooks-500lb-work-capacity\/","og_locale":"fr_CA","og_type":"article","og_title":"CAT 2-piece 12ft Cam Tie Down with Rubber Coated Hooks - 500lb Work Capacity - Ks Products","og_description":"This set features wide straps with 500-lb working strength and 1500-lb breaking strength. It is designed and built to perform in the most demanding tasks and conditions. Not only do they look good, but these straps offer strength, performance, and convenience. All CAT tie downs feature premium materials and construction to deliver consistent performance. CAT straps are there for you when you need them, purpose-built for a wide range of applications at work, at play and everywhere in between.","og_url":"https:\/\/ksproducts.ca\/fr\/product\/cat-2-piece-12ft-cam-tie-down-with-rubber-coated-hooks-500lb-work-capacity\/","og_site_name":"Ks Products","article_modified_time":"2026-03-16T14:52:03+00:00","og_image":[{"width":600,"height":600,"url":"https:\/\/ksproducts.ca\/wp-content\/uploads\/2026\/03\/CAT-2-piece-12ft-Cam-Tie-Down-with-Rubber-Coated-Hooks-500lb-Work-Capacity.jpg","type":"image\/jpeg"}],"twitter_card":"summary_large_image","twitter_misc":{"Estimation du temps de lecture":"1 minute"},"schema":{"@context":"https:\/\/schema.org","@graph":[{"@type":"WebPage","@id":"https:\/\/ksproducts.ca\/product\/cat-2-piece-12ft-cam-tie-down-with-rubber-coated-hooks-500lb-work-capacity\/","url":"https:\/\/ksproducts.ca\/product\/cat-2-piece-12ft-cam-tie-down-with-rubber-coated-hooks-500lb-work-capacity\/","name":"CAT 2-piece 12ft Cam Tie Down with Rubber Coated Hooks - 500lb Work Capacity - Ks Products","isPartOf":{"@id":"https:\/\/ksproducts.ca\/#website"},"primaryImageOfPage":{"@id":"https:\/\/ksproducts.ca\/product\/cat-2-piece-12ft-cam-tie-down-with-rubber-coated-hooks-500lb-work-capacity\/#primaryimage"},"image":{"@id":"https:\/\/ksproducts.ca\/product\/cat-2-piece-12ft-cam-tie-down-with-rubber-coated-hooks-500lb-work-capacity\/#primaryimage"},"thumbnailUrl":"https:\/\/ksproducts.ca\/wp-content\/uploads\/2026\/03\/CAT-2-piece-12ft-Cam-Tie-Down-with-Rubber-Coated-Hooks-500lb-Work-Capacity.jpg","datePublished":"2026-03-06T18:51:55+00:00","dateModified":"2026-03-16T14:52:03+00:00","breadcrumb":{"@id":"https:\/\/ksproducts.ca\/product\/cat-2-piece-12ft-cam-tie-down-with-rubber-coated-hooks-500lb-work-capacity\/#breadcrumb"},"inLanguage":"fr-CA","potentialAction":[{"@type":"ReadAction","target":["https:\/\/ksproducts.ca\/product\/cat-2-piece-12ft-cam-tie-down-with-rubber-coated-hooks-500lb-work-capacity\/"]}]},{"@type":"ImageObject","inLanguage":"fr-CA","@id":"https:\/\/ksproducts.ca\/product\/cat-2-piece-12ft-cam-tie-down-with-rubber-coated-hooks-500lb-work-capacity\/#primaryimage","url":"https:\/\/ksproducts.ca\/wp-content\/uploads\/2026\/03\/CAT-2-piece-12ft-Cam-Tie-Down-with-Rubber-Coated-Hooks-500lb-Work-Capacity.jpg","contentUrl":"https:\/\/ksproducts.ca\/wp-content\/uploads\/2026\/03\/CAT-2-piece-12ft-Cam-Tie-Down-with-Rubber-Coated-Hooks-500lb-Work-Capacity.jpg","width":600,"height":600,"caption":"CAT 2 piece 12ft Cam Tie Down with Rubber Coated Hooks 500lb Work Capacity"},{"@type":"BreadcrumbList","@id":"https:\/\/ksproducts.ca\/product\/cat-2-piece-12ft-cam-tie-down-with-rubber-coated-hooks-500lb-work-capacity\/#breadcrumb","itemListElement":[{"@type":"ListItem","position":1,"name":"Home","item":"https:\/\/ksproducts.ca\/"},{"@type":"ListItem","position":2,"name":"Shop","item":"https:\/\/ksproducts.ca\/shop\/"},{"@type":"ListItem","position":3,"name":"CAT 2-piece 12ft Cam Tie Down with Rubber Coated Hooks &#8211; 500lb Work Capacity"}]},{"@type":"WebSite","@id":"https:\/\/ksproducts.ca\/#website","url":"https:\/\/ksproducts.ca\/","name":"Produits Ks","description":"Cuisiner et vivre en plein air, c'est facile au Canada","publisher":{"@id":"https:\/\/ksproducts.ca\/#organization"},"potentialAction":[{"@type":"SearchAction","target":{"@type":"EntryPoint","urlTemplate":"https:\/\/ksproducts.ca\/?s={search_term_string}"},"query-input":{"@type":"PropertyValueSpecification","valueRequired":true,"valueName":"search_term_string"}}],"inLanguage":"fr-CA"},{"@type":"Organization","@id":"https:\/\/ksproducts.ca\/#organization","name":"Produits Ks","url":"https:\/\/ksproducts.ca\/","logo":{"@type":"ImageObject","inLanguage":"fr-CA","@id":"https:\/\/ksproducts.ca\/#\/schema\/logo\/image\/","url":"https:\/\/ksproducts.ca\/wp-content\/uploads\/2023\/09\/Kennedy-Sales-Logo-header-1.png","contentUrl":"https:\/\/ksproducts.ca\/wp-content\/uploads\/2023\/09\/Kennedy-Sales-Logo-header-1.png","width":150,"height":77,"caption":"Ks Products"},"image":{"@id":"https:\/\/ksproducts.ca\/#\/schema\/logo\/image\/"}}]}},"_links":{"self":[{"href":"https:\/\/ksproducts.ca\/fr\/wp-json\/wp\/v2\/product\/11975","targetHints":{"allow":["GET"]}}],"collection":[{"href":"https:\/\/ksproducts.ca\/fr\/wp-json\/wp\/v2\/product"}],"about":[{"href":"https:\/\/ksproducts.ca\/fr\/wp-json\/wp\/v2\/types\/product"}],"replies":[{"embeddable":true,"href":"https:\/\/ksproducts.ca\/fr\/wp-json\/wp\/v2\/comments?post=11975"}],"version-history":[{"count":1,"href":"https:\/\/ksproducts.ca\/fr\/wp-json\/wp\/v2\/product\/11975\/revisions"}],"predecessor-version":[{"id":11977,"href":"https:\/\/ksproducts.ca\/fr\/wp-json\/wp\/v2\/product\/11975\/revisions\/11977"}],"wp:featuredmedia":[{"embeddable":true,"href":"https:\/\/ksproducts.ca\/fr\/wp-json\/wp\/v2\/media\/11976"}],"wp:attachment":[{"href":"https:\/\/ksproducts.ca\/fr\/wp-json\/wp\/v2\/media?parent=11975"}],"wp:term":[{"taxonomy":"product_cat","embeddable":true,"href":"https:\/\/ksproducts.ca\/fr\/wp-json\/wp\/v2\/product_cat?post=11975"},{"taxonomy":"product_tag","embeddable":true,"href":"https:\/\/ksproducts.ca\/fr\/wp-json\/wp\/v2\/product_tag?post=11975"}],"curies":[{"name":"wp","href":"https:\/\/api.w.org\/{rel}","templated":true}]}}