{"id":11978,"date":"2026-03-06T19:01:36","date_gmt":"2026-03-06T19:01:36","guid":{"rendered":"https:\/\/ksproducts.ca\/?post_type=product&#038;p=11978"},"modified":"2026-03-16T14:52:40","modified_gmt":"2026-03-16T14:52:40","slug":"cat-4-piece-12ft-ratchet-tie-down-set-with-rubber-coated-hooks-1000lb-work-capacity","status":"publish","type":"product","link":"https:\/\/ksproducts.ca\/fr\/product\/cat-4-piece-12ft-ratchet-tie-down-set-with-rubber-coated-hooks-1000lb-work-capacity\/","title":{"rendered":"CAT 4-piece 12ft Ratchet Tie Down Set with Rubber-Coated Hooks - 1,000lb Work Capacity"},"content":{"rendered":"<ul>\n<li>Secure your precious cargo and travel with peace of mind &#8211; Cat\u00ae tie-down straps are Built for It\u2122<\/li>\n<li>Heavy-duty construction &#8211; 1000 lb. working strength and 3,000 lb. breaking strength<\/li>\n<li>Strong 1-1\/4\u201d wide x 12 foot high visibility yellow polyester straps<\/li>\n<li>Double J-hooks won&#8217;t bend and are rubber-coated to protect cargo and vehicles<\/li>\n<li>Comfortable oversized molded ratchet handles won&#8217;t fall off<\/li>\n<\/ul>","protected":false},"excerpt":{"rendered":"<p>Utilisez cet ensemble de 4 pi\u00e8ces de sangles \u00e0 cliquet de 1-1\/4 pouces x 12 pieds pour s\u00e9curiser les motos de cross, les VTT, les cargaisons et plus encore. Chaque sangle jaune haute visibilit\u00e9 offre une capacit\u00e9 de travail de 1000 lb, avec des crochets en J doubles recouverts de caoutchouc et des couvercles en caoutchouc moul\u00e9 sur les leviers \u00e0 cliquet pour une meilleure adh\u00e9rence et un plus grand confort.<\/p>","protected":false},"featured_media":11979,"comment_status":"open","ping_status":"closed","template":"","meta":[],"product_cat":[451],"product_tag":[],"class_list":{"0":"post-11978","1":"product","2":"type-product","3":"status-publish","4":"has-post-thumbnail","6":"product_cat-tools-equipment","7":"product_shipping_class-class-1","9":"first","10":"instock","11":"taxable","12":"shipping-taxable","13":"purchasable","14":"product-type-simple"},"yoast_head":"<!-- This site is optimized with the Yoast SEO plugin v27.3 - https:\/\/yoast.com\/product\/yoast-seo-wordpress\/ -->\n<title>CAT 4-piece 12ft Ratchet Tie Down Set with Rubber-Coated Hooks - 1,000lb Work Capacity - Ks Products<\/title>\n<meta name=\"robots\" content=\"index, follow, max-snippet:-1, max-image-preview:large, max-video-preview:-1\" \/>\n<link rel=\"canonical\" href=\"https:\/\/ksproducts.ca\/fr\/product\/cat-4-piece-12ft-ratchet-tie-down-set-with-rubber-coated-hooks-1000lb-work-capacity\/\" \/>\n<meta property=\"og:locale\" content=\"fr_CA\" \/>\n<meta property=\"og:type\" content=\"article\" \/>\n<meta property=\"og:title\" content=\"CAT 4-piece 12ft Ratchet Tie Down Set with Rubber-Coated Hooks - 1,000lb Work Capacity - Ks Products\" \/>\n<meta property=\"og:description\" content=\"Use this 4 piece set of 1-1\/4 inch x 12 foot ratcheting straps to secure dirt bikes, ATVs, cargo and more. Each high visibility yellow strap offers 1000 lb. working capacity, with rubber coated double J-hooks and molded rubber covers on the ratchet levers for added grip and comfort.\" \/>\n<meta property=\"og:url\" content=\"https:\/\/ksproducts.ca\/fr\/product\/cat-4-piece-12ft-ratchet-tie-down-set-with-rubber-coated-hooks-1000lb-work-capacity\/\" \/>\n<meta property=\"og:site_name\" content=\"Ks Products\" \/>\n<meta property=\"article:modified_time\" content=\"2026-03-16T14:52:40+00:00\" \/>\n<meta property=\"og:image\" content=\"https:\/\/ksproducts.ca\/wp-content\/uploads\/2026\/03\/CAT-4-piece-12ft-Ratchet-Tie-Down-Set-with-Rubber-Coated-Hooks-1000lb-Work-Capacity.webp\" \/>\n\t<meta property=\"og:image:width\" content=\"540\" \/>\n\t<meta property=\"og:image:height\" content=\"540\" \/>\n\t<meta property=\"og:image:type\" content=\"image\/webp\" \/>\n<meta name=\"twitter:card\" content=\"summary_large_image\" \/>\n<meta name=\"twitter:label1\" content=\"Estimation du temps de lecture\" \/>\n\t<meta name=\"twitter:data1\" content=\"1 minute\" \/>\n<script type=\"application\/ld+json\" class=\"yoast-schema-graph\">{\"@context\":\"https:\\\/\\\/schema.org\",\"@graph\":[{\"@type\":\"WebPage\",\"@id\":\"https:\\\/\\\/ksproducts.ca\\\/product\\\/cat-4-piece-12ft-ratchet-tie-down-set-with-rubber-coated-hooks-1000lb-work-capacity\\\/\",\"url\":\"https:\\\/\\\/ksproducts.ca\\\/product\\\/cat-4-piece-12ft-ratchet-tie-down-set-with-rubber-coated-hooks-1000lb-work-capacity\\\/\",\"name\":\"CAT 4-piece 12ft Ratchet Tie Down Set with Rubber-Coated Hooks - 1,000lb Work Capacity - Ks Products\",\"isPartOf\":{\"@id\":\"https:\\\/\\\/ksproducts.ca\\\/#website\"},\"primaryImageOfPage\":{\"@id\":\"https:\\\/\\\/ksproducts.ca\\\/product\\\/cat-4-piece-12ft-ratchet-tie-down-set-with-rubber-coated-hooks-1000lb-work-capacity\\\/#primaryimage\"},\"image\":{\"@id\":\"https:\\\/\\\/ksproducts.ca\\\/product\\\/cat-4-piece-12ft-ratchet-tie-down-set-with-rubber-coated-hooks-1000lb-work-capacity\\\/#primaryimage\"},\"thumbnailUrl\":\"https:\\\/\\\/ksproducts.ca\\\/wp-content\\\/uploads\\\/2026\\\/03\\\/CAT-4-piece-12ft-Ratchet-Tie-Down-Set-with-Rubber-Coated-Hooks-1000lb-Work-Capacity.webp\",\"datePublished\":\"2026-03-06T19:01:36+00:00\",\"dateModified\":\"2026-03-16T14:52:40+00:00\",\"breadcrumb\":{\"@id\":\"https:\\\/\\\/ksproducts.ca\\\/product\\\/cat-4-piece-12ft-ratchet-tie-down-set-with-rubber-coated-hooks-1000lb-work-capacity\\\/#breadcrumb\"},\"inLanguage\":\"fr-CA\",\"potentialAction\":[{\"@type\":\"ReadAction\",\"target\":[\"https:\\\/\\\/ksproducts.ca\\\/product\\\/cat-4-piece-12ft-ratchet-tie-down-set-with-rubber-coated-hooks-1000lb-work-capacity\\\/\"]}]},{\"@type\":\"ImageObject\",\"inLanguage\":\"fr-CA\",\"@id\":\"https:\\\/\\\/ksproducts.ca\\\/product\\\/cat-4-piece-12ft-ratchet-tie-down-set-with-rubber-coated-hooks-1000lb-work-capacity\\\/#primaryimage\",\"url\":\"https:\\\/\\\/ksproducts.ca\\\/wp-content\\\/uploads\\\/2026\\\/03\\\/CAT-4-piece-12ft-Ratchet-Tie-Down-Set-with-Rubber-Coated-Hooks-1000lb-Work-Capacity.webp\",\"contentUrl\":\"https:\\\/\\\/ksproducts.ca\\\/wp-content\\\/uploads\\\/2026\\\/03\\\/CAT-4-piece-12ft-Ratchet-Tie-Down-Set-with-Rubber-Coated-Hooks-1000lb-Work-Capacity.webp\",\"width\":540,\"height\":540,\"caption\":\"CAT 4 piece 12ft Ratchet Tie Down Set with Rubber Coated Hooks 1,000lb Work Capacity\"},{\"@type\":\"BreadcrumbList\",\"@id\":\"https:\\\/\\\/ksproducts.ca\\\/product\\\/cat-4-piece-12ft-ratchet-tie-down-set-with-rubber-coated-hooks-1000lb-work-capacity\\\/#breadcrumb\",\"itemListElement\":[{\"@type\":\"ListItem\",\"position\":1,\"name\":\"Home\",\"item\":\"https:\\\/\\\/ksproducts.ca\\\/\"},{\"@type\":\"ListItem\",\"position\":2,\"name\":\"Shop\",\"item\":\"https:\\\/\\\/ksproducts.ca\\\/shop\\\/\"},{\"@type\":\"ListItem\",\"position\":3,\"name\":\"CAT 4-piece 12ft Ratchet Tie Down Set with Rubber-Coated Hooks &#8211; 1,000lb Work Capacity\"}]},{\"@type\":\"WebSite\",\"@id\":\"https:\\\/\\\/ksproducts.ca\\\/#website\",\"url\":\"https:\\\/\\\/ksproducts.ca\\\/\",\"name\":\"Ks Products\",\"description\":\"Outdoor cooking and living, made easy in Canada\",\"publisher\":{\"@id\":\"https:\\\/\\\/ksproducts.ca\\\/#organization\"},\"potentialAction\":[{\"@type\":\"SearchAction\",\"target\":{\"@type\":\"EntryPoint\",\"urlTemplate\":\"https:\\\/\\\/ksproducts.ca\\\/?s={search_term_string}\"},\"query-input\":{\"@type\":\"PropertyValueSpecification\",\"valueRequired\":true,\"valueName\":\"search_term_string\"}}],\"inLanguage\":\"fr-CA\"},{\"@type\":\"Organization\",\"@id\":\"https:\\\/\\\/ksproducts.ca\\\/#organization\",\"name\":\"Ks Products\",\"url\":\"https:\\\/\\\/ksproducts.ca\\\/\",\"logo\":{\"@type\":\"ImageObject\",\"inLanguage\":\"fr-CA\",\"@id\":\"https:\\\/\\\/ksproducts.ca\\\/#\\\/schema\\\/logo\\\/image\\\/\",\"url\":\"https:\\\/\\\/ksproducts.ca\\\/wp-content\\\/uploads\\\/2023\\\/09\\\/Kennedy-Sales-Logo-header-1.png\",\"contentUrl\":\"https:\\\/\\\/ksproducts.ca\\\/wp-content\\\/uploads\\\/2023\\\/09\\\/Kennedy-Sales-Logo-header-1.png\",\"width\":150,\"height\":77,\"caption\":\"Ks Products\"},\"image\":{\"@id\":\"https:\\\/\\\/ksproducts.ca\\\/#\\\/schema\\\/logo\\\/image\\\/\"}}]}<\/script>\n<!-- \/ Yoast SEO plugin. -->","yoast_head_json":{"title":"CAT 4-piece 12ft Ratchet Tie Down Set with Rubber-Coated Hooks - 1,000lb Work Capacity - Ks Products","robots":{"index":"index","follow":"follow","max-snippet":"max-snippet:-1","max-image-preview":"max-image-preview:large","max-video-preview":"max-video-preview:-1"},"canonical":"https:\/\/ksproducts.ca\/fr\/product\/cat-4-piece-12ft-ratchet-tie-down-set-with-rubber-coated-hooks-1000lb-work-capacity\/","og_locale":"fr_CA","og_type":"article","og_title":"CAT 4-piece 12ft Ratchet Tie Down Set with Rubber-Coated Hooks - 1,000lb Work Capacity - Ks Products","og_description":"Use this 4 piece set of 1-1\/4 inch x 12 foot ratcheting straps to secure dirt bikes, ATVs, cargo and more. Each high visibility yellow strap offers 1000 lb. working capacity, with rubber coated double J-hooks and molded rubber covers on the ratchet levers for added grip and comfort.","og_url":"https:\/\/ksproducts.ca\/fr\/product\/cat-4-piece-12ft-ratchet-tie-down-set-with-rubber-coated-hooks-1000lb-work-capacity\/","og_site_name":"Ks Products","article_modified_time":"2026-03-16T14:52:40+00:00","og_image":[{"width":540,"height":540,"url":"https:\/\/ksproducts.ca\/wp-content\/uploads\/2026\/03\/CAT-4-piece-12ft-Ratchet-Tie-Down-Set-with-Rubber-Coated-Hooks-1000lb-Work-Capacity.webp","type":"image\/webp"}],"twitter_card":"summary_large_image","twitter_misc":{"Estimation du temps de lecture":"1 minute"},"schema":{"@context":"https:\/\/schema.org","@graph":[{"@type":"WebPage","@id":"https:\/\/ksproducts.ca\/product\/cat-4-piece-12ft-ratchet-tie-down-set-with-rubber-coated-hooks-1000lb-work-capacity\/","url":"https:\/\/ksproducts.ca\/product\/cat-4-piece-12ft-ratchet-tie-down-set-with-rubber-coated-hooks-1000lb-work-capacity\/","name":"CAT 4-piece 12ft Ratchet Tie Down Set with Rubber-Coated Hooks - 1,000lb Work Capacity - Ks Products","isPartOf":{"@id":"https:\/\/ksproducts.ca\/#website"},"primaryImageOfPage":{"@id":"https:\/\/ksproducts.ca\/product\/cat-4-piece-12ft-ratchet-tie-down-set-with-rubber-coated-hooks-1000lb-work-capacity\/#primaryimage"},"image":{"@id":"https:\/\/ksproducts.ca\/product\/cat-4-piece-12ft-ratchet-tie-down-set-with-rubber-coated-hooks-1000lb-work-capacity\/#primaryimage"},"thumbnailUrl":"https:\/\/ksproducts.ca\/wp-content\/uploads\/2026\/03\/CAT-4-piece-12ft-Ratchet-Tie-Down-Set-with-Rubber-Coated-Hooks-1000lb-Work-Capacity.webp","datePublished":"2026-03-06T19:01:36+00:00","dateModified":"2026-03-16T14:52:40+00:00","breadcrumb":{"@id":"https:\/\/ksproducts.ca\/product\/cat-4-piece-12ft-ratchet-tie-down-set-with-rubber-coated-hooks-1000lb-work-capacity\/#breadcrumb"},"inLanguage":"fr-CA","potentialAction":[{"@type":"ReadAction","target":["https:\/\/ksproducts.ca\/product\/cat-4-piece-12ft-ratchet-tie-down-set-with-rubber-coated-hooks-1000lb-work-capacity\/"]}]},{"@type":"ImageObject","inLanguage":"fr-CA","@id":"https:\/\/ksproducts.ca\/product\/cat-4-piece-12ft-ratchet-tie-down-set-with-rubber-coated-hooks-1000lb-work-capacity\/#primaryimage","url":"https:\/\/ksproducts.ca\/wp-content\/uploads\/2026\/03\/CAT-4-piece-12ft-Ratchet-Tie-Down-Set-with-Rubber-Coated-Hooks-1000lb-Work-Capacity.webp","contentUrl":"https:\/\/ksproducts.ca\/wp-content\/uploads\/2026\/03\/CAT-4-piece-12ft-Ratchet-Tie-Down-Set-with-Rubber-Coated-Hooks-1000lb-Work-Capacity.webp","width":540,"height":540,"caption":"CAT 4 piece 12ft Ratchet Tie Down Set with Rubber Coated Hooks 1,000lb Work Capacity"},{"@type":"BreadcrumbList","@id":"https:\/\/ksproducts.ca\/product\/cat-4-piece-12ft-ratchet-tie-down-set-with-rubber-coated-hooks-1000lb-work-capacity\/#breadcrumb","itemListElement":[{"@type":"ListItem","position":1,"name":"Home","item":"https:\/\/ksproducts.ca\/"},{"@type":"ListItem","position":2,"name":"Shop","item":"https:\/\/ksproducts.ca\/shop\/"},{"@type":"ListItem","position":3,"name":"CAT 4-piece 12ft Ratchet Tie Down Set with Rubber-Coated Hooks &#8211; 1,000lb Work Capacity"}]},{"@type":"WebSite","@id":"https:\/\/ksproducts.ca\/#website","url":"https:\/\/ksproducts.ca\/","name":"Produits Ks","description":"Cuisiner et vivre en plein air, c'est facile au Canada","publisher":{"@id":"https:\/\/ksproducts.ca\/#organization"},"potentialAction":[{"@type":"SearchAction","target":{"@type":"EntryPoint","urlTemplate":"https:\/\/ksproducts.ca\/?s={search_term_string}"},"query-input":{"@type":"PropertyValueSpecification","valueRequired":true,"valueName":"search_term_string"}}],"inLanguage":"fr-CA"},{"@type":"Organization","@id":"https:\/\/ksproducts.ca\/#organization","name":"Produits Ks","url":"https:\/\/ksproducts.ca\/","logo":{"@type":"ImageObject","inLanguage":"fr-CA","@id":"https:\/\/ksproducts.ca\/#\/schema\/logo\/image\/","url":"https:\/\/ksproducts.ca\/wp-content\/uploads\/2023\/09\/Kennedy-Sales-Logo-header-1.png","contentUrl":"https:\/\/ksproducts.ca\/wp-content\/uploads\/2023\/09\/Kennedy-Sales-Logo-header-1.png","width":150,"height":77,"caption":"Ks Products"},"image":{"@id":"https:\/\/ksproducts.ca\/#\/schema\/logo\/image\/"}}]}},"_links":{"self":[{"href":"https:\/\/ksproducts.ca\/fr\/wp-json\/wp\/v2\/product\/11978","targetHints":{"allow":["GET"]}}],"collection":[{"href":"https:\/\/ksproducts.ca\/fr\/wp-json\/wp\/v2\/product"}],"about":[{"href":"https:\/\/ksproducts.ca\/fr\/wp-json\/wp\/v2\/types\/product"}],"replies":[{"embeddable":true,"href":"https:\/\/ksproducts.ca\/fr\/wp-json\/wp\/v2\/comments?post=11978"}],"version-history":[{"count":1,"href":"https:\/\/ksproducts.ca\/fr\/wp-json\/wp\/v2\/product\/11978\/revisions"}],"predecessor-version":[{"id":11980,"href":"https:\/\/ksproducts.ca\/fr\/wp-json\/wp\/v2\/product\/11978\/revisions\/11980"}],"wp:featuredmedia":[{"embeddable":true,"href":"https:\/\/ksproducts.ca\/fr\/wp-json\/wp\/v2\/media\/11979"}],"wp:attachment":[{"href":"https:\/\/ksproducts.ca\/fr\/wp-json\/wp\/v2\/media?parent=11978"}],"wp:term":[{"taxonomy":"product_cat","embeddable":true,"href":"https:\/\/ksproducts.ca\/fr\/wp-json\/wp\/v2\/product_cat?post=11978"},{"taxonomy":"product_tag","embeddable":true,"href":"https:\/\/ksproducts.ca\/fr\/wp-json\/wp\/v2\/product_tag?post=11978"}],"curies":[{"name":"wp","href":"https:\/\/api.w.org\/{rel}","templated":true}]}}