{"id":11987,"date":"2026-03-06T19:12:56","date_gmt":"2026-03-06T19:12:56","guid":{"rendered":"https:\/\/ksproducts.ca\/?post_type=product&#038;p=11987"},"modified":"2026-03-16T14:54:29","modified_gmt":"2026-03-16T14:54:29","slug":"cat-12ft-cam-tie-down-with-swivel-hook-500lb-work-capacity","status":"publish","type":"product","link":"https:\/\/ksproducts.ca\/fr\/product\/cat-12ft-cam-tie-down-with-swivel-hook-500lb-work-capacity\/","title":{"rendered":"CAT 12ft Cam Tie Down with Swivel Hook - 500lb Work Capacity"},"content":{"rendered":"<ul>\n<li>SIZE AND CAPACITY: 12 Feet Long x 1-1\/2 Inches Wide; 500 Pound Working Strength; 1,500 Pound Breaking Strength<\/li>\n<li>PROT\u00c9GEZ VOS BIENS : les crochets rev\u00eatus de caoutchouc \u00e9vitent les rayures, les \u00e9raflures et autres dommages \u00e0 votre chargement et \u00e0 votre v\u00e9hicule.<\/li>\n<li>VARI\u00c9T\u00c9 D'USAGES : Parfait pour d\u00e9placer des meubles, s\u00e9curiser des \u00e9quipements sportifs, des planches de surf, des v\u00e9los, des VTT, des motos, des tondeuses, du bois de construction, des caisses et bien plus encore.<\/li>\n<li>COMFORTABLE: Soft rubber thumb grip for added comfort<\/li>\n<li>GARANTIE : Les sangles pour chats sont prot\u00e9g\u00e9es par une garantie de satisfaction 100%.<\/li>\n<\/ul>","protected":false},"excerpt":{"rendered":"<p>Cette sangle pr\u00e9sente une longueur de 12 pieds et une largeur de 1,5 pouce avec une r\u00e9sistance \u00e0 la rupture de 500 livres. Elle est con\u00e7ue et fabriqu\u00e9e pour r\u00e9pondre aux t\u00e2ches et aux conditions les plus exigeantes. Ces sangles ne sont pas seulement esth\u00e9tiques, elles sont aussi solides, performantes et pratiques. Toutes nos sangles d'arrimage sont dot\u00e9es de mat\u00e9riaux et d'une construction de premi\u00e8re qualit\u00e9 qui leur permettent d'offrir des performances constantes. Les sangles Cat sont l\u00e0 quand vous en avez besoin, con\u00e7ues pour une large gamme d'applications au travail, dans les loisirs et partout ailleurs.<\/p>","protected":false},"featured_media":11988,"comment_status":"open","ping_status":"closed","template":"","meta":[],"product_cat":[451],"product_tag":[],"class_list":{"0":"post-11987","1":"product","2":"type-product","3":"status-publish","4":"has-post-thumbnail","6":"product_cat-tools-equipment","7":"product_shipping_class-class-1","9":"first","10":"instock","11":"taxable","12":"shipping-taxable","13":"purchasable","14":"product-type-simple"},"yoast_head":"<!-- This site is optimized with the Yoast SEO plugin v27.3 - https:\/\/yoast.com\/product\/yoast-seo-wordpress\/ -->\n<title>CAT 12ft Cam Tie Down with Swivel Hook - 500lb Work Capacity - Ks Products<\/title>\n<meta name=\"robots\" content=\"index, follow, max-snippet:-1, max-image-preview:large, max-video-preview:-1\" \/>\n<link rel=\"canonical\" href=\"https:\/\/ksproducts.ca\/fr\/product\/cat-12ft-cam-tie-down-with-swivel-hook-500lb-work-capacity\/\" \/>\n<meta property=\"og:locale\" content=\"fr_CA\" \/>\n<meta property=\"og:type\" content=\"article\" \/>\n<meta property=\"og:title\" content=\"CAT 12ft Cam Tie Down with Swivel Hook - 500lb Work Capacity - Ks Products\" \/>\n<meta property=\"og:description\" content=\"This strap features a 12 foot long x 1-1\/2 inch wide strap with 500 pound working strength\/1,500 pound breaking strength, designed and built to perform in the most demanding tasks and conditions. Not only do they look good but these straps offer strength, performance and convenience. All of our tie downs feature premium materials and construction to deliver construction to deliver consistent performance. Cat straps are there for when you need them, purpose-built for a wide range of applications at work, at play and everywhere in between.\" \/>\n<meta property=\"og:url\" content=\"https:\/\/ksproducts.ca\/fr\/product\/cat-12ft-cam-tie-down-with-swivel-hook-500lb-work-capacity\/\" \/>\n<meta property=\"og:site_name\" content=\"Ks Products\" \/>\n<meta property=\"article:modified_time\" content=\"2026-03-16T14:54:29+00:00\" \/>\n<meta property=\"og:image\" content=\"https:\/\/ksproducts.ca\/wp-content\/uploads\/2026\/03\/CAT-12ft-Cam-Tie-Down-with-Swivel-Hook-500lb-Work-Capacity.webp\" \/>\n\t<meta property=\"og:image:width\" content=\"540\" \/>\n\t<meta property=\"og:image:height\" content=\"540\" \/>\n\t<meta property=\"og:image:type\" content=\"image\/webp\" \/>\n<meta name=\"twitter:card\" content=\"summary_large_image\" \/>\n<meta name=\"twitter:label1\" content=\"Estimation du temps de lecture\" \/>\n\t<meta name=\"twitter:data1\" content=\"1 minute\" \/>\n<script type=\"application\/ld+json\" class=\"yoast-schema-graph\">{\"@context\":\"https:\\\/\\\/schema.org\",\"@graph\":[{\"@type\":\"WebPage\",\"@id\":\"https:\\\/\\\/ksproducts.ca\\\/product\\\/cat-12ft-cam-tie-down-with-swivel-hook-500lb-work-capacity\\\/\",\"url\":\"https:\\\/\\\/ksproducts.ca\\\/product\\\/cat-12ft-cam-tie-down-with-swivel-hook-500lb-work-capacity\\\/\",\"name\":\"CAT 12ft Cam Tie Down with Swivel Hook - 500lb Work Capacity - Ks Products\",\"isPartOf\":{\"@id\":\"https:\\\/\\\/ksproducts.ca\\\/#website\"},\"primaryImageOfPage\":{\"@id\":\"https:\\\/\\\/ksproducts.ca\\\/product\\\/cat-12ft-cam-tie-down-with-swivel-hook-500lb-work-capacity\\\/#primaryimage\"},\"image\":{\"@id\":\"https:\\\/\\\/ksproducts.ca\\\/product\\\/cat-12ft-cam-tie-down-with-swivel-hook-500lb-work-capacity\\\/#primaryimage\"},\"thumbnailUrl\":\"https:\\\/\\\/ksproducts.ca\\\/wp-content\\\/uploads\\\/2026\\\/03\\\/CAT-12ft-Cam-Tie-Down-with-Swivel-Hook-500lb-Work-Capacity.webp\",\"datePublished\":\"2026-03-06T19:12:56+00:00\",\"dateModified\":\"2026-03-16T14:54:29+00:00\",\"breadcrumb\":{\"@id\":\"https:\\\/\\\/ksproducts.ca\\\/product\\\/cat-12ft-cam-tie-down-with-swivel-hook-500lb-work-capacity\\\/#breadcrumb\"},\"inLanguage\":\"fr-CA\",\"potentialAction\":[{\"@type\":\"ReadAction\",\"target\":[\"https:\\\/\\\/ksproducts.ca\\\/product\\\/cat-12ft-cam-tie-down-with-swivel-hook-500lb-work-capacity\\\/\"]}]},{\"@type\":\"ImageObject\",\"inLanguage\":\"fr-CA\",\"@id\":\"https:\\\/\\\/ksproducts.ca\\\/product\\\/cat-12ft-cam-tie-down-with-swivel-hook-500lb-work-capacity\\\/#primaryimage\",\"url\":\"https:\\\/\\\/ksproducts.ca\\\/wp-content\\\/uploads\\\/2026\\\/03\\\/CAT-12ft-Cam-Tie-Down-with-Swivel-Hook-500lb-Work-Capacity.webp\",\"contentUrl\":\"https:\\\/\\\/ksproducts.ca\\\/wp-content\\\/uploads\\\/2026\\\/03\\\/CAT-12ft-Cam-Tie-Down-with-Swivel-Hook-500lb-Work-Capacity.webp\",\"width\":540,\"height\":540,\"caption\":\"CAT 12ft Cam Tie Down with Swivel Hook 500lb Work Capacity\"},{\"@type\":\"BreadcrumbList\",\"@id\":\"https:\\\/\\\/ksproducts.ca\\\/product\\\/cat-12ft-cam-tie-down-with-swivel-hook-500lb-work-capacity\\\/#breadcrumb\",\"itemListElement\":[{\"@type\":\"ListItem\",\"position\":1,\"name\":\"Home\",\"item\":\"https:\\\/\\\/ksproducts.ca\\\/\"},{\"@type\":\"ListItem\",\"position\":2,\"name\":\"Shop\",\"item\":\"https:\\\/\\\/ksproducts.ca\\\/shop\\\/\"},{\"@type\":\"ListItem\",\"position\":3,\"name\":\"CAT 12ft Cam Tie Down with Swivel Hook &#8211; 500lb Work Capacity\"}]},{\"@type\":\"WebSite\",\"@id\":\"https:\\\/\\\/ksproducts.ca\\\/#website\",\"url\":\"https:\\\/\\\/ksproducts.ca\\\/\",\"name\":\"Ks Products\",\"description\":\"Outdoor cooking and living, made easy in Canada\",\"publisher\":{\"@id\":\"https:\\\/\\\/ksproducts.ca\\\/#organization\"},\"potentialAction\":[{\"@type\":\"SearchAction\",\"target\":{\"@type\":\"EntryPoint\",\"urlTemplate\":\"https:\\\/\\\/ksproducts.ca\\\/?s={search_term_string}\"},\"query-input\":{\"@type\":\"PropertyValueSpecification\",\"valueRequired\":true,\"valueName\":\"search_term_string\"}}],\"inLanguage\":\"fr-CA\"},{\"@type\":\"Organization\",\"@id\":\"https:\\\/\\\/ksproducts.ca\\\/#organization\",\"name\":\"Ks Products\",\"url\":\"https:\\\/\\\/ksproducts.ca\\\/\",\"logo\":{\"@type\":\"ImageObject\",\"inLanguage\":\"fr-CA\",\"@id\":\"https:\\\/\\\/ksproducts.ca\\\/#\\\/schema\\\/logo\\\/image\\\/\",\"url\":\"https:\\\/\\\/ksproducts.ca\\\/wp-content\\\/uploads\\\/2023\\\/09\\\/Kennedy-Sales-Logo-header-1.png\",\"contentUrl\":\"https:\\\/\\\/ksproducts.ca\\\/wp-content\\\/uploads\\\/2023\\\/09\\\/Kennedy-Sales-Logo-header-1.png\",\"width\":150,\"height\":77,\"caption\":\"Ks Products\"},\"image\":{\"@id\":\"https:\\\/\\\/ksproducts.ca\\\/#\\\/schema\\\/logo\\\/image\\\/\"}}]}<\/script>\n<!-- \/ Yoast SEO plugin. -->","yoast_head_json":{"title":"CAT 12ft Cam Tie Down with Swivel Hook - 500lb Work Capacity - Ks Products","robots":{"index":"index","follow":"follow","max-snippet":"max-snippet:-1","max-image-preview":"max-image-preview:large","max-video-preview":"max-video-preview:-1"},"canonical":"https:\/\/ksproducts.ca\/fr\/product\/cat-12ft-cam-tie-down-with-swivel-hook-500lb-work-capacity\/","og_locale":"fr_CA","og_type":"article","og_title":"CAT 12ft Cam Tie Down with Swivel Hook - 500lb Work Capacity - Ks Products","og_description":"This strap features a 12 foot long x 1-1\/2 inch wide strap with 500 pound working strength\/1,500 pound breaking strength, designed and built to perform in the most demanding tasks and conditions. Not only do they look good but these straps offer strength, performance and convenience. All of our tie downs feature premium materials and construction to deliver construction to deliver consistent performance. Cat straps are there for when you need them, purpose-built for a wide range of applications at work, at play and everywhere in between.","og_url":"https:\/\/ksproducts.ca\/fr\/product\/cat-12ft-cam-tie-down-with-swivel-hook-500lb-work-capacity\/","og_site_name":"Ks Products","article_modified_time":"2026-03-16T14:54:29+00:00","og_image":[{"width":540,"height":540,"url":"https:\/\/ksproducts.ca\/wp-content\/uploads\/2026\/03\/CAT-12ft-Cam-Tie-Down-with-Swivel-Hook-500lb-Work-Capacity.webp","type":"image\/webp"}],"twitter_card":"summary_large_image","twitter_misc":{"Estimation du temps de lecture":"1 minute"},"schema":{"@context":"https:\/\/schema.org","@graph":[{"@type":"WebPage","@id":"https:\/\/ksproducts.ca\/product\/cat-12ft-cam-tie-down-with-swivel-hook-500lb-work-capacity\/","url":"https:\/\/ksproducts.ca\/product\/cat-12ft-cam-tie-down-with-swivel-hook-500lb-work-capacity\/","name":"CAT 12ft Cam Tie Down with Swivel Hook - 500lb Work Capacity - Ks Products","isPartOf":{"@id":"https:\/\/ksproducts.ca\/#website"},"primaryImageOfPage":{"@id":"https:\/\/ksproducts.ca\/product\/cat-12ft-cam-tie-down-with-swivel-hook-500lb-work-capacity\/#primaryimage"},"image":{"@id":"https:\/\/ksproducts.ca\/product\/cat-12ft-cam-tie-down-with-swivel-hook-500lb-work-capacity\/#primaryimage"},"thumbnailUrl":"https:\/\/ksproducts.ca\/wp-content\/uploads\/2026\/03\/CAT-12ft-Cam-Tie-Down-with-Swivel-Hook-500lb-Work-Capacity.webp","datePublished":"2026-03-06T19:12:56+00:00","dateModified":"2026-03-16T14:54:29+00:00","breadcrumb":{"@id":"https:\/\/ksproducts.ca\/product\/cat-12ft-cam-tie-down-with-swivel-hook-500lb-work-capacity\/#breadcrumb"},"inLanguage":"fr-CA","potentialAction":[{"@type":"ReadAction","target":["https:\/\/ksproducts.ca\/product\/cat-12ft-cam-tie-down-with-swivel-hook-500lb-work-capacity\/"]}]},{"@type":"ImageObject","inLanguage":"fr-CA","@id":"https:\/\/ksproducts.ca\/product\/cat-12ft-cam-tie-down-with-swivel-hook-500lb-work-capacity\/#primaryimage","url":"https:\/\/ksproducts.ca\/wp-content\/uploads\/2026\/03\/CAT-12ft-Cam-Tie-Down-with-Swivel-Hook-500lb-Work-Capacity.webp","contentUrl":"https:\/\/ksproducts.ca\/wp-content\/uploads\/2026\/03\/CAT-12ft-Cam-Tie-Down-with-Swivel-Hook-500lb-Work-Capacity.webp","width":540,"height":540,"caption":"CAT 12ft Cam Tie Down with Swivel Hook 500lb Work Capacity"},{"@type":"BreadcrumbList","@id":"https:\/\/ksproducts.ca\/product\/cat-12ft-cam-tie-down-with-swivel-hook-500lb-work-capacity\/#breadcrumb","itemListElement":[{"@type":"ListItem","position":1,"name":"Home","item":"https:\/\/ksproducts.ca\/"},{"@type":"ListItem","position":2,"name":"Shop","item":"https:\/\/ksproducts.ca\/shop\/"},{"@type":"ListItem","position":3,"name":"CAT 12ft Cam Tie Down with Swivel Hook &#8211; 500lb Work Capacity"}]},{"@type":"WebSite","@id":"https:\/\/ksproducts.ca\/#website","url":"https:\/\/ksproducts.ca\/","name":"Produits Ks","description":"Cuisiner et vivre en plein air, c'est facile au Canada","publisher":{"@id":"https:\/\/ksproducts.ca\/#organization"},"potentialAction":[{"@type":"SearchAction","target":{"@type":"EntryPoint","urlTemplate":"https:\/\/ksproducts.ca\/?s={search_term_string}"},"query-input":{"@type":"PropertyValueSpecification","valueRequired":true,"valueName":"search_term_string"}}],"inLanguage":"fr-CA"},{"@type":"Organization","@id":"https:\/\/ksproducts.ca\/#organization","name":"Produits Ks","url":"https:\/\/ksproducts.ca\/","logo":{"@type":"ImageObject","inLanguage":"fr-CA","@id":"https:\/\/ksproducts.ca\/#\/schema\/logo\/image\/","url":"https:\/\/ksproducts.ca\/wp-content\/uploads\/2023\/09\/Kennedy-Sales-Logo-header-1.png","contentUrl":"https:\/\/ksproducts.ca\/wp-content\/uploads\/2023\/09\/Kennedy-Sales-Logo-header-1.png","width":150,"height":77,"caption":"Ks Products"},"image":{"@id":"https:\/\/ksproducts.ca\/#\/schema\/logo\/image\/"}}]}},"_links":{"self":[{"href":"https:\/\/ksproducts.ca\/fr\/wp-json\/wp\/v2\/product\/11987","targetHints":{"allow":["GET"]}}],"collection":[{"href":"https:\/\/ksproducts.ca\/fr\/wp-json\/wp\/v2\/product"}],"about":[{"href":"https:\/\/ksproducts.ca\/fr\/wp-json\/wp\/v2\/types\/product"}],"replies":[{"embeddable":true,"href":"https:\/\/ksproducts.ca\/fr\/wp-json\/wp\/v2\/comments?post=11987"}],"version-history":[{"count":1,"href":"https:\/\/ksproducts.ca\/fr\/wp-json\/wp\/v2\/product\/11987\/revisions"}],"predecessor-version":[{"id":11989,"href":"https:\/\/ksproducts.ca\/fr\/wp-json\/wp\/v2\/product\/11987\/revisions\/11989"}],"wp:featuredmedia":[{"embeddable":true,"href":"https:\/\/ksproducts.ca\/fr\/wp-json\/wp\/v2\/media\/11988"}],"wp:attachment":[{"href":"https:\/\/ksproducts.ca\/fr\/wp-json\/wp\/v2\/media?parent=11987"}],"wp:term":[{"taxonomy":"product_cat","embeddable":true,"href":"https:\/\/ksproducts.ca\/fr\/wp-json\/wp\/v2\/product_cat?post=11987"},{"taxonomy":"product_tag","embeddable":true,"href":"https:\/\/ksproducts.ca\/fr\/wp-json\/wp\/v2\/product_tag?post=11987"}],"curies":[{"name":"wp","href":"https:\/\/api.w.org\/{rel}","templated":true}]}}