{"id":11993,"date":"2026-03-06T20:00:31","date_gmt":"2026-03-06T20:00:31","guid":{"rendered":"https:\/\/ksproducts.ca\/?post_type=product&#038;p=11993"},"modified":"2026-03-06T20:00:32","modified_gmt":"2026-03-06T20:00:32","slug":"tuyau-darrosage-extensible-chrome-canada-green-50-pieds-sans-noeuds","status":"publish","type":"product","link":"https:\/\/ksproducts.ca\/fr\/product\/canada-green-50ft-chrome-kink-free-expandable-hose\/","title":{"rendered":"Canada Green 50ft Chrome Kink-Free Expandable Hose"},"content":{"rendered":"<ul>\n<li>Ne se plie jamais comme les tuyaux traditionnels, ce qui le rend facile \u00e0 utiliser et \u00e0 ranger<\/li>\n<li>R\u00e9tr\u00e9cit \u00e0 sec lorsque l'eau est coup\u00e9e<\/li>\n<li>R\u00e9sistant aux n\u0153uds et aux torsions<\/li>\n<\/ul>","protected":false},"excerpt":{"rendered":"<p>Ce tuyau d'arrosage extensible est con\u00e7u pour \u00eatre pratique et durable. Il ne se plie pas et ne s'emm\u00eale pas comme les tuyaux traditionnels et se r\u00e9tracte automatiquement lorsque l'eau est coup\u00e9e, ce qui permet de le ranger rapidement et facilement.<\/p>","protected":false},"featured_media":11994,"comment_status":"open","ping_status":"closed","template":"","meta":[],"product_cat":[451],"product_tag":[],"class_list":{"0":"post-11993","1":"product","2":"type-product","3":"status-publish","4":"has-post-thumbnail","6":"product_cat-tools-equipment","7":"product_shipping_class-class-1","9":"first","10":"instock","11":"taxable","12":"shipping-taxable","13":"purchasable","14":"product-type-simple"},"yoast_head":"<!-- This site is optimized with the Yoast SEO plugin v27.4 - https:\/\/yoast.com\/product\/yoast-seo-wordpress\/ -->\n<title>Canada Green 50ft Chrome Kink-Free Expandable Hose - Ks Products<\/title>\n<meta name=\"robots\" content=\"index, follow, max-snippet:-1, max-image-preview:large, max-video-preview:-1\" \/>\n<link rel=\"canonical\" href=\"https:\/\/ksproducts.ca\/fr\/product\/tuyau-darrosage-extensible-chrome-canada-green-50-pieds-sans-noeuds\/\" \/>\n<meta property=\"og:locale\" content=\"fr_CA\" \/>\n<meta property=\"og:type\" content=\"article\" \/>\n<meta property=\"og:title\" content=\"Canada Green 50ft Chrome Kink-Free Expandable Hose - Ks Products\" \/>\n<meta property=\"og:description\" content=\"This expandable garden hose is designed for convenience and durability. It won\u2019t kink or tangle like traditional hoses, and automatically shrinks when the water is turned off, making storage quick and easy.\" \/>\n<meta property=\"og:url\" content=\"https:\/\/ksproducts.ca\/fr\/product\/tuyau-darrosage-extensible-chrome-canada-green-50-pieds-sans-noeuds\/\" \/>\n<meta property=\"og:site_name\" content=\"Ks Products\" \/>\n<meta property=\"article:modified_time\" content=\"2026-03-06T20:00:32+00:00\" \/>\n<meta property=\"og:image\" content=\"https:\/\/ksproducts.ca\/wp-content\/uploads\/2026\/03\/Canada-Green-50ft-Chrome-Kink-Free-Expandable-Hose.jpg\" \/>\n\t<meta property=\"og:image:width\" content=\"600\" \/>\n\t<meta property=\"og:image:height\" content=\"600\" \/>\n\t<meta property=\"og:image:type\" content=\"image\/jpeg\" \/>\n<meta name=\"twitter:card\" content=\"summary_large_image\" \/>\n<meta name=\"twitter:label1\" content=\"Estimation du temps de lecture\" \/>\n\t<meta name=\"twitter:data1\" content=\"1 minute\" \/>\n<script type=\"application\/ld+json\" class=\"yoast-schema-graph\">{\"@context\":\"https:\\\/\\\/schema.org\",\"@graph\":[{\"@type\":\"WebPage\",\"@id\":\"https:\\\/\\\/ksproducts.ca\\\/product\\\/canada-green-50ft-chrome-kink-free-expandable-hose\\\/\",\"url\":\"https:\\\/\\\/ksproducts.ca\\\/product\\\/canada-green-50ft-chrome-kink-free-expandable-hose\\\/\",\"name\":\"Canada Green 50ft Chrome Kink-Free Expandable Hose - Ks Products\",\"isPartOf\":{\"@id\":\"https:\\\/\\\/ksproducts.ca\\\/#website\"},\"primaryImageOfPage\":{\"@id\":\"https:\\\/\\\/ksproducts.ca\\\/product\\\/canada-green-50ft-chrome-kink-free-expandable-hose\\\/#primaryimage\"},\"image\":{\"@id\":\"https:\\\/\\\/ksproducts.ca\\\/product\\\/canada-green-50ft-chrome-kink-free-expandable-hose\\\/#primaryimage\"},\"thumbnailUrl\":\"https:\\\/\\\/ksproducts.ca\\\/wp-content\\\/uploads\\\/2026\\\/03\\\/Canada-Green-50ft-Chrome-Kink-Free-Expandable-Hose.jpg\",\"datePublished\":\"2026-03-06T20:00:31+00:00\",\"dateModified\":\"2026-03-06T20:00:32+00:00\",\"breadcrumb\":{\"@id\":\"https:\\\/\\\/ksproducts.ca\\\/product\\\/canada-green-50ft-chrome-kink-free-expandable-hose\\\/#breadcrumb\"},\"inLanguage\":\"fr-CA\",\"potentialAction\":[{\"@type\":\"ReadAction\",\"target\":[\"https:\\\/\\\/ksproducts.ca\\\/product\\\/canada-green-50ft-chrome-kink-free-expandable-hose\\\/\"]}]},{\"@type\":\"ImageObject\",\"inLanguage\":\"fr-CA\",\"@id\":\"https:\\\/\\\/ksproducts.ca\\\/product\\\/canada-green-50ft-chrome-kink-free-expandable-hose\\\/#primaryimage\",\"url\":\"https:\\\/\\\/ksproducts.ca\\\/wp-content\\\/uploads\\\/2026\\\/03\\\/Canada-Green-50ft-Chrome-Kink-Free-Expandable-Hose.jpg\",\"contentUrl\":\"https:\\\/\\\/ksproducts.ca\\\/wp-content\\\/uploads\\\/2026\\\/03\\\/Canada-Green-50ft-Chrome-Kink-Free-Expandable-Hose.jpg\",\"width\":600,\"height\":600,\"caption\":\"Canada Green 50ft Chrome Kink Free Expandable Hose\"},{\"@type\":\"BreadcrumbList\",\"@id\":\"https:\\\/\\\/ksproducts.ca\\\/product\\\/canada-green-50ft-chrome-kink-free-expandable-hose\\\/#breadcrumb\",\"itemListElement\":[{\"@type\":\"ListItem\",\"position\":1,\"name\":\"Home\",\"item\":\"https:\\\/\\\/ksproducts.ca\\\/\"},{\"@type\":\"ListItem\",\"position\":2,\"name\":\"Shop\",\"item\":\"https:\\\/\\\/ksproducts.ca\\\/shop\\\/\"},{\"@type\":\"ListItem\",\"position\":3,\"name\":\"Canada Green 50ft Chrome Kink-Free Expandable Hose\"}]},{\"@type\":\"WebSite\",\"@id\":\"https:\\\/\\\/ksproducts.ca\\\/#website\",\"url\":\"https:\\\/\\\/ksproducts.ca\\\/\",\"name\":\"Ks Products\",\"description\":\"Outdoor cooking and living, made easy in Canada\",\"publisher\":{\"@id\":\"https:\\\/\\\/ksproducts.ca\\\/#organization\"},\"potentialAction\":[{\"@type\":\"SearchAction\",\"target\":{\"@type\":\"EntryPoint\",\"urlTemplate\":\"https:\\\/\\\/ksproducts.ca\\\/?s={search_term_string}\"},\"query-input\":{\"@type\":\"PropertyValueSpecification\",\"valueRequired\":true,\"valueName\":\"search_term_string\"}}],\"inLanguage\":\"fr-CA\"},{\"@type\":\"Organization\",\"@id\":\"https:\\\/\\\/ksproducts.ca\\\/#organization\",\"name\":\"Ks Products\",\"url\":\"https:\\\/\\\/ksproducts.ca\\\/\",\"logo\":{\"@type\":\"ImageObject\",\"inLanguage\":\"fr-CA\",\"@id\":\"https:\\\/\\\/ksproducts.ca\\\/#\\\/schema\\\/logo\\\/image\\\/\",\"url\":\"https:\\\/\\\/ksproducts.ca\\\/wp-content\\\/uploads\\\/2023\\\/09\\\/Kennedy-Sales-Logo-header-1.png\",\"contentUrl\":\"https:\\\/\\\/ksproducts.ca\\\/wp-content\\\/uploads\\\/2023\\\/09\\\/Kennedy-Sales-Logo-header-1.png\",\"width\":150,\"height\":77,\"caption\":\"Ks Products\"},\"image\":{\"@id\":\"https:\\\/\\\/ksproducts.ca\\\/#\\\/schema\\\/logo\\\/image\\\/\"}}]}<\/script>\n<!-- \/ Yoast SEO plugin. -->","yoast_head_json":{"title":"Tuyau extensible sans vrillage chrom\u00e9 Canada Green 50 pieds - Ks Products","robots":{"index":"index","follow":"follow","max-snippet":"max-snippet:-1","max-image-preview":"max-image-preview:large","max-video-preview":"max-video-preview:-1"},"canonical":"https:\/\/ksproducts.ca\/fr\/product\/tuyau-darrosage-extensible-chrome-canada-green-50-pieds-sans-noeuds\/","og_locale":"fr_CA","og_type":"article","og_title":"Canada Green 50ft Chrome Kink-Free Expandable Hose - Ks Products","og_description":"This expandable garden hose is designed for convenience and durability. It won\u2019t kink or tangle like traditional hoses, and automatically shrinks when the water is turned off, making storage quick and easy.","og_url":"https:\/\/ksproducts.ca\/fr\/product\/tuyau-darrosage-extensible-chrome-canada-green-50-pieds-sans-noeuds\/","og_site_name":"Ks Products","article_modified_time":"2026-03-06T20:00:32+00:00","og_image":[{"width":600,"height":600,"url":"https:\/\/ksproducts.ca\/wp-content\/uploads\/2026\/03\/Canada-Green-50ft-Chrome-Kink-Free-Expandable-Hose.jpg","type":"image\/jpeg"}],"twitter_card":"summary_large_image","twitter_misc":{"Estimation du temps de lecture":"1 minute"},"schema":{"@context":"https:\/\/schema.org","@graph":[{"@type":"WebPage","@id":"https:\/\/ksproducts.ca\/product\/canada-green-50ft-chrome-kink-free-expandable-hose\/","url":"https:\/\/ksproducts.ca\/product\/canada-green-50ft-chrome-kink-free-expandable-hose\/","name":"Tuyau extensible sans vrillage chrom\u00e9 Canada Green 50 pieds - Ks Products","isPartOf":{"@id":"https:\/\/ksproducts.ca\/#website"},"primaryImageOfPage":{"@id":"https:\/\/ksproducts.ca\/product\/canada-green-50ft-chrome-kink-free-expandable-hose\/#primaryimage"},"image":{"@id":"https:\/\/ksproducts.ca\/product\/canada-green-50ft-chrome-kink-free-expandable-hose\/#primaryimage"},"thumbnailUrl":"https:\/\/ksproducts.ca\/wp-content\/uploads\/2026\/03\/Canada-Green-50ft-Chrome-Kink-Free-Expandable-Hose.jpg","datePublished":"2026-03-06T20:00:31+00:00","dateModified":"2026-03-06T20:00:32+00:00","breadcrumb":{"@id":"https:\/\/ksproducts.ca\/product\/canada-green-50ft-chrome-kink-free-expandable-hose\/#breadcrumb"},"inLanguage":"fr-CA","potentialAction":[{"@type":"ReadAction","target":["https:\/\/ksproducts.ca\/product\/canada-green-50ft-chrome-kink-free-expandable-hose\/"]}]},{"@type":"ImageObject","inLanguage":"fr-CA","@id":"https:\/\/ksproducts.ca\/product\/canada-green-50ft-chrome-kink-free-expandable-hose\/#primaryimage","url":"https:\/\/ksproducts.ca\/wp-content\/uploads\/2026\/03\/Canada-Green-50ft-Chrome-Kink-Free-Expandable-Hose.jpg","contentUrl":"https:\/\/ksproducts.ca\/wp-content\/uploads\/2026\/03\/Canada-Green-50ft-Chrome-Kink-Free-Expandable-Hose.jpg","width":600,"height":600,"caption":"Canada Green 50ft Chrome Kink Free Expandable Hose"},{"@type":"BreadcrumbList","@id":"https:\/\/ksproducts.ca\/product\/canada-green-50ft-chrome-kink-free-expandable-hose\/#breadcrumb","itemListElement":[{"@type":"ListItem","position":1,"name":"Home","item":"https:\/\/ksproducts.ca\/"},{"@type":"ListItem","position":2,"name":"Shop","item":"https:\/\/ksproducts.ca\/shop\/"},{"@type":"ListItem","position":3,"name":"Canada Green 50ft Chrome Kink-Free Expandable Hose"}]},{"@type":"WebSite","@id":"https:\/\/ksproducts.ca\/#website","url":"https:\/\/ksproducts.ca\/","name":"Produits Ks","description":"Cuisiner et vivre en plein air, c'est facile au Canada","publisher":{"@id":"https:\/\/ksproducts.ca\/#organization"},"potentialAction":[{"@type":"SearchAction","target":{"@type":"EntryPoint","urlTemplate":"https:\/\/ksproducts.ca\/?s={search_term_string}"},"query-input":{"@type":"PropertyValueSpecification","valueRequired":true,"valueName":"search_term_string"}}],"inLanguage":"fr-CA"},{"@type":"Organization","@id":"https:\/\/ksproducts.ca\/#organization","name":"Produits Ks","url":"https:\/\/ksproducts.ca\/","logo":{"@type":"ImageObject","inLanguage":"fr-CA","@id":"https:\/\/ksproducts.ca\/#\/schema\/logo\/image\/","url":"https:\/\/ksproducts.ca\/wp-content\/uploads\/2023\/09\/Kennedy-Sales-Logo-header-1.png","contentUrl":"https:\/\/ksproducts.ca\/wp-content\/uploads\/2023\/09\/Kennedy-Sales-Logo-header-1.png","width":150,"height":77,"caption":"Ks Products"},"image":{"@id":"https:\/\/ksproducts.ca\/#\/schema\/logo\/image\/"}}]}},"_links":{"self":[{"href":"https:\/\/ksproducts.ca\/fr\/wp-json\/wp\/v2\/product\/11993","targetHints":{"allow":["GET"]}}],"collection":[{"href":"https:\/\/ksproducts.ca\/fr\/wp-json\/wp\/v2\/product"}],"about":[{"href":"https:\/\/ksproducts.ca\/fr\/wp-json\/wp\/v2\/types\/product"}],"replies":[{"embeddable":true,"href":"https:\/\/ksproducts.ca\/fr\/wp-json\/wp\/v2\/comments?post=11993"}],"version-history":[{"count":1,"href":"https:\/\/ksproducts.ca\/fr\/wp-json\/wp\/v2\/product\/11993\/revisions"}],"predecessor-version":[{"id":11995,"href":"https:\/\/ksproducts.ca\/fr\/wp-json\/wp\/v2\/product\/11993\/revisions\/11995"}],"wp:featuredmedia":[{"embeddable":true,"href":"https:\/\/ksproducts.ca\/fr\/wp-json\/wp\/v2\/media\/11994"}],"wp:attachment":[{"href":"https:\/\/ksproducts.ca\/fr\/wp-json\/wp\/v2\/media?parent=11993"}],"wp:term":[{"taxonomy":"product_cat","embeddable":true,"href":"https:\/\/ksproducts.ca\/fr\/wp-json\/wp\/v2\/product_cat?post=11993"},{"taxonomy":"product_tag","embeddable":true,"href":"https:\/\/ksproducts.ca\/fr\/wp-json\/wp\/v2\/product_tag?post=11993"}],"curies":[{"name":"wp","href":"https:\/\/api.w.org\/{rel}","templated":true}]}}