{"id":12005,"date":"2026-03-06T20:35:12","date_gmt":"2026-03-06T20:35:12","guid":{"rendered":"https:\/\/ksproducts.ca\/?post_type=product&#038;p=12005"},"modified":"2026-03-06T20:35:12","modified_gmt":"2026-03-06T20:35:12","slug":"motor-trend-automotive-pull-down-window-shade","status":"publish","type":"product","link":"https:\/\/ksproducts.ca\/fr\/product\/motor-trend-automotive-pull-down-window-shade\/","title":{"rendered":"Motor Trend Automotive Abat-jour de fen\u00eatre \u00e0 tirette"},"content":{"rendered":"<ul class=\"a-unordered-list a-vertical a-spacing-mini\">\n<li>Reliable Sun protection<\/li>\n<li>Blocks harmful UV rays<\/li>\n<li>Made from high quality mesh plastic<\/li>\n<li>Attach with sucktion cups or clips<\/li>\n<li>Retracts when not in uses<\/li>\n<li>Covers 14 x 19 inches<\/li>\n<\/ul>","protected":false},"excerpt":{"rendered":"<p>Accessoire automobile essentiel pour tous ceux qui souhaitent prot\u00e9ger leurs enfants, leurs animaux de compagnie et leurs passagers, mais aussi le rev\u00eatement de leur si\u00e8ge arri\u00e8re. Les si\u00e8ges en tissu se d\u00e9colorent sous l'effet de la lumi\u00e8re du soleil et le plastique ou le cuir s'ass\u00e8chent et se fissurent. Ce gadget simple, peu co\u00fbteux et efficace vous \u00e9vitera des maux de c\u0153ur et des travaux de rembourrage on\u00e9reux. Fabriqu\u00e9 en plastique maill\u00e9 de haute qualit\u00e9. Ils ne se d\u00e9sint\u00e8grent pas sous l'effet de la chaleur du soleil. Les stores \u00e0 enroulement Baby pour voitures sont r\u00e9glables afin que votre passager puisse d\u00e9cider de la quantit\u00e9 d'ombre dont il a besoin.<\/p>","protected":false},"featured_media":12008,"comment_status":"open","ping_status":"closed","template":"","meta":[],"product_cat":[430],"product_tag":[],"class_list":{"0":"post-12005","1":"product","2":"type-product","3":"status-publish","4":"has-post-thumbnail","6":"product_cat-automotive-gear","7":"product_shipping_class-class-1","9":"first","10":"instock","11":"taxable","12":"shipping-taxable","13":"purchasable","14":"product-type-simple"},"yoast_head":"<!-- This site is optimized with the Yoast SEO plugin v27.3 - https:\/\/yoast.com\/product\/yoast-seo-wordpress\/ -->\n<title>Motor Trend Automotive Pull Down Window Shade - Ks Products<\/title>\n<meta name=\"robots\" content=\"index, follow, max-snippet:-1, max-image-preview:large, max-video-preview:-1\" \/>\n<link rel=\"canonical\" href=\"https:\/\/ksproducts.ca\/fr\/product\/motor-trend-automotive-pull-down-window-shade\/\" \/>\n<meta property=\"og:locale\" content=\"fr_CA\" \/>\n<meta property=\"og:type\" content=\"article\" \/>\n<meta property=\"og:title\" content=\"Motor Trend Automotive Pull Down Window Shade - Ks Products\" \/>\n<meta property=\"og:description\" content=\"Essential car accessory for anyone who wants to protect their children, pets and passengers but also to protect the upholstery on their back seat. Fabric seats will fade from strong sunlight and plastic or leather will dry and crack. Save heartache and expensive re-upholstery with this simple, inexpensive and effective gadget. Made from high quality mesh plastic. They will not disintegrate in the sun\u2019s heat. The Baby roller shades for cars are adjustable so your passenger can decide how much or how little shade they need.\" \/>\n<meta property=\"og:url\" content=\"https:\/\/ksproducts.ca\/fr\/product\/motor-trend-automotive-pull-down-window-shade\/\" \/>\n<meta property=\"og:site_name\" content=\"Ks Products\" \/>\n<meta property=\"og:image\" content=\"https:\/\/ksproducts.ca\/wp-content\/uploads\/2026\/03\/Motor-Trend-Automotive-Pull-Down-Window-Shade-1.jpg\" \/>\n\t<meta property=\"og:image:width\" content=\"640\" \/>\n\t<meta property=\"og:image:height\" content=\"640\" \/>\n\t<meta property=\"og:image:type\" content=\"image\/jpeg\" \/>\n<meta name=\"twitter:card\" content=\"summary_large_image\" \/>\n<meta name=\"twitter:label1\" content=\"Estimation du temps de lecture\" \/>\n\t<meta name=\"twitter:data1\" content=\"1 minute\" \/>\n<script type=\"application\/ld+json\" class=\"yoast-schema-graph\">{\"@context\":\"https:\\\/\\\/schema.org\",\"@graph\":[{\"@type\":\"WebPage\",\"@id\":\"https:\\\/\\\/ksproducts.ca\\\/product\\\/motor-trend-automotive-pull-down-window-shade\\\/\",\"url\":\"https:\\\/\\\/ksproducts.ca\\\/product\\\/motor-trend-automotive-pull-down-window-shade\\\/\",\"name\":\"Motor Trend Automotive Pull Down Window Shade - Ks Products\",\"isPartOf\":{\"@id\":\"https:\\\/\\\/ksproducts.ca\\\/#website\"},\"primaryImageOfPage\":{\"@id\":\"https:\\\/\\\/ksproducts.ca\\\/product\\\/motor-trend-automotive-pull-down-window-shade\\\/#primaryimage\"},\"image\":{\"@id\":\"https:\\\/\\\/ksproducts.ca\\\/product\\\/motor-trend-automotive-pull-down-window-shade\\\/#primaryimage\"},\"thumbnailUrl\":\"https:\\\/\\\/ksproducts.ca\\\/wp-content\\\/uploads\\\/2026\\\/03\\\/Motor-Trend-Automotive-Pull-Down-Window-Shade-1.jpg\",\"datePublished\":\"2026-03-06T20:35:12+00:00\",\"breadcrumb\":{\"@id\":\"https:\\\/\\\/ksproducts.ca\\\/product\\\/motor-trend-automotive-pull-down-window-shade\\\/#breadcrumb\"},\"inLanguage\":\"fr-CA\",\"potentialAction\":[{\"@type\":\"ReadAction\",\"target\":[\"https:\\\/\\\/ksproducts.ca\\\/product\\\/motor-trend-automotive-pull-down-window-shade\\\/\"]}]},{\"@type\":\"ImageObject\",\"inLanguage\":\"fr-CA\",\"@id\":\"https:\\\/\\\/ksproducts.ca\\\/product\\\/motor-trend-automotive-pull-down-window-shade\\\/#primaryimage\",\"url\":\"https:\\\/\\\/ksproducts.ca\\\/wp-content\\\/uploads\\\/2026\\\/03\\\/Motor-Trend-Automotive-Pull-Down-Window-Shade-1.jpg\",\"contentUrl\":\"https:\\\/\\\/ksproducts.ca\\\/wp-content\\\/uploads\\\/2026\\\/03\\\/Motor-Trend-Automotive-Pull-Down-Window-Shade-1.jpg\",\"width\":640,\"height\":640,\"caption\":\"Motor Trend Automotive Pull Down Window Shade\"},{\"@type\":\"BreadcrumbList\",\"@id\":\"https:\\\/\\\/ksproducts.ca\\\/product\\\/motor-trend-automotive-pull-down-window-shade\\\/#breadcrumb\",\"itemListElement\":[{\"@type\":\"ListItem\",\"position\":1,\"name\":\"Home\",\"item\":\"https:\\\/\\\/ksproducts.ca\\\/\"},{\"@type\":\"ListItem\",\"position\":2,\"name\":\"Shop\",\"item\":\"https:\\\/\\\/ksproducts.ca\\\/shop\\\/\"},{\"@type\":\"ListItem\",\"position\":3,\"name\":\"Motor Trend Automotive Pull Down Window Shade\"}]},{\"@type\":\"WebSite\",\"@id\":\"https:\\\/\\\/ksproducts.ca\\\/#website\",\"url\":\"https:\\\/\\\/ksproducts.ca\\\/\",\"name\":\"Ks Products\",\"description\":\"Outdoor cooking and living, made easy in Canada\",\"publisher\":{\"@id\":\"https:\\\/\\\/ksproducts.ca\\\/#organization\"},\"potentialAction\":[{\"@type\":\"SearchAction\",\"target\":{\"@type\":\"EntryPoint\",\"urlTemplate\":\"https:\\\/\\\/ksproducts.ca\\\/?s={search_term_string}\"},\"query-input\":{\"@type\":\"PropertyValueSpecification\",\"valueRequired\":true,\"valueName\":\"search_term_string\"}}],\"inLanguage\":\"fr-CA\"},{\"@type\":\"Organization\",\"@id\":\"https:\\\/\\\/ksproducts.ca\\\/#organization\",\"name\":\"Ks Products\",\"url\":\"https:\\\/\\\/ksproducts.ca\\\/\",\"logo\":{\"@type\":\"ImageObject\",\"inLanguage\":\"fr-CA\",\"@id\":\"https:\\\/\\\/ksproducts.ca\\\/#\\\/schema\\\/logo\\\/image\\\/\",\"url\":\"https:\\\/\\\/ksproducts.ca\\\/wp-content\\\/uploads\\\/2023\\\/09\\\/Kennedy-Sales-Logo-header-1.png\",\"contentUrl\":\"https:\\\/\\\/ksproducts.ca\\\/wp-content\\\/uploads\\\/2023\\\/09\\\/Kennedy-Sales-Logo-header-1.png\",\"width\":150,\"height\":77,\"caption\":\"Ks Products\"},\"image\":{\"@id\":\"https:\\\/\\\/ksproducts.ca\\\/#\\\/schema\\\/logo\\\/image\\\/\"}}]}<\/script>\n<!-- \/ Yoast SEO plugin. -->","yoast_head_json":{"title":"Motor Trend Automotive Pull Down Window Shade - Ks Products","robots":{"index":"index","follow":"follow","max-snippet":"max-snippet:-1","max-image-preview":"max-image-preview:large","max-video-preview":"max-video-preview:-1"},"canonical":"https:\/\/ksproducts.ca\/fr\/product\/motor-trend-automotive-pull-down-window-shade\/","og_locale":"fr_CA","og_type":"article","og_title":"Motor Trend Automotive Pull Down Window Shade - Ks Products","og_description":"Essential car accessory for anyone who wants to protect their children, pets and passengers but also to protect the upholstery on their back seat. Fabric seats will fade from strong sunlight and plastic or leather will dry and crack. Save heartache and expensive re-upholstery with this simple, inexpensive and effective gadget. Made from high quality mesh plastic. They will not disintegrate in the sun\u2019s heat. The Baby roller shades for cars are adjustable so your passenger can decide how much or how little shade they need.","og_url":"https:\/\/ksproducts.ca\/fr\/product\/motor-trend-automotive-pull-down-window-shade\/","og_site_name":"Ks Products","og_image":[{"width":640,"height":640,"url":"https:\/\/ksproducts.ca\/wp-content\/uploads\/2026\/03\/Motor-Trend-Automotive-Pull-Down-Window-Shade-1.jpg","type":"image\/jpeg"}],"twitter_card":"summary_large_image","twitter_misc":{"Estimation du temps de lecture":"1 minute"},"schema":{"@context":"https:\/\/schema.org","@graph":[{"@type":"WebPage","@id":"https:\/\/ksproducts.ca\/product\/motor-trend-automotive-pull-down-window-shade\/","url":"https:\/\/ksproducts.ca\/product\/motor-trend-automotive-pull-down-window-shade\/","name":"Motor Trend Automotive Pull Down Window Shade - Ks Products","isPartOf":{"@id":"https:\/\/ksproducts.ca\/#website"},"primaryImageOfPage":{"@id":"https:\/\/ksproducts.ca\/product\/motor-trend-automotive-pull-down-window-shade\/#primaryimage"},"image":{"@id":"https:\/\/ksproducts.ca\/product\/motor-trend-automotive-pull-down-window-shade\/#primaryimage"},"thumbnailUrl":"https:\/\/ksproducts.ca\/wp-content\/uploads\/2026\/03\/Motor-Trend-Automotive-Pull-Down-Window-Shade-1.jpg","datePublished":"2026-03-06T20:35:12+00:00","breadcrumb":{"@id":"https:\/\/ksproducts.ca\/product\/motor-trend-automotive-pull-down-window-shade\/#breadcrumb"},"inLanguage":"fr-CA","potentialAction":[{"@type":"ReadAction","target":["https:\/\/ksproducts.ca\/product\/motor-trend-automotive-pull-down-window-shade\/"]}]},{"@type":"ImageObject","inLanguage":"fr-CA","@id":"https:\/\/ksproducts.ca\/product\/motor-trend-automotive-pull-down-window-shade\/#primaryimage","url":"https:\/\/ksproducts.ca\/wp-content\/uploads\/2026\/03\/Motor-Trend-Automotive-Pull-Down-Window-Shade-1.jpg","contentUrl":"https:\/\/ksproducts.ca\/wp-content\/uploads\/2026\/03\/Motor-Trend-Automotive-Pull-Down-Window-Shade-1.jpg","width":640,"height":640,"caption":"Motor Trend Automotive Pull Down Window Shade"},{"@type":"BreadcrumbList","@id":"https:\/\/ksproducts.ca\/product\/motor-trend-automotive-pull-down-window-shade\/#breadcrumb","itemListElement":[{"@type":"ListItem","position":1,"name":"Home","item":"https:\/\/ksproducts.ca\/"},{"@type":"ListItem","position":2,"name":"Shop","item":"https:\/\/ksproducts.ca\/shop\/"},{"@type":"ListItem","position":3,"name":"Motor Trend Automotive Pull Down Window Shade"}]},{"@type":"WebSite","@id":"https:\/\/ksproducts.ca\/#website","url":"https:\/\/ksproducts.ca\/","name":"Produits Ks","description":"Cuisiner et vivre en plein air, c'est facile au Canada","publisher":{"@id":"https:\/\/ksproducts.ca\/#organization"},"potentialAction":[{"@type":"SearchAction","target":{"@type":"EntryPoint","urlTemplate":"https:\/\/ksproducts.ca\/?s={search_term_string}"},"query-input":{"@type":"PropertyValueSpecification","valueRequired":true,"valueName":"search_term_string"}}],"inLanguage":"fr-CA"},{"@type":"Organization","@id":"https:\/\/ksproducts.ca\/#organization","name":"Produits Ks","url":"https:\/\/ksproducts.ca\/","logo":{"@type":"ImageObject","inLanguage":"fr-CA","@id":"https:\/\/ksproducts.ca\/#\/schema\/logo\/image\/","url":"https:\/\/ksproducts.ca\/wp-content\/uploads\/2023\/09\/Kennedy-Sales-Logo-header-1.png","contentUrl":"https:\/\/ksproducts.ca\/wp-content\/uploads\/2023\/09\/Kennedy-Sales-Logo-header-1.png","width":150,"height":77,"caption":"Ks Products"},"image":{"@id":"https:\/\/ksproducts.ca\/#\/schema\/logo\/image\/"}}]}},"_links":{"self":[{"href":"https:\/\/ksproducts.ca\/fr\/wp-json\/wp\/v2\/product\/12005","targetHints":{"allow":["GET"]}}],"collection":[{"href":"https:\/\/ksproducts.ca\/fr\/wp-json\/wp\/v2\/product"}],"about":[{"href":"https:\/\/ksproducts.ca\/fr\/wp-json\/wp\/v2\/types\/product"}],"replies":[{"embeddable":true,"href":"https:\/\/ksproducts.ca\/fr\/wp-json\/wp\/v2\/comments?post=12005"}],"version-history":[{"count":1,"href":"https:\/\/ksproducts.ca\/fr\/wp-json\/wp\/v2\/product\/12005\/revisions"}],"predecessor-version":[{"id":12009,"href":"https:\/\/ksproducts.ca\/fr\/wp-json\/wp\/v2\/product\/12005\/revisions\/12009"}],"wp:featuredmedia":[{"embeddable":true,"href":"https:\/\/ksproducts.ca\/fr\/wp-json\/wp\/v2\/media\/12008"}],"wp:attachment":[{"href":"https:\/\/ksproducts.ca\/fr\/wp-json\/wp\/v2\/media?parent=12005"}],"wp:term":[{"taxonomy":"product_cat","embeddable":true,"href":"https:\/\/ksproducts.ca\/fr\/wp-json\/wp\/v2\/product_cat?post=12005"},{"taxonomy":"product_tag","embeddable":true,"href":"https:\/\/ksproducts.ca\/fr\/wp-json\/wp\/v2\/product_tag?post=12005"}],"curies":[{"name":"wp","href":"https:\/\/api.w.org\/{rel}","templated":true}]}}