{"id":12013,"date":"2026-03-06T20:49:10","date_gmt":"2026-03-06T20:49:10","guid":{"rendered":"https:\/\/ksproducts.ca\/?post_type=product&#038;p=12013"},"modified":"2026-03-16T15:44:42","modified_gmt":"2026-03-16T15:44:42","slug":"walex-bio-active-holding-tank-treatment-for-rv-and-marine-holding-tank-systems","status":"publish","type":"product","link":"https:\/\/ksproducts.ca\/fr\/product\/walex-bio-active-holding-tank-treatment-for-rv-and-marine-holding-tank-systems\/","title":{"rendered":"Walex Bio-Active Holding Tank Treatment for RV and Marine Holding Tank Systems (Traitement bio-actif pour les r\u00e9servoirs de stockage des v\u00e9hicules de loisirs et des bateaux)"},"content":{"rendered":"<div class=\"expand-collapse-content dangerous-html w_4qRt\">\n<ul>\n<li>Fragrance free<\/li>\n<li>Non-staining<\/li>\n<li>Sans formald\u00e9hyde<\/li>\n<li>100% biodegradable. Environmentally friendly. Biocide-free<\/li>\n<li>Zinc and Copper Free<\/li>\n<li>Conformit\u00e9 californienne<\/li>\n<\/ul>\n<\/div>","protected":false},"excerpt":{"rendered":"<p>Pr\u00e9vient l'obstruction tout en gardant les valves et les joints lubrifi\u00e9s,Ingr\u00e9dients respectueux de l'environnement pour d\u00e9composer et liqu\u00e9fier les d\u00e9chets et les tissus en acc\u00e9l\u00e9rant le processus naturel de compostage,Sans parfum,Sans conservateur,Sans formald\u00e9hyde,100 pour cent biod\u00e9gradable,Sans biocide<\/p>","protected":false},"featured_media":12014,"comment_status":"open","ping_status":"closed","template":"","meta":[],"product_cat":[430],"product_tag":[],"class_list":{"0":"post-12013","1":"product","2":"type-product","3":"status-publish","4":"has-post-thumbnail","6":"product_cat-automotive-gear","7":"product_shipping_class-class-1","9":"first","10":"instock","11":"taxable","12":"shipping-taxable","13":"purchasable","14":"product-type-simple"},"yoast_head":"<!-- This site is optimized with the Yoast SEO plugin v27.3 - https:\/\/yoast.com\/product\/yoast-seo-wordpress\/ -->\n<title>Walex Bio-Active Holding Tank Treatment for RV and Marine Holding Tank Systems - Ks Products<\/title>\n<meta name=\"robots\" content=\"index, follow, max-snippet:-1, max-image-preview:large, max-video-preview:-1\" \/>\n<link rel=\"canonical\" href=\"https:\/\/ksproducts.ca\/fr\/product\/walex-bio-active-holding-tank-treatment-for-rv-and-marine-holding-tank-systems\/\" \/>\n<meta property=\"og:locale\" content=\"fr_CA\" \/>\n<meta property=\"og:type\" content=\"article\" \/>\n<meta property=\"og:title\" content=\"Walex Bio-Active Holding Tank Treatment for RV and Marine Holding Tank Systems - Ks Products\" \/>\n<meta property=\"og:description\" content=\"Prevents Clogging While Keeping Valves And Seals Lubricated,Environmentally Friendly Ingredients To Break Down And Liquefy Waste And Tissue By Speeding Up The Natural Composting Process,Fragrance Free,Non-Staining,Formaldehyde-Free,100 Percent Biodegradable,Biocide-Free\" \/>\n<meta property=\"og:url\" content=\"https:\/\/ksproducts.ca\/fr\/product\/walex-bio-active-holding-tank-treatment-for-rv-and-marine-holding-tank-systems\/\" \/>\n<meta property=\"og:site_name\" content=\"Ks Products\" \/>\n<meta property=\"article:modified_time\" content=\"2026-03-16T15:44:42+00:00\" \/>\n<meta property=\"og:image\" content=\"https:\/\/ksproducts.ca\/wp-content\/uploads\/2026\/03\/Walex-Bio-Active-Holding-Tank-Treatment-for-RV-and-Marine-Holding-Tank-Systems.webp\" \/>\n\t<meta property=\"og:image:width\" content=\"640\" \/>\n\t<meta property=\"og:image:height\" content=\"640\" \/>\n\t<meta property=\"og:image:type\" content=\"image\/webp\" \/>\n<meta name=\"twitter:card\" content=\"summary_large_image\" \/>\n<meta name=\"twitter:label1\" content=\"Estimation du temps de lecture\" \/>\n\t<meta name=\"twitter:data1\" content=\"1 minute\" \/>\n<script type=\"application\/ld+json\" class=\"yoast-schema-graph\">{\"@context\":\"https:\\\/\\\/schema.org\",\"@graph\":[{\"@type\":\"WebPage\",\"@id\":\"https:\\\/\\\/ksproducts.ca\\\/product\\\/walex-bio-active-holding-tank-treatment-for-rv-and-marine-holding-tank-systems\\\/\",\"url\":\"https:\\\/\\\/ksproducts.ca\\\/product\\\/walex-bio-active-holding-tank-treatment-for-rv-and-marine-holding-tank-systems\\\/\",\"name\":\"Walex Bio-Active Holding Tank Treatment for RV and Marine Holding Tank Systems - Ks Products\",\"isPartOf\":{\"@id\":\"https:\\\/\\\/ksproducts.ca\\\/#website\"},\"primaryImageOfPage\":{\"@id\":\"https:\\\/\\\/ksproducts.ca\\\/product\\\/walex-bio-active-holding-tank-treatment-for-rv-and-marine-holding-tank-systems\\\/#primaryimage\"},\"image\":{\"@id\":\"https:\\\/\\\/ksproducts.ca\\\/product\\\/walex-bio-active-holding-tank-treatment-for-rv-and-marine-holding-tank-systems\\\/#primaryimage\"},\"thumbnailUrl\":\"https:\\\/\\\/ksproducts.ca\\\/wp-content\\\/uploads\\\/2026\\\/03\\\/Walex-Bio-Active-Holding-Tank-Treatment-for-RV-and-Marine-Holding-Tank-Systems.webp\",\"datePublished\":\"2026-03-06T20:49:10+00:00\",\"dateModified\":\"2026-03-16T15:44:42+00:00\",\"breadcrumb\":{\"@id\":\"https:\\\/\\\/ksproducts.ca\\\/product\\\/walex-bio-active-holding-tank-treatment-for-rv-and-marine-holding-tank-systems\\\/#breadcrumb\"},\"inLanguage\":\"fr-CA\",\"potentialAction\":[{\"@type\":\"ReadAction\",\"target\":[\"https:\\\/\\\/ksproducts.ca\\\/product\\\/walex-bio-active-holding-tank-treatment-for-rv-and-marine-holding-tank-systems\\\/\"]}]},{\"@type\":\"ImageObject\",\"inLanguage\":\"fr-CA\",\"@id\":\"https:\\\/\\\/ksproducts.ca\\\/product\\\/walex-bio-active-holding-tank-treatment-for-rv-and-marine-holding-tank-systems\\\/#primaryimage\",\"url\":\"https:\\\/\\\/ksproducts.ca\\\/wp-content\\\/uploads\\\/2026\\\/03\\\/Walex-Bio-Active-Holding-Tank-Treatment-for-RV-and-Marine-Holding-Tank-Systems.webp\",\"contentUrl\":\"https:\\\/\\\/ksproducts.ca\\\/wp-content\\\/uploads\\\/2026\\\/03\\\/Walex-Bio-Active-Holding-Tank-Treatment-for-RV-and-Marine-Holding-Tank-Systems.webp\",\"width\":640,\"height\":640,\"caption\":\"Walex Bio Active Holding Tank Treatment for RV and Marine Holding Tank Systems\"},{\"@type\":\"BreadcrumbList\",\"@id\":\"https:\\\/\\\/ksproducts.ca\\\/product\\\/walex-bio-active-holding-tank-treatment-for-rv-and-marine-holding-tank-systems\\\/#breadcrumb\",\"itemListElement\":[{\"@type\":\"ListItem\",\"position\":1,\"name\":\"Home\",\"item\":\"https:\\\/\\\/ksproducts.ca\\\/\"},{\"@type\":\"ListItem\",\"position\":2,\"name\":\"Shop\",\"item\":\"https:\\\/\\\/ksproducts.ca\\\/shop\\\/\"},{\"@type\":\"ListItem\",\"position\":3,\"name\":\"Walex Bio-Active Holding Tank Treatment for RV and Marine Holding Tank Systems\"}]},{\"@type\":\"WebSite\",\"@id\":\"https:\\\/\\\/ksproducts.ca\\\/#website\",\"url\":\"https:\\\/\\\/ksproducts.ca\\\/\",\"name\":\"Ks Products\",\"description\":\"Outdoor cooking and living, made easy in Canada\",\"publisher\":{\"@id\":\"https:\\\/\\\/ksproducts.ca\\\/#organization\"},\"potentialAction\":[{\"@type\":\"SearchAction\",\"target\":{\"@type\":\"EntryPoint\",\"urlTemplate\":\"https:\\\/\\\/ksproducts.ca\\\/?s={search_term_string}\"},\"query-input\":{\"@type\":\"PropertyValueSpecification\",\"valueRequired\":true,\"valueName\":\"search_term_string\"}}],\"inLanguage\":\"fr-CA\"},{\"@type\":\"Organization\",\"@id\":\"https:\\\/\\\/ksproducts.ca\\\/#organization\",\"name\":\"Ks Products\",\"url\":\"https:\\\/\\\/ksproducts.ca\\\/\",\"logo\":{\"@type\":\"ImageObject\",\"inLanguage\":\"fr-CA\",\"@id\":\"https:\\\/\\\/ksproducts.ca\\\/#\\\/schema\\\/logo\\\/image\\\/\",\"url\":\"https:\\\/\\\/ksproducts.ca\\\/wp-content\\\/uploads\\\/2023\\\/09\\\/Kennedy-Sales-Logo-header-1.png\",\"contentUrl\":\"https:\\\/\\\/ksproducts.ca\\\/wp-content\\\/uploads\\\/2023\\\/09\\\/Kennedy-Sales-Logo-header-1.png\",\"width\":150,\"height\":77,\"caption\":\"Ks Products\"},\"image\":{\"@id\":\"https:\\\/\\\/ksproducts.ca\\\/#\\\/schema\\\/logo\\\/image\\\/\"}}]}<\/script>\n<!-- \/ Yoast SEO plugin. -->","yoast_head_json":{"title":"Walex Bio-Active Holding Tank Treatment for RV and Marine Holding Tank Systems - Ks Products","robots":{"index":"index","follow":"follow","max-snippet":"max-snippet:-1","max-image-preview":"max-image-preview:large","max-video-preview":"max-video-preview:-1"},"canonical":"https:\/\/ksproducts.ca\/fr\/product\/walex-bio-active-holding-tank-treatment-for-rv-and-marine-holding-tank-systems\/","og_locale":"fr_CA","og_type":"article","og_title":"Walex Bio-Active Holding Tank Treatment for RV and Marine Holding Tank Systems - Ks Products","og_description":"Prevents Clogging While Keeping Valves And Seals Lubricated,Environmentally Friendly Ingredients To Break Down And Liquefy Waste And Tissue By Speeding Up The Natural Composting Process,Fragrance Free,Non-Staining,Formaldehyde-Free,100 Percent Biodegradable,Biocide-Free","og_url":"https:\/\/ksproducts.ca\/fr\/product\/walex-bio-active-holding-tank-treatment-for-rv-and-marine-holding-tank-systems\/","og_site_name":"Ks Products","article_modified_time":"2026-03-16T15:44:42+00:00","og_image":[{"width":640,"height":640,"url":"https:\/\/ksproducts.ca\/wp-content\/uploads\/2026\/03\/Walex-Bio-Active-Holding-Tank-Treatment-for-RV-and-Marine-Holding-Tank-Systems.webp","type":"image\/webp"}],"twitter_card":"summary_large_image","twitter_misc":{"Estimation du temps de lecture":"1 minute"},"schema":{"@context":"https:\/\/schema.org","@graph":[{"@type":"WebPage","@id":"https:\/\/ksproducts.ca\/product\/walex-bio-active-holding-tank-treatment-for-rv-and-marine-holding-tank-systems\/","url":"https:\/\/ksproducts.ca\/product\/walex-bio-active-holding-tank-treatment-for-rv-and-marine-holding-tank-systems\/","name":"Walex Bio-Active Holding Tank Treatment for RV and Marine Holding Tank Systems - Ks Products","isPartOf":{"@id":"https:\/\/ksproducts.ca\/#website"},"primaryImageOfPage":{"@id":"https:\/\/ksproducts.ca\/product\/walex-bio-active-holding-tank-treatment-for-rv-and-marine-holding-tank-systems\/#primaryimage"},"image":{"@id":"https:\/\/ksproducts.ca\/product\/walex-bio-active-holding-tank-treatment-for-rv-and-marine-holding-tank-systems\/#primaryimage"},"thumbnailUrl":"https:\/\/ksproducts.ca\/wp-content\/uploads\/2026\/03\/Walex-Bio-Active-Holding-Tank-Treatment-for-RV-and-Marine-Holding-Tank-Systems.webp","datePublished":"2026-03-06T20:49:10+00:00","dateModified":"2026-03-16T15:44:42+00:00","breadcrumb":{"@id":"https:\/\/ksproducts.ca\/product\/walex-bio-active-holding-tank-treatment-for-rv-and-marine-holding-tank-systems\/#breadcrumb"},"inLanguage":"fr-CA","potentialAction":[{"@type":"ReadAction","target":["https:\/\/ksproducts.ca\/product\/walex-bio-active-holding-tank-treatment-for-rv-and-marine-holding-tank-systems\/"]}]},{"@type":"ImageObject","inLanguage":"fr-CA","@id":"https:\/\/ksproducts.ca\/product\/walex-bio-active-holding-tank-treatment-for-rv-and-marine-holding-tank-systems\/#primaryimage","url":"https:\/\/ksproducts.ca\/wp-content\/uploads\/2026\/03\/Walex-Bio-Active-Holding-Tank-Treatment-for-RV-and-Marine-Holding-Tank-Systems.webp","contentUrl":"https:\/\/ksproducts.ca\/wp-content\/uploads\/2026\/03\/Walex-Bio-Active-Holding-Tank-Treatment-for-RV-and-Marine-Holding-Tank-Systems.webp","width":640,"height":640,"caption":"Walex Bio Active Holding Tank Treatment for RV and Marine Holding Tank Systems"},{"@type":"BreadcrumbList","@id":"https:\/\/ksproducts.ca\/product\/walex-bio-active-holding-tank-treatment-for-rv-and-marine-holding-tank-systems\/#breadcrumb","itemListElement":[{"@type":"ListItem","position":1,"name":"Home","item":"https:\/\/ksproducts.ca\/"},{"@type":"ListItem","position":2,"name":"Shop","item":"https:\/\/ksproducts.ca\/shop\/"},{"@type":"ListItem","position":3,"name":"Walex Bio-Active Holding Tank Treatment for RV and Marine Holding Tank Systems"}]},{"@type":"WebSite","@id":"https:\/\/ksproducts.ca\/#website","url":"https:\/\/ksproducts.ca\/","name":"Produits Ks","description":"Cuisiner et vivre en plein air, c'est facile au Canada","publisher":{"@id":"https:\/\/ksproducts.ca\/#organization"},"potentialAction":[{"@type":"SearchAction","target":{"@type":"EntryPoint","urlTemplate":"https:\/\/ksproducts.ca\/?s={search_term_string}"},"query-input":{"@type":"PropertyValueSpecification","valueRequired":true,"valueName":"search_term_string"}}],"inLanguage":"fr-CA"},{"@type":"Organization","@id":"https:\/\/ksproducts.ca\/#organization","name":"Produits Ks","url":"https:\/\/ksproducts.ca\/","logo":{"@type":"ImageObject","inLanguage":"fr-CA","@id":"https:\/\/ksproducts.ca\/#\/schema\/logo\/image\/","url":"https:\/\/ksproducts.ca\/wp-content\/uploads\/2023\/09\/Kennedy-Sales-Logo-header-1.png","contentUrl":"https:\/\/ksproducts.ca\/wp-content\/uploads\/2023\/09\/Kennedy-Sales-Logo-header-1.png","width":150,"height":77,"caption":"Ks Products"},"image":{"@id":"https:\/\/ksproducts.ca\/#\/schema\/logo\/image\/"}}]}},"_links":{"self":[{"href":"https:\/\/ksproducts.ca\/fr\/wp-json\/wp\/v2\/product\/12013","targetHints":{"allow":["GET"]}}],"collection":[{"href":"https:\/\/ksproducts.ca\/fr\/wp-json\/wp\/v2\/product"}],"about":[{"href":"https:\/\/ksproducts.ca\/fr\/wp-json\/wp\/v2\/types\/product"}],"replies":[{"embeddable":true,"href":"https:\/\/ksproducts.ca\/fr\/wp-json\/wp\/v2\/comments?post=12013"}],"version-history":[{"count":1,"href":"https:\/\/ksproducts.ca\/fr\/wp-json\/wp\/v2\/product\/12013\/revisions"}],"predecessor-version":[{"id":12015,"href":"https:\/\/ksproducts.ca\/fr\/wp-json\/wp\/v2\/product\/12013\/revisions\/12015"}],"wp:featuredmedia":[{"embeddable":true,"href":"https:\/\/ksproducts.ca\/fr\/wp-json\/wp\/v2\/media\/12014"}],"wp:attachment":[{"href":"https:\/\/ksproducts.ca\/fr\/wp-json\/wp\/v2\/media?parent=12013"}],"wp:term":[{"taxonomy":"product_cat","embeddable":true,"href":"https:\/\/ksproducts.ca\/fr\/wp-json\/wp\/v2\/product_cat?post=12013"},{"taxonomy":"product_tag","embeddable":true,"href":"https:\/\/ksproducts.ca\/fr\/wp-json\/wp\/v2\/product_tag?post=12013"}],"curies":[{"name":"wp","href":"https:\/\/api.w.org\/{rel}","templated":true}]}}