{"id":12016,"date":"2026-03-06T20:53:19","date_gmt":"2026-03-06T20:53:19","guid":{"rendered":"https:\/\/ksproducts.ca\/?post_type=product&#038;p=12016"},"modified":"2026-03-16T15:46:11","modified_gmt":"2026-03-16T15:46:11","slug":"walex-bio-pak-drop-ins-for-rv-and-marine-holding-tank-systems-50-pack-mint","status":"publish","type":"product","link":"https:\/\/ksproducts.ca\/fr\/product\/walex-bio-pak-drop-ins-for-rv-and-marine-holding-tank-systems-50-pack-mint\/","title":{"rendered":"Walex Bio-Pak Drop-ins pour les syst\u00e8mes de r\u00e9servoirs d'eaux us\u00e9es des v\u00e9hicules de loisirs et des bateaux - 50 packs - Mint"},"content":{"rendered":"<ul>\n<li>Facile \u00e0 utiliser sans liquides d\u00e9sordonn\u00e9s<\/li>\n<li>Sans biocides<\/li>\n<li>Sans formald\u00e9hyde<\/li>\n<li>Sans danger pour les fosses septiques<\/li>\n<li>Liqu\u00e9fie tous les types de papier toilette, \u00e9liminant ainsi le besoin de papier toilette sp\u00e9cial !<\/li>\n<li>Une utilisation continue garantit qu'il n'y aura pas de probl\u00e8mes avec les tuyaux, les vannes et les joints.<\/li>\n<li>D\u00e9gradation rapide des d\u00e9chets et du papier<\/li>\n<li>Sac coulissant refermable pour un rangement facile<\/li>\n<li>Aucune garantie fournisseur<\/li>\n<\/ul>","protected":false},"excerpt":{"rendered":"<p>Traitement des r\u00e9servoirs d'eaux us\u00e9es, Bio-Pak \u00ae, traitement biologique utilis\u00e9 pour d\u00e9sodoriser les r\u00e9servoirs d'eaux noires, d\u00e9composer les d\u00e9chets solides, liqu\u00e9fier les tissus pour \u00e9viter les bouchons, sans formald\u00e9hyde, avec d\u00e9sodorisant, odeur fra\u00eeche, lubrifie les soupapes et nettoie le capteur, traite les r\u00e9servoirs d'eaux noires jusqu'\u00e0 50 gallons, sachets de 32 grammes \u00e0 dose individuelle, sac de 10 traitements.<\/p>","protected":false},"featured_media":12023,"comment_status":"open","ping_status":"closed","template":"","meta":[],"product_cat":[451],"product_tag":[],"class_list":{"0":"post-12016","1":"product","2":"type-product","3":"status-publish","4":"has-post-thumbnail","6":"product_cat-tools-equipment","7":"product_shipping_class-class-1","9":"first","10":"instock","11":"taxable","12":"shipping-taxable","13":"purchasable","14":"product-type-simple"},"yoast_head":"<!-- This site is optimized with the Yoast SEO plugin v27.4 - https:\/\/yoast.com\/product\/yoast-seo-wordpress\/ -->\n<title>Walex Bio-Pak Drop-ins for RV and Marine Holding Tank Systems - 50 pack - Mint - Ks Products<\/title>\n<meta name=\"robots\" content=\"index, follow, max-snippet:-1, max-image-preview:large, max-video-preview:-1\" \/>\n<link rel=\"canonical\" href=\"https:\/\/ksproducts.ca\/fr\/product\/walex-bio-pak-drop-ins-for-rv-and-marine-holding-tank-systems-50-pack-mint\/\" \/>\n<meta property=\"og:locale\" content=\"fr_CA\" \/>\n<meta property=\"og:type\" content=\"article\" \/>\n<meta property=\"og:title\" content=\"Walex Bio-Pak Drop-ins for RV and Marine Holding Tank Systems - 50 pack - Mint - Ks Products\" \/>\n<meta property=\"og:description\" content=\"Waste Holding Tank Treatment, Bio-Pak \u00ae, Biological Treatment Used To Deodorize Black Water Holding Tank\/ Break Down Solid Waste\/ Liquefy Tissue To Prevent Messy Clogs, Without Formaldehyde, With Deodorant, Fresh Scent, Lubricates Valves And Cleans Sensor, Treats Up To 50 Gallon Holding Tank, 32 Gram Drop-In Individual Dose Pouches, Bag Of 10 Treatment\" \/>\n<meta property=\"og:url\" content=\"https:\/\/ksproducts.ca\/fr\/product\/walex-bio-pak-drop-ins-for-rv-and-marine-holding-tank-systems-50-pack-mint\/\" \/>\n<meta property=\"og:site_name\" content=\"Ks Products\" \/>\n<meta property=\"article:modified_time\" content=\"2026-03-16T15:46:11+00:00\" \/>\n<meta property=\"og:image\" content=\"https:\/\/ksproducts.ca\/wp-content\/uploads\/2026\/03\/Walex-Bio-Pak-Drop-ins-for-RV-and-Marine-Holding-Tank-Systems-50-pack-Mint.jpg\" \/>\n\t<meta property=\"og:image:width\" content=\"719\" \/>\n\t<meta property=\"og:image:height\" content=\"800\" \/>\n\t<meta property=\"og:image:type\" content=\"image\/jpeg\" \/>\n<meta name=\"twitter:card\" content=\"summary_large_image\" \/>\n<meta name=\"twitter:label1\" content=\"Estimation du temps de lecture\" \/>\n\t<meta name=\"twitter:data1\" content=\"1 minute\" \/>\n<script type=\"application\/ld+json\" class=\"yoast-schema-graph\">{\"@context\":\"https:\\\/\\\/schema.org\",\"@graph\":[{\"@type\":\"WebPage\",\"@id\":\"https:\\\/\\\/ksproducts.ca\\\/product\\\/walex-bio-pak-drop-ins-for-rv-and-marine-holding-tank-systems-50-pack-mint\\\/\",\"url\":\"https:\\\/\\\/ksproducts.ca\\\/product\\\/walex-bio-pak-drop-ins-for-rv-and-marine-holding-tank-systems-50-pack-mint\\\/\",\"name\":\"Walex Bio-Pak Drop-ins for RV and Marine Holding Tank Systems - 50 pack - Mint - Ks Products\",\"isPartOf\":{\"@id\":\"https:\\\/\\\/ksproducts.ca\\\/#website\"},\"primaryImageOfPage\":{\"@id\":\"https:\\\/\\\/ksproducts.ca\\\/product\\\/walex-bio-pak-drop-ins-for-rv-and-marine-holding-tank-systems-50-pack-mint\\\/#primaryimage\"},\"image\":{\"@id\":\"https:\\\/\\\/ksproducts.ca\\\/product\\\/walex-bio-pak-drop-ins-for-rv-and-marine-holding-tank-systems-50-pack-mint\\\/#primaryimage\"},\"thumbnailUrl\":\"https:\\\/\\\/ksproducts.ca\\\/wp-content\\\/uploads\\\/2026\\\/03\\\/Walex-Bio-Pak-Drop-ins-for-RV-and-Marine-Holding-Tank-Systems-50-pack-Mint.jpg\",\"datePublished\":\"2026-03-06T20:53:19+00:00\",\"dateModified\":\"2026-03-16T15:46:11+00:00\",\"breadcrumb\":{\"@id\":\"https:\\\/\\\/ksproducts.ca\\\/product\\\/walex-bio-pak-drop-ins-for-rv-and-marine-holding-tank-systems-50-pack-mint\\\/#breadcrumb\"},\"inLanguage\":\"fr-CA\",\"potentialAction\":[{\"@type\":\"ReadAction\",\"target\":[\"https:\\\/\\\/ksproducts.ca\\\/product\\\/walex-bio-pak-drop-ins-for-rv-and-marine-holding-tank-systems-50-pack-mint\\\/\"]}]},{\"@type\":\"ImageObject\",\"inLanguage\":\"fr-CA\",\"@id\":\"https:\\\/\\\/ksproducts.ca\\\/product\\\/walex-bio-pak-drop-ins-for-rv-and-marine-holding-tank-systems-50-pack-mint\\\/#primaryimage\",\"url\":\"https:\\\/\\\/ksproducts.ca\\\/wp-content\\\/uploads\\\/2026\\\/03\\\/Walex-Bio-Pak-Drop-ins-for-RV-and-Marine-Holding-Tank-Systems-50-pack-Mint.jpg\",\"contentUrl\":\"https:\\\/\\\/ksproducts.ca\\\/wp-content\\\/uploads\\\/2026\\\/03\\\/Walex-Bio-Pak-Drop-ins-for-RV-and-Marine-Holding-Tank-Systems-50-pack-Mint.jpg\",\"width\":719,\"height\":800,\"caption\":\"Walex Bio Pak Drop ins for RV and Marine Holding Tank Systems 50 pack Mint\"},{\"@type\":\"BreadcrumbList\",\"@id\":\"https:\\\/\\\/ksproducts.ca\\\/product\\\/walex-bio-pak-drop-ins-for-rv-and-marine-holding-tank-systems-50-pack-mint\\\/#breadcrumb\",\"itemListElement\":[{\"@type\":\"ListItem\",\"position\":1,\"name\":\"Home\",\"item\":\"https:\\\/\\\/ksproducts.ca\\\/\"},{\"@type\":\"ListItem\",\"position\":2,\"name\":\"Shop\",\"item\":\"https:\\\/\\\/ksproducts.ca\\\/shop\\\/\"},{\"@type\":\"ListItem\",\"position\":3,\"name\":\"Walex Bio-Pak Drop-ins for RV and Marine Holding Tank Systems &#8211; 50 pack &#8211; Mint\"}]},{\"@type\":\"WebSite\",\"@id\":\"https:\\\/\\\/ksproducts.ca\\\/#website\",\"url\":\"https:\\\/\\\/ksproducts.ca\\\/\",\"name\":\"Ks Products\",\"description\":\"Outdoor cooking and living, made easy in Canada\",\"publisher\":{\"@id\":\"https:\\\/\\\/ksproducts.ca\\\/#organization\"},\"potentialAction\":[{\"@type\":\"SearchAction\",\"target\":{\"@type\":\"EntryPoint\",\"urlTemplate\":\"https:\\\/\\\/ksproducts.ca\\\/?s={search_term_string}\"},\"query-input\":{\"@type\":\"PropertyValueSpecification\",\"valueRequired\":true,\"valueName\":\"search_term_string\"}}],\"inLanguage\":\"fr-CA\"},{\"@type\":\"Organization\",\"@id\":\"https:\\\/\\\/ksproducts.ca\\\/#organization\",\"name\":\"Ks Products\",\"url\":\"https:\\\/\\\/ksproducts.ca\\\/\",\"logo\":{\"@type\":\"ImageObject\",\"inLanguage\":\"fr-CA\",\"@id\":\"https:\\\/\\\/ksproducts.ca\\\/#\\\/schema\\\/logo\\\/image\\\/\",\"url\":\"https:\\\/\\\/ksproducts.ca\\\/wp-content\\\/uploads\\\/2023\\\/09\\\/Kennedy-Sales-Logo-header-1.png\",\"contentUrl\":\"https:\\\/\\\/ksproducts.ca\\\/wp-content\\\/uploads\\\/2023\\\/09\\\/Kennedy-Sales-Logo-header-1.png\",\"width\":150,\"height\":77,\"caption\":\"Ks Products\"},\"image\":{\"@id\":\"https:\\\/\\\/ksproducts.ca\\\/#\\\/schema\\\/logo\\\/image\\\/\"}}]}<\/script>\n<!-- \/ Yoast SEO plugin. -->","yoast_head_json":{"title":"Walex Bio-Pak Drop-ins pour syst\u00e8mes de r\u00e9servoirs de r\u00e9tention pour camping-cars et marine - Lot de 50 - Menthe - Produits Ks","robots":{"index":"index","follow":"follow","max-snippet":"max-snippet:-1","max-image-preview":"max-image-preview:large","max-video-preview":"max-video-preview:-1"},"canonical":"https:\/\/ksproducts.ca\/fr\/product\/walex-bio-pak-drop-ins-for-rv-and-marine-holding-tank-systems-50-pack-mint\/","og_locale":"fr_CA","og_type":"article","og_title":"Walex Bio-Pak Drop-ins for RV and Marine Holding Tank Systems - 50 pack - Mint - Ks Products","og_description":"Waste Holding Tank Treatment, Bio-Pak \u00ae, Biological Treatment Used To Deodorize Black Water Holding Tank\/ Break Down Solid Waste\/ Liquefy Tissue To Prevent Messy Clogs, Without Formaldehyde, With Deodorant, Fresh Scent, Lubricates Valves And Cleans Sensor, Treats Up To 50 Gallon Holding Tank, 32 Gram Drop-In Individual Dose Pouches, Bag Of 10 Treatment","og_url":"https:\/\/ksproducts.ca\/fr\/product\/walex-bio-pak-drop-ins-for-rv-and-marine-holding-tank-systems-50-pack-mint\/","og_site_name":"Ks Products","article_modified_time":"2026-03-16T15:46:11+00:00","og_image":[{"width":719,"height":800,"url":"https:\/\/ksproducts.ca\/wp-content\/uploads\/2026\/03\/Walex-Bio-Pak-Drop-ins-for-RV-and-Marine-Holding-Tank-Systems-50-pack-Mint.jpg","type":"image\/jpeg"}],"twitter_card":"summary_large_image","twitter_misc":{"Estimation du temps de lecture":"1 minute"},"schema":{"@context":"https:\/\/schema.org","@graph":[{"@type":"WebPage","@id":"https:\/\/ksproducts.ca\/product\/walex-bio-pak-drop-ins-for-rv-and-marine-holding-tank-systems-50-pack-mint\/","url":"https:\/\/ksproducts.ca\/product\/walex-bio-pak-drop-ins-for-rv-and-marine-holding-tank-systems-50-pack-mint\/","name":"Walex Bio-Pak Drop-ins pour syst\u00e8mes de r\u00e9servoirs de r\u00e9tention pour camping-cars et marine - Lot de 50 - Menthe - Produits Ks","isPartOf":{"@id":"https:\/\/ksproducts.ca\/#website"},"primaryImageOfPage":{"@id":"https:\/\/ksproducts.ca\/product\/walex-bio-pak-drop-ins-for-rv-and-marine-holding-tank-systems-50-pack-mint\/#primaryimage"},"image":{"@id":"https:\/\/ksproducts.ca\/product\/walex-bio-pak-drop-ins-for-rv-and-marine-holding-tank-systems-50-pack-mint\/#primaryimage"},"thumbnailUrl":"https:\/\/ksproducts.ca\/wp-content\/uploads\/2026\/03\/Walex-Bio-Pak-Drop-ins-for-RV-and-Marine-Holding-Tank-Systems-50-pack-Mint.jpg","datePublished":"2026-03-06T20:53:19+00:00","dateModified":"2026-03-16T15:46:11+00:00","breadcrumb":{"@id":"https:\/\/ksproducts.ca\/product\/walex-bio-pak-drop-ins-for-rv-and-marine-holding-tank-systems-50-pack-mint\/#breadcrumb"},"inLanguage":"fr-CA","potentialAction":[{"@type":"ReadAction","target":["https:\/\/ksproducts.ca\/product\/walex-bio-pak-drop-ins-for-rv-and-marine-holding-tank-systems-50-pack-mint\/"]}]},{"@type":"ImageObject","inLanguage":"fr-CA","@id":"https:\/\/ksproducts.ca\/product\/walex-bio-pak-drop-ins-for-rv-and-marine-holding-tank-systems-50-pack-mint\/#primaryimage","url":"https:\/\/ksproducts.ca\/wp-content\/uploads\/2026\/03\/Walex-Bio-Pak-Drop-ins-for-RV-and-Marine-Holding-Tank-Systems-50-pack-Mint.jpg","contentUrl":"https:\/\/ksproducts.ca\/wp-content\/uploads\/2026\/03\/Walex-Bio-Pak-Drop-ins-for-RV-and-Marine-Holding-Tank-Systems-50-pack-Mint.jpg","width":719,"height":800,"caption":"Walex Bio Pak Drop ins for RV and Marine Holding Tank Systems 50 pack Mint"},{"@type":"BreadcrumbList","@id":"https:\/\/ksproducts.ca\/product\/walex-bio-pak-drop-ins-for-rv-and-marine-holding-tank-systems-50-pack-mint\/#breadcrumb","itemListElement":[{"@type":"ListItem","position":1,"name":"Home","item":"https:\/\/ksproducts.ca\/"},{"@type":"ListItem","position":2,"name":"Shop","item":"https:\/\/ksproducts.ca\/shop\/"},{"@type":"ListItem","position":3,"name":"Walex Bio-Pak Drop-ins for RV and Marine Holding Tank Systems &#8211; 50 pack &#8211; Mint"}]},{"@type":"WebSite","@id":"https:\/\/ksproducts.ca\/#website","url":"https:\/\/ksproducts.ca\/","name":"Produits Ks","description":"Cuisiner et vivre en plein air, c'est facile au Canada","publisher":{"@id":"https:\/\/ksproducts.ca\/#organization"},"potentialAction":[{"@type":"SearchAction","target":{"@type":"EntryPoint","urlTemplate":"https:\/\/ksproducts.ca\/?s={search_term_string}"},"query-input":{"@type":"PropertyValueSpecification","valueRequired":true,"valueName":"search_term_string"}}],"inLanguage":"fr-CA"},{"@type":"Organization","@id":"https:\/\/ksproducts.ca\/#organization","name":"Produits Ks","url":"https:\/\/ksproducts.ca\/","logo":{"@type":"ImageObject","inLanguage":"fr-CA","@id":"https:\/\/ksproducts.ca\/#\/schema\/logo\/image\/","url":"https:\/\/ksproducts.ca\/wp-content\/uploads\/2023\/09\/Kennedy-Sales-Logo-header-1.png","contentUrl":"https:\/\/ksproducts.ca\/wp-content\/uploads\/2023\/09\/Kennedy-Sales-Logo-header-1.png","width":150,"height":77,"caption":"Ks Products"},"image":{"@id":"https:\/\/ksproducts.ca\/#\/schema\/logo\/image\/"}}]}},"_links":{"self":[{"href":"https:\/\/ksproducts.ca\/fr\/wp-json\/wp\/v2\/product\/12016","targetHints":{"allow":["GET"]}}],"collection":[{"href":"https:\/\/ksproducts.ca\/fr\/wp-json\/wp\/v2\/product"}],"about":[{"href":"https:\/\/ksproducts.ca\/fr\/wp-json\/wp\/v2\/types\/product"}],"replies":[{"embeddable":true,"href":"https:\/\/ksproducts.ca\/fr\/wp-json\/wp\/v2\/comments?post=12016"}],"version-history":[{"count":1,"href":"https:\/\/ksproducts.ca\/fr\/wp-json\/wp\/v2\/product\/12016\/revisions"}],"predecessor-version":[{"id":12018,"href":"https:\/\/ksproducts.ca\/fr\/wp-json\/wp\/v2\/product\/12016\/revisions\/12018"}],"wp:featuredmedia":[{"embeddable":true,"href":"https:\/\/ksproducts.ca\/fr\/wp-json\/wp\/v2\/media\/12023"}],"wp:attachment":[{"href":"https:\/\/ksproducts.ca\/fr\/wp-json\/wp\/v2\/media?parent=12016"}],"wp:term":[{"taxonomy":"product_cat","embeddable":true,"href":"https:\/\/ksproducts.ca\/fr\/wp-json\/wp\/v2\/product_cat?post=12016"},{"taxonomy":"product_tag","embeddable":true,"href":"https:\/\/ksproducts.ca\/fr\/wp-json\/wp\/v2\/product_tag?post=12016"}],"curies":[{"name":"wp","href":"https:\/\/api.w.org\/{rel}","templated":true}]}}