{"id":12019,"date":"2026-03-06T20:58:00","date_gmt":"2026-03-06T20:58:00","guid":{"rendered":"https:\/\/ksproducts.ca\/?post_type=product&#038;p=12019"},"modified":"2026-03-16T15:46:53","modified_gmt":"2026-03-16T15:46:53","slug":"walex-bio-pak-pour-systemes-de-reservoirs-pour-camping-cars-et-bateaux-lot-de-10-fraicheur-alpine","status":"publish","type":"product","link":"https:\/\/ksproducts.ca\/fr\/product\/walex-bio-pak-drop-ins-for-rv-and-marine-holding-tank-systems-10-pack-alpine-fresh\/","title":{"rendered":"Walex Bio-Pak Drop-ins pour les syst\u00e8mes de r\u00e9servoirs d'eaux us\u00e9es des v\u00e9hicules de loisirs et des bateaux - paquet de 10 - Alpine Fresh"},"content":{"rendered":"<ul class=\"a-unordered-list a-vertical a-spacing-mini\">\n<li class=\"a-spacing-mini\"><span class=\"a-list-item\">D\u00c9GRADATION NATURELLE DES D\u00c9CHETS \u2013 D\u00e9grade rapidement les d\u00e9chets et le papier toilette tenace, assurant le bon fonctionnement des capteurs de votre r\u00e9servoir et une performance optimale de votre syst\u00e8me. Pas besoin de papier toilette de qualit\u00e9 camping-car.<\/span><\/li>\n<li class=\"a-spacing-mini\"><span class=\"a-list-item\">D\u00c9SODORISANT POUR R\u00c9SERVOIR D'ENZYMES \u2013 Les pastilles d\u00e9sodorisantes Bio-Pak pour r\u00e9servoirs marins et de camping-car contiennent de puissantes enzymes qui liqu\u00e9fient les d\u00e9chets et \u00e9liminent les mauvaises odeurs. Il suffit de les d\u00e9poser, couleur non tachante.<\/span><\/li>\n<li class=\"a-spacing-mini\"><span class=\"a-list-item\">POLYVALENT POUR TOUTES LES CUVES \u2013 Notre d\u00e9sodorisant pour cuves noires pour camping-cars et bateaux nettoie les cuves de 9,5 \u00e0 151 litres. Id\u00e9al pour le camping-car, la navigation de plaisance, le camping isol\u00e9 et les toilettes portables de camping.<\/span><\/li>\n<li class=\"a-spacing-mini\"><span class=\"a-list-item\">OC\u00c9AN BRUME 10 PACK \u2013 Dites adieu aux odeurs embarrassantes avec nos pastilles pour toilettes marines et pour camping-cars. De plus, notre d\u00e9sodorisant pour toilettes de bateau et de camping-car est sans danger pour les fosses septiques et respectueux des campings.<\/span><\/li>\n<li class=\"a-spacing-mini\"><span class=\"a-list-item\">FABRIQU\u00c9 AUX \u00c9TATS-UNIS \u2013 Walex est un leader mondial dans le d\u00e9veloppement et la fabrication de produits haut de gamme de contr\u00f4le des odeurs et d'assainissement depuis 1987.<\/span><\/li>\n<\/ul>","protected":false},"excerpt":{"rendered":"<p>Vous en avez assez de lutter contre les odeurs d\u00e9sagr\u00e9ables et de vous d\u00e9battre avec des r\u00e9servoirs noirs obstru\u00e9s ? Ne cherchez pas plus loin que le d\u00e9sodorisant enzymatique Bio-Pak pour r\u00e9servoirs de r\u00e9tention de v\u00e9hicules r\u00e9cr\u00e9atifs et de bateaux, votre solution ultime pour une exp\u00e9rience immacul\u00e9e en v\u00e9hicule r\u00e9cr\u00e9atif ou en bateau. Le d\u00e9sodorisant Bio-Pak pour VR et toilettes marines est l'ultime nettoyant pour toilettes marines, d\u00e9sodorisant pour r\u00e9servoirs de camping, d\u00e9sodorisant pour toilettes portables et d\u00e9sodorisant pour r\u00e9servoirs noirs pour les VR et les bateaux. Notre formule contient de puissants enzymes qui non seulement contr\u00f4lent les odeurs, mais d\u00e9composent aussi efficacement le papier et les d\u00e9chets. Nos languettes innovantes, solubles dans l'eau, sont con\u00e7ues pour vous faciliter la t\u00e2che. Il suffit d'en d\u00e9poser une et le nettoyant Bio-Pak pour toilettes de v\u00e9hicules de plaisance et de bateaux commence \u00e0 agir imm\u00e9diatement, sans d\u00e9versement d\u00e9sagr\u00e9able. L'utilisation continue aide les tuyaux, les valves et les joints \u00e0 fonctionner en douceur. Les dosettes Bio-Pak pour r\u00e9servoirs noirs de bateaux et de v\u00e9hicules r\u00e9cr\u00e9atifs sont respectueuses de l'environnement. Notre formule sans danger pour les fosses septiques se d\u00e9compose naturellement et est adapt\u00e9e aux terrains de camping, ce qui vous permet de laisser une empreinte minimale sur l'environnement. Ne laissez pas les odeurs d\u00e9sagr\u00e9ables et les bouchons g\u00e2cher votre voyage. Am\u00e9liorez votre v\u00e9hicule r\u00e9cr\u00e9atif ou votre bateau avec le d\u00e9sodorisant de r\u00e9servoir \u00e0 eaux noires Walex Bio-Pak RV et le digesteur de d\u00e9chets.<\/p>","protected":false},"featured_media":12020,"comment_status":"open","ping_status":"closed","template":"","meta":[],"product_cat":[451],"product_tag":[],"class_list":{"0":"post-12019","1":"product","2":"type-product","3":"status-publish","4":"has-post-thumbnail","6":"product_cat-tools-equipment","7":"product_shipping_class-class-1","9":"first","10":"instock","11":"taxable","12":"shipping-taxable","13":"purchasable","14":"product-type-simple"},"yoast_head":"<!-- This site is optimized with the Yoast SEO plugin v27.4 - https:\/\/yoast.com\/product\/yoast-seo-wordpress\/ -->\n<title>Walex Bio-Pak Drop-ins for RV and Marine Holding Tank Systems - 10 pack - Alpine Fresh - Ks Products<\/title>\n<meta name=\"robots\" content=\"index, follow, max-snippet:-1, max-image-preview:large, max-video-preview:-1\" \/>\n<link rel=\"canonical\" href=\"https:\/\/ksproducts.ca\/fr\/product\/walex-bio-pak-pour-systemes-de-reservoirs-pour-camping-cars-et-bateaux-lot-de-10-fraicheur-alpine\/\" \/>\n<meta property=\"og:locale\" content=\"fr_CA\" \/>\n<meta property=\"og:type\" content=\"article\" \/>\n<meta property=\"og:title\" content=\"Walex Bio-Pak Drop-ins for RV and Marine Holding Tank Systems - 10 pack - Alpine Fresh - Ks Products\" \/>\n<meta property=\"og:description\" content=\"Tired of battling unpleasant odors and struggling with clogged black tanks? Look no further than Bio-Pak enzyme RV and marine holding tank deodorizer, your ultimate solution for a pristine RV or marine experience. Bio-Pak RV and marine toilet deodorizer is the ultimate marine toilet cleaner, camper tank deodorizer, portable toilet deodorizer, and black tank deodorizer for RVs and boats. Our formula contains powerful enzymes that not only control odors but also efficiently break down paper and waste. Our innovative, water-soluble tabs are designed for your convenience. Simply drop one in, and Bio-Pak RV and boat toilet cleaner starts working immediately without any messy spills. Continued use helps pipes, valves, and seals stay working smoothly. Bio-Pak marine and RV black tank pods are environmentally responsible. Our septic system-safe formula breaks down naturally and is campground friendly, ensuring you leave a minimal footprint on the outdoors. Don&#039;t let unpleasant odors and clogs spoil your journey. Upgrade your RV or boat with Walex Bio-Pak RV black holding tank deodorizer drop-ins and waste digester.\" \/>\n<meta property=\"og:url\" content=\"https:\/\/ksproducts.ca\/fr\/product\/walex-bio-pak-pour-systemes-de-reservoirs-pour-camping-cars-et-bateaux-lot-de-10-fraicheur-alpine\/\" \/>\n<meta property=\"og:site_name\" content=\"Ks Products\" \/>\n<meta property=\"article:modified_time\" content=\"2026-03-16T15:46:53+00:00\" \/>\n<meta property=\"og:image\" content=\"https:\/\/ksproducts.ca\/wp-content\/uploads\/2026\/03\/Walex-Bio-Pak-Drop-ins-for-RV-and-Marine-Holding-Tank-Systems-10-pack-Alpine-Fresh.jpg\" \/>\n\t<meta property=\"og:image:width\" content=\"425\" \/>\n\t<meta property=\"og:image:height\" content=\"479\" \/>\n\t<meta property=\"og:image:type\" content=\"image\/jpeg\" \/>\n<meta name=\"twitter:card\" content=\"summary_large_image\" \/>\n<meta name=\"twitter:label1\" content=\"Estimation du temps de lecture\" \/>\n\t<meta name=\"twitter:data1\" content=\"1 minute\" \/>\n<script type=\"application\/ld+json\" class=\"yoast-schema-graph\">{\"@context\":\"https:\\\/\\\/schema.org\",\"@graph\":[{\"@type\":\"WebPage\",\"@id\":\"https:\\\/\\\/ksproducts.ca\\\/product\\\/walex-bio-pak-drop-ins-for-rv-and-marine-holding-tank-systems-10-pack-alpine-fresh\\\/\",\"url\":\"https:\\\/\\\/ksproducts.ca\\\/product\\\/walex-bio-pak-drop-ins-for-rv-and-marine-holding-tank-systems-10-pack-alpine-fresh\\\/\",\"name\":\"Walex Bio-Pak Drop-ins for RV and Marine Holding Tank Systems - 10 pack - Alpine Fresh - Ks Products\",\"isPartOf\":{\"@id\":\"https:\\\/\\\/ksproducts.ca\\\/#website\"},\"primaryImageOfPage\":{\"@id\":\"https:\\\/\\\/ksproducts.ca\\\/product\\\/walex-bio-pak-drop-ins-for-rv-and-marine-holding-tank-systems-10-pack-alpine-fresh\\\/#primaryimage\"},\"image\":{\"@id\":\"https:\\\/\\\/ksproducts.ca\\\/product\\\/walex-bio-pak-drop-ins-for-rv-and-marine-holding-tank-systems-10-pack-alpine-fresh\\\/#primaryimage\"},\"thumbnailUrl\":\"https:\\\/\\\/ksproducts.ca\\\/wp-content\\\/uploads\\\/2026\\\/03\\\/Walex-Bio-Pak-Drop-ins-for-RV-and-Marine-Holding-Tank-Systems-10-pack-Alpine-Fresh.jpg\",\"datePublished\":\"2026-03-06T20:58:00+00:00\",\"dateModified\":\"2026-03-16T15:46:53+00:00\",\"breadcrumb\":{\"@id\":\"https:\\\/\\\/ksproducts.ca\\\/product\\\/walex-bio-pak-drop-ins-for-rv-and-marine-holding-tank-systems-10-pack-alpine-fresh\\\/#breadcrumb\"},\"inLanguage\":\"fr-CA\",\"potentialAction\":[{\"@type\":\"ReadAction\",\"target\":[\"https:\\\/\\\/ksproducts.ca\\\/product\\\/walex-bio-pak-drop-ins-for-rv-and-marine-holding-tank-systems-10-pack-alpine-fresh\\\/\"]}]},{\"@type\":\"ImageObject\",\"inLanguage\":\"fr-CA\",\"@id\":\"https:\\\/\\\/ksproducts.ca\\\/product\\\/walex-bio-pak-drop-ins-for-rv-and-marine-holding-tank-systems-10-pack-alpine-fresh\\\/#primaryimage\",\"url\":\"https:\\\/\\\/ksproducts.ca\\\/wp-content\\\/uploads\\\/2026\\\/03\\\/Walex-Bio-Pak-Drop-ins-for-RV-and-Marine-Holding-Tank-Systems-10-pack-Alpine-Fresh.jpg\",\"contentUrl\":\"https:\\\/\\\/ksproducts.ca\\\/wp-content\\\/uploads\\\/2026\\\/03\\\/Walex-Bio-Pak-Drop-ins-for-RV-and-Marine-Holding-Tank-Systems-10-pack-Alpine-Fresh.jpg\",\"width\":425,\"height\":479,\"caption\":\"Walex Bio Pak Drop ins for RV and Marine Holding Tank Systems 10 pack Alpine Fresh\"},{\"@type\":\"BreadcrumbList\",\"@id\":\"https:\\\/\\\/ksproducts.ca\\\/product\\\/walex-bio-pak-drop-ins-for-rv-and-marine-holding-tank-systems-10-pack-alpine-fresh\\\/#breadcrumb\",\"itemListElement\":[{\"@type\":\"ListItem\",\"position\":1,\"name\":\"Home\",\"item\":\"https:\\\/\\\/ksproducts.ca\\\/\"},{\"@type\":\"ListItem\",\"position\":2,\"name\":\"Shop\",\"item\":\"https:\\\/\\\/ksproducts.ca\\\/shop\\\/\"},{\"@type\":\"ListItem\",\"position\":3,\"name\":\"Walex Bio-Pak Drop-ins for RV and Marine Holding Tank Systems &#8211; 10 pack &#8211; Alpine Fresh\"}]},{\"@type\":\"WebSite\",\"@id\":\"https:\\\/\\\/ksproducts.ca\\\/#website\",\"url\":\"https:\\\/\\\/ksproducts.ca\\\/\",\"name\":\"Ks Products\",\"description\":\"Outdoor cooking and living, made easy in Canada\",\"publisher\":{\"@id\":\"https:\\\/\\\/ksproducts.ca\\\/#organization\"},\"potentialAction\":[{\"@type\":\"SearchAction\",\"target\":{\"@type\":\"EntryPoint\",\"urlTemplate\":\"https:\\\/\\\/ksproducts.ca\\\/?s={search_term_string}\"},\"query-input\":{\"@type\":\"PropertyValueSpecification\",\"valueRequired\":true,\"valueName\":\"search_term_string\"}}],\"inLanguage\":\"fr-CA\"},{\"@type\":\"Organization\",\"@id\":\"https:\\\/\\\/ksproducts.ca\\\/#organization\",\"name\":\"Ks Products\",\"url\":\"https:\\\/\\\/ksproducts.ca\\\/\",\"logo\":{\"@type\":\"ImageObject\",\"inLanguage\":\"fr-CA\",\"@id\":\"https:\\\/\\\/ksproducts.ca\\\/#\\\/schema\\\/logo\\\/image\\\/\",\"url\":\"https:\\\/\\\/ksproducts.ca\\\/wp-content\\\/uploads\\\/2023\\\/09\\\/Kennedy-Sales-Logo-header-1.png\",\"contentUrl\":\"https:\\\/\\\/ksproducts.ca\\\/wp-content\\\/uploads\\\/2023\\\/09\\\/Kennedy-Sales-Logo-header-1.png\",\"width\":150,\"height\":77,\"caption\":\"Ks Products\"},\"image\":{\"@id\":\"https:\\\/\\\/ksproducts.ca\\\/#\\\/schema\\\/logo\\\/image\\\/\"}}]}<\/script>\n<!-- \/ Yoast SEO plugin. -->","yoast_head_json":{"title":"Walex Bio-Pak Drop-ins pour syst\u00e8mes de r\u00e9servoirs \u00e0 eau us\u00e9e pour camping-cars et bateaux - Paquet de 10 - Fra\u00eecheur Alpine - Produits Ks","robots":{"index":"index","follow":"follow","max-snippet":"max-snippet:-1","max-image-preview":"max-image-preview:large","max-video-preview":"max-video-preview:-1"},"canonical":"https:\/\/ksproducts.ca\/fr\/product\/walex-bio-pak-pour-systemes-de-reservoirs-pour-camping-cars-et-bateaux-lot-de-10-fraicheur-alpine\/","og_locale":"fr_CA","og_type":"article","og_title":"Walex Bio-Pak Drop-ins for RV and Marine Holding Tank Systems - 10 pack - Alpine Fresh - Ks Products","og_description":"Tired of battling unpleasant odors and struggling with clogged black tanks? Look no further than Bio-Pak enzyme RV and marine holding tank deodorizer, your ultimate solution for a pristine RV or marine experience. Bio-Pak RV and marine toilet deodorizer is the ultimate marine toilet cleaner, camper tank deodorizer, portable toilet deodorizer, and black tank deodorizer for RVs and boats. Our formula contains powerful enzymes that not only control odors but also efficiently break down paper and waste. Our innovative, water-soluble tabs are designed for your convenience. Simply drop one in, and Bio-Pak RV and boat toilet cleaner starts working immediately without any messy spills. Continued use helps pipes, valves, and seals stay working smoothly. Bio-Pak marine and RV black tank pods are environmentally responsible. Our septic system-safe formula breaks down naturally and is campground friendly, ensuring you leave a minimal footprint on the outdoors. Don't let unpleasant odors and clogs spoil your journey. Upgrade your RV or boat with Walex Bio-Pak RV black holding tank deodorizer drop-ins and waste digester.","og_url":"https:\/\/ksproducts.ca\/fr\/product\/walex-bio-pak-pour-systemes-de-reservoirs-pour-camping-cars-et-bateaux-lot-de-10-fraicheur-alpine\/","og_site_name":"Ks Products","article_modified_time":"2026-03-16T15:46:53+00:00","og_image":[{"width":425,"height":479,"url":"https:\/\/ksproducts.ca\/wp-content\/uploads\/2026\/03\/Walex-Bio-Pak-Drop-ins-for-RV-and-Marine-Holding-Tank-Systems-10-pack-Alpine-Fresh.jpg","type":"image\/jpeg"}],"twitter_card":"summary_large_image","twitter_misc":{"Estimation du temps de lecture":"1 minute"},"schema":{"@context":"https:\/\/schema.org","@graph":[{"@type":"WebPage","@id":"https:\/\/ksproducts.ca\/product\/walex-bio-pak-drop-ins-for-rv-and-marine-holding-tank-systems-10-pack-alpine-fresh\/","url":"https:\/\/ksproducts.ca\/product\/walex-bio-pak-drop-ins-for-rv-and-marine-holding-tank-systems-10-pack-alpine-fresh\/","name":"Walex Bio-Pak Drop-ins pour syst\u00e8mes de r\u00e9servoirs \u00e0 eau us\u00e9e pour camping-cars et bateaux - Paquet de 10 - Fra\u00eecheur Alpine - Produits Ks","isPartOf":{"@id":"https:\/\/ksproducts.ca\/#website"},"primaryImageOfPage":{"@id":"https:\/\/ksproducts.ca\/product\/walex-bio-pak-drop-ins-for-rv-and-marine-holding-tank-systems-10-pack-alpine-fresh\/#primaryimage"},"image":{"@id":"https:\/\/ksproducts.ca\/product\/walex-bio-pak-drop-ins-for-rv-and-marine-holding-tank-systems-10-pack-alpine-fresh\/#primaryimage"},"thumbnailUrl":"https:\/\/ksproducts.ca\/wp-content\/uploads\/2026\/03\/Walex-Bio-Pak-Drop-ins-for-RV-and-Marine-Holding-Tank-Systems-10-pack-Alpine-Fresh.jpg","datePublished":"2026-03-06T20:58:00+00:00","dateModified":"2026-03-16T15:46:53+00:00","breadcrumb":{"@id":"https:\/\/ksproducts.ca\/product\/walex-bio-pak-drop-ins-for-rv-and-marine-holding-tank-systems-10-pack-alpine-fresh\/#breadcrumb"},"inLanguage":"fr-CA","potentialAction":[{"@type":"ReadAction","target":["https:\/\/ksproducts.ca\/product\/walex-bio-pak-drop-ins-for-rv-and-marine-holding-tank-systems-10-pack-alpine-fresh\/"]}]},{"@type":"ImageObject","inLanguage":"fr-CA","@id":"https:\/\/ksproducts.ca\/product\/walex-bio-pak-drop-ins-for-rv-and-marine-holding-tank-systems-10-pack-alpine-fresh\/#primaryimage","url":"https:\/\/ksproducts.ca\/wp-content\/uploads\/2026\/03\/Walex-Bio-Pak-Drop-ins-for-RV-and-Marine-Holding-Tank-Systems-10-pack-Alpine-Fresh.jpg","contentUrl":"https:\/\/ksproducts.ca\/wp-content\/uploads\/2026\/03\/Walex-Bio-Pak-Drop-ins-for-RV-and-Marine-Holding-Tank-Systems-10-pack-Alpine-Fresh.jpg","width":425,"height":479,"caption":"Walex Bio Pak Drop ins for RV and Marine Holding Tank Systems 10 pack Alpine Fresh"},{"@type":"BreadcrumbList","@id":"https:\/\/ksproducts.ca\/product\/walex-bio-pak-drop-ins-for-rv-and-marine-holding-tank-systems-10-pack-alpine-fresh\/#breadcrumb","itemListElement":[{"@type":"ListItem","position":1,"name":"Home","item":"https:\/\/ksproducts.ca\/"},{"@type":"ListItem","position":2,"name":"Shop","item":"https:\/\/ksproducts.ca\/shop\/"},{"@type":"ListItem","position":3,"name":"Walex Bio-Pak Drop-ins for RV and Marine Holding Tank Systems &#8211; 10 pack &#8211; Alpine Fresh"}]},{"@type":"WebSite","@id":"https:\/\/ksproducts.ca\/#website","url":"https:\/\/ksproducts.ca\/","name":"Produits Ks","description":"Cuisiner et vivre en plein air, c'est facile au Canada","publisher":{"@id":"https:\/\/ksproducts.ca\/#organization"},"potentialAction":[{"@type":"SearchAction","target":{"@type":"EntryPoint","urlTemplate":"https:\/\/ksproducts.ca\/?s={search_term_string}"},"query-input":{"@type":"PropertyValueSpecification","valueRequired":true,"valueName":"search_term_string"}}],"inLanguage":"fr-CA"},{"@type":"Organization","@id":"https:\/\/ksproducts.ca\/#organization","name":"Produits Ks","url":"https:\/\/ksproducts.ca\/","logo":{"@type":"ImageObject","inLanguage":"fr-CA","@id":"https:\/\/ksproducts.ca\/#\/schema\/logo\/image\/","url":"https:\/\/ksproducts.ca\/wp-content\/uploads\/2023\/09\/Kennedy-Sales-Logo-header-1.png","contentUrl":"https:\/\/ksproducts.ca\/wp-content\/uploads\/2023\/09\/Kennedy-Sales-Logo-header-1.png","width":150,"height":77,"caption":"Ks Products"},"image":{"@id":"https:\/\/ksproducts.ca\/#\/schema\/logo\/image\/"}}]}},"_links":{"self":[{"href":"https:\/\/ksproducts.ca\/fr\/wp-json\/wp\/v2\/product\/12019","targetHints":{"allow":["GET"]}}],"collection":[{"href":"https:\/\/ksproducts.ca\/fr\/wp-json\/wp\/v2\/product"}],"about":[{"href":"https:\/\/ksproducts.ca\/fr\/wp-json\/wp\/v2\/types\/product"}],"replies":[{"embeddable":true,"href":"https:\/\/ksproducts.ca\/fr\/wp-json\/wp\/v2\/comments?post=12019"}],"version-history":[{"count":1,"href":"https:\/\/ksproducts.ca\/fr\/wp-json\/wp\/v2\/product\/12019\/revisions"}],"predecessor-version":[{"id":12022,"href":"https:\/\/ksproducts.ca\/fr\/wp-json\/wp\/v2\/product\/12019\/revisions\/12022"}],"wp:featuredmedia":[{"embeddable":true,"href":"https:\/\/ksproducts.ca\/fr\/wp-json\/wp\/v2\/media\/12020"}],"wp:attachment":[{"href":"https:\/\/ksproducts.ca\/fr\/wp-json\/wp\/v2\/media?parent=12019"}],"wp:term":[{"taxonomy":"product_cat","embeddable":true,"href":"https:\/\/ksproducts.ca\/fr\/wp-json\/wp\/v2\/product_cat?post=12019"},{"taxonomy":"product_tag","embeddable":true,"href":"https:\/\/ksproducts.ca\/fr\/wp-json\/wp\/v2\/product_tag?post=12019"}],"curies":[{"name":"wp","href":"https:\/\/api.w.org\/{rel}","templated":true}]}}