{"id":12025,"date":"2026-03-09T18:33:50","date_gmt":"2026-03-09T18:33:50","guid":{"rendered":"https:\/\/ksproducts.ca\/?post_type=product&#038;p=12025"},"modified":"2026-03-09T18:33:50","modified_gmt":"2026-03-09T18:33:50","slug":"walex-bio-active-septic-tank-treatment-drop-ins-12-pack","status":"publish","type":"product","link":"https:\/\/ksproducts.ca\/fr\/product\/walex-bio-active-septic-tank-treatment-drop-ins-12-pack\/","title":{"rendered":"Walex Bio-Active Septic Tank Treatment Drop-ins - 12 packs"},"content":{"rendered":"<ul class=\"a-unordered-list a-vertical a-spacing-mini\">\n<li class=\"a-spacing-mini\"><span class=\"a-list-item\">Sachet hydrosoluble<\/span><\/li>\n<li class=\"a-spacing-mini\"><span class=\"a-list-item\">1 an d'approvisionnement<\/span><\/li>\n<li class=\"a-spacing-mini\"><span class=\"a-list-item\">Des milliards de bact\u00e9ries et d'enzymes sp\u00e9cifiques \u00e0 la septicit\u00e9 par dose<\/span><\/li>\n<li class=\"a-spacing-mini\"><span class=\"a-list-item\">Aide \u00e0 pr\u00e9venir les refoulements et dissout les solides<\/span><\/li>\n<li class=\"a-spacing-mini\"><span class=\"a-list-item\">Utiliser une s\u00e9ance d'information par mois<\/span><\/li>\n<li class=\"a-spacing-mini\"><span class=\"a-list-item\">Traitement des fosses septiques facile \u00e0 utiliser<\/span><\/li>\n<li class=\"a-spacing-mini\"><span class=\"a-list-item\">Des milliards de bact\u00e9ries et d'enzymes sp\u00e9cifiques \u00e0 la septicit\u00e9 dans chaque dose<\/span><\/li>\n<li class=\"a-spacing-mini\"><span class=\"a-list-item\">Aide \u00e0 pr\u00e9venir les refoulements et \u00e0 dissoudre les solides<\/span><\/li>\n<li class=\"a-spacing-mini\"><span class=\"a-list-item\">Sans danger pour la plomberie<\/span><\/li>\n<li class=\"a-spacing-mini\"><span class=\"a-list-item\">1 an d'approvisionnement par pot<\/span><\/li>\n<\/ul>","protected":false},"excerpt":{"rendered":"<p>L'utilisation mensuelle de Bio-Active aidera \u00e0 r\u00e9duire les solides de surface et de fond dans la fosse septique. L'accumulation de solides en surface et au fond de la fosse peut s'\u00e9tendre aux champs d'\u00e9puration et les obstruer. Lorsque le syst\u00e8me est obstru\u00e9, il n'y a pas d'endroit o\u00f9 s'\u00e9couler et la fosse se remplit, ce qui provoque des refoulements dans la maison et des zones humides dans la cour. Le traitement bioactif des fosses septiques r\u00e9tablit des milliards de bact\u00e9ries et d'enzymes qui r\u00e9duisent les mati\u00e8res solides dans les fosses septiques. Les bact\u00e9ries et les enzymes b\u00e9n\u00e9fiques sont \u00e9galement transport\u00e9es dans le champ d'\u00e9puration pour r\u00e9duire les mati\u00e8res solides et emp\u00eacher le colmatage. Le colmatage du champ d'\u00e9puration est le plus gros probl\u00e8me des fosses septiques, et le plus difficile et le plus co\u00fbteux \u00e0 r\u00e9parer.<\/p>","protected":false},"featured_media":12026,"comment_status":"open","ping_status":"closed","template":"","meta":[],"product_cat":[451],"product_tag":[],"class_list":{"0":"post-12025","1":"product","2":"type-product","3":"status-publish","4":"has-post-thumbnail","6":"product_cat-tools-equipment","7":"product_shipping_class-class-1","9":"first","10":"instock","11":"taxable","12":"shipping-taxable","13":"purchasable","14":"product-type-simple"},"yoast_head":"<!-- This site is optimized with the Yoast SEO plugin v27.4 - https:\/\/yoast.com\/product\/yoast-seo-wordpress\/ -->\n<title>Walex Bio-Active Septic Tank Treatment Drop-ins - 12 pack - Ks Products<\/title>\n<meta name=\"robots\" content=\"index, follow, max-snippet:-1, max-image-preview:large, max-video-preview:-1\" \/>\n<link rel=\"canonical\" href=\"https:\/\/ksproducts.ca\/fr\/product\/walex-bio-active-septic-tank-treatment-drop-ins-12-pack\/\" \/>\n<meta property=\"og:locale\" content=\"fr_CA\" \/>\n<meta property=\"og:type\" content=\"article\" \/>\n<meta property=\"og:title\" content=\"Walex Bio-Active Septic Tank Treatment Drop-ins - 12 pack - Ks Products\" \/>\n<meta property=\"og:description\" content=\"Monthly use of Bio-Active will help reduce surface and bottom solids in the septic tank. Buildup of surface and bottom solids can carry over to the leach fields and cause the leach field to become clogged. One the system in clogged the system has nowhere to drain and the tank fills up, causing backup in the home and wet areas in the yard. Bio-Active Septic Treatment restores billions of the biological population of good worker bacteria and enzymes which reduce solids in septic tanks. The beneficial bacteria and enzymes also get carried over to the leach field to reduce solids and prevent clogging. A clogging leach field is the biggest problem for septic systems, and the hardest and most costly to repair.\" \/>\n<meta property=\"og:url\" content=\"https:\/\/ksproducts.ca\/fr\/product\/walex-bio-active-septic-tank-treatment-drop-ins-12-pack\/\" \/>\n<meta property=\"og:site_name\" content=\"Ks Products\" \/>\n<meta property=\"og:image\" content=\"https:\/\/ksproducts.ca\/wp-content\/uploads\/2026\/03\/Walex-Bio-Active-Septic-Tank-Treatment-Drop-ins-12-pack.jpg\" \/>\n\t<meta property=\"og:image:width\" content=\"704\" \/>\n\t<meta property=\"og:image:height\" content=\"800\" \/>\n\t<meta property=\"og:image:type\" content=\"image\/jpeg\" \/>\n<meta name=\"twitter:card\" content=\"summary_large_image\" \/>\n<meta name=\"twitter:label1\" content=\"Estimation du temps de lecture\" \/>\n\t<meta name=\"twitter:data1\" content=\"1 minute\" \/>\n<script type=\"application\/ld+json\" class=\"yoast-schema-graph\">{\"@context\":\"https:\\\/\\\/schema.org\",\"@graph\":[{\"@type\":\"WebPage\",\"@id\":\"https:\\\/\\\/ksproducts.ca\\\/product\\\/walex-bio-active-septic-tank-treatment-drop-ins-12-pack\\\/\",\"url\":\"https:\\\/\\\/ksproducts.ca\\\/product\\\/walex-bio-active-septic-tank-treatment-drop-ins-12-pack\\\/\",\"name\":\"Walex Bio-Active Septic Tank Treatment Drop-ins - 12 pack - Ks Products\",\"isPartOf\":{\"@id\":\"https:\\\/\\\/ksproducts.ca\\\/#website\"},\"primaryImageOfPage\":{\"@id\":\"https:\\\/\\\/ksproducts.ca\\\/product\\\/walex-bio-active-septic-tank-treatment-drop-ins-12-pack\\\/#primaryimage\"},\"image\":{\"@id\":\"https:\\\/\\\/ksproducts.ca\\\/product\\\/walex-bio-active-septic-tank-treatment-drop-ins-12-pack\\\/#primaryimage\"},\"thumbnailUrl\":\"https:\\\/\\\/ksproducts.ca\\\/wp-content\\\/uploads\\\/2026\\\/03\\\/Walex-Bio-Active-Septic-Tank-Treatment-Drop-ins-12-pack.jpg\",\"datePublished\":\"2026-03-09T18:33:50+00:00\",\"breadcrumb\":{\"@id\":\"https:\\\/\\\/ksproducts.ca\\\/product\\\/walex-bio-active-septic-tank-treatment-drop-ins-12-pack\\\/#breadcrumb\"},\"inLanguage\":\"fr-CA\",\"potentialAction\":[{\"@type\":\"ReadAction\",\"target\":[\"https:\\\/\\\/ksproducts.ca\\\/product\\\/walex-bio-active-septic-tank-treatment-drop-ins-12-pack\\\/\"]}]},{\"@type\":\"ImageObject\",\"inLanguage\":\"fr-CA\",\"@id\":\"https:\\\/\\\/ksproducts.ca\\\/product\\\/walex-bio-active-septic-tank-treatment-drop-ins-12-pack\\\/#primaryimage\",\"url\":\"https:\\\/\\\/ksproducts.ca\\\/wp-content\\\/uploads\\\/2026\\\/03\\\/Walex-Bio-Active-Septic-Tank-Treatment-Drop-ins-12-pack.jpg\",\"contentUrl\":\"https:\\\/\\\/ksproducts.ca\\\/wp-content\\\/uploads\\\/2026\\\/03\\\/Walex-Bio-Active-Septic-Tank-Treatment-Drop-ins-12-pack.jpg\",\"width\":704,\"height\":800,\"caption\":\"Walex Bio Active Septic Tank Treatment Drop ins 12 pack\"},{\"@type\":\"BreadcrumbList\",\"@id\":\"https:\\\/\\\/ksproducts.ca\\\/product\\\/walex-bio-active-septic-tank-treatment-drop-ins-12-pack\\\/#breadcrumb\",\"itemListElement\":[{\"@type\":\"ListItem\",\"position\":1,\"name\":\"Home\",\"item\":\"https:\\\/\\\/ksproducts.ca\\\/\"},{\"@type\":\"ListItem\",\"position\":2,\"name\":\"Shop\",\"item\":\"https:\\\/\\\/ksproducts.ca\\\/shop\\\/\"},{\"@type\":\"ListItem\",\"position\":3,\"name\":\"Walex Bio-Active Septic Tank Treatment Drop-ins &#8211; 12 pack\"}]},{\"@type\":\"WebSite\",\"@id\":\"https:\\\/\\\/ksproducts.ca\\\/#website\",\"url\":\"https:\\\/\\\/ksproducts.ca\\\/\",\"name\":\"Ks Products\",\"description\":\"Outdoor cooking and living, made easy in Canada\",\"publisher\":{\"@id\":\"https:\\\/\\\/ksproducts.ca\\\/#organization\"},\"potentialAction\":[{\"@type\":\"SearchAction\",\"target\":{\"@type\":\"EntryPoint\",\"urlTemplate\":\"https:\\\/\\\/ksproducts.ca\\\/?s={search_term_string}\"},\"query-input\":{\"@type\":\"PropertyValueSpecification\",\"valueRequired\":true,\"valueName\":\"search_term_string\"}}],\"inLanguage\":\"fr-CA\"},{\"@type\":\"Organization\",\"@id\":\"https:\\\/\\\/ksproducts.ca\\\/#organization\",\"name\":\"Ks Products\",\"url\":\"https:\\\/\\\/ksproducts.ca\\\/\",\"logo\":{\"@type\":\"ImageObject\",\"inLanguage\":\"fr-CA\",\"@id\":\"https:\\\/\\\/ksproducts.ca\\\/#\\\/schema\\\/logo\\\/image\\\/\",\"url\":\"https:\\\/\\\/ksproducts.ca\\\/wp-content\\\/uploads\\\/2023\\\/09\\\/Kennedy-Sales-Logo-header-1.png\",\"contentUrl\":\"https:\\\/\\\/ksproducts.ca\\\/wp-content\\\/uploads\\\/2023\\\/09\\\/Kennedy-Sales-Logo-header-1.png\",\"width\":150,\"height\":77,\"caption\":\"Ks Products\"},\"image\":{\"@id\":\"https:\\\/\\\/ksproducts.ca\\\/#\\\/schema\\\/logo\\\/image\\\/\"}}]}<\/script>\n<!-- \/ Yoast SEO plugin. -->","yoast_head_json":{"title":"Walex Bio-Active Septic Tank Treatment Drop-ins - 12 pack - Ks Products","robots":{"index":"index","follow":"follow","max-snippet":"max-snippet:-1","max-image-preview":"max-image-preview:large","max-video-preview":"max-video-preview:-1"},"canonical":"https:\/\/ksproducts.ca\/fr\/product\/walex-bio-active-septic-tank-treatment-drop-ins-12-pack\/","og_locale":"fr_CA","og_type":"article","og_title":"Walex Bio-Active Septic Tank Treatment Drop-ins - 12 pack - Ks Products","og_description":"Monthly use of Bio-Active will help reduce surface and bottom solids in the septic tank. Buildup of surface and bottom solids can carry over to the leach fields and cause the leach field to become clogged. One the system in clogged the system has nowhere to drain and the tank fills up, causing backup in the home and wet areas in the yard. Bio-Active Septic Treatment restores billions of the biological population of good worker bacteria and enzymes which reduce solids in septic tanks. The beneficial bacteria and enzymes also get carried over to the leach field to reduce solids and prevent clogging. A clogging leach field is the biggest problem for septic systems, and the hardest and most costly to repair.","og_url":"https:\/\/ksproducts.ca\/fr\/product\/walex-bio-active-septic-tank-treatment-drop-ins-12-pack\/","og_site_name":"Ks Products","og_image":[{"width":704,"height":800,"url":"https:\/\/ksproducts.ca\/wp-content\/uploads\/2026\/03\/Walex-Bio-Active-Septic-Tank-Treatment-Drop-ins-12-pack.jpg","type":"image\/jpeg"}],"twitter_card":"summary_large_image","twitter_misc":{"Estimation du temps de lecture":"1 minute"},"schema":{"@context":"https:\/\/schema.org","@graph":[{"@type":"WebPage","@id":"https:\/\/ksproducts.ca\/product\/walex-bio-active-septic-tank-treatment-drop-ins-12-pack\/","url":"https:\/\/ksproducts.ca\/product\/walex-bio-active-septic-tank-treatment-drop-ins-12-pack\/","name":"Walex Bio-Active Septic Tank Treatment Drop-ins - 12 pack - Ks Products","isPartOf":{"@id":"https:\/\/ksproducts.ca\/#website"},"primaryImageOfPage":{"@id":"https:\/\/ksproducts.ca\/product\/walex-bio-active-septic-tank-treatment-drop-ins-12-pack\/#primaryimage"},"image":{"@id":"https:\/\/ksproducts.ca\/product\/walex-bio-active-septic-tank-treatment-drop-ins-12-pack\/#primaryimage"},"thumbnailUrl":"https:\/\/ksproducts.ca\/wp-content\/uploads\/2026\/03\/Walex-Bio-Active-Septic-Tank-Treatment-Drop-ins-12-pack.jpg","datePublished":"2026-03-09T18:33:50+00:00","breadcrumb":{"@id":"https:\/\/ksproducts.ca\/product\/walex-bio-active-septic-tank-treatment-drop-ins-12-pack\/#breadcrumb"},"inLanguage":"fr-CA","potentialAction":[{"@type":"ReadAction","target":["https:\/\/ksproducts.ca\/product\/walex-bio-active-septic-tank-treatment-drop-ins-12-pack\/"]}]},{"@type":"ImageObject","inLanguage":"fr-CA","@id":"https:\/\/ksproducts.ca\/product\/walex-bio-active-septic-tank-treatment-drop-ins-12-pack\/#primaryimage","url":"https:\/\/ksproducts.ca\/wp-content\/uploads\/2026\/03\/Walex-Bio-Active-Septic-Tank-Treatment-Drop-ins-12-pack.jpg","contentUrl":"https:\/\/ksproducts.ca\/wp-content\/uploads\/2026\/03\/Walex-Bio-Active-Septic-Tank-Treatment-Drop-ins-12-pack.jpg","width":704,"height":800,"caption":"Walex Bio Active Septic Tank Treatment Drop ins 12 pack"},{"@type":"BreadcrumbList","@id":"https:\/\/ksproducts.ca\/product\/walex-bio-active-septic-tank-treatment-drop-ins-12-pack\/#breadcrumb","itemListElement":[{"@type":"ListItem","position":1,"name":"Home","item":"https:\/\/ksproducts.ca\/"},{"@type":"ListItem","position":2,"name":"Shop","item":"https:\/\/ksproducts.ca\/shop\/"},{"@type":"ListItem","position":3,"name":"Walex Bio-Active Septic Tank Treatment Drop-ins &#8211; 12 pack"}]},{"@type":"WebSite","@id":"https:\/\/ksproducts.ca\/#website","url":"https:\/\/ksproducts.ca\/","name":"Produits Ks","description":"Cuisiner et vivre en plein air, c'est facile au Canada","publisher":{"@id":"https:\/\/ksproducts.ca\/#organization"},"potentialAction":[{"@type":"SearchAction","target":{"@type":"EntryPoint","urlTemplate":"https:\/\/ksproducts.ca\/?s={search_term_string}"},"query-input":{"@type":"PropertyValueSpecification","valueRequired":true,"valueName":"search_term_string"}}],"inLanguage":"fr-CA"},{"@type":"Organization","@id":"https:\/\/ksproducts.ca\/#organization","name":"Produits Ks","url":"https:\/\/ksproducts.ca\/","logo":{"@type":"ImageObject","inLanguage":"fr-CA","@id":"https:\/\/ksproducts.ca\/#\/schema\/logo\/image\/","url":"https:\/\/ksproducts.ca\/wp-content\/uploads\/2023\/09\/Kennedy-Sales-Logo-header-1.png","contentUrl":"https:\/\/ksproducts.ca\/wp-content\/uploads\/2023\/09\/Kennedy-Sales-Logo-header-1.png","width":150,"height":77,"caption":"Ks Products"},"image":{"@id":"https:\/\/ksproducts.ca\/#\/schema\/logo\/image\/"}}]}},"_links":{"self":[{"href":"https:\/\/ksproducts.ca\/fr\/wp-json\/wp\/v2\/product\/12025","targetHints":{"allow":["GET"]}}],"collection":[{"href":"https:\/\/ksproducts.ca\/fr\/wp-json\/wp\/v2\/product"}],"about":[{"href":"https:\/\/ksproducts.ca\/fr\/wp-json\/wp\/v2\/types\/product"}],"replies":[{"embeddable":true,"href":"https:\/\/ksproducts.ca\/fr\/wp-json\/wp\/v2\/comments?post=12025"}],"version-history":[{"count":1,"href":"https:\/\/ksproducts.ca\/fr\/wp-json\/wp\/v2\/product\/12025\/revisions"}],"predecessor-version":[{"id":12027,"href":"https:\/\/ksproducts.ca\/fr\/wp-json\/wp\/v2\/product\/12025\/revisions\/12027"}],"wp:featuredmedia":[{"embeddable":true,"href":"https:\/\/ksproducts.ca\/fr\/wp-json\/wp\/v2\/media\/12026"}],"wp:attachment":[{"href":"https:\/\/ksproducts.ca\/fr\/wp-json\/wp\/v2\/media?parent=12025"}],"wp:term":[{"taxonomy":"product_cat","embeddable":true,"href":"https:\/\/ksproducts.ca\/fr\/wp-json\/wp\/v2\/product_cat?post=12025"},{"taxonomy":"product_tag","embeddable":true,"href":"https:\/\/ksproducts.ca\/fr\/wp-json\/wp\/v2\/product_tag?post=12025"}],"curies":[{"name":"wp","href":"https:\/\/api.w.org\/{rel}","templated":true}]}}