{"id":12028,"date":"2026-03-09T18:36:20","date_gmt":"2026-03-09T18:36:20","guid":{"rendered":"https:\/\/ksproducts.ca\/?post_type=product&#038;p=12028"},"modified":"2026-03-09T18:36:20","modified_gmt":"2026-03-09T18:36:20","slug":"walex-bio-pak-drop-ins-pour-les-systemes-de-cuve-de-retention-pour-camping-cars-et-bateaux-10-unites-brise-tropicale","status":"publish","type":"product","link":"https:\/\/ksproducts.ca\/fr\/product\/walex-bio-pak-drop-ins-for-rv-and-marine-holding-tank-systems-10-pack-tropical-breeze\/","title":{"rendered":"Walex Bio-Pak Drop-ins pour les syst\u00e8mes de r\u00e9servoirs d'eaux us\u00e9es des v\u00e9hicules de loisirs et des bateaux - paquet de 10 - Tropical Breeze"},"content":{"rendered":"<ul class=\"a-unordered-list a-vertical a-spacing-mini\">\n<li class=\"a-spacing-mini\"><span class=\"a-list-item\">Pr\u00e9vention imbattable des odeurs<\/span><\/li>\n<li class=\"a-spacing-mini\"><span class=\"a-list-item\">Portions pr\u00e9dos\u00e9es; Pas de d\u00e9versements<\/span><\/li>\n<li class=\"a-spacing-mini\"><span class=\"a-list-item\">Emballage soluble dans l'eau se dissout rapidement<\/span><\/li>\n<li class=\"a-spacing-mini\"><span class=\"a-list-item\">D\u00e9gradation rapide des d\u00e9chets et du papier<\/span><\/li>\n<li class=\"a-spacing-mini\"><span class=\"a-list-item\">Nettoyage des capteurs et lubrification des soupapes<\/span><\/li>\n<li class=\"a-spacing-mini\"><span class=\"a-list-item\">Pr\u00e9vention imbattable des odeurs^Contr\u00f4le des portions pr\u00e9emball\u00e9es ; Pas de d\u00e9versements^Emballage hydrosoluble qui se dissout rapidement^D\u00e9composition rapide des d\u00e9chets et du papier^Nettoyage du capteur et lubrification de la valve<\/span><\/li>\n<\/ul>","protected":false},"excerpt":{"rendered":"<div id=\"Desktop-Detailed-Evaluation-Zone\" class=\"celwidget\" data-feature-name=\"Desktop-Detailed-Evaluation-Zone\" data-csa-c-type=\"widget\" data-csa-c-content-id=\"Desktop-Detailed-Evaluation-Zone\" data-csa-c-slot-id=\"Desktop-Detailed-Evaluation-Zone\" data-csa-c-asin=\"\" data-csa-c-is-in-initial-active-row=\"false\" data-csa-c-id=\"dyzf2h-ftwwl3-4b8y4p-56rhyl\" data-cel-widget=\"Desktop-Detailed-Evaluation-Zone\">\n<div id=\"productDescription_feature_div\" class=\"celwidget pd_rd_w-IUpbd pd_rd_r-NQNNY7FWDGGB9DG1P79Z pd_rd_wg-SkUfs\" data-feature-name=\"productDescription-3\" data-csa-c-type=\"widget\" data-csa-c-content-id=\"productDescription-3\" data-csa-c-slot-id=\"productDescription_feature_div\" data-csa-c-asin=\"\" data-csa-c-is-in-initial-active-row=\"false\" data-csa-c-id=\"ekj3dw-m0y4uy-f2uel0-sd3vb8\" data-cel-widget=\"productDescription_feature_div\">\n<div>\n<div id=\"productDescription_feature_div\" class=\"a-row feature\" data-feature-name=\"productDescription\" data-template-name=\"productDescription\" data-cel-widget=\"productDescription_feature_div\">\n<div id=\"productDescription\" class=\"a-section a-spacing-small\">\n<p>Nouveau digesteur de d\u00e9chets enti\u00e8rement naturel - un syst\u00e8me enzymatique avanc\u00e9 d\u00e9velopp\u00e9 par Walex R&amp;D d\u00e9sodorise et d\u00e9compose les d\u00e9chets d'une mani\u00e8re b\u00e9n\u00e9fique pour les fosses septiques, ce qui est id\u00e9al pour les v\u00e9hicules de loisirs et les bateaux.<\/p>\n<\/div>\n<\/div>\n<\/div>\n<\/div>\n<\/div>\n<div id=\"brandInsights_feature_div_1\" class=\"celwidget\" data-feature-name=\"brandInsights\" data-csa-c-type=\"widget\" data-csa-c-content-id=\"brandInsights\" data-csa-c-slot-id=\"brandInsights_feature_div_1\" data-csa-c-asin=\"\" data-csa-c-is-in-initial-active-row=\"false\" data-csa-c-id=\"usri8p-xgnv7x-zao4y5-jvwpcx\" data-cel-widget=\"brandInsights_feature_div_1\"><\/div>\n<div id=\"brandInsights_feature_div_3\" class=\"celwidget\" data-feature-name=\"brandInsights\" data-csa-c-type=\"widget\" data-csa-c-content-id=\"brandInsights\" data-csa-c-slot-id=\"brandInsights_feature_div_3\" data-csa-c-asin=\"\" data-csa-c-is-in-initial-active-row=\"false\" data-csa-c-id=\"5u5nsy-hr6jb9-obb7om-h85c24\" data-cel-widget=\"brandInsights_feature_div_3\"><\/div>\n<div id=\"legal-1_feature_div\" class=\"celwidget\" data-feature-name=\"legal-1\" data-csa-c-type=\"widget\" data-csa-c-content-id=\"legal-1\" data-csa-c-slot-id=\"legal-1_feature_div\" data-csa-c-asin=\"\" data-csa-c-is-in-initial-active-row=\"false\" data-csa-c-id=\"hkdmm6-idv058-g7hn4-xq5w4h\" data-cel-widget=\"legal-1_feature_div\"><\/div>\n<div id=\"importantInformation_feature_div\" class=\"celwidget\" data-feature-name=\"importantInformation\" data-csa-c-type=\"widget\" data-csa-c-content-id=\"importantInformation\" data-csa-c-slot-id=\"importantInformation_feature_div\" data-csa-c-asin=\"\" data-csa-c-is-in-initial-active-row=\"false\" data-csa-c-id=\"cd04p3-xd1psr-upe04-6fzw6x\" data-cel-widget=\"importantInformation_feature_div\">\n<div class=\"a-divider a-divider-section\"><\/div>\n<\/div>","protected":false},"featured_media":12029,"comment_status":"open","ping_status":"closed","template":"","meta":[],"product_cat":[451],"product_tag":[],"class_list":{"0":"post-12028","1":"product","2":"type-product","3":"status-publish","4":"has-post-thumbnail","6":"product_cat-tools-equipment","7":"product_shipping_class-class-1","9":"first","10":"instock","11":"taxable","12":"shipping-taxable","13":"purchasable","14":"product-type-simple"},"yoast_head":"<!-- This site is optimized with the Yoast SEO plugin v27.3 - https:\/\/yoast.com\/product\/yoast-seo-wordpress\/ -->\n<title>Walex Bio-Pak Drop-ins for RV and Marine Holding Tank Systems - 10 pack - Tropical Breeze - Ks Products<\/title>\n<meta name=\"robots\" content=\"index, follow, max-snippet:-1, max-image-preview:large, max-video-preview:-1\" \/>\n<link rel=\"canonical\" href=\"https:\/\/ksproducts.ca\/fr\/product\/walex-bio-pak-drop-ins-pour-les-systemes-de-cuve-de-retention-pour-camping-cars-et-bateaux-10-unites-brise-tropicale\/\" \/>\n<meta property=\"og:locale\" content=\"fr_CA\" \/>\n<meta property=\"og:type\" content=\"article\" \/>\n<meta property=\"og:title\" content=\"Walex Bio-Pak Drop-ins for RV and Marine Holding Tank Systems - 10 pack - Tropical Breeze - Ks Products\" \/>\n<meta property=\"og:description\" content=\"New all-natural waste digester- an advanced enzyme system developed by Walex R&amp;D deodorizes and breaks down waste in a manner beneficial to septic tanks, ideal for RVs and boats.\" \/>\n<meta property=\"og:url\" content=\"https:\/\/ksproducts.ca\/fr\/product\/walex-bio-pak-drop-ins-pour-les-systemes-de-cuve-de-retention-pour-camping-cars-et-bateaux-10-unites-brise-tropicale\/\" \/>\n<meta property=\"og:site_name\" content=\"Ks Products\" \/>\n<meta property=\"og:image\" content=\"https:\/\/ksproducts.ca\/wp-content\/uploads\/2026\/03\/Walex-Bio-Pak-Drop-ins-for-RV-and-Marine-Holding-Tank-Systems-10-pack-Tropical-Breeze.jpg\" \/>\n\t<meta property=\"og:image:width\" content=\"800\" \/>\n\t<meta property=\"og:image:height\" content=\"725\" \/>\n\t<meta property=\"og:image:type\" content=\"image\/jpeg\" \/>\n<meta name=\"twitter:card\" content=\"summary_large_image\" \/>\n<meta name=\"twitter:label1\" content=\"Estimation du temps de lecture\" \/>\n\t<meta name=\"twitter:data1\" content=\"1 minute\" \/>\n<script type=\"application\/ld+json\" class=\"yoast-schema-graph\">{\"@context\":\"https:\\\/\\\/schema.org\",\"@graph\":[{\"@type\":\"WebPage\",\"@id\":\"https:\\\/\\\/ksproducts.ca\\\/product\\\/walex-bio-pak-drop-ins-for-rv-and-marine-holding-tank-systems-10-pack-tropical-breeze\\\/\",\"url\":\"https:\\\/\\\/ksproducts.ca\\\/product\\\/walex-bio-pak-drop-ins-for-rv-and-marine-holding-tank-systems-10-pack-tropical-breeze\\\/\",\"name\":\"Walex Bio-Pak Drop-ins for RV and Marine Holding Tank Systems - 10 pack - Tropical Breeze - Ks Products\",\"isPartOf\":{\"@id\":\"https:\\\/\\\/ksproducts.ca\\\/#website\"},\"primaryImageOfPage\":{\"@id\":\"https:\\\/\\\/ksproducts.ca\\\/product\\\/walex-bio-pak-drop-ins-for-rv-and-marine-holding-tank-systems-10-pack-tropical-breeze\\\/#primaryimage\"},\"image\":{\"@id\":\"https:\\\/\\\/ksproducts.ca\\\/product\\\/walex-bio-pak-drop-ins-for-rv-and-marine-holding-tank-systems-10-pack-tropical-breeze\\\/#primaryimage\"},\"thumbnailUrl\":\"https:\\\/\\\/ksproducts.ca\\\/wp-content\\\/uploads\\\/2026\\\/03\\\/Walex-Bio-Pak-Drop-ins-for-RV-and-Marine-Holding-Tank-Systems-10-pack-Tropical-Breeze.jpg\",\"datePublished\":\"2026-03-09T18:36:20+00:00\",\"breadcrumb\":{\"@id\":\"https:\\\/\\\/ksproducts.ca\\\/product\\\/walex-bio-pak-drop-ins-for-rv-and-marine-holding-tank-systems-10-pack-tropical-breeze\\\/#breadcrumb\"},\"inLanguage\":\"fr-CA\",\"potentialAction\":[{\"@type\":\"ReadAction\",\"target\":[\"https:\\\/\\\/ksproducts.ca\\\/product\\\/walex-bio-pak-drop-ins-for-rv-and-marine-holding-tank-systems-10-pack-tropical-breeze\\\/\"]}]},{\"@type\":\"ImageObject\",\"inLanguage\":\"fr-CA\",\"@id\":\"https:\\\/\\\/ksproducts.ca\\\/product\\\/walex-bio-pak-drop-ins-for-rv-and-marine-holding-tank-systems-10-pack-tropical-breeze\\\/#primaryimage\",\"url\":\"https:\\\/\\\/ksproducts.ca\\\/wp-content\\\/uploads\\\/2026\\\/03\\\/Walex-Bio-Pak-Drop-ins-for-RV-and-Marine-Holding-Tank-Systems-10-pack-Tropical-Breeze.jpg\",\"contentUrl\":\"https:\\\/\\\/ksproducts.ca\\\/wp-content\\\/uploads\\\/2026\\\/03\\\/Walex-Bio-Pak-Drop-ins-for-RV-and-Marine-Holding-Tank-Systems-10-pack-Tropical-Breeze.jpg\",\"width\":800,\"height\":725,\"caption\":\"Walex Bio Pak Drop ins for RV and Marine Holding Tank Systems 10 pack Tropical Breeze\"},{\"@type\":\"BreadcrumbList\",\"@id\":\"https:\\\/\\\/ksproducts.ca\\\/product\\\/walex-bio-pak-drop-ins-for-rv-and-marine-holding-tank-systems-10-pack-tropical-breeze\\\/#breadcrumb\",\"itemListElement\":[{\"@type\":\"ListItem\",\"position\":1,\"name\":\"Home\",\"item\":\"https:\\\/\\\/ksproducts.ca\\\/\"},{\"@type\":\"ListItem\",\"position\":2,\"name\":\"Shop\",\"item\":\"https:\\\/\\\/ksproducts.ca\\\/shop\\\/\"},{\"@type\":\"ListItem\",\"position\":3,\"name\":\"Walex Bio-Pak Drop-ins for RV and Marine Holding Tank Systems &#8211; 10 pack &#8211; Tropical Breeze\"}]},{\"@type\":\"WebSite\",\"@id\":\"https:\\\/\\\/ksproducts.ca\\\/#website\",\"url\":\"https:\\\/\\\/ksproducts.ca\\\/\",\"name\":\"Ks Products\",\"description\":\"Outdoor cooking and living, made easy in Canada\",\"publisher\":{\"@id\":\"https:\\\/\\\/ksproducts.ca\\\/#organization\"},\"potentialAction\":[{\"@type\":\"SearchAction\",\"target\":{\"@type\":\"EntryPoint\",\"urlTemplate\":\"https:\\\/\\\/ksproducts.ca\\\/?s={search_term_string}\"},\"query-input\":{\"@type\":\"PropertyValueSpecification\",\"valueRequired\":true,\"valueName\":\"search_term_string\"}}],\"inLanguage\":\"fr-CA\"},{\"@type\":\"Organization\",\"@id\":\"https:\\\/\\\/ksproducts.ca\\\/#organization\",\"name\":\"Ks Products\",\"url\":\"https:\\\/\\\/ksproducts.ca\\\/\",\"logo\":{\"@type\":\"ImageObject\",\"inLanguage\":\"fr-CA\",\"@id\":\"https:\\\/\\\/ksproducts.ca\\\/#\\\/schema\\\/logo\\\/image\\\/\",\"url\":\"https:\\\/\\\/ksproducts.ca\\\/wp-content\\\/uploads\\\/2023\\\/09\\\/Kennedy-Sales-Logo-header-1.png\",\"contentUrl\":\"https:\\\/\\\/ksproducts.ca\\\/wp-content\\\/uploads\\\/2023\\\/09\\\/Kennedy-Sales-Logo-header-1.png\",\"width\":150,\"height\":77,\"caption\":\"Ks Products\"},\"image\":{\"@id\":\"https:\\\/\\\/ksproducts.ca\\\/#\\\/schema\\\/logo\\\/image\\\/\"}}]}<\/script>\n<!-- \/ Yoast SEO plugin. -->","yoast_head_json":{"title":"Walex Bio-Pak Drop-ins pour syst\u00e8mes de r\u00e9servoirs pour camping-cars et bateaux - Lot de 10 - Brise tropicale - Ks Products","robots":{"index":"index","follow":"follow","max-snippet":"max-snippet:-1","max-image-preview":"max-image-preview:large","max-video-preview":"max-video-preview:-1"},"canonical":"https:\/\/ksproducts.ca\/fr\/product\/walex-bio-pak-drop-ins-pour-les-systemes-de-cuve-de-retention-pour-camping-cars-et-bateaux-10-unites-brise-tropicale\/","og_locale":"fr_CA","og_type":"article","og_title":"Walex Bio-Pak Drop-ins for RV and Marine Holding Tank Systems - 10 pack - Tropical Breeze - Ks Products","og_description":"New all-natural waste digester- an advanced enzyme system developed by Walex R&amp;D deodorizes and breaks down waste in a manner beneficial to septic tanks, ideal for RVs and boats.","og_url":"https:\/\/ksproducts.ca\/fr\/product\/walex-bio-pak-drop-ins-pour-les-systemes-de-cuve-de-retention-pour-camping-cars-et-bateaux-10-unites-brise-tropicale\/","og_site_name":"Ks Products","og_image":[{"width":800,"height":725,"url":"https:\/\/ksproducts.ca\/wp-content\/uploads\/2026\/03\/Walex-Bio-Pak-Drop-ins-for-RV-and-Marine-Holding-Tank-Systems-10-pack-Tropical-Breeze.jpg","type":"image\/jpeg"}],"twitter_card":"summary_large_image","twitter_misc":{"Estimation du temps de lecture":"1 minute"},"schema":{"@context":"https:\/\/schema.org","@graph":[{"@type":"WebPage","@id":"https:\/\/ksproducts.ca\/product\/walex-bio-pak-drop-ins-for-rv-and-marine-holding-tank-systems-10-pack-tropical-breeze\/","url":"https:\/\/ksproducts.ca\/product\/walex-bio-pak-drop-ins-for-rv-and-marine-holding-tank-systems-10-pack-tropical-breeze\/","name":"Walex Bio-Pak Drop-ins pour syst\u00e8mes de r\u00e9servoirs pour camping-cars et bateaux - Lot de 10 - Brise tropicale - Ks Products","isPartOf":{"@id":"https:\/\/ksproducts.ca\/#website"},"primaryImageOfPage":{"@id":"https:\/\/ksproducts.ca\/product\/walex-bio-pak-drop-ins-for-rv-and-marine-holding-tank-systems-10-pack-tropical-breeze\/#primaryimage"},"image":{"@id":"https:\/\/ksproducts.ca\/product\/walex-bio-pak-drop-ins-for-rv-and-marine-holding-tank-systems-10-pack-tropical-breeze\/#primaryimage"},"thumbnailUrl":"https:\/\/ksproducts.ca\/wp-content\/uploads\/2026\/03\/Walex-Bio-Pak-Drop-ins-for-RV-and-Marine-Holding-Tank-Systems-10-pack-Tropical-Breeze.jpg","datePublished":"2026-03-09T18:36:20+00:00","breadcrumb":{"@id":"https:\/\/ksproducts.ca\/product\/walex-bio-pak-drop-ins-for-rv-and-marine-holding-tank-systems-10-pack-tropical-breeze\/#breadcrumb"},"inLanguage":"fr-CA","potentialAction":[{"@type":"ReadAction","target":["https:\/\/ksproducts.ca\/product\/walex-bio-pak-drop-ins-for-rv-and-marine-holding-tank-systems-10-pack-tropical-breeze\/"]}]},{"@type":"ImageObject","inLanguage":"fr-CA","@id":"https:\/\/ksproducts.ca\/product\/walex-bio-pak-drop-ins-for-rv-and-marine-holding-tank-systems-10-pack-tropical-breeze\/#primaryimage","url":"https:\/\/ksproducts.ca\/wp-content\/uploads\/2026\/03\/Walex-Bio-Pak-Drop-ins-for-RV-and-Marine-Holding-Tank-Systems-10-pack-Tropical-Breeze.jpg","contentUrl":"https:\/\/ksproducts.ca\/wp-content\/uploads\/2026\/03\/Walex-Bio-Pak-Drop-ins-for-RV-and-Marine-Holding-Tank-Systems-10-pack-Tropical-Breeze.jpg","width":800,"height":725,"caption":"Walex Bio Pak Drop ins for RV and Marine Holding Tank Systems 10 pack Tropical Breeze"},{"@type":"BreadcrumbList","@id":"https:\/\/ksproducts.ca\/product\/walex-bio-pak-drop-ins-for-rv-and-marine-holding-tank-systems-10-pack-tropical-breeze\/#breadcrumb","itemListElement":[{"@type":"ListItem","position":1,"name":"Home","item":"https:\/\/ksproducts.ca\/"},{"@type":"ListItem","position":2,"name":"Shop","item":"https:\/\/ksproducts.ca\/shop\/"},{"@type":"ListItem","position":3,"name":"Walex Bio-Pak Drop-ins for RV and Marine Holding Tank Systems &#8211; 10 pack &#8211; Tropical Breeze"}]},{"@type":"WebSite","@id":"https:\/\/ksproducts.ca\/#website","url":"https:\/\/ksproducts.ca\/","name":"Produits Ks","description":"Cuisiner et vivre en plein air, c'est facile au Canada","publisher":{"@id":"https:\/\/ksproducts.ca\/#organization"},"potentialAction":[{"@type":"SearchAction","target":{"@type":"EntryPoint","urlTemplate":"https:\/\/ksproducts.ca\/?s={search_term_string}"},"query-input":{"@type":"PropertyValueSpecification","valueRequired":true,"valueName":"search_term_string"}}],"inLanguage":"fr-CA"},{"@type":"Organization","@id":"https:\/\/ksproducts.ca\/#organization","name":"Produits Ks","url":"https:\/\/ksproducts.ca\/","logo":{"@type":"ImageObject","inLanguage":"fr-CA","@id":"https:\/\/ksproducts.ca\/#\/schema\/logo\/image\/","url":"https:\/\/ksproducts.ca\/wp-content\/uploads\/2023\/09\/Kennedy-Sales-Logo-header-1.png","contentUrl":"https:\/\/ksproducts.ca\/wp-content\/uploads\/2023\/09\/Kennedy-Sales-Logo-header-1.png","width":150,"height":77,"caption":"Ks Products"},"image":{"@id":"https:\/\/ksproducts.ca\/#\/schema\/logo\/image\/"}}]}},"_links":{"self":[{"href":"https:\/\/ksproducts.ca\/fr\/wp-json\/wp\/v2\/product\/12028","targetHints":{"allow":["GET"]}}],"collection":[{"href":"https:\/\/ksproducts.ca\/fr\/wp-json\/wp\/v2\/product"}],"about":[{"href":"https:\/\/ksproducts.ca\/fr\/wp-json\/wp\/v2\/types\/product"}],"replies":[{"embeddable":true,"href":"https:\/\/ksproducts.ca\/fr\/wp-json\/wp\/v2\/comments?post=12028"}],"version-history":[{"count":1,"href":"https:\/\/ksproducts.ca\/fr\/wp-json\/wp\/v2\/product\/12028\/revisions"}],"predecessor-version":[{"id":12030,"href":"https:\/\/ksproducts.ca\/fr\/wp-json\/wp\/v2\/product\/12028\/revisions\/12030"}],"wp:featuredmedia":[{"embeddable":true,"href":"https:\/\/ksproducts.ca\/fr\/wp-json\/wp\/v2\/media\/12029"}],"wp:attachment":[{"href":"https:\/\/ksproducts.ca\/fr\/wp-json\/wp\/v2\/media?parent=12028"}],"wp:term":[{"taxonomy":"product_cat","embeddable":true,"href":"https:\/\/ksproducts.ca\/fr\/wp-json\/wp\/v2\/product_cat?post=12028"},{"taxonomy":"product_tag","embeddable":true,"href":"https:\/\/ksproducts.ca\/fr\/wp-json\/wp\/v2\/product_tag?post=12028"}],"curies":[{"name":"wp","href":"https:\/\/api.w.org\/{rel}","templated":true}]}}