{"id":12031,"date":"2026-03-09T18:41:09","date_gmt":"2026-03-09T18:41:09","guid":{"rendered":"https:\/\/ksproducts.ca\/?post_type=product&#038;p=12031"},"modified":"2026-03-09T18:41:09","modified_gmt":"2026-03-09T18:41:09","slug":"sani-seal-joint-de-toilette-sans-cire","status":"publish","type":"product","link":"https:\/\/ksproducts.ca\/fr\/product\/sani-seal-waxless-toilet-gasket\/","title":{"rendered":"Joint de toilette sans cire Sani Seal"},"content":{"rendered":"<ul>\n<li>Tentatives multiples de mise en place de toilettes<\/li>\n<li>Un seul joint est n\u00e9cessaire pour les brides de 3\/8 po au-dessus et jusqu'\u00e0 3\/8 po au-dessous.<\/li>\n<li>Fabriqu\u00e9 aux \u00c9tats-Unis avec quelques mat\u00e9riaux import\u00e9s<\/li>\n<li>Conception innovante brevet\u00e9e : Les mat\u00e9riaux durables conservent leur forme et bougent avec les toilettes<\/li>\n<li>Adaptation universelle : Convient \u00e0 toutes les brides, de la fonte \u00e0 l'int\u00e9rieur de 3 pouces, et \u00e0 toutes les toilettes standard.<\/li>\n<li>Facile \u00e0 empiler : La forme et l'extension du fond permettent d'empiler rapidement et facilement les brides plus profondes.<\/li>\n<\/ul>","protected":false},"excerpt":{"rendered":"<p>Le joint Sani Seal pour toilettes est un d\u00e9veloppement r\u00e9volutionnaire dans le domaine de l'\u00e9tanch\u00e9it\u00e9 entre la cuvette et la bride. Il est flexible, sans cire et repositionnable. Sa conception unique maintient les boulons en position verticale et le joint en place. Le Sani Seal rend l'installation de vos toilettes extr\u00eamement rapide et facile.<\/p>","protected":false},"featured_media":12032,"comment_status":"open","ping_status":"closed","template":"","meta":[],"product_cat":[451],"product_tag":[],"class_list":{"0":"post-12031","1":"product","2":"type-product","3":"status-publish","4":"has-post-thumbnail","6":"product_cat-tools-equipment","7":"product_shipping_class-class-1","9":"first","10":"instock","11":"taxable","12":"shipping-taxable","13":"purchasable","14":"product-type-simple"},"yoast_head":"<!-- This site is optimized with the Yoast SEO plugin v27.3 - https:\/\/yoast.com\/product\/yoast-seo-wordpress\/ -->\n<title>Sani Seal Waxless Toilet Gasket - Ks Products<\/title>\n<meta name=\"robots\" content=\"index, follow, max-snippet:-1, max-image-preview:large, max-video-preview:-1\" \/>\n<link rel=\"canonical\" href=\"https:\/\/ksproducts.ca\/fr\/product\/sani-seal-joint-de-toilette-sans-cire\/\" \/>\n<meta property=\"og:locale\" content=\"fr_CA\" \/>\n<meta property=\"og:type\" content=\"article\" \/>\n<meta property=\"og:title\" content=\"Sani Seal Waxless Toilet Gasket - Ks Products\" \/>\n<meta property=\"og:description\" content=\"Sani Seal Toilet Gasket is a revolutionary development in Toilet Bowl-to-Flange sealing that is flexible, wax-less and repositionable. The unique design holds the bolts upright and the gasket in place. The Sani Seal makes installing your toilet extremely quick and easy.\" \/>\n<meta property=\"og:url\" content=\"https:\/\/ksproducts.ca\/fr\/product\/sani-seal-joint-de-toilette-sans-cire\/\" \/>\n<meta property=\"og:site_name\" content=\"Ks Products\" \/>\n<meta property=\"og:image\" content=\"https:\/\/ksproducts.ca\/wp-content\/uploads\/2023\/09\/Kennedy-Sales-Logo-header-1.png\" \/>\n\t<meta property=\"og:image:width\" content=\"150\" \/>\n\t<meta property=\"og:image:height\" content=\"77\" \/>\n\t<meta property=\"og:image:type\" content=\"image\/png\" \/>\n<meta name=\"twitter:card\" content=\"summary_large_image\" \/>\n<meta name=\"twitter:label1\" content=\"Estimation du temps de lecture\" \/>\n\t<meta name=\"twitter:data1\" content=\"1 minute\" \/>\n<script type=\"application\/ld+json\" class=\"yoast-schema-graph\">{\"@context\":\"https:\\\/\\\/schema.org\",\"@graph\":[{\"@type\":\"WebPage\",\"@id\":\"https:\\\/\\\/ksproducts.ca\\\/product\\\/sani-seal-waxless-toilet-gasket\\\/\",\"url\":\"https:\\\/\\\/ksproducts.ca\\\/product\\\/sani-seal-waxless-toilet-gasket\\\/\",\"name\":\"Sani Seal Waxless Toilet Gasket - Ks Products\",\"isPartOf\":{\"@id\":\"https:\\\/\\\/ksproducts.ca\\\/#website\"},\"primaryImageOfPage\":{\"@id\":\"https:\\\/\\\/ksproducts.ca\\\/product\\\/sani-seal-waxless-toilet-gasket\\\/#primaryimage\"},\"image\":{\"@id\":\"https:\\\/\\\/ksproducts.ca\\\/product\\\/sani-seal-waxless-toilet-gasket\\\/#primaryimage\"},\"thumbnailUrl\":\"https:\\\/\\\/ksproducts.ca\\\/wp-content\\\/uploads\\\/2026\\\/03\\\/Sani-Seal-Waxless-Toilet-Gasket.avif\",\"datePublished\":\"2026-03-09T18:41:09+00:00\",\"breadcrumb\":{\"@id\":\"https:\\\/\\\/ksproducts.ca\\\/product\\\/sani-seal-waxless-toilet-gasket\\\/#breadcrumb\"},\"inLanguage\":\"fr-CA\",\"potentialAction\":[{\"@type\":\"ReadAction\",\"target\":[\"https:\\\/\\\/ksproducts.ca\\\/product\\\/sani-seal-waxless-toilet-gasket\\\/\"]}]},{\"@type\":\"ImageObject\",\"inLanguage\":\"fr-CA\",\"@id\":\"https:\\\/\\\/ksproducts.ca\\\/product\\\/sani-seal-waxless-toilet-gasket\\\/#primaryimage\",\"url\":\"https:\\\/\\\/ksproducts.ca\\\/wp-content\\\/uploads\\\/2026\\\/03\\\/Sani-Seal-Waxless-Toilet-Gasket.avif\",\"contentUrl\":\"https:\\\/\\\/ksproducts.ca\\\/wp-content\\\/uploads\\\/2026\\\/03\\\/Sani-Seal-Waxless-Toilet-Gasket.avif\",\"width\":1000,\"height\":1000,\"caption\":\"Sani Seal Waxless Toilet Gasket\"},{\"@type\":\"BreadcrumbList\",\"@id\":\"https:\\\/\\\/ksproducts.ca\\\/product\\\/sani-seal-waxless-toilet-gasket\\\/#breadcrumb\",\"itemListElement\":[{\"@type\":\"ListItem\",\"position\":1,\"name\":\"Home\",\"item\":\"https:\\\/\\\/ksproducts.ca\\\/\"},{\"@type\":\"ListItem\",\"position\":2,\"name\":\"Shop\",\"item\":\"https:\\\/\\\/ksproducts.ca\\\/shop\\\/\"},{\"@type\":\"ListItem\",\"position\":3,\"name\":\"Sani Seal Waxless Toilet Gasket\"}]},{\"@type\":\"WebSite\",\"@id\":\"https:\\\/\\\/ksproducts.ca\\\/#website\",\"url\":\"https:\\\/\\\/ksproducts.ca\\\/\",\"name\":\"Ks Products\",\"description\":\"Outdoor cooking and living, made easy in Canada\",\"publisher\":{\"@id\":\"https:\\\/\\\/ksproducts.ca\\\/#organization\"},\"potentialAction\":[{\"@type\":\"SearchAction\",\"target\":{\"@type\":\"EntryPoint\",\"urlTemplate\":\"https:\\\/\\\/ksproducts.ca\\\/?s={search_term_string}\"},\"query-input\":{\"@type\":\"PropertyValueSpecification\",\"valueRequired\":true,\"valueName\":\"search_term_string\"}}],\"inLanguage\":\"fr-CA\"},{\"@type\":\"Organization\",\"@id\":\"https:\\\/\\\/ksproducts.ca\\\/#organization\",\"name\":\"Ks Products\",\"url\":\"https:\\\/\\\/ksproducts.ca\\\/\",\"logo\":{\"@type\":\"ImageObject\",\"inLanguage\":\"fr-CA\",\"@id\":\"https:\\\/\\\/ksproducts.ca\\\/#\\\/schema\\\/logo\\\/image\\\/\",\"url\":\"https:\\\/\\\/ksproducts.ca\\\/wp-content\\\/uploads\\\/2023\\\/09\\\/Kennedy-Sales-Logo-header-1.png\",\"contentUrl\":\"https:\\\/\\\/ksproducts.ca\\\/wp-content\\\/uploads\\\/2023\\\/09\\\/Kennedy-Sales-Logo-header-1.png\",\"width\":150,\"height\":77,\"caption\":\"Ks Products\"},\"image\":{\"@id\":\"https:\\\/\\\/ksproducts.ca\\\/#\\\/schema\\\/logo\\\/image\\\/\"}}]}<\/script>\n<!-- \/ Yoast SEO plugin. -->","yoast_head_json":{"title":"Joint de toilette sans cire Sani Seal - Ks Products","robots":{"index":"index","follow":"follow","max-snippet":"max-snippet:-1","max-image-preview":"max-image-preview:large","max-video-preview":"max-video-preview:-1"},"canonical":"https:\/\/ksproducts.ca\/fr\/product\/sani-seal-joint-de-toilette-sans-cire\/","og_locale":"fr_CA","og_type":"article","og_title":"Sani Seal Waxless Toilet Gasket - Ks Products","og_description":"Sani Seal Toilet Gasket is a revolutionary development in Toilet Bowl-to-Flange sealing that is flexible, wax-less and repositionable. The unique design holds the bolts upright and the gasket in place. The Sani Seal makes installing your toilet extremely quick and easy.","og_url":"https:\/\/ksproducts.ca\/fr\/product\/sani-seal-joint-de-toilette-sans-cire\/","og_site_name":"Ks Products","og_image":[{"width":150,"height":77,"url":"https:\/\/ksproducts.ca\/wp-content\/uploads\/2023\/09\/Kennedy-Sales-Logo-header-1.png","type":"image\/png"}],"twitter_card":"summary_large_image","twitter_misc":{"Estimation du temps de lecture":"1 minute"},"schema":{"@context":"https:\/\/schema.org","@graph":[{"@type":"WebPage","@id":"https:\/\/ksproducts.ca\/product\/sani-seal-waxless-toilet-gasket\/","url":"https:\/\/ksproducts.ca\/product\/sani-seal-waxless-toilet-gasket\/","name":"Joint de toilette sans cire Sani Seal - Ks Products","isPartOf":{"@id":"https:\/\/ksproducts.ca\/#website"},"primaryImageOfPage":{"@id":"https:\/\/ksproducts.ca\/product\/sani-seal-waxless-toilet-gasket\/#primaryimage"},"image":{"@id":"https:\/\/ksproducts.ca\/product\/sani-seal-waxless-toilet-gasket\/#primaryimage"},"thumbnailUrl":"https:\/\/ksproducts.ca\/wp-content\/uploads\/2026\/03\/Sani-Seal-Waxless-Toilet-Gasket.avif","datePublished":"2026-03-09T18:41:09+00:00","breadcrumb":{"@id":"https:\/\/ksproducts.ca\/product\/sani-seal-waxless-toilet-gasket\/#breadcrumb"},"inLanguage":"fr-CA","potentialAction":[{"@type":"ReadAction","target":["https:\/\/ksproducts.ca\/product\/sani-seal-waxless-toilet-gasket\/"]}]},{"@type":"ImageObject","inLanguage":"fr-CA","@id":"https:\/\/ksproducts.ca\/product\/sani-seal-waxless-toilet-gasket\/#primaryimage","url":"https:\/\/ksproducts.ca\/wp-content\/uploads\/2026\/03\/Sani-Seal-Waxless-Toilet-Gasket.avif","contentUrl":"https:\/\/ksproducts.ca\/wp-content\/uploads\/2026\/03\/Sani-Seal-Waxless-Toilet-Gasket.avif","width":1000,"height":1000,"caption":"Sani Seal Waxless Toilet Gasket"},{"@type":"BreadcrumbList","@id":"https:\/\/ksproducts.ca\/product\/sani-seal-waxless-toilet-gasket\/#breadcrumb","itemListElement":[{"@type":"ListItem","position":1,"name":"Home","item":"https:\/\/ksproducts.ca\/"},{"@type":"ListItem","position":2,"name":"Shop","item":"https:\/\/ksproducts.ca\/shop\/"},{"@type":"ListItem","position":3,"name":"Sani Seal Waxless Toilet Gasket"}]},{"@type":"WebSite","@id":"https:\/\/ksproducts.ca\/#website","url":"https:\/\/ksproducts.ca\/","name":"Produits Ks","description":"Cuisiner et vivre en plein air, c'est facile au Canada","publisher":{"@id":"https:\/\/ksproducts.ca\/#organization"},"potentialAction":[{"@type":"SearchAction","target":{"@type":"EntryPoint","urlTemplate":"https:\/\/ksproducts.ca\/?s={search_term_string}"},"query-input":{"@type":"PropertyValueSpecification","valueRequired":true,"valueName":"search_term_string"}}],"inLanguage":"fr-CA"},{"@type":"Organization","@id":"https:\/\/ksproducts.ca\/#organization","name":"Produits Ks","url":"https:\/\/ksproducts.ca\/","logo":{"@type":"ImageObject","inLanguage":"fr-CA","@id":"https:\/\/ksproducts.ca\/#\/schema\/logo\/image\/","url":"https:\/\/ksproducts.ca\/wp-content\/uploads\/2023\/09\/Kennedy-Sales-Logo-header-1.png","contentUrl":"https:\/\/ksproducts.ca\/wp-content\/uploads\/2023\/09\/Kennedy-Sales-Logo-header-1.png","width":150,"height":77,"caption":"Ks Products"},"image":{"@id":"https:\/\/ksproducts.ca\/#\/schema\/logo\/image\/"}}]}},"_links":{"self":[{"href":"https:\/\/ksproducts.ca\/fr\/wp-json\/wp\/v2\/product\/12031","targetHints":{"allow":["GET"]}}],"collection":[{"href":"https:\/\/ksproducts.ca\/fr\/wp-json\/wp\/v2\/product"}],"about":[{"href":"https:\/\/ksproducts.ca\/fr\/wp-json\/wp\/v2\/types\/product"}],"replies":[{"embeddable":true,"href":"https:\/\/ksproducts.ca\/fr\/wp-json\/wp\/v2\/comments?post=12031"}],"version-history":[{"count":1,"href":"https:\/\/ksproducts.ca\/fr\/wp-json\/wp\/v2\/product\/12031\/revisions"}],"predecessor-version":[{"id":12033,"href":"https:\/\/ksproducts.ca\/fr\/wp-json\/wp\/v2\/product\/12031\/revisions\/12033"}],"wp:featuredmedia":[{"embeddable":true,"href":"https:\/\/ksproducts.ca\/fr\/wp-json\/wp\/v2\/media\/12032"}],"wp:attachment":[{"href":"https:\/\/ksproducts.ca\/fr\/wp-json\/wp\/v2\/media?parent=12031"}],"wp:term":[{"taxonomy":"product_cat","embeddable":true,"href":"https:\/\/ksproducts.ca\/fr\/wp-json\/wp\/v2\/product_cat?post=12031"},{"taxonomy":"product_tag","embeddable":true,"href":"https:\/\/ksproducts.ca\/fr\/wp-json\/wp\/v2\/product_tag?post=12031"}],"curies":[{"name":"wp","href":"https:\/\/api.w.org\/{rel}","templated":true}]}}