{"id":12045,"date":"2026-03-09T19:22:47","date_gmt":"2026-03-09T19:22:47","guid":{"rendered":"https:\/\/ksproducts.ca\/?post_type=product&#038;p=12045"},"modified":"2026-03-09T19:22:47","modified_gmt":"2026-03-09T19:22:47","slug":"cat-13-tiroirs-armoire-a-outils-roulante-jaune","status":"publish","type":"product","link":"https:\/\/ksproducts.ca\/fr\/product\/cat-13-drawer-rolling-tool-cabinet-yellow\/","title":{"rendered":"Cat Armoire \u00e0 outils roulante \u00e0 13 tiroirs - Jaune"},"content":{"rendered":"<ul>\n<li data-start=\"932\" data-end=\"1314\">\n<p data-start=\"934\" data-end=\"1314\"><strong data-start=\"934\" data-end=\"996\">Tiroirs \u00e0 sortie totale et \u00e0 fermeture douce avec capacit\u00e9 de charge \u00e9lev\u00e9e<\/strong><br data-start=\"996\" data-end=\"999\" \/>Con\u00e7us pour \u00eatre robustes, ces tiroirs \u00e0 sortie totale offrent un acc\u00e8s complet aux outils et \u00e0 l'\u00e9quipement tout en supportant des charges plus lourdes. Les glissi\u00e8res \u00e0 fermeture progressive assurent une fermeture douce et contr\u00f4l\u00e9e, m\u00eame lorsque les tiroirs sont enti\u00e8rement charg\u00e9s, ce qui rend cette armoire id\u00e9ale pour\u00a0<strong data-start=\"1251\" data-end=\"1280\">stockage d'outils professionnels<\/strong>\u00a0et les garages \u00e0 forte fr\u00e9quentation.<\/p>\n<\/li>\n<li data-start=\"1316\" data-end=\"1634\">\n<p data-start=\"1318\" data-end=\"1634\"><strong data-start=\"1318\" data-end=\"1367\">Protection des angles anti-chocs r\u00e9sistante aux impacts<\/strong><br data-start=\"1367\" data-end=\"1370\" \/>Des protections d'angle en plastique renforc\u00e9 aux quatre coins prot\u00e8gent l'armoire contre les chocs accidentels dans les garages et les ateliers tr\u00e8s fr\u00e9quent\u00e9s. Cette protection suppl\u00e9mentaire permet de pr\u00e9server l'armoire et les surfaces environnantes, prolongeant ainsi la dur\u00e9e de vie de votre appareil.\u00a0<strong data-start=\"1607\" data-end=\"1633\">armoire de rangement pour le garage<\/strong>.<\/p>\n<\/li>\n<li data-start=\"1636\" data-end=\"1928\">\n<p data-start=\"1638\" data-end=\"1928\"><strong data-start=\"1638\" data-end=\"1696\">Poign\u00e9e ergonomique int\u00e9gr\u00e9e avec protection anti-chocs<\/strong><br data-start=\"1696\" data-end=\"1699\" \/>Une poign\u00e9e ergonomique int\u00e9gr\u00e9e facilite la man\u0153uvre, m\u00eame lorsque l'armoire est enti\u00e8rement charg\u00e9e. La protection contre les chocs renforce la durabilit\u00e9 dans les zones \u00e0 fort contact, ce qui la rend id\u00e9ale pour\u00a0<strong data-start=\"1880\" data-end=\"1903\">stockage mobile d'outils<\/strong>\u00a0dans des espaces de travail exigeants.<\/p>\n<\/li>\n<li data-start=\"1930\" data-end=\"2181\">\n<p data-start=\"1932\" data-end=\"2181\"><strong data-start=\"1932\" data-end=\"1979\">Syst\u00e8me de verrouillage central avec cl\u00e9s r\u00e9versibles<\/strong><br data-start=\"1979\" data-end=\"1982\" \/>S\u00e9curisez tous les tiroirs avec une seule serrure. Le syst\u00e8me de verrouillage central prot\u00e8ge les outils de valeur dans les garages partag\u00e9s, les ateliers ou les chantiers, offrant une tranquillit\u00e9 d'esprit aux professionnels et aux bricoleurs s\u00e9rieux.<\/p>\n<\/li>\n<li data-start=\"2183\" data-end=\"2484\">\n<p data-start=\"2185\" data-end=\"2484\"><strong data-start=\"2185\" data-end=\"2240\">Panneaux lat\u00e9raux perfor\u00e9s pour une organisation personnalis\u00e9e des outils<\/strong><br data-start=\"2240\" data-end=\"2243\" \/>Maximisez l'efficacit\u00e9 du rangement gr\u00e2ce aux panneaux lat\u00e9raux perfor\u00e9s con\u00e7us pour suspendre les outils et les accessoires. Les articles fr\u00e9quemment utilis\u00e9s restent visibles et \u00e0 port\u00e9e de main, tout en lib\u00e9rant de l'espace dans les tiroirs.\u00a0<strong data-start=\"2452\" data-end=\"2483\">syst\u00e8mes d'organisation du garage<\/strong>.<\/p>\n<\/li>\n<li data-start=\"2486\" data-end=\"2754\">\n<p data-start=\"2488\" data-end=\"2754\"><strong data-start=\"2488\" data-end=\"2541\">Roulettes robustes de 5 pouces pour une mobilit\u00e9 ais\u00e9e<\/strong><br data-start=\"2541\" data-end=\"2544\" \/>Les grandes roues pivotantes durables permettent de se d\u00e9placer en douceur sur les sols en b\u00e9ton et les sols de garage, m\u00eame avec de lourdes charges. Faites rouler votre\u00a0<strong data-start=\"2668\" data-end=\"2692\">armoire de rangement d'outils<\/strong>\u00a0exactement l\u00e0 o\u00f9 vous en avez besoin, ce qui am\u00e9liore le flux de travail et l'efficacit\u00e9.<\/p>\n<\/li>\n<li data-start=\"3007\" data-end=\"3278\">\n<p data-start=\"3009\" data-end=\"3278\"><strong data-start=\"3009\" data-end=\"3057\">Syst\u00e8me de s\u00e9curit\u00e9 de verrouillage des tiroirs pour une meilleure stabilit\u00e9<\/strong><br data-start=\"3057\" data-end=\"3060\" \/>Le syst\u00e8me int\u00e9gr\u00e9 de verrouillage des tiroirs permet d'ouvrir un seul tiroir \u00e0 la fois, ce qui r\u00e9duit le risque de basculement et am\u00e9liore la s\u00e9curit\u00e9 lors de la manipulation d'outils lourds.\u00a0<strong data-start=\"3242\" data-end=\"3277\">stockage dans un garage de qualit\u00e9 commerciale<\/strong>.<\/p>\n<\/li>\n<\/ul>","protected":false},"excerpt":{"rendered":"<p>Cat\u00ae Armoire \u00e0 outils de garage roulante enti\u00e8rement assembl\u00e9e - Rangement en acier robuste avec tiroirs verrouillables \u00e0 sortie totale, glissi\u00e8res \u00e0 fermeture douce et roulettes de qualit\u00e9 industrielle<\/p>","protected":false},"featured_media":12046,"comment_status":"open","ping_status":"closed","template":"","meta":[],"product_cat":[449],"product_tag":[],"class_list":{"0":"post-12045","1":"product","2":"type-product","3":"status-publish","4":"has-post-thumbnail","6":"product_cat-shelving-overhead-storage","7":"product_shipping_class-class-5","9":"first","10":"instock","11":"taxable","12":"shipping-taxable","13":"purchasable","14":"product-type-simple"},"yoast_head":"<!-- This site is optimized with the Yoast SEO plugin v27.3 - https:\/\/yoast.com\/product\/yoast-seo-wordpress\/ -->\n<title>Cat 13-Drawer Rolling Tool Cabinet - Yellow - Ks Products<\/title>\n<meta name=\"robots\" content=\"index, follow, max-snippet:-1, max-image-preview:large, max-video-preview:-1\" \/>\n<link rel=\"canonical\" href=\"https:\/\/ksproducts.ca\/fr\/product\/cat-13-tiroirs-armoire-a-outils-roulante-jaune\/\" \/>\n<meta property=\"og:locale\" content=\"fr_CA\" \/>\n<meta property=\"og:type\" content=\"article\" \/>\n<meta property=\"og:title\" content=\"Cat 13-Drawer Rolling Tool Cabinet - Yellow - Ks Products\" \/>\n<meta property=\"og:description\" content=\"Cat\u00ae Fully Assembled Rolling Garage Tool Cabinet \u2013 Heavy-Duty Steel Storage with Locking Full-Extension Drawers, Soft-Close Slides &amp; Industrial-Grade Casters\" \/>\n<meta property=\"og:url\" content=\"https:\/\/ksproducts.ca\/fr\/product\/cat-13-tiroirs-armoire-a-outils-roulante-jaune\/\" \/>\n<meta property=\"og:site_name\" content=\"Ks Products\" \/>\n<meta property=\"og:image\" content=\"https:\/\/ksproducts.ca\/wp-content\/uploads\/2026\/03\/Cat-13-Drawer-Rolling-Tool-Cabinet-Yellow.jpg\" \/>\n\t<meta property=\"og:image:width\" content=\"800\" \/>\n\t<meta property=\"og:image:height\" content=\"600\" \/>\n\t<meta property=\"og:image:type\" content=\"image\/jpeg\" \/>\n<meta name=\"twitter:card\" content=\"summary_large_image\" \/>\n<meta name=\"twitter:label1\" content=\"Estimation du temps de lecture\" \/>\n\t<meta name=\"twitter:data1\" content=\"2 minutes\" \/>\n<script type=\"application\/ld+json\" class=\"yoast-schema-graph\">{\"@context\":\"https:\\\/\\\/schema.org\",\"@graph\":[{\"@type\":\"WebPage\",\"@id\":\"https:\\\/\\\/ksproducts.ca\\\/product\\\/cat-13-drawer-rolling-tool-cabinet-yellow\\\/\",\"url\":\"https:\\\/\\\/ksproducts.ca\\\/product\\\/cat-13-drawer-rolling-tool-cabinet-yellow\\\/\",\"name\":\"Cat 13-Drawer Rolling Tool Cabinet - Yellow - Ks Products\",\"isPartOf\":{\"@id\":\"https:\\\/\\\/ksproducts.ca\\\/#website\"},\"primaryImageOfPage\":{\"@id\":\"https:\\\/\\\/ksproducts.ca\\\/product\\\/cat-13-drawer-rolling-tool-cabinet-yellow\\\/#primaryimage\"},\"image\":{\"@id\":\"https:\\\/\\\/ksproducts.ca\\\/product\\\/cat-13-drawer-rolling-tool-cabinet-yellow\\\/#primaryimage\"},\"thumbnailUrl\":\"https:\\\/\\\/ksproducts.ca\\\/wp-content\\\/uploads\\\/2026\\\/03\\\/Cat-13-Drawer-Rolling-Tool-Cabinet-Yellow.jpg\",\"datePublished\":\"2026-03-09T19:22:47+00:00\",\"breadcrumb\":{\"@id\":\"https:\\\/\\\/ksproducts.ca\\\/product\\\/cat-13-drawer-rolling-tool-cabinet-yellow\\\/#breadcrumb\"},\"inLanguage\":\"fr-CA\",\"potentialAction\":[{\"@type\":\"ReadAction\",\"target\":[\"https:\\\/\\\/ksproducts.ca\\\/product\\\/cat-13-drawer-rolling-tool-cabinet-yellow\\\/\"]}]},{\"@type\":\"ImageObject\",\"inLanguage\":\"fr-CA\",\"@id\":\"https:\\\/\\\/ksproducts.ca\\\/product\\\/cat-13-drawer-rolling-tool-cabinet-yellow\\\/#primaryimage\",\"url\":\"https:\\\/\\\/ksproducts.ca\\\/wp-content\\\/uploads\\\/2026\\\/03\\\/Cat-13-Drawer-Rolling-Tool-Cabinet-Yellow.jpg\",\"contentUrl\":\"https:\\\/\\\/ksproducts.ca\\\/wp-content\\\/uploads\\\/2026\\\/03\\\/Cat-13-Drawer-Rolling-Tool-Cabinet-Yellow.jpg\",\"width\":800,\"height\":600,\"caption\":\"Cat 13 Drawer Rolling Tool Cabinet Yellow\"},{\"@type\":\"BreadcrumbList\",\"@id\":\"https:\\\/\\\/ksproducts.ca\\\/product\\\/cat-13-drawer-rolling-tool-cabinet-yellow\\\/#breadcrumb\",\"itemListElement\":[{\"@type\":\"ListItem\",\"position\":1,\"name\":\"Home\",\"item\":\"https:\\\/\\\/ksproducts.ca\\\/\"},{\"@type\":\"ListItem\",\"position\":2,\"name\":\"Shop\",\"item\":\"https:\\\/\\\/ksproducts.ca\\\/shop\\\/\"},{\"@type\":\"ListItem\",\"position\":3,\"name\":\"Cat 13-Drawer Rolling Tool Cabinet &#8211; Yellow\"}]},{\"@type\":\"WebSite\",\"@id\":\"https:\\\/\\\/ksproducts.ca\\\/#website\",\"url\":\"https:\\\/\\\/ksproducts.ca\\\/\",\"name\":\"Ks Products\",\"description\":\"Outdoor cooking and living, made easy in Canada\",\"publisher\":{\"@id\":\"https:\\\/\\\/ksproducts.ca\\\/#organization\"},\"potentialAction\":[{\"@type\":\"SearchAction\",\"target\":{\"@type\":\"EntryPoint\",\"urlTemplate\":\"https:\\\/\\\/ksproducts.ca\\\/?s={search_term_string}\"},\"query-input\":{\"@type\":\"PropertyValueSpecification\",\"valueRequired\":true,\"valueName\":\"search_term_string\"}}],\"inLanguage\":\"fr-CA\"},{\"@type\":\"Organization\",\"@id\":\"https:\\\/\\\/ksproducts.ca\\\/#organization\",\"name\":\"Ks Products\",\"url\":\"https:\\\/\\\/ksproducts.ca\\\/\",\"logo\":{\"@type\":\"ImageObject\",\"inLanguage\":\"fr-CA\",\"@id\":\"https:\\\/\\\/ksproducts.ca\\\/#\\\/schema\\\/logo\\\/image\\\/\",\"url\":\"https:\\\/\\\/ksproducts.ca\\\/wp-content\\\/uploads\\\/2023\\\/09\\\/Kennedy-Sales-Logo-header-1.png\",\"contentUrl\":\"https:\\\/\\\/ksproducts.ca\\\/wp-content\\\/uploads\\\/2023\\\/09\\\/Kennedy-Sales-Logo-header-1.png\",\"width\":150,\"height\":77,\"caption\":\"Ks Products\"},\"image\":{\"@id\":\"https:\\\/\\\/ksproducts.ca\\\/#\\\/schema\\\/logo\\\/image\\\/\"}}]}<\/script>\n<!-- \/ Yoast SEO plugin. -->","yoast_head_json":{"title":"Armoire \u00e0 outils roulante Cat \u00e0 13 tiroirs - Jaune - Ks Products","robots":{"index":"index","follow":"follow","max-snippet":"max-snippet:-1","max-image-preview":"max-image-preview:large","max-video-preview":"max-video-preview:-1"},"canonical":"https:\/\/ksproducts.ca\/fr\/product\/cat-13-tiroirs-armoire-a-outils-roulante-jaune\/","og_locale":"fr_CA","og_type":"article","og_title":"Cat 13-Drawer Rolling Tool Cabinet - Yellow - Ks Products","og_description":"Cat\u00ae Fully Assembled Rolling Garage Tool Cabinet \u2013 Heavy-Duty Steel Storage with Locking Full-Extension Drawers, Soft-Close Slides &amp; Industrial-Grade Casters","og_url":"https:\/\/ksproducts.ca\/fr\/product\/cat-13-tiroirs-armoire-a-outils-roulante-jaune\/","og_site_name":"Ks Products","og_image":[{"width":800,"height":600,"url":"https:\/\/ksproducts.ca\/wp-content\/uploads\/2026\/03\/Cat-13-Drawer-Rolling-Tool-Cabinet-Yellow.jpg","type":"image\/jpeg"}],"twitter_card":"summary_large_image","twitter_misc":{"Estimation du temps de lecture":"2 minutes"},"schema":{"@context":"https:\/\/schema.org","@graph":[{"@type":"WebPage","@id":"https:\/\/ksproducts.ca\/product\/cat-13-drawer-rolling-tool-cabinet-yellow\/","url":"https:\/\/ksproducts.ca\/product\/cat-13-drawer-rolling-tool-cabinet-yellow\/","name":"Armoire \u00e0 outils roulante Cat \u00e0 13 tiroirs - Jaune - Ks Products","isPartOf":{"@id":"https:\/\/ksproducts.ca\/#website"},"primaryImageOfPage":{"@id":"https:\/\/ksproducts.ca\/product\/cat-13-drawer-rolling-tool-cabinet-yellow\/#primaryimage"},"image":{"@id":"https:\/\/ksproducts.ca\/product\/cat-13-drawer-rolling-tool-cabinet-yellow\/#primaryimage"},"thumbnailUrl":"https:\/\/ksproducts.ca\/wp-content\/uploads\/2026\/03\/Cat-13-Drawer-Rolling-Tool-Cabinet-Yellow.jpg","datePublished":"2026-03-09T19:22:47+00:00","breadcrumb":{"@id":"https:\/\/ksproducts.ca\/product\/cat-13-drawer-rolling-tool-cabinet-yellow\/#breadcrumb"},"inLanguage":"fr-CA","potentialAction":[{"@type":"ReadAction","target":["https:\/\/ksproducts.ca\/product\/cat-13-drawer-rolling-tool-cabinet-yellow\/"]}]},{"@type":"ImageObject","inLanguage":"fr-CA","@id":"https:\/\/ksproducts.ca\/product\/cat-13-drawer-rolling-tool-cabinet-yellow\/#primaryimage","url":"https:\/\/ksproducts.ca\/wp-content\/uploads\/2026\/03\/Cat-13-Drawer-Rolling-Tool-Cabinet-Yellow.jpg","contentUrl":"https:\/\/ksproducts.ca\/wp-content\/uploads\/2026\/03\/Cat-13-Drawer-Rolling-Tool-Cabinet-Yellow.jpg","width":800,"height":600,"caption":"Cat 13 Drawer Rolling Tool Cabinet Yellow"},{"@type":"BreadcrumbList","@id":"https:\/\/ksproducts.ca\/product\/cat-13-drawer-rolling-tool-cabinet-yellow\/#breadcrumb","itemListElement":[{"@type":"ListItem","position":1,"name":"Home","item":"https:\/\/ksproducts.ca\/"},{"@type":"ListItem","position":2,"name":"Shop","item":"https:\/\/ksproducts.ca\/shop\/"},{"@type":"ListItem","position":3,"name":"Cat 13-Drawer Rolling Tool Cabinet &#8211; Yellow"}]},{"@type":"WebSite","@id":"https:\/\/ksproducts.ca\/#website","url":"https:\/\/ksproducts.ca\/","name":"Produits Ks","description":"Cuisiner et vivre en plein air, c'est facile au Canada","publisher":{"@id":"https:\/\/ksproducts.ca\/#organization"},"potentialAction":[{"@type":"SearchAction","target":{"@type":"EntryPoint","urlTemplate":"https:\/\/ksproducts.ca\/?s={search_term_string}"},"query-input":{"@type":"PropertyValueSpecification","valueRequired":true,"valueName":"search_term_string"}}],"inLanguage":"fr-CA"},{"@type":"Organization","@id":"https:\/\/ksproducts.ca\/#organization","name":"Produits Ks","url":"https:\/\/ksproducts.ca\/","logo":{"@type":"ImageObject","inLanguage":"fr-CA","@id":"https:\/\/ksproducts.ca\/#\/schema\/logo\/image\/","url":"https:\/\/ksproducts.ca\/wp-content\/uploads\/2023\/09\/Kennedy-Sales-Logo-header-1.png","contentUrl":"https:\/\/ksproducts.ca\/wp-content\/uploads\/2023\/09\/Kennedy-Sales-Logo-header-1.png","width":150,"height":77,"caption":"Ks Products"},"image":{"@id":"https:\/\/ksproducts.ca\/#\/schema\/logo\/image\/"}}]}},"_links":{"self":[{"href":"https:\/\/ksproducts.ca\/fr\/wp-json\/wp\/v2\/product\/12045","targetHints":{"allow":["GET"]}}],"collection":[{"href":"https:\/\/ksproducts.ca\/fr\/wp-json\/wp\/v2\/product"}],"about":[{"href":"https:\/\/ksproducts.ca\/fr\/wp-json\/wp\/v2\/types\/product"}],"replies":[{"embeddable":true,"href":"https:\/\/ksproducts.ca\/fr\/wp-json\/wp\/v2\/comments?post=12045"}],"version-history":[{"count":1,"href":"https:\/\/ksproducts.ca\/fr\/wp-json\/wp\/v2\/product\/12045\/revisions"}],"predecessor-version":[{"id":12047,"href":"https:\/\/ksproducts.ca\/fr\/wp-json\/wp\/v2\/product\/12045\/revisions\/12047"}],"wp:featuredmedia":[{"embeddable":true,"href":"https:\/\/ksproducts.ca\/fr\/wp-json\/wp\/v2\/media\/12046"}],"wp:attachment":[{"href":"https:\/\/ksproducts.ca\/fr\/wp-json\/wp\/v2\/media?parent=12045"}],"wp:term":[{"taxonomy":"product_cat","embeddable":true,"href":"https:\/\/ksproducts.ca\/fr\/wp-json\/wp\/v2\/product_cat?post=12045"},{"taxonomy":"product_tag","embeddable":true,"href":"https:\/\/ksproducts.ca\/fr\/wp-json\/wp\/v2\/product_tag?post=12045"}],"curies":[{"name":"wp","href":"https:\/\/api.w.org\/{rel}","templated":true}]}}