{"id":12048,"date":"2026-03-09T19:29:32","date_gmt":"2026-03-09T19:29:32","guid":{"rendered":"https:\/\/ksproducts.ca\/?post_type=product&#038;p=12048"},"modified":"2026-03-09T19:29:32","modified_gmt":"2026-03-09T19:29:32","slug":"cat-heavy-duty-work-benchs-48-x-25-x-29","status":"publish","type":"product","link":"https:\/\/ksproducts.ca\/fr\/product\/cat-heavy-duty-work-benches-48-x-25-x-29\/","title":{"rendered":"CAT Bancs de travail robustes - 48 x 25 x 29"},"content":{"rendered":"<ul>\n<li>Robustesse de l'ing\u00e9nierie pour une meilleure durabilit\u00e9<\/li>\n<li>Finition industrielle durable avec une capacit\u00e9 de charge de 3 000 lb<\/li>\n<li>Aucun outil n'est n\u00e9cessaire pour l'assemblage<\/li>\n<li>Disponible en plusieurs largeurs pour s'adapter \u00e0 votre espace de plancher<\/li>\n<\/ul>","protected":false},"excerpt":{"rendered":"<p class=\"acl-my--x-small hdca-text-body--small\">L'\u00e9tabli r\u00e9glable a une capacit\u00e9 de poids maximale de 3 000 livres et est disponible en trois largeurs diff\u00e9rentes avec un bois caoutchout\u00e9 de 45 mm d'\u00e9paisseur et de 24 de profondeur. Chaque \u00e9tabli est r\u00e9glable en hauteur entre 29\u201c et 42\u201d. Les pieds de mise \u00e0 niveau \u00e0 boulons filet\u00e9s vous permettent d'ajuster le placement sur des sols in\u00e9gaux. Disponible en granit martel\u00e9.<\/p>","protected":false},"featured_media":12049,"comment_status":"open","ping_status":"closed","template":"","meta":[],"product_cat":[450],"product_tag":[],"class_list":{"0":"post-12048","1":"product","2":"type-product","3":"status-publish","4":"has-post-thumbnail","6":"product_cat-workbenches","7":"product_shipping_class-class-5","9":"first","10":"instock","11":"taxable","12":"shipping-taxable","13":"purchasable","14":"product-type-simple"},"yoast_head":"<!-- This site is optimized with the Yoast SEO plugin v27.3 - https:\/\/yoast.com\/product\/yoast-seo-wordpress\/ -->\n<title>CAT Heavy Duty Work Benches - 48 x 25 x 29 - Ks Products<\/title>\n<meta name=\"robots\" content=\"index, follow, max-snippet:-1, max-image-preview:large, max-video-preview:-1\" \/>\n<link rel=\"canonical\" href=\"https:\/\/ksproducts.ca\/fr\/product\/cat-heavy-duty-work-benchs-48-x-25-x-29\/\" \/>\n<meta property=\"og:locale\" content=\"fr_CA\" \/>\n<meta property=\"og:type\" content=\"article\" \/>\n<meta property=\"og:title\" content=\"CAT Heavy Duty Work Benches - 48 x 25 x 29 - Ks Products\" \/>\n<meta property=\"og:description\" content=\"The adjustable workbench has a maximum weight capacity of 3000 lbs and has three different widths available with a 45mm thick, 24 deep rubberized wood. Each workbench is adjustable between 29 &quot;and 42&quot; in height. Threaded bolt leveling feet allow you to fine tune placement on uneven floors. Available in hammered granite.\" \/>\n<meta property=\"og:url\" content=\"https:\/\/ksproducts.ca\/fr\/product\/cat-heavy-duty-work-benchs-48-x-25-x-29\/\" \/>\n<meta property=\"og:site_name\" content=\"Ks Products\" \/>\n<meta property=\"og:image\" content=\"https:\/\/ksproducts.ca\/wp-content\/uploads\/2023\/09\/Kennedy-Sales-Logo-header-1.png\" \/>\n\t<meta property=\"og:image:width\" content=\"150\" \/>\n\t<meta property=\"og:image:height\" content=\"77\" \/>\n\t<meta property=\"og:image:type\" content=\"image\/png\" \/>\n<meta name=\"twitter:card\" content=\"summary_large_image\" \/>\n<meta name=\"twitter:label1\" content=\"Estimation du temps de lecture\" \/>\n\t<meta name=\"twitter:data1\" content=\"1 minute\" \/>\n<script type=\"application\/ld+json\" class=\"yoast-schema-graph\">{\"@context\":\"https:\\\/\\\/schema.org\",\"@graph\":[{\"@type\":\"WebPage\",\"@id\":\"https:\\\/\\\/ksproducts.ca\\\/product\\\/cat-heavy-duty-work-benches-48-x-25-x-29\\\/\",\"url\":\"https:\\\/\\\/ksproducts.ca\\\/product\\\/cat-heavy-duty-work-benches-48-x-25-x-29\\\/\",\"name\":\"CAT Heavy Duty Work Benches - 48 x 25 x 29 - Ks Products\",\"isPartOf\":{\"@id\":\"https:\\\/\\\/ksproducts.ca\\\/#website\"},\"primaryImageOfPage\":{\"@id\":\"https:\\\/\\\/ksproducts.ca\\\/product\\\/cat-heavy-duty-work-benches-48-x-25-x-29\\\/#primaryimage\"},\"image\":{\"@id\":\"https:\\\/\\\/ksproducts.ca\\\/product\\\/cat-heavy-duty-work-benches-48-x-25-x-29\\\/#primaryimage\"},\"thumbnailUrl\":\"https:\\\/\\\/ksproducts.ca\\\/wp-content\\\/uploads\\\/2026\\\/03\\\/CAT-Heavy-Duty-Work-Benches-48-x-25-x-29.avif\",\"datePublished\":\"2026-03-09T19:29:32+00:00\",\"breadcrumb\":{\"@id\":\"https:\\\/\\\/ksproducts.ca\\\/product\\\/cat-heavy-duty-work-benches-48-x-25-x-29\\\/#breadcrumb\"},\"inLanguage\":\"fr-CA\",\"potentialAction\":[{\"@type\":\"ReadAction\",\"target\":[\"https:\\\/\\\/ksproducts.ca\\\/product\\\/cat-heavy-duty-work-benches-48-x-25-x-29\\\/\"]}]},{\"@type\":\"ImageObject\",\"inLanguage\":\"fr-CA\",\"@id\":\"https:\\\/\\\/ksproducts.ca\\\/product\\\/cat-heavy-duty-work-benches-48-x-25-x-29\\\/#primaryimage\",\"url\":\"https:\\\/\\\/ksproducts.ca\\\/wp-content\\\/uploads\\\/2026\\\/03\\\/CAT-Heavy-Duty-Work-Benches-48-x-25-x-29.avif\",\"contentUrl\":\"https:\\\/\\\/ksproducts.ca\\\/wp-content\\\/uploads\\\/2026\\\/03\\\/CAT-Heavy-Duty-Work-Benches-48-x-25-x-29.avif\",\"width\":1000,\"height\":1000,\"caption\":\"CAT Heavy Duty Work Benches 48 x 25 x 29\"},{\"@type\":\"BreadcrumbList\",\"@id\":\"https:\\\/\\\/ksproducts.ca\\\/product\\\/cat-heavy-duty-work-benches-48-x-25-x-29\\\/#breadcrumb\",\"itemListElement\":[{\"@type\":\"ListItem\",\"position\":1,\"name\":\"Home\",\"item\":\"https:\\\/\\\/ksproducts.ca\\\/\"},{\"@type\":\"ListItem\",\"position\":2,\"name\":\"Shop\",\"item\":\"https:\\\/\\\/ksproducts.ca\\\/shop\\\/\"},{\"@type\":\"ListItem\",\"position\":3,\"name\":\"CAT Heavy Duty Work Benches &#8211; 48 x 25 x 29\"}]},{\"@type\":\"WebSite\",\"@id\":\"https:\\\/\\\/ksproducts.ca\\\/#website\",\"url\":\"https:\\\/\\\/ksproducts.ca\\\/\",\"name\":\"Ks Products\",\"description\":\"Outdoor cooking and living, made easy in Canada\",\"publisher\":{\"@id\":\"https:\\\/\\\/ksproducts.ca\\\/#organization\"},\"potentialAction\":[{\"@type\":\"SearchAction\",\"target\":{\"@type\":\"EntryPoint\",\"urlTemplate\":\"https:\\\/\\\/ksproducts.ca\\\/?s={search_term_string}\"},\"query-input\":{\"@type\":\"PropertyValueSpecification\",\"valueRequired\":true,\"valueName\":\"search_term_string\"}}],\"inLanguage\":\"fr-CA\"},{\"@type\":\"Organization\",\"@id\":\"https:\\\/\\\/ksproducts.ca\\\/#organization\",\"name\":\"Ks Products\",\"url\":\"https:\\\/\\\/ksproducts.ca\\\/\",\"logo\":{\"@type\":\"ImageObject\",\"inLanguage\":\"fr-CA\",\"@id\":\"https:\\\/\\\/ksproducts.ca\\\/#\\\/schema\\\/logo\\\/image\\\/\",\"url\":\"https:\\\/\\\/ksproducts.ca\\\/wp-content\\\/uploads\\\/2023\\\/09\\\/Kennedy-Sales-Logo-header-1.png\",\"contentUrl\":\"https:\\\/\\\/ksproducts.ca\\\/wp-content\\\/uploads\\\/2023\\\/09\\\/Kennedy-Sales-Logo-header-1.png\",\"width\":150,\"height\":77,\"caption\":\"Ks Products\"},\"image\":{\"@id\":\"https:\\\/\\\/ksproducts.ca\\\/#\\\/schema\\\/logo\\\/image\\\/\"}}]}<\/script>\n<!-- \/ Yoast SEO plugin. -->","yoast_head_json":{"title":"Bancs de travail CAT Heavy Duty - 48 x 25 x 29 - Ks Products","robots":{"index":"index","follow":"follow","max-snippet":"max-snippet:-1","max-image-preview":"max-image-preview:large","max-video-preview":"max-video-preview:-1"},"canonical":"https:\/\/ksproducts.ca\/fr\/product\/cat-heavy-duty-work-benchs-48-x-25-x-29\/","og_locale":"fr_CA","og_type":"article","og_title":"CAT Heavy Duty Work Benches - 48 x 25 x 29 - Ks Products","og_description":"The adjustable workbench has a maximum weight capacity of 3000 lbs and has three different widths available with a 45mm thick, 24 deep rubberized wood. Each workbench is adjustable between 29 \"and 42\" in height. Threaded bolt leveling feet allow you to fine tune placement on uneven floors. Available in hammered granite.","og_url":"https:\/\/ksproducts.ca\/fr\/product\/cat-heavy-duty-work-benchs-48-x-25-x-29\/","og_site_name":"Ks Products","og_image":[{"width":150,"height":77,"url":"https:\/\/ksproducts.ca\/wp-content\/uploads\/2023\/09\/Kennedy-Sales-Logo-header-1.png","type":"image\/png"}],"twitter_card":"summary_large_image","twitter_misc":{"Estimation du temps de lecture":"1 minute"},"schema":{"@context":"https:\/\/schema.org","@graph":[{"@type":"WebPage","@id":"https:\/\/ksproducts.ca\/product\/cat-heavy-duty-work-benches-48-x-25-x-29\/","url":"https:\/\/ksproducts.ca\/product\/cat-heavy-duty-work-benches-48-x-25-x-29\/","name":"Bancs de travail CAT Heavy Duty - 48 x 25 x 29 - Ks Products","isPartOf":{"@id":"https:\/\/ksproducts.ca\/#website"},"primaryImageOfPage":{"@id":"https:\/\/ksproducts.ca\/product\/cat-heavy-duty-work-benches-48-x-25-x-29\/#primaryimage"},"image":{"@id":"https:\/\/ksproducts.ca\/product\/cat-heavy-duty-work-benches-48-x-25-x-29\/#primaryimage"},"thumbnailUrl":"https:\/\/ksproducts.ca\/wp-content\/uploads\/2026\/03\/CAT-Heavy-Duty-Work-Benches-48-x-25-x-29.avif","datePublished":"2026-03-09T19:29:32+00:00","breadcrumb":{"@id":"https:\/\/ksproducts.ca\/product\/cat-heavy-duty-work-benches-48-x-25-x-29\/#breadcrumb"},"inLanguage":"fr-CA","potentialAction":[{"@type":"ReadAction","target":["https:\/\/ksproducts.ca\/product\/cat-heavy-duty-work-benches-48-x-25-x-29\/"]}]},{"@type":"ImageObject","inLanguage":"fr-CA","@id":"https:\/\/ksproducts.ca\/product\/cat-heavy-duty-work-benches-48-x-25-x-29\/#primaryimage","url":"https:\/\/ksproducts.ca\/wp-content\/uploads\/2026\/03\/CAT-Heavy-Duty-Work-Benches-48-x-25-x-29.avif","contentUrl":"https:\/\/ksproducts.ca\/wp-content\/uploads\/2026\/03\/CAT-Heavy-Duty-Work-Benches-48-x-25-x-29.avif","width":1000,"height":1000,"caption":"CAT Heavy Duty Work Benches 48 x 25 x 29"},{"@type":"BreadcrumbList","@id":"https:\/\/ksproducts.ca\/product\/cat-heavy-duty-work-benches-48-x-25-x-29\/#breadcrumb","itemListElement":[{"@type":"ListItem","position":1,"name":"Home","item":"https:\/\/ksproducts.ca\/"},{"@type":"ListItem","position":2,"name":"Shop","item":"https:\/\/ksproducts.ca\/shop\/"},{"@type":"ListItem","position":3,"name":"CAT Heavy Duty Work Benches &#8211; 48 x 25 x 29"}]},{"@type":"WebSite","@id":"https:\/\/ksproducts.ca\/#website","url":"https:\/\/ksproducts.ca\/","name":"Produits Ks","description":"Cuisiner et vivre en plein air, c'est facile au Canada","publisher":{"@id":"https:\/\/ksproducts.ca\/#organization"},"potentialAction":[{"@type":"SearchAction","target":{"@type":"EntryPoint","urlTemplate":"https:\/\/ksproducts.ca\/?s={search_term_string}"},"query-input":{"@type":"PropertyValueSpecification","valueRequired":true,"valueName":"search_term_string"}}],"inLanguage":"fr-CA"},{"@type":"Organization","@id":"https:\/\/ksproducts.ca\/#organization","name":"Produits Ks","url":"https:\/\/ksproducts.ca\/","logo":{"@type":"ImageObject","inLanguage":"fr-CA","@id":"https:\/\/ksproducts.ca\/#\/schema\/logo\/image\/","url":"https:\/\/ksproducts.ca\/wp-content\/uploads\/2023\/09\/Kennedy-Sales-Logo-header-1.png","contentUrl":"https:\/\/ksproducts.ca\/wp-content\/uploads\/2023\/09\/Kennedy-Sales-Logo-header-1.png","width":150,"height":77,"caption":"Ks Products"},"image":{"@id":"https:\/\/ksproducts.ca\/#\/schema\/logo\/image\/"}}]}},"_links":{"self":[{"href":"https:\/\/ksproducts.ca\/fr\/wp-json\/wp\/v2\/product\/12048","targetHints":{"allow":["GET"]}}],"collection":[{"href":"https:\/\/ksproducts.ca\/fr\/wp-json\/wp\/v2\/product"}],"about":[{"href":"https:\/\/ksproducts.ca\/fr\/wp-json\/wp\/v2\/types\/product"}],"replies":[{"embeddable":true,"href":"https:\/\/ksproducts.ca\/fr\/wp-json\/wp\/v2\/comments?post=12048"}],"version-history":[{"count":1,"href":"https:\/\/ksproducts.ca\/fr\/wp-json\/wp\/v2\/product\/12048\/revisions"}],"predecessor-version":[{"id":12050,"href":"https:\/\/ksproducts.ca\/fr\/wp-json\/wp\/v2\/product\/12048\/revisions\/12050"}],"wp:featuredmedia":[{"embeddable":true,"href":"https:\/\/ksproducts.ca\/fr\/wp-json\/wp\/v2\/media\/12049"}],"wp:attachment":[{"href":"https:\/\/ksproducts.ca\/fr\/wp-json\/wp\/v2\/media?parent=12048"}],"wp:term":[{"taxonomy":"product_cat","embeddable":true,"href":"https:\/\/ksproducts.ca\/fr\/wp-json\/wp\/v2\/product_cat?post=12048"},{"taxonomy":"product_tag","embeddable":true,"href":"https:\/\/ksproducts.ca\/fr\/wp-json\/wp\/v2\/product_tag?post=12048"}],"curies":[{"name":"wp","href":"https:\/\/api.w.org\/{rel}","templated":true}]}}