{"id":12052,"date":"2026-03-09T19:43:25","date_gmt":"2026-03-09T19:43:25","guid":{"rendered":"https:\/\/ksproducts.ca\/?post_type=product&#038;p=12052"},"modified":"2026-03-09T19:43:44","modified_gmt":"2026-03-09T19:43:44","slug":"gunk-small-engine-parts-cleaner-kit-with-drip-basket-2-83l","status":"publish","type":"product","link":"https:\/\/ksproducts.ca\/fr\/product\/gunk-small-engine-parts-cleaner-kit-with-drip-basket-2-83l\/","title":{"rendered":"Kit de nettoyage pour petites pi\u00e8ces de moteur Gunk avec panier d'\u00e9gouttage - 2.83L"},"content":{"rendered":"<section class=\"page-product__section page-product__section--top page-product__section--bordered\" data-track-section-name=\"description\">\n<div class=\"row\">\n<div class=\"col-xs-12\">\n<div class=\"page-product__description\">\n<ul>\n<li>Le panier d'\u00e9gouttage inclus est parfait pour ceux qui pr\u00e9f\u00e8rent une approche pratique lors du nettoyage des petites pi\u00e8ces de moteur ; le panier d'\u00e9gouttage est inclus \u00e0 l'int\u00e9rieur de la bo\u00eete.<\/li>\n<li>Le solvant est id\u00e9al pour nettoyer les pi\u00e8ces m\u00e9talliques \u00e0 la maison, dans le garage ou dans l'atelier.<\/li>\n<li>\u00c9limine efficacement les d\u00e9p\u00f4ts de carbone, de graisse, d'huile, de vernis, de peinture et de salet\u00e9.<\/li>\n<li>Le produit est respectueux de l'environnement et responsable ; il est non corrosif, non chlor\u00e9 et ne contient pas d'appauvrisseurs de la couche d'ozone, de ph\u00e9nols ou de cr\u00e9syliques.<\/li>\n<li>Solvant formul\u00e9 pour nettoyer en profondeur les pi\u00e8ces m\u00e9talliques<\/li>\n<li>\u00c9limine les d\u00e9p\u00f4ts de salet\u00e9 et de crasse<\/li>\n<\/ul>\n<\/div>\n<div class=\"page-product__section__icons\"><\/div>\n<\/div>\n<\/div>\n<\/section>","protected":false},"excerpt":{"rendered":"<p>GUNK Parts Cleaner est un solvant formul\u00e9 pour nettoyer en profondeur les pi\u00e8ces m\u00e9talliques et \u00e9liminer les d\u00e9p\u00f4ts de salet\u00e9 et de crasse ainsi que la peinture et le vernis. Il est d\u00e9velopp\u00e9 \u00e0 partir d'une formule respectueuse de l'environnement.<\/p>","protected":false},"featured_media":12053,"comment_status":"open","ping_status":"closed","template":"","meta":[],"product_cat":[430],"product_tag":[],"class_list":{"0":"post-12052","1":"product","2":"type-product","3":"status-publish","4":"has-post-thumbnail","6":"product_cat-automotive-gear","7":"product_shipping_class-class-1","9":"first","10":"instock","11":"taxable","12":"shipping-taxable","13":"purchasable","14":"product-type-simple"},"yoast_head":"<!-- This site is optimized with the Yoast SEO plugin v27.3 - https:\/\/yoast.com\/product\/yoast-seo-wordpress\/ -->\n<title>Gunk Small Engine Parts Cleaner Kit with Drip Basket - 2.83L - Ks Products<\/title>\n<meta name=\"robots\" content=\"index, follow, max-snippet:-1, max-image-preview:large, max-video-preview:-1\" \/>\n<link rel=\"canonical\" href=\"https:\/\/ksproducts.ca\/fr\/product\/gunk-small-engine-parts-cleaner-kit-with-drip-basket-2-83l\/\" \/>\n<meta property=\"og:locale\" content=\"fr_CA\" \/>\n<meta property=\"og:type\" content=\"article\" \/>\n<meta property=\"og:title\" content=\"Gunk Small Engine Parts Cleaner Kit with Drip Basket - 2.83L - Ks Products\" \/>\n<meta property=\"og:description\" content=\"GUNK Parts Cleaner is a solvent formulated to thoroughly clean metal parts, and remove soil and grime deposits as well as paint and varnish. It is developed from an environmentally responsible formula.\" \/>\n<meta property=\"og:url\" content=\"https:\/\/ksproducts.ca\/fr\/product\/gunk-small-engine-parts-cleaner-kit-with-drip-basket-2-83l\/\" \/>\n<meta property=\"og:site_name\" content=\"Ks Products\" \/>\n<meta property=\"article:modified_time\" content=\"2026-03-09T19:43:44+00:00\" \/>\n<meta property=\"og:image\" content=\"https:\/\/ksproducts.ca\/wp-content\/uploads\/2026\/03\/Gunk-Small-Engine-Parts-Cleaner-Kit-with-Drip-Basket-2.83L.jpg\" \/>\n\t<meta property=\"og:image:width\" content=\"600\" \/>\n\t<meta property=\"og:image:height\" content=\"600\" \/>\n\t<meta property=\"og:image:type\" content=\"image\/jpeg\" \/>\n<meta name=\"twitter:card\" content=\"summary_large_image\" \/>\n<meta name=\"twitter:label1\" content=\"Estimation du temps de lecture\" \/>\n\t<meta name=\"twitter:data1\" content=\"1 minute\" \/>\n<script type=\"application\/ld+json\" class=\"yoast-schema-graph\">{\"@context\":\"https:\\\/\\\/schema.org\",\"@graph\":[{\"@type\":\"WebPage\",\"@id\":\"https:\\\/\\\/ksproducts.ca\\\/product\\\/gunk-small-engine-parts-cleaner-kit-with-drip-basket-2-83l\\\/\",\"url\":\"https:\\\/\\\/ksproducts.ca\\\/product\\\/gunk-small-engine-parts-cleaner-kit-with-drip-basket-2-83l\\\/\",\"name\":\"Gunk Small Engine Parts Cleaner Kit with Drip Basket - 2.83L - Ks Products\",\"isPartOf\":{\"@id\":\"https:\\\/\\\/ksproducts.ca\\\/#website\"},\"primaryImageOfPage\":{\"@id\":\"https:\\\/\\\/ksproducts.ca\\\/product\\\/gunk-small-engine-parts-cleaner-kit-with-drip-basket-2-83l\\\/#primaryimage\"},\"image\":{\"@id\":\"https:\\\/\\\/ksproducts.ca\\\/product\\\/gunk-small-engine-parts-cleaner-kit-with-drip-basket-2-83l\\\/#primaryimage\"},\"thumbnailUrl\":\"https:\\\/\\\/ksproducts.ca\\\/wp-content\\\/uploads\\\/2026\\\/03\\\/Gunk-Small-Engine-Parts-Cleaner-Kit-with-Drip-Basket-2.83L.jpg\",\"datePublished\":\"2026-03-09T19:43:25+00:00\",\"dateModified\":\"2026-03-09T19:43:44+00:00\",\"breadcrumb\":{\"@id\":\"https:\\\/\\\/ksproducts.ca\\\/product\\\/gunk-small-engine-parts-cleaner-kit-with-drip-basket-2-83l\\\/#breadcrumb\"},\"inLanguage\":\"fr-CA\",\"potentialAction\":[{\"@type\":\"ReadAction\",\"target\":[\"https:\\\/\\\/ksproducts.ca\\\/product\\\/gunk-small-engine-parts-cleaner-kit-with-drip-basket-2-83l\\\/\"]}]},{\"@type\":\"ImageObject\",\"inLanguage\":\"fr-CA\",\"@id\":\"https:\\\/\\\/ksproducts.ca\\\/product\\\/gunk-small-engine-parts-cleaner-kit-with-drip-basket-2-83l\\\/#primaryimage\",\"url\":\"https:\\\/\\\/ksproducts.ca\\\/wp-content\\\/uploads\\\/2026\\\/03\\\/Gunk-Small-Engine-Parts-Cleaner-Kit-with-Drip-Basket-2.83L.jpg\",\"contentUrl\":\"https:\\\/\\\/ksproducts.ca\\\/wp-content\\\/uploads\\\/2026\\\/03\\\/Gunk-Small-Engine-Parts-Cleaner-Kit-with-Drip-Basket-2.83L.jpg\",\"width\":600,\"height\":600,\"caption\":\"Gunk Small Engine Parts Cleaner Kit with Drip Basket 2.83L\"},{\"@type\":\"BreadcrumbList\",\"@id\":\"https:\\\/\\\/ksproducts.ca\\\/product\\\/gunk-small-engine-parts-cleaner-kit-with-drip-basket-2-83l\\\/#breadcrumb\",\"itemListElement\":[{\"@type\":\"ListItem\",\"position\":1,\"name\":\"Home\",\"item\":\"https:\\\/\\\/ksproducts.ca\\\/\"},{\"@type\":\"ListItem\",\"position\":2,\"name\":\"Shop\",\"item\":\"https:\\\/\\\/ksproducts.ca\\\/shop\\\/\"},{\"@type\":\"ListItem\",\"position\":3,\"name\":\"Gunk Small Engine Parts Cleaner Kit with Drip Basket &#8211; 2.83L\"}]},{\"@type\":\"WebSite\",\"@id\":\"https:\\\/\\\/ksproducts.ca\\\/#website\",\"url\":\"https:\\\/\\\/ksproducts.ca\\\/\",\"name\":\"Ks Products\",\"description\":\"Outdoor cooking and living, made easy in Canada\",\"publisher\":{\"@id\":\"https:\\\/\\\/ksproducts.ca\\\/#organization\"},\"potentialAction\":[{\"@type\":\"SearchAction\",\"target\":{\"@type\":\"EntryPoint\",\"urlTemplate\":\"https:\\\/\\\/ksproducts.ca\\\/?s={search_term_string}\"},\"query-input\":{\"@type\":\"PropertyValueSpecification\",\"valueRequired\":true,\"valueName\":\"search_term_string\"}}],\"inLanguage\":\"fr-CA\"},{\"@type\":\"Organization\",\"@id\":\"https:\\\/\\\/ksproducts.ca\\\/#organization\",\"name\":\"Ks Products\",\"url\":\"https:\\\/\\\/ksproducts.ca\\\/\",\"logo\":{\"@type\":\"ImageObject\",\"inLanguage\":\"fr-CA\",\"@id\":\"https:\\\/\\\/ksproducts.ca\\\/#\\\/schema\\\/logo\\\/image\\\/\",\"url\":\"https:\\\/\\\/ksproducts.ca\\\/wp-content\\\/uploads\\\/2023\\\/09\\\/Kennedy-Sales-Logo-header-1.png\",\"contentUrl\":\"https:\\\/\\\/ksproducts.ca\\\/wp-content\\\/uploads\\\/2023\\\/09\\\/Kennedy-Sales-Logo-header-1.png\",\"width\":150,\"height\":77,\"caption\":\"Ks Products\"},\"image\":{\"@id\":\"https:\\\/\\\/ksproducts.ca\\\/#\\\/schema\\\/logo\\\/image\\\/\"}}]}<\/script>\n<!-- \/ Yoast SEO plugin. -->","yoast_head_json":{"title":"Kit de nettoyage de pi\u00e8ces de petits moteurs Gunk avec panier d'\u00e9gouttage - 2.83L - Ks Products","robots":{"index":"index","follow":"follow","max-snippet":"max-snippet:-1","max-image-preview":"max-image-preview:large","max-video-preview":"max-video-preview:-1"},"canonical":"https:\/\/ksproducts.ca\/fr\/product\/gunk-small-engine-parts-cleaner-kit-with-drip-basket-2-83l\/","og_locale":"fr_CA","og_type":"article","og_title":"Gunk Small Engine Parts Cleaner Kit with Drip Basket - 2.83L - Ks Products","og_description":"GUNK Parts Cleaner is a solvent formulated to thoroughly clean metal parts, and remove soil and grime deposits as well as paint and varnish. It is developed from an environmentally responsible formula.","og_url":"https:\/\/ksproducts.ca\/fr\/product\/gunk-small-engine-parts-cleaner-kit-with-drip-basket-2-83l\/","og_site_name":"Ks Products","article_modified_time":"2026-03-09T19:43:44+00:00","og_image":[{"width":600,"height":600,"url":"https:\/\/ksproducts.ca\/wp-content\/uploads\/2026\/03\/Gunk-Small-Engine-Parts-Cleaner-Kit-with-Drip-Basket-2.83L.jpg","type":"image\/jpeg"}],"twitter_card":"summary_large_image","twitter_misc":{"Estimation du temps de lecture":"1 minute"},"schema":{"@context":"https:\/\/schema.org","@graph":[{"@type":"WebPage","@id":"https:\/\/ksproducts.ca\/product\/gunk-small-engine-parts-cleaner-kit-with-drip-basket-2-83l\/","url":"https:\/\/ksproducts.ca\/product\/gunk-small-engine-parts-cleaner-kit-with-drip-basket-2-83l\/","name":"Kit de nettoyage de pi\u00e8ces de petits moteurs Gunk avec panier d'\u00e9gouttage - 2.83L - Ks Products","isPartOf":{"@id":"https:\/\/ksproducts.ca\/#website"},"primaryImageOfPage":{"@id":"https:\/\/ksproducts.ca\/product\/gunk-small-engine-parts-cleaner-kit-with-drip-basket-2-83l\/#primaryimage"},"image":{"@id":"https:\/\/ksproducts.ca\/product\/gunk-small-engine-parts-cleaner-kit-with-drip-basket-2-83l\/#primaryimage"},"thumbnailUrl":"https:\/\/ksproducts.ca\/wp-content\/uploads\/2026\/03\/Gunk-Small-Engine-Parts-Cleaner-Kit-with-Drip-Basket-2.83L.jpg","datePublished":"2026-03-09T19:43:25+00:00","dateModified":"2026-03-09T19:43:44+00:00","breadcrumb":{"@id":"https:\/\/ksproducts.ca\/product\/gunk-small-engine-parts-cleaner-kit-with-drip-basket-2-83l\/#breadcrumb"},"inLanguage":"fr-CA","potentialAction":[{"@type":"ReadAction","target":["https:\/\/ksproducts.ca\/product\/gunk-small-engine-parts-cleaner-kit-with-drip-basket-2-83l\/"]}]},{"@type":"ImageObject","inLanguage":"fr-CA","@id":"https:\/\/ksproducts.ca\/product\/gunk-small-engine-parts-cleaner-kit-with-drip-basket-2-83l\/#primaryimage","url":"https:\/\/ksproducts.ca\/wp-content\/uploads\/2026\/03\/Gunk-Small-Engine-Parts-Cleaner-Kit-with-Drip-Basket-2.83L.jpg","contentUrl":"https:\/\/ksproducts.ca\/wp-content\/uploads\/2026\/03\/Gunk-Small-Engine-Parts-Cleaner-Kit-with-Drip-Basket-2.83L.jpg","width":600,"height":600,"caption":"Gunk Small Engine Parts Cleaner Kit with Drip Basket 2.83L"},{"@type":"BreadcrumbList","@id":"https:\/\/ksproducts.ca\/product\/gunk-small-engine-parts-cleaner-kit-with-drip-basket-2-83l\/#breadcrumb","itemListElement":[{"@type":"ListItem","position":1,"name":"Home","item":"https:\/\/ksproducts.ca\/"},{"@type":"ListItem","position":2,"name":"Shop","item":"https:\/\/ksproducts.ca\/shop\/"},{"@type":"ListItem","position":3,"name":"Gunk Small Engine Parts Cleaner Kit with Drip Basket &#8211; 2.83L"}]},{"@type":"WebSite","@id":"https:\/\/ksproducts.ca\/#website","url":"https:\/\/ksproducts.ca\/","name":"Produits Ks","description":"Cuisiner et vivre en plein air, c'est facile au Canada","publisher":{"@id":"https:\/\/ksproducts.ca\/#organization"},"potentialAction":[{"@type":"SearchAction","target":{"@type":"EntryPoint","urlTemplate":"https:\/\/ksproducts.ca\/?s={search_term_string}"},"query-input":{"@type":"PropertyValueSpecification","valueRequired":true,"valueName":"search_term_string"}}],"inLanguage":"fr-CA"},{"@type":"Organization","@id":"https:\/\/ksproducts.ca\/#organization","name":"Produits Ks","url":"https:\/\/ksproducts.ca\/","logo":{"@type":"ImageObject","inLanguage":"fr-CA","@id":"https:\/\/ksproducts.ca\/#\/schema\/logo\/image\/","url":"https:\/\/ksproducts.ca\/wp-content\/uploads\/2023\/09\/Kennedy-Sales-Logo-header-1.png","contentUrl":"https:\/\/ksproducts.ca\/wp-content\/uploads\/2023\/09\/Kennedy-Sales-Logo-header-1.png","width":150,"height":77,"caption":"Ks Products"},"image":{"@id":"https:\/\/ksproducts.ca\/#\/schema\/logo\/image\/"}}]}},"_links":{"self":[{"href":"https:\/\/ksproducts.ca\/fr\/wp-json\/wp\/v2\/product\/12052","targetHints":{"allow":["GET"]}}],"collection":[{"href":"https:\/\/ksproducts.ca\/fr\/wp-json\/wp\/v2\/product"}],"about":[{"href":"https:\/\/ksproducts.ca\/fr\/wp-json\/wp\/v2\/types\/product"}],"replies":[{"embeddable":true,"href":"https:\/\/ksproducts.ca\/fr\/wp-json\/wp\/v2\/comments?post=12052"}],"version-history":[{"count":1,"href":"https:\/\/ksproducts.ca\/fr\/wp-json\/wp\/v2\/product\/12052\/revisions"}],"predecessor-version":[{"id":12054,"href":"https:\/\/ksproducts.ca\/fr\/wp-json\/wp\/v2\/product\/12052\/revisions\/12054"}],"wp:featuredmedia":[{"embeddable":true,"href":"https:\/\/ksproducts.ca\/fr\/wp-json\/wp\/v2\/media\/12053"}],"wp:attachment":[{"href":"https:\/\/ksproducts.ca\/fr\/wp-json\/wp\/v2\/media?parent=12052"}],"wp:term":[{"taxonomy":"product_cat","embeddable":true,"href":"https:\/\/ksproducts.ca\/fr\/wp-json\/wp\/v2\/product_cat?post=12052"},{"taxonomy":"product_tag","embeddable":true,"href":"https:\/\/ksproducts.ca\/fr\/wp-json\/wp\/v2\/product_tag?post=12052"}],"curies":[{"name":"wp","href":"https:\/\/api.w.org\/{rel}","templated":true}]}}