{"id":12055,"date":"2026-03-09T19:54:46","date_gmt":"2026-03-09T19:54:46","guid":{"rendered":"https:\/\/ksproducts.ca\/?post_type=product&#038;p=12055"},"modified":"2026-03-09T19:54:46","modified_gmt":"2026-03-09T19:54:46","slug":"gunk-engine-brite-engine-protector-shine-453g","status":"publish","type":"product","link":"https:\/\/ksproducts.ca\/fr\/product\/gunk-engine-brite-engine-protector-shine-453g\/","title":{"rendered":"Gunk Engine Brite Engine Protector Shine - 453g"},"content":{"rendered":"<ul class=\"nl-features__list\" data-testid=\"features\">\n<li>\n<p class=\"nl-features__information\">Gunk Engine Protector Shine offers the power of Engine Brite in a cleaner and detailer<\/p>\n<\/li>\n<li>\n<p class=\"nl-features__information\">Leaves your engine with a protective layer of shine that also makes future clean up easier<\/p>\n<\/li>\n<li>\n<p class=\"nl-features__information\">Leaves a Satin-like finish<\/p>\n<\/li>\n<li>\n<p class=\"nl-features__information\">Engine detailer and protector<\/p>\n<\/li>\n<li>\n<p class=\"nl-features__information\">No rinsing needed<\/p>\n<\/li>\n<li>\n<p class=\"nl-features__information\">Size: 453 g<\/p>\n<\/li>\n<\/ul>","protected":false},"excerpt":{"rendered":"<p>Le protecteur de moteur Engine Brite de Gunk aide \u00e0 \u00e9liminer la graisse, la salet\u00e9 et la crasse qui s'accumulent sur les moteurs, en laissant un fini satin\u00e9 attrayant sur les tuyaux, les pi\u00e8ces en plastique et en m\u00e9tal. Le pouvoir nettoyant naturel de l'huile d'orange pure s'attaque aux r\u00e9sidus accumul\u00e9s, tandis que l'agr\u00e9able parfum d'agrumes rafra\u00eechit le compartiment moteur. Sans silicone ni abrasif, Engine Protector est sans danger pour la plupart des caoutchoucs, plastiques et peintures lorsqu'il est utilis\u00e9 selon le mode d'emploi sur les voitures, les camions et les v\u00e9hicules de loisirs.<\/p>","protected":false},"featured_media":12056,"comment_status":"open","ping_status":"closed","template":"","meta":[],"product_cat":[430],"product_tag":[],"class_list":{"0":"post-12055","1":"product","2":"type-product","3":"status-publish","4":"has-post-thumbnail","6":"product_cat-automotive-gear","7":"product_shipping_class-class-1","9":"first","10":"instock","11":"taxable","12":"shipping-taxable","13":"purchasable","14":"product-type-simple"},"yoast_head":"<!-- This site is optimized with the Yoast SEO plugin v27.3 - https:\/\/yoast.com\/product\/yoast-seo-wordpress\/ -->\n<title>Gunk Engine Brite Engine Protector Shine - 453g - Ks Products<\/title>\n<meta name=\"robots\" content=\"index, follow, max-snippet:-1, max-image-preview:large, max-video-preview:-1\" \/>\n<link rel=\"canonical\" href=\"https:\/\/ksproducts.ca\/fr\/product\/gunk-engine-brite-engine-protector-shine-453g\/\" \/>\n<meta property=\"og:locale\" content=\"fr_CA\" \/>\n<meta property=\"og:type\" content=\"article\" \/>\n<meta property=\"og:title\" content=\"Gunk Engine Brite Engine Protector Shine - 453g - Ks Products\" \/>\n<meta property=\"og:description\" content=\"Gunk&#039;s Engine Brite Engine Protector helps wash away grease, dirt and grime that accumulates on engines, leaving an attractive satin finish on hoses, plastic and metal parts. The natural cleaning power of pure orange oil tackles built up residue, while the pleasant citrus scent freshens the engine compartment. Silicone and abrasive free, Engine Protector is safe for most rubber, plastic and paint when used as directed on cars, trucks and RVs\" \/>\n<meta property=\"og:url\" content=\"https:\/\/ksproducts.ca\/fr\/product\/gunk-engine-brite-engine-protector-shine-453g\/\" \/>\n<meta property=\"og:site_name\" content=\"Ks Products\" \/>\n<meta property=\"og:image\" content=\"https:\/\/ksproducts.ca\/wp-content\/uploads\/2026\/03\/Gunk-Engine-Brite-Engine-Protector-Shine-453g.jpg\" \/>\n\t<meta property=\"og:image:width\" content=\"800\" \/>\n\t<meta property=\"og:image:height\" content=\"800\" \/>\n\t<meta property=\"og:image:type\" content=\"image\/jpeg\" \/>\n<meta name=\"twitter:card\" content=\"summary_large_image\" \/>\n<meta name=\"twitter:label1\" content=\"Estimation du temps de lecture\" \/>\n\t<meta name=\"twitter:data1\" content=\"1 minute\" \/>\n<script type=\"application\/ld+json\" class=\"yoast-schema-graph\">{\"@context\":\"https:\\\/\\\/schema.org\",\"@graph\":[{\"@type\":\"WebPage\",\"@id\":\"https:\\\/\\\/ksproducts.ca\\\/product\\\/gunk-engine-brite-engine-protector-shine-453g\\\/\",\"url\":\"https:\\\/\\\/ksproducts.ca\\\/product\\\/gunk-engine-brite-engine-protector-shine-453g\\\/\",\"name\":\"Gunk Engine Brite Engine Protector Shine - 453g - Ks Products\",\"isPartOf\":{\"@id\":\"https:\\\/\\\/ksproducts.ca\\\/#website\"},\"primaryImageOfPage\":{\"@id\":\"https:\\\/\\\/ksproducts.ca\\\/product\\\/gunk-engine-brite-engine-protector-shine-453g\\\/#primaryimage\"},\"image\":{\"@id\":\"https:\\\/\\\/ksproducts.ca\\\/product\\\/gunk-engine-brite-engine-protector-shine-453g\\\/#primaryimage\"},\"thumbnailUrl\":\"https:\\\/\\\/ksproducts.ca\\\/wp-content\\\/uploads\\\/2026\\\/03\\\/Gunk-Engine-Brite-Engine-Protector-Shine-453g.jpg\",\"datePublished\":\"2026-03-09T19:54:46+00:00\",\"breadcrumb\":{\"@id\":\"https:\\\/\\\/ksproducts.ca\\\/product\\\/gunk-engine-brite-engine-protector-shine-453g\\\/#breadcrumb\"},\"inLanguage\":\"fr-CA\",\"potentialAction\":[{\"@type\":\"ReadAction\",\"target\":[\"https:\\\/\\\/ksproducts.ca\\\/product\\\/gunk-engine-brite-engine-protector-shine-453g\\\/\"]}]},{\"@type\":\"ImageObject\",\"inLanguage\":\"fr-CA\",\"@id\":\"https:\\\/\\\/ksproducts.ca\\\/product\\\/gunk-engine-brite-engine-protector-shine-453g\\\/#primaryimage\",\"url\":\"https:\\\/\\\/ksproducts.ca\\\/wp-content\\\/uploads\\\/2026\\\/03\\\/Gunk-Engine-Brite-Engine-Protector-Shine-453g.jpg\",\"contentUrl\":\"https:\\\/\\\/ksproducts.ca\\\/wp-content\\\/uploads\\\/2026\\\/03\\\/Gunk-Engine-Brite-Engine-Protector-Shine-453g.jpg\",\"width\":800,\"height\":800,\"caption\":\"Gunk Engine Brite Engine Protector Shine 453g\"},{\"@type\":\"BreadcrumbList\",\"@id\":\"https:\\\/\\\/ksproducts.ca\\\/product\\\/gunk-engine-brite-engine-protector-shine-453g\\\/#breadcrumb\",\"itemListElement\":[{\"@type\":\"ListItem\",\"position\":1,\"name\":\"Home\",\"item\":\"https:\\\/\\\/ksproducts.ca\\\/\"},{\"@type\":\"ListItem\",\"position\":2,\"name\":\"Shop\",\"item\":\"https:\\\/\\\/ksproducts.ca\\\/shop\\\/\"},{\"@type\":\"ListItem\",\"position\":3,\"name\":\"Gunk Engine Brite Engine Protector Shine &#8211; 453g\"}]},{\"@type\":\"WebSite\",\"@id\":\"https:\\\/\\\/ksproducts.ca\\\/#website\",\"url\":\"https:\\\/\\\/ksproducts.ca\\\/\",\"name\":\"Ks Products\",\"description\":\"Outdoor cooking and living, made easy in Canada\",\"publisher\":{\"@id\":\"https:\\\/\\\/ksproducts.ca\\\/#organization\"},\"potentialAction\":[{\"@type\":\"SearchAction\",\"target\":{\"@type\":\"EntryPoint\",\"urlTemplate\":\"https:\\\/\\\/ksproducts.ca\\\/?s={search_term_string}\"},\"query-input\":{\"@type\":\"PropertyValueSpecification\",\"valueRequired\":true,\"valueName\":\"search_term_string\"}}],\"inLanguage\":\"fr-CA\"},{\"@type\":\"Organization\",\"@id\":\"https:\\\/\\\/ksproducts.ca\\\/#organization\",\"name\":\"Ks Products\",\"url\":\"https:\\\/\\\/ksproducts.ca\\\/\",\"logo\":{\"@type\":\"ImageObject\",\"inLanguage\":\"fr-CA\",\"@id\":\"https:\\\/\\\/ksproducts.ca\\\/#\\\/schema\\\/logo\\\/image\\\/\",\"url\":\"https:\\\/\\\/ksproducts.ca\\\/wp-content\\\/uploads\\\/2023\\\/09\\\/Kennedy-Sales-Logo-header-1.png\",\"contentUrl\":\"https:\\\/\\\/ksproducts.ca\\\/wp-content\\\/uploads\\\/2023\\\/09\\\/Kennedy-Sales-Logo-header-1.png\",\"width\":150,\"height\":77,\"caption\":\"Ks Products\"},\"image\":{\"@id\":\"https:\\\/\\\/ksproducts.ca\\\/#\\\/schema\\\/logo\\\/image\\\/\"}}]}<\/script>\n<!-- \/ Yoast SEO plugin. -->","yoast_head_json":{"title":"Gunk Engine Brite Engine Protector Shine - 453g - Ks Products","robots":{"index":"index","follow":"follow","max-snippet":"max-snippet:-1","max-image-preview":"max-image-preview:large","max-video-preview":"max-video-preview:-1"},"canonical":"https:\/\/ksproducts.ca\/fr\/product\/gunk-engine-brite-engine-protector-shine-453g\/","og_locale":"fr_CA","og_type":"article","og_title":"Gunk Engine Brite Engine Protector Shine - 453g - Ks Products","og_description":"Gunk's Engine Brite Engine Protector helps wash away grease, dirt and grime that accumulates on engines, leaving an attractive satin finish on hoses, plastic and metal parts. The natural cleaning power of pure orange oil tackles built up residue, while the pleasant citrus scent freshens the engine compartment. Silicone and abrasive free, Engine Protector is safe for most rubber, plastic and paint when used as directed on cars, trucks and RVs","og_url":"https:\/\/ksproducts.ca\/fr\/product\/gunk-engine-brite-engine-protector-shine-453g\/","og_site_name":"Ks Products","og_image":[{"width":800,"height":800,"url":"https:\/\/ksproducts.ca\/wp-content\/uploads\/2026\/03\/Gunk-Engine-Brite-Engine-Protector-Shine-453g.jpg","type":"image\/jpeg"}],"twitter_card":"summary_large_image","twitter_misc":{"Estimation du temps de lecture":"1 minute"},"schema":{"@context":"https:\/\/schema.org","@graph":[{"@type":"WebPage","@id":"https:\/\/ksproducts.ca\/product\/gunk-engine-brite-engine-protector-shine-453g\/","url":"https:\/\/ksproducts.ca\/product\/gunk-engine-brite-engine-protector-shine-453g\/","name":"Gunk Engine Brite Engine Protector Shine - 453g - Ks Products","isPartOf":{"@id":"https:\/\/ksproducts.ca\/#website"},"primaryImageOfPage":{"@id":"https:\/\/ksproducts.ca\/product\/gunk-engine-brite-engine-protector-shine-453g\/#primaryimage"},"image":{"@id":"https:\/\/ksproducts.ca\/product\/gunk-engine-brite-engine-protector-shine-453g\/#primaryimage"},"thumbnailUrl":"https:\/\/ksproducts.ca\/wp-content\/uploads\/2026\/03\/Gunk-Engine-Brite-Engine-Protector-Shine-453g.jpg","datePublished":"2026-03-09T19:54:46+00:00","breadcrumb":{"@id":"https:\/\/ksproducts.ca\/product\/gunk-engine-brite-engine-protector-shine-453g\/#breadcrumb"},"inLanguage":"fr-CA","potentialAction":[{"@type":"ReadAction","target":["https:\/\/ksproducts.ca\/product\/gunk-engine-brite-engine-protector-shine-453g\/"]}]},{"@type":"ImageObject","inLanguage":"fr-CA","@id":"https:\/\/ksproducts.ca\/product\/gunk-engine-brite-engine-protector-shine-453g\/#primaryimage","url":"https:\/\/ksproducts.ca\/wp-content\/uploads\/2026\/03\/Gunk-Engine-Brite-Engine-Protector-Shine-453g.jpg","contentUrl":"https:\/\/ksproducts.ca\/wp-content\/uploads\/2026\/03\/Gunk-Engine-Brite-Engine-Protector-Shine-453g.jpg","width":800,"height":800,"caption":"Gunk Engine Brite Engine Protector Shine 453g"},{"@type":"BreadcrumbList","@id":"https:\/\/ksproducts.ca\/product\/gunk-engine-brite-engine-protector-shine-453g\/#breadcrumb","itemListElement":[{"@type":"ListItem","position":1,"name":"Home","item":"https:\/\/ksproducts.ca\/"},{"@type":"ListItem","position":2,"name":"Shop","item":"https:\/\/ksproducts.ca\/shop\/"},{"@type":"ListItem","position":3,"name":"Gunk Engine Brite Engine Protector Shine &#8211; 453g"}]},{"@type":"WebSite","@id":"https:\/\/ksproducts.ca\/#website","url":"https:\/\/ksproducts.ca\/","name":"Produits Ks","description":"Cuisiner et vivre en plein air, c'est facile au Canada","publisher":{"@id":"https:\/\/ksproducts.ca\/#organization"},"potentialAction":[{"@type":"SearchAction","target":{"@type":"EntryPoint","urlTemplate":"https:\/\/ksproducts.ca\/?s={search_term_string}"},"query-input":{"@type":"PropertyValueSpecification","valueRequired":true,"valueName":"search_term_string"}}],"inLanguage":"fr-CA"},{"@type":"Organization","@id":"https:\/\/ksproducts.ca\/#organization","name":"Produits Ks","url":"https:\/\/ksproducts.ca\/","logo":{"@type":"ImageObject","inLanguage":"fr-CA","@id":"https:\/\/ksproducts.ca\/#\/schema\/logo\/image\/","url":"https:\/\/ksproducts.ca\/wp-content\/uploads\/2023\/09\/Kennedy-Sales-Logo-header-1.png","contentUrl":"https:\/\/ksproducts.ca\/wp-content\/uploads\/2023\/09\/Kennedy-Sales-Logo-header-1.png","width":150,"height":77,"caption":"Ks Products"},"image":{"@id":"https:\/\/ksproducts.ca\/#\/schema\/logo\/image\/"}}]}},"_links":{"self":[{"href":"https:\/\/ksproducts.ca\/fr\/wp-json\/wp\/v2\/product\/12055","targetHints":{"allow":["GET"]}}],"collection":[{"href":"https:\/\/ksproducts.ca\/fr\/wp-json\/wp\/v2\/product"}],"about":[{"href":"https:\/\/ksproducts.ca\/fr\/wp-json\/wp\/v2\/types\/product"}],"replies":[{"embeddable":true,"href":"https:\/\/ksproducts.ca\/fr\/wp-json\/wp\/v2\/comments?post=12055"}],"version-history":[{"count":1,"href":"https:\/\/ksproducts.ca\/fr\/wp-json\/wp\/v2\/product\/12055\/revisions"}],"predecessor-version":[{"id":12057,"href":"https:\/\/ksproducts.ca\/fr\/wp-json\/wp\/v2\/product\/12055\/revisions\/12057"}],"wp:featuredmedia":[{"embeddable":true,"href":"https:\/\/ksproducts.ca\/fr\/wp-json\/wp\/v2\/media\/12056"}],"wp:attachment":[{"href":"https:\/\/ksproducts.ca\/fr\/wp-json\/wp\/v2\/media?parent=12055"}],"wp:term":[{"taxonomy":"product_cat","embeddable":true,"href":"https:\/\/ksproducts.ca\/fr\/wp-json\/wp\/v2\/product_cat?post=12055"},{"taxonomy":"product_tag","embeddable":true,"href":"https:\/\/ksproducts.ca\/fr\/wp-json\/wp\/v2\/product_tag?post=12055"}],"curies":[{"name":"wp","href":"https:\/\/api.w.org\/{rel}","templated":true}]}}