{"id":12059,"date":"2026-03-10T12:34:18","date_gmt":"2026-03-10T12:34:18","guid":{"rendered":"https:\/\/ksproducts.ca\/?post_type=product&#038;p=12059"},"modified":"2026-03-16T15:48:18","modified_gmt":"2026-03-16T15:48:18","slug":"walex-commando-drop-ins-black-holding-tank-and-sensor-cleaner-12-pack","status":"publish","type":"product","link":"https:\/\/ksproducts.ca\/fr\/product\/walex-commando-drop-ins-black-holding-tank-and-sensor-cleaner-12-pack\/","title":{"rendered":"Walex Commando Drop-ins Black Holding Tank and Sensor Cleaner - 12 packs"},"content":{"rendered":"<ul>\n<li class=\"nl-features__information\">Traite votre syst\u00e8me de fosse noire avec un traitement de nettoyage enzymatique enti\u00e8rement naturel en seulement 12 \u00e0 24 heures !<\/li>\n<li class=\"nl-features__information\">Lubrifie les soupapes et les joints<\/li>\n<li class=\"nl-features__information\">Paquet dissoluble facile \u00e0 utiliser<\/li>\n<li class=\"nl-features__information\">Fosse septique s\u00fbre<\/li>\n<li class=\"nl-features__information\">Sans formald\u00e9hyde<\/li>\n<li class=\"nl-features__information\">Sans biocides<\/li>\n<li class=\"nl-features__information\">Sans zinc ni cuivre<\/li>\n<li class=\"nl-features__information\">Emballage pr\u00eat pour le recyclage aux \u00c9tats-Unis et au Canada<\/li>\n<\/ul>","protected":false},"excerpt":{"rendered":"<p>Commando Black Tank &amp; Sensor Cleaner est un sachet facile \u00e0 utiliser, \u00e0 dissolution rapide, rempli d'une formule enzymatique super-concentr\u00e9e, scientifiquement naturelle, qui nettoie les parois du r\u00e9servoir et les capteurs et lubrifie les soupapes et les joints d'\u00e9tanch\u00e9it\u00e9. Les d\u00e9chets r\u00e9siduels qui s'accumulent sur les parois du r\u00e9servoir cr\u00e9ent des odeurs naus\u00e9abondes et faussent les relev\u00e9s des capteurs. Un capteur qui fonctionne mal est l'un des probl\u00e8mes les plus frustrants pour les camping-caristes, car ils ne savent pas quand ils doivent vider leur r\u00e9servoir. Un paquet de Commando nettoie le r\u00e9servoir et r\u00e9tablit le fonctionnement du capteur en seulement 12 \u00e0 24 heures, sans agitation ni r\u00e9curage. Walex recommande l'utilisation pr\u00e9ventive de Commando tous les trois mois pour aider \u00e0 maintenir le r\u00e9servoir noir en bon \u00e9tat de fonctionnement. Commando est d\u00e9sormais disponible dans un emballage pr\u00eat \u00e0 \u00eatre recycl\u00e9. Les clients peuvent recycler les sachets vides dans les bacs de recyclage des sacs en plastique, r\u00e9duisant ainsi leur impact sur la plan\u00e8te qu'ils aiment explorer.<\/p>","protected":false},"featured_media":12061,"comment_status":"open","ping_status":"closed","template":"","meta":[],"product_cat":[451],"product_tag":[],"class_list":{"0":"post-12059","1":"product","2":"type-product","3":"status-publish","4":"has-post-thumbnail","6":"product_cat-tools-equipment","7":"product_shipping_class-class-1","9":"first","10":"instock","11":"taxable","12":"shipping-taxable","13":"purchasable","14":"product-type-simple"},"yoast_head":"<!-- This site is optimized with the Yoast SEO plugin v27.4 - https:\/\/yoast.com\/product\/yoast-seo-wordpress\/ -->\n<title>Walex Commando Drop-ins Black Holding Tank and Sensor Cleaner - 12 pack - Ks Products<\/title>\n<meta name=\"robots\" content=\"index, follow, max-snippet:-1, max-image-preview:large, max-video-preview:-1\" \/>\n<link rel=\"canonical\" href=\"https:\/\/ksproducts.ca\/fr\/product\/walex-commando-drop-ins-black-holding-tank-and-sensor-cleaner-12-pack\/\" \/>\n<meta property=\"og:locale\" content=\"fr_CA\" \/>\n<meta property=\"og:type\" content=\"article\" \/>\n<meta property=\"og:title\" content=\"Walex Commando Drop-ins Black Holding Tank and Sensor Cleaner - 12 pack - Ks Products\" \/>\n<meta property=\"og:description\" content=\"Commando Black Tank &amp; Sensor Cleaner is an easy-to-use quick-dissolving packet filled with a super-concentrated, scientifically natural enzyme formula that cleans tank walls and sensors and lubricates valves and seals. Residual waste caked to the tank walls creates foul odors and false sensor readings. A malfunctioning sensor is one of an RVers&#039; most frustrating issues because they don&#039;t know when to empty their tank. One packet of Commando cleans the tank and restores sensor function in as little as 12 to 24 hours\u2014no agitation or scrubbing required. Walex recommends the preventative use of Commando every three months to help keep the black tank in good working condition. Commando is now available in recycle-ready packaging. Customers can recycle the empty pouches in plastic bag recycling bins, thereby lowering their impact on the planet they love to explore.\" \/>\n<meta property=\"og:url\" content=\"https:\/\/ksproducts.ca\/fr\/product\/walex-commando-drop-ins-black-holding-tank-and-sensor-cleaner-12-pack\/\" \/>\n<meta property=\"og:site_name\" content=\"Ks Products\" \/>\n<meta property=\"article:modified_time\" content=\"2026-03-16T15:48:18+00:00\" \/>\n<meta property=\"og:image\" content=\"https:\/\/ksproducts.ca\/wp-content\/uploads\/2026\/03\/Walex-Commando-Drop-ins-Black-Holding-Tank-and-Sensor-Cleaner-12-pack-1.jpg\" \/>\n\t<meta property=\"og:image:width\" content=\"711\" \/>\n\t<meta property=\"og:image:height\" content=\"800\" \/>\n\t<meta property=\"og:image:type\" content=\"image\/jpeg\" \/>\n<meta name=\"twitter:card\" content=\"summary_large_image\" \/>\n<meta name=\"twitter:label1\" content=\"Estimation du temps de lecture\" \/>\n\t<meta name=\"twitter:data1\" content=\"1 minute\" \/>\n<script type=\"application\/ld+json\" class=\"yoast-schema-graph\">{\"@context\":\"https:\\\/\\\/schema.org\",\"@graph\":[{\"@type\":\"WebPage\",\"@id\":\"https:\\\/\\\/ksproducts.ca\\\/product\\\/walex-commando-drop-ins-black-holding-tank-and-sensor-cleaner-12-pack\\\/\",\"url\":\"https:\\\/\\\/ksproducts.ca\\\/product\\\/walex-commando-drop-ins-black-holding-tank-and-sensor-cleaner-12-pack\\\/\",\"name\":\"Walex Commando Drop-ins Black Holding Tank and Sensor Cleaner - 12 pack - Ks Products\",\"isPartOf\":{\"@id\":\"https:\\\/\\\/ksproducts.ca\\\/#website\"},\"primaryImageOfPage\":{\"@id\":\"https:\\\/\\\/ksproducts.ca\\\/product\\\/walex-commando-drop-ins-black-holding-tank-and-sensor-cleaner-12-pack\\\/#primaryimage\"},\"image\":{\"@id\":\"https:\\\/\\\/ksproducts.ca\\\/product\\\/walex-commando-drop-ins-black-holding-tank-and-sensor-cleaner-12-pack\\\/#primaryimage\"},\"thumbnailUrl\":\"https:\\\/\\\/ksproducts.ca\\\/wp-content\\\/uploads\\\/2026\\\/03\\\/Walex-Commando-Drop-ins-Black-Holding-Tank-and-Sensor-Cleaner-12-pack-1.jpg\",\"datePublished\":\"2026-03-10T12:34:18+00:00\",\"dateModified\":\"2026-03-16T15:48:18+00:00\",\"breadcrumb\":{\"@id\":\"https:\\\/\\\/ksproducts.ca\\\/product\\\/walex-commando-drop-ins-black-holding-tank-and-sensor-cleaner-12-pack\\\/#breadcrumb\"},\"inLanguage\":\"fr-CA\",\"potentialAction\":[{\"@type\":\"ReadAction\",\"target\":[\"https:\\\/\\\/ksproducts.ca\\\/product\\\/walex-commando-drop-ins-black-holding-tank-and-sensor-cleaner-12-pack\\\/\"]}]},{\"@type\":\"ImageObject\",\"inLanguage\":\"fr-CA\",\"@id\":\"https:\\\/\\\/ksproducts.ca\\\/product\\\/walex-commando-drop-ins-black-holding-tank-and-sensor-cleaner-12-pack\\\/#primaryimage\",\"url\":\"https:\\\/\\\/ksproducts.ca\\\/wp-content\\\/uploads\\\/2026\\\/03\\\/Walex-Commando-Drop-ins-Black-Holding-Tank-and-Sensor-Cleaner-12-pack-1.jpg\",\"contentUrl\":\"https:\\\/\\\/ksproducts.ca\\\/wp-content\\\/uploads\\\/2026\\\/03\\\/Walex-Commando-Drop-ins-Black-Holding-Tank-and-Sensor-Cleaner-12-pack-1.jpg\",\"width\":711,\"height\":800,\"caption\":\"Walex Commando Drop ins Black Holding Tank and Sensor Cleaner 12 pack\"},{\"@type\":\"BreadcrumbList\",\"@id\":\"https:\\\/\\\/ksproducts.ca\\\/product\\\/walex-commando-drop-ins-black-holding-tank-and-sensor-cleaner-12-pack\\\/#breadcrumb\",\"itemListElement\":[{\"@type\":\"ListItem\",\"position\":1,\"name\":\"Home\",\"item\":\"https:\\\/\\\/ksproducts.ca\\\/\"},{\"@type\":\"ListItem\",\"position\":2,\"name\":\"Shop\",\"item\":\"https:\\\/\\\/ksproducts.ca\\\/shop\\\/\"},{\"@type\":\"ListItem\",\"position\":3,\"name\":\"Walex Commando Drop-ins Black Holding Tank and Sensor Cleaner &#8211; 12 pack\"}]},{\"@type\":\"WebSite\",\"@id\":\"https:\\\/\\\/ksproducts.ca\\\/#website\",\"url\":\"https:\\\/\\\/ksproducts.ca\\\/\",\"name\":\"Ks Products\",\"description\":\"Outdoor cooking and living, made easy in Canada\",\"publisher\":{\"@id\":\"https:\\\/\\\/ksproducts.ca\\\/#organization\"},\"potentialAction\":[{\"@type\":\"SearchAction\",\"target\":{\"@type\":\"EntryPoint\",\"urlTemplate\":\"https:\\\/\\\/ksproducts.ca\\\/?s={search_term_string}\"},\"query-input\":{\"@type\":\"PropertyValueSpecification\",\"valueRequired\":true,\"valueName\":\"search_term_string\"}}],\"inLanguage\":\"fr-CA\"},{\"@type\":\"Organization\",\"@id\":\"https:\\\/\\\/ksproducts.ca\\\/#organization\",\"name\":\"Ks Products\",\"url\":\"https:\\\/\\\/ksproducts.ca\\\/\",\"logo\":{\"@type\":\"ImageObject\",\"inLanguage\":\"fr-CA\",\"@id\":\"https:\\\/\\\/ksproducts.ca\\\/#\\\/schema\\\/logo\\\/image\\\/\",\"url\":\"https:\\\/\\\/ksproducts.ca\\\/wp-content\\\/uploads\\\/2023\\\/09\\\/Kennedy-Sales-Logo-header-1.png\",\"contentUrl\":\"https:\\\/\\\/ksproducts.ca\\\/wp-content\\\/uploads\\\/2023\\\/09\\\/Kennedy-Sales-Logo-header-1.png\",\"width\":150,\"height\":77,\"caption\":\"Ks Products\"},\"image\":{\"@id\":\"https:\\\/\\\/ksproducts.ca\\\/#\\\/schema\\\/logo\\\/image\\\/\"}}]}<\/script>\n<!-- \/ Yoast SEO plugin. -->","yoast_head_json":{"title":"Walex Commando Drop-ins Black Holding Tank and Sensor Cleaner - 12 pack - Ks Products","robots":{"index":"index","follow":"follow","max-snippet":"max-snippet:-1","max-image-preview":"max-image-preview:large","max-video-preview":"max-video-preview:-1"},"canonical":"https:\/\/ksproducts.ca\/fr\/product\/walex-commando-drop-ins-black-holding-tank-and-sensor-cleaner-12-pack\/","og_locale":"fr_CA","og_type":"article","og_title":"Walex Commando Drop-ins Black Holding Tank and Sensor Cleaner - 12 pack - Ks Products","og_description":"Commando Black Tank &amp; Sensor Cleaner is an easy-to-use quick-dissolving packet filled with a super-concentrated, scientifically natural enzyme formula that cleans tank walls and sensors and lubricates valves and seals. Residual waste caked to the tank walls creates foul odors and false sensor readings. A malfunctioning sensor is one of an RVers' most frustrating issues because they don't know when to empty their tank. One packet of Commando cleans the tank and restores sensor function in as little as 12 to 24 hours\u2014no agitation or scrubbing required. Walex recommends the preventative use of Commando every three months to help keep the black tank in good working condition. Commando is now available in recycle-ready packaging. Customers can recycle the empty pouches in plastic bag recycling bins, thereby lowering their impact on the planet they love to explore.","og_url":"https:\/\/ksproducts.ca\/fr\/product\/walex-commando-drop-ins-black-holding-tank-and-sensor-cleaner-12-pack\/","og_site_name":"Ks Products","article_modified_time":"2026-03-16T15:48:18+00:00","og_image":[{"width":711,"height":800,"url":"https:\/\/ksproducts.ca\/wp-content\/uploads\/2026\/03\/Walex-Commando-Drop-ins-Black-Holding-Tank-and-Sensor-Cleaner-12-pack-1.jpg","type":"image\/jpeg"}],"twitter_card":"summary_large_image","twitter_misc":{"Estimation du temps de lecture":"1 minute"},"schema":{"@context":"https:\/\/schema.org","@graph":[{"@type":"WebPage","@id":"https:\/\/ksproducts.ca\/product\/walex-commando-drop-ins-black-holding-tank-and-sensor-cleaner-12-pack\/","url":"https:\/\/ksproducts.ca\/product\/walex-commando-drop-ins-black-holding-tank-and-sensor-cleaner-12-pack\/","name":"Walex Commando Drop-ins Black Holding Tank and Sensor Cleaner - 12 pack - Ks Products","isPartOf":{"@id":"https:\/\/ksproducts.ca\/#website"},"primaryImageOfPage":{"@id":"https:\/\/ksproducts.ca\/product\/walex-commando-drop-ins-black-holding-tank-and-sensor-cleaner-12-pack\/#primaryimage"},"image":{"@id":"https:\/\/ksproducts.ca\/product\/walex-commando-drop-ins-black-holding-tank-and-sensor-cleaner-12-pack\/#primaryimage"},"thumbnailUrl":"https:\/\/ksproducts.ca\/wp-content\/uploads\/2026\/03\/Walex-Commando-Drop-ins-Black-Holding-Tank-and-Sensor-Cleaner-12-pack-1.jpg","datePublished":"2026-03-10T12:34:18+00:00","dateModified":"2026-03-16T15:48:18+00:00","breadcrumb":{"@id":"https:\/\/ksproducts.ca\/product\/walex-commando-drop-ins-black-holding-tank-and-sensor-cleaner-12-pack\/#breadcrumb"},"inLanguage":"fr-CA","potentialAction":[{"@type":"ReadAction","target":["https:\/\/ksproducts.ca\/product\/walex-commando-drop-ins-black-holding-tank-and-sensor-cleaner-12-pack\/"]}]},{"@type":"ImageObject","inLanguage":"fr-CA","@id":"https:\/\/ksproducts.ca\/product\/walex-commando-drop-ins-black-holding-tank-and-sensor-cleaner-12-pack\/#primaryimage","url":"https:\/\/ksproducts.ca\/wp-content\/uploads\/2026\/03\/Walex-Commando-Drop-ins-Black-Holding-Tank-and-Sensor-Cleaner-12-pack-1.jpg","contentUrl":"https:\/\/ksproducts.ca\/wp-content\/uploads\/2026\/03\/Walex-Commando-Drop-ins-Black-Holding-Tank-and-Sensor-Cleaner-12-pack-1.jpg","width":711,"height":800,"caption":"Walex Commando Drop ins Black Holding Tank and Sensor Cleaner 12 pack"},{"@type":"BreadcrumbList","@id":"https:\/\/ksproducts.ca\/product\/walex-commando-drop-ins-black-holding-tank-and-sensor-cleaner-12-pack\/#breadcrumb","itemListElement":[{"@type":"ListItem","position":1,"name":"Home","item":"https:\/\/ksproducts.ca\/"},{"@type":"ListItem","position":2,"name":"Shop","item":"https:\/\/ksproducts.ca\/shop\/"},{"@type":"ListItem","position":3,"name":"Walex Commando Drop-ins Black Holding Tank and Sensor Cleaner &#8211; 12 pack"}]},{"@type":"WebSite","@id":"https:\/\/ksproducts.ca\/#website","url":"https:\/\/ksproducts.ca\/","name":"Produits Ks","description":"Cuisiner et vivre en plein air, c'est facile au Canada","publisher":{"@id":"https:\/\/ksproducts.ca\/#organization"},"potentialAction":[{"@type":"SearchAction","target":{"@type":"EntryPoint","urlTemplate":"https:\/\/ksproducts.ca\/?s={search_term_string}"},"query-input":{"@type":"PropertyValueSpecification","valueRequired":true,"valueName":"search_term_string"}}],"inLanguage":"fr-CA"},{"@type":"Organization","@id":"https:\/\/ksproducts.ca\/#organization","name":"Produits Ks","url":"https:\/\/ksproducts.ca\/","logo":{"@type":"ImageObject","inLanguage":"fr-CA","@id":"https:\/\/ksproducts.ca\/#\/schema\/logo\/image\/","url":"https:\/\/ksproducts.ca\/wp-content\/uploads\/2023\/09\/Kennedy-Sales-Logo-header-1.png","contentUrl":"https:\/\/ksproducts.ca\/wp-content\/uploads\/2023\/09\/Kennedy-Sales-Logo-header-1.png","width":150,"height":77,"caption":"Ks Products"},"image":{"@id":"https:\/\/ksproducts.ca\/#\/schema\/logo\/image\/"}}]}},"_links":{"self":[{"href":"https:\/\/ksproducts.ca\/fr\/wp-json\/wp\/v2\/product\/12059","targetHints":{"allow":["GET"]}}],"collection":[{"href":"https:\/\/ksproducts.ca\/fr\/wp-json\/wp\/v2\/product"}],"about":[{"href":"https:\/\/ksproducts.ca\/fr\/wp-json\/wp\/v2\/types\/product"}],"replies":[{"embeddable":true,"href":"https:\/\/ksproducts.ca\/fr\/wp-json\/wp\/v2\/comments?post=12059"}],"version-history":[{"count":2,"href":"https:\/\/ksproducts.ca\/fr\/wp-json\/wp\/v2\/product\/12059\/revisions"}],"predecessor-version":[{"id":12681,"href":"https:\/\/ksproducts.ca\/fr\/wp-json\/wp\/v2\/product\/12059\/revisions\/12681"}],"wp:featuredmedia":[{"embeddable":true,"href":"https:\/\/ksproducts.ca\/fr\/wp-json\/wp\/v2\/media\/12061"}],"wp:attachment":[{"href":"https:\/\/ksproducts.ca\/fr\/wp-json\/wp\/v2\/media?parent=12059"}],"wp:term":[{"taxonomy":"product_cat","embeddable":true,"href":"https:\/\/ksproducts.ca\/fr\/wp-json\/wp\/v2\/product_cat?post=12059"},{"taxonomy":"product_tag","embeddable":true,"href":"https:\/\/ksproducts.ca\/fr\/wp-json\/wp\/v2\/product_tag?post=12059"}],"curies":[{"name":"wp","href":"https:\/\/api.w.org\/{rel}","templated":true}]}}