{"id":12064,"date":"2026-03-10T12:41:59","date_gmt":"2026-03-10T12:41:59","guid":{"rendered":"https:\/\/ksproducts.ca\/?post_type=product&#038;p=12064"},"modified":"2026-03-16T14:55:07","modified_gmt":"2026-03-16T14:55:07","slug":"cat-lighting-lampe-de-poche-175-lumen-cob-led-camo","status":"publish","type":"product","link":"https:\/\/ksproducts.ca\/fr\/product\/cat-lighting-175-lumen-cob-led-pocket-worklight-camo\/","title":{"rendered":"CAT Lighting Lampe de travail de poche \u00e0 LED COB 175 lumens - Camo"},"content":{"rendered":"<ul class=\"a-unordered-list a-vertical a-spacing-mini\">\n<li class=\"a-spacing-mini\"><span class=\"a-list-item\">LUMI\u00c8RE DE TRAVAIL COB LED : Cette lampe de travail portable est dot\u00e9e d'une base magn\u00e9tique et d'un clip de poche arri\u00e8re pour fournir un \u00e9clairage \u00e0 la demande, produisant 175 lumens de COB LED pour un faisceau lumineux inondant l\u00e0 o\u00f9 vous en avez besoin.<\/span><\/li>\n<li class=\"a-spacing-mini\"><span class=\"a-list-item\">TRES UTILE : Con\u00e7ue avec un corps l\u00e9ger et robuste en thermoplastique ABS r\u00e9sistant \u00e0 l'eau et aux chocs, cette lampe est livr\u00e9e avec 3 piles AAA qui fourniront jusqu'\u00e0 7 heures d'autonomie continue.<\/span><\/li>\n<li class=\"a-spacing-mini\"><span class=\"a-list-item\">LES EXPERTS DE L'\u00c9CLAIRAGE DE TRAVAIL : Nous sommes sp\u00e9cialis\u00e9s dans la fabrication d'\u00e9clairages de travail robustes et durables, y compris les \u00e9clairages de travail extr\u00eames \u00e0 LED COB, les phares et les feux de cou \u00e0 LED, les \u00e9clairages sous le capot, les \u00e9clairages de mise au point et bien plus encore !<\/span><\/li>\n<li class=\"a-spacing-mini\"><span class=\"a-list-item\">L'INNOVATION \u00c0 SON PLUS HAUT NIVEAU : les lampes Cat sont des produits d'\u00e9clairage de qualit\u00e9 sup\u00e9rieure dot\u00e9s d'une technologie de pointe qui r\u00e9pond aux normes professionnelles les plus strictes. Toutes nos lampes utilisent la derni\u00e8re technologie LED et des mat\u00e9riaux de qualit\u00e9 industrielle.<\/span><\/li>\n<li class=\"a-spacing-mini\"><span class=\"a-list-item\">LA DIFF\u00c9RENCE CAT LIGHT : En t\u00eate de l'innovation, notre objectif est de concevoir, fabriquer et livrer les lampes LED professionnelles les plus fonctionnelles et les plus durables, pour l'ext\u00e9rieur, les urgences, les artisans professionnels et les bricoleurs \u00e0 domicile !<\/span><\/li>\n<\/ul>","protected":false},"excerpt":{"rendered":"<p>La lampe CT1200 Pocket COB Cat est la derni\u00e8re et la meilleure des lampes de travail portables. Sa puissance de 175 lumens est am\u00e9lior\u00e9e par la technologie LED COB, qui augmente la luminosit\u00e9 et l'efficacit\u00e9 pour une lumi\u00e8re d'inondation brillante dans un format de poche. Le corps en ABS robuste est r\u00e9sistant \u00e0 l'eau et aux chocs, tout en \u00e9tant incroyablement l\u00e9ger (0,15 lb). Vous pouvez \u00e9galement utiliser la Cat CT1200 comme lampe mains libres gr\u00e2ce \u00e0 sa base magn\u00e9tique et \u00e0 son clip de poche arri\u00e8re. Profitez d'une lumi\u00e8re de haute qualit\u00e9 \u00e0 l'int\u00e9rieur ou \u00e0 l'ext\u00e9rieur pendant 7 heures d'affil\u00e9e gr\u00e2ce aux 3 piles AAA incluses. Une dans chaque tiroir, une dans chaque bo\u00eete \u00e0 outils et une dans chaque voiture.<\/p>","protected":false},"featured_media":12065,"comment_status":"open","ping_status":"closed","template":"","meta":[],"product_cat":[431,451],"product_tag":[],"class_list":{"0":"post-12064","1":"product","2":"type-product","3":"status-publish","4":"has-post-thumbnail","6":"product_cat-camping-rv-essentials","7":"product_cat-tools-equipment","8":"product_shipping_class-class-1","10":"first","11":"instock","12":"taxable","13":"shipping-taxable","14":"purchasable","15":"product-type-simple"},"yoast_head":"<!-- This site is optimized with the Yoast SEO plugin v27.3 - https:\/\/yoast.com\/product\/yoast-seo-wordpress\/ -->\n<title>CAT Lighting 175 Lumen COB LED Pocket Worklight - Camo - Ks Products<\/title>\n<meta name=\"robots\" content=\"index, follow, max-snippet:-1, max-image-preview:large, max-video-preview:-1\" \/>\n<link rel=\"canonical\" href=\"https:\/\/ksproducts.ca\/fr\/product\/cat-lighting-lampe-de-poche-175-lumen-cob-led-camo\/\" \/>\n<meta property=\"og:locale\" content=\"fr_CA\" \/>\n<meta property=\"og:type\" content=\"article\" \/>\n<meta property=\"og:title\" content=\"CAT Lighting 175 Lumen COB LED Pocket Worklight - Camo - Ks Products\" \/>\n<meta property=\"og:description\" content=\"The Cat CT1200 Pocket COB is the latest and greatest in portable work lights. Its 175-lumen output is enhanced by COB LED technology, which increases brightness and efficiency for brilliant flood light output in a pocket-sized package. The heavy-duty ABS body is water-resistant and impact-resistant, yet incredibly lightweight at just 0.15 lbs. You can also use the Cat CT1200 as a hands-free light thanks to the magnetic base and rear pocket clip. Enjoy high-quality light indoors or outdoors for up to 7 hours straight using the 3 included AAA batteries. One in every drawer, one in every toolbox, and one in every car.\" \/>\n<meta property=\"og:url\" content=\"https:\/\/ksproducts.ca\/fr\/product\/cat-lighting-lampe-de-poche-175-lumen-cob-led-camo\/\" \/>\n<meta property=\"og:site_name\" content=\"Ks Products\" \/>\n<meta property=\"article:modified_time\" content=\"2026-03-16T14:55:07+00:00\" \/>\n<meta property=\"og:image\" content=\"https:\/\/ksproducts.ca\/wp-content\/uploads\/2026\/03\/CAT-Lighting-175-Lumen-COB-LED-Pocket-Worklight-Camo.jpg\" \/>\n\t<meta property=\"og:image:width\" content=\"906\" \/>\n\t<meta property=\"og:image:height\" content=\"216\" \/>\n\t<meta property=\"og:image:type\" content=\"image\/jpeg\" \/>\n<meta name=\"twitter:card\" content=\"summary_large_image\" \/>\n<meta name=\"twitter:label1\" content=\"Estimation du temps de lecture\" \/>\n\t<meta name=\"twitter:data1\" content=\"1 minute\" \/>\n<script type=\"application\/ld+json\" class=\"yoast-schema-graph\">{\"@context\":\"https:\\\/\\\/schema.org\",\"@graph\":[{\"@type\":\"WebPage\",\"@id\":\"https:\\\/\\\/ksproducts.ca\\\/product\\\/cat-lighting-175-lumen-cob-led-pocket-worklight-camo\\\/\",\"url\":\"https:\\\/\\\/ksproducts.ca\\\/product\\\/cat-lighting-175-lumen-cob-led-pocket-worklight-camo\\\/\",\"name\":\"CAT Lighting 175 Lumen COB LED Pocket Worklight - Camo - Ks Products\",\"isPartOf\":{\"@id\":\"https:\\\/\\\/ksproducts.ca\\\/#website\"},\"primaryImageOfPage\":{\"@id\":\"https:\\\/\\\/ksproducts.ca\\\/product\\\/cat-lighting-175-lumen-cob-led-pocket-worklight-camo\\\/#primaryimage\"},\"image\":{\"@id\":\"https:\\\/\\\/ksproducts.ca\\\/product\\\/cat-lighting-175-lumen-cob-led-pocket-worklight-camo\\\/#primaryimage\"},\"thumbnailUrl\":\"https:\\\/\\\/ksproducts.ca\\\/wp-content\\\/uploads\\\/2026\\\/03\\\/CAT-Lighting-175-Lumen-COB-LED-Pocket-Worklight-Camo.jpg\",\"datePublished\":\"2026-03-10T12:41:59+00:00\",\"dateModified\":\"2026-03-16T14:55:07+00:00\",\"breadcrumb\":{\"@id\":\"https:\\\/\\\/ksproducts.ca\\\/product\\\/cat-lighting-175-lumen-cob-led-pocket-worklight-camo\\\/#breadcrumb\"},\"inLanguage\":\"fr-CA\",\"potentialAction\":[{\"@type\":\"ReadAction\",\"target\":[\"https:\\\/\\\/ksproducts.ca\\\/product\\\/cat-lighting-175-lumen-cob-led-pocket-worklight-camo\\\/\"]}]},{\"@type\":\"ImageObject\",\"inLanguage\":\"fr-CA\",\"@id\":\"https:\\\/\\\/ksproducts.ca\\\/product\\\/cat-lighting-175-lumen-cob-led-pocket-worklight-camo\\\/#primaryimage\",\"url\":\"https:\\\/\\\/ksproducts.ca\\\/wp-content\\\/uploads\\\/2026\\\/03\\\/CAT-Lighting-175-Lumen-COB-LED-Pocket-Worklight-Camo.jpg\",\"contentUrl\":\"https:\\\/\\\/ksproducts.ca\\\/wp-content\\\/uploads\\\/2026\\\/03\\\/CAT-Lighting-175-Lumen-COB-LED-Pocket-Worklight-Camo.jpg\",\"width\":906,\"height\":216,\"caption\":\"CAT Lighting 175 Lumen COB LED Pocket Worklight Camo\"},{\"@type\":\"BreadcrumbList\",\"@id\":\"https:\\\/\\\/ksproducts.ca\\\/product\\\/cat-lighting-175-lumen-cob-led-pocket-worklight-camo\\\/#breadcrumb\",\"itemListElement\":[{\"@type\":\"ListItem\",\"position\":1,\"name\":\"Home\",\"item\":\"https:\\\/\\\/ksproducts.ca\\\/\"},{\"@type\":\"ListItem\",\"position\":2,\"name\":\"Shop\",\"item\":\"https:\\\/\\\/ksproducts.ca\\\/shop\\\/\"},{\"@type\":\"ListItem\",\"position\":3,\"name\":\"CAT Lighting 175 Lumen COB LED Pocket Worklight &#8211; Camo\"}]},{\"@type\":\"WebSite\",\"@id\":\"https:\\\/\\\/ksproducts.ca\\\/#website\",\"url\":\"https:\\\/\\\/ksproducts.ca\\\/\",\"name\":\"Ks Products\",\"description\":\"Outdoor cooking and living, made easy in Canada\",\"publisher\":{\"@id\":\"https:\\\/\\\/ksproducts.ca\\\/#organization\"},\"potentialAction\":[{\"@type\":\"SearchAction\",\"target\":{\"@type\":\"EntryPoint\",\"urlTemplate\":\"https:\\\/\\\/ksproducts.ca\\\/?s={search_term_string}\"},\"query-input\":{\"@type\":\"PropertyValueSpecification\",\"valueRequired\":true,\"valueName\":\"search_term_string\"}}],\"inLanguage\":\"fr-CA\"},{\"@type\":\"Organization\",\"@id\":\"https:\\\/\\\/ksproducts.ca\\\/#organization\",\"name\":\"Ks Products\",\"url\":\"https:\\\/\\\/ksproducts.ca\\\/\",\"logo\":{\"@type\":\"ImageObject\",\"inLanguage\":\"fr-CA\",\"@id\":\"https:\\\/\\\/ksproducts.ca\\\/#\\\/schema\\\/logo\\\/image\\\/\",\"url\":\"https:\\\/\\\/ksproducts.ca\\\/wp-content\\\/uploads\\\/2023\\\/09\\\/Kennedy-Sales-Logo-header-1.png\",\"contentUrl\":\"https:\\\/\\\/ksproducts.ca\\\/wp-content\\\/uploads\\\/2023\\\/09\\\/Kennedy-Sales-Logo-header-1.png\",\"width\":150,\"height\":77,\"caption\":\"Ks Products\"},\"image\":{\"@id\":\"https:\\\/\\\/ksproducts.ca\\\/#\\\/schema\\\/logo\\\/image\\\/\"}}]}<\/script>\n<!-- \/ Yoast SEO plugin. -->","yoast_head_json":{"title":"CAT Lighting Lampe de travail de poche \u00e0 LED COB 175 lumens - Camo - Ks Products","robots":{"index":"index","follow":"follow","max-snippet":"max-snippet:-1","max-image-preview":"max-image-preview:large","max-video-preview":"max-video-preview:-1"},"canonical":"https:\/\/ksproducts.ca\/fr\/product\/cat-lighting-lampe-de-poche-175-lumen-cob-led-camo\/","og_locale":"fr_CA","og_type":"article","og_title":"CAT Lighting 175 Lumen COB LED Pocket Worklight - Camo - Ks Products","og_description":"The Cat CT1200 Pocket COB is the latest and greatest in portable work lights. Its 175-lumen output is enhanced by COB LED technology, which increases brightness and efficiency for brilliant flood light output in a pocket-sized package. The heavy-duty ABS body is water-resistant and impact-resistant, yet incredibly lightweight at just 0.15 lbs. You can also use the Cat CT1200 as a hands-free light thanks to the magnetic base and rear pocket clip. Enjoy high-quality light indoors or outdoors for up to 7 hours straight using the 3 included AAA batteries. One in every drawer, one in every toolbox, and one in every car.","og_url":"https:\/\/ksproducts.ca\/fr\/product\/cat-lighting-lampe-de-poche-175-lumen-cob-led-camo\/","og_site_name":"Ks Products","article_modified_time":"2026-03-16T14:55:07+00:00","og_image":[{"width":906,"height":216,"url":"https:\/\/ksproducts.ca\/wp-content\/uploads\/2026\/03\/CAT-Lighting-175-Lumen-COB-LED-Pocket-Worklight-Camo.jpg","type":"image\/jpeg"}],"twitter_card":"summary_large_image","twitter_misc":{"Estimation du temps de lecture":"1 minute"},"schema":{"@context":"https:\/\/schema.org","@graph":[{"@type":"WebPage","@id":"https:\/\/ksproducts.ca\/product\/cat-lighting-175-lumen-cob-led-pocket-worklight-camo\/","url":"https:\/\/ksproducts.ca\/product\/cat-lighting-175-lumen-cob-led-pocket-worklight-camo\/","name":"CAT Lighting Lampe de travail de poche \u00e0 LED COB 175 lumens - Camo - Ks Products","isPartOf":{"@id":"https:\/\/ksproducts.ca\/#website"},"primaryImageOfPage":{"@id":"https:\/\/ksproducts.ca\/product\/cat-lighting-175-lumen-cob-led-pocket-worklight-camo\/#primaryimage"},"image":{"@id":"https:\/\/ksproducts.ca\/product\/cat-lighting-175-lumen-cob-led-pocket-worklight-camo\/#primaryimage"},"thumbnailUrl":"https:\/\/ksproducts.ca\/wp-content\/uploads\/2026\/03\/CAT-Lighting-175-Lumen-COB-LED-Pocket-Worklight-Camo.jpg","datePublished":"2026-03-10T12:41:59+00:00","dateModified":"2026-03-16T14:55:07+00:00","breadcrumb":{"@id":"https:\/\/ksproducts.ca\/product\/cat-lighting-175-lumen-cob-led-pocket-worklight-camo\/#breadcrumb"},"inLanguage":"fr-CA","potentialAction":[{"@type":"ReadAction","target":["https:\/\/ksproducts.ca\/product\/cat-lighting-175-lumen-cob-led-pocket-worklight-camo\/"]}]},{"@type":"ImageObject","inLanguage":"fr-CA","@id":"https:\/\/ksproducts.ca\/product\/cat-lighting-175-lumen-cob-led-pocket-worklight-camo\/#primaryimage","url":"https:\/\/ksproducts.ca\/wp-content\/uploads\/2026\/03\/CAT-Lighting-175-Lumen-COB-LED-Pocket-Worklight-Camo.jpg","contentUrl":"https:\/\/ksproducts.ca\/wp-content\/uploads\/2026\/03\/CAT-Lighting-175-Lumen-COB-LED-Pocket-Worklight-Camo.jpg","width":906,"height":216,"caption":"CAT Lighting 175 Lumen COB LED Pocket Worklight Camo"},{"@type":"BreadcrumbList","@id":"https:\/\/ksproducts.ca\/product\/cat-lighting-175-lumen-cob-led-pocket-worklight-camo\/#breadcrumb","itemListElement":[{"@type":"ListItem","position":1,"name":"Home","item":"https:\/\/ksproducts.ca\/"},{"@type":"ListItem","position":2,"name":"Shop","item":"https:\/\/ksproducts.ca\/shop\/"},{"@type":"ListItem","position":3,"name":"CAT Lighting 175 Lumen COB LED Pocket Worklight &#8211; Camo"}]},{"@type":"WebSite","@id":"https:\/\/ksproducts.ca\/#website","url":"https:\/\/ksproducts.ca\/","name":"Produits Ks","description":"Cuisiner et vivre en plein air, c'est facile au Canada","publisher":{"@id":"https:\/\/ksproducts.ca\/#organization"},"potentialAction":[{"@type":"SearchAction","target":{"@type":"EntryPoint","urlTemplate":"https:\/\/ksproducts.ca\/?s={search_term_string}"},"query-input":{"@type":"PropertyValueSpecification","valueRequired":true,"valueName":"search_term_string"}}],"inLanguage":"fr-CA"},{"@type":"Organization","@id":"https:\/\/ksproducts.ca\/#organization","name":"Produits Ks","url":"https:\/\/ksproducts.ca\/","logo":{"@type":"ImageObject","inLanguage":"fr-CA","@id":"https:\/\/ksproducts.ca\/#\/schema\/logo\/image\/","url":"https:\/\/ksproducts.ca\/wp-content\/uploads\/2023\/09\/Kennedy-Sales-Logo-header-1.png","contentUrl":"https:\/\/ksproducts.ca\/wp-content\/uploads\/2023\/09\/Kennedy-Sales-Logo-header-1.png","width":150,"height":77,"caption":"Ks Products"},"image":{"@id":"https:\/\/ksproducts.ca\/#\/schema\/logo\/image\/"}}]}},"_links":{"self":[{"href":"https:\/\/ksproducts.ca\/fr\/wp-json\/wp\/v2\/product\/12064","targetHints":{"allow":["GET"]}}],"collection":[{"href":"https:\/\/ksproducts.ca\/fr\/wp-json\/wp\/v2\/product"}],"about":[{"href":"https:\/\/ksproducts.ca\/fr\/wp-json\/wp\/v2\/types\/product"}],"replies":[{"embeddable":true,"href":"https:\/\/ksproducts.ca\/fr\/wp-json\/wp\/v2\/comments?post=12064"}],"version-history":[{"count":1,"href":"https:\/\/ksproducts.ca\/fr\/wp-json\/wp\/v2\/product\/12064\/revisions"}],"predecessor-version":[{"id":12066,"href":"https:\/\/ksproducts.ca\/fr\/wp-json\/wp\/v2\/product\/12064\/revisions\/12066"}],"wp:featuredmedia":[{"embeddable":true,"href":"https:\/\/ksproducts.ca\/fr\/wp-json\/wp\/v2\/media\/12065"}],"wp:attachment":[{"href":"https:\/\/ksproducts.ca\/fr\/wp-json\/wp\/v2\/media?parent=12064"}],"wp:term":[{"taxonomy":"product_cat","embeddable":true,"href":"https:\/\/ksproducts.ca\/fr\/wp-json\/wp\/v2\/product_cat?post=12064"},{"taxonomy":"product_tag","embeddable":true,"href":"https:\/\/ksproducts.ca\/fr\/wp-json\/wp\/v2\/product_tag?post=12064"}],"curies":[{"name":"wp","href":"https:\/\/api.w.org\/{rel}","templated":true}]}}