{"id":12067,"date":"2026-03-10T12:46:54","date_gmt":"2026-03-10T12:46:54","guid":{"rendered":"https:\/\/ksproducts.ca\/?post_type=product&#038;p=12067"},"modified":"2026-03-16T14:55:55","modified_gmt":"2026-03-16T14:55:55","slug":"cat-lighting-lampe-de-travail-rechargeable-100-lumen-led-slim","status":"publish","type":"product","link":"https:\/\/ksproducts.ca\/fr\/product\/cat-lighting-100-lumen-led-slim-rechargeable-worklight\/","title":{"rendered":"CAT Lighting 100 Lumen LED Slim Rechargeable Worklight"},"content":{"rendered":"<ul class=\"a-unordered-list a-vertical a-spacing-mini\">\n<li class=\"a-spacing-mini\"><span class=\"a-list-item\">Options d'\u00e9clairage \u00e0 double panneau, 175 lumens pour l'\u00e9clairage de surface et 100 lumens pour l'\u00e9clairage de faisceau<\/span><\/li>\n<li class=\"a-spacing-mini\"><span class=\"a-list-item\">Construit pour \u00eatre extr\u00eamement durable et r\u00e9sistant \u00e0 l'eau<\/span><\/li>\n<li class=\"a-spacing-mini\"><span class=\"a-list-item\">Micro USB rechargeable<\/span><\/li>\n<li class=\"a-spacing-mini\"><span class=\"a-list-item\">Clip de poche magn\u00e9tique<\/span><\/li>\n<li class=\"a-spacing-mini\"><span class=\"a-list-item\">Indicateur de charge<\/span><\/li>\n<\/ul>","protected":false},"excerpt":{"rendered":"<p>Cette puissante lampe LED rechargeable de 600 lumens est \u00e9quip\u00e9e d'une poign\u00e9e de serrage et d'une t\u00eate d'\u00e9clairage pivotante \u00e0 deux axes pour \u00e9clairer l\u00e0 o\u00f9 vous en avez besoin. Elle comprend un crochet rotatif et une base magn\u00e9tique pour une utilisation mains libres. Se recharge via un port USB prot\u00e9g\u00e9, cordon d'alimentation USB inclus.<\/p>","protected":false},"featured_media":12069,"comment_status":"open","ping_status":"closed","template":"","meta":[],"product_cat":[431,451],"product_tag":[],"class_list":{"0":"post-12067","1":"product","2":"type-product","3":"status-publish","4":"has-post-thumbnail","6":"product_cat-camping-rv-essentials","7":"product_cat-tools-equipment","8":"product_shipping_class-class-1","10":"first","11":"instock","12":"taxable","13":"shipping-taxable","14":"purchasable","15":"product-type-simple"},"yoast_head":"<!-- This site is optimized with the Yoast SEO plugin v27.4 - https:\/\/yoast.com\/product\/yoast-seo-wordpress\/ -->\n<title>CAT Lighting 100 Lumen LED Slim Rechargeable Worklight - Ks Products<\/title>\n<meta name=\"robots\" content=\"index, follow, max-snippet:-1, max-image-preview:large, max-video-preview:-1\" \/>\n<link rel=\"canonical\" href=\"https:\/\/ksproducts.ca\/fr\/product\/cat-lighting-lampe-de-travail-rechargeable-100-lumen-led-slim\/\" \/>\n<meta property=\"og:locale\" content=\"fr_CA\" \/>\n<meta property=\"og:type\" content=\"article\" \/>\n<meta property=\"og:title\" content=\"CAT Lighting 100 Lumen LED Slim Rechargeable Worklight - Ks Products\" \/>\n<meta property=\"og:description\" content=\"This Powerful 600 lumin rechargable LED light comes with a clamping handle and dual-axis pivoting light head to put light where you need it. Includes rotating hook and magnetic base for hands-free use. Charges via protected USB port, USB power cord included.\" \/>\n<meta property=\"og:url\" content=\"https:\/\/ksproducts.ca\/fr\/product\/cat-lighting-lampe-de-travail-rechargeable-100-lumen-led-slim\/\" \/>\n<meta property=\"og:site_name\" content=\"Ks Products\" \/>\n<meta property=\"article:modified_time\" content=\"2026-03-16T14:55:55+00:00\" \/>\n<meta property=\"og:image\" content=\"https:\/\/ksproducts.ca\/wp-content\/uploads\/2026\/03\/CAT-Lighting-100-Lumen-LED-Slim-Rechargeable-Worklight-1.jpg\" \/>\n\t<meta property=\"og:image:width\" content=\"335\" \/>\n\t<meta property=\"og:image:height\" content=\"500\" \/>\n\t<meta property=\"og:image:type\" content=\"image\/jpeg\" \/>\n<meta name=\"twitter:card\" content=\"summary_large_image\" \/>\n<meta name=\"twitter:label1\" content=\"Estimation du temps de lecture\" \/>\n\t<meta name=\"twitter:data1\" content=\"1 minute\" \/>\n<script type=\"application\/ld+json\" class=\"yoast-schema-graph\">{\"@context\":\"https:\\\/\\\/schema.org\",\"@graph\":[{\"@type\":\"WebPage\",\"@id\":\"https:\\\/\\\/ksproducts.ca\\\/product\\\/cat-lighting-100-lumen-led-slim-rechargeable-worklight\\\/\",\"url\":\"https:\\\/\\\/ksproducts.ca\\\/product\\\/cat-lighting-100-lumen-led-slim-rechargeable-worklight\\\/\",\"name\":\"CAT Lighting 100 Lumen LED Slim Rechargeable Worklight - Ks Products\",\"isPartOf\":{\"@id\":\"https:\\\/\\\/ksproducts.ca\\\/#website\"},\"primaryImageOfPage\":{\"@id\":\"https:\\\/\\\/ksproducts.ca\\\/product\\\/cat-lighting-100-lumen-led-slim-rechargeable-worklight\\\/#primaryimage\"},\"image\":{\"@id\":\"https:\\\/\\\/ksproducts.ca\\\/product\\\/cat-lighting-100-lumen-led-slim-rechargeable-worklight\\\/#primaryimage\"},\"thumbnailUrl\":\"https:\\\/\\\/ksproducts.ca\\\/wp-content\\\/uploads\\\/2026\\\/03\\\/CAT-Lighting-100-Lumen-LED-Slim-Rechargeable-Worklight-1.jpg\",\"datePublished\":\"2026-03-10T12:46:54+00:00\",\"dateModified\":\"2026-03-16T14:55:55+00:00\",\"breadcrumb\":{\"@id\":\"https:\\\/\\\/ksproducts.ca\\\/product\\\/cat-lighting-100-lumen-led-slim-rechargeable-worklight\\\/#breadcrumb\"},\"inLanguage\":\"fr-CA\",\"potentialAction\":[{\"@type\":\"ReadAction\",\"target\":[\"https:\\\/\\\/ksproducts.ca\\\/product\\\/cat-lighting-100-lumen-led-slim-rechargeable-worklight\\\/\"]}]},{\"@type\":\"ImageObject\",\"inLanguage\":\"fr-CA\",\"@id\":\"https:\\\/\\\/ksproducts.ca\\\/product\\\/cat-lighting-100-lumen-led-slim-rechargeable-worklight\\\/#primaryimage\",\"url\":\"https:\\\/\\\/ksproducts.ca\\\/wp-content\\\/uploads\\\/2026\\\/03\\\/CAT-Lighting-100-Lumen-LED-Slim-Rechargeable-Worklight-1.jpg\",\"contentUrl\":\"https:\\\/\\\/ksproducts.ca\\\/wp-content\\\/uploads\\\/2026\\\/03\\\/CAT-Lighting-100-Lumen-LED-Slim-Rechargeable-Worklight-1.jpg\",\"width\":335,\"height\":500,\"caption\":\"CAT Lighting 100 Lumen LED Slim Rechargeable Worklight\"},{\"@type\":\"BreadcrumbList\",\"@id\":\"https:\\\/\\\/ksproducts.ca\\\/product\\\/cat-lighting-100-lumen-led-slim-rechargeable-worklight\\\/#breadcrumb\",\"itemListElement\":[{\"@type\":\"ListItem\",\"position\":1,\"name\":\"Home\",\"item\":\"https:\\\/\\\/ksproducts.ca\\\/\"},{\"@type\":\"ListItem\",\"position\":2,\"name\":\"Shop\",\"item\":\"https:\\\/\\\/ksproducts.ca\\\/shop\\\/\"},{\"@type\":\"ListItem\",\"position\":3,\"name\":\"CAT Lighting 100 Lumen LED Slim Rechargeable Worklight\"}]},{\"@type\":\"WebSite\",\"@id\":\"https:\\\/\\\/ksproducts.ca\\\/#website\",\"url\":\"https:\\\/\\\/ksproducts.ca\\\/\",\"name\":\"Ks Products\",\"description\":\"Outdoor cooking and living, made easy in Canada\",\"publisher\":{\"@id\":\"https:\\\/\\\/ksproducts.ca\\\/#organization\"},\"potentialAction\":[{\"@type\":\"SearchAction\",\"target\":{\"@type\":\"EntryPoint\",\"urlTemplate\":\"https:\\\/\\\/ksproducts.ca\\\/?s={search_term_string}\"},\"query-input\":{\"@type\":\"PropertyValueSpecification\",\"valueRequired\":true,\"valueName\":\"search_term_string\"}}],\"inLanguage\":\"fr-CA\"},{\"@type\":\"Organization\",\"@id\":\"https:\\\/\\\/ksproducts.ca\\\/#organization\",\"name\":\"Ks Products\",\"url\":\"https:\\\/\\\/ksproducts.ca\\\/\",\"logo\":{\"@type\":\"ImageObject\",\"inLanguage\":\"fr-CA\",\"@id\":\"https:\\\/\\\/ksproducts.ca\\\/#\\\/schema\\\/logo\\\/image\\\/\",\"url\":\"https:\\\/\\\/ksproducts.ca\\\/wp-content\\\/uploads\\\/2023\\\/09\\\/Kennedy-Sales-Logo-header-1.png\",\"contentUrl\":\"https:\\\/\\\/ksproducts.ca\\\/wp-content\\\/uploads\\\/2023\\\/09\\\/Kennedy-Sales-Logo-header-1.png\",\"width\":150,\"height\":77,\"caption\":\"Ks Products\"},\"image\":{\"@id\":\"https:\\\/\\\/ksproducts.ca\\\/#\\\/schema\\\/logo\\\/image\\\/\"}}]}<\/script>\n<!-- \/ Yoast SEO plugin. -->","yoast_head_json":{"title":"CAT Lighting 100 Lumen LED Slim Rechargeable Worklight - Ks Products","robots":{"index":"index","follow":"follow","max-snippet":"max-snippet:-1","max-image-preview":"max-image-preview:large","max-video-preview":"max-video-preview:-1"},"canonical":"https:\/\/ksproducts.ca\/fr\/product\/cat-lighting-lampe-de-travail-rechargeable-100-lumen-led-slim\/","og_locale":"fr_CA","og_type":"article","og_title":"CAT Lighting 100 Lumen LED Slim Rechargeable Worklight - Ks Products","og_description":"This Powerful 600 lumin rechargable LED light comes with a clamping handle and dual-axis pivoting light head to put light where you need it. Includes rotating hook and magnetic base for hands-free use. Charges via protected USB port, USB power cord included.","og_url":"https:\/\/ksproducts.ca\/fr\/product\/cat-lighting-lampe-de-travail-rechargeable-100-lumen-led-slim\/","og_site_name":"Ks Products","article_modified_time":"2026-03-16T14:55:55+00:00","og_image":[{"width":335,"height":500,"url":"https:\/\/ksproducts.ca\/wp-content\/uploads\/2026\/03\/CAT-Lighting-100-Lumen-LED-Slim-Rechargeable-Worklight-1.jpg","type":"image\/jpeg"}],"twitter_card":"summary_large_image","twitter_misc":{"Estimation du temps de lecture":"1 minute"},"schema":{"@context":"https:\/\/schema.org","@graph":[{"@type":"WebPage","@id":"https:\/\/ksproducts.ca\/product\/cat-lighting-100-lumen-led-slim-rechargeable-worklight\/","url":"https:\/\/ksproducts.ca\/product\/cat-lighting-100-lumen-led-slim-rechargeable-worklight\/","name":"CAT Lighting 100 Lumen LED Slim Rechargeable Worklight - Ks Products","isPartOf":{"@id":"https:\/\/ksproducts.ca\/#website"},"primaryImageOfPage":{"@id":"https:\/\/ksproducts.ca\/product\/cat-lighting-100-lumen-led-slim-rechargeable-worklight\/#primaryimage"},"image":{"@id":"https:\/\/ksproducts.ca\/product\/cat-lighting-100-lumen-led-slim-rechargeable-worklight\/#primaryimage"},"thumbnailUrl":"https:\/\/ksproducts.ca\/wp-content\/uploads\/2026\/03\/CAT-Lighting-100-Lumen-LED-Slim-Rechargeable-Worklight-1.jpg","datePublished":"2026-03-10T12:46:54+00:00","dateModified":"2026-03-16T14:55:55+00:00","breadcrumb":{"@id":"https:\/\/ksproducts.ca\/product\/cat-lighting-100-lumen-led-slim-rechargeable-worklight\/#breadcrumb"},"inLanguage":"fr-CA","potentialAction":[{"@type":"ReadAction","target":["https:\/\/ksproducts.ca\/product\/cat-lighting-100-lumen-led-slim-rechargeable-worklight\/"]}]},{"@type":"ImageObject","inLanguage":"fr-CA","@id":"https:\/\/ksproducts.ca\/product\/cat-lighting-100-lumen-led-slim-rechargeable-worklight\/#primaryimage","url":"https:\/\/ksproducts.ca\/wp-content\/uploads\/2026\/03\/CAT-Lighting-100-Lumen-LED-Slim-Rechargeable-Worklight-1.jpg","contentUrl":"https:\/\/ksproducts.ca\/wp-content\/uploads\/2026\/03\/CAT-Lighting-100-Lumen-LED-Slim-Rechargeable-Worklight-1.jpg","width":335,"height":500,"caption":"CAT Lighting 100 Lumen LED Slim Rechargeable Worklight"},{"@type":"BreadcrumbList","@id":"https:\/\/ksproducts.ca\/product\/cat-lighting-100-lumen-led-slim-rechargeable-worklight\/#breadcrumb","itemListElement":[{"@type":"ListItem","position":1,"name":"Home","item":"https:\/\/ksproducts.ca\/"},{"@type":"ListItem","position":2,"name":"Shop","item":"https:\/\/ksproducts.ca\/shop\/"},{"@type":"ListItem","position":3,"name":"CAT Lighting 100 Lumen LED Slim Rechargeable Worklight"}]},{"@type":"WebSite","@id":"https:\/\/ksproducts.ca\/#website","url":"https:\/\/ksproducts.ca\/","name":"Produits Ks","description":"Cuisiner et vivre en plein air, c'est facile au Canada","publisher":{"@id":"https:\/\/ksproducts.ca\/#organization"},"potentialAction":[{"@type":"SearchAction","target":{"@type":"EntryPoint","urlTemplate":"https:\/\/ksproducts.ca\/?s={search_term_string}"},"query-input":{"@type":"PropertyValueSpecification","valueRequired":true,"valueName":"search_term_string"}}],"inLanguage":"fr-CA"},{"@type":"Organization","@id":"https:\/\/ksproducts.ca\/#organization","name":"Produits Ks","url":"https:\/\/ksproducts.ca\/","logo":{"@type":"ImageObject","inLanguage":"fr-CA","@id":"https:\/\/ksproducts.ca\/#\/schema\/logo\/image\/","url":"https:\/\/ksproducts.ca\/wp-content\/uploads\/2023\/09\/Kennedy-Sales-Logo-header-1.png","contentUrl":"https:\/\/ksproducts.ca\/wp-content\/uploads\/2023\/09\/Kennedy-Sales-Logo-header-1.png","width":150,"height":77,"caption":"Ks Products"},"image":{"@id":"https:\/\/ksproducts.ca\/#\/schema\/logo\/image\/"}}]}},"_links":{"self":[{"href":"https:\/\/ksproducts.ca\/fr\/wp-json\/wp\/v2\/product\/12067","targetHints":{"allow":["GET"]}}],"collection":[{"href":"https:\/\/ksproducts.ca\/fr\/wp-json\/wp\/v2\/product"}],"about":[{"href":"https:\/\/ksproducts.ca\/fr\/wp-json\/wp\/v2\/types\/product"}],"replies":[{"embeddable":true,"href":"https:\/\/ksproducts.ca\/fr\/wp-json\/wp\/v2\/comments?post=12067"}],"version-history":[{"count":1,"href":"https:\/\/ksproducts.ca\/fr\/wp-json\/wp\/v2\/product\/12067\/revisions"}],"predecessor-version":[{"id":12070,"href":"https:\/\/ksproducts.ca\/fr\/wp-json\/wp\/v2\/product\/12067\/revisions\/12070"}],"wp:featuredmedia":[{"embeddable":true,"href":"https:\/\/ksproducts.ca\/fr\/wp-json\/wp\/v2\/media\/12069"}],"wp:attachment":[{"href":"https:\/\/ksproducts.ca\/fr\/wp-json\/wp\/v2\/media?parent=12067"}],"wp:term":[{"taxonomy":"product_cat","embeddable":true,"href":"https:\/\/ksproducts.ca\/fr\/wp-json\/wp\/v2\/product_cat?post=12067"},{"taxonomy":"product_tag","embeddable":true,"href":"https:\/\/ksproducts.ca\/fr\/wp-json\/wp\/v2\/product_tag?post=12067"}],"curies":[{"name":"wp","href":"https:\/\/api.w.org\/{rel}","templated":true}]}}