{"id":12072,"date":"2026-03-10T13:11:27","date_gmt":"2026-03-10T13:11:27","guid":{"rendered":"https:\/\/ksproducts.ca\/?post_type=product&#038;p=12072"},"modified":"2026-03-16T14:56:43","modified_gmt":"2026-03-16T14:56:43","slug":"cat-lighting-100-lumen-led-aluminium-flashlight","status":"publish","type":"product","link":"https:\/\/ksproducts.ca\/fr\/product\/cat-lighting-100-lumen-led-aluminum-flashlight\/","title":{"rendered":"CAT Lighting Lampe de poche aluminium \u00e0 LED 100 lumens"},"content":{"rendered":"<ul>\n<li>Conforme aux normes internationales de qualit\u00e9 et de s\u00e9curit\u00e9<\/li>\n<li>Con\u00e7u par des professionnels pour les professionnels et les bricoleurs<\/li>\n<li>Conception test\u00e9e et \u00e9prouv\u00e9e<\/li>\n<li>Source de lumi\u00e8re extr\u00eamement fiable et efficace<\/li>\n<li>Fonctionne parfaitement pour \u00e9clairer les environnements sombres<\/li>\n<li>Solution id\u00e9ale pour effectuer des r\u00e9parations dans des zones difficiles d'acc\u00e8s et de visibilit\u00e9<\/li>\n<li>Fournit un faisceau lumineux intense et cibl\u00e9 pour une meilleure vision<\/li>\n<li>Fabriqu\u00e9 pour assurer un fonctionnement r\u00e9gulier et sans probl\u00e8me<\/li>\n<li>Fabriqu\u00e9 \u00e0 partir de mat\u00e9riaux durables et r\u00e9sistants aux chocs pour durer des ann\u00e9es<\/li>\n<\/ul>","protected":false},"excerpt":{"rendered":"<p>Lampe stylo \u00e0 LED noire de 100 lm de Caterpillar\u00ae. Ce produit de qualit\u00e9 sup\u00e9rieure est fabriqu\u00e9 de mani\u00e8re experte, conform\u00e9ment aux normes strictes de l'industrie, afin d'offrir une fusion entre un design \u00e9quilibr\u00e9 et un haut niveau de qualit\u00e9 de fabrication. Fabriqu\u00e9 \u00e0 partir de mat\u00e9riaux de pointe et \u00e0 l'aide d'\u00e9quipements modernes, il garantit une fiabilit\u00e9 et une valeur durables. Ce produit se distingue par une garantie de qualit\u00e9 totale, in\u00e9gal\u00e9e.<\/p>","protected":false},"featured_media":12074,"comment_status":"open","ping_status":"closed","template":"","meta":[],"product_cat":[431,451],"product_tag":[],"class_list":{"0":"post-12072","1":"product","2":"type-product","3":"status-publish","4":"has-post-thumbnail","6":"product_cat-camping-rv-essentials","7":"product_cat-tools-equipment","8":"product_shipping_class-class-1","10":"first","11":"instock","12":"taxable","13":"shipping-taxable","14":"purchasable","15":"product-type-simple"},"yoast_head":"<!-- This site is optimized with the Yoast SEO plugin v27.4 - https:\/\/yoast.com\/product\/yoast-seo-wordpress\/ -->\n<title>CAT Lighting 100 Lumen LED Aluminum Flashlight - Ks Products<\/title>\n<meta name=\"robots\" content=\"index, follow, max-snippet:-1, max-image-preview:large, max-video-preview:-1\" \/>\n<link rel=\"canonical\" href=\"https:\/\/ksproducts.ca\/fr\/product\/cat-lighting-100-lumen-led-aluminium-flashlight\/\" \/>\n<meta property=\"og:locale\" content=\"fr_CA\" \/>\n<meta property=\"og:type\" content=\"article\" \/>\n<meta property=\"og:title\" content=\"CAT Lighting 100 Lumen LED Aluminum Flashlight - Ks Products\" \/>\n<meta property=\"og:description\" content=\"100 lm Black LED Penlight by Caterpillar\u00ae. This top-grade product is expertly made in compliance with stringent industry standards to offer a fusion of a well-balanced design and high level of craftsmanship. Manufactured from industry-leading materials using up-to-date equipment, it ensures everlasting reliability and enduring value. This product is distinguished by total quality assurance, unsurpassed by anybody else.\" \/>\n<meta property=\"og:url\" content=\"https:\/\/ksproducts.ca\/fr\/product\/cat-lighting-100-lumen-led-aluminium-flashlight\/\" \/>\n<meta property=\"og:site_name\" content=\"Ks Products\" \/>\n<meta property=\"article:modified_time\" content=\"2026-03-16T14:56:43+00:00\" \/>\n<meta property=\"og:image\" content=\"https:\/\/ksproducts.ca\/wp-content\/uploads\/2026\/03\/CAT-Lighting-100-Lumen-LED-Aluminum-Flashlight.webp\" \/>\n\t<meta property=\"og:image:width\" content=\"330\" \/>\n\t<meta property=\"og:image:height\" content=\"330\" \/>\n\t<meta property=\"og:image:type\" content=\"image\/webp\" \/>\n<meta name=\"twitter:card\" content=\"summary_large_image\" \/>\n<meta name=\"twitter:label1\" content=\"Estimation du temps de lecture\" \/>\n\t<meta name=\"twitter:data1\" content=\"1 minute\" \/>\n<script type=\"application\/ld+json\" class=\"yoast-schema-graph\">{\"@context\":\"https:\\\/\\\/schema.org\",\"@graph\":[{\"@type\":\"WebPage\",\"@id\":\"https:\\\/\\\/ksproducts.ca\\\/product\\\/cat-lighting-100-lumen-led-aluminum-flashlight\\\/\",\"url\":\"https:\\\/\\\/ksproducts.ca\\\/product\\\/cat-lighting-100-lumen-led-aluminum-flashlight\\\/\",\"name\":\"CAT Lighting 100 Lumen LED Aluminum Flashlight - Ks Products\",\"isPartOf\":{\"@id\":\"https:\\\/\\\/ksproducts.ca\\\/#website\"},\"primaryImageOfPage\":{\"@id\":\"https:\\\/\\\/ksproducts.ca\\\/product\\\/cat-lighting-100-lumen-led-aluminum-flashlight\\\/#primaryimage\"},\"image\":{\"@id\":\"https:\\\/\\\/ksproducts.ca\\\/product\\\/cat-lighting-100-lumen-led-aluminum-flashlight\\\/#primaryimage\"},\"thumbnailUrl\":\"https:\\\/\\\/ksproducts.ca\\\/wp-content\\\/uploads\\\/2026\\\/03\\\/CAT-Lighting-100-Lumen-LED-Aluminum-Flashlight.webp\",\"datePublished\":\"2026-03-10T13:11:27+00:00\",\"dateModified\":\"2026-03-16T14:56:43+00:00\",\"breadcrumb\":{\"@id\":\"https:\\\/\\\/ksproducts.ca\\\/product\\\/cat-lighting-100-lumen-led-aluminum-flashlight\\\/#breadcrumb\"},\"inLanguage\":\"fr-CA\",\"potentialAction\":[{\"@type\":\"ReadAction\",\"target\":[\"https:\\\/\\\/ksproducts.ca\\\/product\\\/cat-lighting-100-lumen-led-aluminum-flashlight\\\/\"]}]},{\"@type\":\"ImageObject\",\"inLanguage\":\"fr-CA\",\"@id\":\"https:\\\/\\\/ksproducts.ca\\\/product\\\/cat-lighting-100-lumen-led-aluminum-flashlight\\\/#primaryimage\",\"url\":\"https:\\\/\\\/ksproducts.ca\\\/wp-content\\\/uploads\\\/2026\\\/03\\\/CAT-Lighting-100-Lumen-LED-Aluminum-Flashlight.webp\",\"contentUrl\":\"https:\\\/\\\/ksproducts.ca\\\/wp-content\\\/uploads\\\/2026\\\/03\\\/CAT-Lighting-100-Lumen-LED-Aluminum-Flashlight.webp\",\"width\":330,\"height\":330,\"caption\":\"CAT Lighting 100 Lumen LED Aluminum Flashlight\"},{\"@type\":\"BreadcrumbList\",\"@id\":\"https:\\\/\\\/ksproducts.ca\\\/product\\\/cat-lighting-100-lumen-led-aluminum-flashlight\\\/#breadcrumb\",\"itemListElement\":[{\"@type\":\"ListItem\",\"position\":1,\"name\":\"Home\",\"item\":\"https:\\\/\\\/ksproducts.ca\\\/\"},{\"@type\":\"ListItem\",\"position\":2,\"name\":\"Shop\",\"item\":\"https:\\\/\\\/ksproducts.ca\\\/shop\\\/\"},{\"@type\":\"ListItem\",\"position\":3,\"name\":\"CAT Lighting 100 Lumen LED Aluminum Flashlight\"}]},{\"@type\":\"WebSite\",\"@id\":\"https:\\\/\\\/ksproducts.ca\\\/#website\",\"url\":\"https:\\\/\\\/ksproducts.ca\\\/\",\"name\":\"Ks Products\",\"description\":\"Outdoor cooking and living, made easy in Canada\",\"publisher\":{\"@id\":\"https:\\\/\\\/ksproducts.ca\\\/#organization\"},\"potentialAction\":[{\"@type\":\"SearchAction\",\"target\":{\"@type\":\"EntryPoint\",\"urlTemplate\":\"https:\\\/\\\/ksproducts.ca\\\/?s={search_term_string}\"},\"query-input\":{\"@type\":\"PropertyValueSpecification\",\"valueRequired\":true,\"valueName\":\"search_term_string\"}}],\"inLanguage\":\"fr-CA\"},{\"@type\":\"Organization\",\"@id\":\"https:\\\/\\\/ksproducts.ca\\\/#organization\",\"name\":\"Ks Products\",\"url\":\"https:\\\/\\\/ksproducts.ca\\\/\",\"logo\":{\"@type\":\"ImageObject\",\"inLanguage\":\"fr-CA\",\"@id\":\"https:\\\/\\\/ksproducts.ca\\\/#\\\/schema\\\/logo\\\/image\\\/\",\"url\":\"https:\\\/\\\/ksproducts.ca\\\/wp-content\\\/uploads\\\/2023\\\/09\\\/Kennedy-Sales-Logo-header-1.png\",\"contentUrl\":\"https:\\\/\\\/ksproducts.ca\\\/wp-content\\\/uploads\\\/2023\\\/09\\\/Kennedy-Sales-Logo-header-1.png\",\"width\":150,\"height\":77,\"caption\":\"Ks Products\"},\"image\":{\"@id\":\"https:\\\/\\\/ksproducts.ca\\\/#\\\/schema\\\/logo\\\/image\\\/\"}}]}<\/script>\n<!-- \/ Yoast SEO plugin. -->","yoast_head_json":{"title":"CAT Lighting 100 Lumen LED Aluminum Flashlight - Ks Products","robots":{"index":"index","follow":"follow","max-snippet":"max-snippet:-1","max-image-preview":"max-image-preview:large","max-video-preview":"max-video-preview:-1"},"canonical":"https:\/\/ksproducts.ca\/fr\/product\/cat-lighting-100-lumen-led-aluminium-flashlight\/","og_locale":"fr_CA","og_type":"article","og_title":"CAT Lighting 100 Lumen LED Aluminum Flashlight - Ks Products","og_description":"100 lm Black LED Penlight by Caterpillar\u00ae. This top-grade product is expertly made in compliance with stringent industry standards to offer a fusion of a well-balanced design and high level of craftsmanship. Manufactured from industry-leading materials using up-to-date equipment, it ensures everlasting reliability and enduring value. This product is distinguished by total quality assurance, unsurpassed by anybody else.","og_url":"https:\/\/ksproducts.ca\/fr\/product\/cat-lighting-100-lumen-led-aluminium-flashlight\/","og_site_name":"Ks Products","article_modified_time":"2026-03-16T14:56:43+00:00","og_image":[{"width":330,"height":330,"url":"https:\/\/ksproducts.ca\/wp-content\/uploads\/2026\/03\/CAT-Lighting-100-Lumen-LED-Aluminum-Flashlight.webp","type":"image\/webp"}],"twitter_card":"summary_large_image","twitter_misc":{"Estimation du temps de lecture":"1 minute"},"schema":{"@context":"https:\/\/schema.org","@graph":[{"@type":"WebPage","@id":"https:\/\/ksproducts.ca\/product\/cat-lighting-100-lumen-led-aluminum-flashlight\/","url":"https:\/\/ksproducts.ca\/product\/cat-lighting-100-lumen-led-aluminum-flashlight\/","name":"CAT Lighting 100 Lumen LED Aluminum Flashlight - Ks Products","isPartOf":{"@id":"https:\/\/ksproducts.ca\/#website"},"primaryImageOfPage":{"@id":"https:\/\/ksproducts.ca\/product\/cat-lighting-100-lumen-led-aluminum-flashlight\/#primaryimage"},"image":{"@id":"https:\/\/ksproducts.ca\/product\/cat-lighting-100-lumen-led-aluminum-flashlight\/#primaryimage"},"thumbnailUrl":"https:\/\/ksproducts.ca\/wp-content\/uploads\/2026\/03\/CAT-Lighting-100-Lumen-LED-Aluminum-Flashlight.webp","datePublished":"2026-03-10T13:11:27+00:00","dateModified":"2026-03-16T14:56:43+00:00","breadcrumb":{"@id":"https:\/\/ksproducts.ca\/product\/cat-lighting-100-lumen-led-aluminum-flashlight\/#breadcrumb"},"inLanguage":"fr-CA","potentialAction":[{"@type":"ReadAction","target":["https:\/\/ksproducts.ca\/product\/cat-lighting-100-lumen-led-aluminum-flashlight\/"]}]},{"@type":"ImageObject","inLanguage":"fr-CA","@id":"https:\/\/ksproducts.ca\/product\/cat-lighting-100-lumen-led-aluminum-flashlight\/#primaryimage","url":"https:\/\/ksproducts.ca\/wp-content\/uploads\/2026\/03\/CAT-Lighting-100-Lumen-LED-Aluminum-Flashlight.webp","contentUrl":"https:\/\/ksproducts.ca\/wp-content\/uploads\/2026\/03\/CAT-Lighting-100-Lumen-LED-Aluminum-Flashlight.webp","width":330,"height":330,"caption":"CAT Lighting 100 Lumen LED Aluminum Flashlight"},{"@type":"BreadcrumbList","@id":"https:\/\/ksproducts.ca\/product\/cat-lighting-100-lumen-led-aluminum-flashlight\/#breadcrumb","itemListElement":[{"@type":"ListItem","position":1,"name":"Home","item":"https:\/\/ksproducts.ca\/"},{"@type":"ListItem","position":2,"name":"Shop","item":"https:\/\/ksproducts.ca\/shop\/"},{"@type":"ListItem","position":3,"name":"CAT Lighting 100 Lumen LED Aluminum Flashlight"}]},{"@type":"WebSite","@id":"https:\/\/ksproducts.ca\/#website","url":"https:\/\/ksproducts.ca\/","name":"Produits Ks","description":"Cuisiner et vivre en plein air, c'est facile au Canada","publisher":{"@id":"https:\/\/ksproducts.ca\/#organization"},"potentialAction":[{"@type":"SearchAction","target":{"@type":"EntryPoint","urlTemplate":"https:\/\/ksproducts.ca\/?s={search_term_string}"},"query-input":{"@type":"PropertyValueSpecification","valueRequired":true,"valueName":"search_term_string"}}],"inLanguage":"fr-CA"},{"@type":"Organization","@id":"https:\/\/ksproducts.ca\/#organization","name":"Produits Ks","url":"https:\/\/ksproducts.ca\/","logo":{"@type":"ImageObject","inLanguage":"fr-CA","@id":"https:\/\/ksproducts.ca\/#\/schema\/logo\/image\/","url":"https:\/\/ksproducts.ca\/wp-content\/uploads\/2023\/09\/Kennedy-Sales-Logo-header-1.png","contentUrl":"https:\/\/ksproducts.ca\/wp-content\/uploads\/2023\/09\/Kennedy-Sales-Logo-header-1.png","width":150,"height":77,"caption":"Ks Products"},"image":{"@id":"https:\/\/ksproducts.ca\/#\/schema\/logo\/image\/"}}]}},"_links":{"self":[{"href":"https:\/\/ksproducts.ca\/fr\/wp-json\/wp\/v2\/product\/12072","targetHints":{"allow":["GET"]}}],"collection":[{"href":"https:\/\/ksproducts.ca\/fr\/wp-json\/wp\/v2\/product"}],"about":[{"href":"https:\/\/ksproducts.ca\/fr\/wp-json\/wp\/v2\/types\/product"}],"replies":[{"embeddable":true,"href":"https:\/\/ksproducts.ca\/fr\/wp-json\/wp\/v2\/comments?post=12072"}],"version-history":[{"count":1,"href":"https:\/\/ksproducts.ca\/fr\/wp-json\/wp\/v2\/product\/12072\/revisions"}],"predecessor-version":[{"id":12075,"href":"https:\/\/ksproducts.ca\/fr\/wp-json\/wp\/v2\/product\/12072\/revisions\/12075"}],"wp:featuredmedia":[{"embeddable":true,"href":"https:\/\/ksproducts.ca\/fr\/wp-json\/wp\/v2\/media\/12074"}],"wp:attachment":[{"href":"https:\/\/ksproducts.ca\/fr\/wp-json\/wp\/v2\/media?parent=12072"}],"wp:term":[{"taxonomy":"product_cat","embeddable":true,"href":"https:\/\/ksproducts.ca\/fr\/wp-json\/wp\/v2\/product_cat?post=12072"},{"taxonomy":"product_tag","embeddable":true,"href":"https:\/\/ksproducts.ca\/fr\/wp-json\/wp\/v2\/product_tag?post=12072"}],"curies":[{"name":"wp","href":"https:\/\/api.w.org\/{rel}","templated":true}]}}