{"id":12089,"date":"2026-03-10T13:41:04","date_gmt":"2026-03-10T13:41:04","guid":{"rendered":"https:\/\/ksproducts.ca\/?post_type=product&#038;p=12089"},"modified":"2026-03-16T15:00:24","modified_gmt":"2026-03-16T15:00:24","slug":"cat-lighting-lampe-de-poche-120-lumen-cree-led-focus-power","status":"publish","type":"product","link":"https:\/\/ksproducts.ca\/fr\/product\/cat-lighting-120-lumen-cree-led-focusing-power-pocket-flashlight\/","title":{"rendered":"CAT Lighting Lampe de poche \u00e0 LED CREE 120 lumens \u00e0 focalisation"},"content":{"rendered":"<ul>\n<li>LUMENS : 120<\/li>\n<li>DUR\u00c9E DE FONCTIONNEMENT : Jusqu'\u00e0 3 heures<\/li>\n<li>MAT\u00c9RIAU : Aluminium de qualit\u00e9 a\u00e9ronautique<\/li>\n<li>TYPE DE BATTERIE : 2 AA, inclus<\/li>\n<li>Distance du faisceau : 120 m\u00e8tres<\/li>\n<li>DURABILIT\u00c9 : R\u00e9sistant \u00e0 l'eau et aux chocs<\/li>\n<li>CARACT\u00c9RISTIQUES SUPPL\u00c9MENTAIRES : Faisceau focalis\u00e9, technologie LED CREE\u00ae, interrupteur \u00e0 3 positions (haut, bas, stroboscopique)<\/li>\n<li>7.0\u201d<\/li>\n<\/ul>","protected":false},"excerpt":{"rendered":"<p>Le CT2100 est dot\u00e9 d'un faisceau focalis\u00e9 par la technologie LED CREE. La mise au point r\u00e9glable permet de focaliser \u00e0 50 m\u00e8tres et \u00e0 100 m\u00e8tres. Fabriqu\u00e9e en aluminium de qualit\u00e9 a\u00e9ronautique, cette lampe de poche est durable, mais aussi l\u00e9g\u00e8re et compacte. Cette lampe de poche est livr\u00e9e avec deux piles AA qui ont une autonomie de 3 heures. Cette lampe est \u00e9quip\u00e9e d'un interrupteur \u00e0 trois positions (High 120 lumens, Low 50 lumens, Strobe).<\/p>","protected":false},"featured_media":12090,"comment_status":"open","ping_status":"closed","template":"","meta":[],"product_cat":[431,451],"product_tag":[],"class_list":{"0":"post-12089","1":"product","2":"type-product","3":"status-publish","4":"has-post-thumbnail","6":"product_cat-camping-rv-essentials","7":"product_cat-tools-equipment","8":"product_shipping_class-class-1","10":"first","11":"instock","12":"taxable","13":"shipping-taxable","14":"purchasable","15":"product-type-simple"},"yoast_head":"<!-- This site is optimized with the Yoast SEO plugin v27.4 - https:\/\/yoast.com\/product\/yoast-seo-wordpress\/ -->\n<title>CAT Lighting 120 Lumen CREE LED Focusing Power Pocket Flashlight - Ks Products<\/title>\n<meta name=\"robots\" content=\"index, follow, max-snippet:-1, max-image-preview:large, max-video-preview:-1\" \/>\n<link rel=\"canonical\" href=\"https:\/\/ksproducts.ca\/fr\/product\/cat-lighting-lampe-de-poche-120-lumen-cree-led-focus-power\/\" \/>\n<meta property=\"og:locale\" content=\"fr_CA\" \/>\n<meta property=\"og:type\" content=\"article\" \/>\n<meta property=\"og:title\" content=\"CAT Lighting 120 Lumen CREE LED Focusing Power Pocket Flashlight - Ks Products\" \/>\n<meta property=\"og:description\" content=\"The CT2100 features a focusing beam of CREE LED technology. The adjustable focus can focus in 50 meters, and out 100 meters. Made of aircraft grade aluminium this power pocket light is durable, but yet light and compact. This power pocket light includes two AA batteries that have up to a 3 hour run time. This light features a three-position switch( High 120 lumens, Low 50 lumens, Strobe\" \/>\n<meta property=\"og:url\" content=\"https:\/\/ksproducts.ca\/fr\/product\/cat-lighting-lampe-de-poche-120-lumen-cree-led-focus-power\/\" \/>\n<meta property=\"og:site_name\" content=\"Ks Products\" \/>\n<meta property=\"article:modified_time\" content=\"2026-03-16T15:00:24+00:00\" \/>\n<meta property=\"og:image\" content=\"https:\/\/ksproducts.ca\/wp-content\/uploads\/2026\/03\/CAT-Lighting-120-Lumen-CREE-LED-Focusing-Power-Pocket-Flashlight.webp\" \/>\n\t<meta property=\"og:image:width\" content=\"700\" \/>\n\t<meta property=\"og:image:height\" content=\"700\" \/>\n\t<meta property=\"og:image:type\" content=\"image\/webp\" \/>\n<meta name=\"twitter:card\" content=\"summary_large_image\" \/>\n<meta name=\"twitter:label1\" content=\"Estimation du temps de lecture\" \/>\n\t<meta name=\"twitter:data1\" content=\"1 minute\" \/>\n<script type=\"application\/ld+json\" class=\"yoast-schema-graph\">{\"@context\":\"https:\\\/\\\/schema.org\",\"@graph\":[{\"@type\":\"WebPage\",\"@id\":\"https:\\\/\\\/ksproducts.ca\\\/product\\\/cat-lighting-120-lumen-cree-led-focusing-power-pocket-flashlight\\\/\",\"url\":\"https:\\\/\\\/ksproducts.ca\\\/product\\\/cat-lighting-120-lumen-cree-led-focusing-power-pocket-flashlight\\\/\",\"name\":\"CAT Lighting 120 Lumen CREE LED Focusing Power Pocket Flashlight - Ks Products\",\"isPartOf\":{\"@id\":\"https:\\\/\\\/ksproducts.ca\\\/#website\"},\"primaryImageOfPage\":{\"@id\":\"https:\\\/\\\/ksproducts.ca\\\/product\\\/cat-lighting-120-lumen-cree-led-focusing-power-pocket-flashlight\\\/#primaryimage\"},\"image\":{\"@id\":\"https:\\\/\\\/ksproducts.ca\\\/product\\\/cat-lighting-120-lumen-cree-led-focusing-power-pocket-flashlight\\\/#primaryimage\"},\"thumbnailUrl\":\"https:\\\/\\\/ksproducts.ca\\\/wp-content\\\/uploads\\\/2026\\\/03\\\/CAT-Lighting-120-Lumen-CREE-LED-Focusing-Power-Pocket-Flashlight.webp\",\"datePublished\":\"2026-03-10T13:41:04+00:00\",\"dateModified\":\"2026-03-16T15:00:24+00:00\",\"breadcrumb\":{\"@id\":\"https:\\\/\\\/ksproducts.ca\\\/product\\\/cat-lighting-120-lumen-cree-led-focusing-power-pocket-flashlight\\\/#breadcrumb\"},\"inLanguage\":\"fr-CA\",\"potentialAction\":[{\"@type\":\"ReadAction\",\"target\":[\"https:\\\/\\\/ksproducts.ca\\\/product\\\/cat-lighting-120-lumen-cree-led-focusing-power-pocket-flashlight\\\/\"]}]},{\"@type\":\"ImageObject\",\"inLanguage\":\"fr-CA\",\"@id\":\"https:\\\/\\\/ksproducts.ca\\\/product\\\/cat-lighting-120-lumen-cree-led-focusing-power-pocket-flashlight\\\/#primaryimage\",\"url\":\"https:\\\/\\\/ksproducts.ca\\\/wp-content\\\/uploads\\\/2026\\\/03\\\/CAT-Lighting-120-Lumen-CREE-LED-Focusing-Power-Pocket-Flashlight.webp\",\"contentUrl\":\"https:\\\/\\\/ksproducts.ca\\\/wp-content\\\/uploads\\\/2026\\\/03\\\/CAT-Lighting-120-Lumen-CREE-LED-Focusing-Power-Pocket-Flashlight.webp\",\"width\":700,\"height\":700,\"caption\":\"CAT Lighting 120 Lumen CREE LED Focusing Power Pocket Flashlight\"},{\"@type\":\"BreadcrumbList\",\"@id\":\"https:\\\/\\\/ksproducts.ca\\\/product\\\/cat-lighting-120-lumen-cree-led-focusing-power-pocket-flashlight\\\/#breadcrumb\",\"itemListElement\":[{\"@type\":\"ListItem\",\"position\":1,\"name\":\"Home\",\"item\":\"https:\\\/\\\/ksproducts.ca\\\/\"},{\"@type\":\"ListItem\",\"position\":2,\"name\":\"Shop\",\"item\":\"https:\\\/\\\/ksproducts.ca\\\/shop\\\/\"},{\"@type\":\"ListItem\",\"position\":3,\"name\":\"CAT Lighting 120 Lumen CREE LED Focusing Power Pocket Flashlight\"}]},{\"@type\":\"WebSite\",\"@id\":\"https:\\\/\\\/ksproducts.ca\\\/#website\",\"url\":\"https:\\\/\\\/ksproducts.ca\\\/\",\"name\":\"Ks Products\",\"description\":\"Outdoor cooking and living, made easy in Canada\",\"publisher\":{\"@id\":\"https:\\\/\\\/ksproducts.ca\\\/#organization\"},\"potentialAction\":[{\"@type\":\"SearchAction\",\"target\":{\"@type\":\"EntryPoint\",\"urlTemplate\":\"https:\\\/\\\/ksproducts.ca\\\/?s={search_term_string}\"},\"query-input\":{\"@type\":\"PropertyValueSpecification\",\"valueRequired\":true,\"valueName\":\"search_term_string\"}}],\"inLanguage\":\"fr-CA\"},{\"@type\":\"Organization\",\"@id\":\"https:\\\/\\\/ksproducts.ca\\\/#organization\",\"name\":\"Ks Products\",\"url\":\"https:\\\/\\\/ksproducts.ca\\\/\",\"logo\":{\"@type\":\"ImageObject\",\"inLanguage\":\"fr-CA\",\"@id\":\"https:\\\/\\\/ksproducts.ca\\\/#\\\/schema\\\/logo\\\/image\\\/\",\"url\":\"https:\\\/\\\/ksproducts.ca\\\/wp-content\\\/uploads\\\/2023\\\/09\\\/Kennedy-Sales-Logo-header-1.png\",\"contentUrl\":\"https:\\\/\\\/ksproducts.ca\\\/wp-content\\\/uploads\\\/2023\\\/09\\\/Kennedy-Sales-Logo-header-1.png\",\"width\":150,\"height\":77,\"caption\":\"Ks Products\"},\"image\":{\"@id\":\"https:\\\/\\\/ksproducts.ca\\\/#\\\/schema\\\/logo\\\/image\\\/\"}}]}<\/script>\n<!-- \/ Yoast SEO plugin. -->","yoast_head_json":{"title":"CAT Lighting 120 Lumen CREE LED Focusing Power Pocket Flashlight - Ks Products","robots":{"index":"index","follow":"follow","max-snippet":"max-snippet:-1","max-image-preview":"max-image-preview:large","max-video-preview":"max-video-preview:-1"},"canonical":"https:\/\/ksproducts.ca\/fr\/product\/cat-lighting-lampe-de-poche-120-lumen-cree-led-focus-power\/","og_locale":"fr_CA","og_type":"article","og_title":"CAT Lighting 120 Lumen CREE LED Focusing Power Pocket Flashlight - Ks Products","og_description":"The CT2100 features a focusing beam of CREE LED technology. The adjustable focus can focus in 50 meters, and out 100 meters. Made of aircraft grade aluminium this power pocket light is durable, but yet light and compact. This power pocket light includes two AA batteries that have up to a 3 hour run time. This light features a three-position switch( High 120 lumens, Low 50 lumens, Strobe","og_url":"https:\/\/ksproducts.ca\/fr\/product\/cat-lighting-lampe-de-poche-120-lumen-cree-led-focus-power\/","og_site_name":"Ks Products","article_modified_time":"2026-03-16T15:00:24+00:00","og_image":[{"width":700,"height":700,"url":"https:\/\/ksproducts.ca\/wp-content\/uploads\/2026\/03\/CAT-Lighting-120-Lumen-CREE-LED-Focusing-Power-Pocket-Flashlight.webp","type":"image\/webp"}],"twitter_card":"summary_large_image","twitter_misc":{"Estimation du temps de lecture":"1 minute"},"schema":{"@context":"https:\/\/schema.org","@graph":[{"@type":"WebPage","@id":"https:\/\/ksproducts.ca\/product\/cat-lighting-120-lumen-cree-led-focusing-power-pocket-flashlight\/","url":"https:\/\/ksproducts.ca\/product\/cat-lighting-120-lumen-cree-led-focusing-power-pocket-flashlight\/","name":"CAT Lighting 120 Lumen CREE LED Focusing Power Pocket Flashlight - Ks Products","isPartOf":{"@id":"https:\/\/ksproducts.ca\/#website"},"primaryImageOfPage":{"@id":"https:\/\/ksproducts.ca\/product\/cat-lighting-120-lumen-cree-led-focusing-power-pocket-flashlight\/#primaryimage"},"image":{"@id":"https:\/\/ksproducts.ca\/product\/cat-lighting-120-lumen-cree-led-focusing-power-pocket-flashlight\/#primaryimage"},"thumbnailUrl":"https:\/\/ksproducts.ca\/wp-content\/uploads\/2026\/03\/CAT-Lighting-120-Lumen-CREE-LED-Focusing-Power-Pocket-Flashlight.webp","datePublished":"2026-03-10T13:41:04+00:00","dateModified":"2026-03-16T15:00:24+00:00","breadcrumb":{"@id":"https:\/\/ksproducts.ca\/product\/cat-lighting-120-lumen-cree-led-focusing-power-pocket-flashlight\/#breadcrumb"},"inLanguage":"fr-CA","potentialAction":[{"@type":"ReadAction","target":["https:\/\/ksproducts.ca\/product\/cat-lighting-120-lumen-cree-led-focusing-power-pocket-flashlight\/"]}]},{"@type":"ImageObject","inLanguage":"fr-CA","@id":"https:\/\/ksproducts.ca\/product\/cat-lighting-120-lumen-cree-led-focusing-power-pocket-flashlight\/#primaryimage","url":"https:\/\/ksproducts.ca\/wp-content\/uploads\/2026\/03\/CAT-Lighting-120-Lumen-CREE-LED-Focusing-Power-Pocket-Flashlight.webp","contentUrl":"https:\/\/ksproducts.ca\/wp-content\/uploads\/2026\/03\/CAT-Lighting-120-Lumen-CREE-LED-Focusing-Power-Pocket-Flashlight.webp","width":700,"height":700,"caption":"CAT Lighting 120 Lumen CREE LED Focusing Power Pocket Flashlight"},{"@type":"BreadcrumbList","@id":"https:\/\/ksproducts.ca\/product\/cat-lighting-120-lumen-cree-led-focusing-power-pocket-flashlight\/#breadcrumb","itemListElement":[{"@type":"ListItem","position":1,"name":"Home","item":"https:\/\/ksproducts.ca\/"},{"@type":"ListItem","position":2,"name":"Shop","item":"https:\/\/ksproducts.ca\/shop\/"},{"@type":"ListItem","position":3,"name":"CAT Lighting 120 Lumen CREE LED Focusing Power Pocket Flashlight"}]},{"@type":"WebSite","@id":"https:\/\/ksproducts.ca\/#website","url":"https:\/\/ksproducts.ca\/","name":"Produits Ks","description":"Cuisiner et vivre en plein air, c'est facile au Canada","publisher":{"@id":"https:\/\/ksproducts.ca\/#organization"},"potentialAction":[{"@type":"SearchAction","target":{"@type":"EntryPoint","urlTemplate":"https:\/\/ksproducts.ca\/?s={search_term_string}"},"query-input":{"@type":"PropertyValueSpecification","valueRequired":true,"valueName":"search_term_string"}}],"inLanguage":"fr-CA"},{"@type":"Organization","@id":"https:\/\/ksproducts.ca\/#organization","name":"Produits Ks","url":"https:\/\/ksproducts.ca\/","logo":{"@type":"ImageObject","inLanguage":"fr-CA","@id":"https:\/\/ksproducts.ca\/#\/schema\/logo\/image\/","url":"https:\/\/ksproducts.ca\/wp-content\/uploads\/2023\/09\/Kennedy-Sales-Logo-header-1.png","contentUrl":"https:\/\/ksproducts.ca\/wp-content\/uploads\/2023\/09\/Kennedy-Sales-Logo-header-1.png","width":150,"height":77,"caption":"Ks Products"},"image":{"@id":"https:\/\/ksproducts.ca\/#\/schema\/logo\/image\/"}}]}},"_links":{"self":[{"href":"https:\/\/ksproducts.ca\/fr\/wp-json\/wp\/v2\/product\/12089","targetHints":{"allow":["GET"]}}],"collection":[{"href":"https:\/\/ksproducts.ca\/fr\/wp-json\/wp\/v2\/product"}],"about":[{"href":"https:\/\/ksproducts.ca\/fr\/wp-json\/wp\/v2\/types\/product"}],"replies":[{"embeddable":true,"href":"https:\/\/ksproducts.ca\/fr\/wp-json\/wp\/v2\/comments?post=12089"}],"version-history":[{"count":1,"href":"https:\/\/ksproducts.ca\/fr\/wp-json\/wp\/v2\/product\/12089\/revisions"}],"predecessor-version":[{"id":12091,"href":"https:\/\/ksproducts.ca\/fr\/wp-json\/wp\/v2\/product\/12089\/revisions\/12091"}],"wp:featuredmedia":[{"embeddable":true,"href":"https:\/\/ksproducts.ca\/fr\/wp-json\/wp\/v2\/media\/12090"}],"wp:attachment":[{"href":"https:\/\/ksproducts.ca\/fr\/wp-json\/wp\/v2\/media?parent=12089"}],"wp:term":[{"taxonomy":"product_cat","embeddable":true,"href":"https:\/\/ksproducts.ca\/fr\/wp-json\/wp\/v2\/product_cat?post=12089"},{"taxonomy":"product_tag","embeddable":true,"href":"https:\/\/ksproducts.ca\/fr\/wp-json\/wp\/v2\/product_tag?post=12089"}],"curies":[{"name":"wp","href":"https:\/\/api.w.org\/{rel}","templated":true}]}}