{"id":12092,"date":"2026-03-10T13:43:53","date_gmt":"2026-03-10T13:43:53","guid":{"rendered":"https:\/\/ksproducts.ca\/?post_type=product&#038;p=12092"},"modified":"2026-03-10T13:43:54","modified_gmt":"2026-03-10T13:43:54","slug":"cat-lighting-120-lumen-led-focusing-power-rechargeable-flashlight","status":"publish","type":"product","link":"https:\/\/ksproducts.ca\/fr\/product\/cat-lighting-120-lumen-led-focusing-power-rechargeable-flashlight\/","title":{"rendered":"CAT Lighting Lampe de poche rechargeable \u00e0 LED de 120 lumens"},"content":{"rendered":"<ul>\n<li>LUMENS: Low: 50 | High: 120<\/li>\n<li>RUN TIME: Up to 6 Hrs<\/li>\n<li>MATERIAL: Aircraft Grade Aluminum<\/li>\n<li>TYPE DE BATTERIE : Rechargeable<\/li>\n<li>BEAM DISTANCE: 50-120 Meters<\/li>\n<li>DURABILIT\u00c9 : R\u00e9sistant \u00e0 l'eau et aux chocs<\/li>\n<li>RECHARGE TIME: 1.5 hrs<\/li>\n<li>EXTRA FEATURES: Focusing Beam, 3 position switch (High, Low, Strobe)<\/li>\n<li>7.0&#8243; H x 1.25&#8243; W x 1.25&#8243; D<\/li>\n<\/ul>","protected":false},"excerpt":{"rendered":"<p>Il s'agit de la version rechargeable de la lampe de poche Focusing Power (CT2100). Fabriqu\u00e9e en aluminium durable de qualit\u00e9 a\u00e9ronautique, cette lampe est \u00e9quip\u00e9e d'un interrupteur \u00e0 trois positions qui permet un contr\u00f4le complet du faisceau.<\/p>","protected":false},"featured_media":12093,"comment_status":"open","ping_status":"closed","template":"","meta":[],"product_cat":[431,451],"product_tag":[],"class_list":{"0":"post-12092","1":"product","2":"type-product","3":"status-publish","4":"has-post-thumbnail","6":"product_cat-camping-rv-essentials","7":"product_cat-tools-equipment","8":"product_shipping_class-class-1","10":"first","11":"instock","12":"taxable","13":"shipping-taxable","14":"purchasable","15":"product-type-simple"},"yoast_head":"<!-- This site is optimized with the Yoast SEO plugin v27.3 - https:\/\/yoast.com\/product\/yoast-seo-wordpress\/ -->\n<title>CAT Lighting 120 Lumen LED Focusing Power Rechargeable Flashlight - Ks Products<\/title>\n<meta name=\"robots\" content=\"index, follow, max-snippet:-1, max-image-preview:large, max-video-preview:-1\" \/>\n<link rel=\"canonical\" href=\"https:\/\/ksproducts.ca\/fr\/product\/cat-lighting-120-lumen-led-focusing-power-rechargeable-flashlight\/\" \/>\n<meta property=\"og:locale\" content=\"fr_CA\" \/>\n<meta property=\"og:type\" content=\"article\" \/>\n<meta property=\"og:title\" content=\"CAT Lighting 120 Lumen LED Focusing Power Rechargeable Flashlight - Ks Products\" \/>\n<meta property=\"og:description\" content=\"This is the rechargeable version of the Focusing Power Pocket Light (CT2100). Made of durable aircraft-grade aluminum, this light features a three-position switch which allows complete control of the beam.\" \/>\n<meta property=\"og:url\" content=\"https:\/\/ksproducts.ca\/fr\/product\/cat-lighting-120-lumen-led-focusing-power-rechargeable-flashlight\/\" \/>\n<meta property=\"og:site_name\" content=\"Ks Products\" \/>\n<meta property=\"article:modified_time\" content=\"2026-03-10T13:43:54+00:00\" \/>\n<meta property=\"og:image\" content=\"https:\/\/ksproducts.ca\/wp-content\/uploads\/2026\/03\/CAT-Lighting-120-Lumen-LED-Focusing-Power-Rechargeable-Flashlight.jpg\" \/>\n\t<meta property=\"og:image:width\" content=\"550\" \/>\n\t<meta property=\"og:image:height\" content=\"550\" \/>\n\t<meta property=\"og:image:type\" content=\"image\/jpeg\" \/>\n<meta name=\"twitter:card\" content=\"summary_large_image\" \/>\n<meta name=\"twitter:label1\" content=\"Estimation du temps de lecture\" \/>\n\t<meta name=\"twitter:data1\" content=\"1 minute\" \/>\n<script type=\"application\/ld+json\" class=\"yoast-schema-graph\">{\"@context\":\"https:\\\/\\\/schema.org\",\"@graph\":[{\"@type\":\"WebPage\",\"@id\":\"https:\\\/\\\/ksproducts.ca\\\/product\\\/cat-lighting-120-lumen-led-focusing-power-rechargeable-flashlight\\\/\",\"url\":\"https:\\\/\\\/ksproducts.ca\\\/product\\\/cat-lighting-120-lumen-led-focusing-power-rechargeable-flashlight\\\/\",\"name\":\"CAT Lighting 120 Lumen LED Focusing Power Rechargeable Flashlight - Ks Products\",\"isPartOf\":{\"@id\":\"https:\\\/\\\/ksproducts.ca\\\/#website\"},\"primaryImageOfPage\":{\"@id\":\"https:\\\/\\\/ksproducts.ca\\\/product\\\/cat-lighting-120-lumen-led-focusing-power-rechargeable-flashlight\\\/#primaryimage\"},\"image\":{\"@id\":\"https:\\\/\\\/ksproducts.ca\\\/product\\\/cat-lighting-120-lumen-led-focusing-power-rechargeable-flashlight\\\/#primaryimage\"},\"thumbnailUrl\":\"https:\\\/\\\/ksproducts.ca\\\/wp-content\\\/uploads\\\/2026\\\/03\\\/CAT-Lighting-120-Lumen-LED-Focusing-Power-Rechargeable-Flashlight.jpg\",\"datePublished\":\"2026-03-10T13:43:53+00:00\",\"dateModified\":\"2026-03-10T13:43:54+00:00\",\"breadcrumb\":{\"@id\":\"https:\\\/\\\/ksproducts.ca\\\/product\\\/cat-lighting-120-lumen-led-focusing-power-rechargeable-flashlight\\\/#breadcrumb\"},\"inLanguage\":\"fr-CA\",\"potentialAction\":[{\"@type\":\"ReadAction\",\"target\":[\"https:\\\/\\\/ksproducts.ca\\\/product\\\/cat-lighting-120-lumen-led-focusing-power-rechargeable-flashlight\\\/\"]}]},{\"@type\":\"ImageObject\",\"inLanguage\":\"fr-CA\",\"@id\":\"https:\\\/\\\/ksproducts.ca\\\/product\\\/cat-lighting-120-lumen-led-focusing-power-rechargeable-flashlight\\\/#primaryimage\",\"url\":\"https:\\\/\\\/ksproducts.ca\\\/wp-content\\\/uploads\\\/2026\\\/03\\\/CAT-Lighting-120-Lumen-LED-Focusing-Power-Rechargeable-Flashlight.jpg\",\"contentUrl\":\"https:\\\/\\\/ksproducts.ca\\\/wp-content\\\/uploads\\\/2026\\\/03\\\/CAT-Lighting-120-Lumen-LED-Focusing-Power-Rechargeable-Flashlight.jpg\",\"width\":550,\"height\":550,\"caption\":\"CAT Lighting 120 Lumen LED Focusing Power Rechargeable Flashlight\"},{\"@type\":\"BreadcrumbList\",\"@id\":\"https:\\\/\\\/ksproducts.ca\\\/product\\\/cat-lighting-120-lumen-led-focusing-power-rechargeable-flashlight\\\/#breadcrumb\",\"itemListElement\":[{\"@type\":\"ListItem\",\"position\":1,\"name\":\"Home\",\"item\":\"https:\\\/\\\/ksproducts.ca\\\/\"},{\"@type\":\"ListItem\",\"position\":2,\"name\":\"Shop\",\"item\":\"https:\\\/\\\/ksproducts.ca\\\/shop\\\/\"},{\"@type\":\"ListItem\",\"position\":3,\"name\":\"CAT Lighting 120 Lumen LED Focusing Power Rechargeable Flashlight\"}]},{\"@type\":\"WebSite\",\"@id\":\"https:\\\/\\\/ksproducts.ca\\\/#website\",\"url\":\"https:\\\/\\\/ksproducts.ca\\\/\",\"name\":\"Ks Products\",\"description\":\"Outdoor cooking and living, made easy in Canada\",\"publisher\":{\"@id\":\"https:\\\/\\\/ksproducts.ca\\\/#organization\"},\"potentialAction\":[{\"@type\":\"SearchAction\",\"target\":{\"@type\":\"EntryPoint\",\"urlTemplate\":\"https:\\\/\\\/ksproducts.ca\\\/?s={search_term_string}\"},\"query-input\":{\"@type\":\"PropertyValueSpecification\",\"valueRequired\":true,\"valueName\":\"search_term_string\"}}],\"inLanguage\":\"fr-CA\"},{\"@type\":\"Organization\",\"@id\":\"https:\\\/\\\/ksproducts.ca\\\/#organization\",\"name\":\"Ks Products\",\"url\":\"https:\\\/\\\/ksproducts.ca\\\/\",\"logo\":{\"@type\":\"ImageObject\",\"inLanguage\":\"fr-CA\",\"@id\":\"https:\\\/\\\/ksproducts.ca\\\/#\\\/schema\\\/logo\\\/image\\\/\",\"url\":\"https:\\\/\\\/ksproducts.ca\\\/wp-content\\\/uploads\\\/2023\\\/09\\\/Kennedy-Sales-Logo-header-1.png\",\"contentUrl\":\"https:\\\/\\\/ksproducts.ca\\\/wp-content\\\/uploads\\\/2023\\\/09\\\/Kennedy-Sales-Logo-header-1.png\",\"width\":150,\"height\":77,\"caption\":\"Ks Products\"},\"image\":{\"@id\":\"https:\\\/\\\/ksproducts.ca\\\/#\\\/schema\\\/logo\\\/image\\\/\"}}]}<\/script>\n<!-- \/ Yoast SEO plugin. -->","yoast_head_json":{"title":"CAT Lighting 120 Lumen LED Focusing Power Rechargeable Flashlight - Ks Products","robots":{"index":"index","follow":"follow","max-snippet":"max-snippet:-1","max-image-preview":"max-image-preview:large","max-video-preview":"max-video-preview:-1"},"canonical":"https:\/\/ksproducts.ca\/fr\/product\/cat-lighting-120-lumen-led-focusing-power-rechargeable-flashlight\/","og_locale":"fr_CA","og_type":"article","og_title":"CAT Lighting 120 Lumen LED Focusing Power Rechargeable Flashlight - Ks Products","og_description":"This is the rechargeable version of the Focusing Power Pocket Light (CT2100). Made of durable aircraft-grade aluminum, this light features a three-position switch which allows complete control of the beam.","og_url":"https:\/\/ksproducts.ca\/fr\/product\/cat-lighting-120-lumen-led-focusing-power-rechargeable-flashlight\/","og_site_name":"Ks Products","article_modified_time":"2026-03-10T13:43:54+00:00","og_image":[{"width":550,"height":550,"url":"https:\/\/ksproducts.ca\/wp-content\/uploads\/2026\/03\/CAT-Lighting-120-Lumen-LED-Focusing-Power-Rechargeable-Flashlight.jpg","type":"image\/jpeg"}],"twitter_card":"summary_large_image","twitter_misc":{"Estimation du temps de lecture":"1 minute"},"schema":{"@context":"https:\/\/schema.org","@graph":[{"@type":"WebPage","@id":"https:\/\/ksproducts.ca\/product\/cat-lighting-120-lumen-led-focusing-power-rechargeable-flashlight\/","url":"https:\/\/ksproducts.ca\/product\/cat-lighting-120-lumen-led-focusing-power-rechargeable-flashlight\/","name":"CAT Lighting 120 Lumen LED Focusing Power Rechargeable Flashlight - Ks Products","isPartOf":{"@id":"https:\/\/ksproducts.ca\/#website"},"primaryImageOfPage":{"@id":"https:\/\/ksproducts.ca\/product\/cat-lighting-120-lumen-led-focusing-power-rechargeable-flashlight\/#primaryimage"},"image":{"@id":"https:\/\/ksproducts.ca\/product\/cat-lighting-120-lumen-led-focusing-power-rechargeable-flashlight\/#primaryimage"},"thumbnailUrl":"https:\/\/ksproducts.ca\/wp-content\/uploads\/2026\/03\/CAT-Lighting-120-Lumen-LED-Focusing-Power-Rechargeable-Flashlight.jpg","datePublished":"2026-03-10T13:43:53+00:00","dateModified":"2026-03-10T13:43:54+00:00","breadcrumb":{"@id":"https:\/\/ksproducts.ca\/product\/cat-lighting-120-lumen-led-focusing-power-rechargeable-flashlight\/#breadcrumb"},"inLanguage":"fr-CA","potentialAction":[{"@type":"ReadAction","target":["https:\/\/ksproducts.ca\/product\/cat-lighting-120-lumen-led-focusing-power-rechargeable-flashlight\/"]}]},{"@type":"ImageObject","inLanguage":"fr-CA","@id":"https:\/\/ksproducts.ca\/product\/cat-lighting-120-lumen-led-focusing-power-rechargeable-flashlight\/#primaryimage","url":"https:\/\/ksproducts.ca\/wp-content\/uploads\/2026\/03\/CAT-Lighting-120-Lumen-LED-Focusing-Power-Rechargeable-Flashlight.jpg","contentUrl":"https:\/\/ksproducts.ca\/wp-content\/uploads\/2026\/03\/CAT-Lighting-120-Lumen-LED-Focusing-Power-Rechargeable-Flashlight.jpg","width":550,"height":550,"caption":"CAT Lighting 120 Lumen LED Focusing Power Rechargeable Flashlight"},{"@type":"BreadcrumbList","@id":"https:\/\/ksproducts.ca\/product\/cat-lighting-120-lumen-led-focusing-power-rechargeable-flashlight\/#breadcrumb","itemListElement":[{"@type":"ListItem","position":1,"name":"Home","item":"https:\/\/ksproducts.ca\/"},{"@type":"ListItem","position":2,"name":"Shop","item":"https:\/\/ksproducts.ca\/shop\/"},{"@type":"ListItem","position":3,"name":"CAT Lighting 120 Lumen LED Focusing Power Rechargeable Flashlight"}]},{"@type":"WebSite","@id":"https:\/\/ksproducts.ca\/#website","url":"https:\/\/ksproducts.ca\/","name":"Produits Ks","description":"Cuisiner et vivre en plein air, c'est facile au Canada","publisher":{"@id":"https:\/\/ksproducts.ca\/#organization"},"potentialAction":[{"@type":"SearchAction","target":{"@type":"EntryPoint","urlTemplate":"https:\/\/ksproducts.ca\/?s={search_term_string}"},"query-input":{"@type":"PropertyValueSpecification","valueRequired":true,"valueName":"search_term_string"}}],"inLanguage":"fr-CA"},{"@type":"Organization","@id":"https:\/\/ksproducts.ca\/#organization","name":"Produits Ks","url":"https:\/\/ksproducts.ca\/","logo":{"@type":"ImageObject","inLanguage":"fr-CA","@id":"https:\/\/ksproducts.ca\/#\/schema\/logo\/image\/","url":"https:\/\/ksproducts.ca\/wp-content\/uploads\/2023\/09\/Kennedy-Sales-Logo-header-1.png","contentUrl":"https:\/\/ksproducts.ca\/wp-content\/uploads\/2023\/09\/Kennedy-Sales-Logo-header-1.png","width":150,"height":77,"caption":"Ks Products"},"image":{"@id":"https:\/\/ksproducts.ca\/#\/schema\/logo\/image\/"}}]}},"_links":{"self":[{"href":"https:\/\/ksproducts.ca\/fr\/wp-json\/wp\/v2\/product\/12092","targetHints":{"allow":["GET"]}}],"collection":[{"href":"https:\/\/ksproducts.ca\/fr\/wp-json\/wp\/v2\/product"}],"about":[{"href":"https:\/\/ksproducts.ca\/fr\/wp-json\/wp\/v2\/types\/product"}],"replies":[{"embeddable":true,"href":"https:\/\/ksproducts.ca\/fr\/wp-json\/wp\/v2\/comments?post=12092"}],"version-history":[{"count":1,"href":"https:\/\/ksproducts.ca\/fr\/wp-json\/wp\/v2\/product\/12092\/revisions"}],"predecessor-version":[{"id":12094,"href":"https:\/\/ksproducts.ca\/fr\/wp-json\/wp\/v2\/product\/12092\/revisions\/12094"}],"wp:featuredmedia":[{"embeddable":true,"href":"https:\/\/ksproducts.ca\/fr\/wp-json\/wp\/v2\/media\/12093"}],"wp:attachment":[{"href":"https:\/\/ksproducts.ca\/fr\/wp-json\/wp\/v2\/media?parent=12092"}],"wp:term":[{"taxonomy":"product_cat","embeddable":true,"href":"https:\/\/ksproducts.ca\/fr\/wp-json\/wp\/v2\/product_cat?post=12092"},{"taxonomy":"product_tag","embeddable":true,"href":"https:\/\/ksproducts.ca\/fr\/wp-json\/wp\/v2\/product_tag?post=12092"}],"curies":[{"name":"wp","href":"https:\/\/api.w.org\/{rel}","templated":true}]}}