{"id":12095,"date":"2026-03-10T13:47:04","date_gmt":"2026-03-10T13:47:04","guid":{"rendered":"https:\/\/ksproducts.ca\/?post_type=product&#038;p=12095"},"modified":"2026-03-10T13:47:04","modified_gmt":"2026-03-10T13:47:04","slug":"lampe-stylo-led-100-lumens-pour-chat","status":"publish","type":"product","link":"https:\/\/ksproducts.ca\/fr\/product\/cat-lighting-100-lumen-led-pocket-pen-light\/","title":{"rendered":"CAT Lighting 100 Lumen LED Pocket Pen Light"},"content":{"rendered":"<ul class=\"a-unordered-list a-vertical a-spacing-mini\">\n<li class=\"a-spacing-mini\"><span class=\"a-list-item\">SUPER LUMINEUX | Cette lampe tactique de poche pour stylo pour chat est \u00e9quip\u00e9e de la nouvelle technologie micro COB LED qui permet un design compact mais une sortie extr\u00eamement lumineuse.<\/span><\/li>\n<li class=\"a-spacing-mini\"><span class=\"a-list-item\">ROBUSTE ET TEST\u00c9 | Ce corps enti\u00e8rement m\u00e9tallique avec un bouton en caoutchouc \u00e9tanche est con\u00e7u pour \u00eatre utilis\u00e9. Il est construit pour r\u00e9sister aux \u00e9l\u00e9ments et aux chutes les plus difficiles.<\/span><\/li>\n<li class=\"a-spacing-mini\"><span class=\"a-list-item\">COMPACT ET L\u00c9GER | L\u00e9ger et portable, la lampe de poche EDC de la taille d'un stylo vous offre la libert\u00e9 et la flexibilit\u00e9 de toujours avoir cette lumi\u00e8re sur vous, dans votre voiture, ou l\u00e0 o\u00f9 vous en avez besoin.<\/span><\/li>\n<li class=\"a-spacing-mini\"><span class=\"a-list-item\">INTERRUPTEUR MARCHE\/ARR\u00caT FACILE ET CLIP DE POCHE | La mini lampe de poche tascabile \u00e0 LED est livr\u00e9e avec un clip de poche et un bouton d'interrupteur robuste pour une utilisation sans effort d'une seule main.<\/span><\/li>\n<li class=\"a-spacing-mini\"><span class=\"a-list-item\">Id\u00e9al pour | M\u00e9caniciens, infirmi\u00e8res, m\u00e9decins, construction, plombiers, CVC, policiers, pompiers et sports de plein air. Fonctionne avec 2 piles \u201cAA\u201d incluses !<\/span><\/li>\n<\/ul>","protected":false},"excerpt":{"rendered":"<p>CAT CT2210 Bright Rugged Tactical Pocket Pen Light, Gun Metal, Id\u00e9al pour les m\u00e9caniciens, les infirmi\u00e8res, les m\u00e9decins, les HVAC, les plombiers, les \u00e9lectriciens et \u00e0 l'ext\u00e9rieur.<\/p>","protected":false},"featured_media":12096,"comment_status":"open","ping_status":"closed","template":"","meta":[],"product_cat":[431,451],"product_tag":[],"class_list":{"0":"post-12095","1":"product","2":"type-product","3":"status-publish","4":"has-post-thumbnail","6":"product_cat-camping-rv-essentials","7":"product_cat-tools-equipment","8":"product_shipping_class-class-1","10":"first","11":"instock","12":"taxable","13":"shipping-taxable","14":"purchasable","15":"product-type-simple"},"yoast_head":"<!-- This site is optimized with the Yoast SEO plugin v27.4 - https:\/\/yoast.com\/product\/yoast-seo-wordpress\/ -->\n<title>CAT Lighting 100 Lumen LED Pocket Pen Light - Ks Products<\/title>\n<meta name=\"robots\" content=\"index, follow, max-snippet:-1, max-image-preview:large, max-video-preview:-1\" \/>\n<link rel=\"canonical\" href=\"https:\/\/ksproducts.ca\/fr\/product\/lampe-stylo-led-100-lumens-pour-chat\/\" \/>\n<meta property=\"og:locale\" content=\"fr_CA\" \/>\n<meta property=\"og:type\" content=\"article\" \/>\n<meta property=\"og:title\" content=\"CAT Lighting 100 Lumen LED Pocket Pen Light - Ks Products\" \/>\n<meta property=\"og:description\" content=\"CAT CT2210 Bright Rugged Tactical Pocket Pen Light, Gun Metal, Great for mechanics, nurses, doctors, HVAC, Plumbers, Electricians and outdoors.\" \/>\n<meta property=\"og:url\" content=\"https:\/\/ksproducts.ca\/fr\/product\/lampe-stylo-led-100-lumens-pour-chat\/\" \/>\n<meta property=\"og:site_name\" content=\"Ks Products\" \/>\n<meta property=\"og:image\" content=\"https:\/\/ksproducts.ca\/wp-content\/uploads\/2026\/03\/CAT-Lighting-100-Lumen-LED-Pocket-Pen-Light.jpg\" \/>\n\t<meta property=\"og:image:width\" content=\"679\" \/>\n\t<meta property=\"og:image:height\" content=\"301\" \/>\n\t<meta property=\"og:image:type\" content=\"image\/jpeg\" \/>\n<meta name=\"twitter:card\" content=\"summary_large_image\" \/>\n<meta name=\"twitter:label1\" content=\"Estimation du temps de lecture\" \/>\n\t<meta name=\"twitter:data1\" content=\"1 minute\" \/>\n<script type=\"application\/ld+json\" class=\"yoast-schema-graph\">{\"@context\":\"https:\\\/\\\/schema.org\",\"@graph\":[{\"@type\":\"WebPage\",\"@id\":\"https:\\\/\\\/ksproducts.ca\\\/product\\\/cat-lighting-100-lumen-led-pocket-pen-light\\\/\",\"url\":\"https:\\\/\\\/ksproducts.ca\\\/product\\\/cat-lighting-100-lumen-led-pocket-pen-light\\\/\",\"name\":\"CAT Lighting 100 Lumen LED Pocket Pen Light - Ks Products\",\"isPartOf\":{\"@id\":\"https:\\\/\\\/ksproducts.ca\\\/#website\"},\"primaryImageOfPage\":{\"@id\":\"https:\\\/\\\/ksproducts.ca\\\/product\\\/cat-lighting-100-lumen-led-pocket-pen-light\\\/#primaryimage\"},\"image\":{\"@id\":\"https:\\\/\\\/ksproducts.ca\\\/product\\\/cat-lighting-100-lumen-led-pocket-pen-light\\\/#primaryimage\"},\"thumbnailUrl\":\"https:\\\/\\\/ksproducts.ca\\\/wp-content\\\/uploads\\\/2026\\\/03\\\/CAT-Lighting-100-Lumen-LED-Pocket-Pen-Light.jpg\",\"datePublished\":\"2026-03-10T13:47:04+00:00\",\"breadcrumb\":{\"@id\":\"https:\\\/\\\/ksproducts.ca\\\/product\\\/cat-lighting-100-lumen-led-pocket-pen-light\\\/#breadcrumb\"},\"inLanguage\":\"fr-CA\",\"potentialAction\":[{\"@type\":\"ReadAction\",\"target\":[\"https:\\\/\\\/ksproducts.ca\\\/product\\\/cat-lighting-100-lumen-led-pocket-pen-light\\\/\"]}]},{\"@type\":\"ImageObject\",\"inLanguage\":\"fr-CA\",\"@id\":\"https:\\\/\\\/ksproducts.ca\\\/product\\\/cat-lighting-100-lumen-led-pocket-pen-light\\\/#primaryimage\",\"url\":\"https:\\\/\\\/ksproducts.ca\\\/wp-content\\\/uploads\\\/2026\\\/03\\\/CAT-Lighting-100-Lumen-LED-Pocket-Pen-Light.jpg\",\"contentUrl\":\"https:\\\/\\\/ksproducts.ca\\\/wp-content\\\/uploads\\\/2026\\\/03\\\/CAT-Lighting-100-Lumen-LED-Pocket-Pen-Light.jpg\",\"width\":679,\"height\":301,\"caption\":\"CAT Lighting 100 Lumen LED Pocket Pen Light\"},{\"@type\":\"BreadcrumbList\",\"@id\":\"https:\\\/\\\/ksproducts.ca\\\/product\\\/cat-lighting-100-lumen-led-pocket-pen-light\\\/#breadcrumb\",\"itemListElement\":[{\"@type\":\"ListItem\",\"position\":1,\"name\":\"Home\",\"item\":\"https:\\\/\\\/ksproducts.ca\\\/\"},{\"@type\":\"ListItem\",\"position\":2,\"name\":\"Shop\",\"item\":\"https:\\\/\\\/ksproducts.ca\\\/shop\\\/\"},{\"@type\":\"ListItem\",\"position\":3,\"name\":\"CAT Lighting 100 Lumen LED Pocket Pen Light\"}]},{\"@type\":\"WebSite\",\"@id\":\"https:\\\/\\\/ksproducts.ca\\\/#website\",\"url\":\"https:\\\/\\\/ksproducts.ca\\\/\",\"name\":\"Ks Products\",\"description\":\"Outdoor cooking and living, made easy in Canada\",\"publisher\":{\"@id\":\"https:\\\/\\\/ksproducts.ca\\\/#organization\"},\"potentialAction\":[{\"@type\":\"SearchAction\",\"target\":{\"@type\":\"EntryPoint\",\"urlTemplate\":\"https:\\\/\\\/ksproducts.ca\\\/?s={search_term_string}\"},\"query-input\":{\"@type\":\"PropertyValueSpecification\",\"valueRequired\":true,\"valueName\":\"search_term_string\"}}],\"inLanguage\":\"fr-CA\"},{\"@type\":\"Organization\",\"@id\":\"https:\\\/\\\/ksproducts.ca\\\/#organization\",\"name\":\"Ks Products\",\"url\":\"https:\\\/\\\/ksproducts.ca\\\/\",\"logo\":{\"@type\":\"ImageObject\",\"inLanguage\":\"fr-CA\",\"@id\":\"https:\\\/\\\/ksproducts.ca\\\/#\\\/schema\\\/logo\\\/image\\\/\",\"url\":\"https:\\\/\\\/ksproducts.ca\\\/wp-content\\\/uploads\\\/2023\\\/09\\\/Kennedy-Sales-Logo-header-1.png\",\"contentUrl\":\"https:\\\/\\\/ksproducts.ca\\\/wp-content\\\/uploads\\\/2023\\\/09\\\/Kennedy-Sales-Logo-header-1.png\",\"width\":150,\"height\":77,\"caption\":\"Ks Products\"},\"image\":{\"@id\":\"https:\\\/\\\/ksproducts.ca\\\/#\\\/schema\\\/logo\\\/image\\\/\"}}]}<\/script>\n<!-- \/ Yoast SEO plugin. -->","yoast_head_json":{"title":"Lampe torche porte-cl\u00e9s LED CAT Lighting 100 Lumens - Ks Products","robots":{"index":"index","follow":"follow","max-snippet":"max-snippet:-1","max-image-preview":"max-image-preview:large","max-video-preview":"max-video-preview:-1"},"canonical":"https:\/\/ksproducts.ca\/fr\/product\/lampe-stylo-led-100-lumens-pour-chat\/","og_locale":"fr_CA","og_type":"article","og_title":"CAT Lighting 100 Lumen LED Pocket Pen Light - Ks Products","og_description":"CAT CT2210 Bright Rugged Tactical Pocket Pen Light, Gun Metal, Great for mechanics, nurses, doctors, HVAC, Plumbers, Electricians and outdoors.","og_url":"https:\/\/ksproducts.ca\/fr\/product\/lampe-stylo-led-100-lumens-pour-chat\/","og_site_name":"Ks Products","og_image":[{"width":679,"height":301,"url":"https:\/\/ksproducts.ca\/wp-content\/uploads\/2026\/03\/CAT-Lighting-100-Lumen-LED-Pocket-Pen-Light.jpg","type":"image\/jpeg"}],"twitter_card":"summary_large_image","twitter_misc":{"Estimation du temps de lecture":"1 minute"},"schema":{"@context":"https:\/\/schema.org","@graph":[{"@type":"WebPage","@id":"https:\/\/ksproducts.ca\/product\/cat-lighting-100-lumen-led-pocket-pen-light\/","url":"https:\/\/ksproducts.ca\/product\/cat-lighting-100-lumen-led-pocket-pen-light\/","name":"Lampe torche porte-cl\u00e9s LED CAT Lighting 100 Lumens - Ks Products","isPartOf":{"@id":"https:\/\/ksproducts.ca\/#website"},"primaryImageOfPage":{"@id":"https:\/\/ksproducts.ca\/product\/cat-lighting-100-lumen-led-pocket-pen-light\/#primaryimage"},"image":{"@id":"https:\/\/ksproducts.ca\/product\/cat-lighting-100-lumen-led-pocket-pen-light\/#primaryimage"},"thumbnailUrl":"https:\/\/ksproducts.ca\/wp-content\/uploads\/2026\/03\/CAT-Lighting-100-Lumen-LED-Pocket-Pen-Light.jpg","datePublished":"2026-03-10T13:47:04+00:00","breadcrumb":{"@id":"https:\/\/ksproducts.ca\/product\/cat-lighting-100-lumen-led-pocket-pen-light\/#breadcrumb"},"inLanguage":"fr-CA","potentialAction":[{"@type":"ReadAction","target":["https:\/\/ksproducts.ca\/product\/cat-lighting-100-lumen-led-pocket-pen-light\/"]}]},{"@type":"ImageObject","inLanguage":"fr-CA","@id":"https:\/\/ksproducts.ca\/product\/cat-lighting-100-lumen-led-pocket-pen-light\/#primaryimage","url":"https:\/\/ksproducts.ca\/wp-content\/uploads\/2026\/03\/CAT-Lighting-100-Lumen-LED-Pocket-Pen-Light.jpg","contentUrl":"https:\/\/ksproducts.ca\/wp-content\/uploads\/2026\/03\/CAT-Lighting-100-Lumen-LED-Pocket-Pen-Light.jpg","width":679,"height":301,"caption":"CAT Lighting 100 Lumen LED Pocket Pen Light"},{"@type":"BreadcrumbList","@id":"https:\/\/ksproducts.ca\/product\/cat-lighting-100-lumen-led-pocket-pen-light\/#breadcrumb","itemListElement":[{"@type":"ListItem","position":1,"name":"Home","item":"https:\/\/ksproducts.ca\/"},{"@type":"ListItem","position":2,"name":"Shop","item":"https:\/\/ksproducts.ca\/shop\/"},{"@type":"ListItem","position":3,"name":"CAT Lighting 100 Lumen LED Pocket Pen Light"}]},{"@type":"WebSite","@id":"https:\/\/ksproducts.ca\/#website","url":"https:\/\/ksproducts.ca\/","name":"Produits Ks","description":"Cuisiner et vivre en plein air, c'est facile au Canada","publisher":{"@id":"https:\/\/ksproducts.ca\/#organization"},"potentialAction":[{"@type":"SearchAction","target":{"@type":"EntryPoint","urlTemplate":"https:\/\/ksproducts.ca\/?s={search_term_string}"},"query-input":{"@type":"PropertyValueSpecification","valueRequired":true,"valueName":"search_term_string"}}],"inLanguage":"fr-CA"},{"@type":"Organization","@id":"https:\/\/ksproducts.ca\/#organization","name":"Produits Ks","url":"https:\/\/ksproducts.ca\/","logo":{"@type":"ImageObject","inLanguage":"fr-CA","@id":"https:\/\/ksproducts.ca\/#\/schema\/logo\/image\/","url":"https:\/\/ksproducts.ca\/wp-content\/uploads\/2023\/09\/Kennedy-Sales-Logo-header-1.png","contentUrl":"https:\/\/ksproducts.ca\/wp-content\/uploads\/2023\/09\/Kennedy-Sales-Logo-header-1.png","width":150,"height":77,"caption":"Ks Products"},"image":{"@id":"https:\/\/ksproducts.ca\/#\/schema\/logo\/image\/"}}]}},"_links":{"self":[{"href":"https:\/\/ksproducts.ca\/fr\/wp-json\/wp\/v2\/product\/12095","targetHints":{"allow":["GET"]}}],"collection":[{"href":"https:\/\/ksproducts.ca\/fr\/wp-json\/wp\/v2\/product"}],"about":[{"href":"https:\/\/ksproducts.ca\/fr\/wp-json\/wp\/v2\/types\/product"}],"replies":[{"embeddable":true,"href":"https:\/\/ksproducts.ca\/fr\/wp-json\/wp\/v2\/comments?post=12095"}],"version-history":[{"count":1,"href":"https:\/\/ksproducts.ca\/fr\/wp-json\/wp\/v2\/product\/12095\/revisions"}],"predecessor-version":[{"id":12097,"href":"https:\/\/ksproducts.ca\/fr\/wp-json\/wp\/v2\/product\/12095\/revisions\/12097"}],"wp:featuredmedia":[{"embeddable":true,"href":"https:\/\/ksproducts.ca\/fr\/wp-json\/wp\/v2\/media\/12096"}],"wp:attachment":[{"href":"https:\/\/ksproducts.ca\/fr\/wp-json\/wp\/v2\/media?parent=12095"}],"wp:term":[{"taxonomy":"product_cat","embeddable":true,"href":"https:\/\/ksproducts.ca\/fr\/wp-json\/wp\/v2\/product_cat?post=12095"},{"taxonomy":"product_tag","embeddable":true,"href":"https:\/\/ksproducts.ca\/fr\/wp-json\/wp\/v2\/product_tag?post=12095"}],"curies":[{"name":"wp","href":"https:\/\/api.w.org\/{rel}","templated":true}]}}