{"id":12098,"date":"2026-03-10T13:52:27","date_gmt":"2026-03-10T13:52:27","guid":{"rendered":"https:\/\/ksproducts.ca\/?post_type=product&#038;p=12098"},"modified":"2026-03-16T15:02:00","modified_gmt":"2026-03-16T15:02:00","slug":"cat-lighting-lampe-frontale-120-lumen-cree-led-avec-reglage-de-la-lumiere-par-cliquet","status":"publish","type":"product","link":"https:\/\/ksproducts.ca\/fr\/product\/cat-lighting-120-lumen-cree-led-headlamp-with-ratcheting-light-adjustment\/","title":{"rendered":"CAT Lighting Lampe frontale \u00e0 LED CREE de 120 lumens avec r\u00e9glage de la lumi\u00e8re par cliquet"},"content":{"rendered":"<ul>\n<li>Lumens : 120<\/li>\n<li>Dur\u00e9e d'utilisation : jusqu'\u00e0 3,5 heures<\/li>\n<li>Type de LED : 1.5W CREE\u00ae LED<\/li>\n<li>Mat\u00e9riau : Aluminium de qualit\u00e9 a\u00e9ronautique<\/li>\n<li>Type de piles : 3 AAA, inclus<\/li>\n<li>Distance du faisceau : 60 m\u00e8tres<\/li>\n<li>Durabilit\u00e9 : R\u00e9sistant \u00e0 l'eau et aux chocs<\/li>\n<li>Caract\u00e9ristiques du produit : Interrupteur frontal \u00e0 2 positions, r\u00e9glage de la lumi\u00e8re par encliquetage et bandeau r\u00e9glable<\/li>\n<li>Poids : .325 livres<\/li>\n<li>Dimensions : 2.0\u2033 L x 1.2\u2033 D<\/li>\n<\/ul>","protected":false},"excerpt":{"rendered":"<p>Notre lampe frontale CT40150P est \u00e9quip\u00e9e d'une LED CREE\u00ae de 1,5 Watt et g\u00e9n\u00e8re 120 lumens \u00e0 une distance de 60 m\u00e8tres. Dot\u00e9e d'un interrupteur \u00e0 deux voies mont\u00e9 \u00e0 l'avant, notre CT40150P est \u00e9quip\u00e9e d'une t\u00eate d'\u00e9clairage \u00e0 cliquet permettant de diriger la lumi\u00e8re comme vous le souhaitez. R\u00e9sistante \u00e0 l'eau et aux chocs, la CT40150P est \u00e9quip\u00e9e d'un bandeau r\u00e9glable pour une utilisation mains libres. La CT40150P b\u00e9n\u00e9ficie d'une garantie limit\u00e9e \u00e0 vie.<\/p>","protected":false},"featured_media":12099,"comment_status":"open","ping_status":"closed","template":"","meta":[],"product_cat":[431,451],"product_tag":[],"class_list":{"0":"post-12098","1":"product","2":"type-product","3":"status-publish","4":"has-post-thumbnail","6":"product_cat-camping-rv-essentials","7":"product_cat-tools-equipment","8":"product_shipping_class-class-1","10":"first","11":"instock","12":"taxable","13":"shipping-taxable","14":"purchasable","15":"product-type-simple"},"yoast_head":"<!-- This site is optimized with the Yoast SEO plugin v27.3 - https:\/\/yoast.com\/product\/yoast-seo-wordpress\/ -->\n<title>CAT Lighting 120 Lumen CREE LED Headlamp with Ratcheting Light Adjustment - Ks Products<\/title>\n<meta name=\"robots\" content=\"index, follow, max-snippet:-1, max-image-preview:large, max-video-preview:-1\" \/>\n<link rel=\"canonical\" href=\"https:\/\/ksproducts.ca\/fr\/product\/cat-lighting-lampe-frontale-120-lumen-cree-led-avec-reglage-de-la-lumiere-par-cliquet\/\" \/>\n<meta property=\"og:locale\" content=\"fr_CA\" \/>\n<meta property=\"og:type\" content=\"article\" \/>\n<meta property=\"og:title\" content=\"CAT Lighting 120 Lumen CREE LED Headlamp with Ratcheting Light Adjustment - Ks Products\" \/>\n<meta property=\"og:description\" content=\"Our CT40150P headlamp features a 1.5 Watt CREE\u00ae LED and generates 120 lumens of light output at a distance of 60 metres. Including a 2-way front mounted switch, our CT40150P features a ratcheting light head for directing light as desired. Water and impact resistant, the CT40150P features an adjustable headband for hands-free use. CT40150P includes limited lifetime warranty.\" \/>\n<meta property=\"og:url\" content=\"https:\/\/ksproducts.ca\/fr\/product\/cat-lighting-lampe-frontale-120-lumen-cree-led-avec-reglage-de-la-lumiere-par-cliquet\/\" \/>\n<meta property=\"og:site_name\" content=\"Ks Products\" \/>\n<meta property=\"article:modified_time\" content=\"2026-03-16T15:02:00+00:00\" \/>\n<meta property=\"og:image\" content=\"https:\/\/ksproducts.ca\/wp-content\/uploads\/2026\/03\/CAT-Lighting-120-Lumen-CREE-LED-Headlamp-with-Ratcheting-Light-Adjustment.jpg\" \/>\n\t<meta property=\"og:image:width\" content=\"600\" \/>\n\t<meta property=\"og:image:height\" content=\"600\" \/>\n\t<meta property=\"og:image:type\" content=\"image\/jpeg\" \/>\n<meta name=\"twitter:card\" content=\"summary_large_image\" \/>\n<meta name=\"twitter:label1\" content=\"Estimation du temps de lecture\" \/>\n\t<meta name=\"twitter:data1\" content=\"1 minute\" \/>\n<script type=\"application\/ld+json\" class=\"yoast-schema-graph\">{\"@context\":\"https:\\\/\\\/schema.org\",\"@graph\":[{\"@type\":\"WebPage\",\"@id\":\"https:\\\/\\\/ksproducts.ca\\\/product\\\/cat-lighting-120-lumen-cree-led-headlamp-with-ratcheting-light-adjustment\\\/\",\"url\":\"https:\\\/\\\/ksproducts.ca\\\/product\\\/cat-lighting-120-lumen-cree-led-headlamp-with-ratcheting-light-adjustment\\\/\",\"name\":\"CAT Lighting 120 Lumen CREE LED Headlamp with Ratcheting Light Adjustment - Ks Products\",\"isPartOf\":{\"@id\":\"https:\\\/\\\/ksproducts.ca\\\/#website\"},\"primaryImageOfPage\":{\"@id\":\"https:\\\/\\\/ksproducts.ca\\\/product\\\/cat-lighting-120-lumen-cree-led-headlamp-with-ratcheting-light-adjustment\\\/#primaryimage\"},\"image\":{\"@id\":\"https:\\\/\\\/ksproducts.ca\\\/product\\\/cat-lighting-120-lumen-cree-led-headlamp-with-ratcheting-light-adjustment\\\/#primaryimage\"},\"thumbnailUrl\":\"https:\\\/\\\/ksproducts.ca\\\/wp-content\\\/uploads\\\/2026\\\/03\\\/CAT-Lighting-120-Lumen-CREE-LED-Headlamp-with-Ratcheting-Light-Adjustment.jpg\",\"datePublished\":\"2026-03-10T13:52:27+00:00\",\"dateModified\":\"2026-03-16T15:02:00+00:00\",\"breadcrumb\":{\"@id\":\"https:\\\/\\\/ksproducts.ca\\\/product\\\/cat-lighting-120-lumen-cree-led-headlamp-with-ratcheting-light-adjustment\\\/#breadcrumb\"},\"inLanguage\":\"fr-CA\",\"potentialAction\":[{\"@type\":\"ReadAction\",\"target\":[\"https:\\\/\\\/ksproducts.ca\\\/product\\\/cat-lighting-120-lumen-cree-led-headlamp-with-ratcheting-light-adjustment\\\/\"]}]},{\"@type\":\"ImageObject\",\"inLanguage\":\"fr-CA\",\"@id\":\"https:\\\/\\\/ksproducts.ca\\\/product\\\/cat-lighting-120-lumen-cree-led-headlamp-with-ratcheting-light-adjustment\\\/#primaryimage\",\"url\":\"https:\\\/\\\/ksproducts.ca\\\/wp-content\\\/uploads\\\/2026\\\/03\\\/CAT-Lighting-120-Lumen-CREE-LED-Headlamp-with-Ratcheting-Light-Adjustment.jpg\",\"contentUrl\":\"https:\\\/\\\/ksproducts.ca\\\/wp-content\\\/uploads\\\/2026\\\/03\\\/CAT-Lighting-120-Lumen-CREE-LED-Headlamp-with-Ratcheting-Light-Adjustment.jpg\",\"width\":600,\"height\":600,\"caption\":\"CAT Lighting 120 Lumen CREE LED Headlamp with Ratcheting Light Adjustment\"},{\"@type\":\"BreadcrumbList\",\"@id\":\"https:\\\/\\\/ksproducts.ca\\\/product\\\/cat-lighting-120-lumen-cree-led-headlamp-with-ratcheting-light-adjustment\\\/#breadcrumb\",\"itemListElement\":[{\"@type\":\"ListItem\",\"position\":1,\"name\":\"Home\",\"item\":\"https:\\\/\\\/ksproducts.ca\\\/\"},{\"@type\":\"ListItem\",\"position\":2,\"name\":\"Shop\",\"item\":\"https:\\\/\\\/ksproducts.ca\\\/shop\\\/\"},{\"@type\":\"ListItem\",\"position\":3,\"name\":\"CAT Lighting 120 Lumen CREE LED Headlamp with Ratcheting Light Adjustment\"}]},{\"@type\":\"WebSite\",\"@id\":\"https:\\\/\\\/ksproducts.ca\\\/#website\",\"url\":\"https:\\\/\\\/ksproducts.ca\\\/\",\"name\":\"Ks Products\",\"description\":\"Outdoor cooking and living, made easy in Canada\",\"publisher\":{\"@id\":\"https:\\\/\\\/ksproducts.ca\\\/#organization\"},\"potentialAction\":[{\"@type\":\"SearchAction\",\"target\":{\"@type\":\"EntryPoint\",\"urlTemplate\":\"https:\\\/\\\/ksproducts.ca\\\/?s={search_term_string}\"},\"query-input\":{\"@type\":\"PropertyValueSpecification\",\"valueRequired\":true,\"valueName\":\"search_term_string\"}}],\"inLanguage\":\"fr-CA\"},{\"@type\":\"Organization\",\"@id\":\"https:\\\/\\\/ksproducts.ca\\\/#organization\",\"name\":\"Ks Products\",\"url\":\"https:\\\/\\\/ksproducts.ca\\\/\",\"logo\":{\"@type\":\"ImageObject\",\"inLanguage\":\"fr-CA\",\"@id\":\"https:\\\/\\\/ksproducts.ca\\\/#\\\/schema\\\/logo\\\/image\\\/\",\"url\":\"https:\\\/\\\/ksproducts.ca\\\/wp-content\\\/uploads\\\/2023\\\/09\\\/Kennedy-Sales-Logo-header-1.png\",\"contentUrl\":\"https:\\\/\\\/ksproducts.ca\\\/wp-content\\\/uploads\\\/2023\\\/09\\\/Kennedy-Sales-Logo-header-1.png\",\"width\":150,\"height\":77,\"caption\":\"Ks Products\"},\"image\":{\"@id\":\"https:\\\/\\\/ksproducts.ca\\\/#\\\/schema\\\/logo\\\/image\\\/\"}}]}<\/script>\n<!-- \/ Yoast SEO plugin. -->","yoast_head_json":{"title":"CAT Lighting Lampe frontale \u00e0 LED CREE de 120 lumens avec r\u00e9glage de la lumi\u00e8re par cliquet - Ks Products","robots":{"index":"index","follow":"follow","max-snippet":"max-snippet:-1","max-image-preview":"max-image-preview:large","max-video-preview":"max-video-preview:-1"},"canonical":"https:\/\/ksproducts.ca\/fr\/product\/cat-lighting-lampe-frontale-120-lumen-cree-led-avec-reglage-de-la-lumiere-par-cliquet\/","og_locale":"fr_CA","og_type":"article","og_title":"CAT Lighting 120 Lumen CREE LED Headlamp with Ratcheting Light Adjustment - Ks Products","og_description":"Our CT40150P headlamp features a 1.5 Watt CREE\u00ae LED and generates 120 lumens of light output at a distance of 60 metres. Including a 2-way front mounted switch, our CT40150P features a ratcheting light head for directing light as desired. Water and impact resistant, the CT40150P features an adjustable headband for hands-free use. CT40150P includes limited lifetime warranty.","og_url":"https:\/\/ksproducts.ca\/fr\/product\/cat-lighting-lampe-frontale-120-lumen-cree-led-avec-reglage-de-la-lumiere-par-cliquet\/","og_site_name":"Ks Products","article_modified_time":"2026-03-16T15:02:00+00:00","og_image":[{"width":600,"height":600,"url":"https:\/\/ksproducts.ca\/wp-content\/uploads\/2026\/03\/CAT-Lighting-120-Lumen-CREE-LED-Headlamp-with-Ratcheting-Light-Adjustment.jpg","type":"image\/jpeg"}],"twitter_card":"summary_large_image","twitter_misc":{"Estimation du temps de lecture":"1 minute"},"schema":{"@context":"https:\/\/schema.org","@graph":[{"@type":"WebPage","@id":"https:\/\/ksproducts.ca\/product\/cat-lighting-120-lumen-cree-led-headlamp-with-ratcheting-light-adjustment\/","url":"https:\/\/ksproducts.ca\/product\/cat-lighting-120-lumen-cree-led-headlamp-with-ratcheting-light-adjustment\/","name":"CAT Lighting Lampe frontale \u00e0 LED CREE de 120 lumens avec r\u00e9glage de la lumi\u00e8re par cliquet - Ks Products","isPartOf":{"@id":"https:\/\/ksproducts.ca\/#website"},"primaryImageOfPage":{"@id":"https:\/\/ksproducts.ca\/product\/cat-lighting-120-lumen-cree-led-headlamp-with-ratcheting-light-adjustment\/#primaryimage"},"image":{"@id":"https:\/\/ksproducts.ca\/product\/cat-lighting-120-lumen-cree-led-headlamp-with-ratcheting-light-adjustment\/#primaryimage"},"thumbnailUrl":"https:\/\/ksproducts.ca\/wp-content\/uploads\/2026\/03\/CAT-Lighting-120-Lumen-CREE-LED-Headlamp-with-Ratcheting-Light-Adjustment.jpg","datePublished":"2026-03-10T13:52:27+00:00","dateModified":"2026-03-16T15:02:00+00:00","breadcrumb":{"@id":"https:\/\/ksproducts.ca\/product\/cat-lighting-120-lumen-cree-led-headlamp-with-ratcheting-light-adjustment\/#breadcrumb"},"inLanguage":"fr-CA","potentialAction":[{"@type":"ReadAction","target":["https:\/\/ksproducts.ca\/product\/cat-lighting-120-lumen-cree-led-headlamp-with-ratcheting-light-adjustment\/"]}]},{"@type":"ImageObject","inLanguage":"fr-CA","@id":"https:\/\/ksproducts.ca\/product\/cat-lighting-120-lumen-cree-led-headlamp-with-ratcheting-light-adjustment\/#primaryimage","url":"https:\/\/ksproducts.ca\/wp-content\/uploads\/2026\/03\/CAT-Lighting-120-Lumen-CREE-LED-Headlamp-with-Ratcheting-Light-Adjustment.jpg","contentUrl":"https:\/\/ksproducts.ca\/wp-content\/uploads\/2026\/03\/CAT-Lighting-120-Lumen-CREE-LED-Headlamp-with-Ratcheting-Light-Adjustment.jpg","width":600,"height":600,"caption":"CAT Lighting 120 Lumen CREE LED Headlamp with Ratcheting Light Adjustment"},{"@type":"BreadcrumbList","@id":"https:\/\/ksproducts.ca\/product\/cat-lighting-120-lumen-cree-led-headlamp-with-ratcheting-light-adjustment\/#breadcrumb","itemListElement":[{"@type":"ListItem","position":1,"name":"Home","item":"https:\/\/ksproducts.ca\/"},{"@type":"ListItem","position":2,"name":"Shop","item":"https:\/\/ksproducts.ca\/shop\/"},{"@type":"ListItem","position":3,"name":"CAT Lighting 120 Lumen CREE LED Headlamp with Ratcheting Light Adjustment"}]},{"@type":"WebSite","@id":"https:\/\/ksproducts.ca\/#website","url":"https:\/\/ksproducts.ca\/","name":"Produits Ks","description":"Cuisiner et vivre en plein air, c'est facile au Canada","publisher":{"@id":"https:\/\/ksproducts.ca\/#organization"},"potentialAction":[{"@type":"SearchAction","target":{"@type":"EntryPoint","urlTemplate":"https:\/\/ksproducts.ca\/?s={search_term_string}"},"query-input":{"@type":"PropertyValueSpecification","valueRequired":true,"valueName":"search_term_string"}}],"inLanguage":"fr-CA"},{"@type":"Organization","@id":"https:\/\/ksproducts.ca\/#organization","name":"Produits Ks","url":"https:\/\/ksproducts.ca\/","logo":{"@type":"ImageObject","inLanguage":"fr-CA","@id":"https:\/\/ksproducts.ca\/#\/schema\/logo\/image\/","url":"https:\/\/ksproducts.ca\/wp-content\/uploads\/2023\/09\/Kennedy-Sales-Logo-header-1.png","contentUrl":"https:\/\/ksproducts.ca\/wp-content\/uploads\/2023\/09\/Kennedy-Sales-Logo-header-1.png","width":150,"height":77,"caption":"Ks Products"},"image":{"@id":"https:\/\/ksproducts.ca\/#\/schema\/logo\/image\/"}}]}},"_links":{"self":[{"href":"https:\/\/ksproducts.ca\/fr\/wp-json\/wp\/v2\/product\/12098","targetHints":{"allow":["GET"]}}],"collection":[{"href":"https:\/\/ksproducts.ca\/fr\/wp-json\/wp\/v2\/product"}],"about":[{"href":"https:\/\/ksproducts.ca\/fr\/wp-json\/wp\/v2\/types\/product"}],"replies":[{"embeddable":true,"href":"https:\/\/ksproducts.ca\/fr\/wp-json\/wp\/v2\/comments?post=12098"}],"version-history":[{"count":1,"href":"https:\/\/ksproducts.ca\/fr\/wp-json\/wp\/v2\/product\/12098\/revisions"}],"predecessor-version":[{"id":12100,"href":"https:\/\/ksproducts.ca\/fr\/wp-json\/wp\/v2\/product\/12098\/revisions\/12100"}],"wp:featuredmedia":[{"embeddable":true,"href":"https:\/\/ksproducts.ca\/fr\/wp-json\/wp\/v2\/media\/12099"}],"wp:attachment":[{"href":"https:\/\/ksproducts.ca\/fr\/wp-json\/wp\/v2\/media?parent=12098"}],"wp:term":[{"taxonomy":"product_cat","embeddable":true,"href":"https:\/\/ksproducts.ca\/fr\/wp-json\/wp\/v2\/product_cat?post=12098"},{"taxonomy":"product_tag","embeddable":true,"href":"https:\/\/ksproducts.ca\/fr\/wp-json\/wp\/v2\/product_tag?post=12098"}],"curies":[{"name":"wp","href":"https:\/\/api.w.org\/{rel}","templated":true}]}}