{"id":12101,"date":"2026-03-10T13:55:57","date_gmt":"2026-03-10T13:55:57","guid":{"rendered":"https:\/\/ksproducts.ca\/?post_type=product&#038;p=12101"},"modified":"2026-03-16T15:02:29","modified_gmt":"2026-03-16T15:02:29","slug":"cat-lighting-250-lumen-led-pocket-spot-light","status":"publish","type":"product","link":"https:\/\/ksproducts.ca\/fr\/product\/cat-lighting-250-lumen-led-pocket-spot-light\/","title":{"rendered":"CAT Lighting 250 Lumen LED Pocket Spot Light"},"content":{"rendered":"<ul>\n<li>La Pocket Spot est une lampe plate qui se fixe facilement sur les pantalons ou les vestes de travail. Elle est id\u00e9ale pour \u00e9clairer la zone situ\u00e9e devant les mains.<\/li>\n<li>Gr\u00e2ce \u00e0 sa base magn\u00e9tique, la lampe peut \u00e9galement \u00eatre coll\u00e9e sur n'importe quel objet m\u00e9tallique.<\/li>\n<li>Intensit\u00e9 lumineuse 120 et 250 lumens<\/li>\n<li>Dur\u00e9e de combustion Haute : jusqu'\u00e0 2,5 heures - Basse : jusqu'\u00e0 5,5 heures<\/li>\n<li>Type LED haute puissance<\/li>\n<li>Feu de port\u00e9e 27 m\u00e8tres<\/li>\n<li>Bo\u00eetier en aluminium<\/li>\n<li>Pile 3 x AAA (incluse)<\/li>\n<li>Dimensions BxDxH : 40x16x102mm<\/li>\n<\/ul>","protected":false},"excerpt":{"rendered":"<p>La lampe de poche CT5110 \u00e9met un cercle lumineux brillant \u00e0 partir d'un bo\u00eetier en aluminium robuste. Suffisamment petite et \u00e9l\u00e9gante pour passer inaper\u00e7ue dans une poche toute la journ\u00e9e, cette lampe est \u00e9galement dot\u00e9e d'un clip polyvalent \u00e0 ressort et d'une base magn\u00e9tique solide pour une utilisation mains libres. Fournissant 250 lumens \u00e0 haute intensit\u00e9 et 120 lumens \u00e0 basse intensit\u00e9, la CT5110 fonctionne jusqu'\u00e0 5,5 heures avec 3 piles AAA.<\/p>","protected":false},"featured_media":12102,"comment_status":"open","ping_status":"closed","template":"","meta":[],"product_cat":[431,451],"product_tag":[],"class_list":{"0":"post-12101","1":"product","2":"type-product","3":"status-publish","4":"has-post-thumbnail","6":"product_cat-camping-rv-essentials","7":"product_cat-tools-equipment","8":"product_shipping_class-class-1","10":"first","11":"instock","12":"taxable","13":"shipping-taxable","14":"purchasable","15":"product-type-simple"},"yoast_head":"<!-- This site is optimized with the Yoast SEO plugin v27.4 - https:\/\/yoast.com\/product\/yoast-seo-wordpress\/ -->\n<title>CAT Lighting 250 Lumen LED Pocket Spot Light - Ks Products<\/title>\n<meta name=\"robots\" content=\"index, follow, max-snippet:-1, max-image-preview:large, max-video-preview:-1\" \/>\n<link rel=\"canonical\" href=\"https:\/\/ksproducts.ca\/fr\/product\/cat-lighting-250-lumen-led-pocket-spot-light\/\" \/>\n<meta property=\"og:locale\" content=\"fr_CA\" \/>\n<meta property=\"og:type\" content=\"article\" \/>\n<meta property=\"og:title\" content=\"CAT Lighting 250 Lumen LED Pocket Spot Light - Ks Products\" \/>\n<meta property=\"og:description\" content=\"The CT5110 pocket spot light emits a brilliant circle of light from a rugged aluminum case. Small and sleek enough to sit unnoticed in a pocket all day, This light also boasts a versatile spring loaded clip and a strong magnetic base for hands free convenience. Providing 250 lumens on high and 120 lumens on low, The CT5110 will run up to 5. 5 hours on 3 AAA batteries.\" \/>\n<meta property=\"og:url\" content=\"https:\/\/ksproducts.ca\/fr\/product\/cat-lighting-250-lumen-led-pocket-spot-light\/\" \/>\n<meta property=\"og:site_name\" content=\"Ks Products\" \/>\n<meta property=\"article:modified_time\" content=\"2026-03-16T15:02:29+00:00\" \/>\n<meta property=\"og:image\" content=\"https:\/\/ksproducts.ca\/wp-content\/uploads\/2026\/03\/CAT-Lighting-250-Lumen-LED-Pocket-Spot-Light.webp\" \/>\n\t<meta property=\"og:image:width\" content=\"700\" \/>\n\t<meta property=\"og:image:height\" content=\"700\" \/>\n\t<meta property=\"og:image:type\" content=\"image\/webp\" \/>\n<meta name=\"twitter:card\" content=\"summary_large_image\" \/>\n<meta name=\"twitter:label1\" content=\"Estimation du temps de lecture\" \/>\n\t<meta name=\"twitter:data1\" content=\"1 minute\" \/>\n<script type=\"application\/ld+json\" class=\"yoast-schema-graph\">{\"@context\":\"https:\\\/\\\/schema.org\",\"@graph\":[{\"@type\":\"WebPage\",\"@id\":\"https:\\\/\\\/ksproducts.ca\\\/product\\\/cat-lighting-250-lumen-led-pocket-spot-light\\\/\",\"url\":\"https:\\\/\\\/ksproducts.ca\\\/product\\\/cat-lighting-250-lumen-led-pocket-spot-light\\\/\",\"name\":\"CAT Lighting 250 Lumen LED Pocket Spot Light - Ks Products\",\"isPartOf\":{\"@id\":\"https:\\\/\\\/ksproducts.ca\\\/#website\"},\"primaryImageOfPage\":{\"@id\":\"https:\\\/\\\/ksproducts.ca\\\/product\\\/cat-lighting-250-lumen-led-pocket-spot-light\\\/#primaryimage\"},\"image\":{\"@id\":\"https:\\\/\\\/ksproducts.ca\\\/product\\\/cat-lighting-250-lumen-led-pocket-spot-light\\\/#primaryimage\"},\"thumbnailUrl\":\"https:\\\/\\\/ksproducts.ca\\\/wp-content\\\/uploads\\\/2026\\\/03\\\/CAT-Lighting-250-Lumen-LED-Pocket-Spot-Light.webp\",\"datePublished\":\"2026-03-10T13:55:57+00:00\",\"dateModified\":\"2026-03-16T15:02:29+00:00\",\"breadcrumb\":{\"@id\":\"https:\\\/\\\/ksproducts.ca\\\/product\\\/cat-lighting-250-lumen-led-pocket-spot-light\\\/#breadcrumb\"},\"inLanguage\":\"fr-CA\",\"potentialAction\":[{\"@type\":\"ReadAction\",\"target\":[\"https:\\\/\\\/ksproducts.ca\\\/product\\\/cat-lighting-250-lumen-led-pocket-spot-light\\\/\"]}]},{\"@type\":\"ImageObject\",\"inLanguage\":\"fr-CA\",\"@id\":\"https:\\\/\\\/ksproducts.ca\\\/product\\\/cat-lighting-250-lumen-led-pocket-spot-light\\\/#primaryimage\",\"url\":\"https:\\\/\\\/ksproducts.ca\\\/wp-content\\\/uploads\\\/2026\\\/03\\\/CAT-Lighting-250-Lumen-LED-Pocket-Spot-Light.webp\",\"contentUrl\":\"https:\\\/\\\/ksproducts.ca\\\/wp-content\\\/uploads\\\/2026\\\/03\\\/CAT-Lighting-250-Lumen-LED-Pocket-Spot-Light.webp\",\"width\":700,\"height\":700,\"caption\":\"CAT Lighting 250 Lumen LED Pocket Spot Light\"},{\"@type\":\"BreadcrumbList\",\"@id\":\"https:\\\/\\\/ksproducts.ca\\\/product\\\/cat-lighting-250-lumen-led-pocket-spot-light\\\/#breadcrumb\",\"itemListElement\":[{\"@type\":\"ListItem\",\"position\":1,\"name\":\"Home\",\"item\":\"https:\\\/\\\/ksproducts.ca\\\/\"},{\"@type\":\"ListItem\",\"position\":2,\"name\":\"Shop\",\"item\":\"https:\\\/\\\/ksproducts.ca\\\/shop\\\/\"},{\"@type\":\"ListItem\",\"position\":3,\"name\":\"CAT Lighting 250 Lumen LED Pocket Spot Light\"}]},{\"@type\":\"WebSite\",\"@id\":\"https:\\\/\\\/ksproducts.ca\\\/#website\",\"url\":\"https:\\\/\\\/ksproducts.ca\\\/\",\"name\":\"Ks Products\",\"description\":\"Outdoor cooking and living, made easy in Canada\",\"publisher\":{\"@id\":\"https:\\\/\\\/ksproducts.ca\\\/#organization\"},\"potentialAction\":[{\"@type\":\"SearchAction\",\"target\":{\"@type\":\"EntryPoint\",\"urlTemplate\":\"https:\\\/\\\/ksproducts.ca\\\/?s={search_term_string}\"},\"query-input\":{\"@type\":\"PropertyValueSpecification\",\"valueRequired\":true,\"valueName\":\"search_term_string\"}}],\"inLanguage\":\"fr-CA\"},{\"@type\":\"Organization\",\"@id\":\"https:\\\/\\\/ksproducts.ca\\\/#organization\",\"name\":\"Ks Products\",\"url\":\"https:\\\/\\\/ksproducts.ca\\\/\",\"logo\":{\"@type\":\"ImageObject\",\"inLanguage\":\"fr-CA\",\"@id\":\"https:\\\/\\\/ksproducts.ca\\\/#\\\/schema\\\/logo\\\/image\\\/\",\"url\":\"https:\\\/\\\/ksproducts.ca\\\/wp-content\\\/uploads\\\/2023\\\/09\\\/Kennedy-Sales-Logo-header-1.png\",\"contentUrl\":\"https:\\\/\\\/ksproducts.ca\\\/wp-content\\\/uploads\\\/2023\\\/09\\\/Kennedy-Sales-Logo-header-1.png\",\"width\":150,\"height\":77,\"caption\":\"Ks Products\"},\"image\":{\"@id\":\"https:\\\/\\\/ksproducts.ca\\\/#\\\/schema\\\/logo\\\/image\\\/\"}}]}<\/script>\n<!-- \/ Yoast SEO plugin. -->","yoast_head_json":{"title":"CAT Lighting 250 Lumen LED Pocket Spot Light - Ks Products","robots":{"index":"index","follow":"follow","max-snippet":"max-snippet:-1","max-image-preview":"max-image-preview:large","max-video-preview":"max-video-preview:-1"},"canonical":"https:\/\/ksproducts.ca\/fr\/product\/cat-lighting-250-lumen-led-pocket-spot-light\/","og_locale":"fr_CA","og_type":"article","og_title":"CAT Lighting 250 Lumen LED Pocket Spot Light - Ks Products","og_description":"The CT5110 pocket spot light emits a brilliant circle of light from a rugged aluminum case. Small and sleek enough to sit unnoticed in a pocket all day, This light also boasts a versatile spring loaded clip and a strong magnetic base for hands free convenience. Providing 250 lumens on high and 120 lumens on low, The CT5110 will run up to 5. 5 hours on 3 AAA batteries.","og_url":"https:\/\/ksproducts.ca\/fr\/product\/cat-lighting-250-lumen-led-pocket-spot-light\/","og_site_name":"Ks Products","article_modified_time":"2026-03-16T15:02:29+00:00","og_image":[{"width":700,"height":700,"url":"https:\/\/ksproducts.ca\/wp-content\/uploads\/2026\/03\/CAT-Lighting-250-Lumen-LED-Pocket-Spot-Light.webp","type":"image\/webp"}],"twitter_card":"summary_large_image","twitter_misc":{"Estimation du temps de lecture":"1 minute"},"schema":{"@context":"https:\/\/schema.org","@graph":[{"@type":"WebPage","@id":"https:\/\/ksproducts.ca\/product\/cat-lighting-250-lumen-led-pocket-spot-light\/","url":"https:\/\/ksproducts.ca\/product\/cat-lighting-250-lumen-led-pocket-spot-light\/","name":"CAT Lighting 250 Lumen LED Pocket Spot Light - Ks Products","isPartOf":{"@id":"https:\/\/ksproducts.ca\/#website"},"primaryImageOfPage":{"@id":"https:\/\/ksproducts.ca\/product\/cat-lighting-250-lumen-led-pocket-spot-light\/#primaryimage"},"image":{"@id":"https:\/\/ksproducts.ca\/product\/cat-lighting-250-lumen-led-pocket-spot-light\/#primaryimage"},"thumbnailUrl":"https:\/\/ksproducts.ca\/wp-content\/uploads\/2026\/03\/CAT-Lighting-250-Lumen-LED-Pocket-Spot-Light.webp","datePublished":"2026-03-10T13:55:57+00:00","dateModified":"2026-03-16T15:02:29+00:00","breadcrumb":{"@id":"https:\/\/ksproducts.ca\/product\/cat-lighting-250-lumen-led-pocket-spot-light\/#breadcrumb"},"inLanguage":"fr-CA","potentialAction":[{"@type":"ReadAction","target":["https:\/\/ksproducts.ca\/product\/cat-lighting-250-lumen-led-pocket-spot-light\/"]}]},{"@type":"ImageObject","inLanguage":"fr-CA","@id":"https:\/\/ksproducts.ca\/product\/cat-lighting-250-lumen-led-pocket-spot-light\/#primaryimage","url":"https:\/\/ksproducts.ca\/wp-content\/uploads\/2026\/03\/CAT-Lighting-250-Lumen-LED-Pocket-Spot-Light.webp","contentUrl":"https:\/\/ksproducts.ca\/wp-content\/uploads\/2026\/03\/CAT-Lighting-250-Lumen-LED-Pocket-Spot-Light.webp","width":700,"height":700,"caption":"CAT Lighting 250 Lumen LED Pocket Spot Light"},{"@type":"BreadcrumbList","@id":"https:\/\/ksproducts.ca\/product\/cat-lighting-250-lumen-led-pocket-spot-light\/#breadcrumb","itemListElement":[{"@type":"ListItem","position":1,"name":"Home","item":"https:\/\/ksproducts.ca\/"},{"@type":"ListItem","position":2,"name":"Shop","item":"https:\/\/ksproducts.ca\/shop\/"},{"@type":"ListItem","position":3,"name":"CAT Lighting 250 Lumen LED Pocket Spot Light"}]},{"@type":"WebSite","@id":"https:\/\/ksproducts.ca\/#website","url":"https:\/\/ksproducts.ca\/","name":"Produits Ks","description":"Cuisiner et vivre en plein air, c'est facile au Canada","publisher":{"@id":"https:\/\/ksproducts.ca\/#organization"},"potentialAction":[{"@type":"SearchAction","target":{"@type":"EntryPoint","urlTemplate":"https:\/\/ksproducts.ca\/?s={search_term_string}"},"query-input":{"@type":"PropertyValueSpecification","valueRequired":true,"valueName":"search_term_string"}}],"inLanguage":"fr-CA"},{"@type":"Organization","@id":"https:\/\/ksproducts.ca\/#organization","name":"Produits Ks","url":"https:\/\/ksproducts.ca\/","logo":{"@type":"ImageObject","inLanguage":"fr-CA","@id":"https:\/\/ksproducts.ca\/#\/schema\/logo\/image\/","url":"https:\/\/ksproducts.ca\/wp-content\/uploads\/2023\/09\/Kennedy-Sales-Logo-header-1.png","contentUrl":"https:\/\/ksproducts.ca\/wp-content\/uploads\/2023\/09\/Kennedy-Sales-Logo-header-1.png","width":150,"height":77,"caption":"Ks Products"},"image":{"@id":"https:\/\/ksproducts.ca\/#\/schema\/logo\/image\/"}}]}},"_links":{"self":[{"href":"https:\/\/ksproducts.ca\/fr\/wp-json\/wp\/v2\/product\/12101","targetHints":{"allow":["GET"]}}],"collection":[{"href":"https:\/\/ksproducts.ca\/fr\/wp-json\/wp\/v2\/product"}],"about":[{"href":"https:\/\/ksproducts.ca\/fr\/wp-json\/wp\/v2\/types\/product"}],"replies":[{"embeddable":true,"href":"https:\/\/ksproducts.ca\/fr\/wp-json\/wp\/v2\/comments?post=12101"}],"version-history":[{"count":1,"href":"https:\/\/ksproducts.ca\/fr\/wp-json\/wp\/v2\/product\/12101\/revisions"}],"predecessor-version":[{"id":12103,"href":"https:\/\/ksproducts.ca\/fr\/wp-json\/wp\/v2\/product\/12101\/revisions\/12103"}],"wp:featuredmedia":[{"embeddable":true,"href":"https:\/\/ksproducts.ca\/fr\/wp-json\/wp\/v2\/media\/12102"}],"wp:attachment":[{"href":"https:\/\/ksproducts.ca\/fr\/wp-json\/wp\/v2\/media?parent=12101"}],"wp:term":[{"taxonomy":"product_cat","embeddable":true,"href":"https:\/\/ksproducts.ca\/fr\/wp-json\/wp\/v2\/product_cat?post=12101"},{"taxonomy":"product_tag","embeddable":true,"href":"https:\/\/ksproducts.ca\/fr\/wp-json\/wp\/v2\/product_tag?post=12101"}],"curies":[{"name":"wp","href":"https:\/\/api.w.org\/{rel}","templated":true}]}}