{"id":12104,"date":"2026-03-10T14:06:28","date_gmt":"2026-03-10T14:06:28","guid":{"rendered":"https:\/\/ksproducts.ca\/?post_type=product&#038;p=12104"},"modified":"2026-03-16T15:03:06","modified_gmt":"2026-03-16T15:03:06","slug":"cat-lighting-150-lumen-led-low-profile-worklight-with-racheting-hook","status":"publish","type":"product","link":"https:\/\/ksproducts.ca\/fr\/product\/cat-lighting-150-lumen-led-low-profile-worklight-with-racheting-hook\/","title":{"rendered":"CAT Lighting Lampe de travail \u00e0 LED 150 lumens \u00e0 profil bas avec crochet de fixation"},"content":{"rendered":"<ul class=\"mv0 pl4\">\n<li>Le faisceau large \u00e9claire une grande surface<\/li>\n<li>Corps robuste en aluminium et ABS<\/li>\n<li>Nouvelle technologie LED SMD<\/li>\n<li>Crochet \u00e0 cliquet<\/li>\n<li>Rendement lumineux de 150 lumens<\/li>\n<li>Jusqu'\u00e0 10 heures d'autonomie<\/li>\n<li>R\u00e9sistant \u00e0 l'eau et aux chocs<\/li>\n<\/ul>","protected":false},"excerpt":{"rendered":"<p>Dot\u00e9e de la nouvelle technologie LED SMD, la lampe de travail CTBARA Low-Profile de CAT \u00e9claire toute grande zone de travail avec 150 lumens. Cette lampe robuste est fabriqu\u00e9e en aluminium de haute qualit\u00e9 et en ABS, avec un crochet \u00e0 cliquet pour plus de commodit\u00e9 pendant que vous travaillez.<\/p>\n<p>La lampe offre une autonomie de 10 heures et r\u00e9siste \u00e0 l'eau et aux chocs.<\/p>","protected":false},"featured_media":12105,"comment_status":"open","ping_status":"closed","template":"","meta":[],"product_cat":[431,451],"product_tag":[],"class_list":{"0":"post-12104","1":"product","2":"type-product","3":"status-publish","4":"has-post-thumbnail","6":"product_cat-camping-rv-essentials","7":"product_cat-tools-equipment","8":"product_shipping_class-class-1","10":"first","11":"instock","12":"taxable","13":"shipping-taxable","14":"purchasable","15":"product-type-simple"},"yoast_head":"<!-- This site is optimized with the Yoast SEO plugin v27.3 - https:\/\/yoast.com\/product\/yoast-seo-wordpress\/ -->\n<title>CAT Lighting 150 Lumen LED Low Profile Worklight with Racheting Hook - Ks Products<\/title>\n<meta name=\"robots\" content=\"index, follow, max-snippet:-1, max-image-preview:large, max-video-preview:-1\" \/>\n<link rel=\"canonical\" href=\"https:\/\/ksproducts.ca\/fr\/product\/cat-lighting-150-lumen-led-low-profile-worklight-with-racheting-hook\/\" \/>\n<meta property=\"og:locale\" content=\"fr_CA\" \/>\n<meta property=\"og:type\" content=\"article\" \/>\n<meta property=\"og:title\" content=\"CAT Lighting 150 Lumen LED Low Profile Worklight with Racheting Hook - Ks Products\" \/>\n<meta property=\"og:description\" content=\"Featuring new SMD LED technology, the CTBARA Low-Profile Work Light from CAT floods any large work area with 150 lumens of light. This rugged light is made of high-grade aluminum and ABS, with a ratcheting hook for added convenience while you\u2019re working.  The light offers up to a 10-hour runtime and is water and impact resistant\" \/>\n<meta property=\"og:url\" content=\"https:\/\/ksproducts.ca\/fr\/product\/cat-lighting-150-lumen-led-low-profile-worklight-with-racheting-hook\/\" \/>\n<meta property=\"og:site_name\" content=\"Ks Products\" \/>\n<meta property=\"article:modified_time\" content=\"2026-03-16T15:03:06+00:00\" \/>\n<meta property=\"og:image\" content=\"https:\/\/ksproducts.ca\/wp-content\/uploads\/2026\/03\/CAT-Lighting-150-Lumen-LED-Low-Profile-Worklight-with-Racheting-Hook.webp\" \/>\n\t<meta property=\"og:image:width\" content=\"700\" \/>\n\t<meta property=\"og:image:height\" content=\"350\" \/>\n\t<meta property=\"og:image:type\" content=\"image\/webp\" \/>\n<meta name=\"twitter:card\" content=\"summary_large_image\" \/>\n<meta name=\"twitter:label1\" content=\"Estimation du temps de lecture\" \/>\n\t<meta name=\"twitter:data1\" content=\"1 minute\" \/>\n<script type=\"application\/ld+json\" class=\"yoast-schema-graph\">{\"@context\":\"https:\\\/\\\/schema.org\",\"@graph\":[{\"@type\":\"WebPage\",\"@id\":\"https:\\\/\\\/ksproducts.ca\\\/product\\\/cat-lighting-150-lumen-led-low-profile-worklight-with-racheting-hook\\\/\",\"url\":\"https:\\\/\\\/ksproducts.ca\\\/product\\\/cat-lighting-150-lumen-led-low-profile-worklight-with-racheting-hook\\\/\",\"name\":\"CAT Lighting 150 Lumen LED Low Profile Worklight with Racheting Hook - Ks Products\",\"isPartOf\":{\"@id\":\"https:\\\/\\\/ksproducts.ca\\\/#website\"},\"primaryImageOfPage\":{\"@id\":\"https:\\\/\\\/ksproducts.ca\\\/product\\\/cat-lighting-150-lumen-led-low-profile-worklight-with-racheting-hook\\\/#primaryimage\"},\"image\":{\"@id\":\"https:\\\/\\\/ksproducts.ca\\\/product\\\/cat-lighting-150-lumen-led-low-profile-worklight-with-racheting-hook\\\/#primaryimage\"},\"thumbnailUrl\":\"https:\\\/\\\/ksproducts.ca\\\/wp-content\\\/uploads\\\/2026\\\/03\\\/CAT-Lighting-150-Lumen-LED-Low-Profile-Worklight-with-Racheting-Hook.webp\",\"datePublished\":\"2026-03-10T14:06:28+00:00\",\"dateModified\":\"2026-03-16T15:03:06+00:00\",\"breadcrumb\":{\"@id\":\"https:\\\/\\\/ksproducts.ca\\\/product\\\/cat-lighting-150-lumen-led-low-profile-worklight-with-racheting-hook\\\/#breadcrumb\"},\"inLanguage\":\"fr-CA\",\"potentialAction\":[{\"@type\":\"ReadAction\",\"target\":[\"https:\\\/\\\/ksproducts.ca\\\/product\\\/cat-lighting-150-lumen-led-low-profile-worklight-with-racheting-hook\\\/\"]}]},{\"@type\":\"ImageObject\",\"inLanguage\":\"fr-CA\",\"@id\":\"https:\\\/\\\/ksproducts.ca\\\/product\\\/cat-lighting-150-lumen-led-low-profile-worklight-with-racheting-hook\\\/#primaryimage\",\"url\":\"https:\\\/\\\/ksproducts.ca\\\/wp-content\\\/uploads\\\/2026\\\/03\\\/CAT-Lighting-150-Lumen-LED-Low-Profile-Worklight-with-Racheting-Hook.webp\",\"contentUrl\":\"https:\\\/\\\/ksproducts.ca\\\/wp-content\\\/uploads\\\/2026\\\/03\\\/CAT-Lighting-150-Lumen-LED-Low-Profile-Worklight-with-Racheting-Hook.webp\",\"width\":700,\"height\":350,\"caption\":\"CAT Lighting 150 Lumen LED Low Profile Worklight with Racheting Hook\"},{\"@type\":\"BreadcrumbList\",\"@id\":\"https:\\\/\\\/ksproducts.ca\\\/product\\\/cat-lighting-150-lumen-led-low-profile-worklight-with-racheting-hook\\\/#breadcrumb\",\"itemListElement\":[{\"@type\":\"ListItem\",\"position\":1,\"name\":\"Home\",\"item\":\"https:\\\/\\\/ksproducts.ca\\\/\"},{\"@type\":\"ListItem\",\"position\":2,\"name\":\"Shop\",\"item\":\"https:\\\/\\\/ksproducts.ca\\\/shop\\\/\"},{\"@type\":\"ListItem\",\"position\":3,\"name\":\"CAT Lighting 150 Lumen LED Low Profile Worklight with Racheting Hook\"}]},{\"@type\":\"WebSite\",\"@id\":\"https:\\\/\\\/ksproducts.ca\\\/#website\",\"url\":\"https:\\\/\\\/ksproducts.ca\\\/\",\"name\":\"Ks Products\",\"description\":\"Outdoor cooking and living, made easy in Canada\",\"publisher\":{\"@id\":\"https:\\\/\\\/ksproducts.ca\\\/#organization\"},\"potentialAction\":[{\"@type\":\"SearchAction\",\"target\":{\"@type\":\"EntryPoint\",\"urlTemplate\":\"https:\\\/\\\/ksproducts.ca\\\/?s={search_term_string}\"},\"query-input\":{\"@type\":\"PropertyValueSpecification\",\"valueRequired\":true,\"valueName\":\"search_term_string\"}}],\"inLanguage\":\"fr-CA\"},{\"@type\":\"Organization\",\"@id\":\"https:\\\/\\\/ksproducts.ca\\\/#organization\",\"name\":\"Ks Products\",\"url\":\"https:\\\/\\\/ksproducts.ca\\\/\",\"logo\":{\"@type\":\"ImageObject\",\"inLanguage\":\"fr-CA\",\"@id\":\"https:\\\/\\\/ksproducts.ca\\\/#\\\/schema\\\/logo\\\/image\\\/\",\"url\":\"https:\\\/\\\/ksproducts.ca\\\/wp-content\\\/uploads\\\/2023\\\/09\\\/Kennedy-Sales-Logo-header-1.png\",\"contentUrl\":\"https:\\\/\\\/ksproducts.ca\\\/wp-content\\\/uploads\\\/2023\\\/09\\\/Kennedy-Sales-Logo-header-1.png\",\"width\":150,\"height\":77,\"caption\":\"Ks Products\"},\"image\":{\"@id\":\"https:\\\/\\\/ksproducts.ca\\\/#\\\/schema\\\/logo\\\/image\\\/\"}}]}<\/script>\n<!-- \/ Yoast SEO plugin. -->","yoast_head_json":{"title":"CAT Lighting 150 Lumen LED Low Profile Worklight with Racheting Hook - Ks Products","robots":{"index":"index","follow":"follow","max-snippet":"max-snippet:-1","max-image-preview":"max-image-preview:large","max-video-preview":"max-video-preview:-1"},"canonical":"https:\/\/ksproducts.ca\/fr\/product\/cat-lighting-150-lumen-led-low-profile-worklight-with-racheting-hook\/","og_locale":"fr_CA","og_type":"article","og_title":"CAT Lighting 150 Lumen LED Low Profile Worklight with Racheting Hook - Ks Products","og_description":"Featuring new SMD LED technology, the CTBARA Low-Profile Work Light from CAT floods any large work area with 150 lumens of light. This rugged light is made of high-grade aluminum and ABS, with a ratcheting hook for added convenience while you\u2019re working.  The light offers up to a 10-hour runtime and is water and impact resistant","og_url":"https:\/\/ksproducts.ca\/fr\/product\/cat-lighting-150-lumen-led-low-profile-worklight-with-racheting-hook\/","og_site_name":"Ks Products","article_modified_time":"2026-03-16T15:03:06+00:00","og_image":[{"width":700,"height":350,"url":"https:\/\/ksproducts.ca\/wp-content\/uploads\/2026\/03\/CAT-Lighting-150-Lumen-LED-Low-Profile-Worklight-with-Racheting-Hook.webp","type":"image\/webp"}],"twitter_card":"summary_large_image","twitter_misc":{"Estimation du temps de lecture":"1 minute"},"schema":{"@context":"https:\/\/schema.org","@graph":[{"@type":"WebPage","@id":"https:\/\/ksproducts.ca\/product\/cat-lighting-150-lumen-led-low-profile-worklight-with-racheting-hook\/","url":"https:\/\/ksproducts.ca\/product\/cat-lighting-150-lumen-led-low-profile-worklight-with-racheting-hook\/","name":"CAT Lighting 150 Lumen LED Low Profile Worklight with Racheting Hook - Ks Products","isPartOf":{"@id":"https:\/\/ksproducts.ca\/#website"},"primaryImageOfPage":{"@id":"https:\/\/ksproducts.ca\/product\/cat-lighting-150-lumen-led-low-profile-worklight-with-racheting-hook\/#primaryimage"},"image":{"@id":"https:\/\/ksproducts.ca\/product\/cat-lighting-150-lumen-led-low-profile-worklight-with-racheting-hook\/#primaryimage"},"thumbnailUrl":"https:\/\/ksproducts.ca\/wp-content\/uploads\/2026\/03\/CAT-Lighting-150-Lumen-LED-Low-Profile-Worklight-with-Racheting-Hook.webp","datePublished":"2026-03-10T14:06:28+00:00","dateModified":"2026-03-16T15:03:06+00:00","breadcrumb":{"@id":"https:\/\/ksproducts.ca\/product\/cat-lighting-150-lumen-led-low-profile-worklight-with-racheting-hook\/#breadcrumb"},"inLanguage":"fr-CA","potentialAction":[{"@type":"ReadAction","target":["https:\/\/ksproducts.ca\/product\/cat-lighting-150-lumen-led-low-profile-worklight-with-racheting-hook\/"]}]},{"@type":"ImageObject","inLanguage":"fr-CA","@id":"https:\/\/ksproducts.ca\/product\/cat-lighting-150-lumen-led-low-profile-worklight-with-racheting-hook\/#primaryimage","url":"https:\/\/ksproducts.ca\/wp-content\/uploads\/2026\/03\/CAT-Lighting-150-Lumen-LED-Low-Profile-Worklight-with-Racheting-Hook.webp","contentUrl":"https:\/\/ksproducts.ca\/wp-content\/uploads\/2026\/03\/CAT-Lighting-150-Lumen-LED-Low-Profile-Worklight-with-Racheting-Hook.webp","width":700,"height":350,"caption":"CAT Lighting 150 Lumen LED Low Profile Worklight with Racheting Hook"},{"@type":"BreadcrumbList","@id":"https:\/\/ksproducts.ca\/product\/cat-lighting-150-lumen-led-low-profile-worklight-with-racheting-hook\/#breadcrumb","itemListElement":[{"@type":"ListItem","position":1,"name":"Home","item":"https:\/\/ksproducts.ca\/"},{"@type":"ListItem","position":2,"name":"Shop","item":"https:\/\/ksproducts.ca\/shop\/"},{"@type":"ListItem","position":3,"name":"CAT Lighting 150 Lumen LED Low Profile Worklight with Racheting Hook"}]},{"@type":"WebSite","@id":"https:\/\/ksproducts.ca\/#website","url":"https:\/\/ksproducts.ca\/","name":"Produits Ks","description":"Cuisiner et vivre en plein air, c'est facile au Canada","publisher":{"@id":"https:\/\/ksproducts.ca\/#organization"},"potentialAction":[{"@type":"SearchAction","target":{"@type":"EntryPoint","urlTemplate":"https:\/\/ksproducts.ca\/?s={search_term_string}"},"query-input":{"@type":"PropertyValueSpecification","valueRequired":true,"valueName":"search_term_string"}}],"inLanguage":"fr-CA"},{"@type":"Organization","@id":"https:\/\/ksproducts.ca\/#organization","name":"Produits Ks","url":"https:\/\/ksproducts.ca\/","logo":{"@type":"ImageObject","inLanguage":"fr-CA","@id":"https:\/\/ksproducts.ca\/#\/schema\/logo\/image\/","url":"https:\/\/ksproducts.ca\/wp-content\/uploads\/2023\/09\/Kennedy-Sales-Logo-header-1.png","contentUrl":"https:\/\/ksproducts.ca\/wp-content\/uploads\/2023\/09\/Kennedy-Sales-Logo-header-1.png","width":150,"height":77,"caption":"Ks Products"},"image":{"@id":"https:\/\/ksproducts.ca\/#\/schema\/logo\/image\/"}}]}},"_links":{"self":[{"href":"https:\/\/ksproducts.ca\/fr\/wp-json\/wp\/v2\/product\/12104","targetHints":{"allow":["GET"]}}],"collection":[{"href":"https:\/\/ksproducts.ca\/fr\/wp-json\/wp\/v2\/product"}],"about":[{"href":"https:\/\/ksproducts.ca\/fr\/wp-json\/wp\/v2\/types\/product"}],"replies":[{"embeddable":true,"href":"https:\/\/ksproducts.ca\/fr\/wp-json\/wp\/v2\/comments?post=12104"}],"version-history":[{"count":1,"href":"https:\/\/ksproducts.ca\/fr\/wp-json\/wp\/v2\/product\/12104\/revisions"}],"predecessor-version":[{"id":12106,"href":"https:\/\/ksproducts.ca\/fr\/wp-json\/wp\/v2\/product\/12104\/revisions\/12106"}],"wp:featuredmedia":[{"embeddable":true,"href":"https:\/\/ksproducts.ca\/fr\/wp-json\/wp\/v2\/media\/12105"}],"wp:attachment":[{"href":"https:\/\/ksproducts.ca\/fr\/wp-json\/wp\/v2\/media?parent=12104"}],"wp:term":[{"taxonomy":"product_cat","embeddable":true,"href":"https:\/\/ksproducts.ca\/fr\/wp-json\/wp\/v2\/product_cat?post=12104"},{"taxonomy":"product_tag","embeddable":true,"href":"https:\/\/ksproducts.ca\/fr\/wp-json\/wp\/v2\/product_tag?post=12104"}],"curies":[{"name":"wp","href":"https:\/\/api.w.org\/{rel}","templated":true}]}}