{"id":12110,"date":"2026-03-10T14:27:58","date_gmt":"2026-03-10T14:27:58","guid":{"rendered":"https:\/\/ksproducts.ca\/?post_type=product&#038;p=12110"},"modified":"2026-04-01T15:22:34","modified_gmt":"2026-04-01T15:22:34","slug":"meuleuse-a-double-rangee-de-diamants-4-1-2-pouces-300-echange-contre-beton-briques-dalles-platre-pierre","status":"publish","type":"product","link":"https:\/\/ksproducts.ca\/fr\/product\/cat-4-1-2inch-double-row-diamond-grinder-300-trade-for-conrete-bricks-slabs-plaster-stone\/","title":{"rendered":"CAT 4 1\/2inch Double Row Diamond Grinder - 300 Trade pour b\u00e9ton, briques, dalles, pl\u00e2tre, pierre"},"content":{"rendered":"<ul>\n<li data-start=\"723\" data-end=\"774\">Con\u00e7u pour les applications de construction et de carrelage<\/li>\n<li data-start=\"777\" data-end=\"840\">Convient pour le meulage de surface l\u00e9ger \u00e0 moyen et le nettoyage<\/li>\n<li data-start=\"843\" data-end=\"879\">Compatible avec les meuleuses d'angle<\/li>\n<li data-start=\"882\" data-end=\"941\">Granulom\u00e9trie de diamant grossi\u00e8re 50\/60 pour un meulage efficace<\/li>\n<li data-start=\"944\" data-end=\"1000\">Liaison moyennement agressive pour un enl\u00e8vement de mati\u00e8re plus rapide<\/li>\n<li data-start=\"1003\" data-end=\"1071\">Noyau en acier enti\u00e8rement rectifi\u00e9 pour une r\u00e9sistance et une durabilit\u00e9 maximales<\/li>\n<li data-start=\"1074\" data-end=\"1124\">Conception de gaines apparentes pour un fonctionnement plus frais<\/li>\n<li data-start=\"1127\" data-end=\"1175\">Id\u00e9al pour les passionn\u00e9s et les utilisateurs occasionnels<\/li>\n<li data-start=\"1178\" data-end=\"1228\">Offre une bonne dur\u00e9e de vie et une vitesse de broyage rapide<\/li>\n<\/ul>","protected":false},"excerpt":{"rendered":"<p>La meule Turbo Cup de la s\u00e9rie Cat 300 Trade est con\u00e7ue pour les travaux de construction et de carrelage, pour des travaux de nettoyage l\u00e9gers \u00e0 moyens. Con\u00e7ue pour \u00eatre utilis\u00e9e avec des meuleuses d'angle. Le produit est con\u00e7u avec un liant rapide et moyennement agressif de premi\u00e8re qualit\u00e9 avec un gros grain de diamant 50 \/ 60 # Mesh. Fabriqu\u00e9 \u00e0 partir d'un seul noyau d'acier robuste enti\u00e8rement rectifi\u00e9 pour la solidit\u00e9 et l'\u00e9limination du couple, le conduit d'air ouvert permet un fonctionnement plus froid, ce qui acc\u00e9l\u00e8re l'enl\u00e8vement de la mati\u00e8re et le meulage. Le choix parfait pour les passionn\u00e9s \/ utilisateurs occasionnels et les travaux de taille moyenne pour les utilisateurs qui veulent une bonne dur\u00e9e de vie et une bonne vitesse de meulage.disponible aux USA, non accr\u00e9dit\u00e9 par l'oSa.<\/p>\n<p>Pour de plus amples informations sur ce produit, veuillez consulter la section Documents relatifs au produit pour tous les manuels d'utilisation, guides d'installation, brochures et d\u00e9clarations de garantie t\u00e9l\u00e9chargeables.<\/p>","protected":false},"featured_media":0,"comment_status":"open","ping_status":"closed","template":"","meta":[],"product_cat":[451],"product_tag":[],"class_list":{"0":"post-12110","1":"product","2":"type-product","3":"status-publish","5":"product_cat-tools-equipment","6":"product_shipping_class-class-1","8":"first","9":"instock","10":"taxable","11":"shipping-taxable","12":"purchasable","13":"product-type-simple"},"yoast_head":"<!-- This site is optimized with the Yoast SEO plugin v27.4 - https:\/\/yoast.com\/product\/yoast-seo-wordpress\/ -->\n<title>CAT 4 1\/2inch Double Row Diamond Grinder - 300 Trade for conrete, bricks, slabs, plaster, stone - Ks Products<\/title>\n<meta name=\"robots\" content=\"index, follow, max-snippet:-1, max-image-preview:large, max-video-preview:-1\" \/>\n<link rel=\"canonical\" href=\"https:\/\/ksproducts.ca\/fr\/product\/meuleuse-a-double-rangee-de-diamants-4-1-2-pouces-300-echange-contre-beton-briques-dalles-platre-pierre\/\" \/>\n<meta property=\"og:locale\" content=\"fr_CA\" \/>\n<meta property=\"og:type\" content=\"article\" \/>\n<meta property=\"og:title\" content=\"CAT 4 1\/2inch Double Row Diamond Grinder - 300 Trade for conrete, bricks, slabs, plaster, stone - Ks Products\" \/>\n<meta property=\"og:description\" content=\"Cat 300 Trade Series Turbo Cup wheel is engineered for building and tiling work for light to medium tidy up work. Designed to be used with angle grinders. The product is engineered with a premium fast medium aggressive bond with coarse 50 \/ 60 # Mesh Diamond grit. Manufactured from a single heavy duty fully ground steel core for strength and eliminates torque and open air ducting enables cooler operation providing faster stock removal and faster grinding. The perfect choice for the enthusiast \/ occasional user and those medium size jobs for users that want a good life and grinding speed.Available in USA, non-oSa accredited.  For additional information on this product, please see the Product Documents section for all downloadable user manuals, installation guides, brochures and warranty statements.\" \/>\n<meta property=\"og:url\" content=\"https:\/\/ksproducts.ca\/fr\/product\/meuleuse-a-double-rangee-de-diamants-4-1-2-pouces-300-echange-contre-beton-briques-dalles-platre-pierre\/\" \/>\n<meta property=\"og:site_name\" content=\"Ks Products\" \/>\n<meta property=\"article:modified_time\" content=\"2026-04-01T15:22:34+00:00\" \/>\n<meta property=\"og:image\" content=\"https:\/\/ksproducts.ca\/wp-content\/uploads\/2023\/09\/Kennedy-Sales-Logo-header-1.png\" \/>\n\t<meta property=\"og:image:width\" content=\"150\" \/>\n\t<meta property=\"og:image:height\" content=\"77\" \/>\n\t<meta property=\"og:image:type\" content=\"image\/png\" \/>\n<meta name=\"twitter:card\" content=\"summary_large_image\" \/>\n<meta name=\"twitter:label1\" content=\"Estimation du temps de lecture\" \/>\n\t<meta name=\"twitter:data1\" content=\"1 minute\" \/>\n<script type=\"application\/ld+json\" class=\"yoast-schema-graph\">{\"@context\":\"https:\\\/\\\/schema.org\",\"@graph\":[{\"@type\":\"WebPage\",\"@id\":\"https:\\\/\\\/ksproducts.ca\\\/product\\\/cat-4-1-2inch-double-row-diamond-grinder-300-trade-for-conrete-bricks-slabs-plaster-stone\\\/\",\"url\":\"https:\\\/\\\/ksproducts.ca\\\/product\\\/cat-4-1-2inch-double-row-diamond-grinder-300-trade-for-conrete-bricks-slabs-plaster-stone\\\/\",\"name\":\"CAT 4 1\\\/2inch Double Row Diamond Grinder - 300 Trade for conrete, bricks, slabs, plaster, stone - Ks Products\",\"isPartOf\":{\"@id\":\"https:\\\/\\\/ksproducts.ca\\\/#website\"},\"datePublished\":\"2026-03-10T14:27:58+00:00\",\"dateModified\":\"2026-04-01T15:22:34+00:00\",\"breadcrumb\":{\"@id\":\"https:\\\/\\\/ksproducts.ca\\\/product\\\/cat-4-1-2inch-double-row-diamond-grinder-300-trade-for-conrete-bricks-slabs-plaster-stone\\\/#breadcrumb\"},\"inLanguage\":\"fr-CA\",\"potentialAction\":[{\"@type\":\"ReadAction\",\"target\":[\"https:\\\/\\\/ksproducts.ca\\\/product\\\/cat-4-1-2inch-double-row-diamond-grinder-300-trade-for-conrete-bricks-slabs-plaster-stone\\\/\"]}]},{\"@type\":\"BreadcrumbList\",\"@id\":\"https:\\\/\\\/ksproducts.ca\\\/product\\\/cat-4-1-2inch-double-row-diamond-grinder-300-trade-for-conrete-bricks-slabs-plaster-stone\\\/#breadcrumb\",\"itemListElement\":[{\"@type\":\"ListItem\",\"position\":1,\"name\":\"Home\",\"item\":\"https:\\\/\\\/ksproducts.ca\\\/\"},{\"@type\":\"ListItem\",\"position\":2,\"name\":\"Shop\",\"item\":\"https:\\\/\\\/ksproducts.ca\\\/shop\\\/\"},{\"@type\":\"ListItem\",\"position\":3,\"name\":\"CAT 4 1\\\/2inch Double Row Diamond Grinder &#8211; 300 Trade for conrete, bricks, slabs, plaster, stone\"}]},{\"@type\":\"WebSite\",\"@id\":\"https:\\\/\\\/ksproducts.ca\\\/#website\",\"url\":\"https:\\\/\\\/ksproducts.ca\\\/\",\"name\":\"Ks Products\",\"description\":\"Outdoor cooking and living, made easy in Canada\",\"publisher\":{\"@id\":\"https:\\\/\\\/ksproducts.ca\\\/#organization\"},\"potentialAction\":[{\"@type\":\"SearchAction\",\"target\":{\"@type\":\"EntryPoint\",\"urlTemplate\":\"https:\\\/\\\/ksproducts.ca\\\/?s={search_term_string}\"},\"query-input\":{\"@type\":\"PropertyValueSpecification\",\"valueRequired\":true,\"valueName\":\"search_term_string\"}}],\"inLanguage\":\"fr-CA\"},{\"@type\":\"Organization\",\"@id\":\"https:\\\/\\\/ksproducts.ca\\\/#organization\",\"name\":\"Ks Products\",\"url\":\"https:\\\/\\\/ksproducts.ca\\\/\",\"logo\":{\"@type\":\"ImageObject\",\"inLanguage\":\"fr-CA\",\"@id\":\"https:\\\/\\\/ksproducts.ca\\\/#\\\/schema\\\/logo\\\/image\\\/\",\"url\":\"https:\\\/\\\/ksproducts.ca\\\/wp-content\\\/uploads\\\/2023\\\/09\\\/Kennedy-Sales-Logo-header-1.png\",\"contentUrl\":\"https:\\\/\\\/ksproducts.ca\\\/wp-content\\\/uploads\\\/2023\\\/09\\\/Kennedy-Sales-Logo-header-1.png\",\"width\":150,\"height\":77,\"caption\":\"Ks Products\"},\"image\":{\"@id\":\"https:\\\/\\\/ksproducts.ca\\\/#\\\/schema\\\/logo\\\/image\\\/\"}}]}<\/script>\n<!-- \/ Yoast SEO plugin. -->","yoast_head_json":{"title":"Meuleuse diamant\u00e9e double rang\u00e9e CAT 4 1\/2 pouces - 300 Trade pour b\u00e9ton, briques, dalles, pl\u00e2tre, pierre - Produits Ks","robots":{"index":"index","follow":"follow","max-snippet":"max-snippet:-1","max-image-preview":"max-image-preview:large","max-video-preview":"max-video-preview:-1"},"canonical":"https:\/\/ksproducts.ca\/fr\/product\/meuleuse-a-double-rangee-de-diamants-4-1-2-pouces-300-echange-contre-beton-briques-dalles-platre-pierre\/","og_locale":"fr_CA","og_type":"article","og_title":"CAT 4 1\/2inch Double Row Diamond Grinder - 300 Trade for conrete, bricks, slabs, plaster, stone - Ks Products","og_description":"Cat 300 Trade Series Turbo Cup wheel is engineered for building and tiling work for light to medium tidy up work. Designed to be used with angle grinders. The product is engineered with a premium fast medium aggressive bond with coarse 50 \/ 60 # Mesh Diamond grit. Manufactured from a single heavy duty fully ground steel core for strength and eliminates torque and open air ducting enables cooler operation providing faster stock removal and faster grinding. The perfect choice for the enthusiast \/ occasional user and those medium size jobs for users that want a good life and grinding speed.Available in USA, non-oSa accredited.  For additional information on this product, please see the Product Documents section for all downloadable user manuals, installation guides, brochures and warranty statements.","og_url":"https:\/\/ksproducts.ca\/fr\/product\/meuleuse-a-double-rangee-de-diamants-4-1-2-pouces-300-echange-contre-beton-briques-dalles-platre-pierre\/","og_site_name":"Ks Products","article_modified_time":"2026-04-01T15:22:34+00:00","og_image":[{"width":150,"height":77,"url":"https:\/\/ksproducts.ca\/wp-content\/uploads\/2023\/09\/Kennedy-Sales-Logo-header-1.png","type":"image\/png"}],"twitter_card":"summary_large_image","twitter_misc":{"Estimation du temps de lecture":"1 minute"},"schema":{"@context":"https:\/\/schema.org","@graph":[{"@type":"WebPage","@id":"https:\/\/ksproducts.ca\/product\/cat-4-1-2inch-double-row-diamond-grinder-300-trade-for-conrete-bricks-slabs-plaster-stone\/","url":"https:\/\/ksproducts.ca\/product\/cat-4-1-2inch-double-row-diamond-grinder-300-trade-for-conrete-bricks-slabs-plaster-stone\/","name":"Meuleuse diamant\u00e9e double rang\u00e9e CAT 4 1\/2 pouces - 300 Trade pour b\u00e9ton, briques, dalles, pl\u00e2tre, pierre - Produits Ks","isPartOf":{"@id":"https:\/\/ksproducts.ca\/#website"},"datePublished":"2026-03-10T14:27:58+00:00","dateModified":"2026-04-01T15:22:34+00:00","breadcrumb":{"@id":"https:\/\/ksproducts.ca\/product\/cat-4-1-2inch-double-row-diamond-grinder-300-trade-for-conrete-bricks-slabs-plaster-stone\/#breadcrumb"},"inLanguage":"fr-CA","potentialAction":[{"@type":"ReadAction","target":["https:\/\/ksproducts.ca\/product\/cat-4-1-2inch-double-row-diamond-grinder-300-trade-for-conrete-bricks-slabs-plaster-stone\/"]}]},{"@type":"BreadcrumbList","@id":"https:\/\/ksproducts.ca\/product\/cat-4-1-2inch-double-row-diamond-grinder-300-trade-for-conrete-bricks-slabs-plaster-stone\/#breadcrumb","itemListElement":[{"@type":"ListItem","position":1,"name":"Home","item":"https:\/\/ksproducts.ca\/"},{"@type":"ListItem","position":2,"name":"Shop","item":"https:\/\/ksproducts.ca\/shop\/"},{"@type":"ListItem","position":3,"name":"CAT 4 1\/2inch Double Row Diamond Grinder &#8211; 300 Trade for conrete, bricks, slabs, plaster, stone"}]},{"@type":"WebSite","@id":"https:\/\/ksproducts.ca\/#website","url":"https:\/\/ksproducts.ca\/","name":"Produits Ks","description":"Cuisiner et vivre en plein air, c'est facile au Canada","publisher":{"@id":"https:\/\/ksproducts.ca\/#organization"},"potentialAction":[{"@type":"SearchAction","target":{"@type":"EntryPoint","urlTemplate":"https:\/\/ksproducts.ca\/?s={search_term_string}"},"query-input":{"@type":"PropertyValueSpecification","valueRequired":true,"valueName":"search_term_string"}}],"inLanguage":"fr-CA"},{"@type":"Organization","@id":"https:\/\/ksproducts.ca\/#organization","name":"Produits Ks","url":"https:\/\/ksproducts.ca\/","logo":{"@type":"ImageObject","inLanguage":"fr-CA","@id":"https:\/\/ksproducts.ca\/#\/schema\/logo\/image\/","url":"https:\/\/ksproducts.ca\/wp-content\/uploads\/2023\/09\/Kennedy-Sales-Logo-header-1.png","contentUrl":"https:\/\/ksproducts.ca\/wp-content\/uploads\/2023\/09\/Kennedy-Sales-Logo-header-1.png","width":150,"height":77,"caption":"Ks Products"},"image":{"@id":"https:\/\/ksproducts.ca\/#\/schema\/logo\/image\/"}}]}},"_links":{"self":[{"href":"https:\/\/ksproducts.ca\/fr\/wp-json\/wp\/v2\/product\/12110","targetHints":{"allow":["GET"]}}],"collection":[{"href":"https:\/\/ksproducts.ca\/fr\/wp-json\/wp\/v2\/product"}],"about":[{"href":"https:\/\/ksproducts.ca\/fr\/wp-json\/wp\/v2\/types\/product"}],"replies":[{"embeddable":true,"href":"https:\/\/ksproducts.ca\/fr\/wp-json\/wp\/v2\/comments?post=12110"}],"version-history":[{"count":1,"href":"https:\/\/ksproducts.ca\/fr\/wp-json\/wp\/v2\/product\/12110\/revisions"}],"predecessor-version":[{"id":12113,"href":"https:\/\/ksproducts.ca\/fr\/wp-json\/wp\/v2\/product\/12110\/revisions\/12113"}],"wp:attachment":[{"href":"https:\/\/ksproducts.ca\/fr\/wp-json\/wp\/v2\/media?parent=12110"}],"wp:term":[{"taxonomy":"product_cat","embeddable":true,"href":"https:\/\/ksproducts.ca\/fr\/wp-json\/wp\/v2\/product_cat?post=12110"},{"taxonomy":"product_tag","embeddable":true,"href":"https:\/\/ksproducts.ca\/fr\/wp-json\/wp\/v2\/product_tag?post=12110"}],"curies":[{"name":"wp","href":"https:\/\/api.w.org\/{rel}","templated":true}]}}