{"id":12114,"date":"2026-03-10T14:34:20","date_gmt":"2026-03-10T14:34:20","guid":{"rendered":"https:\/\/ksproducts.ca\/?post_type=product&#038;p=12114"},"modified":"2026-03-10T14:40:23","modified_gmt":"2026-03-10T14:40:23","slug":"luxor-mobile-double-side-porcelain-whiteboard-with-stand-marker-tray-72-x-40","status":"publish","type":"product","link":"https:\/\/ksproducts.ca\/fr\/product\/luxor-mobile-double-sided-porcelain-whiteboard-with-stand-marker-tray-72-x-40\/","title":{"rendered":"Luxor Mobile Tableau blanc double face en porcelaine avec support et bac \u00e0 marqueurs - 72 x 40"},"content":{"rendered":"<ul>\n<li>Poids du produit : 44.31 lbs.<\/li>\n<li>Surface d'\u00e9criture : 68.90\u201d L x 38.46\u201d H (x2)<\/li>\n<li>Plateau \u00e0 marqueurs : 71\u201d L x 3\u201d D D<\/li>\n<li>Dimensions d'exp\u00e9dition : 77.17\u201d L x 2.24\u201d D x 50\u201d H D x 50\" H<\/li>\n<li>Poids \u00e0 l'exp\u00e9dition : 67.68 lbs.<\/li>\n<\/ul>","protected":false},"excerpt":{"rendered":"<p>Le tableau blanc magn\u00e9tique en porcelaine de Luxor constitue une solution durable et polyvalente pour tout espace de travail. Con\u00e7ue pour r\u00e9sister \u00e0 un usage quotidien, la surface r\u00e9sistante aux taches, aux rayures et aux bosses garantit des performances durables. Ce tableau blanc magn\u00e9tique de qualit\u00e9 permet de fixer facilement des notes, des documents ou des rappels, ce qui le rend id\u00e9al pour les salles de classe, les bureaux et les espaces collaboratifs. Gr\u00e2ce \u00e0 sa r\u00e9sistance \u00e0 l'effacement, l'encre n'est pas absorb\u00e9e par la surface, ce qui permet de la garder propre apr\u00e8s chaque utilisation. Ce chevalet pour tableau blanc offre flexibilit\u00e9 et fonctionnalit\u00e9 gr\u00e2ce \u00e0 ses options mobiles et murales. Choisissez parmi diff\u00e9rentes tailles pour vous adapter \u00e0 votre environnement, y compris des mod\u00e8les de tableaux blancs de grande taille, et profitez de l'exp\u00e9rience d'\u00e9criture fluide pour am\u00e9liorer la cr\u00e9ativit\u00e9 et la productivit\u00e9.<\/p>","protected":false},"featured_media":12115,"comment_status":"open","ping_status":"closed","template":"","meta":[],"product_cat":[391,435],"product_tag":[],"class_list":{"0":"post-12114","1":"product","2":"type-product","3":"status-publish","4":"has-post-thumbnail","6":"product_cat-home-office-furnishings","7":"product_cat-whiteboards-glass-boards","8":"product_shipping_class-class-3","10":"first","11":"instock","12":"taxable","13":"shipping-taxable","14":"purchasable","15":"product-type-simple"},"yoast_head":"<!-- This site is optimized with the Yoast SEO plugin v27.3 - https:\/\/yoast.com\/product\/yoast-seo-wordpress\/ -->\n<title>Luxor Mobile Double-Sided Porcelain Whiteboard with Stand &amp; Marker Tray - 72 x 40 - Ks Products<\/title>\n<meta name=\"robots\" content=\"index, follow, max-snippet:-1, max-image-preview:large, max-video-preview:-1\" \/>\n<link rel=\"canonical\" href=\"https:\/\/ksproducts.ca\/fr\/product\/luxor-mobile-double-side-porcelain-whiteboard-with-stand-marker-tray-72-x-40\/\" \/>\n<meta property=\"og:locale\" content=\"fr_CA\" \/>\n<meta property=\"og:type\" content=\"article\" \/>\n<meta property=\"og:title\" content=\"Luxor Mobile Double-Sided Porcelain Whiteboard with Stand &amp; Marker Tray - 72 x 40 - Ks Products\" \/>\n<meta property=\"og:description\" content=\"Luxor&#039;s porcelain magnetic whiteboard provides a durable and versatile solution for any workspace. Crafted to withstand daily use, the stain-, scratch-, and dent-resistant surface ensures lasting performance. This quality-built magnetic whiteboard allows easy attachment of notes, documents, or reminders, making it perfect for classrooms, offices, and collaborative spaces. With ghosting resistance, the ink won&#039;t absorb into the surface, keeping it clean after every use. This whiteboard easel offers flexibility and functionality in mobile and wall-mounted options. Choose from various sizes to fit your environment, including large whiteboard models, and take advantage of the smooth writing experience to enhance creativity and productivity.\" \/>\n<meta property=\"og:url\" content=\"https:\/\/ksproducts.ca\/fr\/product\/luxor-mobile-double-side-porcelain-whiteboard-with-stand-marker-tray-72-x-40\/\" \/>\n<meta property=\"og:site_name\" content=\"Ks Products\" \/>\n<meta property=\"article:modified_time\" content=\"2026-03-10T14:40:23+00:00\" \/>\n<meta property=\"og:image\" content=\"https:\/\/ksproducts.ca\/wp-content\/uploads\/2026\/03\/Luxor-Mobile-Double-Sided-Porcelain-Whiteboard-with-Stand-Marker-Tray-72-x-40.jpg\" \/>\n\t<meta property=\"og:image:width\" content=\"800\" \/>\n\t<meta property=\"og:image:height\" content=\"800\" \/>\n\t<meta property=\"og:image:type\" content=\"image\/jpeg\" \/>\n<meta name=\"twitter:card\" content=\"summary_large_image\" \/>\n<meta name=\"twitter:label1\" content=\"Estimation du temps de lecture\" \/>\n\t<meta name=\"twitter:data1\" content=\"1 minute\" \/>\n<script type=\"application\/ld+json\" class=\"yoast-schema-graph\">{\"@context\":\"https:\\\/\\\/schema.org\",\"@graph\":[{\"@type\":\"WebPage\",\"@id\":\"https:\\\/\\\/ksproducts.ca\\\/product\\\/luxor-mobile-double-sided-porcelain-whiteboard-with-stand-marker-tray-72-x-40\\\/\",\"url\":\"https:\\\/\\\/ksproducts.ca\\\/product\\\/luxor-mobile-double-sided-porcelain-whiteboard-with-stand-marker-tray-72-x-40\\\/\",\"name\":\"Luxor Mobile Double-Sided Porcelain Whiteboard with Stand & Marker Tray - 72 x 40 - Ks Products\",\"isPartOf\":{\"@id\":\"https:\\\/\\\/ksproducts.ca\\\/#website\"},\"primaryImageOfPage\":{\"@id\":\"https:\\\/\\\/ksproducts.ca\\\/product\\\/luxor-mobile-double-sided-porcelain-whiteboard-with-stand-marker-tray-72-x-40\\\/#primaryimage\"},\"image\":{\"@id\":\"https:\\\/\\\/ksproducts.ca\\\/product\\\/luxor-mobile-double-sided-porcelain-whiteboard-with-stand-marker-tray-72-x-40\\\/#primaryimage\"},\"thumbnailUrl\":\"https:\\\/\\\/ksproducts.ca\\\/wp-content\\\/uploads\\\/2026\\\/03\\\/Luxor-Mobile-Double-Sided-Porcelain-Whiteboard-with-Stand-Marker-Tray-72-x-40.jpg\",\"datePublished\":\"2026-03-10T14:34:20+00:00\",\"dateModified\":\"2026-03-10T14:40:23+00:00\",\"breadcrumb\":{\"@id\":\"https:\\\/\\\/ksproducts.ca\\\/product\\\/luxor-mobile-double-sided-porcelain-whiteboard-with-stand-marker-tray-72-x-40\\\/#breadcrumb\"},\"inLanguage\":\"fr-CA\",\"potentialAction\":[{\"@type\":\"ReadAction\",\"target\":[\"https:\\\/\\\/ksproducts.ca\\\/product\\\/luxor-mobile-double-sided-porcelain-whiteboard-with-stand-marker-tray-72-x-40\\\/\"]}]},{\"@type\":\"ImageObject\",\"inLanguage\":\"fr-CA\",\"@id\":\"https:\\\/\\\/ksproducts.ca\\\/product\\\/luxor-mobile-double-sided-porcelain-whiteboard-with-stand-marker-tray-72-x-40\\\/#primaryimage\",\"url\":\"https:\\\/\\\/ksproducts.ca\\\/wp-content\\\/uploads\\\/2026\\\/03\\\/Luxor-Mobile-Double-Sided-Porcelain-Whiteboard-with-Stand-Marker-Tray-72-x-40.jpg\",\"contentUrl\":\"https:\\\/\\\/ksproducts.ca\\\/wp-content\\\/uploads\\\/2026\\\/03\\\/Luxor-Mobile-Double-Sided-Porcelain-Whiteboard-with-Stand-Marker-Tray-72-x-40.jpg\",\"width\":800,\"height\":800,\"caption\":\"Luxor Mobile Double Sided Porcelain Whiteboard with Stand & Marker Tray 72 x 40\"},{\"@type\":\"BreadcrumbList\",\"@id\":\"https:\\\/\\\/ksproducts.ca\\\/product\\\/luxor-mobile-double-sided-porcelain-whiteboard-with-stand-marker-tray-72-x-40\\\/#breadcrumb\",\"itemListElement\":[{\"@type\":\"ListItem\",\"position\":1,\"name\":\"Home\",\"item\":\"https:\\\/\\\/ksproducts.ca\\\/\"},{\"@type\":\"ListItem\",\"position\":2,\"name\":\"Shop\",\"item\":\"https:\\\/\\\/ksproducts.ca\\\/shop\\\/\"},{\"@type\":\"ListItem\",\"position\":3,\"name\":\"Luxor Mobile Double-Sided Porcelain Whiteboard with Stand &#038; Marker Tray &#8211; 72 x 40\"}]},{\"@type\":\"WebSite\",\"@id\":\"https:\\\/\\\/ksproducts.ca\\\/#website\",\"url\":\"https:\\\/\\\/ksproducts.ca\\\/\",\"name\":\"Ks Products\",\"description\":\"Outdoor cooking and living, made easy in Canada\",\"publisher\":{\"@id\":\"https:\\\/\\\/ksproducts.ca\\\/#organization\"},\"potentialAction\":[{\"@type\":\"SearchAction\",\"target\":{\"@type\":\"EntryPoint\",\"urlTemplate\":\"https:\\\/\\\/ksproducts.ca\\\/?s={search_term_string}\"},\"query-input\":{\"@type\":\"PropertyValueSpecification\",\"valueRequired\":true,\"valueName\":\"search_term_string\"}}],\"inLanguage\":\"fr-CA\"},{\"@type\":\"Organization\",\"@id\":\"https:\\\/\\\/ksproducts.ca\\\/#organization\",\"name\":\"Ks Products\",\"url\":\"https:\\\/\\\/ksproducts.ca\\\/\",\"logo\":{\"@type\":\"ImageObject\",\"inLanguage\":\"fr-CA\",\"@id\":\"https:\\\/\\\/ksproducts.ca\\\/#\\\/schema\\\/logo\\\/image\\\/\",\"url\":\"https:\\\/\\\/ksproducts.ca\\\/wp-content\\\/uploads\\\/2023\\\/09\\\/Kennedy-Sales-Logo-header-1.png\",\"contentUrl\":\"https:\\\/\\\/ksproducts.ca\\\/wp-content\\\/uploads\\\/2023\\\/09\\\/Kennedy-Sales-Logo-header-1.png\",\"width\":150,\"height\":77,\"caption\":\"Ks Products\"},\"image\":{\"@id\":\"https:\\\/\\\/ksproducts.ca\\\/#\\\/schema\\\/logo\\\/image\\\/\"}}]}<\/script>\n<!-- \/ Yoast SEO plugin. -->","yoast_head_json":{"title":"Luxor Mobile Tableau blanc double face en porcelaine avec support et bac \u00e0 marqueurs - 72 x 40 - Ks Products","robots":{"index":"index","follow":"follow","max-snippet":"max-snippet:-1","max-image-preview":"max-image-preview:large","max-video-preview":"max-video-preview:-1"},"canonical":"https:\/\/ksproducts.ca\/fr\/product\/luxor-mobile-double-side-porcelain-whiteboard-with-stand-marker-tray-72-x-40\/","og_locale":"fr_CA","og_type":"article","og_title":"Luxor Mobile Double-Sided Porcelain Whiteboard with Stand & Marker Tray - 72 x 40 - Ks Products","og_description":"Luxor's porcelain magnetic whiteboard provides a durable and versatile solution for any workspace. Crafted to withstand daily use, the stain-, scratch-, and dent-resistant surface ensures lasting performance. This quality-built magnetic whiteboard allows easy attachment of notes, documents, or reminders, making it perfect for classrooms, offices, and collaborative spaces. With ghosting resistance, the ink won't absorb into the surface, keeping it clean after every use. This whiteboard easel offers flexibility and functionality in mobile and wall-mounted options. Choose from various sizes to fit your environment, including large whiteboard models, and take advantage of the smooth writing experience to enhance creativity and productivity.","og_url":"https:\/\/ksproducts.ca\/fr\/product\/luxor-mobile-double-side-porcelain-whiteboard-with-stand-marker-tray-72-x-40\/","og_site_name":"Ks Products","article_modified_time":"2026-03-10T14:40:23+00:00","og_image":[{"width":800,"height":800,"url":"https:\/\/ksproducts.ca\/wp-content\/uploads\/2026\/03\/Luxor-Mobile-Double-Sided-Porcelain-Whiteboard-with-Stand-Marker-Tray-72-x-40.jpg","type":"image\/jpeg"}],"twitter_card":"summary_large_image","twitter_misc":{"Estimation du temps de lecture":"1 minute"},"schema":{"@context":"https:\/\/schema.org","@graph":[{"@type":"WebPage","@id":"https:\/\/ksproducts.ca\/product\/luxor-mobile-double-sided-porcelain-whiteboard-with-stand-marker-tray-72-x-40\/","url":"https:\/\/ksproducts.ca\/product\/luxor-mobile-double-sided-porcelain-whiteboard-with-stand-marker-tray-72-x-40\/","name":"Luxor Mobile Tableau blanc double face en porcelaine avec support et bac \u00e0 marqueurs - 72 x 40 - Ks Products","isPartOf":{"@id":"https:\/\/ksproducts.ca\/#website"},"primaryImageOfPage":{"@id":"https:\/\/ksproducts.ca\/product\/luxor-mobile-double-sided-porcelain-whiteboard-with-stand-marker-tray-72-x-40\/#primaryimage"},"image":{"@id":"https:\/\/ksproducts.ca\/product\/luxor-mobile-double-sided-porcelain-whiteboard-with-stand-marker-tray-72-x-40\/#primaryimage"},"thumbnailUrl":"https:\/\/ksproducts.ca\/wp-content\/uploads\/2026\/03\/Luxor-Mobile-Double-Sided-Porcelain-Whiteboard-with-Stand-Marker-Tray-72-x-40.jpg","datePublished":"2026-03-10T14:34:20+00:00","dateModified":"2026-03-10T14:40:23+00:00","breadcrumb":{"@id":"https:\/\/ksproducts.ca\/product\/luxor-mobile-double-sided-porcelain-whiteboard-with-stand-marker-tray-72-x-40\/#breadcrumb"},"inLanguage":"fr-CA","potentialAction":[{"@type":"ReadAction","target":["https:\/\/ksproducts.ca\/product\/luxor-mobile-double-sided-porcelain-whiteboard-with-stand-marker-tray-72-x-40\/"]}]},{"@type":"ImageObject","inLanguage":"fr-CA","@id":"https:\/\/ksproducts.ca\/product\/luxor-mobile-double-sided-porcelain-whiteboard-with-stand-marker-tray-72-x-40\/#primaryimage","url":"https:\/\/ksproducts.ca\/wp-content\/uploads\/2026\/03\/Luxor-Mobile-Double-Sided-Porcelain-Whiteboard-with-Stand-Marker-Tray-72-x-40.jpg","contentUrl":"https:\/\/ksproducts.ca\/wp-content\/uploads\/2026\/03\/Luxor-Mobile-Double-Sided-Porcelain-Whiteboard-with-Stand-Marker-Tray-72-x-40.jpg","width":800,"height":800,"caption":"Luxor Mobile Double Sided Porcelain Whiteboard with Stand & Marker Tray 72 x 40"},{"@type":"BreadcrumbList","@id":"https:\/\/ksproducts.ca\/product\/luxor-mobile-double-sided-porcelain-whiteboard-with-stand-marker-tray-72-x-40\/#breadcrumb","itemListElement":[{"@type":"ListItem","position":1,"name":"Home","item":"https:\/\/ksproducts.ca\/"},{"@type":"ListItem","position":2,"name":"Shop","item":"https:\/\/ksproducts.ca\/shop\/"},{"@type":"ListItem","position":3,"name":"Luxor Mobile Double-Sided Porcelain Whiteboard with Stand &#038; Marker Tray &#8211; 72 x 40"}]},{"@type":"WebSite","@id":"https:\/\/ksproducts.ca\/#website","url":"https:\/\/ksproducts.ca\/","name":"Produits Ks","description":"Cuisiner et vivre en plein air, c'est facile au Canada","publisher":{"@id":"https:\/\/ksproducts.ca\/#organization"},"potentialAction":[{"@type":"SearchAction","target":{"@type":"EntryPoint","urlTemplate":"https:\/\/ksproducts.ca\/?s={search_term_string}"},"query-input":{"@type":"PropertyValueSpecification","valueRequired":true,"valueName":"search_term_string"}}],"inLanguage":"fr-CA"},{"@type":"Organization","@id":"https:\/\/ksproducts.ca\/#organization","name":"Produits Ks","url":"https:\/\/ksproducts.ca\/","logo":{"@type":"ImageObject","inLanguage":"fr-CA","@id":"https:\/\/ksproducts.ca\/#\/schema\/logo\/image\/","url":"https:\/\/ksproducts.ca\/wp-content\/uploads\/2023\/09\/Kennedy-Sales-Logo-header-1.png","contentUrl":"https:\/\/ksproducts.ca\/wp-content\/uploads\/2023\/09\/Kennedy-Sales-Logo-header-1.png","width":150,"height":77,"caption":"Ks Products"},"image":{"@id":"https:\/\/ksproducts.ca\/#\/schema\/logo\/image\/"}}]}},"_links":{"self":[{"href":"https:\/\/ksproducts.ca\/fr\/wp-json\/wp\/v2\/product\/12114","targetHints":{"allow":["GET"]}}],"collection":[{"href":"https:\/\/ksproducts.ca\/fr\/wp-json\/wp\/v2\/product"}],"about":[{"href":"https:\/\/ksproducts.ca\/fr\/wp-json\/wp\/v2\/types\/product"}],"replies":[{"embeddable":true,"href":"https:\/\/ksproducts.ca\/fr\/wp-json\/wp\/v2\/comments?post=12114"}],"version-history":[{"count":1,"href":"https:\/\/ksproducts.ca\/fr\/wp-json\/wp\/v2\/product\/12114\/revisions"}],"predecessor-version":[{"id":12116,"href":"https:\/\/ksproducts.ca\/fr\/wp-json\/wp\/v2\/product\/12114\/revisions\/12116"}],"wp:featuredmedia":[{"embeddable":true,"href":"https:\/\/ksproducts.ca\/fr\/wp-json\/wp\/v2\/media\/12115"}],"wp:attachment":[{"href":"https:\/\/ksproducts.ca\/fr\/wp-json\/wp\/v2\/media?parent=12114"}],"wp:term":[{"taxonomy":"product_cat","embeddable":true,"href":"https:\/\/ksproducts.ca\/fr\/wp-json\/wp\/v2\/product_cat?post=12114"},{"taxonomy":"product_tag","embeddable":true,"href":"https:\/\/ksproducts.ca\/fr\/wp-json\/wp\/v2\/product_tag?post=12114"}],"curies":[{"name":"wp","href":"https:\/\/api.w.org\/{rel}","templated":true}]}}