{"id":12132,"date":"2026-03-10T15:11:18","date_gmt":"2026-03-10T15:11:18","guid":{"rendered":"https:\/\/ksproducts.ca\/?post_type=product&#038;p=12132"},"modified":"2026-03-10T15:11:18","modified_gmt":"2026-03-10T15:11:18","slug":"luxor-reclaim-free-standing-tabletop-desk-divider-acrylic-sneeze-guard-30-x-24","status":"publish","type":"product","link":"https:\/\/ksproducts.ca\/fr\/product\/luxor-reclaim-free-standing-tabletop-desk-divider-acrylic-sneeze-guard-30-x-24\/","title":{"rendered":"Luxor Reclaim S\u00e9parateur de bureau autoportant en acrylique Pare-haleine - 30 x 24"},"content":{"rendered":"<ul>\n<li>Aide \u00e0 se prot\u00e9ger de la toux et des \u00e9ternuements<\/li>\n<li>Barri\u00e8re acrylique transparente<\/li>\n<li>Conception autoportante<\/li>\n<li>Facile \u00e0 nettoyer<\/li>\n<\/ul>","protected":false},"excerpt":{"rendered":"<p>Les s\u00e9parateurs de bureau RECLAIM Acrylic Sneeze Guard de Luxors sont des barri\u00e8res de protection qui sont disponibles dans une vari\u00e9t\u00e9 d'options de montage intelligentes. Quelle que soit la configuration de l'espace de travail que vous essayez de r\u00e9am\u00e9nager, nous avons une solution de barri\u00e8re de s\u00e9paration sociale qui offre une installation facile et des performances sup\u00e9rieures. Faciles \u00e0 nettoyer et fabriqu\u00e9s \u00e0 partir de mat\u00e9riaux de haute qualit\u00e9, les panneaux de s\u00e9paration RECLAIM offrent une alternative rentable aux cabines pleine hauteur co\u00fbteuses, encombrantes et difficiles \u00e0 installer.<\/p>","protected":false},"featured_media":12130,"comment_status":"open","ping_status":"closed","template":"","meta":[],"product_cat":[435],"product_tag":[],"class_list":{"0":"post-12132","1":"product","2":"type-product","3":"status-publish","4":"has-post-thumbnail","6":"product_cat-whiteboards-glass-boards","7":"product_shipping_class-class-2","9":"first","10":"instock","11":"taxable","12":"shipping-taxable","13":"purchasable","14":"product-type-simple"},"yoast_head":"<!-- This site is optimized with the Yoast SEO plugin v27.3 - https:\/\/yoast.com\/product\/yoast-seo-wordpress\/ -->\n<title>Luxor Reclaim Free-standing Tabletop Desk Divider Acrylic Sneeze Guard - 30 x 24 - Ks Products<\/title>\n<meta name=\"robots\" content=\"index, follow, max-snippet:-1, max-image-preview:large, max-video-preview:-1\" \/>\n<link rel=\"canonical\" href=\"https:\/\/ksproducts.ca\/fr\/product\/luxor-reclaim-free-standing-tabletop-desk-divider-acrylic-sneeze-guard-30-x-24\/\" \/>\n<meta property=\"og:locale\" content=\"fr_CA\" \/>\n<meta property=\"og:type\" content=\"article\" \/>\n<meta property=\"og:title\" content=\"Luxor Reclaim Free-standing Tabletop Desk Divider Acrylic Sneeze Guard - 30 x 24 - Ks Products\" \/>\n<meta property=\"og:description\" content=\"Luxors RECLAIM Acrylic Sneeze Guard Desk Dividers are protective barriers that come in a variety of smart mounting options. No matter what workspace configuration youre trying to retrofit, we have a social distancing barrier solution that offers easy installation and superior performance. Easy to clean and constructed of high-quality materials, RECLAIM separation panels deliver a cost-effective alternative to pricey, bulky, and difficult to install full-height cubicles.\" \/>\n<meta property=\"og:url\" content=\"https:\/\/ksproducts.ca\/fr\/product\/luxor-reclaim-free-standing-tabletop-desk-divider-acrylic-sneeze-guard-30-x-24\/\" \/>\n<meta property=\"og:site_name\" content=\"Ks Products\" \/>\n<meta property=\"og:image\" content=\"https:\/\/ksproducts.ca\/wp-content\/uploads\/2026\/03\/Luxor-Reclaim-Free-standing-Tabletop-Desk-Divider-Acrylic-Sneeze-Guard-24-x-30.png\" \/>\n\t<meta property=\"og:image:width\" content=\"440\" \/>\n\t<meta property=\"og:image:height\" content=\"440\" \/>\n\t<meta property=\"og:image:type\" content=\"image\/png\" \/>\n<meta name=\"twitter:card\" content=\"summary_large_image\" \/>\n<meta name=\"twitter:label1\" content=\"Estimation du temps de lecture\" \/>\n\t<meta name=\"twitter:data1\" content=\"1 minute\" \/>\n<script type=\"application\/ld+json\" class=\"yoast-schema-graph\">{\"@context\":\"https:\\\/\\\/schema.org\",\"@graph\":[{\"@type\":\"WebPage\",\"@id\":\"https:\\\/\\\/ksproducts.ca\\\/product\\\/luxor-reclaim-free-standing-tabletop-desk-divider-acrylic-sneeze-guard-30-x-24\\\/\",\"url\":\"https:\\\/\\\/ksproducts.ca\\\/product\\\/luxor-reclaim-free-standing-tabletop-desk-divider-acrylic-sneeze-guard-30-x-24\\\/\",\"name\":\"Luxor Reclaim Free-standing Tabletop Desk Divider Acrylic Sneeze Guard - 30 x 24 - Ks Products\",\"isPartOf\":{\"@id\":\"https:\\\/\\\/ksproducts.ca\\\/#website\"},\"primaryImageOfPage\":{\"@id\":\"https:\\\/\\\/ksproducts.ca\\\/product\\\/luxor-reclaim-free-standing-tabletop-desk-divider-acrylic-sneeze-guard-30-x-24\\\/#primaryimage\"},\"image\":{\"@id\":\"https:\\\/\\\/ksproducts.ca\\\/product\\\/luxor-reclaim-free-standing-tabletop-desk-divider-acrylic-sneeze-guard-30-x-24\\\/#primaryimage\"},\"thumbnailUrl\":\"https:\\\/\\\/ksproducts.ca\\\/wp-content\\\/uploads\\\/2026\\\/03\\\/Luxor-Reclaim-Free-standing-Tabletop-Desk-Divider-Acrylic-Sneeze-Guard-24-x-30.png\",\"datePublished\":\"2026-03-10T15:11:18+00:00\",\"breadcrumb\":{\"@id\":\"https:\\\/\\\/ksproducts.ca\\\/product\\\/luxor-reclaim-free-standing-tabletop-desk-divider-acrylic-sneeze-guard-30-x-24\\\/#breadcrumb\"},\"inLanguage\":\"fr-CA\",\"potentialAction\":[{\"@type\":\"ReadAction\",\"target\":[\"https:\\\/\\\/ksproducts.ca\\\/product\\\/luxor-reclaim-free-standing-tabletop-desk-divider-acrylic-sneeze-guard-30-x-24\\\/\"]}]},{\"@type\":\"ImageObject\",\"inLanguage\":\"fr-CA\",\"@id\":\"https:\\\/\\\/ksproducts.ca\\\/product\\\/luxor-reclaim-free-standing-tabletop-desk-divider-acrylic-sneeze-guard-30-x-24\\\/#primaryimage\",\"url\":\"https:\\\/\\\/ksproducts.ca\\\/wp-content\\\/uploads\\\/2026\\\/03\\\/Luxor-Reclaim-Free-standing-Tabletop-Desk-Divider-Acrylic-Sneeze-Guard-24-x-30.png\",\"contentUrl\":\"https:\\\/\\\/ksproducts.ca\\\/wp-content\\\/uploads\\\/2026\\\/03\\\/Luxor-Reclaim-Free-standing-Tabletop-Desk-Divider-Acrylic-Sneeze-Guard-24-x-30.png\",\"width\":440,\"height\":440,\"caption\":\"Luxor Reclaim Free standing Tabletop Desk Divider Acrylic Sneeze Guard 24 x 30\"},{\"@type\":\"BreadcrumbList\",\"@id\":\"https:\\\/\\\/ksproducts.ca\\\/product\\\/luxor-reclaim-free-standing-tabletop-desk-divider-acrylic-sneeze-guard-30-x-24\\\/#breadcrumb\",\"itemListElement\":[{\"@type\":\"ListItem\",\"position\":1,\"name\":\"Home\",\"item\":\"https:\\\/\\\/ksproducts.ca\\\/\"},{\"@type\":\"ListItem\",\"position\":2,\"name\":\"Shop\",\"item\":\"https:\\\/\\\/ksproducts.ca\\\/shop\\\/\"},{\"@type\":\"ListItem\",\"position\":3,\"name\":\"Luxor Reclaim Free-standing Tabletop Desk Divider Acrylic Sneeze Guard &#8211; 30 x 24\"}]},{\"@type\":\"WebSite\",\"@id\":\"https:\\\/\\\/ksproducts.ca\\\/#website\",\"url\":\"https:\\\/\\\/ksproducts.ca\\\/\",\"name\":\"Ks Products\",\"description\":\"Outdoor cooking and living, made easy in Canada\",\"publisher\":{\"@id\":\"https:\\\/\\\/ksproducts.ca\\\/#organization\"},\"potentialAction\":[{\"@type\":\"SearchAction\",\"target\":{\"@type\":\"EntryPoint\",\"urlTemplate\":\"https:\\\/\\\/ksproducts.ca\\\/?s={search_term_string}\"},\"query-input\":{\"@type\":\"PropertyValueSpecification\",\"valueRequired\":true,\"valueName\":\"search_term_string\"}}],\"inLanguage\":\"fr-CA\"},{\"@type\":\"Organization\",\"@id\":\"https:\\\/\\\/ksproducts.ca\\\/#organization\",\"name\":\"Ks Products\",\"url\":\"https:\\\/\\\/ksproducts.ca\\\/\",\"logo\":{\"@type\":\"ImageObject\",\"inLanguage\":\"fr-CA\",\"@id\":\"https:\\\/\\\/ksproducts.ca\\\/#\\\/schema\\\/logo\\\/image\\\/\",\"url\":\"https:\\\/\\\/ksproducts.ca\\\/wp-content\\\/uploads\\\/2023\\\/09\\\/Kennedy-Sales-Logo-header-1.png\",\"contentUrl\":\"https:\\\/\\\/ksproducts.ca\\\/wp-content\\\/uploads\\\/2023\\\/09\\\/Kennedy-Sales-Logo-header-1.png\",\"width\":150,\"height\":77,\"caption\":\"Ks Products\"},\"image\":{\"@id\":\"https:\\\/\\\/ksproducts.ca\\\/#\\\/schema\\\/logo\\\/image\\\/\"}}]}<\/script>\n<!-- \/ Yoast SEO plugin. -->","yoast_head_json":{"title":"Luxor Reclaim S\u00e9parateur de bureau autoportant en acrylique Pare-haleine - 30 x 24 - Ks Products","robots":{"index":"index","follow":"follow","max-snippet":"max-snippet:-1","max-image-preview":"max-image-preview:large","max-video-preview":"max-video-preview:-1"},"canonical":"https:\/\/ksproducts.ca\/fr\/product\/luxor-reclaim-free-standing-tabletop-desk-divider-acrylic-sneeze-guard-30-x-24\/","og_locale":"fr_CA","og_type":"article","og_title":"Luxor Reclaim Free-standing Tabletop Desk Divider Acrylic Sneeze Guard - 30 x 24 - Ks Products","og_description":"Luxors RECLAIM Acrylic Sneeze Guard Desk Dividers are protective barriers that come in a variety of smart mounting options. No matter what workspace configuration youre trying to retrofit, we have a social distancing barrier solution that offers easy installation and superior performance. Easy to clean and constructed of high-quality materials, RECLAIM separation panels deliver a cost-effective alternative to pricey, bulky, and difficult to install full-height cubicles.","og_url":"https:\/\/ksproducts.ca\/fr\/product\/luxor-reclaim-free-standing-tabletop-desk-divider-acrylic-sneeze-guard-30-x-24\/","og_site_name":"Ks Products","og_image":[{"width":440,"height":440,"url":"https:\/\/ksproducts.ca\/wp-content\/uploads\/2026\/03\/Luxor-Reclaim-Free-standing-Tabletop-Desk-Divider-Acrylic-Sneeze-Guard-24-x-30.png","type":"image\/png"}],"twitter_card":"summary_large_image","twitter_misc":{"Estimation du temps de lecture":"1 minute"},"schema":{"@context":"https:\/\/schema.org","@graph":[{"@type":"WebPage","@id":"https:\/\/ksproducts.ca\/product\/luxor-reclaim-free-standing-tabletop-desk-divider-acrylic-sneeze-guard-30-x-24\/","url":"https:\/\/ksproducts.ca\/product\/luxor-reclaim-free-standing-tabletop-desk-divider-acrylic-sneeze-guard-30-x-24\/","name":"Luxor Reclaim S\u00e9parateur de bureau autoportant en acrylique Pare-haleine - 30 x 24 - Ks Products","isPartOf":{"@id":"https:\/\/ksproducts.ca\/#website"},"primaryImageOfPage":{"@id":"https:\/\/ksproducts.ca\/product\/luxor-reclaim-free-standing-tabletop-desk-divider-acrylic-sneeze-guard-30-x-24\/#primaryimage"},"image":{"@id":"https:\/\/ksproducts.ca\/product\/luxor-reclaim-free-standing-tabletop-desk-divider-acrylic-sneeze-guard-30-x-24\/#primaryimage"},"thumbnailUrl":"https:\/\/ksproducts.ca\/wp-content\/uploads\/2026\/03\/Luxor-Reclaim-Free-standing-Tabletop-Desk-Divider-Acrylic-Sneeze-Guard-24-x-30.png","datePublished":"2026-03-10T15:11:18+00:00","breadcrumb":{"@id":"https:\/\/ksproducts.ca\/product\/luxor-reclaim-free-standing-tabletop-desk-divider-acrylic-sneeze-guard-30-x-24\/#breadcrumb"},"inLanguage":"fr-CA","potentialAction":[{"@type":"ReadAction","target":["https:\/\/ksproducts.ca\/product\/luxor-reclaim-free-standing-tabletop-desk-divider-acrylic-sneeze-guard-30-x-24\/"]}]},{"@type":"ImageObject","inLanguage":"fr-CA","@id":"https:\/\/ksproducts.ca\/product\/luxor-reclaim-free-standing-tabletop-desk-divider-acrylic-sneeze-guard-30-x-24\/#primaryimage","url":"https:\/\/ksproducts.ca\/wp-content\/uploads\/2026\/03\/Luxor-Reclaim-Free-standing-Tabletop-Desk-Divider-Acrylic-Sneeze-Guard-24-x-30.png","contentUrl":"https:\/\/ksproducts.ca\/wp-content\/uploads\/2026\/03\/Luxor-Reclaim-Free-standing-Tabletop-Desk-Divider-Acrylic-Sneeze-Guard-24-x-30.png","width":440,"height":440,"caption":"Luxor Reclaim Free standing Tabletop Desk Divider Acrylic Sneeze Guard 24 x 30"},{"@type":"BreadcrumbList","@id":"https:\/\/ksproducts.ca\/product\/luxor-reclaim-free-standing-tabletop-desk-divider-acrylic-sneeze-guard-30-x-24\/#breadcrumb","itemListElement":[{"@type":"ListItem","position":1,"name":"Home","item":"https:\/\/ksproducts.ca\/"},{"@type":"ListItem","position":2,"name":"Shop","item":"https:\/\/ksproducts.ca\/shop\/"},{"@type":"ListItem","position":3,"name":"Luxor Reclaim Free-standing Tabletop Desk Divider Acrylic Sneeze Guard &#8211; 30 x 24"}]},{"@type":"WebSite","@id":"https:\/\/ksproducts.ca\/#website","url":"https:\/\/ksproducts.ca\/","name":"Produits Ks","description":"Cuisiner et vivre en plein air, c'est facile au Canada","publisher":{"@id":"https:\/\/ksproducts.ca\/#organization"},"potentialAction":[{"@type":"SearchAction","target":{"@type":"EntryPoint","urlTemplate":"https:\/\/ksproducts.ca\/?s={search_term_string}"},"query-input":{"@type":"PropertyValueSpecification","valueRequired":true,"valueName":"search_term_string"}}],"inLanguage":"fr-CA"},{"@type":"Organization","@id":"https:\/\/ksproducts.ca\/#organization","name":"Produits Ks","url":"https:\/\/ksproducts.ca\/","logo":{"@type":"ImageObject","inLanguage":"fr-CA","@id":"https:\/\/ksproducts.ca\/#\/schema\/logo\/image\/","url":"https:\/\/ksproducts.ca\/wp-content\/uploads\/2023\/09\/Kennedy-Sales-Logo-header-1.png","contentUrl":"https:\/\/ksproducts.ca\/wp-content\/uploads\/2023\/09\/Kennedy-Sales-Logo-header-1.png","width":150,"height":77,"caption":"Ks Products"},"image":{"@id":"https:\/\/ksproducts.ca\/#\/schema\/logo\/image\/"}}]}},"_links":{"self":[{"href":"https:\/\/ksproducts.ca\/fr\/wp-json\/wp\/v2\/product\/12132","targetHints":{"allow":["GET"]}}],"collection":[{"href":"https:\/\/ksproducts.ca\/fr\/wp-json\/wp\/v2\/product"}],"about":[{"href":"https:\/\/ksproducts.ca\/fr\/wp-json\/wp\/v2\/types\/product"}],"replies":[{"embeddable":true,"href":"https:\/\/ksproducts.ca\/fr\/wp-json\/wp\/v2\/comments?post=12132"}],"version-history":[{"count":1,"href":"https:\/\/ksproducts.ca\/fr\/wp-json\/wp\/v2\/product\/12132\/revisions"}],"predecessor-version":[{"id":12133,"href":"https:\/\/ksproducts.ca\/fr\/wp-json\/wp\/v2\/product\/12132\/revisions\/12133"}],"wp:featuredmedia":[{"embeddable":true,"href":"https:\/\/ksproducts.ca\/fr\/wp-json\/wp\/v2\/media\/12130"}],"wp:attachment":[{"href":"https:\/\/ksproducts.ca\/fr\/wp-json\/wp\/v2\/media?parent=12132"}],"wp:term":[{"taxonomy":"product_cat","embeddable":true,"href":"https:\/\/ksproducts.ca\/fr\/wp-json\/wp\/v2\/product_cat?post=12132"},{"taxonomy":"product_tag","embeddable":true,"href":"https:\/\/ksproducts.ca\/fr\/wp-json\/wp\/v2\/product_tag?post=12132"}],"curies":[{"name":"wp","href":"https:\/\/api.w.org\/{rel}","templated":true}]}}