{"id":12144,"date":"2026-03-10T15:35:22","date_gmt":"2026-03-10T15:35:22","guid":{"rendered":"https:\/\/ksproducts.ca\/?post_type=product&#038;p=12144"},"modified":"2026-03-13T14:30:48","modified_gmt":"2026-03-13T14:30:48","slug":"gunk-heavy-duty-gel-engine-degreaser-425g","status":"publish","type":"product","link":"https:\/\/ksproducts.ca\/fr\/product\/gunk-heavy-duty-gel-engine-degreaser-425g\/","title":{"rendered":"Gunk Heavy Duty Gel Engine Degreaser - 425g"},"content":{"rendered":"<ul>\n<li class=\"nl-features__information\">Sp\u00e9cifiquement formul\u00e9 pour \u00e9liminer les graisses cuites et les d\u00e9p\u00f4ts sur les moteurs qui fonctionnent \u00e0 plein r\u00e9gime.<\/li>\n<li class=\"nl-features__information\">P\u00e9n\u00e8tre en profondeur dans les graisses et les huiles les plus tenaces.<\/li>\n<li class=\"nl-features__information\">La formule g\u00e9lifi\u00e9e ultra-r\u00e9sistante adh\u00e8re pour un nettoyage de qualit\u00e9 sup\u00e9rieure.<\/li>\n<li class=\"nl-features__information\">Pas de nettoyage n\u00e9cessaire<\/li>\n<li class=\"nl-features__information\">Taille : 425 g<\/li>\n<\/ul>","protected":false},"excerpt":{"rendered":"<p>Que vous soyez sur le point de travailler sous le capot, de pr\u00e9parer votre v\u00e9hicule pour la revente ou que vous soyez juste en retard pour un d\u00e9tail personnalis\u00e9, donnez le coup de gr\u00e2ce \u00e0 la salet\u00e9 et \u00e0 la crasse avec le d\u00e9graissant pour moteur Heavy Duty Gel de GUNK. Son action g\u00e9lifi\u00e9e s'accroche rapidement aux composants du moteur pour \u00e9liminer la graisse et la salet\u00e9. Sp\u00e9cialement con\u00e7u pour les moteurs plus anciens ou plus chauds, Engine Degreaser Heavy Duty Gel est sans danger pour les plastiques, les caoutchoucs sous le capot et la peinture. GUNK, fabricant des nettoyants les plus puissants de la plan\u00e8te depuis plus de 55 ans, est l'une des marques #1 dans le domaine du d\u00e9graissage des moteurs.<\/p>","protected":false},"featured_media":12641,"comment_status":"open","ping_status":"closed","template":"","meta":[],"product_cat":[430],"product_tag":[],"class_list":{"0":"post-12144","1":"product","2":"type-product","3":"status-publish","4":"has-post-thumbnail","6":"product_cat-automotive-gear","7":"product_shipping_class-class-1","9":"first","10":"instock","11":"taxable","12":"shipping-taxable","13":"purchasable","14":"product-type-simple"},"yoast_head":"<!-- This site is optimized with the Yoast SEO plugin v27.3 - https:\/\/yoast.com\/product\/yoast-seo-wordpress\/ -->\n<title>Gunk Heavy Duty Gel Engine Degreaser - 425g - Ks Products<\/title>\n<meta name=\"robots\" content=\"index, follow, max-snippet:-1, max-image-preview:large, max-video-preview:-1\" \/>\n<link rel=\"canonical\" href=\"https:\/\/ksproducts.ca\/fr\/product\/gunk-heavy-duty-gel-engine-degreaser-425g\/\" \/>\n<meta property=\"og:locale\" content=\"fr_CA\" \/>\n<meta property=\"og:type\" content=\"article\" \/>\n<meta property=\"og:title\" content=\"Gunk Heavy Duty Gel Engine Degreaser - 425g - Ks Products\" \/>\n<meta property=\"og:description\" content=\"Whether you\u2019re about to work under the hood, prep your ride for resell or are just overdue for a custom detail, deal muck and grime it\u2019s final blow with GUNK\u2019s Engine Degreaser Heavy Duty Gel. It\u2019s Gel action quickly clings to engine components to remove grease and grime. Specifically designed for older or hotter running engines, Engine Degreaser Heavy Duty Gel is safe on plastics, under-hood rubber and paint. GUNK, makers of the toughest cleaners on the planet for over 55 years, is one of the #1 brands in engine degreasing.\" \/>\n<meta property=\"og:url\" content=\"https:\/\/ksproducts.ca\/fr\/product\/gunk-heavy-duty-gel-engine-degreaser-425g\/\" \/>\n<meta property=\"og:site_name\" content=\"Ks Products\" \/>\n<meta property=\"article:modified_time\" content=\"2026-03-13T14:30:48+00:00\" \/>\n<meta property=\"og:image\" content=\"https:\/\/ksproducts.ca\/wp-content\/uploads\/2026\/03\/EBGELC-1.jpg\" \/>\n\t<meta property=\"og:image:width\" content=\"800\" \/>\n\t<meta property=\"og:image:height\" content=\"800\" \/>\n\t<meta property=\"og:image:type\" content=\"image\/jpeg\" \/>\n<meta name=\"twitter:card\" content=\"summary_large_image\" \/>\n<meta name=\"twitter:label1\" content=\"Estimation du temps de lecture\" \/>\n\t<meta name=\"twitter:data1\" content=\"1 minute\" \/>\n<script type=\"application\/ld+json\" class=\"yoast-schema-graph\">{\"@context\":\"https:\\\/\\\/schema.org\",\"@graph\":[{\"@type\":\"WebPage\",\"@id\":\"https:\\\/\\\/ksproducts.ca\\\/product\\\/gunk-heavy-duty-gel-engine-degreaser-425g\\\/\",\"url\":\"https:\\\/\\\/ksproducts.ca\\\/product\\\/gunk-heavy-duty-gel-engine-degreaser-425g\\\/\",\"name\":\"Gunk Heavy Duty Gel Engine Degreaser - 425g - Ks Products\",\"isPartOf\":{\"@id\":\"https:\\\/\\\/ksproducts.ca\\\/#website\"},\"primaryImageOfPage\":{\"@id\":\"https:\\\/\\\/ksproducts.ca\\\/product\\\/gunk-heavy-duty-gel-engine-degreaser-425g\\\/#primaryimage\"},\"image\":{\"@id\":\"https:\\\/\\\/ksproducts.ca\\\/product\\\/gunk-heavy-duty-gel-engine-degreaser-425g\\\/#primaryimage\"},\"thumbnailUrl\":\"https:\\\/\\\/ksproducts.ca\\\/wp-content\\\/uploads\\\/2026\\\/03\\\/EBGELC-1.jpg\",\"datePublished\":\"2026-03-10T15:35:22+00:00\",\"dateModified\":\"2026-03-13T14:30:48+00:00\",\"breadcrumb\":{\"@id\":\"https:\\\/\\\/ksproducts.ca\\\/product\\\/gunk-heavy-duty-gel-engine-degreaser-425g\\\/#breadcrumb\"},\"inLanguage\":\"fr-CA\",\"potentialAction\":[{\"@type\":\"ReadAction\",\"target\":[\"https:\\\/\\\/ksproducts.ca\\\/product\\\/gunk-heavy-duty-gel-engine-degreaser-425g\\\/\"]}]},{\"@type\":\"ImageObject\",\"inLanguage\":\"fr-CA\",\"@id\":\"https:\\\/\\\/ksproducts.ca\\\/product\\\/gunk-heavy-duty-gel-engine-degreaser-425g\\\/#primaryimage\",\"url\":\"https:\\\/\\\/ksproducts.ca\\\/wp-content\\\/uploads\\\/2026\\\/03\\\/EBGELC-1.jpg\",\"contentUrl\":\"https:\\\/\\\/ksproducts.ca\\\/wp-content\\\/uploads\\\/2026\\\/03\\\/EBGELC-1.jpg\",\"width\":800,\"height\":800,\"caption\":\"Gunk Heavy Duty Gel Engine Degreaser - 425g\"},{\"@type\":\"BreadcrumbList\",\"@id\":\"https:\\\/\\\/ksproducts.ca\\\/product\\\/gunk-heavy-duty-gel-engine-degreaser-425g\\\/#breadcrumb\",\"itemListElement\":[{\"@type\":\"ListItem\",\"position\":1,\"name\":\"Home\",\"item\":\"https:\\\/\\\/ksproducts.ca\\\/\"},{\"@type\":\"ListItem\",\"position\":2,\"name\":\"Shop\",\"item\":\"https:\\\/\\\/ksproducts.ca\\\/shop\\\/\"},{\"@type\":\"ListItem\",\"position\":3,\"name\":\"Gunk Heavy Duty Gel Engine Degreaser &#8211; 425g\"}]},{\"@type\":\"WebSite\",\"@id\":\"https:\\\/\\\/ksproducts.ca\\\/#website\",\"url\":\"https:\\\/\\\/ksproducts.ca\\\/\",\"name\":\"Ks Products\",\"description\":\"Outdoor cooking and living, made easy in Canada\",\"publisher\":{\"@id\":\"https:\\\/\\\/ksproducts.ca\\\/#organization\"},\"potentialAction\":[{\"@type\":\"SearchAction\",\"target\":{\"@type\":\"EntryPoint\",\"urlTemplate\":\"https:\\\/\\\/ksproducts.ca\\\/?s={search_term_string}\"},\"query-input\":{\"@type\":\"PropertyValueSpecification\",\"valueRequired\":true,\"valueName\":\"search_term_string\"}}],\"inLanguage\":\"fr-CA\"},{\"@type\":\"Organization\",\"@id\":\"https:\\\/\\\/ksproducts.ca\\\/#organization\",\"name\":\"Ks Products\",\"url\":\"https:\\\/\\\/ksproducts.ca\\\/\",\"logo\":{\"@type\":\"ImageObject\",\"inLanguage\":\"fr-CA\",\"@id\":\"https:\\\/\\\/ksproducts.ca\\\/#\\\/schema\\\/logo\\\/image\\\/\",\"url\":\"https:\\\/\\\/ksproducts.ca\\\/wp-content\\\/uploads\\\/2023\\\/09\\\/Kennedy-Sales-Logo-header-1.png\",\"contentUrl\":\"https:\\\/\\\/ksproducts.ca\\\/wp-content\\\/uploads\\\/2023\\\/09\\\/Kennedy-Sales-Logo-header-1.png\",\"width\":150,\"height\":77,\"caption\":\"Ks Products\"},\"image\":{\"@id\":\"https:\\\/\\\/ksproducts.ca\\\/#\\\/schema\\\/logo\\\/image\\\/\"}}]}<\/script>\n<!-- \/ Yoast SEO plugin. -->","yoast_head_json":{"title":"Gunk Heavy Duty Gel Engine Degreaser - 425g - Ks Products","robots":{"index":"index","follow":"follow","max-snippet":"max-snippet:-1","max-image-preview":"max-image-preview:large","max-video-preview":"max-video-preview:-1"},"canonical":"https:\/\/ksproducts.ca\/fr\/product\/gunk-heavy-duty-gel-engine-degreaser-425g\/","og_locale":"fr_CA","og_type":"article","og_title":"Gunk Heavy Duty Gel Engine Degreaser - 425g - Ks Products","og_description":"Whether you\u2019re about to work under the hood, prep your ride for resell or are just overdue for a custom detail, deal muck and grime it\u2019s final blow with GUNK\u2019s Engine Degreaser Heavy Duty Gel. It\u2019s Gel action quickly clings to engine components to remove grease and grime. Specifically designed for older or hotter running engines, Engine Degreaser Heavy Duty Gel is safe on plastics, under-hood rubber and paint. GUNK, makers of the toughest cleaners on the planet for over 55 years, is one of the #1 brands in engine degreasing.","og_url":"https:\/\/ksproducts.ca\/fr\/product\/gunk-heavy-duty-gel-engine-degreaser-425g\/","og_site_name":"Ks Products","article_modified_time":"2026-03-13T14:30:48+00:00","og_image":[{"width":800,"height":800,"url":"https:\/\/ksproducts.ca\/wp-content\/uploads\/2026\/03\/EBGELC-1.jpg","type":"image\/jpeg"}],"twitter_card":"summary_large_image","twitter_misc":{"Estimation du temps de lecture":"1 minute"},"schema":{"@context":"https:\/\/schema.org","@graph":[{"@type":"WebPage","@id":"https:\/\/ksproducts.ca\/product\/gunk-heavy-duty-gel-engine-degreaser-425g\/","url":"https:\/\/ksproducts.ca\/product\/gunk-heavy-duty-gel-engine-degreaser-425g\/","name":"Gunk Heavy Duty Gel Engine Degreaser - 425g - Ks Products","isPartOf":{"@id":"https:\/\/ksproducts.ca\/#website"},"primaryImageOfPage":{"@id":"https:\/\/ksproducts.ca\/product\/gunk-heavy-duty-gel-engine-degreaser-425g\/#primaryimage"},"image":{"@id":"https:\/\/ksproducts.ca\/product\/gunk-heavy-duty-gel-engine-degreaser-425g\/#primaryimage"},"thumbnailUrl":"https:\/\/ksproducts.ca\/wp-content\/uploads\/2026\/03\/EBGELC-1.jpg","datePublished":"2026-03-10T15:35:22+00:00","dateModified":"2026-03-13T14:30:48+00:00","breadcrumb":{"@id":"https:\/\/ksproducts.ca\/product\/gunk-heavy-duty-gel-engine-degreaser-425g\/#breadcrumb"},"inLanguage":"fr-CA","potentialAction":[{"@type":"ReadAction","target":["https:\/\/ksproducts.ca\/product\/gunk-heavy-duty-gel-engine-degreaser-425g\/"]}]},{"@type":"ImageObject","inLanguage":"fr-CA","@id":"https:\/\/ksproducts.ca\/product\/gunk-heavy-duty-gel-engine-degreaser-425g\/#primaryimage","url":"https:\/\/ksproducts.ca\/wp-content\/uploads\/2026\/03\/EBGELC-1.jpg","contentUrl":"https:\/\/ksproducts.ca\/wp-content\/uploads\/2026\/03\/EBGELC-1.jpg","width":800,"height":800,"caption":"Gunk Heavy Duty Gel Engine Degreaser - 425g"},{"@type":"BreadcrumbList","@id":"https:\/\/ksproducts.ca\/product\/gunk-heavy-duty-gel-engine-degreaser-425g\/#breadcrumb","itemListElement":[{"@type":"ListItem","position":1,"name":"Home","item":"https:\/\/ksproducts.ca\/"},{"@type":"ListItem","position":2,"name":"Shop","item":"https:\/\/ksproducts.ca\/shop\/"},{"@type":"ListItem","position":3,"name":"Gunk Heavy Duty Gel Engine Degreaser &#8211; 425g"}]},{"@type":"WebSite","@id":"https:\/\/ksproducts.ca\/#website","url":"https:\/\/ksproducts.ca\/","name":"Produits Ks","description":"Cuisiner et vivre en plein air, c'est facile au Canada","publisher":{"@id":"https:\/\/ksproducts.ca\/#organization"},"potentialAction":[{"@type":"SearchAction","target":{"@type":"EntryPoint","urlTemplate":"https:\/\/ksproducts.ca\/?s={search_term_string}"},"query-input":{"@type":"PropertyValueSpecification","valueRequired":true,"valueName":"search_term_string"}}],"inLanguage":"fr-CA"},{"@type":"Organization","@id":"https:\/\/ksproducts.ca\/#organization","name":"Produits Ks","url":"https:\/\/ksproducts.ca\/","logo":{"@type":"ImageObject","inLanguage":"fr-CA","@id":"https:\/\/ksproducts.ca\/#\/schema\/logo\/image\/","url":"https:\/\/ksproducts.ca\/wp-content\/uploads\/2023\/09\/Kennedy-Sales-Logo-header-1.png","contentUrl":"https:\/\/ksproducts.ca\/wp-content\/uploads\/2023\/09\/Kennedy-Sales-Logo-header-1.png","width":150,"height":77,"caption":"Ks Products"},"image":{"@id":"https:\/\/ksproducts.ca\/#\/schema\/logo\/image\/"}}]}},"_links":{"self":[{"href":"https:\/\/ksproducts.ca\/fr\/wp-json\/wp\/v2\/product\/12144","targetHints":{"allow":["GET"]}}],"collection":[{"href":"https:\/\/ksproducts.ca\/fr\/wp-json\/wp\/v2\/product"}],"about":[{"href":"https:\/\/ksproducts.ca\/fr\/wp-json\/wp\/v2\/types\/product"}],"replies":[{"embeddable":true,"href":"https:\/\/ksproducts.ca\/fr\/wp-json\/wp\/v2\/comments?post=12144"}],"version-history":[{"count":1,"href":"https:\/\/ksproducts.ca\/fr\/wp-json\/wp\/v2\/product\/12144\/revisions"}],"predecessor-version":[{"id":12147,"href":"https:\/\/ksproducts.ca\/fr\/wp-json\/wp\/v2\/product\/12144\/revisions\/12147"}],"wp:featuredmedia":[{"embeddable":true,"href":"https:\/\/ksproducts.ca\/fr\/wp-json\/wp\/v2\/media\/12641"}],"wp:attachment":[{"href":"https:\/\/ksproducts.ca\/fr\/wp-json\/wp\/v2\/media?parent=12144"}],"wp:term":[{"taxonomy":"product_cat","embeddable":true,"href":"https:\/\/ksproducts.ca\/fr\/wp-json\/wp\/v2\/product_cat?post=12144"},{"taxonomy":"product_tag","embeddable":true,"href":"https:\/\/ksproducts.ca\/fr\/wp-json\/wp\/v2\/product_tag?post=12144"}],"curies":[{"name":"wp","href":"https:\/\/api.w.org\/{rel}","templated":true}]}}