{"id":12149,"date":"2026-03-10T15:40:52","date_gmt":"2026-03-10T15:40:52","guid":{"rendered":"https:\/\/ksproducts.ca\/?post_type=product&#038;p=12149"},"modified":"2026-03-10T15:40:52","modified_gmt":"2026-03-10T15:40:52","slug":"gunk-engine-cleaner-degreaser-with-trigger-spray-946ml","status":"publish","type":"product","link":"https:\/\/ksproducts.ca\/fr\/product\/gunk-engine-cleaner-degreaser-with-trigger-spray-946ml\/","title":{"rendered":"Gunk Engine Cleaner &amp; Degreaser with Trigger Spray - 946ml"},"content":{"rendered":"<ul>\n<li>Removes tough road grime, oil &amp; grease<\/li>\n<li>Safe on all metal &amp; plastic surfaces under the hood<\/li>\n<li>Zero VOC<\/li>\n<\/ul>","protected":false},"excerpt":{"rendered":"<p>Con\u00e7u pour nettoyer et d\u00e9graisser en toute s\u00e9curit\u00e9 toutes les surfaces de votre moteur. Tout comme notre d\u00e9graissant moteur original, cette formule est con\u00e7ue pour s'attaquer \u00e0 la salet\u00e9, \u00e0 la graisse et \u00e0 l'huile les plus tenaces de la route et est facilement biod\u00e9gradable.<\/p>","protected":false},"featured_media":12151,"comment_status":"open","ping_status":"closed","template":"","meta":[],"product_cat":[430],"product_tag":[],"class_list":{"0":"post-12149","1":"product","2":"type-product","3":"status-publish","4":"has-post-thumbnail","6":"product_cat-automotive-gear","7":"product_shipping_class-class-1","9":"first","10":"instock","11":"taxable","12":"shipping-taxable","13":"purchasable","14":"product-type-simple"},"yoast_head":"<!-- This site is optimized with the Yoast SEO plugin v27.3 - https:\/\/yoast.com\/product\/yoast-seo-wordpress\/ -->\n<title>Gunk Engine Cleaner &amp; Degreaser with Trigger Spray - 946ml - Ks Products<\/title>\n<meta name=\"robots\" content=\"index, follow, max-snippet:-1, max-image-preview:large, max-video-preview:-1\" \/>\n<link rel=\"canonical\" href=\"https:\/\/ksproducts.ca\/fr\/product\/gunk-engine-cleaner-degreaser-with-trigger-spray-946ml\/\" \/>\n<meta property=\"og:locale\" content=\"fr_CA\" \/>\n<meta property=\"og:type\" content=\"article\" \/>\n<meta property=\"og:title\" content=\"Gunk Engine Cleaner &amp; Degreaser with Trigger Spray - 946ml - Ks Products\" \/>\n<meta property=\"og:description\" content=\"Designed to safely clean &amp; degrease every surface of your engine. Just like our Original Engine Degreaser, this formula is built to tackle the toughest dirt, grease and oil the road can throw at it and is readily biodegradable.\" \/>\n<meta property=\"og:url\" content=\"https:\/\/ksproducts.ca\/fr\/product\/gunk-engine-cleaner-degreaser-with-trigger-spray-946ml\/\" \/>\n<meta property=\"og:site_name\" content=\"Ks Products\" \/>\n<meta property=\"og:image\" content=\"https:\/\/ksproducts.ca\/wp-content\/uploads\/2026\/03\/Gunk-Engine-Cleaner-Degreaser-with-Trigger-Spray-946ml.png\" \/>\n\t<meta property=\"og:image:width\" content=\"440\" \/>\n\t<meta property=\"og:image:height\" content=\"440\" \/>\n\t<meta property=\"og:image:type\" content=\"image\/png\" \/>\n<meta name=\"twitter:card\" content=\"summary_large_image\" \/>\n<meta name=\"twitter:label1\" content=\"Estimation du temps de lecture\" \/>\n\t<meta name=\"twitter:data1\" content=\"1 minute\" \/>\n<script type=\"application\/ld+json\" class=\"yoast-schema-graph\">{\"@context\":\"https:\\\/\\\/schema.org\",\"@graph\":[{\"@type\":\"WebPage\",\"@id\":\"https:\\\/\\\/ksproducts.ca\\\/product\\\/gunk-engine-cleaner-degreaser-with-trigger-spray-946ml\\\/\",\"url\":\"https:\\\/\\\/ksproducts.ca\\\/product\\\/gunk-engine-cleaner-degreaser-with-trigger-spray-946ml\\\/\",\"name\":\"Gunk Engine Cleaner & Degreaser with Trigger Spray - 946ml - Ks Products\",\"isPartOf\":{\"@id\":\"https:\\\/\\\/ksproducts.ca\\\/#website\"},\"primaryImageOfPage\":{\"@id\":\"https:\\\/\\\/ksproducts.ca\\\/product\\\/gunk-engine-cleaner-degreaser-with-trigger-spray-946ml\\\/#primaryimage\"},\"image\":{\"@id\":\"https:\\\/\\\/ksproducts.ca\\\/product\\\/gunk-engine-cleaner-degreaser-with-trigger-spray-946ml\\\/#primaryimage\"},\"thumbnailUrl\":\"https:\\\/\\\/ksproducts.ca\\\/wp-content\\\/uploads\\\/2026\\\/03\\\/Gunk-Engine-Cleaner-Degreaser-with-Trigger-Spray-946ml.png\",\"datePublished\":\"2026-03-10T15:40:52+00:00\",\"breadcrumb\":{\"@id\":\"https:\\\/\\\/ksproducts.ca\\\/product\\\/gunk-engine-cleaner-degreaser-with-trigger-spray-946ml\\\/#breadcrumb\"},\"inLanguage\":\"fr-CA\",\"potentialAction\":[{\"@type\":\"ReadAction\",\"target\":[\"https:\\\/\\\/ksproducts.ca\\\/product\\\/gunk-engine-cleaner-degreaser-with-trigger-spray-946ml\\\/\"]}]},{\"@type\":\"ImageObject\",\"inLanguage\":\"fr-CA\",\"@id\":\"https:\\\/\\\/ksproducts.ca\\\/product\\\/gunk-engine-cleaner-degreaser-with-trigger-spray-946ml\\\/#primaryimage\",\"url\":\"https:\\\/\\\/ksproducts.ca\\\/wp-content\\\/uploads\\\/2026\\\/03\\\/Gunk-Engine-Cleaner-Degreaser-with-Trigger-Spray-946ml.png\",\"contentUrl\":\"https:\\\/\\\/ksproducts.ca\\\/wp-content\\\/uploads\\\/2026\\\/03\\\/Gunk-Engine-Cleaner-Degreaser-with-Trigger-Spray-946ml.png\",\"width\":440,\"height\":440,\"caption\":\"Gunk Engine Cleaner & Degreaser with Trigger Spray 946ml\"},{\"@type\":\"BreadcrumbList\",\"@id\":\"https:\\\/\\\/ksproducts.ca\\\/product\\\/gunk-engine-cleaner-degreaser-with-trigger-spray-946ml\\\/#breadcrumb\",\"itemListElement\":[{\"@type\":\"ListItem\",\"position\":1,\"name\":\"Home\",\"item\":\"https:\\\/\\\/ksproducts.ca\\\/\"},{\"@type\":\"ListItem\",\"position\":2,\"name\":\"Shop\",\"item\":\"https:\\\/\\\/ksproducts.ca\\\/shop\\\/\"},{\"@type\":\"ListItem\",\"position\":3,\"name\":\"Gunk Engine Cleaner &#038; Degreaser with Trigger Spray &#8211; 946ml\"}]},{\"@type\":\"WebSite\",\"@id\":\"https:\\\/\\\/ksproducts.ca\\\/#website\",\"url\":\"https:\\\/\\\/ksproducts.ca\\\/\",\"name\":\"Ks Products\",\"description\":\"Outdoor cooking and living, made easy in Canada\",\"publisher\":{\"@id\":\"https:\\\/\\\/ksproducts.ca\\\/#organization\"},\"potentialAction\":[{\"@type\":\"SearchAction\",\"target\":{\"@type\":\"EntryPoint\",\"urlTemplate\":\"https:\\\/\\\/ksproducts.ca\\\/?s={search_term_string}\"},\"query-input\":{\"@type\":\"PropertyValueSpecification\",\"valueRequired\":true,\"valueName\":\"search_term_string\"}}],\"inLanguage\":\"fr-CA\"},{\"@type\":\"Organization\",\"@id\":\"https:\\\/\\\/ksproducts.ca\\\/#organization\",\"name\":\"Ks Products\",\"url\":\"https:\\\/\\\/ksproducts.ca\\\/\",\"logo\":{\"@type\":\"ImageObject\",\"inLanguage\":\"fr-CA\",\"@id\":\"https:\\\/\\\/ksproducts.ca\\\/#\\\/schema\\\/logo\\\/image\\\/\",\"url\":\"https:\\\/\\\/ksproducts.ca\\\/wp-content\\\/uploads\\\/2023\\\/09\\\/Kennedy-Sales-Logo-header-1.png\",\"contentUrl\":\"https:\\\/\\\/ksproducts.ca\\\/wp-content\\\/uploads\\\/2023\\\/09\\\/Kennedy-Sales-Logo-header-1.png\",\"width\":150,\"height\":77,\"caption\":\"Ks Products\"},\"image\":{\"@id\":\"https:\\\/\\\/ksproducts.ca\\\/#\\\/schema\\\/logo\\\/image\\\/\"}}]}<\/script>\n<!-- \/ Yoast SEO plugin. -->","yoast_head_json":{"title":"Gunk Engine Cleaner & Degreaser with Trigger Spray - 946ml - Ks Products","robots":{"index":"index","follow":"follow","max-snippet":"max-snippet:-1","max-image-preview":"max-image-preview:large","max-video-preview":"max-video-preview:-1"},"canonical":"https:\/\/ksproducts.ca\/fr\/product\/gunk-engine-cleaner-degreaser-with-trigger-spray-946ml\/","og_locale":"fr_CA","og_type":"article","og_title":"Gunk Engine Cleaner & Degreaser with Trigger Spray - 946ml - Ks Products","og_description":"Designed to safely clean &amp; degrease every surface of your engine. Just like our Original Engine Degreaser, this formula is built to tackle the toughest dirt, grease and oil the road can throw at it and is readily biodegradable.","og_url":"https:\/\/ksproducts.ca\/fr\/product\/gunk-engine-cleaner-degreaser-with-trigger-spray-946ml\/","og_site_name":"Ks Products","og_image":[{"width":440,"height":440,"url":"https:\/\/ksproducts.ca\/wp-content\/uploads\/2026\/03\/Gunk-Engine-Cleaner-Degreaser-with-Trigger-Spray-946ml.png","type":"image\/png"}],"twitter_card":"summary_large_image","twitter_misc":{"Estimation du temps de lecture":"1 minute"},"schema":{"@context":"https:\/\/schema.org","@graph":[{"@type":"WebPage","@id":"https:\/\/ksproducts.ca\/product\/gunk-engine-cleaner-degreaser-with-trigger-spray-946ml\/","url":"https:\/\/ksproducts.ca\/product\/gunk-engine-cleaner-degreaser-with-trigger-spray-946ml\/","name":"Gunk Engine Cleaner & Degreaser with Trigger Spray - 946ml - Ks Products","isPartOf":{"@id":"https:\/\/ksproducts.ca\/#website"},"primaryImageOfPage":{"@id":"https:\/\/ksproducts.ca\/product\/gunk-engine-cleaner-degreaser-with-trigger-spray-946ml\/#primaryimage"},"image":{"@id":"https:\/\/ksproducts.ca\/product\/gunk-engine-cleaner-degreaser-with-trigger-spray-946ml\/#primaryimage"},"thumbnailUrl":"https:\/\/ksproducts.ca\/wp-content\/uploads\/2026\/03\/Gunk-Engine-Cleaner-Degreaser-with-Trigger-Spray-946ml.png","datePublished":"2026-03-10T15:40:52+00:00","breadcrumb":{"@id":"https:\/\/ksproducts.ca\/product\/gunk-engine-cleaner-degreaser-with-trigger-spray-946ml\/#breadcrumb"},"inLanguage":"fr-CA","potentialAction":[{"@type":"ReadAction","target":["https:\/\/ksproducts.ca\/product\/gunk-engine-cleaner-degreaser-with-trigger-spray-946ml\/"]}]},{"@type":"ImageObject","inLanguage":"fr-CA","@id":"https:\/\/ksproducts.ca\/product\/gunk-engine-cleaner-degreaser-with-trigger-spray-946ml\/#primaryimage","url":"https:\/\/ksproducts.ca\/wp-content\/uploads\/2026\/03\/Gunk-Engine-Cleaner-Degreaser-with-Trigger-Spray-946ml.png","contentUrl":"https:\/\/ksproducts.ca\/wp-content\/uploads\/2026\/03\/Gunk-Engine-Cleaner-Degreaser-with-Trigger-Spray-946ml.png","width":440,"height":440,"caption":"Gunk Engine Cleaner & Degreaser with Trigger Spray 946ml"},{"@type":"BreadcrumbList","@id":"https:\/\/ksproducts.ca\/product\/gunk-engine-cleaner-degreaser-with-trigger-spray-946ml\/#breadcrumb","itemListElement":[{"@type":"ListItem","position":1,"name":"Home","item":"https:\/\/ksproducts.ca\/"},{"@type":"ListItem","position":2,"name":"Shop","item":"https:\/\/ksproducts.ca\/shop\/"},{"@type":"ListItem","position":3,"name":"Gunk Engine Cleaner &#038; Degreaser with Trigger Spray &#8211; 946ml"}]},{"@type":"WebSite","@id":"https:\/\/ksproducts.ca\/#website","url":"https:\/\/ksproducts.ca\/","name":"Produits Ks","description":"Cuisiner et vivre en plein air, c'est facile au Canada","publisher":{"@id":"https:\/\/ksproducts.ca\/#organization"},"potentialAction":[{"@type":"SearchAction","target":{"@type":"EntryPoint","urlTemplate":"https:\/\/ksproducts.ca\/?s={search_term_string}"},"query-input":{"@type":"PropertyValueSpecification","valueRequired":true,"valueName":"search_term_string"}}],"inLanguage":"fr-CA"},{"@type":"Organization","@id":"https:\/\/ksproducts.ca\/#organization","name":"Produits Ks","url":"https:\/\/ksproducts.ca\/","logo":{"@type":"ImageObject","inLanguage":"fr-CA","@id":"https:\/\/ksproducts.ca\/#\/schema\/logo\/image\/","url":"https:\/\/ksproducts.ca\/wp-content\/uploads\/2023\/09\/Kennedy-Sales-Logo-header-1.png","contentUrl":"https:\/\/ksproducts.ca\/wp-content\/uploads\/2023\/09\/Kennedy-Sales-Logo-header-1.png","width":150,"height":77,"caption":"Ks Products"},"image":{"@id":"https:\/\/ksproducts.ca\/#\/schema\/logo\/image\/"}}]}},"_links":{"self":[{"href":"https:\/\/ksproducts.ca\/fr\/wp-json\/wp\/v2\/product\/12149","targetHints":{"allow":["GET"]}}],"collection":[{"href":"https:\/\/ksproducts.ca\/fr\/wp-json\/wp\/v2\/product"}],"about":[{"href":"https:\/\/ksproducts.ca\/fr\/wp-json\/wp\/v2\/types\/product"}],"replies":[{"embeddable":true,"href":"https:\/\/ksproducts.ca\/fr\/wp-json\/wp\/v2\/comments?post=12149"}],"version-history":[{"count":1,"href":"https:\/\/ksproducts.ca\/fr\/wp-json\/wp\/v2\/product\/12149\/revisions"}],"predecessor-version":[{"id":12152,"href":"https:\/\/ksproducts.ca\/fr\/wp-json\/wp\/v2\/product\/12149\/revisions\/12152"}],"wp:featuredmedia":[{"embeddable":true,"href":"https:\/\/ksproducts.ca\/fr\/wp-json\/wp\/v2\/media\/12151"}],"wp:attachment":[{"href":"https:\/\/ksproducts.ca\/fr\/wp-json\/wp\/v2\/media?parent=12149"}],"wp:term":[{"taxonomy":"product_cat","embeddable":true,"href":"https:\/\/ksproducts.ca\/fr\/wp-json\/wp\/v2\/product_cat?post=12149"},{"taxonomy":"product_tag","embeddable":true,"href":"https:\/\/ksproducts.ca\/fr\/wp-json\/wp\/v2\/product_tag?post=12149"}],"curies":[{"name":"wp","href":"https:\/\/api.w.org\/{rel}","templated":true}]}}