{"id":12153,"date":"2026-03-10T15:46:31","date_gmt":"2026-03-10T15:46:31","guid":{"rendered":"https:\/\/ksproducts.ca\/?post_type=product&#038;p=12153"},"modified":"2026-03-10T15:46:31","modified_gmt":"2026-03-10T15:46:31","slug":"luxor-2-shelters-plastic-utility-cart-with-spacious-tub-shelves-400lb-weight-capacity-black","status":"publish","type":"product","link":"https:\/\/ksproducts.ca\/fr\/product\/luxor-2-shelf-plastic-utility-cart-with-spacious-tub-shelves-400lb-weight-capacity-black\/","title":{"rendered":"Luxor 2-Shelf Plastic Utility Cart with Spacious Tub Shelves - 400lb Weight Capacity - Black"},"content":{"rendered":"<ul>\n<li>Deux \u00e9tag\u00e8res \u00e0 bacs pour les entrep\u00f4ts<\/li>\n<li>Etag\u00e8res et pieds en plastique moul\u00e9.<\/li>\n<li>Etag\u00e8res en poly\u00e9thyl\u00e8ne haute densit\u00e9 ; pieds en PVC<\/li>\n<li>33% plus de capacit\u00e9 que les chariots standard de 24 pouces de large x 18 pouces de profondeur<\/li>\n<li>Tablettes de 2,5 pouces de profondeur<\/li>\n<li>La poign\u00e9e de pouss\u00e9e ergonomique est moul\u00e9e dans la tablette sup\u00e9rieure.<\/li>\n<li>Quatre roulettes robustes de 5 pouces<\/li>\n<li>Capacit\u00e9 de poids maximale : 400 livres (r\u00e9parties uniform\u00e9ment)<\/li>\n<\/ul>","protected":false},"excerpt":{"rendered":"<p>Avec ses deux grandes \u00e9tag\u00e8res de 2,5 pouces de profondeur, ce chariot utilitaire noir polyvalent peut facilement contenir et transporter une grande vari\u00e9t\u00e9 d'articles et est con\u00e7u pour supporter des charges lourdes allant jusqu'\u00e0 400 livres. Les \u00e9tag\u00e8res de la cuve sont fabriqu\u00e9es en polypropyl\u00e8ne haute densit\u00e9, connu pour son incroyable rapport r\u00e9sistance\/densit\u00e9, ce qui garantit que chaque chariot est durable sans \u00eatre volumineux ou encombrant. La poign\u00e9e de pouss\u00e9e ergonomique et les roulettes pivotantes permettent de guider facilement le chariot \u00e0 l'int\u00e9rieur et \u00e0 l'ext\u00e9rieur. Il suffit d'enclencher les deux freins de blocage pour maintenir le chariot immobile.<\/p>","protected":false},"featured_media":12154,"comment_status":"open","ping_status":"closed","template":"","meta":[],"product_cat":[433],"product_tag":[],"class_list":{"0":"post-12153","1":"product","2":"type-product","3":"status-publish","4":"has-post-thumbnail","6":"product_cat-utility-carts","7":"product_shipping_class-class-2","9":"first","10":"instock","11":"taxable","12":"shipping-taxable","13":"purchasable","14":"product-type-simple"},"yoast_head":"<!-- This site is optimized with the Yoast SEO plugin v27.3 - https:\/\/yoast.com\/product\/yoast-seo-wordpress\/ -->\n<title>Luxor 2-Shelf Plastic Utility Cart with Spacious Tub Shelves - 400lb Weight Capacity - Black - Ks Products<\/title>\n<meta name=\"robots\" content=\"index, follow, max-snippet:-1, max-image-preview:large, max-video-preview:-1\" \/>\n<link rel=\"canonical\" href=\"https:\/\/ksproducts.ca\/fr\/product\/luxor-2-shelters-plastic-utility-cart-with-spacious-tub-shelves-400lb-weight-capacity-black\/\" \/>\n<meta property=\"og:locale\" content=\"fr_CA\" \/>\n<meta property=\"og:type\" content=\"article\" \/>\n<meta property=\"og:title\" content=\"Luxor 2-Shelf Plastic Utility Cart with Spacious Tub Shelves - 400lb Weight Capacity - Black - Ks Products\" \/>\n<meta property=\"og:description\" content=\"With two large tub shelves that are 2.5-in deep, this multipurpose black utility cart easily holds and hauls a wide range of items and is designed to carry heavy loads up to 400 lbs. The tub shelves are made of a high-density polypropylene, known for its incredible strength-to-density ratio, which assures that each cart is durable without being bulky or cumbersome. Easily guide the cart across indoor and outdoor environments using the ergonomic push handle and full-swivel casters; simply engage the two locking brakes when you need to keep the cart stationary.\" \/>\n<meta property=\"og:url\" content=\"https:\/\/ksproducts.ca\/fr\/product\/luxor-2-shelters-plastic-utility-cart-with-spacious-tub-shelves-400lb-weight-capacity-black\/\" \/>\n<meta property=\"og:site_name\" content=\"Ks Products\" \/>\n<meta property=\"og:image\" content=\"https:\/\/ksproducts.ca\/wp-content\/uploads\/2026\/03\/Luxor-2-Shelf-Plastic-Utility-Cart-with-Spacious-Tub-Shelves-400lb-Weight-Capacity-Black.jpg\" \/>\n\t<meta property=\"og:image:width\" content=\"600\" \/>\n\t<meta property=\"og:image:height\" content=\"600\" \/>\n\t<meta property=\"og:image:type\" content=\"image\/jpeg\" \/>\n<meta name=\"twitter:card\" content=\"summary_large_image\" \/>\n<meta name=\"twitter:label1\" content=\"Estimation du temps de lecture\" \/>\n\t<meta name=\"twitter:data1\" content=\"1 minute\" \/>\n<script type=\"application\/ld+json\" class=\"yoast-schema-graph\">{\"@context\":\"https:\\\/\\\/schema.org\",\"@graph\":[{\"@type\":\"WebPage\",\"@id\":\"https:\\\/\\\/ksproducts.ca\\\/product\\\/luxor-2-shelf-plastic-utility-cart-with-spacious-tub-shelves-400lb-weight-capacity-black\\\/\",\"url\":\"https:\\\/\\\/ksproducts.ca\\\/product\\\/luxor-2-shelf-plastic-utility-cart-with-spacious-tub-shelves-400lb-weight-capacity-black\\\/\",\"name\":\"Luxor 2-Shelf Plastic Utility Cart with Spacious Tub Shelves - 400lb Weight Capacity - Black - Ks Products\",\"isPartOf\":{\"@id\":\"https:\\\/\\\/ksproducts.ca\\\/#website\"},\"primaryImageOfPage\":{\"@id\":\"https:\\\/\\\/ksproducts.ca\\\/product\\\/luxor-2-shelf-plastic-utility-cart-with-spacious-tub-shelves-400lb-weight-capacity-black\\\/#primaryimage\"},\"image\":{\"@id\":\"https:\\\/\\\/ksproducts.ca\\\/product\\\/luxor-2-shelf-plastic-utility-cart-with-spacious-tub-shelves-400lb-weight-capacity-black\\\/#primaryimage\"},\"thumbnailUrl\":\"https:\\\/\\\/ksproducts.ca\\\/wp-content\\\/uploads\\\/2026\\\/03\\\/Luxor-2-Shelf-Plastic-Utility-Cart-with-Spacious-Tub-Shelves-400lb-Weight-Capacity-Black.jpg\",\"datePublished\":\"2026-03-10T15:46:31+00:00\",\"breadcrumb\":{\"@id\":\"https:\\\/\\\/ksproducts.ca\\\/product\\\/luxor-2-shelf-plastic-utility-cart-with-spacious-tub-shelves-400lb-weight-capacity-black\\\/#breadcrumb\"},\"inLanguage\":\"fr-CA\",\"potentialAction\":[{\"@type\":\"ReadAction\",\"target\":[\"https:\\\/\\\/ksproducts.ca\\\/product\\\/luxor-2-shelf-plastic-utility-cart-with-spacious-tub-shelves-400lb-weight-capacity-black\\\/\"]}]},{\"@type\":\"ImageObject\",\"inLanguage\":\"fr-CA\",\"@id\":\"https:\\\/\\\/ksproducts.ca\\\/product\\\/luxor-2-shelf-plastic-utility-cart-with-spacious-tub-shelves-400lb-weight-capacity-black\\\/#primaryimage\",\"url\":\"https:\\\/\\\/ksproducts.ca\\\/wp-content\\\/uploads\\\/2026\\\/03\\\/Luxor-2-Shelf-Plastic-Utility-Cart-with-Spacious-Tub-Shelves-400lb-Weight-Capacity-Black.jpg\",\"contentUrl\":\"https:\\\/\\\/ksproducts.ca\\\/wp-content\\\/uploads\\\/2026\\\/03\\\/Luxor-2-Shelf-Plastic-Utility-Cart-with-Spacious-Tub-Shelves-400lb-Weight-Capacity-Black.jpg\",\"width\":600,\"height\":600,\"caption\":\"Luxor 2 Shelf Plastic Utility Cart with Spacious Tub Shelves 400lb Weight Capacity Black\"},{\"@type\":\"BreadcrumbList\",\"@id\":\"https:\\\/\\\/ksproducts.ca\\\/product\\\/luxor-2-shelf-plastic-utility-cart-with-spacious-tub-shelves-400lb-weight-capacity-black\\\/#breadcrumb\",\"itemListElement\":[{\"@type\":\"ListItem\",\"position\":1,\"name\":\"Home\",\"item\":\"https:\\\/\\\/ksproducts.ca\\\/\"},{\"@type\":\"ListItem\",\"position\":2,\"name\":\"Shop\",\"item\":\"https:\\\/\\\/ksproducts.ca\\\/shop\\\/\"},{\"@type\":\"ListItem\",\"position\":3,\"name\":\"Luxor 2-Shelf Plastic Utility Cart with Spacious Tub Shelves &#8211; 400lb Weight Capacity &#8211; Black\"}]},{\"@type\":\"WebSite\",\"@id\":\"https:\\\/\\\/ksproducts.ca\\\/#website\",\"url\":\"https:\\\/\\\/ksproducts.ca\\\/\",\"name\":\"Ks Products\",\"description\":\"Outdoor cooking and living, made easy in Canada\",\"publisher\":{\"@id\":\"https:\\\/\\\/ksproducts.ca\\\/#organization\"},\"potentialAction\":[{\"@type\":\"SearchAction\",\"target\":{\"@type\":\"EntryPoint\",\"urlTemplate\":\"https:\\\/\\\/ksproducts.ca\\\/?s={search_term_string}\"},\"query-input\":{\"@type\":\"PropertyValueSpecification\",\"valueRequired\":true,\"valueName\":\"search_term_string\"}}],\"inLanguage\":\"fr-CA\"},{\"@type\":\"Organization\",\"@id\":\"https:\\\/\\\/ksproducts.ca\\\/#organization\",\"name\":\"Ks Products\",\"url\":\"https:\\\/\\\/ksproducts.ca\\\/\",\"logo\":{\"@type\":\"ImageObject\",\"inLanguage\":\"fr-CA\",\"@id\":\"https:\\\/\\\/ksproducts.ca\\\/#\\\/schema\\\/logo\\\/image\\\/\",\"url\":\"https:\\\/\\\/ksproducts.ca\\\/wp-content\\\/uploads\\\/2023\\\/09\\\/Kennedy-Sales-Logo-header-1.png\",\"contentUrl\":\"https:\\\/\\\/ksproducts.ca\\\/wp-content\\\/uploads\\\/2023\\\/09\\\/Kennedy-Sales-Logo-header-1.png\",\"width\":150,\"height\":77,\"caption\":\"Ks Products\"},\"image\":{\"@id\":\"https:\\\/\\\/ksproducts.ca\\\/#\\\/schema\\\/logo\\\/image\\\/\"}}]}<\/script>\n<!-- \/ Yoast SEO plugin. -->","yoast_head_json":{"title":"Luxor 2-Shelf Plastic Utility Cart with Spacious Tub Shelves - 400lb Weight Capacity - Black - Ks Products","robots":{"index":"index","follow":"follow","max-snippet":"max-snippet:-1","max-image-preview":"max-image-preview:large","max-video-preview":"max-video-preview:-1"},"canonical":"https:\/\/ksproducts.ca\/fr\/product\/luxor-2-shelters-plastic-utility-cart-with-spacious-tub-shelves-400lb-weight-capacity-black\/","og_locale":"fr_CA","og_type":"article","og_title":"Luxor 2-Shelf Plastic Utility Cart with Spacious Tub Shelves - 400lb Weight Capacity - Black - Ks Products","og_description":"With two large tub shelves that are 2.5-in deep, this multipurpose black utility cart easily holds and hauls a wide range of items and is designed to carry heavy loads up to 400 lbs. The tub shelves are made of a high-density polypropylene, known for its incredible strength-to-density ratio, which assures that each cart is durable without being bulky or cumbersome. Easily guide the cart across indoor and outdoor environments using the ergonomic push handle and full-swivel casters; simply engage the two locking brakes when you need to keep the cart stationary.","og_url":"https:\/\/ksproducts.ca\/fr\/product\/luxor-2-shelters-plastic-utility-cart-with-spacious-tub-shelves-400lb-weight-capacity-black\/","og_site_name":"Ks Products","og_image":[{"width":600,"height":600,"url":"https:\/\/ksproducts.ca\/wp-content\/uploads\/2026\/03\/Luxor-2-Shelf-Plastic-Utility-Cart-with-Spacious-Tub-Shelves-400lb-Weight-Capacity-Black.jpg","type":"image\/jpeg"}],"twitter_card":"summary_large_image","twitter_misc":{"Estimation du temps de lecture":"1 minute"},"schema":{"@context":"https:\/\/schema.org","@graph":[{"@type":"WebPage","@id":"https:\/\/ksproducts.ca\/product\/luxor-2-shelf-plastic-utility-cart-with-spacious-tub-shelves-400lb-weight-capacity-black\/","url":"https:\/\/ksproducts.ca\/product\/luxor-2-shelf-plastic-utility-cart-with-spacious-tub-shelves-400lb-weight-capacity-black\/","name":"Luxor 2-Shelf Plastic Utility Cart with Spacious Tub Shelves - 400lb Weight Capacity - Black - Ks Products","isPartOf":{"@id":"https:\/\/ksproducts.ca\/#website"},"primaryImageOfPage":{"@id":"https:\/\/ksproducts.ca\/product\/luxor-2-shelf-plastic-utility-cart-with-spacious-tub-shelves-400lb-weight-capacity-black\/#primaryimage"},"image":{"@id":"https:\/\/ksproducts.ca\/product\/luxor-2-shelf-plastic-utility-cart-with-spacious-tub-shelves-400lb-weight-capacity-black\/#primaryimage"},"thumbnailUrl":"https:\/\/ksproducts.ca\/wp-content\/uploads\/2026\/03\/Luxor-2-Shelf-Plastic-Utility-Cart-with-Spacious-Tub-Shelves-400lb-Weight-Capacity-Black.jpg","datePublished":"2026-03-10T15:46:31+00:00","breadcrumb":{"@id":"https:\/\/ksproducts.ca\/product\/luxor-2-shelf-plastic-utility-cart-with-spacious-tub-shelves-400lb-weight-capacity-black\/#breadcrumb"},"inLanguage":"fr-CA","potentialAction":[{"@type":"ReadAction","target":["https:\/\/ksproducts.ca\/product\/luxor-2-shelf-plastic-utility-cart-with-spacious-tub-shelves-400lb-weight-capacity-black\/"]}]},{"@type":"ImageObject","inLanguage":"fr-CA","@id":"https:\/\/ksproducts.ca\/product\/luxor-2-shelf-plastic-utility-cart-with-spacious-tub-shelves-400lb-weight-capacity-black\/#primaryimage","url":"https:\/\/ksproducts.ca\/wp-content\/uploads\/2026\/03\/Luxor-2-Shelf-Plastic-Utility-Cart-with-Spacious-Tub-Shelves-400lb-Weight-Capacity-Black.jpg","contentUrl":"https:\/\/ksproducts.ca\/wp-content\/uploads\/2026\/03\/Luxor-2-Shelf-Plastic-Utility-Cart-with-Spacious-Tub-Shelves-400lb-Weight-Capacity-Black.jpg","width":600,"height":600,"caption":"Luxor 2 Shelf Plastic Utility Cart with Spacious Tub Shelves 400lb Weight Capacity Black"},{"@type":"BreadcrumbList","@id":"https:\/\/ksproducts.ca\/product\/luxor-2-shelf-plastic-utility-cart-with-spacious-tub-shelves-400lb-weight-capacity-black\/#breadcrumb","itemListElement":[{"@type":"ListItem","position":1,"name":"Home","item":"https:\/\/ksproducts.ca\/"},{"@type":"ListItem","position":2,"name":"Shop","item":"https:\/\/ksproducts.ca\/shop\/"},{"@type":"ListItem","position":3,"name":"Luxor 2-Shelf Plastic Utility Cart with Spacious Tub Shelves &#8211; 400lb Weight Capacity &#8211; Black"}]},{"@type":"WebSite","@id":"https:\/\/ksproducts.ca\/#website","url":"https:\/\/ksproducts.ca\/","name":"Produits Ks","description":"Cuisiner et vivre en plein air, c'est facile au Canada","publisher":{"@id":"https:\/\/ksproducts.ca\/#organization"},"potentialAction":[{"@type":"SearchAction","target":{"@type":"EntryPoint","urlTemplate":"https:\/\/ksproducts.ca\/?s={search_term_string}"},"query-input":{"@type":"PropertyValueSpecification","valueRequired":true,"valueName":"search_term_string"}}],"inLanguage":"fr-CA"},{"@type":"Organization","@id":"https:\/\/ksproducts.ca\/#organization","name":"Produits Ks","url":"https:\/\/ksproducts.ca\/","logo":{"@type":"ImageObject","inLanguage":"fr-CA","@id":"https:\/\/ksproducts.ca\/#\/schema\/logo\/image\/","url":"https:\/\/ksproducts.ca\/wp-content\/uploads\/2023\/09\/Kennedy-Sales-Logo-header-1.png","contentUrl":"https:\/\/ksproducts.ca\/wp-content\/uploads\/2023\/09\/Kennedy-Sales-Logo-header-1.png","width":150,"height":77,"caption":"Ks Products"},"image":{"@id":"https:\/\/ksproducts.ca\/#\/schema\/logo\/image\/"}}]}},"_links":{"self":[{"href":"https:\/\/ksproducts.ca\/fr\/wp-json\/wp\/v2\/product\/12153","targetHints":{"allow":["GET"]}}],"collection":[{"href":"https:\/\/ksproducts.ca\/fr\/wp-json\/wp\/v2\/product"}],"about":[{"href":"https:\/\/ksproducts.ca\/fr\/wp-json\/wp\/v2\/types\/product"}],"replies":[{"embeddable":true,"href":"https:\/\/ksproducts.ca\/fr\/wp-json\/wp\/v2\/comments?post=12153"}],"version-history":[{"count":1,"href":"https:\/\/ksproducts.ca\/fr\/wp-json\/wp\/v2\/product\/12153\/revisions"}],"predecessor-version":[{"id":12155,"href":"https:\/\/ksproducts.ca\/fr\/wp-json\/wp\/v2\/product\/12153\/revisions\/12155"}],"wp:featuredmedia":[{"embeddable":true,"href":"https:\/\/ksproducts.ca\/fr\/wp-json\/wp\/v2\/media\/12154"}],"wp:attachment":[{"href":"https:\/\/ksproducts.ca\/fr\/wp-json\/wp\/v2\/media?parent=12153"}],"wp:term":[{"taxonomy":"product_cat","embeddable":true,"href":"https:\/\/ksproducts.ca\/fr\/wp-json\/wp\/v2\/product_cat?post=12153"},{"taxonomy":"product_tag","embeddable":true,"href":"https:\/\/ksproducts.ca\/fr\/wp-json\/wp\/v2\/product_tag?post=12153"}],"curies":[{"name":"wp","href":"https:\/\/api.w.org\/{rel}","templated":true}]}}