{"id":12159,"date":"2026-03-10T16:07:22","date_gmt":"2026-03-10T16:07:22","guid":{"rendered":"https:\/\/ksproducts.ca\/?post_type=product&#038;p=12159"},"modified":"2026-03-16T15:50:24","modified_gmt":"2026-03-16T15:50:24","slug":"walex-elemonate-drop-ins-for-grey-water-deodorizing-5-pack-fresh-lemon","status":"publish","type":"product","link":"https:\/\/ksproducts.ca\/fr\/product\/walex-elemonate-drop-ins-for-grey-water-deodorizing-5-pack-fresh-lemon\/","title":{"rendered":"Walex Elemonate Drop-ins pour la d\u00e9sodorisation des eaux grises - paquet de 5 - Citron frais"},"content":{"rendered":"<ul class=\"a-unordered-list a-vertical a-spacing-mini\">\n<li class=\"a-spacing-mini\"><span class=\"a-list-item\">D\u00e9sodorise le r\u00e9servoir gris<\/span><\/li>\n<li class=\"a-spacing-mini\"><span class=\"a-list-item\">Rafra\u00eechit les \u00e9viers et les canalisations d'\u00e9vacuation<\/span><\/li>\n<li class=\"a-spacing-mini\"><span class=\"a-list-item\">Dissout les graisses et les boues organiques des conduites d'\u00e9vacuation et du r\u00e9servoir gris.<\/span><\/li>\n<li class=\"a-spacing-mini\"><span class=\"a-list-item\">Biod\u00e9gradable<\/span><\/li>\n<li class=\"a-spacing-mini\"><span class=\"a-list-item\">Comprim\u00e9 \u00e0 dissolution rapide<\/span><\/li>\n<li class=\"a-spacing-mini\"><span class=\"a-list-item\">point d'\u00e9clair 65.0 degr\u00e9s_celsius<\/span><\/li>\n<\/ul>","protected":false},"excerpt":{"rendered":"<p>D\u00e9couvrez la solution ultime pour les besoins sanitaires de votre v\u00e9hicule r\u00e9cr\u00e9atif avec le d\u00e9sodorisant et rafra\u00eechisseur d'eaux grises Walex Elemonate RV. Ce paquet de tablettes au parfum de citron frais est votre billet pour un voyage propre, frais et facile sur la route. Le nettoyant pour r\u00e9servoir d'eaux grises de VR Elemonate excelle \u00e0 d\u00e9sodoriser votre r\u00e9servoir gris, vous assurant, ainsi qu'\u00e0 vos compagnons de voyage, de profiter de chaque instant de votre aventure. Elemonate va au-del\u00e0 de la simple d\u00e9sodorisation - c'est aussi un puissant nettoyant. Nos tablettes \u00e0 dissolution rapide sont \u00e9quip\u00e9es d'enzymes sp\u00e9ciales con\u00e7ues pour s'attaquer aux graisses et aux boues organiques. Vous pouvez faire confiance \u00e0 Elemonate pour obtenir des r\u00e9sultats exceptionnels sans compromettre l'int\u00e9grit\u00e9 de l'\u00e9quipement, des valves et des joints de votre v\u00e9hicule r\u00e9cr\u00e9atif. Avec le d\u00e9sodorisant pour r\u00e9servoir de r\u00e9tention Elemonate RV, vous pouvez traiter jusqu'\u00e0 un r\u00e9servoir de 60 gallons, un broyeur \u00e0 ordures ou toute conduite d'\u00e9vacuation avec un siphon P. Gardez vos conduites d'\u00e9vacuation des eaux grises ouvertes et fluides, et \u00e9liminez les odeurs avec Elemonate, votre compagnon fiable \u00e0 chaque voyage.<\/p>","protected":false},"featured_media":12160,"comment_status":"open","ping_status":"closed","template":"","meta":[],"product_cat":[451],"product_tag":[],"class_list":{"0":"post-12159","1":"product","2":"type-product","3":"status-publish","4":"has-post-thumbnail","6":"product_cat-tools-equipment","7":"product_shipping_class-class-1","9":"first","10":"instock","11":"taxable","12":"shipping-taxable","13":"purchasable","14":"product-type-simple"},"yoast_head":"<!-- This site is optimized with the Yoast SEO plugin v27.3 - https:\/\/yoast.com\/product\/yoast-seo-wordpress\/ -->\n<title>Walex Elemonate Drop-ins for Grey Water Deodorizing - 5-pack - Fresh Lemon - Ks Products<\/title>\n<meta name=\"robots\" content=\"index, follow, max-snippet:-1, max-image-preview:large, max-video-preview:-1\" \/>\n<link rel=\"canonical\" href=\"https:\/\/ksproducts.ca\/fr\/product\/walex-elemonate-drop-ins-for-grey-water-deodorizing-5-pack-fresh-lemon\/\" \/>\n<meta property=\"og:locale\" content=\"fr_CA\" \/>\n<meta property=\"og:type\" content=\"article\" \/>\n<meta property=\"og:title\" content=\"Walex Elemonate Drop-ins for Grey Water Deodorizing - 5-pack - Fresh Lemon - Ks Products\" \/>\n<meta property=\"og:description\" content=\"Experience the ultimate solution for your RV&#039;s sanitation needs with Walex Elemonate RV Grey Water Deodorizer and Freshener. This pack of Fresh Lemon Scent tablets is your ticket to a clean, fresh, and easy journey on the open road. Elemonate&#039;s RV grey water tank cleaner excels at deodorizing your grey tank, ensuring you and your fellow travelers enjoy every moment of your adventure. Elemonate goes beyond mere deodorization \u2013 it&#039;s a powerful cleaner too. Our rapid-dissolve tablets are equipped with special enzymes designed to tackle grease, fat, and organic sludge. You can trust Elemonate to deliver exceptional results without compromising the integrity of your RV&#039;s equipment, valves, and seals. With Elemonate RV holding tank deodorizer you can treat up to a 60-gallon tank, garbage disposal, or any drain line with a P-trap. Keep your grey water drain lines open, flowing, and remove odors with Elemonate, your reliable companion on every journey\" \/>\n<meta property=\"og:url\" content=\"https:\/\/ksproducts.ca\/fr\/product\/walex-elemonate-drop-ins-for-grey-water-deodorizing-5-pack-fresh-lemon\/\" \/>\n<meta property=\"og:site_name\" content=\"Ks Products\" \/>\n<meta property=\"article:modified_time\" content=\"2026-03-16T15:50:24+00:00\" \/>\n<meta property=\"og:image\" content=\"https:\/\/ksproducts.ca\/wp-content\/uploads\/2026\/03\/Walex-Elemonate-Drop-ins-for-Grey-Water-Deodorizing-5-pack-Fresh-Lemon.jpg\" \/>\n\t<meta property=\"og:image:width\" content=\"582\" \/>\n\t<meta property=\"og:image:height\" content=\"800\" \/>\n\t<meta property=\"og:image:type\" content=\"image\/jpeg\" \/>\n<meta name=\"twitter:card\" content=\"summary_large_image\" \/>\n<meta name=\"twitter:label1\" content=\"Estimation du temps de lecture\" \/>\n\t<meta name=\"twitter:data1\" content=\"1 minute\" \/>\n<script type=\"application\/ld+json\" class=\"yoast-schema-graph\">{\"@context\":\"https:\\\/\\\/schema.org\",\"@graph\":[{\"@type\":\"WebPage\",\"@id\":\"https:\\\/\\\/ksproducts.ca\\\/product\\\/walex-elemonate-drop-ins-for-grey-water-deodorizing-5-pack-fresh-lemon\\\/\",\"url\":\"https:\\\/\\\/ksproducts.ca\\\/product\\\/walex-elemonate-drop-ins-for-grey-water-deodorizing-5-pack-fresh-lemon\\\/\",\"name\":\"Walex Elemonate Drop-ins for Grey Water Deodorizing - 5-pack - Fresh Lemon - Ks Products\",\"isPartOf\":{\"@id\":\"https:\\\/\\\/ksproducts.ca\\\/#website\"},\"primaryImageOfPage\":{\"@id\":\"https:\\\/\\\/ksproducts.ca\\\/product\\\/walex-elemonate-drop-ins-for-grey-water-deodorizing-5-pack-fresh-lemon\\\/#primaryimage\"},\"image\":{\"@id\":\"https:\\\/\\\/ksproducts.ca\\\/product\\\/walex-elemonate-drop-ins-for-grey-water-deodorizing-5-pack-fresh-lemon\\\/#primaryimage\"},\"thumbnailUrl\":\"https:\\\/\\\/ksproducts.ca\\\/wp-content\\\/uploads\\\/2026\\\/03\\\/Walex-Elemonate-Drop-ins-for-Grey-Water-Deodorizing-5-pack-Fresh-Lemon.jpg\",\"datePublished\":\"2026-03-10T16:07:22+00:00\",\"dateModified\":\"2026-03-16T15:50:24+00:00\",\"breadcrumb\":{\"@id\":\"https:\\\/\\\/ksproducts.ca\\\/product\\\/walex-elemonate-drop-ins-for-grey-water-deodorizing-5-pack-fresh-lemon\\\/#breadcrumb\"},\"inLanguage\":\"fr-CA\",\"potentialAction\":[{\"@type\":\"ReadAction\",\"target\":[\"https:\\\/\\\/ksproducts.ca\\\/product\\\/walex-elemonate-drop-ins-for-grey-water-deodorizing-5-pack-fresh-lemon\\\/\"]}]},{\"@type\":\"ImageObject\",\"inLanguage\":\"fr-CA\",\"@id\":\"https:\\\/\\\/ksproducts.ca\\\/product\\\/walex-elemonate-drop-ins-for-grey-water-deodorizing-5-pack-fresh-lemon\\\/#primaryimage\",\"url\":\"https:\\\/\\\/ksproducts.ca\\\/wp-content\\\/uploads\\\/2026\\\/03\\\/Walex-Elemonate-Drop-ins-for-Grey-Water-Deodorizing-5-pack-Fresh-Lemon.jpg\",\"contentUrl\":\"https:\\\/\\\/ksproducts.ca\\\/wp-content\\\/uploads\\\/2026\\\/03\\\/Walex-Elemonate-Drop-ins-for-Grey-Water-Deodorizing-5-pack-Fresh-Lemon.jpg\",\"width\":582,\"height\":800,\"caption\":\"Walex Elemonate Drop ins for Grey Water Deodorizing 5 pack Fresh Lemon\"},{\"@type\":\"BreadcrumbList\",\"@id\":\"https:\\\/\\\/ksproducts.ca\\\/product\\\/walex-elemonate-drop-ins-for-grey-water-deodorizing-5-pack-fresh-lemon\\\/#breadcrumb\",\"itemListElement\":[{\"@type\":\"ListItem\",\"position\":1,\"name\":\"Home\",\"item\":\"https:\\\/\\\/ksproducts.ca\\\/\"},{\"@type\":\"ListItem\",\"position\":2,\"name\":\"Shop\",\"item\":\"https:\\\/\\\/ksproducts.ca\\\/shop\\\/\"},{\"@type\":\"ListItem\",\"position\":3,\"name\":\"Walex Elemonate Drop-ins for Grey Water Deodorizing &#8211; 5-pack &#8211; Fresh Lemon\"}]},{\"@type\":\"WebSite\",\"@id\":\"https:\\\/\\\/ksproducts.ca\\\/#website\",\"url\":\"https:\\\/\\\/ksproducts.ca\\\/\",\"name\":\"Ks Products\",\"description\":\"Outdoor cooking and living, made easy in Canada\",\"publisher\":{\"@id\":\"https:\\\/\\\/ksproducts.ca\\\/#organization\"},\"potentialAction\":[{\"@type\":\"SearchAction\",\"target\":{\"@type\":\"EntryPoint\",\"urlTemplate\":\"https:\\\/\\\/ksproducts.ca\\\/?s={search_term_string}\"},\"query-input\":{\"@type\":\"PropertyValueSpecification\",\"valueRequired\":true,\"valueName\":\"search_term_string\"}}],\"inLanguage\":\"fr-CA\"},{\"@type\":\"Organization\",\"@id\":\"https:\\\/\\\/ksproducts.ca\\\/#organization\",\"name\":\"Ks Products\",\"url\":\"https:\\\/\\\/ksproducts.ca\\\/\",\"logo\":{\"@type\":\"ImageObject\",\"inLanguage\":\"fr-CA\",\"@id\":\"https:\\\/\\\/ksproducts.ca\\\/#\\\/schema\\\/logo\\\/image\\\/\",\"url\":\"https:\\\/\\\/ksproducts.ca\\\/wp-content\\\/uploads\\\/2023\\\/09\\\/Kennedy-Sales-Logo-header-1.png\",\"contentUrl\":\"https:\\\/\\\/ksproducts.ca\\\/wp-content\\\/uploads\\\/2023\\\/09\\\/Kennedy-Sales-Logo-header-1.png\",\"width\":150,\"height\":77,\"caption\":\"Ks Products\"},\"image\":{\"@id\":\"https:\\\/\\\/ksproducts.ca\\\/#\\\/schema\\\/logo\\\/image\\\/\"}}]}<\/script>\n<!-- \/ Yoast SEO plugin. -->","yoast_head_json":{"title":"Walex Elemonate Drop-ins pour la d\u00e9sodorisation des eaux grises - paquet de 5 - Fresh Lemon - Ks Products","robots":{"index":"index","follow":"follow","max-snippet":"max-snippet:-1","max-image-preview":"max-image-preview:large","max-video-preview":"max-video-preview:-1"},"canonical":"https:\/\/ksproducts.ca\/fr\/product\/walex-elemonate-drop-ins-for-grey-water-deodorizing-5-pack-fresh-lemon\/","og_locale":"fr_CA","og_type":"article","og_title":"Walex Elemonate Drop-ins for Grey Water Deodorizing - 5-pack - Fresh Lemon - Ks Products","og_description":"Experience the ultimate solution for your RV's sanitation needs with Walex Elemonate RV Grey Water Deodorizer and Freshener. This pack of Fresh Lemon Scent tablets is your ticket to a clean, fresh, and easy journey on the open road. Elemonate's RV grey water tank cleaner excels at deodorizing your grey tank, ensuring you and your fellow travelers enjoy every moment of your adventure. Elemonate goes beyond mere deodorization \u2013 it's a powerful cleaner too. Our rapid-dissolve tablets are equipped with special enzymes designed to tackle grease, fat, and organic sludge. You can trust Elemonate to deliver exceptional results without compromising the integrity of your RV's equipment, valves, and seals. With Elemonate RV holding tank deodorizer you can treat up to a 60-gallon tank, garbage disposal, or any drain line with a P-trap. Keep your grey water drain lines open, flowing, and remove odors with Elemonate, your reliable companion on every journey","og_url":"https:\/\/ksproducts.ca\/fr\/product\/walex-elemonate-drop-ins-for-grey-water-deodorizing-5-pack-fresh-lemon\/","og_site_name":"Ks Products","article_modified_time":"2026-03-16T15:50:24+00:00","og_image":[{"width":582,"height":800,"url":"https:\/\/ksproducts.ca\/wp-content\/uploads\/2026\/03\/Walex-Elemonate-Drop-ins-for-Grey-Water-Deodorizing-5-pack-Fresh-Lemon.jpg","type":"image\/jpeg"}],"twitter_card":"summary_large_image","twitter_misc":{"Estimation du temps de lecture":"1 minute"},"schema":{"@context":"https:\/\/schema.org","@graph":[{"@type":"WebPage","@id":"https:\/\/ksproducts.ca\/product\/walex-elemonate-drop-ins-for-grey-water-deodorizing-5-pack-fresh-lemon\/","url":"https:\/\/ksproducts.ca\/product\/walex-elemonate-drop-ins-for-grey-water-deodorizing-5-pack-fresh-lemon\/","name":"Walex Elemonate Drop-ins pour la d\u00e9sodorisation des eaux grises - paquet de 5 - Fresh Lemon - Ks Products","isPartOf":{"@id":"https:\/\/ksproducts.ca\/#website"},"primaryImageOfPage":{"@id":"https:\/\/ksproducts.ca\/product\/walex-elemonate-drop-ins-for-grey-water-deodorizing-5-pack-fresh-lemon\/#primaryimage"},"image":{"@id":"https:\/\/ksproducts.ca\/product\/walex-elemonate-drop-ins-for-grey-water-deodorizing-5-pack-fresh-lemon\/#primaryimage"},"thumbnailUrl":"https:\/\/ksproducts.ca\/wp-content\/uploads\/2026\/03\/Walex-Elemonate-Drop-ins-for-Grey-Water-Deodorizing-5-pack-Fresh-Lemon.jpg","datePublished":"2026-03-10T16:07:22+00:00","dateModified":"2026-03-16T15:50:24+00:00","breadcrumb":{"@id":"https:\/\/ksproducts.ca\/product\/walex-elemonate-drop-ins-for-grey-water-deodorizing-5-pack-fresh-lemon\/#breadcrumb"},"inLanguage":"fr-CA","potentialAction":[{"@type":"ReadAction","target":["https:\/\/ksproducts.ca\/product\/walex-elemonate-drop-ins-for-grey-water-deodorizing-5-pack-fresh-lemon\/"]}]},{"@type":"ImageObject","inLanguage":"fr-CA","@id":"https:\/\/ksproducts.ca\/product\/walex-elemonate-drop-ins-for-grey-water-deodorizing-5-pack-fresh-lemon\/#primaryimage","url":"https:\/\/ksproducts.ca\/wp-content\/uploads\/2026\/03\/Walex-Elemonate-Drop-ins-for-Grey-Water-Deodorizing-5-pack-Fresh-Lemon.jpg","contentUrl":"https:\/\/ksproducts.ca\/wp-content\/uploads\/2026\/03\/Walex-Elemonate-Drop-ins-for-Grey-Water-Deodorizing-5-pack-Fresh-Lemon.jpg","width":582,"height":800,"caption":"Walex Elemonate Drop ins for Grey Water Deodorizing 5 pack Fresh Lemon"},{"@type":"BreadcrumbList","@id":"https:\/\/ksproducts.ca\/product\/walex-elemonate-drop-ins-for-grey-water-deodorizing-5-pack-fresh-lemon\/#breadcrumb","itemListElement":[{"@type":"ListItem","position":1,"name":"Home","item":"https:\/\/ksproducts.ca\/"},{"@type":"ListItem","position":2,"name":"Shop","item":"https:\/\/ksproducts.ca\/shop\/"},{"@type":"ListItem","position":3,"name":"Walex Elemonate Drop-ins for Grey Water Deodorizing &#8211; 5-pack &#8211; Fresh Lemon"}]},{"@type":"WebSite","@id":"https:\/\/ksproducts.ca\/#website","url":"https:\/\/ksproducts.ca\/","name":"Produits Ks","description":"Cuisiner et vivre en plein air, c'est facile au Canada","publisher":{"@id":"https:\/\/ksproducts.ca\/#organization"},"potentialAction":[{"@type":"SearchAction","target":{"@type":"EntryPoint","urlTemplate":"https:\/\/ksproducts.ca\/?s={search_term_string}"},"query-input":{"@type":"PropertyValueSpecification","valueRequired":true,"valueName":"search_term_string"}}],"inLanguage":"fr-CA"},{"@type":"Organization","@id":"https:\/\/ksproducts.ca\/#organization","name":"Produits Ks","url":"https:\/\/ksproducts.ca\/","logo":{"@type":"ImageObject","inLanguage":"fr-CA","@id":"https:\/\/ksproducts.ca\/#\/schema\/logo\/image\/","url":"https:\/\/ksproducts.ca\/wp-content\/uploads\/2023\/09\/Kennedy-Sales-Logo-header-1.png","contentUrl":"https:\/\/ksproducts.ca\/wp-content\/uploads\/2023\/09\/Kennedy-Sales-Logo-header-1.png","width":150,"height":77,"caption":"Ks Products"},"image":{"@id":"https:\/\/ksproducts.ca\/#\/schema\/logo\/image\/"}}]}},"_links":{"self":[{"href":"https:\/\/ksproducts.ca\/fr\/wp-json\/wp\/v2\/product\/12159","targetHints":{"allow":["GET"]}}],"collection":[{"href":"https:\/\/ksproducts.ca\/fr\/wp-json\/wp\/v2\/product"}],"about":[{"href":"https:\/\/ksproducts.ca\/fr\/wp-json\/wp\/v2\/types\/product"}],"replies":[{"embeddable":true,"href":"https:\/\/ksproducts.ca\/fr\/wp-json\/wp\/v2\/comments?post=12159"}],"version-history":[{"count":1,"href":"https:\/\/ksproducts.ca\/fr\/wp-json\/wp\/v2\/product\/12159\/revisions"}],"predecessor-version":[{"id":12161,"href":"https:\/\/ksproducts.ca\/fr\/wp-json\/wp\/v2\/product\/12159\/revisions\/12161"}],"wp:featuredmedia":[{"embeddable":true,"href":"https:\/\/ksproducts.ca\/fr\/wp-json\/wp\/v2\/media\/12160"}],"wp:attachment":[{"href":"https:\/\/ksproducts.ca\/fr\/wp-json\/wp\/v2\/media?parent=12159"}],"wp:term":[{"taxonomy":"product_cat","embeddable":true,"href":"https:\/\/ksproducts.ca\/fr\/wp-json\/wp\/v2\/product_cat?post=12159"},{"taxonomy":"product_tag","embeddable":true,"href":"https:\/\/ksproducts.ca\/fr\/wp-json\/wp\/v2\/product_tag?post=12159"}],"curies":[{"name":"wp","href":"https:\/\/api.w.org\/{rel}","templated":true}]}}