{"id":12162,"date":"2026-03-10T16:09:44","date_gmt":"2026-03-10T16:09:44","guid":{"rendered":"https:\/\/ksproducts.ca\/?post_type=product&#038;p=12162"},"modified":"2026-03-10T16:09:45","modified_gmt":"2026-03-10T16:09:45","slug":"luxor-meuble-tv-roulant-a-hauteur-reglable-pour-ecrans-de-32-a-70-pouces","status":"publish","type":"product","link":"https:\/\/ksproducts.ca\/fr\/product\/luxor-adjustable-height-rolling-tv-stand-for-32inch-to-70inch-screens\/","title":{"rendered":"Luxor Support TV roulant \u00e0 hauteur r\u00e9glable pour \u00e9crans de 32 \u00e0 70 pouces"},"content":{"rendered":"<p>Le LUXOR FP1000 est un meuble TV roulant \u00e0 hauteur r\u00e9glable. Vous pouvez faire rouler votre t\u00e9l\u00e9viseur sans effort entre les bureaux, les salons et les salles de classe. Le support en acier noir peut accueillir un t\u00e9l\u00e9viseur de 70\u2033 et s'adapte \u00e0 diff\u00e9rents environnements de visualisation gr\u00e2ce \u00e0 sa hauteur r\u00e9glable de 40\u2033 \u00e0 60\u2033. Une fois en place, quatre roulettes verrouillables assurent un affichage solide et stationnaire en toute s\u00e9curit\u00e9. Offrez-vous la libert\u00e9 de mouvement avec ce meuble TV fin et durable. Les dimensions assembl\u00e9es sont 31\u2033L x 29\u2033W x 60\u2033h. Convient \u00e0 un t\u00e9l\u00e9viseur de 32\u2033 \u00e0 70\u2033. Mod\u00e8le de visa de 100mm x 100mm - 600mm x 400mm. Hauteur r\u00e9glable entre 40\u2033 et 60\u2033 (mesur\u00e9e du sol au centre du t\u00e9l\u00e9viseur) par incr\u00e9ments de 2\u2033. Capacit\u00e9 de charge maximale de 125 livres. La charge est r\u00e9partie uniform\u00e9ment. Il y a une gestion interne des c\u00e2bles. Livr\u00e9 avec quatre roulettes pivotantes de 2\u2033 avec freins de blocage. Structure en acier avec finition en peinture poudre noire.<\/p>","protected":false},"excerpt":{"rendered":"<ul class=\"a-unordered-list a-vertical a-spacing-mini\">\n<li class=\"a-spacing-mini\"><span class=\"a-list-item\">Mesures : 29\u2033 L x 31\u2033 P x 60\u2033 H<\/span><\/li>\n<li class=\"a-spacing-mini\"><span class=\"a-list-item\">Convient \u00e0 un t\u00e9l\u00e9viseur de 32\u2033 \u00e0 70\u2033.<\/span><\/li>\n<li class=\"a-spacing-mini\"><span class=\"a-list-item\">VESA : 100 x 100 mm - 600 x 400 mm<\/span><\/li>\n<li class=\"a-spacing-mini\"><span class=\"a-list-item\">Hauteur r\u00e9glable entre 40\u2033 et 60\u2033 (mesur\u00e9e du sol au centre du t\u00e9l\u00e9viseur) ; r\u00e9glage par incr\u00e9ments de 2\u2033.<\/span><\/li>\n<li class=\"a-spacing-mini\"><span class=\"a-list-item\">Capacit\u00e9 de charge maximale de 125 livres r\u00e9parties uniform\u00e9ment<\/span><\/li>\n<\/ul>","protected":false},"featured_media":12163,"comment_status":"open","ping_status":"closed","template":"","meta":[],"product_cat":[447],"product_tag":[],"class_list":{"0":"post-12162","1":"product","2":"type-product","3":"status-publish","4":"has-post-thumbnail","6":"product_cat-tv-stands-mounts","7":"product_shipping_class-class-2","9":"first","10":"instock","11":"taxable","12":"shipping-taxable","13":"purchasable","14":"product-type-simple"},"yoast_head":"<!-- This site is optimized with the Yoast SEO plugin v27.3 - https:\/\/yoast.com\/product\/yoast-seo-wordpress\/ -->\n<title>Luxor Adjustable-Height Rolling TV Stand for 32inch to 70inch Screens - Ks Products<\/title>\n<meta name=\"robots\" content=\"index, follow, max-snippet:-1, max-image-preview:large, max-video-preview:-1\" \/>\n<link rel=\"canonical\" href=\"https:\/\/ksproducts.ca\/fr\/product\/luxor-meuble-tv-roulant-a-hauteur-reglable-pour-ecrans-de-32-a-70-pouces\/\" \/>\n<meta property=\"og:locale\" content=\"fr_CA\" \/>\n<meta property=\"og:type\" content=\"article\" \/>\n<meta property=\"og:title\" content=\"Luxor Adjustable-Height Rolling TV Stand for 32inch to 70inch Screens - Ks Products\" \/>\n<meta property=\"og:description\" content=\"Measures: 29\u2033 W x 31\u2033 D x 60\u2033 H  Fits a 32\u2033 - 70\u2033 TV  VESA: 100 x 100 mm - 600 x 400 mm  Height adjustable between 40\u2033 - 60\u2033 (measured from floor to center of TV); adjusts in 2\u2033 increments  Maximum load capacity of up to 125 lbs. evenly distributed\" \/>\n<meta property=\"og:url\" content=\"https:\/\/ksproducts.ca\/fr\/product\/luxor-meuble-tv-roulant-a-hauteur-reglable-pour-ecrans-de-32-a-70-pouces\/\" \/>\n<meta property=\"og:site_name\" content=\"Ks Products\" \/>\n<meta property=\"article:modified_time\" content=\"2026-03-10T16:09:45+00:00\" \/>\n<meta property=\"og:image\" content=\"https:\/\/ksproducts.ca\/wp-content\/uploads\/2026\/03\/Luxor-Adjustable-Height-Rolling-TV-Stand-for-32inch-to-70inch-Screens.jpg\" \/>\n\t<meta property=\"og:image:width\" content=\"431\" \/>\n\t<meta property=\"og:image:height\" content=\"879\" \/>\n\t<meta property=\"og:image:type\" content=\"image\/jpeg\" \/>\n<meta name=\"twitter:card\" content=\"summary_large_image\" \/>\n<meta name=\"twitter:label1\" content=\"Estimation du temps de lecture\" \/>\n\t<meta name=\"twitter:data1\" content=\"1 minute\" \/>\n<script type=\"application\/ld+json\" class=\"yoast-schema-graph\">{\"@context\":\"https:\\\/\\\/schema.org\",\"@graph\":[{\"@type\":\"WebPage\",\"@id\":\"https:\\\/\\\/ksproducts.ca\\\/product\\\/luxor-adjustable-height-rolling-tv-stand-for-32inch-to-70inch-screens\\\/\",\"url\":\"https:\\\/\\\/ksproducts.ca\\\/product\\\/luxor-adjustable-height-rolling-tv-stand-for-32inch-to-70inch-screens\\\/\",\"name\":\"Luxor Adjustable-Height Rolling TV Stand for 32inch to 70inch Screens - Ks Products\",\"isPartOf\":{\"@id\":\"https:\\\/\\\/ksproducts.ca\\\/#website\"},\"primaryImageOfPage\":{\"@id\":\"https:\\\/\\\/ksproducts.ca\\\/product\\\/luxor-adjustable-height-rolling-tv-stand-for-32inch-to-70inch-screens\\\/#primaryimage\"},\"image\":{\"@id\":\"https:\\\/\\\/ksproducts.ca\\\/product\\\/luxor-adjustable-height-rolling-tv-stand-for-32inch-to-70inch-screens\\\/#primaryimage\"},\"thumbnailUrl\":\"https:\\\/\\\/ksproducts.ca\\\/wp-content\\\/uploads\\\/2026\\\/03\\\/Luxor-Adjustable-Height-Rolling-TV-Stand-for-32inch-to-70inch-Screens.jpg\",\"datePublished\":\"2026-03-10T16:09:44+00:00\",\"dateModified\":\"2026-03-10T16:09:45+00:00\",\"breadcrumb\":{\"@id\":\"https:\\\/\\\/ksproducts.ca\\\/product\\\/luxor-adjustable-height-rolling-tv-stand-for-32inch-to-70inch-screens\\\/#breadcrumb\"},\"inLanguage\":\"fr-CA\",\"potentialAction\":[{\"@type\":\"ReadAction\",\"target\":[\"https:\\\/\\\/ksproducts.ca\\\/product\\\/luxor-adjustable-height-rolling-tv-stand-for-32inch-to-70inch-screens\\\/\"]}]},{\"@type\":\"ImageObject\",\"inLanguage\":\"fr-CA\",\"@id\":\"https:\\\/\\\/ksproducts.ca\\\/product\\\/luxor-adjustable-height-rolling-tv-stand-for-32inch-to-70inch-screens\\\/#primaryimage\",\"url\":\"https:\\\/\\\/ksproducts.ca\\\/wp-content\\\/uploads\\\/2026\\\/03\\\/Luxor-Adjustable-Height-Rolling-TV-Stand-for-32inch-to-70inch-Screens.jpg\",\"contentUrl\":\"https:\\\/\\\/ksproducts.ca\\\/wp-content\\\/uploads\\\/2026\\\/03\\\/Luxor-Adjustable-Height-Rolling-TV-Stand-for-32inch-to-70inch-Screens.jpg\",\"width\":431,\"height\":879,\"caption\":\"Luxor Adjustable Height Rolling TV Stand for 32inch to 70inch Screens\"},{\"@type\":\"BreadcrumbList\",\"@id\":\"https:\\\/\\\/ksproducts.ca\\\/product\\\/luxor-adjustable-height-rolling-tv-stand-for-32inch-to-70inch-screens\\\/#breadcrumb\",\"itemListElement\":[{\"@type\":\"ListItem\",\"position\":1,\"name\":\"Home\",\"item\":\"https:\\\/\\\/ksproducts.ca\\\/\"},{\"@type\":\"ListItem\",\"position\":2,\"name\":\"Shop\",\"item\":\"https:\\\/\\\/ksproducts.ca\\\/shop\\\/\"},{\"@type\":\"ListItem\",\"position\":3,\"name\":\"Luxor Adjustable-Height Rolling TV Stand for 32inch to 70inch Screens\"}]},{\"@type\":\"WebSite\",\"@id\":\"https:\\\/\\\/ksproducts.ca\\\/#website\",\"url\":\"https:\\\/\\\/ksproducts.ca\\\/\",\"name\":\"Ks Products\",\"description\":\"Outdoor cooking and living, made easy in Canada\",\"publisher\":{\"@id\":\"https:\\\/\\\/ksproducts.ca\\\/#organization\"},\"potentialAction\":[{\"@type\":\"SearchAction\",\"target\":{\"@type\":\"EntryPoint\",\"urlTemplate\":\"https:\\\/\\\/ksproducts.ca\\\/?s={search_term_string}\"},\"query-input\":{\"@type\":\"PropertyValueSpecification\",\"valueRequired\":true,\"valueName\":\"search_term_string\"}}],\"inLanguage\":\"fr-CA\"},{\"@type\":\"Organization\",\"@id\":\"https:\\\/\\\/ksproducts.ca\\\/#organization\",\"name\":\"Ks Products\",\"url\":\"https:\\\/\\\/ksproducts.ca\\\/\",\"logo\":{\"@type\":\"ImageObject\",\"inLanguage\":\"fr-CA\",\"@id\":\"https:\\\/\\\/ksproducts.ca\\\/#\\\/schema\\\/logo\\\/image\\\/\",\"url\":\"https:\\\/\\\/ksproducts.ca\\\/wp-content\\\/uploads\\\/2023\\\/09\\\/Kennedy-Sales-Logo-header-1.png\",\"contentUrl\":\"https:\\\/\\\/ksproducts.ca\\\/wp-content\\\/uploads\\\/2023\\\/09\\\/Kennedy-Sales-Logo-header-1.png\",\"width\":150,\"height\":77,\"caption\":\"Ks Products\"},\"image\":{\"@id\":\"https:\\\/\\\/ksproducts.ca\\\/#\\\/schema\\\/logo\\\/image\\\/\"}}]}<\/script>\n<!-- \/ Yoast SEO plugin. -->","yoast_head_json":{"title":"Luxor Support TV roulant \u00e0 hauteur r\u00e9glable pour \u00e9crans de 32 \u00e0 70 pouces - Ks Products","robots":{"index":"index","follow":"follow","max-snippet":"max-snippet:-1","max-image-preview":"max-image-preview:large","max-video-preview":"max-video-preview:-1"},"canonical":"https:\/\/ksproducts.ca\/fr\/product\/luxor-meuble-tv-roulant-a-hauteur-reglable-pour-ecrans-de-32-a-70-pouces\/","og_locale":"fr_CA","og_type":"article","og_title":"Luxor Adjustable-Height Rolling TV Stand for 32inch to 70inch Screens - Ks Products","og_description":"Measures: 29\u2033 W x 31\u2033 D x 60\u2033 H  Fits a 32\u2033 - 70\u2033 TV  VESA: 100 x 100 mm - 600 x 400 mm  Height adjustable between 40\u2033 - 60\u2033 (measured from floor to center of TV); adjusts in 2\u2033 increments  Maximum load capacity of up to 125 lbs. evenly distributed","og_url":"https:\/\/ksproducts.ca\/fr\/product\/luxor-meuble-tv-roulant-a-hauteur-reglable-pour-ecrans-de-32-a-70-pouces\/","og_site_name":"Ks Products","article_modified_time":"2026-03-10T16:09:45+00:00","og_image":[{"width":431,"height":879,"url":"https:\/\/ksproducts.ca\/wp-content\/uploads\/2026\/03\/Luxor-Adjustable-Height-Rolling-TV-Stand-for-32inch-to-70inch-Screens.jpg","type":"image\/jpeg"}],"twitter_card":"summary_large_image","twitter_misc":{"Estimation du temps de lecture":"1 minute"},"schema":{"@context":"https:\/\/schema.org","@graph":[{"@type":"WebPage","@id":"https:\/\/ksproducts.ca\/product\/luxor-adjustable-height-rolling-tv-stand-for-32inch-to-70inch-screens\/","url":"https:\/\/ksproducts.ca\/product\/luxor-adjustable-height-rolling-tv-stand-for-32inch-to-70inch-screens\/","name":"Luxor Support TV roulant \u00e0 hauteur r\u00e9glable pour \u00e9crans de 32 \u00e0 70 pouces - Ks Products","isPartOf":{"@id":"https:\/\/ksproducts.ca\/#website"},"primaryImageOfPage":{"@id":"https:\/\/ksproducts.ca\/product\/luxor-adjustable-height-rolling-tv-stand-for-32inch-to-70inch-screens\/#primaryimage"},"image":{"@id":"https:\/\/ksproducts.ca\/product\/luxor-adjustable-height-rolling-tv-stand-for-32inch-to-70inch-screens\/#primaryimage"},"thumbnailUrl":"https:\/\/ksproducts.ca\/wp-content\/uploads\/2026\/03\/Luxor-Adjustable-Height-Rolling-TV-Stand-for-32inch-to-70inch-Screens.jpg","datePublished":"2026-03-10T16:09:44+00:00","dateModified":"2026-03-10T16:09:45+00:00","breadcrumb":{"@id":"https:\/\/ksproducts.ca\/product\/luxor-adjustable-height-rolling-tv-stand-for-32inch-to-70inch-screens\/#breadcrumb"},"inLanguage":"fr-CA","potentialAction":[{"@type":"ReadAction","target":["https:\/\/ksproducts.ca\/product\/luxor-adjustable-height-rolling-tv-stand-for-32inch-to-70inch-screens\/"]}]},{"@type":"ImageObject","inLanguage":"fr-CA","@id":"https:\/\/ksproducts.ca\/product\/luxor-adjustable-height-rolling-tv-stand-for-32inch-to-70inch-screens\/#primaryimage","url":"https:\/\/ksproducts.ca\/wp-content\/uploads\/2026\/03\/Luxor-Adjustable-Height-Rolling-TV-Stand-for-32inch-to-70inch-Screens.jpg","contentUrl":"https:\/\/ksproducts.ca\/wp-content\/uploads\/2026\/03\/Luxor-Adjustable-Height-Rolling-TV-Stand-for-32inch-to-70inch-Screens.jpg","width":431,"height":879,"caption":"Luxor Adjustable Height Rolling TV Stand for 32inch to 70inch Screens"},{"@type":"BreadcrumbList","@id":"https:\/\/ksproducts.ca\/product\/luxor-adjustable-height-rolling-tv-stand-for-32inch-to-70inch-screens\/#breadcrumb","itemListElement":[{"@type":"ListItem","position":1,"name":"Home","item":"https:\/\/ksproducts.ca\/"},{"@type":"ListItem","position":2,"name":"Shop","item":"https:\/\/ksproducts.ca\/shop\/"},{"@type":"ListItem","position":3,"name":"Luxor Adjustable-Height Rolling TV Stand for 32inch to 70inch Screens"}]},{"@type":"WebSite","@id":"https:\/\/ksproducts.ca\/#website","url":"https:\/\/ksproducts.ca\/","name":"Produits Ks","description":"Cuisiner et vivre en plein air, c'est facile au Canada","publisher":{"@id":"https:\/\/ksproducts.ca\/#organization"},"potentialAction":[{"@type":"SearchAction","target":{"@type":"EntryPoint","urlTemplate":"https:\/\/ksproducts.ca\/?s={search_term_string}"},"query-input":{"@type":"PropertyValueSpecification","valueRequired":true,"valueName":"search_term_string"}}],"inLanguage":"fr-CA"},{"@type":"Organization","@id":"https:\/\/ksproducts.ca\/#organization","name":"Produits Ks","url":"https:\/\/ksproducts.ca\/","logo":{"@type":"ImageObject","inLanguage":"fr-CA","@id":"https:\/\/ksproducts.ca\/#\/schema\/logo\/image\/","url":"https:\/\/ksproducts.ca\/wp-content\/uploads\/2023\/09\/Kennedy-Sales-Logo-header-1.png","contentUrl":"https:\/\/ksproducts.ca\/wp-content\/uploads\/2023\/09\/Kennedy-Sales-Logo-header-1.png","width":150,"height":77,"caption":"Ks Products"},"image":{"@id":"https:\/\/ksproducts.ca\/#\/schema\/logo\/image\/"}}]}},"_links":{"self":[{"href":"https:\/\/ksproducts.ca\/fr\/wp-json\/wp\/v2\/product\/12162","targetHints":{"allow":["GET"]}}],"collection":[{"href":"https:\/\/ksproducts.ca\/fr\/wp-json\/wp\/v2\/product"}],"about":[{"href":"https:\/\/ksproducts.ca\/fr\/wp-json\/wp\/v2\/types\/product"}],"replies":[{"embeddable":true,"href":"https:\/\/ksproducts.ca\/fr\/wp-json\/wp\/v2\/comments?post=12162"}],"version-history":[{"count":1,"href":"https:\/\/ksproducts.ca\/fr\/wp-json\/wp\/v2\/product\/12162\/revisions"}],"predecessor-version":[{"id":12164,"href":"https:\/\/ksproducts.ca\/fr\/wp-json\/wp\/v2\/product\/12162\/revisions\/12164"}],"wp:featuredmedia":[{"embeddable":true,"href":"https:\/\/ksproducts.ca\/fr\/wp-json\/wp\/v2\/media\/12163"}],"wp:attachment":[{"href":"https:\/\/ksproducts.ca\/fr\/wp-json\/wp\/v2\/media?parent=12162"}],"wp:term":[{"taxonomy":"product_cat","embeddable":true,"href":"https:\/\/ksproducts.ca\/fr\/wp-json\/wp\/v2\/product_cat?post=12162"},{"taxonomy":"product_tag","embeddable":true,"href":"https:\/\/ksproducts.ca\/fr\/wp-json\/wp\/v2\/product_tag?post=12162"}],"curies":[{"name":"wp","href":"https:\/\/api.w.org\/{rel}","templated":true}]}}