{"id":12165,"date":"2026-03-10T16:18:49","date_gmt":"2026-03-10T16:18:49","guid":{"rendered":"https:\/\/ksproducts.ca\/?post_type=product&#038;p=12165"},"modified":"2026-03-10T16:18:49","modified_gmt":"2026-03-10T16:18:49","slug":"gunk-streak-free-moussant-glass-cleaner-538g","status":"publish","type":"product","link":"https:\/\/ksproducts.ca\/fr\/product\/gunk-streak-free-foaming-glass-cleaner-538g\/","title":{"rendered":"Gunk Streak Free Foaming Glass Cleaner - 538g"},"content":{"rendered":"<div class=\"fl-module fl-module-fl-woo-product-description fl-node-5c3f4f587d360\" data-node=\"5c3f4f587d360\">\n<div class=\"fl-module-content fl-node-content\">\n<ul class=\"a-unordered-list a-vertical a-spacing-none\">\n<li><span class=\"a-list-item\">19 fl. oz.<\/span><\/li>\n<li><span class=\"a-list-item\">Mousse nettoyante universelle pour vitres et surfaces dures<\/span><\/li>\n<li><span class=\"a-list-item\">Elimine facilement de nombreux types de salissures avec un minimum d'effort<\/span><\/li>\n<li><span class=\"a-list-item\">Ne laisse ni film ni r\u00e9sidu<\/span><\/li>\n<li><span class=\"a-list-item\">Ne raye pas<\/span><\/li>\n<li>Ne peut \u00eatre teint\u00e9 - Contient de l'ammoniaque<\/li>\n<\/ul>\n<\/div>\n<\/div>\n<div class=\"fl-col-group fl-node-5c87c68163bcd fl-col-group-nested\" data-node=\"5c87c68163bcd\"><\/div>\n<div class=\"fl-module fl-module-html fl-node-5c87d6338e7b3\" data-node=\"5c87d6338e7b3\">\n<div class=\"fl-module-content fl-node-content\">\n<div class=\"fl-html\">\n<div class=\"ps-widget ps-63d1a3edf13c55002ed88608 ps-no-sku ps-disabled\" tabindex=\"0\" role=\"button\" aria-disabled=\"true\" aria-label=\"Aucun vendeur n&#039;a \u00e9t\u00e9 trouv\u00e9\"><\/div>\n<\/div>\n<\/div>\n<\/div>","protected":false},"excerpt":{"rendered":"<p>GUNK Streak Free Glass Cleaner est un nettoyant tout usage pour les vitres et les surfaces dures, qui ne laisse ni film ni r\u00e9sidu. Il nettoie les pare-brise, les vitres, les miroirs, les appareils \u00e9lectrom\u00e9nagers, les carreaux de c\u00e9ramique, le chrome, l'acier inoxydable et l'aluminium.<\/p>","protected":false},"featured_media":12166,"comment_status":"open","ping_status":"closed","template":"","meta":[],"product_cat":[451],"product_tag":[],"class_list":{"0":"post-12165","1":"product","2":"type-product","3":"status-publish","4":"has-post-thumbnail","6":"product_cat-tools-equipment","7":"product_shipping_class-class-1","9":"first","10":"instock","11":"taxable","12":"shipping-taxable","13":"purchasable","14":"product-type-simple"},"yoast_head":"<!-- This site is optimized with the Yoast SEO plugin v27.3 - https:\/\/yoast.com\/product\/yoast-seo-wordpress\/ -->\n<title>Gunk Streak Free Foaming Glass Cleaner - 538g - Ks Products<\/title>\n<meta name=\"robots\" content=\"index, follow, max-snippet:-1, max-image-preview:large, max-video-preview:-1\" \/>\n<link rel=\"canonical\" href=\"https:\/\/ksproducts.ca\/fr\/product\/gunk-streak-free-moussant-glass-cleaner-538g\/\" \/>\n<meta property=\"og:locale\" content=\"fr_CA\" \/>\n<meta property=\"og:type\" content=\"article\" \/>\n<meta property=\"og:title\" content=\"Gunk Streak Free Foaming Glass Cleaner - 538g - Ks Products\" \/>\n<meta property=\"og:description\" content=\"GUNK Streak Free Glass Cleaner is an all-purpose glass and hard surface cleaner, leaves no film or residue, cleans windshields, glass windows, mirrors, appliances, ceramic tile, chrome, stainless steel and aluminum.\" \/>\n<meta property=\"og:url\" content=\"https:\/\/ksproducts.ca\/fr\/product\/gunk-streak-free-moussant-glass-cleaner-538g\/\" \/>\n<meta property=\"og:site_name\" content=\"Ks Products\" \/>\n<meta property=\"og:image\" content=\"https:\/\/ksproducts.ca\/wp-content\/uploads\/2026\/03\/Gunk-Streak-Free-Foaming-Glass-Cleaner-538g.jpg\" \/>\n\t<meta property=\"og:image:width\" content=\"800\" \/>\n\t<meta property=\"og:image:height\" content=\"800\" \/>\n\t<meta property=\"og:image:type\" content=\"image\/jpeg\" \/>\n<meta name=\"twitter:card\" content=\"summary_large_image\" \/>\n<meta name=\"twitter:label1\" content=\"Estimation du temps de lecture\" \/>\n\t<meta name=\"twitter:data1\" content=\"1 minute\" \/>\n<script type=\"application\/ld+json\" class=\"yoast-schema-graph\">{\"@context\":\"https:\\\/\\\/schema.org\",\"@graph\":[{\"@type\":\"WebPage\",\"@id\":\"https:\\\/\\\/ksproducts.ca\\\/product\\\/gunk-streak-free-foaming-glass-cleaner-538g\\\/\",\"url\":\"https:\\\/\\\/ksproducts.ca\\\/product\\\/gunk-streak-free-foaming-glass-cleaner-538g\\\/\",\"name\":\"Gunk Streak Free Foaming Glass Cleaner - 538g - Ks Products\",\"isPartOf\":{\"@id\":\"https:\\\/\\\/ksproducts.ca\\\/#website\"},\"primaryImageOfPage\":{\"@id\":\"https:\\\/\\\/ksproducts.ca\\\/product\\\/gunk-streak-free-foaming-glass-cleaner-538g\\\/#primaryimage\"},\"image\":{\"@id\":\"https:\\\/\\\/ksproducts.ca\\\/product\\\/gunk-streak-free-foaming-glass-cleaner-538g\\\/#primaryimage\"},\"thumbnailUrl\":\"https:\\\/\\\/ksproducts.ca\\\/wp-content\\\/uploads\\\/2026\\\/03\\\/Gunk-Streak-Free-Foaming-Glass-Cleaner-538g.jpg\",\"datePublished\":\"2026-03-10T16:18:49+00:00\",\"breadcrumb\":{\"@id\":\"https:\\\/\\\/ksproducts.ca\\\/product\\\/gunk-streak-free-foaming-glass-cleaner-538g\\\/#breadcrumb\"},\"inLanguage\":\"fr-CA\",\"potentialAction\":[{\"@type\":\"ReadAction\",\"target\":[\"https:\\\/\\\/ksproducts.ca\\\/product\\\/gunk-streak-free-foaming-glass-cleaner-538g\\\/\"]}]},{\"@type\":\"ImageObject\",\"inLanguage\":\"fr-CA\",\"@id\":\"https:\\\/\\\/ksproducts.ca\\\/product\\\/gunk-streak-free-foaming-glass-cleaner-538g\\\/#primaryimage\",\"url\":\"https:\\\/\\\/ksproducts.ca\\\/wp-content\\\/uploads\\\/2026\\\/03\\\/Gunk-Streak-Free-Foaming-Glass-Cleaner-538g.jpg\",\"contentUrl\":\"https:\\\/\\\/ksproducts.ca\\\/wp-content\\\/uploads\\\/2026\\\/03\\\/Gunk-Streak-Free-Foaming-Glass-Cleaner-538g.jpg\",\"width\":800,\"height\":800,\"caption\":\"Gunk Streak Free Foaming Glass Cleaner 538g\"},{\"@type\":\"BreadcrumbList\",\"@id\":\"https:\\\/\\\/ksproducts.ca\\\/product\\\/gunk-streak-free-foaming-glass-cleaner-538g\\\/#breadcrumb\",\"itemListElement\":[{\"@type\":\"ListItem\",\"position\":1,\"name\":\"Home\",\"item\":\"https:\\\/\\\/ksproducts.ca\\\/\"},{\"@type\":\"ListItem\",\"position\":2,\"name\":\"Shop\",\"item\":\"https:\\\/\\\/ksproducts.ca\\\/shop\\\/\"},{\"@type\":\"ListItem\",\"position\":3,\"name\":\"Gunk Streak Free Foaming Glass Cleaner &#8211; 538g\"}]},{\"@type\":\"WebSite\",\"@id\":\"https:\\\/\\\/ksproducts.ca\\\/#website\",\"url\":\"https:\\\/\\\/ksproducts.ca\\\/\",\"name\":\"Ks Products\",\"description\":\"Outdoor cooking and living, made easy in Canada\",\"publisher\":{\"@id\":\"https:\\\/\\\/ksproducts.ca\\\/#organization\"},\"potentialAction\":[{\"@type\":\"SearchAction\",\"target\":{\"@type\":\"EntryPoint\",\"urlTemplate\":\"https:\\\/\\\/ksproducts.ca\\\/?s={search_term_string}\"},\"query-input\":{\"@type\":\"PropertyValueSpecification\",\"valueRequired\":true,\"valueName\":\"search_term_string\"}}],\"inLanguage\":\"fr-CA\"},{\"@type\":\"Organization\",\"@id\":\"https:\\\/\\\/ksproducts.ca\\\/#organization\",\"name\":\"Ks Products\",\"url\":\"https:\\\/\\\/ksproducts.ca\\\/\",\"logo\":{\"@type\":\"ImageObject\",\"inLanguage\":\"fr-CA\",\"@id\":\"https:\\\/\\\/ksproducts.ca\\\/#\\\/schema\\\/logo\\\/image\\\/\",\"url\":\"https:\\\/\\\/ksproducts.ca\\\/wp-content\\\/uploads\\\/2023\\\/09\\\/Kennedy-Sales-Logo-header-1.png\",\"contentUrl\":\"https:\\\/\\\/ksproducts.ca\\\/wp-content\\\/uploads\\\/2023\\\/09\\\/Kennedy-Sales-Logo-header-1.png\",\"width\":150,\"height\":77,\"caption\":\"Ks Products\"},\"image\":{\"@id\":\"https:\\\/\\\/ksproducts.ca\\\/#\\\/schema\\\/logo\\\/image\\\/\"}}]}<\/script>\n<!-- \/ Yoast SEO plugin. -->","yoast_head_json":{"title":"Gunk Streak Free Foaming Glass Cleaner - 538g - Ks Products","robots":{"index":"index","follow":"follow","max-snippet":"max-snippet:-1","max-image-preview":"max-image-preview:large","max-video-preview":"max-video-preview:-1"},"canonical":"https:\/\/ksproducts.ca\/fr\/product\/gunk-streak-free-moussant-glass-cleaner-538g\/","og_locale":"fr_CA","og_type":"article","og_title":"Gunk Streak Free Foaming Glass Cleaner - 538g - Ks Products","og_description":"GUNK Streak Free Glass Cleaner is an all-purpose glass and hard surface cleaner, leaves no film or residue, cleans windshields, glass windows, mirrors, appliances, ceramic tile, chrome, stainless steel and aluminum.","og_url":"https:\/\/ksproducts.ca\/fr\/product\/gunk-streak-free-moussant-glass-cleaner-538g\/","og_site_name":"Ks Products","og_image":[{"width":800,"height":800,"url":"https:\/\/ksproducts.ca\/wp-content\/uploads\/2026\/03\/Gunk-Streak-Free-Foaming-Glass-Cleaner-538g.jpg","type":"image\/jpeg"}],"twitter_card":"summary_large_image","twitter_misc":{"Estimation du temps de lecture":"1 minute"},"schema":{"@context":"https:\/\/schema.org","@graph":[{"@type":"WebPage","@id":"https:\/\/ksproducts.ca\/product\/gunk-streak-free-foaming-glass-cleaner-538g\/","url":"https:\/\/ksproducts.ca\/product\/gunk-streak-free-foaming-glass-cleaner-538g\/","name":"Gunk Streak Free Foaming Glass Cleaner - 538g - Ks Products","isPartOf":{"@id":"https:\/\/ksproducts.ca\/#website"},"primaryImageOfPage":{"@id":"https:\/\/ksproducts.ca\/product\/gunk-streak-free-foaming-glass-cleaner-538g\/#primaryimage"},"image":{"@id":"https:\/\/ksproducts.ca\/product\/gunk-streak-free-foaming-glass-cleaner-538g\/#primaryimage"},"thumbnailUrl":"https:\/\/ksproducts.ca\/wp-content\/uploads\/2026\/03\/Gunk-Streak-Free-Foaming-Glass-Cleaner-538g.jpg","datePublished":"2026-03-10T16:18:49+00:00","breadcrumb":{"@id":"https:\/\/ksproducts.ca\/product\/gunk-streak-free-foaming-glass-cleaner-538g\/#breadcrumb"},"inLanguage":"fr-CA","potentialAction":[{"@type":"ReadAction","target":["https:\/\/ksproducts.ca\/product\/gunk-streak-free-foaming-glass-cleaner-538g\/"]}]},{"@type":"ImageObject","inLanguage":"fr-CA","@id":"https:\/\/ksproducts.ca\/product\/gunk-streak-free-foaming-glass-cleaner-538g\/#primaryimage","url":"https:\/\/ksproducts.ca\/wp-content\/uploads\/2026\/03\/Gunk-Streak-Free-Foaming-Glass-Cleaner-538g.jpg","contentUrl":"https:\/\/ksproducts.ca\/wp-content\/uploads\/2026\/03\/Gunk-Streak-Free-Foaming-Glass-Cleaner-538g.jpg","width":800,"height":800,"caption":"Gunk Streak Free Foaming Glass Cleaner 538g"},{"@type":"BreadcrumbList","@id":"https:\/\/ksproducts.ca\/product\/gunk-streak-free-foaming-glass-cleaner-538g\/#breadcrumb","itemListElement":[{"@type":"ListItem","position":1,"name":"Home","item":"https:\/\/ksproducts.ca\/"},{"@type":"ListItem","position":2,"name":"Shop","item":"https:\/\/ksproducts.ca\/shop\/"},{"@type":"ListItem","position":3,"name":"Gunk Streak Free Foaming Glass Cleaner &#8211; 538g"}]},{"@type":"WebSite","@id":"https:\/\/ksproducts.ca\/#website","url":"https:\/\/ksproducts.ca\/","name":"Produits Ks","description":"Cuisiner et vivre en plein air, c'est facile au Canada","publisher":{"@id":"https:\/\/ksproducts.ca\/#organization"},"potentialAction":[{"@type":"SearchAction","target":{"@type":"EntryPoint","urlTemplate":"https:\/\/ksproducts.ca\/?s={search_term_string}"},"query-input":{"@type":"PropertyValueSpecification","valueRequired":true,"valueName":"search_term_string"}}],"inLanguage":"fr-CA"},{"@type":"Organization","@id":"https:\/\/ksproducts.ca\/#organization","name":"Produits Ks","url":"https:\/\/ksproducts.ca\/","logo":{"@type":"ImageObject","inLanguage":"fr-CA","@id":"https:\/\/ksproducts.ca\/#\/schema\/logo\/image\/","url":"https:\/\/ksproducts.ca\/wp-content\/uploads\/2023\/09\/Kennedy-Sales-Logo-header-1.png","contentUrl":"https:\/\/ksproducts.ca\/wp-content\/uploads\/2023\/09\/Kennedy-Sales-Logo-header-1.png","width":150,"height":77,"caption":"Ks Products"},"image":{"@id":"https:\/\/ksproducts.ca\/#\/schema\/logo\/image\/"}}]}},"_links":{"self":[{"href":"https:\/\/ksproducts.ca\/fr\/wp-json\/wp\/v2\/product\/12165","targetHints":{"allow":["GET"]}}],"collection":[{"href":"https:\/\/ksproducts.ca\/fr\/wp-json\/wp\/v2\/product"}],"about":[{"href":"https:\/\/ksproducts.ca\/fr\/wp-json\/wp\/v2\/types\/product"}],"replies":[{"embeddable":true,"href":"https:\/\/ksproducts.ca\/fr\/wp-json\/wp\/v2\/comments?post=12165"}],"version-history":[{"count":1,"href":"https:\/\/ksproducts.ca\/fr\/wp-json\/wp\/v2\/product\/12165\/revisions"}],"predecessor-version":[{"id":12167,"href":"https:\/\/ksproducts.ca\/fr\/wp-json\/wp\/v2\/product\/12165\/revisions\/12167"}],"wp:featuredmedia":[{"embeddable":true,"href":"https:\/\/ksproducts.ca\/fr\/wp-json\/wp\/v2\/media\/12166"}],"wp:attachment":[{"href":"https:\/\/ksproducts.ca\/fr\/wp-json\/wp\/v2\/media?parent=12165"}],"wp:term":[{"taxonomy":"product_cat","embeddable":true,"href":"https:\/\/ksproducts.ca\/fr\/wp-json\/wp\/v2\/product_cat?post=12165"},{"taxonomy":"product_tag","embeddable":true,"href":"https:\/\/ksproducts.ca\/fr\/wp-json\/wp\/v2\/product_tag?post=12165"}],"curies":[{"name":"wp","href":"https:\/\/api.w.org\/{rel}","templated":true}]}}